{"id":30786,"date":"2025-04-08T11:31:30","date_gmt":"2025-04-08T17:31:30","guid":{"rendered":"https:\/\/www.mexicanguitarplayers.com\/tienda\/sin categor\u00eda\/sistema-fonestar-sonorizacion-mod-pack-ahorro-100\/"},"modified":"2026-05-01T07:24:52","modified_gmt":"2026-05-01T13:24:52","slug":"sistema-fonestar-sonorizacion-mod-pack-ahorro-100","status":"publish","type":"product","link":"https:\/\/www.mexicanguitarplayers.com\/en\/tienda\/audio\/bafles-y-bocinas\/bafles\/instalacion\/sistema-fonestar-sonorizacion-mod-pack-ahorro-100\/","title":{"rendered":"SISTEMA FONESTAR SONORIZACION MOD. PACK AHORRO 100"},"content":{"rendered":"<div style=\"text-align: justify\">\n<div>\n<h3>Lo mejor en sonido ambiental.<\/h3>\n<\/div>\n<div>Un sistema que incluye un amplificador con mezclador, reproductor, entradas de micr\u00f3fono y auxiliar en un mismo equipo, para instalaciones de megafon\u00eda con altavoces de 100 V o baja impedancia que requieran de un manejo intuitivo y tengan un presupuesto ajustado. Conectores euroblock, seguros y de f\u00e1cil conexi\u00f3n. Gran calidad de sonido. Dise\u00f1o actual y discreto. Tama\u00f1o compacto, para uso en sobremesa y adem\u00e1s 4 altavoces de techo con transformador de l\u00ednea 100 V y rejilla redonda.<\/div>\n<div>\n<h4>Quick look<\/h4>\n<\/div>\n<ul style=\"margin: 0px 0px 0px 25px\">\n<li style=\"list-style-type: circle;margin: 5px\">Bocina GAT-601.<\/li>\n<li style=\"list-style-type: circle;margin: 5px\">Amplificador PROX-30.<\/li>\n<\/ul>\n<div>\n<div style=\"font-weight: bold\">Bocina GAT-601.<\/div>\n<div>\n<p>Potencia: 6 watts RMS. Altavoces: 6.5\u201d doble cono. Respuesta de frecuencia: 140 &#8211; 20,000 Hz. Impedancia: Alta Z l\u00ednea 100 V: 1,660 ohms (6 watts). 3,330 ohms (3 watts). Sensibilidad: 92 dB \u00b13 dB a 1W\/1m. Material: ABS y rejilla de acero. Color: Blanco (RAL 9016). Dimensiones: 188 x 80 mm. Orificio: 168 mm. Peso: 0.6 kg. Otros: Sistema de instalaci\u00f3n r\u00e1pida.<\/p>\n<\/div>\n<div style=\"font-weight: bold\">Amplificador PROX-30.<\/div>\n<div>\n<p>Amplificador de megafon\u00eda Reproductor USB\/MP3\/FM. Entradas de micr\u00f3fono con control de mezcla, ganancia y nivel de prioridad. Controles de tono. Salidas de 100 V y 4 ohms. Potencia: 30 W RMS. Respuesta de frecuencia: 20 &#8211; 20,000 Hz \u00b13 dB. Distorsi\u00f3n arm\u00f3nica total: &lt; 1% a 1 kHz. Entradas: 1 micro balanceado\/desbalanceado, euroblock\/jack 6.3 mm, 600 ohms 6 mV RMS. 1 micro balanceado, euroblock, 600 ohms 6 mV RMS. 2 auxiliares, euroblock\/2 x RCA, 47,000 ohms 300 mV RMS. 1 l\u00ednea de 100 V, euroblock. Funciones: Prioridad de entradas. Entrada de Emergencia 100V con m\u00e1xima prioridad, aten\u00faa el resto de entradas. Entrada de micro 1 y 2 con prioridad sobre entrada Auxiliar, por nivel de se\u00f1al, seleccionable. Mute por cierre de contactos, aten\u00faa todas las entradas excepto la entrada de Emergencia 100 V. Indicadores luminosos de encendido, protecci\u00f3n, pico de se\u00f1al y se\u00f1al de salida. Refrigeraci\u00f3n por inducci\u00f3n sin ventilador. Controles: Volumen de micr\u00f3fono. Volumen de entrada seleccionada. Selector de entrada. Controles de reproductor USB\/MP3\/FM. Tono: graves y agudos. Ganancia y prioridad de micr\u00f3fonos. Reproductor: Reproductor USB\/MP3 con modo de reproducci\u00f3n m\u00fasica ambiente.  Al encender, autom\u00e1ticamente comienza la reproducci\u00f3n en orden sucesivo. Sintonizador digital FM con presinton\u00edas y b\u00fasqueda autom\u00e1tica. Memoria de \u00faltimo modo seleccionado (USB\/MP3 o FM), \u00faltima canci\u00f3n reproducida o \u00faltima emisora sintonizada y \u00faltimo modo de reproducci\u00f3n seleccionado. Impedancia: 4 ohms y l\u00ednea 100 V, euroblock. Alimentaci\u00f3n: 230\/115 V CA, 100 W. Dimensiones: 286 x 84 x 220 mm. Peso: 3.8 kg. Accesorios: Antena FM. Aplicaciones: Sistemas de megafon\u00eda e hilo musical con altavoces de l\u00ednea de 100 V o baja impedancia. Locales comerciales, centros educativos, monumentos, exposiciones, bares, restaurantes, etc.<\/p>\n<\/div>\n<\/div>\n<\/div>","protected":false},"excerpt":{"rendered":"<p>Sistema que incluye un amplificador PROX30 y 4 bocinas GAT601. Amplificador PROX30 para megafon\u00eda, ideal para locales comerciales, centros educativos, bares, restaurantes, etc., entradas de micr\u00f3fono con control de mezcla, ganancia y nivel de prioridad, controles de tono, salidas de 100V y 4 ohms, entrada de l\u00ednea de 100V con prioridad y mute de cierre para integrar en instalaciones con avisos de emergencia, reproductor USB\/MP3\/FM, potencia de 30 watts, alimentaci\u00f3n: 230\/115 V CA, 100 W, dimensiones: 286 x 84 x 220 mm, peso: 3.8 kg. Altavoz GAT-601 de techo de 6.5\u201d pulgadas doble cono con transformador de l\u00ednea 100 V y rejilla redonda, potencia: 6 watts RMS, respuesta de frecuencia: 140 &#8211; 20,000 Hz, impedancia: alta Z l\u00ednea 100 V: 1,660 ohms (6 watts), 3,330 ohms (3 watts), sensibilidad: 92 dB \u00b13 dB a 1W\/1m, material: ABS y rejilla de acero, color blanco (RAL 9016), dimensiones: 188 x 80 mm, orificio: 168 mm, peso: 0.6 kg, sistema de instalaci\u00f3n r\u00e1pida.&hellip; <a class=\"kt-excerpt-readmore more-link\" href=\"https:\/\/www.mexicanguitarplayers.com\/en\/tienda\/audio\/bafles-y-bocinas\/bafles\/instalacion\/sistema-fonestar-sonorizacion-mod-pack-ahorro-100\/\">Read more<\/a><\/p>","protected":false},"featured_media":30785,"comment_status":"open","ping_status":"closed","template":"","meta":{"kt_blocks_editor_width":""},"pwb-brand":[487],"product_brand":[],"product_cat":[213,222,221,243],"product_tag":[],"class_list":{"0":"post-30786","1":"product","2":"type-product","3":"status-publish","4":"has-post-thumbnail","6":"pwb-brand-fonestar","7":"product_cat-audio","8":"product_cat-bafles","9":"product_cat-bafles-y-bocinas","10":"product_cat-instalacion","11":"product_shipping_class-5-10-kg","13":"first","14":"instock","15":"taxable","16":"shipping-taxable","17":"purchasable","18":"product-type-simple"},"yoast_head":"<!-- This site is optimized with the Yoast SEO plugin v27.5 - https:\/\/yoast.com\/product\/yoast-seo-wordpress\/ -->\n<title>SISTEMA FONESTAR SONORIZACION MOD. PACK AHORRO 100 - Mexican Guitar Players<\/title>\n<meta name=\"description\" content=\"Sistema que incluye un amplificador PROX30 y 4 bocinas GAT601. Amplificador PROX30 para megafon\u00eda, ideal para locales comerciales, centros educativos, bares, restaurantes, etc., entradas de micr\u00f3fono con control de mezcla, ganancia y nivel de prioridad, controles de tono, salidas de 100V y 4 ohms, entrada de l\u00ednea de 100V con prioridad y mute de cierre para integrar en instalaciones con avisos de emergencia, reproductor USB\/MP3\/FM, potencia de 30 watts, alimentaci\u00f3n: 230\/115 V CA, 100 W, dimensiones: 286 x 84 x 220 mm, peso: 3.8 kg. Altavoz GAT-601 de techo de 6.5\u201d pulgadas doble cono con transformador de l\u00ednea 100 V y rejilla redonda, potencia: 6 watts RMS, respuesta de frecuencia: 140 - 20,000 Hz, impedancia: alta Z l\u00ednea 100 V: 1,660 ohms (6 watts), 3,330 ohms (3 watts), sensibilidad: 92 dB \u00b13 dB a 1W\/1m, material: ABS y rejilla de acero, color blanco (RAL 9016), dimensiones: 188 x 80 mm, orificio: 168 mm, peso: 0.6 kg, sistema de instalaci\u00f3n r\u00e1pida.\" \/>\n<meta name=\"robots\" content=\"index, follow, max-snippet:-1, max-image-preview:large, max-video-preview:-1\" \/>\n<link rel=\"canonical\" href=\"https:\/\/www.mexicanguitarplayers.com\/en\/tienda\/sin%20categor\u00eda\/sistema-fonestar-sonorizacion-mod-pack-ahorro-100\/\" \/>\n<meta property=\"og:locale\" content=\"en_US\" \/>\n<meta property=\"og:type\" content=\"article\" \/>\n<meta property=\"og:title\" content=\"SISTEMA FONESTAR SONORIZACION MOD. PACK AHORRO 100 - Mexican Guitar Players\" \/>\n<meta property=\"og:description\" content=\"Sistema que incluye un amplificador PROX30 y 4 bocinas GAT601. Amplificador PROX30 para megafon\u00eda, ideal para locales comerciales, centros educativos, bares, restaurantes, etc., entradas de micr\u00f3fono con control de mezcla, ganancia y nivel de prioridad, controles de tono, salidas de 100V y 4 ohms, entrada de l\u00ednea de 100V con prioridad y mute de cierre para integrar en instalaciones con avisos de emergencia, reproductor USB\/MP3\/FM, potencia de 30 watts, alimentaci\u00f3n: 230\/115 V CA, 100 W, dimensiones: 286 x 84 x 220 mm, peso: 3.8 kg. Altavoz GAT-601 de techo de 6.5\u201d pulgadas doble cono con transformador de l\u00ednea 100 V y rejilla redonda, potencia: 6 watts RMS, respuesta de frecuencia: 140 - 20,000 Hz, impedancia: alta Z l\u00ednea 100 V: 1,660 ohms (6 watts), 3,330 ohms (3 watts), sensibilidad: 92 dB \u00b13 dB a 1W\/1m, material: ABS y rejilla de acero, color blanco (RAL 9016), dimensiones: 188 x 80 mm, orificio: 168 mm, peso: 0.6 kg, sistema de instalaci\u00f3n r\u00e1pida.\" \/>\n<meta property=\"og:url\" content=\"https:\/\/www.mexicanguitarplayers.com\/en\/tienda\/sin categor\u00eda\/sistema-fonestar-sonorizacion-mod-pack-ahorro-100\/\" \/>\n<meta property=\"og:site_name\" content=\"Mexican Guitar Players\" \/>\n<meta property=\"article:modified_time\" content=\"2026-05-01T13:24:52+00:00\" \/>\n<meta name=\"twitter:card\" content=\"summary_large_image\" \/>\n<meta name=\"twitter:label1\" content=\"Est. reading time\" \/>\n\t<meta name=\"twitter:data1\" content=\"2 minutes\" \/>\n<script type=\"application\/ld+json\" class=\"yoast-schema-graph\">{\"@context\":\"https:\\\/\\\/schema.org\",\"@graph\":[{\"@type\":[\"WebPage\",\"ItemPage\"],\"@id\":\"https:\\\/\\\/www.mexicanguitarplayers.com\\\/tienda\\\/sin categor\u00eda\\\/sistema-fonestar-sonorizacion-mod-pack-ahorro-100\\\/\",\"url\":\"https:\\\/\\\/www.mexicanguitarplayers.com\\\/tienda\\\/sin categor\u00eda\\\/sistema-fonestar-sonorizacion-mod-pack-ahorro-100\\\/\",\"name\":\"SISTEMA FONESTAR SONORIZACION MOD. PACK AHORRO 100 - Mexican Guitar Players\",\"isPartOf\":{\"@id\":\"https:\\\/\\\/www.mexicanguitarplayers.com\\\/#website\"},\"primaryImageOfPage\":{\"@id\":\"https:\\\/\\\/www.mexicanguitarplayers.com\\\/tienda\\\/sin categor\u00eda\\\/sistema-fonestar-sonorizacion-mod-pack-ahorro-100\\\/#primaryimage\"},\"image\":{\"@id\":\"https:\\\/\\\/www.mexicanguitarplayers.com\\\/tienda\\\/sin categor\u00eda\\\/sistema-fonestar-sonorizacion-mod-pack-ahorro-100\\\/#primaryimage\"},\"thumbnailUrl\":\"https:\\\/\\\/www.mexicanguitarplayers.com\\\/wp-content\\\/uploads\\\/2025\\\/04\\\/IAFONPACKAA100.jpg\",\"datePublished\":\"2025-04-08T17:31:30+00:00\",\"dateModified\":\"2026-05-01T13:24:52+00:00\",\"description\":\"Sistema que incluye un amplificador PROX30 y 4 bocinas GAT601. Amplificador PROX30 para megafon\u00eda, ideal para locales comerciales, centros educativos, bares, restaurantes, etc., entradas de micr\u00f3fono con control de mezcla, ganancia y nivel de prioridad, controles de tono, salidas de 100V y 4 ohms, entrada de l\u00ednea de 100V con prioridad y mute de cierre para integrar en instalaciones con avisos de emergencia, reproductor USB\\\/MP3\\\/FM, potencia de 30 watts, alimentaci\u00f3n: 230\\\/115 V CA, 100 W, dimensiones: 286 x 84 x 220 mm, peso: 3.8 kg. Altavoz GAT-601 de techo de 6.5\u201d pulgadas doble cono con transformador de l\u00ednea 100 V y rejilla redonda, potencia: 6 watts RMS, respuesta de frecuencia: 140 - 20,000 Hz, impedancia: alta Z l\u00ednea 100 V: 1,660 ohms (6 watts), 3,330 ohms (3 watts), sensibilidad: 92 dB \u00b13 dB a 1W\\\/1m, material: ABS y rejilla de acero, color blanco (RAL 9016), dimensiones: 188 x 80 mm, orificio: 168 mm, peso: 0.6 kg, sistema de instalaci\u00f3n r\u00e1pida.\",\"breadcrumb\":{\"@id\":\"https:\\\/\\\/www.mexicanguitarplayers.com\\\/tienda\\\/sin categor\u00eda\\\/sistema-fonestar-sonorizacion-mod-pack-ahorro-100\\\/#breadcrumb\"},\"inLanguage\":\"en-US\",\"potentialAction\":[{\"@type\":\"ReadAction\",\"target\":[\"https:\\\/\\\/www.mexicanguitarplayers.com\\\/tienda\\\/sin categor\u00eda\\\/sistema-fonestar-sonorizacion-mod-pack-ahorro-100\\\/\"]}]},{\"@type\":\"ImageObject\",\"inLanguage\":\"en-US\",\"@id\":\"https:\\\/\\\/www.mexicanguitarplayers.com\\\/tienda\\\/sin categor\u00eda\\\/sistema-fonestar-sonorizacion-mod-pack-ahorro-100\\\/#primaryimage\",\"url\":\"https:\\\/\\\/www.mexicanguitarplayers.com\\\/wp-content\\\/uploads\\\/2025\\\/04\\\/IAFONPACKAA100.jpg\",\"contentUrl\":\"https:\\\/\\\/www.mexicanguitarplayers.com\\\/wp-content\\\/uploads\\\/2025\\\/04\\\/IAFONPACKAA100.jpg\",\"width\":1200,\"height\":1200},{\"@type\":\"BreadcrumbList\",\"@id\":\"https:\\\/\\\/www.mexicanguitarplayers.com\\\/tienda\\\/sin categor\u00eda\\\/sistema-fonestar-sonorizacion-mod-pack-ahorro-100\\\/#breadcrumb\",\"itemListElement\":[{\"@type\":\"ListItem\",\"position\":1,\"name\":\"Portada\",\"item\":\"https:\\\/\\\/www.mexicanguitarplayers.com\\\/\"},{\"@type\":\"ListItem\",\"position\":2,\"name\":\"Tienda\",\"item\":\"https:\\\/\\\/www.mexicanguitarplayers.com\\\/tienda\\\/\"},{\"@type\":\"ListItem\",\"position\":3,\"name\":\"SISTEMA FONESTAR SONORIZACION MOD. PACK AHORRO 100\"}]},{\"@type\":\"WebSite\",\"@id\":\"https:\\\/\\\/www.mexicanguitarplayers.com\\\/#website\",\"url\":\"https:\\\/\\\/www.mexicanguitarplayers.com\\\/\",\"name\":\"Mexican Guitar Players\",\"description\":\"Website\",\"publisher\":{\"@id\":\"https:\\\/\\\/www.mexicanguitarplayers.com\\\/#organization\"},\"potentialAction\":[{\"@type\":\"SearchAction\",\"target\":{\"@type\":\"EntryPoint\",\"urlTemplate\":\"https:\\\/\\\/www.mexicanguitarplayers.com\\\/?s={search_term_string}\"},\"query-input\":{\"@type\":\"PropertyValueSpecification\",\"valueRequired\":true,\"valueName\":\"search_term_string\"}}],\"inLanguage\":\"en-US\"},{\"@type\":\"Organization\",\"@id\":\"https:\\\/\\\/www.mexicanguitarplayers.com\\\/#organization\",\"name\":\"Mexican Guitar Players\",\"url\":\"https:\\\/\\\/www.mexicanguitarplayers.com\\\/\",\"logo\":{\"@type\":\"ImageObject\",\"inLanguage\":\"en-US\",\"@id\":\"https:\\\/\\\/www.mexicanguitarplayers.com\\\/#\\\/schema\\\/logo\\\/image\\\/\",\"url\":\"\",\"contentUrl\":\"\",\"caption\":\"Mexican Guitar Players\"},\"image\":{\"@id\":\"https:\\\/\\\/www.mexicanguitarplayers.com\\\/#\\\/schema\\\/logo\\\/image\\\/\"}}]}<\/script>\n<!-- \/ Yoast SEO plugin. -->","yoast_head_json":{"title":"SISTEMA FONESTAR SONORIZACION MOD. PACK AHORRO 100 - Mexican Guitar Players","description":"Sistema que incluye un amplificador PROX30 y 4 bocinas GAT601. Amplificador PROX30 para megafon\u00eda, ideal para locales comerciales, centros educativos, bares, restaurantes, etc., entradas de micr\u00f3fono con control de mezcla, ganancia y nivel de prioridad, controles de tono, salidas de 100V y 4 ohms, entrada de l\u00ednea de 100V con prioridad y mute de cierre para integrar en instalaciones con avisos de emergencia, reproductor USB\/MP3\/FM, potencia de 30 watts, alimentaci\u00f3n: 230\/115 V CA, 100 W, dimensiones: 286 x 84 x 220 mm, peso: 3.8 kg. Altavoz GAT-601 de techo de 6.5\u201d pulgadas doble cono con transformador de l\u00ednea 100 V y rejilla redonda, potencia: 6 watts RMS, respuesta de frecuencia: 140 - 20,000 Hz, impedancia: alta Z l\u00ednea 100 V: 1,660 ohms (6 watts), 3,330 ohms (3 watts), sensibilidad: 92 dB \u00b13 dB a 1W\/1m, material: ABS y rejilla de acero, color blanco (RAL 9016), dimensiones: 188 x 80 mm, orificio: 168 mm, peso: 0.6 kg, sistema de instalaci\u00f3n r\u00e1pida.","robots":{"index":"index","follow":"follow","max-snippet":"max-snippet:-1","max-image-preview":"max-image-preview:large","max-video-preview":"max-video-preview:-1"},"canonical":"https:\/\/www.mexicanguitarplayers.com\/en\/tienda\/sin categor\u00eda\/sistema-fonestar-sonorizacion-mod-pack-ahorro-100\/","og_locale":"en_US","og_type":"article","og_title":"SISTEMA FONESTAR SONORIZACION MOD. PACK AHORRO 100 - Mexican Guitar Players","og_description":"Sistema que incluye un amplificador PROX30 y 4 bocinas GAT601. Amplificador PROX30 para megafon\u00eda, ideal para locales comerciales, centros educativos, bares, restaurantes, etc., entradas de micr\u00f3fono con control de mezcla, ganancia y nivel de prioridad, controles de tono, salidas de 100V y 4 ohms, entrada de l\u00ednea de 100V con prioridad y mute de cierre para integrar en instalaciones con avisos de emergencia, reproductor USB\/MP3\/FM, potencia de 30 watts, alimentaci\u00f3n: 230\/115 V CA, 100 W, dimensiones: 286 x 84 x 220 mm, peso: 3.8 kg. Altavoz GAT-601 de techo de 6.5\u201d pulgadas doble cono con transformador de l\u00ednea 100 V y rejilla redonda, potencia: 6 watts RMS, respuesta de frecuencia: 140 - 20,000 Hz, impedancia: alta Z l\u00ednea 100 V: 1,660 ohms (6 watts), 3,330 ohms (3 watts), sensibilidad: 92 dB \u00b13 dB a 1W\/1m, material: ABS y rejilla de acero, color blanco (RAL 9016), dimensiones: 188 x 80 mm, orificio: 168 mm, peso: 0.6 kg, sistema de instalaci\u00f3n r\u00e1pida.","og_url":"https:\/\/www.mexicanguitarplayers.com\/en\/tienda\/sin categor\u00eda\/sistema-fonestar-sonorizacion-mod-pack-ahorro-100\/","og_site_name":"Mexican Guitar Players","article_modified_time":"2026-05-01T13:24:52+00:00","twitter_card":"summary_large_image","twitter_misc":{"Est. reading time":"2 minutes"},"schema":{"@context":"https:\/\/schema.org","@graph":[{"@type":["WebPage","ItemPage"],"@id":"https:\/\/www.mexicanguitarplayers.com\/tienda\/sin categor\u00eda\/sistema-fonestar-sonorizacion-mod-pack-ahorro-100\/","url":"https:\/\/www.mexicanguitarplayers.com\/tienda\/sin categor\u00eda\/sistema-fonestar-sonorizacion-mod-pack-ahorro-100\/","name":"SISTEMA FONESTAR SONORIZACION MOD. PACK AHORRO 100 - Mexican Guitar Players","isPartOf":{"@id":"https:\/\/www.mexicanguitarplayers.com\/#website"},"primaryImageOfPage":{"@id":"https:\/\/www.mexicanguitarplayers.com\/tienda\/sin categor\u00eda\/sistema-fonestar-sonorizacion-mod-pack-ahorro-100\/#primaryimage"},"image":{"@id":"https:\/\/www.mexicanguitarplayers.com\/tienda\/sin categor\u00eda\/sistema-fonestar-sonorizacion-mod-pack-ahorro-100\/#primaryimage"},"thumbnailUrl":"https:\/\/www.mexicanguitarplayers.com\/wp-content\/uploads\/2025\/04\/IAFONPACKAA100.jpg","datePublished":"2025-04-08T17:31:30+00:00","dateModified":"2026-05-01T13:24:52+00:00","description":"Sistema que incluye un amplificador PROX30 y 4 bocinas GAT601. Amplificador PROX30 para megafon\u00eda, ideal para locales comerciales, centros educativos, bares, restaurantes, etc., entradas de micr\u00f3fono con control de mezcla, ganancia y nivel de prioridad, controles de tono, salidas de 100V y 4 ohms, entrada de l\u00ednea de 100V con prioridad y mute de cierre para integrar en instalaciones con avisos de emergencia, reproductor USB\/MP3\/FM, potencia de 30 watts, alimentaci\u00f3n: 230\/115 V CA, 100 W, dimensiones: 286 x 84 x 220 mm, peso: 3.8 kg. Altavoz GAT-601 de techo de 6.5\u201d pulgadas doble cono con transformador de l\u00ednea 100 V y rejilla redonda, potencia: 6 watts RMS, respuesta de frecuencia: 140 - 20,000 Hz, impedancia: alta Z l\u00ednea 100 V: 1,660 ohms (6 watts), 3,330 ohms (3 watts), sensibilidad: 92 dB \u00b13 dB a 1W\/1m, material: ABS y rejilla de acero, color blanco (RAL 9016), dimensiones: 188 x 80 mm, orificio: 168 mm, peso: 0.6 kg, sistema de instalaci\u00f3n r\u00e1pida.","breadcrumb":{"@id":"https:\/\/www.mexicanguitarplayers.com\/tienda\/sin categor\u00eda\/sistema-fonestar-sonorizacion-mod-pack-ahorro-100\/#breadcrumb"},"inLanguage":"en-US","potentialAction":[{"@type":"ReadAction","target":["https:\/\/www.mexicanguitarplayers.com\/tienda\/sin categor\u00eda\/sistema-fonestar-sonorizacion-mod-pack-ahorro-100\/"]}]},{"@type":"ImageObject","inLanguage":"en-US","@id":"https:\/\/www.mexicanguitarplayers.com\/tienda\/sin categor\u00eda\/sistema-fonestar-sonorizacion-mod-pack-ahorro-100\/#primaryimage","url":"https:\/\/www.mexicanguitarplayers.com\/wp-content\/uploads\/2025\/04\/IAFONPACKAA100.jpg","contentUrl":"https:\/\/www.mexicanguitarplayers.com\/wp-content\/uploads\/2025\/04\/IAFONPACKAA100.jpg","width":1200,"height":1200},{"@type":"BreadcrumbList","@id":"https:\/\/www.mexicanguitarplayers.com\/tienda\/sin categor\u00eda\/sistema-fonestar-sonorizacion-mod-pack-ahorro-100\/#breadcrumb","itemListElement":[{"@type":"ListItem","position":1,"name":"Portada","item":"https:\/\/www.mexicanguitarplayers.com\/"},{"@type":"ListItem","position":2,"name":"Tienda","item":"https:\/\/www.mexicanguitarplayers.com\/tienda\/"},{"@type":"ListItem","position":3,"name":"SISTEMA FONESTAR SONORIZACION MOD. PACK AHORRO 100"}]},{"@type":"WebSite","@id":"https:\/\/www.mexicanguitarplayers.com\/#website","url":"https:\/\/www.mexicanguitarplayers.com\/","name":"Mexican Guitar Players","description":"Website","publisher":{"@id":"https:\/\/www.mexicanguitarplayers.com\/#organization"},"potentialAction":[{"@type":"SearchAction","target":{"@type":"EntryPoint","urlTemplate":"https:\/\/www.mexicanguitarplayers.com\/?s={search_term_string}"},"query-input":{"@type":"PropertyValueSpecification","valueRequired":true,"valueName":"search_term_string"}}],"inLanguage":"en-US"},{"@type":"Organization","@id":"https:\/\/www.mexicanguitarplayers.com\/#organization","name":"Mexican Guitar Players","url":"https:\/\/www.mexicanguitarplayers.com\/","logo":{"@type":"ImageObject","inLanguage":"en-US","@id":"https:\/\/www.mexicanguitarplayers.com\/#\/schema\/logo\/image\/","url":"","contentUrl":"","caption":"Mexican Guitar Players"},"image":{"@id":"https:\/\/www.mexicanguitarplayers.com\/#\/schema\/logo\/image\/"}}]}},"brands":[{"id":487,"name":"FONESTAR","slug":"fonestar"}],"_links":{"self":[{"href":"https:\/\/www.mexicanguitarplayers.com\/en\/wp-json\/wp\/v2\/product\/30786","targetHints":{"allow":["GET"]}}],"collection":[{"href":"https:\/\/www.mexicanguitarplayers.com\/en\/wp-json\/wp\/v2\/product"}],"about":[{"href":"https:\/\/www.mexicanguitarplayers.com\/en\/wp-json\/wp\/v2\/types\/product"}],"replies":[{"embeddable":true,"href":"https:\/\/www.mexicanguitarplayers.com\/en\/wp-json\/wp\/v2\/comments?post=30786"}],"wp:featuredmedia":[{"embeddable":true,"href":"https:\/\/www.mexicanguitarplayers.com\/en\/wp-json\/wp\/v2\/media\/30785"}],"wp:attachment":[{"href":"https:\/\/www.mexicanguitarplayers.com\/en\/wp-json\/wp\/v2\/media?parent=30786"}],"wp:term":[{"taxonomy":"pwb-brand","embeddable":true,"href":"https:\/\/www.mexicanguitarplayers.com\/en\/wp-json\/wp\/v2\/pwb-brand?post=30786"},{"taxonomy":"product_brand","embeddable":true,"href":"https:\/\/www.mexicanguitarplayers.com\/en\/wp-json\/wp\/v2\/product_brand?post=30786"},{"taxonomy":"product_cat","embeddable":true,"href":"https:\/\/www.mexicanguitarplayers.com\/en\/wp-json\/wp\/v2\/product_cat?post=30786"},{"taxonomy":"product_tag","embeddable":true,"href":"https:\/\/www.mexicanguitarplayers.com\/en\/wp-json\/wp\/v2\/product_tag?post=30786"}],"curies":[{"name":"wp","href":"https:\/\/api.w.org\/{rel}","templated":true}]}}