{"id":30817,"date":"2025-04-08T11:32:16","date_gmt":"2025-04-08T17:32:16","guid":{"rendered":"https:\/\/www.mexicanguitarplayers.com\/tienda\/sin categor\u00eda\/formula-music-nomad-the-guitar-one-12-oz\/"},"modified":"2026-04-22T13:15:07","modified_gmt":"2026-04-22T19:15:07","slug":"formula-music-nomad-the-guitar-one-12-oz","status":"publish","type":"product","link":"https:\/\/www.mexicanguitarplayers.com\/en\/tienda\/accesorios\/para-bateria\/cuidado-y-proteccion\/formula-music-nomad-the-guitar-one-12-oz\/","title":{"rendered":"FORMULA MUSIC NOMAD THE GUITAR ONE 12 OZ"},"content":{"rendered":"<div style=\"text-align: justify\">\n<div>\n<h3>Cuidado y mantenimiento f\u00e1cil y sin comprometer la calidad.<\/h3>\n<\/div>\n<div>La primera respuesta biodegradable amigable con el medio ambiente para lograr un brillo espectacular sin esfuerzo. Un limpiador ultra resbaladizo, no raya, ofrece un brillo magn\u00edfico y est\u00e1 org\u00e1nicamente formulado para limpiar, pulir, encerar y proteger acabados brillantes. El Guitar ONE est\u00e1 infusionado con cera de carnauba blanca brasile\u00f1a que ofrece un escudo duradero ac\u00fasticamente transparente con un alto brillo que protege el acabado de tu instrumento. Es seguro en todos los acabados laqueados incluyendo nitrocelulosa. No se recomienda para terminados mate. M\u00fasicos, talleres de reparaci\u00f3n, t\u00e9cnicos de guitarra, fabricantes de instrumentos y coleccionistas de todo el mundo usan nuestro pulimento de cuidado de guitarra m\u00e1s popular. El Guitar ONE. <\/div>\n<div>\n<h4>Characteristics<\/h4>\n<\/div>\n<div>\n<ul style=\"margin: 0px 0px 0px 25px\">\n<li style=\"list-style-type: circle;margin: 5px\">Mantenimiento completo para guitarra en una botella.<\/li>\n<li style=\"list-style-type: circle;margin: 5px\">Limpia, pule, encera y protege en un solo paso.<\/li>\n<li style=\"list-style-type: circle;margin: 5px\">Formula pro-fuerza patentada.<\/li>\n<li style=\"list-style-type: circle;margin: 5px\">Protecci\u00f3n UV que disminuye da\u00f1os por el sol.<\/li>\n<li style=\"list-style-type: circle;margin: 5px\">F\u00f3rmula biodegradable.<\/li>\n<li style=\"list-style-type: circle;margin: 5px\">Huele bien.<\/li>\n<li style=\"list-style-type: circle;margin: 5px\">Botella 100% PET pl\u00e1stico reciclable amigable con el planeta.<\/li>\n<li style=\"list-style-type: circle;margin: 5px\">12 oz (355 ml).<\/li>\n<\/ul>\n<\/div>\n<\/div>","protected":false},"excerpt":{"rendered":"<p>Mantenimiento completo para guitarra en una botella, limpia, pule, encera y protege en un s\u00f3lo paso, f\u00f3rmula pro fuerza patentada, protecci\u00f3n UV que disminuye da\u00f1os por el sol, f\u00f3rmula biodegradable, huele bien, botella 100% PET pl\u00e1stico reciclable amigable con el planeta, 12 oz (355 ml).&hellip; <a class=\"kt-excerpt-readmore more-link\" href=\"https:\/\/www.mexicanguitarplayers.com\/en\/tienda\/accesorios\/para-bateria\/cuidado-y-proteccion\/formula-music-nomad-the-guitar-one-12-oz\/\">Read more<\/a><\/p>","protected":false},"featured_media":30816,"comment_status":"open","ping_status":"closed","template":"","meta":{"kt_blocks_editor_width":""},"pwb-brand":[622],"product_brand":[],"product_cat":[85,421,336],"product_tag":[],"class_list":{"0":"post-30817","1":"product","2":"type-product","3":"status-publish","4":"has-post-thumbnail","6":"pwb-brand-music-nomad","7":"product_cat-accesorios","8":"product_cat-cuidado-y-proteccion","9":"product_cat-para-guitarras","10":"product_shipping_class-0-5-kg","12":"first","13":"outofstock","14":"taxable","15":"shipping-taxable","16":"purchasable","17":"product-type-simple"},"yoast_head":"<!-- This site is optimized with the Yoast SEO plugin v27.5 - https:\/\/yoast.com\/product\/yoast-seo-wordpress\/ -->\n<title>FORMULA MUSIC NOMAD THE GUITAR ONE 12 OZ - Mexican Guitar Players<\/title>\n<meta name=\"description\" content=\"Mantenimiento completo para guitarra en una botella, limpia, pule, encera y protege en un s\u00f3lo paso, f\u00f3rmula pro fuerza patentada, protecci\u00f3n UV que disminuye da\u00f1os por el sol, f\u00f3rmula biodegradable, huele bien, botella 100% PET pl\u00e1stico reciclable amigable con el planeta, 12 oz (355 ml).\" \/>\n<meta name=\"robots\" content=\"index, follow, max-snippet:-1, max-image-preview:large, max-video-preview:-1\" \/>\n<link rel=\"canonical\" href=\"https:\/\/www.mexicanguitarplayers.com\/en\/tienda\/sin%20categor\u00eda\/formula-music-nomad-the-guitar-one-12-oz\/\" \/>\n<meta property=\"og:locale\" content=\"en_US\" \/>\n<meta property=\"og:type\" content=\"article\" \/>\n<meta property=\"og:title\" content=\"FORMULA MUSIC NOMAD THE GUITAR ONE 12 OZ - Mexican Guitar Players\" \/>\n<meta property=\"og:description\" content=\"Mantenimiento completo para guitarra en una botella, limpia, pule, encera y protege en un s\u00f3lo paso, f\u00f3rmula pro fuerza patentada, protecci\u00f3n UV que disminuye da\u00f1os por el sol, f\u00f3rmula biodegradable, huele bien, botella 100% PET pl\u00e1stico reciclable amigable con el planeta, 12 oz (355 ml).\" \/>\n<meta property=\"og:url\" content=\"https:\/\/www.mexicanguitarplayers.com\/en\/tienda\/sin categor\u00eda\/formula-music-nomad-the-guitar-one-12-oz\/\" \/>\n<meta property=\"og:site_name\" content=\"Mexican Guitar Players\" \/>\n<meta property=\"article:modified_time\" content=\"2026-04-22T19:15:07+00:00\" \/>\n<meta name=\"twitter:card\" content=\"summary_large_image\" \/>\n<meta name=\"twitter:label1\" content=\"Est. reading time\" \/>\n\t<meta name=\"twitter:data1\" content=\"1 minute\" \/>\n<script type=\"application\/ld+json\" class=\"yoast-schema-graph\">{\"@context\":\"https:\\\/\\\/schema.org\",\"@graph\":[{\"@type\":[\"WebPage\",\"ItemPage\"],\"@id\":\"https:\\\/\\\/www.mexicanguitarplayers.com\\\/tienda\\\/sin categor\u00eda\\\/formula-music-nomad-the-guitar-one-12-oz\\\/\",\"url\":\"https:\\\/\\\/www.mexicanguitarplayers.com\\\/tienda\\\/sin categor\u00eda\\\/formula-music-nomad-the-guitar-one-12-oz\\\/\",\"name\":\"FORMULA MUSIC NOMAD THE GUITAR ONE 12 OZ - Mexican Guitar Players\",\"isPartOf\":{\"@id\":\"https:\\\/\\\/www.mexicanguitarplayers.com\\\/#website\"},\"primaryImageOfPage\":{\"@id\":\"https:\\\/\\\/www.mexicanguitarplayers.com\\\/tienda\\\/sin categor\u00eda\\\/formula-music-nomad-the-guitar-one-12-oz\\\/#primaryimage\"},\"image\":{\"@id\":\"https:\\\/\\\/www.mexicanguitarplayers.com\\\/tienda\\\/sin categor\u00eda\\\/formula-music-nomad-the-guitar-one-12-oz\\\/#primaryimage\"},\"thumbnailUrl\":\"https:\\\/\\\/www.mexicanguitarplayers.com\\\/wp-content\\\/uploads\\\/2025\\\/04\\\/RAMNDMN150.jpg\",\"datePublished\":\"2025-04-08T17:32:16+00:00\",\"dateModified\":\"2026-04-22T19:15:07+00:00\",\"description\":\"Mantenimiento completo para guitarra en una botella, limpia, pule, encera y protege en un s\u00f3lo paso, f\u00f3rmula pro fuerza patentada, protecci\u00f3n UV que disminuye da\u00f1os por el sol, f\u00f3rmula biodegradable, huele bien, botella 100% PET pl\u00e1stico reciclable amigable con el planeta, 12 oz (355 ml).\",\"breadcrumb\":{\"@id\":\"https:\\\/\\\/www.mexicanguitarplayers.com\\\/tienda\\\/sin categor\u00eda\\\/formula-music-nomad-the-guitar-one-12-oz\\\/#breadcrumb\"},\"inLanguage\":\"en-US\",\"potentialAction\":[{\"@type\":\"ReadAction\",\"target\":[\"https:\\\/\\\/www.mexicanguitarplayers.com\\\/tienda\\\/sin categor\u00eda\\\/formula-music-nomad-the-guitar-one-12-oz\\\/\"]}]},{\"@type\":\"ImageObject\",\"inLanguage\":\"en-US\",\"@id\":\"https:\\\/\\\/www.mexicanguitarplayers.com\\\/tienda\\\/sin categor\u00eda\\\/formula-music-nomad-the-guitar-one-12-oz\\\/#primaryimage\",\"url\":\"https:\\\/\\\/www.mexicanguitarplayers.com\\\/wp-content\\\/uploads\\\/2025\\\/04\\\/RAMNDMN150.jpg\",\"contentUrl\":\"https:\\\/\\\/www.mexicanguitarplayers.com\\\/wp-content\\\/uploads\\\/2025\\\/04\\\/RAMNDMN150.jpg\",\"width\":800,\"height\":1600},{\"@type\":\"BreadcrumbList\",\"@id\":\"https:\\\/\\\/www.mexicanguitarplayers.com\\\/tienda\\\/sin categor\u00eda\\\/formula-music-nomad-the-guitar-one-12-oz\\\/#breadcrumb\",\"itemListElement\":[{\"@type\":\"ListItem\",\"position\":1,\"name\":\"Portada\",\"item\":\"https:\\\/\\\/www.mexicanguitarplayers.com\\\/\"},{\"@type\":\"ListItem\",\"position\":2,\"name\":\"Tienda\",\"item\":\"https:\\\/\\\/www.mexicanguitarplayers.com\\\/tienda\\\/\"},{\"@type\":\"ListItem\",\"position\":3,\"name\":\"FORMULA MUSIC NOMAD THE GUITAR ONE 12 OZ\"}]},{\"@type\":\"WebSite\",\"@id\":\"https:\\\/\\\/www.mexicanguitarplayers.com\\\/#website\",\"url\":\"https:\\\/\\\/www.mexicanguitarplayers.com\\\/\",\"name\":\"Mexican Guitar Players\",\"description\":\"Website\",\"publisher\":{\"@id\":\"https:\\\/\\\/www.mexicanguitarplayers.com\\\/#organization\"},\"potentialAction\":[{\"@type\":\"SearchAction\",\"target\":{\"@type\":\"EntryPoint\",\"urlTemplate\":\"https:\\\/\\\/www.mexicanguitarplayers.com\\\/?s={search_term_string}\"},\"query-input\":{\"@type\":\"PropertyValueSpecification\",\"valueRequired\":true,\"valueName\":\"search_term_string\"}}],\"inLanguage\":\"en-US\"},{\"@type\":\"Organization\",\"@id\":\"https:\\\/\\\/www.mexicanguitarplayers.com\\\/#organization\",\"name\":\"Mexican Guitar Players\",\"url\":\"https:\\\/\\\/www.mexicanguitarplayers.com\\\/\",\"logo\":{\"@type\":\"ImageObject\",\"inLanguage\":\"en-US\",\"@id\":\"https:\\\/\\\/www.mexicanguitarplayers.com\\\/#\\\/schema\\\/logo\\\/image\\\/\",\"url\":\"\",\"contentUrl\":\"\",\"caption\":\"Mexican Guitar Players\"},\"image\":{\"@id\":\"https:\\\/\\\/www.mexicanguitarplayers.com\\\/#\\\/schema\\\/logo\\\/image\\\/\"}}]}<\/script>\n<!-- \/ Yoast SEO plugin. -->","yoast_head_json":{"title":"FORMULA MUSIC NOMAD THE GUITAR ONE 12 OZ - Mexican Guitar Players","description":"Mantenimiento completo para guitarra en una botella, limpia, pule, encera y protege en un s\u00f3lo paso, f\u00f3rmula pro fuerza patentada, protecci\u00f3n UV que disminuye da\u00f1os por el sol, f\u00f3rmula biodegradable, huele bien, botella 100% PET pl\u00e1stico reciclable amigable con el planeta, 12 oz (355 ml).","robots":{"index":"index","follow":"follow","max-snippet":"max-snippet:-1","max-image-preview":"max-image-preview:large","max-video-preview":"max-video-preview:-1"},"canonical":"https:\/\/www.mexicanguitarplayers.com\/en\/tienda\/sin categor\u00eda\/formula-music-nomad-the-guitar-one-12-oz\/","og_locale":"en_US","og_type":"article","og_title":"FORMULA MUSIC NOMAD THE GUITAR ONE 12 OZ - Mexican Guitar Players","og_description":"Mantenimiento completo para guitarra en una botella, limpia, pule, encera y protege en un s\u00f3lo paso, f\u00f3rmula pro fuerza patentada, protecci\u00f3n UV que disminuye da\u00f1os por el sol, f\u00f3rmula biodegradable, huele bien, botella 100% PET pl\u00e1stico reciclable amigable con el planeta, 12 oz (355 ml).","og_url":"https:\/\/www.mexicanguitarplayers.com\/en\/tienda\/sin categor\u00eda\/formula-music-nomad-the-guitar-one-12-oz\/","og_site_name":"Mexican Guitar Players","article_modified_time":"2026-04-22T19:15:07+00:00","twitter_card":"summary_large_image","twitter_misc":{"Est. reading time":"1 minute"},"schema":{"@context":"https:\/\/schema.org","@graph":[{"@type":["WebPage","ItemPage"],"@id":"https:\/\/www.mexicanguitarplayers.com\/tienda\/sin categor\u00eda\/formula-music-nomad-the-guitar-one-12-oz\/","url":"https:\/\/www.mexicanguitarplayers.com\/tienda\/sin categor\u00eda\/formula-music-nomad-the-guitar-one-12-oz\/","name":"FORMULA MUSIC NOMAD THE GUITAR ONE 12 OZ - Mexican Guitar Players","isPartOf":{"@id":"https:\/\/www.mexicanguitarplayers.com\/#website"},"primaryImageOfPage":{"@id":"https:\/\/www.mexicanguitarplayers.com\/tienda\/sin categor\u00eda\/formula-music-nomad-the-guitar-one-12-oz\/#primaryimage"},"image":{"@id":"https:\/\/www.mexicanguitarplayers.com\/tienda\/sin categor\u00eda\/formula-music-nomad-the-guitar-one-12-oz\/#primaryimage"},"thumbnailUrl":"https:\/\/www.mexicanguitarplayers.com\/wp-content\/uploads\/2025\/04\/RAMNDMN150.jpg","datePublished":"2025-04-08T17:32:16+00:00","dateModified":"2026-04-22T19:15:07+00:00","description":"Mantenimiento completo para guitarra en una botella, limpia, pule, encera y protege en un s\u00f3lo paso, f\u00f3rmula pro fuerza patentada, protecci\u00f3n UV que disminuye da\u00f1os por el sol, f\u00f3rmula biodegradable, huele bien, botella 100% PET pl\u00e1stico reciclable amigable con el planeta, 12 oz (355 ml).","breadcrumb":{"@id":"https:\/\/www.mexicanguitarplayers.com\/tienda\/sin categor\u00eda\/formula-music-nomad-the-guitar-one-12-oz\/#breadcrumb"},"inLanguage":"en-US","potentialAction":[{"@type":"ReadAction","target":["https:\/\/www.mexicanguitarplayers.com\/tienda\/sin categor\u00eda\/formula-music-nomad-the-guitar-one-12-oz\/"]}]},{"@type":"ImageObject","inLanguage":"en-US","@id":"https:\/\/www.mexicanguitarplayers.com\/tienda\/sin categor\u00eda\/formula-music-nomad-the-guitar-one-12-oz\/#primaryimage","url":"https:\/\/www.mexicanguitarplayers.com\/wp-content\/uploads\/2025\/04\/RAMNDMN150.jpg","contentUrl":"https:\/\/www.mexicanguitarplayers.com\/wp-content\/uploads\/2025\/04\/RAMNDMN150.jpg","width":800,"height":1600},{"@type":"BreadcrumbList","@id":"https:\/\/www.mexicanguitarplayers.com\/tienda\/sin categor\u00eda\/formula-music-nomad-the-guitar-one-12-oz\/#breadcrumb","itemListElement":[{"@type":"ListItem","position":1,"name":"Portada","item":"https:\/\/www.mexicanguitarplayers.com\/"},{"@type":"ListItem","position":2,"name":"Tienda","item":"https:\/\/www.mexicanguitarplayers.com\/tienda\/"},{"@type":"ListItem","position":3,"name":"FORMULA MUSIC NOMAD THE GUITAR ONE 12 OZ"}]},{"@type":"WebSite","@id":"https:\/\/www.mexicanguitarplayers.com\/#website","url":"https:\/\/www.mexicanguitarplayers.com\/","name":"Mexican Guitar Players","description":"Website","publisher":{"@id":"https:\/\/www.mexicanguitarplayers.com\/#organization"},"potentialAction":[{"@type":"SearchAction","target":{"@type":"EntryPoint","urlTemplate":"https:\/\/www.mexicanguitarplayers.com\/?s={search_term_string}"},"query-input":{"@type":"PropertyValueSpecification","valueRequired":true,"valueName":"search_term_string"}}],"inLanguage":"en-US"},{"@type":"Organization","@id":"https:\/\/www.mexicanguitarplayers.com\/#organization","name":"Mexican Guitar Players","url":"https:\/\/www.mexicanguitarplayers.com\/","logo":{"@type":"ImageObject","inLanguage":"en-US","@id":"https:\/\/www.mexicanguitarplayers.com\/#\/schema\/logo\/image\/","url":"","contentUrl":"","caption":"Mexican Guitar Players"},"image":{"@id":"https:\/\/www.mexicanguitarplayers.com\/#\/schema\/logo\/image\/"}}]}},"brands":[{"id":622,"name":"MUSIC NOMAD","slug":"music-nomad"}],"_links":{"self":[{"href":"https:\/\/www.mexicanguitarplayers.com\/en\/wp-json\/wp\/v2\/product\/30817","targetHints":{"allow":["GET"]}}],"collection":[{"href":"https:\/\/www.mexicanguitarplayers.com\/en\/wp-json\/wp\/v2\/product"}],"about":[{"href":"https:\/\/www.mexicanguitarplayers.com\/en\/wp-json\/wp\/v2\/types\/product"}],"replies":[{"embeddable":true,"href":"https:\/\/www.mexicanguitarplayers.com\/en\/wp-json\/wp\/v2\/comments?post=30817"}],"wp:featuredmedia":[{"embeddable":true,"href":"https:\/\/www.mexicanguitarplayers.com\/en\/wp-json\/wp\/v2\/media\/30816"}],"wp:attachment":[{"href":"https:\/\/www.mexicanguitarplayers.com\/en\/wp-json\/wp\/v2\/media?parent=30817"}],"wp:term":[{"taxonomy":"pwb-brand","embeddable":true,"href":"https:\/\/www.mexicanguitarplayers.com\/en\/wp-json\/wp\/v2\/pwb-brand?post=30817"},{"taxonomy":"product_brand","embeddable":true,"href":"https:\/\/www.mexicanguitarplayers.com\/en\/wp-json\/wp\/v2\/product_brand?post=30817"},{"taxonomy":"product_cat","embeddable":true,"href":"https:\/\/www.mexicanguitarplayers.com\/en\/wp-json\/wp\/v2\/product_cat?post=30817"},{"taxonomy":"product_tag","embeddable":true,"href":"https:\/\/www.mexicanguitarplayers.com\/en\/wp-json\/wp\/v2\/product_tag?post=30817"}],"curies":[{"name":"wp","href":"https:\/\/api.w.org\/{rel}","templated":true}]}}