{"id":30828,"date":"2025-04-08T11:32:29","date_gmt":"2025-04-08T17:32:29","guid":{"rendered":"https:\/\/www.mexicanguitarplayers.com\/tienda\/sin categor\u00eda\/sintetizador-casio-mod-xw-g1\/"},"modified":"2026-04-10T04:36:18","modified_gmt":"2026-04-10T10:36:18","slug":"sintetizador-casio-mod-xw-g1","status":"publish","type":"product","link":"https:\/\/www.mexicanguitarplayers.com\/en\/tienda\/teclas\/sintetizador-y-controlador\/sintetizador\/sintetizador-casio-mod-xw-g1\/","title":{"rendered":"SINTETIZADOR CASIO   MOD. XW-G1"},"content":{"rendered":"<div style=\"text-align: justify\">\n<div>\n<h3>Un secuenciador de 16 pasos y un Sample Looper instalado en el XW-G1 dan cabida a pistas polif\u00f3nicas originales.<\/h3>\n<\/div>\n<div>Una completa interfaz proporciona control en tiempo real para la creaci\u00f3n de pistas con nuevos conceptos. Incorpora potenci\u00f3metros rotatorios e interruptores deslizantes con varios par\u00e1metros asignables, dependiendo de las circunstancias. Controla geniales sonidos de la manera que desees para crear pistas originales distintivas. Un secuenciador de pasos que reproduce patrones secuenciales de 16 pasos seleccionados de 100 x 8 variaciones de los patrones de las composiciones musicales polif\u00f3nicas predefinidas, con g\u00e9neros tales como tecno, house, hip hop y electr\u00f3nica, todos reproducidos en loop. Puedes crear pistas originales, a\u00f1adiendo tus propios arreglos al controlar el sonido para cada comp\u00e1s con los 16 botones de ON\/OFF (encendido\/apagado) y al cambiar notas y velocidad en tiempo real mediante los 9 botones deslizables. Tambi\u00e9n se ha a\u00f1adido una funci\u00f3n de cadenas para que los creadores de pistas puedan enlazar hasta 99 patrones m\u00faltiples de composiciones musicales y reproducirlos en loop. Esto permite la creaci\u00f3n de hasta 100 variaciones de los patrones originales. Presenta tus propios sonidos distintivos realizando muestras con una variedad de sonidos y frases. Un Sample Looper capaz de superponer una gran gama de sonidos. Las composiciones creadas con el instrumento en s\u00ed, as\u00ed como tambi\u00e9n sonidos externos, se pueden reproducir en loop y superponer por hasta 19 segundos. Esta funci\u00f3n es \u00fatil para crear pistas que sirvan como fuentes de sonido original. Los creadores de pistas pueden utilizar el modo Beat para grabar un segmento de sonido de un solo comp\u00e1s y repetirlo una cantidad especificada de veces, el modo Split para tomar varias muestras consecutivamente en una sola grabaci\u00f3n o el modo OVDB para superponer grabaciones sobre las muestras grabadas. La barra de muestra te permite seleccionar el modo adecuado para cualquier circunstancia en particular. Un tono de onda del usuario para guardar sonidos como tonos de usuario y utilizarlos en varias composiciones. Se pueden almacenar hasta 10 tipos de fuentes de sonido con un m\u00e1ximo de 50 tonos preparados utilizando el Sample Looper (en el modo Split). Estos tonos se pueden utilizar durante una presentaci\u00f3n con teclado, para reproducir en loop las secuencias del secuenciador de pasos o utilizarlos como fuentes de sonidos de bater\u00eda. Tambi\u00e9n se puede cambiar el tono, filtro o amplificador con el Generador de envolventes dedicado. Sonidos contempor\u00e1neos implementados de manera din\u00e1mica en la m\u00fasica de clubes. Se encuentran disponibles varios tonos de solos de sintetizador, desde los sonidos est\u00e1ndar hasta sonidos altamente distintivos.  Incorpora 766 formas de onda de sintetizador adoptadas por los sonidos caracter\u00edsticos de clubes de moda, as\u00ed como tambi\u00e9n 701 formas de onda de bater\u00eda y 20 variaciones de bater\u00eda cuidadosamente seleccionadas de la m\u00fasica de clubes. En conjunto, facilitan la creaci\u00f3n de pistas polif\u00f3nicas geniales y altamente energ\u00e9ticas. Un secuenciador de frase para indicar y reproducir frases secuenciales. Los recursos incorporados tambi\u00e9n incluyen 100 frases predefinidas, incluyendo frases de sintetizador de alta velocidad y loops de bater\u00eda. Se pueden reproducir frases espec\u00edficas durante una actuaci\u00f3n (se puede en loop) para incrementar a\u00fan m\u00e1s el nivel de entusiasmo. Se puede registrar una selecci\u00f3n de hasta 100 frases utilizadas en actuaciones como frases originales. Una funci\u00f3n Arpegio que se puede sincronizar con el Secuenciador de pasos. Se pueden usar patrones de arpegio que adoptan a las teclas presionadas como sonidos constituyentes y reproducir todo en loop. Esta funci\u00f3n abre incluso m\u00e1s posibilidades de composici\u00f3n utilizando el teclado o secuenciador de pasos. Una tecla multifunci\u00f3n para asignar varias frases y funciones al teclado. Se puede asignar a 25 teclas varias frases y funciones, incluyendo Frases de secuencia, Cambio de tempo o Cambios de control y efecto. Los par\u00e1metros se pueden cambiar y las frases se pueden reproducir de manera instant\u00e1nea, lo que proporciona un funcionamiento superior en tiempo real. Su cuerpo liviano de 5,4 kg permite un f\u00e1cil transporte hacia un club o fiesta. El funcionamiento con bater\u00edas asegura el acceso a una fuente de energ\u00eda, para eventos tales como actuaciones en exteriores.<\/div>\n<div>\n<h4>Quick look<\/h4>\n<\/div>\n<ul style=\"margin: 0px 0px 0px 25px\">\n<li style=\"list-style-type: circle;margin: 5px\">Teclado.<\/li>\n<li style=\"list-style-type: circle;margin: 5px\">Sensibilidad al tacto.<\/li>\n<li style=\"list-style-type: circle;margin: 5px\">Polifon\u00eda m\u00e1xima.<\/li>\n<li style=\"list-style-type: circle;margin: 5px\">Tonos.<\/li>\n<li style=\"list-style-type: circle;margin: 5px\">Edici\u00f3n de tonos de los solos de sintetizador (monof\u00f3nico).<\/li>\n<li style=\"list-style-type: circle;margin: 5px\">Effects.<\/li>\n<li style=\"list-style-type: circle;margin: 5px\">Funciones de desempe\u00f1o.<\/li>\n<li style=\"list-style-type: circle;margin: 5px\">Secuenciador de pasos.<\/li>\n<li style=\"list-style-type: circle;margin: 5px\">Secuenciador de frases<\/li>\n<li style=\"list-style-type: circle;margin: 5px\">Arpegio.<\/li>\n<li style=\"list-style-type: circle;margin: 5px\">Sample Looper.<\/li>\n<li style=\"list-style-type: circle;margin: 5px\">Mezclador.<\/li>\n<li style=\"list-style-type: circle;margin: 5px\">Otras funciones.<\/li>\n<li style=\"list-style-type: circle;margin: 5px\">MIDI.<\/li>\n<li style=\"list-style-type: circle;margin: 5px\">Ruedas.<\/li>\n<li style=\"list-style-type: circle;margin: 5px\">Deslizadores.<\/li>\n<li style=\"list-style-type: circle;margin: 5px\">Potenci\u00f3metros programables.<\/li>\n<li style=\"list-style-type: circle;margin: 5px\">Selector.<\/li>\n<li style=\"list-style-type: circle;margin: 5px\">Screen.<\/li>\n<li style=\"list-style-type: circle;margin: 5px\">Melod\u00edas de demostraci\u00f3n.<\/li>\n<li style=\"list-style-type: circle;margin: 5px\">Ranuras para tarjetas de memoria SD.<\/li>\n<li style=\"list-style-type: circle;margin: 5px\">Terminales.<\/li>\n<li style=\"list-style-type: circle;margin: 5px\">Power supply.<\/li>\n<li style=\"list-style-type: circle;margin: 5px\">Dimensions.<\/li>\n<li style=\"list-style-type: circle;margin: 5px\">Weight.<\/li>\n<\/ul>\n<div>\n<div style=\"font-weight: bold\">Teclado.<\/div>\n<div>\n<p>61 teclas tama\u00f1o est\u00e1ndar.<\/p>\n<\/div>\n<div style=\"font-weight: bold\">Sensibilidad al tacto.<\/div>\n<div>\n<p>2 tipos, desactivada.<\/p>\n<\/div>\n<div style=\"font-weight: bold\">Polifon\u00eda m\u00e1xima.<\/div>\n<div>\n<p>64 (1 a 32 para algunos tonos).<\/p>\n<\/div>\n<div style=\"font-weight: bold\">Tonos.<\/div>\n<div>\n<p>420 predefinidos, 220 usuario.Solos de sintetizador (monof\u00f3nico): 100 ajustes predefinidos, 100 del usuario.Melod\u00eda PCM: 300 ajustes predefinidos, 100 del usuario.Bater\u00eda PCM: 20 Ajustes predefinidos, 10 del usuario.Onda del usuario: 10 *M\u00e1x. 50 en MODO SPLIT.<\/p>\n<\/div>\n<div style=\"font-weight: bold\">Edici\u00f3n de tonos de los solos de sintetizador (monof\u00f3nico).<\/div>\n<div>\n<p>Sint. bloques OSC1\/ OSC2: 766 ondas de sintetizador, filtro, amplificador.PCM bloques OSC1\/ OSC2: oscilador (2.046 ondas PCM*), filtro, amplificador.*Incluyendo 763 ondas de sintetizador, 50 ondas del usuario, 5 ondas Looper.Bloque de entrada de sonido externo: selector de tono, filtro, amplificador.Bloque de ruido: generador de ruido, filtro, amplificador.Bloque total: filtro, DSP de solos de sintetizador.Bloque LFO 2: controladores virtuales 8.<\/p>\n<\/div>\n<div style=\"font-weight: bold\">Effects.<\/div>\n<div>\n<p>Reverberaci\u00f3n: reverberaci\u00f3n del sistema.Coro: coro del sistema *Salvo al utilizar tonos DSP o solos de sintetizador..DSP: 100 ajustes predefinidos, 100 del usuario, 53 tipos (46 normales, 7 solos de sintetizador).Ecualizador maestro: 4 bandas.<\/p>\n<\/div>\n<div style=\"font-weight: bold\">Funciones de desempe\u00f1o.<\/div>\n<div>\n<p>Memorias: 100 ajustes predefinidos, 100 del usuario.Zona: 4 (m\u00e1ximo).Tecla multifunci\u00f3n: 25.<\/p>\n<\/div>\n<div style=\"font-weight: bold\">Secuenciador de pasos.<\/div>\n<div>\n<p>Secuencia: 100 ajustes predefinidos, 100 del usuario.M\u00e1ximo de pasos: 16.N\u00famero de pistas: 8 monof\u00f3nicas, 1 polif\u00f3nica, 4 de control.Patrones: 8 tipos por secuencia.Cadenas: 100 del usuario.<\/p>\n<\/div>\n<div style=\"font-weight: bold\">Secuenciador de frases<\/div>\n<div>\n<p>Frases: 100 ajustes predefinidos, 100 del usuario.Pista: 1.Modo de reproducci\u00f3n: una sola vez, loop.Capacidad de la memoria: 8 KB \/ frase del usuario, 128 KB \/ 100 frases del usuario.Otros: superposici\u00f3n.<\/p>\n<\/div>\n<div style=\"font-weight: bold\">Arpegio.<\/div>\n<div>\n<p>100 predefinidos, 100 usuario.<\/p>\n<\/div>\n<div style=\"font-weight: bold\">Sample Looper.<\/div>\n<div>\n<p>Muestras del usuario: 10 + 1 muestra temporal.Frecuencias de muestreo: 42 \/ 21 kHz.Canales de muestreo: est\u00e9reo, monoaural.Cuantizaci\u00f3n: 16 bits.<\/p>\n<\/div>\n<div style=\"font-weight: bold\">Mezclador.<\/div>\n<div>\n<p>16 piezas internas + pieza de entrada externa.<\/p>\n<\/div>\n<div style=\"font-weight: bold\">Otras funciones.<\/div>\n<div>\n<p>Transposici\u00f3n: \u00b11 octava (\u201312 a 0 a +12 semitonos).Cambio de octava: \u00b13 octavas.Afinaci\u00f3n: A4 = 415,5 &#8211; 440,0 &#8211; 465,9 Hz.<\/p>\n<\/div>\n<div style=\"font-weight: bold\">MIDI.<\/div>\n<div>\n<p>Recepci\u00f3n de timbres m\u00faltiples de 16, est\u00e1ndar GM Nivel 1.<\/p>\n<\/div>\n<div style=\"font-weight: bold\">Ruedas.<\/div>\n<div>\n<p>Bender, modulaci\u00f3n.<\/p>\n<\/div>\n<div style=\"font-weight: bold\">Deslizadores.<\/div>\n<div>\n<p>9.<\/p>\n<\/div>\n<div style=\"font-weight: bold\">Potenci\u00f3metros programables.<\/div>\n<div>\n<p>4.<\/p>\n<\/div>\n<div style=\"font-weight: bold\">Selector.<\/div>\n<div>\n<p>1.<\/p>\n<\/div>\n<div style=\"font-weight: bold\">Screen.<\/div>\n<div>\n<p>Pantalla LCD con retroiluminaci\u00f3n.<\/p>\n<\/div>\n<div style=\"font-weight: bold\">Melod\u00edas de demostraci\u00f3n.<\/div>\n<div>\n<p>3.<\/p>\n<\/div>\n<div style=\"font-weight: bold\">Ranuras para tarjetas de memoria SD.<\/div>\n<div>\n<p>Tarjetas compatibles: tarjetas de memoria SDHC (m\u00e1x. 32 GB) o SD.Funciones: reproducci\u00f3n SMF, almacenamiento de archivos, acceso a archivos, eliminaci\u00f3n de archivos, formateo de tarjeta.<\/p>\n<\/div>\n<div style=\"font-weight: bold\">Terminales.<\/div>\n<div>\n<p>MIDI: ENTRADA MIDI \/ SALIDA MIDI \/ REENV\u00cdO.USB: Tipo B (Se requiere un cable USB (tipo A-B) para conectarse a una computadora mediante una terminal USB.SOSTENIDO \/ PROGRAMABLE: conector est\u00e1ndar (sostenido, suave, iniciar \/ detener etc.).AUD\u00cdFONOS: conector est\u00e9reo est\u00e1ndar.L\u00cdNEA DE SALIDA: conector est\u00e1ndar (L\/MONO para cada uno), conector est\u00e1ndar (R).ENTRADA DE INST: conector mono est\u00e1ndar.ENTRADA DE MIC: conector mono est\u00e1ndar.ENTRADA DE AUDIO: conector est\u00e9reo mini.POTENCIA CC DE ENTRADA: 9,5 V.<\/p>\n<\/div>\n<div style=\"font-weight: bold\">Power supply.<\/div>\n<div>\n<p>Adaptador de CA: AD-E95100L (incluido).Pilas: 6 pilas alcalinas o de zinc-carbono tama\u00f1o D.Vida de las pilas: aproximadamente 35 horas (pilas alcalinas, con aud\u00edfonos conectados).<\/p>\n<\/div>\n<div style=\"font-weight: bold\">Dimensions.<\/div>\n<div>\n<p>948 x 384 x 124 mm (Sin incluir la base y otras proyecciones).<\/p>\n<\/div>\n<div style=\"font-weight: bold\">Weight.<\/div>\n<div>\n<p>5.4 kg (Sin bater\u00edas).<\/p>\n<\/div>\n<\/div>\n<\/div>","protected":false},"excerpt":{"rendered":"<p>Sintetizador de 61 teclas tama\u00f1o est\u00e1ndar sensibles al tacto, secuenciador de frases y pasos: 100 predefinidos y 100 de usuario cada uno. Tonos: 420 tonos definidos y 220 usuario. Sample Looper.  Arpegiador: 100 predefinidos y 100 usuario.Polifon\u00eda de 64 tonos maximo, dimensiones: 948 x 384 x 124 mm, peso: 5.4 kg.&hellip; <a class=\"kt-excerpt-readmore more-link\" href=\"https:\/\/www.mexicanguitarplayers.com\/en\/tienda\/teclas\/sintetizador-y-controlador\/sintetizador\/sintetizador-casio-mod-xw-g1\/\">Read more<\/a><\/p>","protected":false},"featured_media":30825,"comment_status":"open","ping_status":"closed","template":"","meta":{"kt_blocks_editor_width":""},"pwb-brand":[274],"product_brand":[],"product_cat":[393,386,376],"product_tag":[],"class_list":{"0":"post-30828","1":"product","2":"type-product","3":"status-publish","4":"has-post-thumbnail","6":"pwb-brand-casio","7":"product_cat-sintetizador","8":"product_cat-sintetizador-y-controlador","9":"product_cat-teclas","10":"product_shipping_class-5-10-kg","12":"first","13":"outofstock","14":"taxable","15":"shipping-taxable","16":"purchasable","17":"product-type-simple"},"yoast_head":"<!-- This site is optimized with the Yoast SEO plugin v27.5 - https:\/\/yoast.com\/product\/yoast-seo-wordpress\/ -->\n<title>SINTETIZADOR CASIO  MOD. XW-G1 - Mexican Guitar Players<\/title>\n<meta name=\"description\" content=\"Sintetizador de 61 teclas tama\u00f1o est\u00e1ndar sensibles al tacto, secuenciador de frases y pasos: 100 predefinidos y 100 de usuario cada uno. Tonos: 420 tonos definidos y 220 usuario. Sample Looper. Arpegiador: 100 predefinidos y 100 usuario.Polifon\u00eda de 64 tonos maximo, dimensiones: 948 x 384 x 124 mm, peso: 5.4 kg.\" \/>\n<meta name=\"robots\" content=\"index, follow, max-snippet:-1, max-image-preview:large, max-video-preview:-1\" \/>\n<link rel=\"canonical\" href=\"https:\/\/www.mexicanguitarplayers.com\/en\/tienda\/sin%20categor\u00eda\/sintetizador-casio-mod-xw-g1\/\" \/>\n<meta property=\"og:locale\" content=\"en_US\" \/>\n<meta property=\"og:type\" content=\"article\" \/>\n<meta property=\"og:title\" content=\"SINTETIZADOR CASIO  MOD. XW-G1 - Mexican Guitar Players\" \/>\n<meta property=\"og:description\" content=\"Sintetizador de 61 teclas tama\u00f1o est\u00e1ndar sensibles al tacto, secuenciador de frases y pasos: 100 predefinidos y 100 de usuario cada uno. Tonos: 420 tonos definidos y 220 usuario. Sample Looper. Arpegiador: 100 predefinidos y 100 usuario.Polifon\u00eda de 64 tonos maximo, dimensiones: 948 x 384 x 124 mm, peso: 5.4 kg.\" \/>\n<meta property=\"og:url\" content=\"https:\/\/www.mexicanguitarplayers.com\/en\/tienda\/sin categor\u00eda\/sintetizador-casio-mod-xw-g1\/\" \/>\n<meta property=\"og:site_name\" content=\"Mexican Guitar Players\" \/>\n<meta property=\"article:modified_time\" content=\"2026-04-10T10:36:18+00:00\" \/>\n<meta name=\"twitter:card\" content=\"summary_large_image\" \/>\n<meta name=\"twitter:label1\" content=\"Est. reading time\" \/>\n\t<meta name=\"twitter:data1\" content=\"6 minutes\" \/>\n<script type=\"application\/ld+json\" class=\"yoast-schema-graph\">{\"@context\":\"https:\\\/\\\/schema.org\",\"@graph\":[{\"@type\":[\"WebPage\",\"ItemPage\"],\"@id\":\"https:\\\/\\\/www.mexicanguitarplayers.com\\\/tienda\\\/sin categor\u00eda\\\/sintetizador-casio-mod-xw-g1\\\/\",\"url\":\"https:\\\/\\\/www.mexicanguitarplayers.com\\\/tienda\\\/sin categor\u00eda\\\/sintetizador-casio-mod-xw-g1\\\/\",\"name\":\"SINTETIZADOR CASIO MOD. XW-G1 - Mexican Guitar Players\",\"isPartOf\":{\"@id\":\"https:\\\/\\\/www.mexicanguitarplayers.com\\\/#website\"},\"primaryImageOfPage\":{\"@id\":\"https:\\\/\\\/www.mexicanguitarplayers.com\\\/tienda\\\/sin categor\u00eda\\\/sintetizador-casio-mod-xw-g1\\\/#primaryimage\"},\"image\":{\"@id\":\"https:\\\/\\\/www.mexicanguitarplayers.com\\\/tienda\\\/sin categor\u00eda\\\/sintetizador-casio-mod-xw-g1\\\/#primaryimage\"},\"thumbnailUrl\":\"https:\\\/\\\/www.mexicanguitarplayers.com\\\/wp-content\\\/uploads\\\/2025\\\/04\\\/ITCASXWG1.jpg\",\"datePublished\":\"2025-04-08T17:32:29+00:00\",\"dateModified\":\"2026-04-10T10:36:18+00:00\",\"description\":\"Sintetizador de 61 teclas tama\u00f1o est\u00e1ndar sensibles al tacto, secuenciador de frases y pasos: 100 predefinidos y 100 de usuario cada uno. Tonos: 420 tonos definidos y 220 usuario. Sample Looper. Arpegiador: 100 predefinidos y 100 usuario.Polifon\u00eda de 64 tonos maximo, dimensiones: 948 x 384 x 124 mm, peso: 5.4 kg.\",\"breadcrumb\":{\"@id\":\"https:\\\/\\\/www.mexicanguitarplayers.com\\\/tienda\\\/sin categor\u00eda\\\/sintetizador-casio-mod-xw-g1\\\/#breadcrumb\"},\"inLanguage\":\"en-US\",\"potentialAction\":[{\"@type\":\"ReadAction\",\"target\":[\"https:\\\/\\\/www.mexicanguitarplayers.com\\\/tienda\\\/sin categor\u00eda\\\/sintetizador-casio-mod-xw-g1\\\/\"]}]},{\"@type\":\"ImageObject\",\"inLanguage\":\"en-US\",\"@id\":\"https:\\\/\\\/www.mexicanguitarplayers.com\\\/tienda\\\/sin categor\u00eda\\\/sintetizador-casio-mod-xw-g1\\\/#primaryimage\",\"url\":\"https:\\\/\\\/www.mexicanguitarplayers.com\\\/wp-content\\\/uploads\\\/2025\\\/04\\\/ITCASXWG1.jpg\",\"contentUrl\":\"https:\\\/\\\/www.mexicanguitarplayers.com\\\/wp-content\\\/uploads\\\/2025\\\/04\\\/ITCASXWG1.jpg\",\"width\":1600,\"height\":800},{\"@type\":\"BreadcrumbList\",\"@id\":\"https:\\\/\\\/www.mexicanguitarplayers.com\\\/tienda\\\/sin categor\u00eda\\\/sintetizador-casio-mod-xw-g1\\\/#breadcrumb\",\"itemListElement\":[{\"@type\":\"ListItem\",\"position\":1,\"name\":\"Portada\",\"item\":\"https:\\\/\\\/www.mexicanguitarplayers.com\\\/\"},{\"@type\":\"ListItem\",\"position\":2,\"name\":\"Tienda\",\"item\":\"https:\\\/\\\/www.mexicanguitarplayers.com\\\/tienda\\\/\"},{\"@type\":\"ListItem\",\"position\":3,\"name\":\"SINTETIZADOR CASIO MOD. XW-G1\"}]},{\"@type\":\"WebSite\",\"@id\":\"https:\\\/\\\/www.mexicanguitarplayers.com\\\/#website\",\"url\":\"https:\\\/\\\/www.mexicanguitarplayers.com\\\/\",\"name\":\"Mexican Guitar Players\",\"description\":\"Website\",\"publisher\":{\"@id\":\"https:\\\/\\\/www.mexicanguitarplayers.com\\\/#organization\"},\"potentialAction\":[{\"@type\":\"SearchAction\",\"target\":{\"@type\":\"EntryPoint\",\"urlTemplate\":\"https:\\\/\\\/www.mexicanguitarplayers.com\\\/?s={search_term_string}\"},\"query-input\":{\"@type\":\"PropertyValueSpecification\",\"valueRequired\":true,\"valueName\":\"search_term_string\"}}],\"inLanguage\":\"en-US\"},{\"@type\":\"Organization\",\"@id\":\"https:\\\/\\\/www.mexicanguitarplayers.com\\\/#organization\",\"name\":\"Mexican Guitar Players\",\"url\":\"https:\\\/\\\/www.mexicanguitarplayers.com\\\/\",\"logo\":{\"@type\":\"ImageObject\",\"inLanguage\":\"en-US\",\"@id\":\"https:\\\/\\\/www.mexicanguitarplayers.com\\\/#\\\/schema\\\/logo\\\/image\\\/\",\"url\":\"\",\"contentUrl\":\"\",\"caption\":\"Mexican Guitar Players\"},\"image\":{\"@id\":\"https:\\\/\\\/www.mexicanguitarplayers.com\\\/#\\\/schema\\\/logo\\\/image\\\/\"}}]}<\/script>\n<!-- \/ Yoast SEO plugin. -->","yoast_head_json":{"title":"SINTETIZADOR CASIO  MOD. XW-G1 - Mexican Guitar Players","description":"Sintetizador de 61 teclas tama\u00f1o est\u00e1ndar sensibles al tacto, secuenciador de frases y pasos: 100 predefinidos y 100 de usuario cada uno. Tonos: 420 tonos definidos y 220 usuario. Sample Looper. Arpegiador: 100 predefinidos y 100 usuario.Polifon\u00eda de 64 tonos maximo, dimensiones: 948 x 384 x 124 mm, peso: 5.4 kg.","robots":{"index":"index","follow":"follow","max-snippet":"max-snippet:-1","max-image-preview":"max-image-preview:large","max-video-preview":"max-video-preview:-1"},"canonical":"https:\/\/www.mexicanguitarplayers.com\/en\/tienda\/sin categor\u00eda\/sintetizador-casio-mod-xw-g1\/","og_locale":"en_US","og_type":"article","og_title":"SINTETIZADOR CASIO  MOD. XW-G1 - Mexican Guitar Players","og_description":"Sintetizador de 61 teclas tama\u00f1o est\u00e1ndar sensibles al tacto, secuenciador de frases y pasos: 100 predefinidos y 100 de usuario cada uno. Tonos: 420 tonos definidos y 220 usuario. Sample Looper. Arpegiador: 100 predefinidos y 100 usuario.Polifon\u00eda de 64 tonos maximo, dimensiones: 948 x 384 x 124 mm, peso: 5.4 kg.","og_url":"https:\/\/www.mexicanguitarplayers.com\/en\/tienda\/sin categor\u00eda\/sintetizador-casio-mod-xw-g1\/","og_site_name":"Mexican Guitar Players","article_modified_time":"2026-04-10T10:36:18+00:00","twitter_card":"summary_large_image","twitter_misc":{"Est. reading time":"6 minutes"},"schema":{"@context":"https:\/\/schema.org","@graph":[{"@type":["WebPage","ItemPage"],"@id":"https:\/\/www.mexicanguitarplayers.com\/tienda\/sin categor\u00eda\/sintetizador-casio-mod-xw-g1\/","url":"https:\/\/www.mexicanguitarplayers.com\/tienda\/sin categor\u00eda\/sintetizador-casio-mod-xw-g1\/","name":"SINTETIZADOR CASIO MOD. XW-G1 - Mexican Guitar Players","isPartOf":{"@id":"https:\/\/www.mexicanguitarplayers.com\/#website"},"primaryImageOfPage":{"@id":"https:\/\/www.mexicanguitarplayers.com\/tienda\/sin categor\u00eda\/sintetizador-casio-mod-xw-g1\/#primaryimage"},"image":{"@id":"https:\/\/www.mexicanguitarplayers.com\/tienda\/sin categor\u00eda\/sintetizador-casio-mod-xw-g1\/#primaryimage"},"thumbnailUrl":"https:\/\/www.mexicanguitarplayers.com\/wp-content\/uploads\/2025\/04\/ITCASXWG1.jpg","datePublished":"2025-04-08T17:32:29+00:00","dateModified":"2026-04-10T10:36:18+00:00","description":"Sintetizador de 61 teclas tama\u00f1o est\u00e1ndar sensibles al tacto, secuenciador de frases y pasos: 100 predefinidos y 100 de usuario cada uno. Tonos: 420 tonos definidos y 220 usuario. Sample Looper. Arpegiador: 100 predefinidos y 100 usuario.Polifon\u00eda de 64 tonos maximo, dimensiones: 948 x 384 x 124 mm, peso: 5.4 kg.","breadcrumb":{"@id":"https:\/\/www.mexicanguitarplayers.com\/tienda\/sin categor\u00eda\/sintetizador-casio-mod-xw-g1\/#breadcrumb"},"inLanguage":"en-US","potentialAction":[{"@type":"ReadAction","target":["https:\/\/www.mexicanguitarplayers.com\/tienda\/sin categor\u00eda\/sintetizador-casio-mod-xw-g1\/"]}]},{"@type":"ImageObject","inLanguage":"en-US","@id":"https:\/\/www.mexicanguitarplayers.com\/tienda\/sin categor\u00eda\/sintetizador-casio-mod-xw-g1\/#primaryimage","url":"https:\/\/www.mexicanguitarplayers.com\/wp-content\/uploads\/2025\/04\/ITCASXWG1.jpg","contentUrl":"https:\/\/www.mexicanguitarplayers.com\/wp-content\/uploads\/2025\/04\/ITCASXWG1.jpg","width":1600,"height":800},{"@type":"BreadcrumbList","@id":"https:\/\/www.mexicanguitarplayers.com\/tienda\/sin categor\u00eda\/sintetizador-casio-mod-xw-g1\/#breadcrumb","itemListElement":[{"@type":"ListItem","position":1,"name":"Portada","item":"https:\/\/www.mexicanguitarplayers.com\/"},{"@type":"ListItem","position":2,"name":"Tienda","item":"https:\/\/www.mexicanguitarplayers.com\/tienda\/"},{"@type":"ListItem","position":3,"name":"SINTETIZADOR CASIO MOD. XW-G1"}]},{"@type":"WebSite","@id":"https:\/\/www.mexicanguitarplayers.com\/#website","url":"https:\/\/www.mexicanguitarplayers.com\/","name":"Mexican Guitar Players","description":"Website","publisher":{"@id":"https:\/\/www.mexicanguitarplayers.com\/#organization"},"potentialAction":[{"@type":"SearchAction","target":{"@type":"EntryPoint","urlTemplate":"https:\/\/www.mexicanguitarplayers.com\/?s={search_term_string}"},"query-input":{"@type":"PropertyValueSpecification","valueRequired":true,"valueName":"search_term_string"}}],"inLanguage":"en-US"},{"@type":"Organization","@id":"https:\/\/www.mexicanguitarplayers.com\/#organization","name":"Mexican Guitar Players","url":"https:\/\/www.mexicanguitarplayers.com\/","logo":{"@type":"ImageObject","inLanguage":"en-US","@id":"https:\/\/www.mexicanguitarplayers.com\/#\/schema\/logo\/image\/","url":"","contentUrl":"","caption":"Mexican Guitar Players"},"image":{"@id":"https:\/\/www.mexicanguitarplayers.com\/#\/schema\/logo\/image\/"}}]}},"brands":[{"id":274,"name":"CASIO","slug":"casio"}],"_links":{"self":[{"href":"https:\/\/www.mexicanguitarplayers.com\/en\/wp-json\/wp\/v2\/product\/30828","targetHints":{"allow":["GET"]}}],"collection":[{"href":"https:\/\/www.mexicanguitarplayers.com\/en\/wp-json\/wp\/v2\/product"}],"about":[{"href":"https:\/\/www.mexicanguitarplayers.com\/en\/wp-json\/wp\/v2\/types\/product"}],"replies":[{"embeddable":true,"href":"https:\/\/www.mexicanguitarplayers.com\/en\/wp-json\/wp\/v2\/comments?post=30828"}],"wp:featuredmedia":[{"embeddable":true,"href":"https:\/\/www.mexicanguitarplayers.com\/en\/wp-json\/wp\/v2\/media\/30825"}],"wp:attachment":[{"href":"https:\/\/www.mexicanguitarplayers.com\/en\/wp-json\/wp\/v2\/media?parent=30828"}],"wp:term":[{"taxonomy":"pwb-brand","embeddable":true,"href":"https:\/\/www.mexicanguitarplayers.com\/en\/wp-json\/wp\/v2\/pwb-brand?post=30828"},{"taxonomy":"product_brand","embeddable":true,"href":"https:\/\/www.mexicanguitarplayers.com\/en\/wp-json\/wp\/v2\/product_brand?post=30828"},{"taxonomy":"product_cat","embeddable":true,"href":"https:\/\/www.mexicanguitarplayers.com\/en\/wp-json\/wp\/v2\/product_cat?post=30828"},{"taxonomy":"product_tag","embeddable":true,"href":"https:\/\/www.mexicanguitarplayers.com\/en\/wp-json\/wp\/v2\/product_tag?post=30828"}],"curies":[{"name":"wp","href":"https:\/\/api.w.org\/{rel}","templated":true}]}}