{"id":30840,"date":"2025-04-08T11:32:42","date_gmt":"2025-04-08T17:32:42","guid":{"rendered":"https:\/\/www.mexicanguitarplayers.com\/tienda\/sin categor\u00eda\/bafle-behringer-instalacion-ce500a-bk\/"},"modified":"2026-04-10T04:36:16","modified_gmt":"2026-04-10T10:36:16","slug":"bafle-behringer-instalacion-ce500a-bk","status":"publish","type":"product","link":"https:\/\/www.mexicanguitarplayers.com\/en\/tienda\/audio\/bafles-y-bocinas\/bafles\/instalacion\/bafle-behringer-instalacion-ce500a-bk\/","title":{"rendered":"BAFLE BEHRINGER INSTALACION   CE500A-BK"},"content":{"rendered":"<div style=\"text-align: justify\">\n<div>\n<h3>Soluci\u00f3n de audio para instalaci\u00f3n.<\/h3>\n<\/div>\n<div>El sistema de altavoz CE500A-BK es ideal para entornos empresariales, permiti\u00e9ndote disfrutar de un sonido completo y claro en una amplia zona de escucha. Est\u00e1 dise\u00f1ado espec\u00edficamente para complementar las instalaciones comerciales en interiores, como restaurantes, tiendas, salas de exposiciones y mucho m\u00e1s, el CE500A-BK cuenta con 80 watts de potencia y viene equipado con soportes de montaje especiales, con los cuales pueden colocarse en paredes o suspendidos desde arriba para satisfacer los requisitos de cobertura. Sus potentes amplificadores junto con la tecnolog\u00eda de vanguardia, parecen ser impresionantes, pero \u00bfqu\u00e9 pasa con la parte del sistema que realmente escuchas? Nuestros transductores est\u00e1n dise\u00f1ados espec\u00edficamente para cada aplicaci\u00f3n, esto es lo que nos distingue de la competencia. Cuando compras un altavoz CE500A-BK, puedes estar seguro de que los transductores que est\u00e1n dentro, han sido dise\u00f1ados para actuar impecablemente con otros elementos para entregar resultados verdaderamente profesionales. Como resultado, el CE500A-BK proporciona una respuesta de frecuencia plana, desde 60 Hz &#8211; 23 kHz, con graves apretados y precisos, medios articulados y detallados y agudos muy cristalinos. Conectando el CE500A-BK no pudo haber sido m\u00e1s sencillo gracias a su c\u00f3modo panel trasero, que proporciona una entrada de micr\u00f3fono XLR est\u00e1ndar y conectores RCA para conectar una computadora, CD o incluso un reproductor MP3. Para subir y bajar el volumen del micr\u00f3fono, simplemente gira el control de nivel (los niveles de entrada RCA son controlados por el dispositivo fuente). Para ejecutar dos CE500A-BK en modo est\u00e9reo, conecta tu reproductor al jack RCA derecho en un altavoz y al RCA izquierdo en el otro. Incluso puedes encadenar tantos CE500A-BK como lo desees, por medio de su conector XLR Link. Todo lo que necesitas es un cable est\u00e1ndar de micr\u00f3fono. No necesitas ni siquiera una mezcladora para utilizar los altavoces CE500A-BK, solo proporciona la potencia de funcionamiento, conecta un micr\u00f3fono y empieza a hablar. A veces eso es todo lo que necesitas. Es como tener tu propio meg\u00e1fono de 80 watts. Y ya sea que necesites los altavoces para una sala de conferencias, una sala de espera o el comedor, los altavoces CE500A-BK elevar\u00e1n el estado de tu empresa y transmitir\u00e1s tu mensaje con estilo.<\/div>\n<div>\n<h4>Quick look<\/h4>\n<\/div>\n<ul style=\"margin: 0px 0px 0px 25px\">\n<li style=\"list-style-type: circle;margin: 5px\">Componentes.<\/li>\n<li style=\"list-style-type: circle;margin: 5px\">Output power.<\/li>\n<li style=\"list-style-type: circle;margin: 5px\">Audio inputs.<\/li>\n<li style=\"list-style-type: circle;margin: 5px\">Salida de audio.<\/li>\n<li style=\"list-style-type: circle;margin: 5px\">Datos del sistema.<\/li>\n<li style=\"list-style-type: circle;margin: 5px\">Power supply.<\/li>\n<li style=\"list-style-type: circle;margin: 5px\">Dimensions.<\/li>\n<li style=\"list-style-type: circle;margin: 5px\">Weight.<\/li>\n<\/ul>\n<div>\n<div style=\"font-weight: bold\">Componentes.<\/div>\n<div>\n<p>Tweeter: 1\/2&#8243; pulgadas. Woofer: 5 1\/2&#8243; pulgadas.<\/p>\n<\/div>\n<div style=\"font-weight: bold\">Output power.<\/div>\n<div>\n<p>RMS: 50 watts. Pico: 80 watts.<\/p>\n<\/div>\n<div style=\"font-weight: bold\">Audio inputs.<\/div>\n<div>\n<p>MIC\/LINE: XLR balanceado. Impedancia de entrada: 27 kohms. Sensibilidad: -40 dB a +10 dB. Impedancia de entrada de CD\/TAPE\/RCA: 27 kohms.<\/p>\n<\/div>\n<div style=\"font-weight: bold\">Salida de audio.<\/div>\n<div>\n<p>LINK: XLR balanceado.<\/p>\n<\/div>\n<div style=\"font-weight: bold\">Datos del sistema.<\/div>\n<div>\n<p>Rango de frecuencia: 60 Hz &#8211; 23 kHz (-10 dB). Frecuencia de crossover: 5 kHz. XPL m\u00e1ximo: 112 dB. Limitador: \u00d3ptico.<\/p>\n<\/div>\n<div style=\"font-weight: bold\">Power supply.<\/div>\n<div>\n<p>100-120V~: T 2.5 A H 250 V. Consumo de energ\u00eda: M\u00e1ximo 150 watts. Conector de corriente: Recept\u00e1culo IEC est\u00e1ndar.<\/p>\n<\/div>\n<div style=\"font-weight: bold\">Dimensions.<\/div>\n<div>\n<p>318 x 195 x 197 mm.<\/p>\n<\/div>\n<div style=\"font-weight: bold\">Weight.<\/div>\n<div>\n<p>7 kg.<\/p>\n<\/div>\n<\/div>\n<\/div>","protected":false},"excerpt":{"rendered":"<p>Sistema de altavoces activos de alto rendimiento de 80 watts para instalaciones comerciales en interiores (restaurantes, tiendas, exhibiciones), multimedia, grabaci\u00f3n en estudio casero y producci\u00f3n de video y audio, calidad excepcional de sonido, amplio rango din\u00e1mico y rango de frecuencias ultra lineal de 60 Hz a 23 kHz, potente woofer de 5 1\/2\u201d pulgadas con cono de celulosa extremadamente ligero y tweeter de 1\/2\u201d pulgada de alta resoluci\u00f3n, limitador integrado para el control definitivo del sistema y protecci\u00f3n del altavoz, entrada Mic\/Line de ruido ultra bajo con control de volumen y LED de pico, el conector de salida adicional permite conectar sistemas de altavoces adicionales, incluye soportes ultra flexibles para montaje en pared.&hellip; <a class=\"kt-excerpt-readmore more-link\" href=\"https:\/\/www.mexicanguitarplayers.com\/en\/tienda\/audio\/bafles-y-bocinas\/bafles\/instalacion\/bafle-behringer-instalacion-ce500a-bk\/\">Read more<\/a><\/p>","protected":false},"featured_media":30838,"comment_status":"open","ping_status":"closed","template":"","meta":{"kt_blocks_editor_width":""},"pwb-brand":[171],"product_brand":[],"product_cat":[213,222,221,243],"product_tag":[],"class_list":{"0":"post-30840","1":"product","2":"type-product","3":"status-publish","4":"has-post-thumbnail","6":"pwb-brand-behringer","7":"product_cat-audio","8":"product_cat-bafles","9":"product_cat-bafles-y-bocinas","10":"product_cat-instalacion","11":"product_shipping_class-5-10-kg","13":"first","14":"outofstock","15":"taxable","16":"shipping-taxable","17":"purchasable","18":"product-type-simple"},"yoast_head":"<!-- This site is optimized with the Yoast SEO plugin v27.5 - https:\/\/yoast.com\/product\/yoast-seo-wordpress\/ -->\n<title>BAFLE BEHRINGER INSTALACION  CE500A-BK - Mexican Guitar Players<\/title>\n<meta name=\"description\" content=\"Sistema de altavoces activos de alto rendimiento de 80 watts para instalaciones comerciales en interiores (restaurantes, tiendas, exhibiciones), multimedia, grabaci\u00f3n en estudio casero y producci\u00f3n de video y audio, calidad excepcional de sonido, amplio rango din\u00e1mico y rango de frecuencias ultra lineal de 60 Hz a 23 kHz, potente woofer de 5 1\/2\u201d pulgadas con cono de celulosa extremadamente ligero y tweeter de 1\/2\u201d pulgada de alta resoluci\u00f3n, limitador integrado para el control definitivo del sistema y protecci\u00f3n del altavoz, entrada Mic\/Line de ruido ultra bajo con control de volumen y LED de pico, el conector de salida adicional permite conectar sistemas de altavoces adicionales, incluye soportes ultra flexibles para montaje en pared.\" \/>\n<meta name=\"robots\" content=\"index, follow, max-snippet:-1, max-image-preview:large, max-video-preview:-1\" \/>\n<link rel=\"canonical\" href=\"https:\/\/www.mexicanguitarplayers.com\/en\/tienda\/sin%20categor\u00eda\/bafle-behringer-instalacion-ce500a-bk\/\" \/>\n<meta property=\"og:locale\" content=\"en_US\" \/>\n<meta property=\"og:type\" content=\"article\" \/>\n<meta property=\"og:title\" content=\"BAFLE BEHRINGER INSTALACION  CE500A-BK - Mexican Guitar Players\" \/>\n<meta property=\"og:description\" content=\"Sistema de altavoces activos de alto rendimiento de 80 watts para instalaciones comerciales en interiores (restaurantes, tiendas, exhibiciones), multimedia, grabaci\u00f3n en estudio casero y producci\u00f3n de video y audio, calidad excepcional de sonido, amplio rango din\u00e1mico y rango de frecuencias ultra lineal de 60 Hz a 23 kHz, potente woofer de 5 1\/2\u201d pulgadas con cono de celulosa extremadamente ligero y tweeter de 1\/2\u201d pulgada de alta resoluci\u00f3n, limitador integrado para el control definitivo del sistema y protecci\u00f3n del altavoz, entrada Mic\/Line de ruido ultra bajo con control de volumen y LED de pico, el conector de salida adicional permite conectar sistemas de altavoces adicionales, incluye soportes ultra flexibles para montaje en pared.\" \/>\n<meta property=\"og:url\" content=\"https:\/\/www.mexicanguitarplayers.com\/en\/tienda\/sin categor\u00eda\/bafle-behringer-instalacion-ce500a-bk\/\" \/>\n<meta property=\"og:site_name\" content=\"Mexican Guitar Players\" \/>\n<meta property=\"article:modified_time\" content=\"2026-04-10T10:36:16+00:00\" \/>\n<meta name=\"twitter:card\" content=\"summary_large_image\" \/>\n<meta name=\"twitter:label1\" content=\"Est. reading time\" \/>\n\t<meta name=\"twitter:data1\" content=\"3 minutes\" \/>\n<script type=\"application\/ld+json\" class=\"yoast-schema-graph\">{\"@context\":\"https:\\\/\\\/schema.org\",\"@graph\":[{\"@type\":[\"WebPage\",\"ItemPage\"],\"@id\":\"https:\\\/\\\/www.mexicanguitarplayers.com\\\/tienda\\\/sin categor\u00eda\\\/bafle-behringer-instalacion-ce500a-bk\\\/\",\"url\":\"https:\\\/\\\/www.mexicanguitarplayers.com\\\/tienda\\\/sin categor\u00eda\\\/bafle-behringer-instalacion-ce500a-bk\\\/\",\"name\":\"BAFLE BEHRINGER INSTALACION CE500A-BK - Mexican Guitar Players\",\"isPartOf\":{\"@id\":\"https:\\\/\\\/www.mexicanguitarplayers.com\\\/#website\"},\"primaryImageOfPage\":{\"@id\":\"https:\\\/\\\/www.mexicanguitarplayers.com\\\/tienda\\\/sin categor\u00eda\\\/bafle-behringer-instalacion-ce500a-bk\\\/#primaryimage\"},\"image\":{\"@id\":\"https:\\\/\\\/www.mexicanguitarplayers.com\\\/tienda\\\/sin categor\u00eda\\\/bafle-behringer-instalacion-ce500a-bk\\\/#primaryimage\"},\"thumbnailUrl\":\"https:\\\/\\\/www.mexicanguitarplayers.com\\\/wp-content\\\/uploads\\\/2025\\\/04\\\/IABEHCE500ABK.jpg\",\"datePublished\":\"2025-04-08T17:32:42+00:00\",\"dateModified\":\"2026-04-10T10:36:16+00:00\",\"description\":\"Sistema de altavoces activos de alto rendimiento de 80 watts para instalaciones comerciales en interiores (restaurantes, tiendas, exhibiciones), multimedia, grabaci\u00f3n en estudio casero y producci\u00f3n de video y audio, calidad excepcional de sonido, amplio rango din\u00e1mico y rango de frecuencias ultra lineal de 60 Hz a 23 kHz, potente woofer de 5 1\\\/2\u201d pulgadas con cono de celulosa extremadamente ligero y tweeter de 1\\\/2\u201d pulgada de alta resoluci\u00f3n, limitador integrado para el control definitivo del sistema y protecci\u00f3n del altavoz, entrada Mic\\\/Line de ruido ultra bajo con control de volumen y LED de pico, el conector de salida adicional permite conectar sistemas de altavoces adicionales, incluye soportes ultra flexibles para montaje en pared.\",\"breadcrumb\":{\"@id\":\"https:\\\/\\\/www.mexicanguitarplayers.com\\\/tienda\\\/sin categor\u00eda\\\/bafle-behringer-instalacion-ce500a-bk\\\/#breadcrumb\"},\"inLanguage\":\"en-US\",\"potentialAction\":[{\"@type\":\"ReadAction\",\"target\":[\"https:\\\/\\\/www.mexicanguitarplayers.com\\\/tienda\\\/sin categor\u00eda\\\/bafle-behringer-instalacion-ce500a-bk\\\/\"]}]},{\"@type\":\"ImageObject\",\"inLanguage\":\"en-US\",\"@id\":\"https:\\\/\\\/www.mexicanguitarplayers.com\\\/tienda\\\/sin categor\u00eda\\\/bafle-behringer-instalacion-ce500a-bk\\\/#primaryimage\",\"url\":\"https:\\\/\\\/www.mexicanguitarplayers.com\\\/wp-content\\\/uploads\\\/2025\\\/04\\\/IABEHCE500ABK.jpg\",\"contentUrl\":\"https:\\\/\\\/www.mexicanguitarplayers.com\\\/wp-content\\\/uploads\\\/2025\\\/04\\\/IABEHCE500ABK.jpg\",\"width\":1200,\"height\":1200},{\"@type\":\"BreadcrumbList\",\"@id\":\"https:\\\/\\\/www.mexicanguitarplayers.com\\\/tienda\\\/sin categor\u00eda\\\/bafle-behringer-instalacion-ce500a-bk\\\/#breadcrumb\",\"itemListElement\":[{\"@type\":\"ListItem\",\"position\":1,\"name\":\"Portada\",\"item\":\"https:\\\/\\\/www.mexicanguitarplayers.com\\\/\"},{\"@type\":\"ListItem\",\"position\":2,\"name\":\"Tienda\",\"item\":\"https:\\\/\\\/www.mexicanguitarplayers.com\\\/tienda\\\/\"},{\"@type\":\"ListItem\",\"position\":3,\"name\":\"BAFLE BEHRINGER INSTALACION CE500A-BK\"}]},{\"@type\":\"WebSite\",\"@id\":\"https:\\\/\\\/www.mexicanguitarplayers.com\\\/#website\",\"url\":\"https:\\\/\\\/www.mexicanguitarplayers.com\\\/\",\"name\":\"Mexican Guitar Players\",\"description\":\"Website\",\"publisher\":{\"@id\":\"https:\\\/\\\/www.mexicanguitarplayers.com\\\/#organization\"},\"potentialAction\":[{\"@type\":\"SearchAction\",\"target\":{\"@type\":\"EntryPoint\",\"urlTemplate\":\"https:\\\/\\\/www.mexicanguitarplayers.com\\\/?s={search_term_string}\"},\"query-input\":{\"@type\":\"PropertyValueSpecification\",\"valueRequired\":true,\"valueName\":\"search_term_string\"}}],\"inLanguage\":\"en-US\"},{\"@type\":\"Organization\",\"@id\":\"https:\\\/\\\/www.mexicanguitarplayers.com\\\/#organization\",\"name\":\"Mexican Guitar Players\",\"url\":\"https:\\\/\\\/www.mexicanguitarplayers.com\\\/\",\"logo\":{\"@type\":\"ImageObject\",\"inLanguage\":\"en-US\",\"@id\":\"https:\\\/\\\/www.mexicanguitarplayers.com\\\/#\\\/schema\\\/logo\\\/image\\\/\",\"url\":\"\",\"contentUrl\":\"\",\"caption\":\"Mexican Guitar Players\"},\"image\":{\"@id\":\"https:\\\/\\\/www.mexicanguitarplayers.com\\\/#\\\/schema\\\/logo\\\/image\\\/\"}}]}<\/script>\n<!-- \/ Yoast SEO plugin. -->","yoast_head_json":{"title":"BAFLE BEHRINGER INSTALACION  CE500A-BK - Mexican Guitar Players","description":"Sistema de altavoces activos de alto rendimiento de 80 watts para instalaciones comerciales en interiores (restaurantes, tiendas, exhibiciones), multimedia, grabaci\u00f3n en estudio casero y producci\u00f3n de video y audio, calidad excepcional de sonido, amplio rango din\u00e1mico y rango de frecuencias ultra lineal de 60 Hz a 23 kHz, potente woofer de 5 1\/2\u201d pulgadas con cono de celulosa extremadamente ligero y tweeter de 1\/2\u201d pulgada de alta resoluci\u00f3n, limitador integrado para el control definitivo del sistema y protecci\u00f3n del altavoz, entrada Mic\/Line de ruido ultra bajo con control de volumen y LED de pico, el conector de salida adicional permite conectar sistemas de altavoces adicionales, incluye soportes ultra flexibles para montaje en pared.","robots":{"index":"index","follow":"follow","max-snippet":"max-snippet:-1","max-image-preview":"max-image-preview:large","max-video-preview":"max-video-preview:-1"},"canonical":"https:\/\/www.mexicanguitarplayers.com\/en\/tienda\/sin categor\u00eda\/bafle-behringer-instalacion-ce500a-bk\/","og_locale":"en_US","og_type":"article","og_title":"BAFLE BEHRINGER INSTALACION  CE500A-BK - Mexican Guitar Players","og_description":"Sistema de altavoces activos de alto rendimiento de 80 watts para instalaciones comerciales en interiores (restaurantes, tiendas, exhibiciones), multimedia, grabaci\u00f3n en estudio casero y producci\u00f3n de video y audio, calidad excepcional de sonido, amplio rango din\u00e1mico y rango de frecuencias ultra lineal de 60 Hz a 23 kHz, potente woofer de 5 1\/2\u201d pulgadas con cono de celulosa extremadamente ligero y tweeter de 1\/2\u201d pulgada de alta resoluci\u00f3n, limitador integrado para el control definitivo del sistema y protecci\u00f3n del altavoz, entrada Mic\/Line de ruido ultra bajo con control de volumen y LED de pico, el conector de salida adicional permite conectar sistemas de altavoces adicionales, incluye soportes ultra flexibles para montaje en pared.","og_url":"https:\/\/www.mexicanguitarplayers.com\/en\/tienda\/sin categor\u00eda\/bafle-behringer-instalacion-ce500a-bk\/","og_site_name":"Mexican Guitar Players","article_modified_time":"2026-04-10T10:36:16+00:00","twitter_card":"summary_large_image","twitter_misc":{"Est. reading time":"3 minutes"},"schema":{"@context":"https:\/\/schema.org","@graph":[{"@type":["WebPage","ItemPage"],"@id":"https:\/\/www.mexicanguitarplayers.com\/tienda\/sin categor\u00eda\/bafle-behringer-instalacion-ce500a-bk\/","url":"https:\/\/www.mexicanguitarplayers.com\/tienda\/sin categor\u00eda\/bafle-behringer-instalacion-ce500a-bk\/","name":"BAFLE BEHRINGER INSTALACION CE500A-BK - Mexican Guitar Players","isPartOf":{"@id":"https:\/\/www.mexicanguitarplayers.com\/#website"},"primaryImageOfPage":{"@id":"https:\/\/www.mexicanguitarplayers.com\/tienda\/sin categor\u00eda\/bafle-behringer-instalacion-ce500a-bk\/#primaryimage"},"image":{"@id":"https:\/\/www.mexicanguitarplayers.com\/tienda\/sin categor\u00eda\/bafle-behringer-instalacion-ce500a-bk\/#primaryimage"},"thumbnailUrl":"https:\/\/www.mexicanguitarplayers.com\/wp-content\/uploads\/2025\/04\/IABEHCE500ABK.jpg","datePublished":"2025-04-08T17:32:42+00:00","dateModified":"2026-04-10T10:36:16+00:00","description":"Sistema de altavoces activos de alto rendimiento de 80 watts para instalaciones comerciales en interiores (restaurantes, tiendas, exhibiciones), multimedia, grabaci\u00f3n en estudio casero y producci\u00f3n de video y audio, calidad excepcional de sonido, amplio rango din\u00e1mico y rango de frecuencias ultra lineal de 60 Hz a 23 kHz, potente woofer de 5 1\/2\u201d pulgadas con cono de celulosa extremadamente ligero y tweeter de 1\/2\u201d pulgada de alta resoluci\u00f3n, limitador integrado para el control definitivo del sistema y protecci\u00f3n del altavoz, entrada Mic\/Line de ruido ultra bajo con control de volumen y LED de pico, el conector de salida adicional permite conectar sistemas de altavoces adicionales, incluye soportes ultra flexibles para montaje en pared.","breadcrumb":{"@id":"https:\/\/www.mexicanguitarplayers.com\/tienda\/sin categor\u00eda\/bafle-behringer-instalacion-ce500a-bk\/#breadcrumb"},"inLanguage":"en-US","potentialAction":[{"@type":"ReadAction","target":["https:\/\/www.mexicanguitarplayers.com\/tienda\/sin categor\u00eda\/bafle-behringer-instalacion-ce500a-bk\/"]}]},{"@type":"ImageObject","inLanguage":"en-US","@id":"https:\/\/www.mexicanguitarplayers.com\/tienda\/sin categor\u00eda\/bafle-behringer-instalacion-ce500a-bk\/#primaryimage","url":"https:\/\/www.mexicanguitarplayers.com\/wp-content\/uploads\/2025\/04\/IABEHCE500ABK.jpg","contentUrl":"https:\/\/www.mexicanguitarplayers.com\/wp-content\/uploads\/2025\/04\/IABEHCE500ABK.jpg","width":1200,"height":1200},{"@type":"BreadcrumbList","@id":"https:\/\/www.mexicanguitarplayers.com\/tienda\/sin categor\u00eda\/bafle-behringer-instalacion-ce500a-bk\/#breadcrumb","itemListElement":[{"@type":"ListItem","position":1,"name":"Portada","item":"https:\/\/www.mexicanguitarplayers.com\/"},{"@type":"ListItem","position":2,"name":"Tienda","item":"https:\/\/www.mexicanguitarplayers.com\/tienda\/"},{"@type":"ListItem","position":3,"name":"BAFLE BEHRINGER INSTALACION CE500A-BK"}]},{"@type":"WebSite","@id":"https:\/\/www.mexicanguitarplayers.com\/#website","url":"https:\/\/www.mexicanguitarplayers.com\/","name":"Mexican Guitar Players","description":"Website","publisher":{"@id":"https:\/\/www.mexicanguitarplayers.com\/#organization"},"potentialAction":[{"@type":"SearchAction","target":{"@type":"EntryPoint","urlTemplate":"https:\/\/www.mexicanguitarplayers.com\/?s={search_term_string}"},"query-input":{"@type":"PropertyValueSpecification","valueRequired":true,"valueName":"search_term_string"}}],"inLanguage":"en-US"},{"@type":"Organization","@id":"https:\/\/www.mexicanguitarplayers.com\/#organization","name":"Mexican Guitar Players","url":"https:\/\/www.mexicanguitarplayers.com\/","logo":{"@type":"ImageObject","inLanguage":"en-US","@id":"https:\/\/www.mexicanguitarplayers.com\/#\/schema\/logo\/image\/","url":"","contentUrl":"","caption":"Mexican Guitar Players"},"image":{"@id":"https:\/\/www.mexicanguitarplayers.com\/#\/schema\/logo\/image\/"}}]}},"brands":[{"id":171,"name":"BEHRINGER","slug":"behringer"}],"_links":{"self":[{"href":"https:\/\/www.mexicanguitarplayers.com\/en\/wp-json\/wp\/v2\/product\/30840","targetHints":{"allow":["GET"]}}],"collection":[{"href":"https:\/\/www.mexicanguitarplayers.com\/en\/wp-json\/wp\/v2\/product"}],"about":[{"href":"https:\/\/www.mexicanguitarplayers.com\/en\/wp-json\/wp\/v2\/types\/product"}],"replies":[{"embeddable":true,"href":"https:\/\/www.mexicanguitarplayers.com\/en\/wp-json\/wp\/v2\/comments?post=30840"}],"wp:featuredmedia":[{"embeddable":true,"href":"https:\/\/www.mexicanguitarplayers.com\/en\/wp-json\/wp\/v2\/media\/30838"}],"wp:attachment":[{"href":"https:\/\/www.mexicanguitarplayers.com\/en\/wp-json\/wp\/v2\/media?parent=30840"}],"wp:term":[{"taxonomy":"pwb-brand","embeddable":true,"href":"https:\/\/www.mexicanguitarplayers.com\/en\/wp-json\/wp\/v2\/pwb-brand?post=30840"},{"taxonomy":"product_brand","embeddable":true,"href":"https:\/\/www.mexicanguitarplayers.com\/en\/wp-json\/wp\/v2\/product_brand?post=30840"},{"taxonomy":"product_cat","embeddable":true,"href":"https:\/\/www.mexicanguitarplayers.com\/en\/wp-json\/wp\/v2\/product_cat?post=30840"},{"taxonomy":"product_tag","embeddable":true,"href":"https:\/\/www.mexicanguitarplayers.com\/en\/wp-json\/wp\/v2\/product_tag?post=30840"}],"curies":[{"name":"wp","href":"https:\/\/api.w.org\/{rel}","templated":true}]}}