{"id":30871,"date":"2025-04-08T11:33:19","date_gmt":"2025-04-08T17:33:19","guid":{"rendered":"https:\/\/www.mexicanguitarplayers.com\/tienda\/sin categor\u00eda\/funda-proel-p-guit-clasica-bag-200pn\/"},"modified":"2026-05-01T07:24:46","modified_gmt":"2026-05-01T13:24:46","slug":"funda-proel-p-guit-clasica-bag-200pn","status":"publish","type":"product","link":"https:\/\/www.mexicanguitarplayers.com\/en\/tienda\/accesorios\/estuches-y-fundas\/para-guitarra\/para-guitarra-clasica\/funda-proel-p-guit-clasica-bag-200pn\/","title":{"rendered":"FUNDA PROEL P\/GUIT. CLASICA  BAG-200PN"},"content":{"rendered":"<div style=\"text-align: justify\">\n<div>\n<h3>La mejor tecnolog\u00eda italiana en fundas profesionales.<\/h3>\n<\/div>\n<div>Las fundas para guitarras ac\u00fasticas Proel est\u00e1n dise\u00f1ados para eliminar los problemas asociados con las fundas convencionales. La mejor tecnolog\u00eda Italiana a tu alcance. La funda BAG200PN de Proel para guitarra cl\u00e1sica est\u00e1 construida con suave nylon 420D, resistente a rasgaduras, tiene un acolchado de espuma de alta densidad de 10 mm e interior de nylon, con refuerzo en el cabezal y puente.  Las agarraderas est\u00e1n acolchonadas para ofrecer una m\u00e1xima comodidad. Se puede cerrar con velcro. Las bolsas tambi\u00e9n cuentan con una agarradera de nylon reforzado. La correa de hombro es ajustable y se  asegura a la funda con anillos de metal resistente. Amplios bolsillos situados en la parte frontal de las bolsas para libros de m\u00fasica y accesorios.<\/div>\n<div>\n<h4>Quick look<\/h4>\n<\/div>\n<ul style=\"margin: 0px 0px 0px 25px\">\n<li style=\"list-style-type: circle;margin: 5px\">Agarraderas.<\/li>\n<li style=\"list-style-type: circle;margin: 5px\">Correa.<\/li>\n<li style=\"list-style-type: circle;margin: 5px\">Construcci\u00f3n.<\/li>\n<\/ul>\n<div>\n<div style=\"font-weight: bold\">Agarraderas.<\/div>\n<div>\n<p>Est\u00e1n acolchonadas para ofrecer una m\u00e1xima comodidad, se pueden cerrar con velcro.<\/p>\n<\/div>\n<div style=\"font-weight: bold\">Correa.<\/div>\n<div>\n<p>Acolchada para el hombro, es ajustable y se asegura a la bolsa con anillos de metal resistente.<\/p>\n<\/div>\n<div style=\"font-weight: bold\">Construcci\u00f3n.<\/div>\n<div>\n<p>De suave nylon 420D resistente a rasgaduras, la serie 200 dispone de un resistente relleno de espuma de alta densidad de 10 mm e interior de nylon 90D.<\/p>\n<\/div>\n<\/div>\n<div>\n<h4>Characteristics<\/h4>\n<\/div>\n<div>\n<ul style=\"margin: 0px 0px 0px 25px\">\n<li style=\"list-style-type: circle;margin: 5px\">Amplios bolsillos para libros de m\u00fasica y accesorios.<\/li>\n<\/ul>\n<\/div>\n<\/div>","protected":false},"excerpt":{"rendered":"<p>Funda Proel para guitarra cl\u00e1sica. Modelo: BAG200PN. Construida con nylon 420D.Resistente a rasgaduras. Acolchcado de espuma de alta densidad de 10 mm. Interior de nylon. Agarraderas acolchonadas. Se puede cerrar con velcro. Bolsas con agarradera de nylon reforzado. Correa acolchada ajustable para hombro. Amplios bolsillos situados en la parte frontal de las bolsas para libros de m\u00fasica y accesorios.&hellip; <a class=\"kt-excerpt-readmore more-link\" href=\"https:\/\/www.mexicanguitarplayers.com\/en\/tienda\/accesorios\/estuches-y-fundas\/para-guitarra\/para-guitarra-clasica\/funda-proel-p-guit-clasica-bag-200pn\/\">Read more<\/a><\/p>","protected":false},"featured_media":30869,"comment_status":"open","ping_status":"closed","template":"","meta":{"kt_blocks_editor_width":""},"pwb-brand":[252],"product_brand":[],"product_cat":[85,517,566,577],"product_tag":[],"class_list":{"0":"post-30871","1":"product","2":"type-product","3":"status-publish","4":"has-post-thumbnail","6":"pwb-brand-proel","7":"product_cat-accesorios","8":"product_cat-estuches-y-fundas","9":"product_cat-para-guitarra","10":"product_cat-para-guitarra-clasica","11":"product_shipping_class-0-5-kg","13":"first","14":"instock","15":"taxable","16":"shipping-taxable","17":"purchasable","18":"product-type-simple"},"yoast_head":"<!-- This site is optimized with the Yoast SEO plugin v27.5 - https:\/\/yoast.com\/product\/yoast-seo-wordpress\/ -->\n<title>FUNDA PROEL P\/GUIT. CLASICA BAG-200PN - Mexican Guitar Players<\/title>\n<meta name=\"description\" content=\"Funda Proel para guitarra cl\u00e1sica. Modelo: BAG200PN. Construida con nylon 420D.Resistente a rasgaduras. Acolchcado de espuma de alta densidad de 10 mm. Interior de nylon. Agarraderas acolchonadas. Se puede cerrar con velcro. Bolsas con agarradera de nylon reforzado. Correa acolchada ajustable para hombro. Amplios bolsillos situados en la parte frontal de las bolsas para libros de m\u00fasica y accesorios.\" \/>\n<meta name=\"robots\" content=\"index, follow, max-snippet:-1, max-image-preview:large, max-video-preview:-1\" \/>\n<link rel=\"canonical\" href=\"https:\/\/www.mexicanguitarplayers.com\/en\/tienda\/sin%20categor\u00eda\/funda-proel-p-guit-clasica-bag-200pn\/\" \/>\n<meta property=\"og:locale\" content=\"en_US\" \/>\n<meta property=\"og:type\" content=\"article\" \/>\n<meta property=\"og:title\" content=\"FUNDA PROEL P\/GUIT. CLASICA BAG-200PN - Mexican Guitar Players\" \/>\n<meta property=\"og:description\" content=\"Funda Proel para guitarra cl\u00e1sica. Modelo: BAG200PN. Construida con nylon 420D.Resistente a rasgaduras. Acolchcado de espuma de alta densidad de 10 mm. Interior de nylon. Agarraderas acolchonadas. Se puede cerrar con velcro. Bolsas con agarradera de nylon reforzado. Correa acolchada ajustable para hombro. Amplios bolsillos situados en la parte frontal de las bolsas para libros de m\u00fasica y accesorios.\" \/>\n<meta property=\"og:url\" content=\"https:\/\/www.mexicanguitarplayers.com\/en\/tienda\/sin categor\u00eda\/funda-proel-p-guit-clasica-bag-200pn\/\" \/>\n<meta property=\"og:site_name\" content=\"Mexican Guitar Players\" \/>\n<meta property=\"article:modified_time\" content=\"2026-05-01T13:24:46+00:00\" \/>\n<meta name=\"twitter:card\" content=\"summary_large_image\" \/>\n<meta name=\"twitter:label1\" content=\"Est. reading time\" \/>\n\t<meta name=\"twitter:data1\" content=\"1 minute\" \/>\n<script type=\"application\/ld+json\" class=\"yoast-schema-graph\">{\"@context\":\"https:\\\/\\\/schema.org\",\"@graph\":[{\"@type\":[\"WebPage\",\"ItemPage\"],\"@id\":\"https:\\\/\\\/www.mexicanguitarplayers.com\\\/tienda\\\/sin categor\u00eda\\\/funda-proel-p-guit-clasica-bag-200pn\\\/\",\"url\":\"https:\\\/\\\/www.mexicanguitarplayers.com\\\/tienda\\\/sin categor\u00eda\\\/funda-proel-p-guit-clasica-bag-200pn\\\/\",\"name\":\"FUNDA PROEL P\\\/GUIT. CLASICA BAG-200PN - Mexican Guitar Players\",\"isPartOf\":{\"@id\":\"https:\\\/\\\/www.mexicanguitarplayers.com\\\/#website\"},\"primaryImageOfPage\":{\"@id\":\"https:\\\/\\\/www.mexicanguitarplayers.com\\\/tienda\\\/sin categor\u00eda\\\/funda-proel-p-guit-clasica-bag-200pn\\\/#primaryimage\"},\"image\":{\"@id\":\"https:\\\/\\\/www.mexicanguitarplayers.com\\\/tienda\\\/sin categor\u00eda\\\/funda-proel-p-guit-clasica-bag-200pn\\\/#primaryimage\"},\"thumbnailUrl\":\"https:\\\/\\\/www.mexicanguitarplayers.com\\\/wp-content\\\/uploads\\\/2025\\\/04\\\/VAPREBAG200PN.jpg\",\"datePublished\":\"2025-04-08T17:33:19+00:00\",\"dateModified\":\"2026-05-01T13:24:46+00:00\",\"description\":\"Funda Proel para guitarra cl\u00e1sica. Modelo: BAG200PN. Construida con nylon 420D.Resistente a rasgaduras. Acolchcado de espuma de alta densidad de 10 mm. Interior de nylon. Agarraderas acolchonadas. Se puede cerrar con velcro. Bolsas con agarradera de nylon reforzado. Correa acolchada ajustable para hombro. Amplios bolsillos situados en la parte frontal de las bolsas para libros de m\u00fasica y accesorios.\",\"breadcrumb\":{\"@id\":\"https:\\\/\\\/www.mexicanguitarplayers.com\\\/tienda\\\/sin categor\u00eda\\\/funda-proel-p-guit-clasica-bag-200pn\\\/#breadcrumb\"},\"inLanguage\":\"en-US\",\"potentialAction\":[{\"@type\":\"ReadAction\",\"target\":[\"https:\\\/\\\/www.mexicanguitarplayers.com\\\/tienda\\\/sin categor\u00eda\\\/funda-proel-p-guit-clasica-bag-200pn\\\/\"]}]},{\"@type\":\"ImageObject\",\"inLanguage\":\"en-US\",\"@id\":\"https:\\\/\\\/www.mexicanguitarplayers.com\\\/tienda\\\/sin categor\u00eda\\\/funda-proel-p-guit-clasica-bag-200pn\\\/#primaryimage\",\"url\":\"https:\\\/\\\/www.mexicanguitarplayers.com\\\/wp-content\\\/uploads\\\/2025\\\/04\\\/VAPREBAG200PN.jpg\",\"contentUrl\":\"https:\\\/\\\/www.mexicanguitarplayers.com\\\/wp-content\\\/uploads\\\/2025\\\/04\\\/VAPREBAG200PN.jpg\",\"width\":1200,\"height\":1200},{\"@type\":\"BreadcrumbList\",\"@id\":\"https:\\\/\\\/www.mexicanguitarplayers.com\\\/tienda\\\/sin categor\u00eda\\\/funda-proel-p-guit-clasica-bag-200pn\\\/#breadcrumb\",\"itemListElement\":[{\"@type\":\"ListItem\",\"position\":1,\"name\":\"Portada\",\"item\":\"https:\\\/\\\/www.mexicanguitarplayers.com\\\/\"},{\"@type\":\"ListItem\",\"position\":2,\"name\":\"Tienda\",\"item\":\"https:\\\/\\\/www.mexicanguitarplayers.com\\\/tienda\\\/\"},{\"@type\":\"ListItem\",\"position\":3,\"name\":\"FUNDA PROEL P\\\/GUIT. CLASICA BAG-200PN\"}]},{\"@type\":\"WebSite\",\"@id\":\"https:\\\/\\\/www.mexicanguitarplayers.com\\\/#website\",\"url\":\"https:\\\/\\\/www.mexicanguitarplayers.com\\\/\",\"name\":\"Mexican Guitar Players\",\"description\":\"Website\",\"publisher\":{\"@id\":\"https:\\\/\\\/www.mexicanguitarplayers.com\\\/#organization\"},\"potentialAction\":[{\"@type\":\"SearchAction\",\"target\":{\"@type\":\"EntryPoint\",\"urlTemplate\":\"https:\\\/\\\/www.mexicanguitarplayers.com\\\/?s={search_term_string}\"},\"query-input\":{\"@type\":\"PropertyValueSpecification\",\"valueRequired\":true,\"valueName\":\"search_term_string\"}}],\"inLanguage\":\"en-US\"},{\"@type\":\"Organization\",\"@id\":\"https:\\\/\\\/www.mexicanguitarplayers.com\\\/#organization\",\"name\":\"Mexican Guitar Players\",\"url\":\"https:\\\/\\\/www.mexicanguitarplayers.com\\\/\",\"logo\":{\"@type\":\"ImageObject\",\"inLanguage\":\"en-US\",\"@id\":\"https:\\\/\\\/www.mexicanguitarplayers.com\\\/#\\\/schema\\\/logo\\\/image\\\/\",\"url\":\"\",\"contentUrl\":\"\",\"caption\":\"Mexican Guitar Players\"},\"image\":{\"@id\":\"https:\\\/\\\/www.mexicanguitarplayers.com\\\/#\\\/schema\\\/logo\\\/image\\\/\"}}]}<\/script>\n<!-- \/ Yoast SEO plugin. -->","yoast_head_json":{"title":"FUNDA PROEL P\/GUIT. CLASICA BAG-200PN - Mexican Guitar Players","description":"Funda Proel para guitarra cl\u00e1sica. Modelo: BAG200PN. Construida con nylon 420D.Resistente a rasgaduras. Acolchcado de espuma de alta densidad de 10 mm. Interior de nylon. Agarraderas acolchonadas. Se puede cerrar con velcro. Bolsas con agarradera de nylon reforzado. Correa acolchada ajustable para hombro. Amplios bolsillos situados en la parte frontal de las bolsas para libros de m\u00fasica y accesorios.","robots":{"index":"index","follow":"follow","max-snippet":"max-snippet:-1","max-image-preview":"max-image-preview:large","max-video-preview":"max-video-preview:-1"},"canonical":"https:\/\/www.mexicanguitarplayers.com\/en\/tienda\/sin categor\u00eda\/funda-proel-p-guit-clasica-bag-200pn\/","og_locale":"en_US","og_type":"article","og_title":"FUNDA PROEL P\/GUIT. CLASICA BAG-200PN - Mexican Guitar Players","og_description":"Funda Proel para guitarra cl\u00e1sica. Modelo: BAG200PN. Construida con nylon 420D.Resistente a rasgaduras. Acolchcado de espuma de alta densidad de 10 mm. Interior de nylon. Agarraderas acolchonadas. Se puede cerrar con velcro. Bolsas con agarradera de nylon reforzado. Correa acolchada ajustable para hombro. Amplios bolsillos situados en la parte frontal de las bolsas para libros de m\u00fasica y accesorios.","og_url":"https:\/\/www.mexicanguitarplayers.com\/en\/tienda\/sin categor\u00eda\/funda-proel-p-guit-clasica-bag-200pn\/","og_site_name":"Mexican Guitar Players","article_modified_time":"2026-05-01T13:24:46+00:00","twitter_card":"summary_large_image","twitter_misc":{"Est. reading time":"1 minute"},"schema":{"@context":"https:\/\/schema.org","@graph":[{"@type":["WebPage","ItemPage"],"@id":"https:\/\/www.mexicanguitarplayers.com\/tienda\/sin categor\u00eda\/funda-proel-p-guit-clasica-bag-200pn\/","url":"https:\/\/www.mexicanguitarplayers.com\/tienda\/sin categor\u00eda\/funda-proel-p-guit-clasica-bag-200pn\/","name":"FUNDA PROEL P\/GUIT. CLASICA BAG-200PN - Mexican Guitar Players","isPartOf":{"@id":"https:\/\/www.mexicanguitarplayers.com\/#website"},"primaryImageOfPage":{"@id":"https:\/\/www.mexicanguitarplayers.com\/tienda\/sin categor\u00eda\/funda-proel-p-guit-clasica-bag-200pn\/#primaryimage"},"image":{"@id":"https:\/\/www.mexicanguitarplayers.com\/tienda\/sin categor\u00eda\/funda-proel-p-guit-clasica-bag-200pn\/#primaryimage"},"thumbnailUrl":"https:\/\/www.mexicanguitarplayers.com\/wp-content\/uploads\/2025\/04\/VAPREBAG200PN.jpg","datePublished":"2025-04-08T17:33:19+00:00","dateModified":"2026-05-01T13:24:46+00:00","description":"Funda Proel para guitarra cl\u00e1sica. Modelo: BAG200PN. Construida con nylon 420D.Resistente a rasgaduras. Acolchcado de espuma de alta densidad de 10 mm. Interior de nylon. Agarraderas acolchonadas. Se puede cerrar con velcro. Bolsas con agarradera de nylon reforzado. Correa acolchada ajustable para hombro. Amplios bolsillos situados en la parte frontal de las bolsas para libros de m\u00fasica y accesorios.","breadcrumb":{"@id":"https:\/\/www.mexicanguitarplayers.com\/tienda\/sin categor\u00eda\/funda-proel-p-guit-clasica-bag-200pn\/#breadcrumb"},"inLanguage":"en-US","potentialAction":[{"@type":"ReadAction","target":["https:\/\/www.mexicanguitarplayers.com\/tienda\/sin categor\u00eda\/funda-proel-p-guit-clasica-bag-200pn\/"]}]},{"@type":"ImageObject","inLanguage":"en-US","@id":"https:\/\/www.mexicanguitarplayers.com\/tienda\/sin categor\u00eda\/funda-proel-p-guit-clasica-bag-200pn\/#primaryimage","url":"https:\/\/www.mexicanguitarplayers.com\/wp-content\/uploads\/2025\/04\/VAPREBAG200PN.jpg","contentUrl":"https:\/\/www.mexicanguitarplayers.com\/wp-content\/uploads\/2025\/04\/VAPREBAG200PN.jpg","width":1200,"height":1200},{"@type":"BreadcrumbList","@id":"https:\/\/www.mexicanguitarplayers.com\/tienda\/sin categor\u00eda\/funda-proel-p-guit-clasica-bag-200pn\/#breadcrumb","itemListElement":[{"@type":"ListItem","position":1,"name":"Portada","item":"https:\/\/www.mexicanguitarplayers.com\/"},{"@type":"ListItem","position":2,"name":"Tienda","item":"https:\/\/www.mexicanguitarplayers.com\/tienda\/"},{"@type":"ListItem","position":3,"name":"FUNDA PROEL P\/GUIT. CLASICA BAG-200PN"}]},{"@type":"WebSite","@id":"https:\/\/www.mexicanguitarplayers.com\/#website","url":"https:\/\/www.mexicanguitarplayers.com\/","name":"Mexican Guitar Players","description":"Website","publisher":{"@id":"https:\/\/www.mexicanguitarplayers.com\/#organization"},"potentialAction":[{"@type":"SearchAction","target":{"@type":"EntryPoint","urlTemplate":"https:\/\/www.mexicanguitarplayers.com\/?s={search_term_string}"},"query-input":{"@type":"PropertyValueSpecification","valueRequired":true,"valueName":"search_term_string"}}],"inLanguage":"en-US"},{"@type":"Organization","@id":"https:\/\/www.mexicanguitarplayers.com\/#organization","name":"Mexican Guitar Players","url":"https:\/\/www.mexicanguitarplayers.com\/","logo":{"@type":"ImageObject","inLanguage":"en-US","@id":"https:\/\/www.mexicanguitarplayers.com\/#\/schema\/logo\/image\/","url":"","contentUrl":"","caption":"Mexican Guitar Players"},"image":{"@id":"https:\/\/www.mexicanguitarplayers.com\/#\/schema\/logo\/image\/"}}]}},"brands":[{"id":252,"name":"PROEL","slug":"proel"}],"_links":{"self":[{"href":"https:\/\/www.mexicanguitarplayers.com\/en\/wp-json\/wp\/v2\/product\/30871","targetHints":{"allow":["GET"]}}],"collection":[{"href":"https:\/\/www.mexicanguitarplayers.com\/en\/wp-json\/wp\/v2\/product"}],"about":[{"href":"https:\/\/www.mexicanguitarplayers.com\/en\/wp-json\/wp\/v2\/types\/product"}],"replies":[{"embeddable":true,"href":"https:\/\/www.mexicanguitarplayers.com\/en\/wp-json\/wp\/v2\/comments?post=30871"}],"wp:featuredmedia":[{"embeddable":true,"href":"https:\/\/www.mexicanguitarplayers.com\/en\/wp-json\/wp\/v2\/media\/30869"}],"wp:attachment":[{"href":"https:\/\/www.mexicanguitarplayers.com\/en\/wp-json\/wp\/v2\/media?parent=30871"}],"wp:term":[{"taxonomy":"pwb-brand","embeddable":true,"href":"https:\/\/www.mexicanguitarplayers.com\/en\/wp-json\/wp\/v2\/pwb-brand?post=30871"},{"taxonomy":"product_brand","embeddable":true,"href":"https:\/\/www.mexicanguitarplayers.com\/en\/wp-json\/wp\/v2\/product_brand?post=30871"},{"taxonomy":"product_cat","embeddable":true,"href":"https:\/\/www.mexicanguitarplayers.com\/en\/wp-json\/wp\/v2\/product_cat?post=30871"},{"taxonomy":"product_tag","embeddable":true,"href":"https:\/\/www.mexicanguitarplayers.com\/en\/wp-json\/wp\/v2\/product_tag?post=30871"}],"curies":[{"name":"wp","href":"https:\/\/api.w.org\/{rel}","templated":true}]}}