{"id":30888,"date":"2025-04-08T11:33:38","date_gmt":"2025-04-08T17:33:38","guid":{"rendered":"https:\/\/www.mexicanguitarplayers.com\/tienda\/sin categor\u00eda\/audifonos-boya-mod-by-ap1\/"},"modified":"2025-04-30T10:15:14","modified_gmt":"2025-04-30T16:15:14","slug":"audifonos-boya-mod-by-ap1","status":"publish","type":"product","link":"https:\/\/www.mexicanguitarplayers.com\/en\/tienda\/audio\/audifonos\/audifono-alambrico\/audifonos-hifi\/audifonos-boya-mod-by-ap1\/","title":{"rendered":"AUDIFONOS BOYA MOD. BY-AP1"},"content":{"rendered":"<div style=\"text-align: justify\">\n<div>\n<h3>Experimenta el mundo con estos aud\u00edfonos.<\/h3>\n<\/div>\n<div>Con aud\u00edfonos dobles con un peso inferior a 5g, los BY-AP1 de Boya son los aud\u00edfonos True Wireless m\u00e1s compactos y c\u00f3modos. Puedes seleccionar el earplug m\u00e1s adecuado para ti entre dos tama\u00f1os diferentes en el paquete y comenzar un momento musical agradable siempre que est\u00e9s practicando deportes, viajando o simplemente cuando est\u00e1s solo.<\/div>\n<div>\n<h4>Quick look<\/h4>\n<\/div>\n<ul style=\"margin: 0px 0px 0px 25px\">\n<li style=\"list-style-type: circle;margin: 5px\">C\u00f3modo uso.<\/li>\n<li style=\"list-style-type: circle;margin: 5px\">Carga tipo C.<\/li>\n<li style=\"list-style-type: circle;margin: 5px\">Tama\u00f1o port\u00e1til.<\/li>\n<li style=\"list-style-type: circle;margin: 5px\">Excelentes caracter\u00edsticas.<\/li>\n<li style=\"list-style-type: circle;margin: 5px\">Funciones.<\/li>\n<li style=\"list-style-type: circle;margin: 5px\">Emparejamiento.<\/li>\n<li style=\"list-style-type: circle;margin: 5px\">Nombre del dispositivo bluetooth.<\/li>\n<li style=\"list-style-type: circle;margin: 5px\">Versi\u00f3n bluetooth.<\/li>\n<li style=\"list-style-type: circle;margin: 5px\">Rango de frecuencia.<\/li>\n<li style=\"list-style-type: circle;margin: 5px\">Distancia de bluetooth.<\/li>\n<li style=\"list-style-type: circle;margin: 5px\">Bater\u00eda de los aud\u00edfonos.<\/li>\n<li style=\"list-style-type: circle;margin: 5px\">Bater\u00eda del estuche de carga.<\/li>\n<li style=\"list-style-type: circle;margin: 5px\">Entrada de carga.<\/li>\n<li style=\"list-style-type: circle;margin: 5px\">Tiempo de reproducci\u00f3n de m\u00fasica.<\/li>\n<li style=\"list-style-type: circle;margin: 5px\">Tiempo de carga.<\/li>\n<li style=\"list-style-type: circle;margin: 5px\">Perfil de bluetooth.<\/li>\n<li style=\"list-style-type: circle;margin: 5px\">Weight.<\/li>\n<\/ul>\n<div>\n<div style=\"font-weight: bold\">C\u00f3modo uso.<\/div>\n<div>\n<p>Dise\u00f1ado para ser m\u00e1s compatible con la estructura de su o\u00eddo y evitar ca\u00eddas accidentales en los movimientos.<\/p>\n<\/div>\n<div style=\"font-weight: bold\">Carga tipo C.<\/div>\n<div>\n<p>Posee una duraci\u00f3n de bater\u00eda de 6 horas y se carga con un estuche de carga incluido. En conjunto, te ofrece hasta 22 horas de reproducci\u00f3n, lo suficiente para que puedas viajar todo el d\u00eda con un gran acompa\u00f1amiento musical.<\/p>\n<\/div>\n<div style=\"font-weight: bold\">Tama\u00f1o port\u00e1til.<\/div>\n<div>\n<p>Cuando salgas con mochilas livianas, estos aud\u00edfonos ser\u00e1n tu herramienta favorita, porque est\u00e1 dise\u00f1ada con un tama\u00f1o s\u00faper liviano y compacto para guardar en tu bolsillo.<\/p>\n<\/div>\n<div style=\"font-weight: bold\">Excelentes caracter\u00edsticas.<\/div>\n<div>\n<p>Bluetooth V5.0, reproducci\u00f3n de m\u00fasica de alta calidad, llamadas claras, latencia ultra baja, operaci\u00f3n t\u00e1ctil inteligente, modo de escucha simple\/doble conmutable, 6 horas + 16 horas de reproducci\u00f3n, asequibles.<\/p>\n<\/div>\n<div style=\"font-weight: bold\">Funciones.<\/div>\n<div>\n<p>Turn on y Turn off: Autom\u00e1ticamente los aud\u00edfonos izquierdo\/derecho se encender\u00e1n autom\u00e1ticamente despu\u00e9s de sacarlos del estuche de carga y se apagar\u00e1n despu\u00e9s de volver a colocarlos. Manualmente: Mant\u00e9n presionados los aud\u00edfonos izquierdo\/derecho durante 2.5 segundos para encender cada aud\u00edfono por separado. Con el dispositivo emparejado, mant\u00e9n presionados los aud\u00edfonos izquierdo\/derecho durante 8 segundos para apagar cada uno de ellos por separado, de lo contrario, ambos aud\u00edfonos se apagar\u00e1n al mismo tiempo.<\/p>\n<\/div>\n<div style=\"font-weight: bold\">Emparejamiento.<\/div>\n<div>\n<p>Modo de aud\u00edfonos dobles: Izquierdo\/derecho se emparejar\u00e1n autom\u00e1ticamente entre s\u00ed despu\u00e9s de que ambos se encienden y parpadear\u00e1n cada 0.5 segundos hasta que se conecte el dispositivo bluetooth. Enciende la funci\u00f3n bluetooth de tu dispositivo y con\u00e9ctate al nombre de BY-AP1. Modo de aud\u00edfono simple: Enciende el aud\u00edfono izquierdo o derecho y espera hasta que la luz parpadee cada 0.5 segundos. Encienden la funci\u00f3n bluetooth de tu dispositivo y con\u00e9ctate al nombre de BY-AP1. Reconexi\u00f3n: Los aud\u00edfonos se conectar\u00e1n autom\u00e1ticamente con el \u00faltimo dispositivo conectado despu\u00e9s de volver a encenderlos.<\/p>\n<\/div>\n<div style=\"font-weight: bold\">Nombre del dispositivo bluetooth.<\/div>\n<div>\n<p>BY-AP1.<\/p>\n<\/div>\n<div style=\"font-weight: bold\">Versi\u00f3n bluetooth.<\/div>\n<div>\n<p>V5.0<\/p>\n<\/div>\n<div style=\"font-weight: bold\">Rango de frecuencia.<\/div>\n<div>\n<p>20 HZ &#8211; 20 kHz.<\/p>\n<\/div>\n<div style=\"font-weight: bold\">Distancia de bluetooth.<\/div>\n<div>\n<p>=10 m.<\/p>\n<\/div>\n<div style=\"font-weight: bold\">Bater\u00eda de los aud\u00edfonos.<\/div>\n<div>\n<p>50 mAh*2.<\/p>\n<\/div>\n<div style=\"font-weight: bold\">Bater\u00eda del estuche de carga.<\/div>\n<div>\n<p>400 mAh.<\/p>\n<\/div>\n<div style=\"font-weight: bold\">Entrada de carga.<\/div>\n<div>\n<p>DC 5V\/1A.<\/p>\n<\/div>\n<div style=\"font-weight: bold\">Tiempo de reproducci\u00f3n de m\u00fasica.<\/div>\n<div>\n<p>\u02dc6 horas (aud\u00edfonos) (70% de volumen). \u02dc16 horas (estuche de carga).<\/p>\n<\/div>\n<div style=\"font-weight: bold\">Tiempo de carga.<\/div>\n<div>\n<p>\u02dc1 hora (aud\u00edfonos). \u02dc1 hora (estuche de carga).<\/p>\n<\/div>\n<div style=\"font-weight: bold\">Perfil de bluetooth.<\/div>\n<div>\n<p>HSP\/HFP\/A2DP\/AVRCP.<\/p>\n<\/div>\n<div style=\"font-weight: bold\">Weight.<\/div>\n<div>\n<p>5 g (aud\u00edfonos), 32 g (estuche de carga).<\/p>\n<\/div>\n<\/div>\n<\/div>","protected":false},"excerpt":{"rendered":"<p>Aud\u00edfonos inal\u00e1mbricos de alta calidad, c\u00f3modos y ligeros, True Wireless, tecnolog\u00eda bluetooth 5.0, duraci\u00f3n de bater\u00eda de 6 horas y se carga con un estuche de carga incluido, tama\u00f1o port\u00e1til, rango de frecuencia: 20 HZ &#8211; 20 kHz, peso: 5 g (aud\u00edfonos), 32 g (estuche de carga).&hellip; <a class=\"kt-excerpt-readmore more-link\" href=\"https:\/\/www.mexicanguitarplayers.com\/en\/tienda\/audio\/audifonos\/audifono-alambrico\/audifonos-hifi\/audifonos-boya-mod-by-ap1\/\">Read more<\/a><\/p>","protected":false},"featured_media":30878,"comment_status":"open","ping_status":"closed","template":"","meta":{"kt_blocks_editor_width":""},"pwb-brand":[228],"product_brand":[],"product_cat":[598,505,516,213],"product_tag":[],"class_list":{"0":"post-30888","1":"product","2":"type-product","3":"status-publish","4":"has-post-thumbnail","6":"pwb-brand-boya","7":"product_cat-audifono-inalambrico","8":"product_cat-audifonos","9":"product_cat-audifonos-hifi","10":"product_cat-audio","11":"product_shipping_class-0-5-kg","13":"first","14":"outofstock","15":"taxable","16":"shipping-taxable","17":"purchasable","18":"product-type-simple"},"yoast_head":"<!-- This site is optimized with the Yoast SEO plugin v27.5 - https:\/\/yoast.com\/product\/yoast-seo-wordpress\/ -->\n<title>AUDIFONOS BOYA MOD. BY-AP1 - Mexican Guitar Players<\/title>\n<meta name=\"description\" content=\"Aud\u00edfonos inal\u00e1mbricos de alta calidad, c\u00f3modos y ligeros, True Wireless, tecnolog\u00eda bluetooth 5.0, duraci\u00f3n de bater\u00eda de 6 horas y se carga con un estuche de carga incluido, tama\u00f1o port\u00e1til, rango de frecuencia: 20 HZ - 20 kHz, peso: 5 g (aud\u00edfonos), 32 g (estuche de carga).\" \/>\n<meta name=\"robots\" content=\"index, follow, max-snippet:-1, max-image-preview:large, max-video-preview:-1\" \/>\n<link rel=\"canonical\" href=\"https:\/\/www.mexicanguitarplayers.com\/en\/tienda\/sin%20categor\u00eda\/audifonos-boya-mod-by-ap1\/\" \/>\n<meta property=\"og:locale\" content=\"en_US\" \/>\n<meta property=\"og:type\" content=\"article\" \/>\n<meta property=\"og:title\" content=\"AUDIFONOS BOYA MOD. BY-AP1 - Mexican Guitar Players\" \/>\n<meta property=\"og:description\" content=\"Aud\u00edfonos inal\u00e1mbricos de alta calidad, c\u00f3modos y ligeros, True Wireless, tecnolog\u00eda bluetooth 5.0, duraci\u00f3n de bater\u00eda de 6 horas y se carga con un estuche de carga incluido, tama\u00f1o port\u00e1til, rango de frecuencia: 20 HZ - 20 kHz, peso: 5 g (aud\u00edfonos), 32 g (estuche de carga).\" \/>\n<meta property=\"og:url\" content=\"https:\/\/www.mexicanguitarplayers.com\/en\/tienda\/sin categor\u00eda\/audifonos-boya-mod-by-ap1\/\" \/>\n<meta property=\"og:site_name\" content=\"Mexican Guitar Players\" \/>\n<meta property=\"article:modified_time\" content=\"2025-04-30T16:15:14+00:00\" \/>\n<meta name=\"twitter:card\" content=\"summary_large_image\" \/>\n<meta name=\"twitter:label1\" content=\"Est. reading time\" \/>\n\t<meta name=\"twitter:data1\" content=\"3 minutes\" \/>\n<script type=\"application\/ld+json\" class=\"yoast-schema-graph\">{\"@context\":\"https:\\\/\\\/schema.org\",\"@graph\":[{\"@type\":[\"WebPage\",\"ItemPage\"],\"@id\":\"https:\\\/\\\/www.mexicanguitarplayers.com\\\/tienda\\\/sin categor\u00eda\\\/audifonos-boya-mod-by-ap1\\\/\",\"url\":\"https:\\\/\\\/www.mexicanguitarplayers.com\\\/tienda\\\/sin categor\u00eda\\\/audifonos-boya-mod-by-ap1\\\/\",\"name\":\"AUDIFONOS BOYA MOD. BY-AP1 - Mexican Guitar Players\",\"isPartOf\":{\"@id\":\"https:\\\/\\\/www.mexicanguitarplayers.com\\\/#website\"},\"primaryImageOfPage\":{\"@id\":\"https:\\\/\\\/www.mexicanguitarplayers.com\\\/tienda\\\/sin categor\u00eda\\\/audifonos-boya-mod-by-ap1\\\/#primaryimage\"},\"image\":{\"@id\":\"https:\\\/\\\/www.mexicanguitarplayers.com\\\/tienda\\\/sin categor\u00eda\\\/audifonos-boya-mod-by-ap1\\\/#primaryimage\"},\"thumbnailUrl\":\"https:\\\/\\\/www.mexicanguitarplayers.com\\\/wp-content\\\/uploads\\\/2025\\\/04\\\/VABOYAP1.jpg\",\"datePublished\":\"2025-04-08T17:33:38+00:00\",\"dateModified\":\"2025-04-30T16:15:14+00:00\",\"description\":\"Aud\u00edfonos inal\u00e1mbricos de alta calidad, c\u00f3modos y ligeros, True Wireless, tecnolog\u00eda bluetooth 5.0, duraci\u00f3n de bater\u00eda de 6 horas y se carga con un estuche de carga incluido, tama\u00f1o port\u00e1til, rango de frecuencia: 20 HZ - 20 kHz, peso: 5 g (aud\u00edfonos), 32 g (estuche de carga).\",\"breadcrumb\":{\"@id\":\"https:\\\/\\\/www.mexicanguitarplayers.com\\\/tienda\\\/sin categor\u00eda\\\/audifonos-boya-mod-by-ap1\\\/#breadcrumb\"},\"inLanguage\":\"en-US\",\"potentialAction\":[{\"@type\":\"ReadAction\",\"target\":[\"https:\\\/\\\/www.mexicanguitarplayers.com\\\/tienda\\\/sin categor\u00eda\\\/audifonos-boya-mod-by-ap1\\\/\"]}]},{\"@type\":\"ImageObject\",\"inLanguage\":\"en-US\",\"@id\":\"https:\\\/\\\/www.mexicanguitarplayers.com\\\/tienda\\\/sin categor\u00eda\\\/audifonos-boya-mod-by-ap1\\\/#primaryimage\",\"url\":\"https:\\\/\\\/www.mexicanguitarplayers.com\\\/wp-content\\\/uploads\\\/2025\\\/04\\\/VABOYAP1.jpg\",\"contentUrl\":\"https:\\\/\\\/www.mexicanguitarplayers.com\\\/wp-content\\\/uploads\\\/2025\\\/04\\\/VABOYAP1.jpg\",\"width\":1200,\"height\":1200},{\"@type\":\"BreadcrumbList\",\"@id\":\"https:\\\/\\\/www.mexicanguitarplayers.com\\\/tienda\\\/sin categor\u00eda\\\/audifonos-boya-mod-by-ap1\\\/#breadcrumb\",\"itemListElement\":[{\"@type\":\"ListItem\",\"position\":1,\"name\":\"Portada\",\"item\":\"https:\\\/\\\/www.mexicanguitarplayers.com\\\/\"},{\"@type\":\"ListItem\",\"position\":2,\"name\":\"Tienda\",\"item\":\"https:\\\/\\\/www.mexicanguitarplayers.com\\\/tienda\\\/\"},{\"@type\":\"ListItem\",\"position\":3,\"name\":\"AUDIFONOS BOYA MOD. BY-AP1\"}]},{\"@type\":\"WebSite\",\"@id\":\"https:\\\/\\\/www.mexicanguitarplayers.com\\\/#website\",\"url\":\"https:\\\/\\\/www.mexicanguitarplayers.com\\\/\",\"name\":\"Mexican Guitar Players\",\"description\":\"Website\",\"publisher\":{\"@id\":\"https:\\\/\\\/www.mexicanguitarplayers.com\\\/#organization\"},\"potentialAction\":[{\"@type\":\"SearchAction\",\"target\":{\"@type\":\"EntryPoint\",\"urlTemplate\":\"https:\\\/\\\/www.mexicanguitarplayers.com\\\/?s={search_term_string}\"},\"query-input\":{\"@type\":\"PropertyValueSpecification\",\"valueRequired\":true,\"valueName\":\"search_term_string\"}}],\"inLanguage\":\"en-US\"},{\"@type\":\"Organization\",\"@id\":\"https:\\\/\\\/www.mexicanguitarplayers.com\\\/#organization\",\"name\":\"Mexican Guitar Players\",\"url\":\"https:\\\/\\\/www.mexicanguitarplayers.com\\\/\",\"logo\":{\"@type\":\"ImageObject\",\"inLanguage\":\"en-US\",\"@id\":\"https:\\\/\\\/www.mexicanguitarplayers.com\\\/#\\\/schema\\\/logo\\\/image\\\/\",\"url\":\"\",\"contentUrl\":\"\",\"caption\":\"Mexican Guitar Players\"},\"image\":{\"@id\":\"https:\\\/\\\/www.mexicanguitarplayers.com\\\/#\\\/schema\\\/logo\\\/image\\\/\"}}]}<\/script>\n<!-- \/ Yoast SEO plugin. -->","yoast_head_json":{"title":"AUDIFONOS BOYA MOD. BY-AP1 - Mexican Guitar Players","description":"Aud\u00edfonos inal\u00e1mbricos de alta calidad, c\u00f3modos y ligeros, True Wireless, tecnolog\u00eda bluetooth 5.0, duraci\u00f3n de bater\u00eda de 6 horas y se carga con un estuche de carga incluido, tama\u00f1o port\u00e1til, rango de frecuencia: 20 HZ - 20 kHz, peso: 5 g (aud\u00edfonos), 32 g (estuche de carga).","robots":{"index":"index","follow":"follow","max-snippet":"max-snippet:-1","max-image-preview":"max-image-preview:large","max-video-preview":"max-video-preview:-1"},"canonical":"https:\/\/www.mexicanguitarplayers.com\/en\/tienda\/sin categor\u00eda\/audifonos-boya-mod-by-ap1\/","og_locale":"en_US","og_type":"article","og_title":"AUDIFONOS BOYA MOD. BY-AP1 - Mexican Guitar Players","og_description":"Aud\u00edfonos inal\u00e1mbricos de alta calidad, c\u00f3modos y ligeros, True Wireless, tecnolog\u00eda bluetooth 5.0, duraci\u00f3n de bater\u00eda de 6 horas y se carga con un estuche de carga incluido, tama\u00f1o port\u00e1til, rango de frecuencia: 20 HZ - 20 kHz, peso: 5 g (aud\u00edfonos), 32 g (estuche de carga).","og_url":"https:\/\/www.mexicanguitarplayers.com\/en\/tienda\/sin categor\u00eda\/audifonos-boya-mod-by-ap1\/","og_site_name":"Mexican Guitar Players","article_modified_time":"2025-04-30T16:15:14+00:00","twitter_card":"summary_large_image","twitter_misc":{"Est. reading time":"3 minutes"},"schema":{"@context":"https:\/\/schema.org","@graph":[{"@type":["WebPage","ItemPage"],"@id":"https:\/\/www.mexicanguitarplayers.com\/tienda\/sin categor\u00eda\/audifonos-boya-mod-by-ap1\/","url":"https:\/\/www.mexicanguitarplayers.com\/tienda\/sin categor\u00eda\/audifonos-boya-mod-by-ap1\/","name":"AUDIFONOS BOYA MOD. BY-AP1 - Mexican Guitar Players","isPartOf":{"@id":"https:\/\/www.mexicanguitarplayers.com\/#website"},"primaryImageOfPage":{"@id":"https:\/\/www.mexicanguitarplayers.com\/tienda\/sin categor\u00eda\/audifonos-boya-mod-by-ap1\/#primaryimage"},"image":{"@id":"https:\/\/www.mexicanguitarplayers.com\/tienda\/sin categor\u00eda\/audifonos-boya-mod-by-ap1\/#primaryimage"},"thumbnailUrl":"https:\/\/www.mexicanguitarplayers.com\/wp-content\/uploads\/2025\/04\/VABOYAP1.jpg","datePublished":"2025-04-08T17:33:38+00:00","dateModified":"2025-04-30T16:15:14+00:00","description":"Aud\u00edfonos inal\u00e1mbricos de alta calidad, c\u00f3modos y ligeros, True Wireless, tecnolog\u00eda bluetooth 5.0, duraci\u00f3n de bater\u00eda de 6 horas y se carga con un estuche de carga incluido, tama\u00f1o port\u00e1til, rango de frecuencia: 20 HZ - 20 kHz, peso: 5 g (aud\u00edfonos), 32 g (estuche de carga).","breadcrumb":{"@id":"https:\/\/www.mexicanguitarplayers.com\/tienda\/sin categor\u00eda\/audifonos-boya-mod-by-ap1\/#breadcrumb"},"inLanguage":"en-US","potentialAction":[{"@type":"ReadAction","target":["https:\/\/www.mexicanguitarplayers.com\/tienda\/sin categor\u00eda\/audifonos-boya-mod-by-ap1\/"]}]},{"@type":"ImageObject","inLanguage":"en-US","@id":"https:\/\/www.mexicanguitarplayers.com\/tienda\/sin categor\u00eda\/audifonos-boya-mod-by-ap1\/#primaryimage","url":"https:\/\/www.mexicanguitarplayers.com\/wp-content\/uploads\/2025\/04\/VABOYAP1.jpg","contentUrl":"https:\/\/www.mexicanguitarplayers.com\/wp-content\/uploads\/2025\/04\/VABOYAP1.jpg","width":1200,"height":1200},{"@type":"BreadcrumbList","@id":"https:\/\/www.mexicanguitarplayers.com\/tienda\/sin categor\u00eda\/audifonos-boya-mod-by-ap1\/#breadcrumb","itemListElement":[{"@type":"ListItem","position":1,"name":"Portada","item":"https:\/\/www.mexicanguitarplayers.com\/"},{"@type":"ListItem","position":2,"name":"Tienda","item":"https:\/\/www.mexicanguitarplayers.com\/tienda\/"},{"@type":"ListItem","position":3,"name":"AUDIFONOS BOYA MOD. BY-AP1"}]},{"@type":"WebSite","@id":"https:\/\/www.mexicanguitarplayers.com\/#website","url":"https:\/\/www.mexicanguitarplayers.com\/","name":"Mexican Guitar Players","description":"Website","publisher":{"@id":"https:\/\/www.mexicanguitarplayers.com\/#organization"},"potentialAction":[{"@type":"SearchAction","target":{"@type":"EntryPoint","urlTemplate":"https:\/\/www.mexicanguitarplayers.com\/?s={search_term_string}"},"query-input":{"@type":"PropertyValueSpecification","valueRequired":true,"valueName":"search_term_string"}}],"inLanguage":"en-US"},{"@type":"Organization","@id":"https:\/\/www.mexicanguitarplayers.com\/#organization","name":"Mexican Guitar Players","url":"https:\/\/www.mexicanguitarplayers.com\/","logo":{"@type":"ImageObject","inLanguage":"en-US","@id":"https:\/\/www.mexicanguitarplayers.com\/#\/schema\/logo\/image\/","url":"","contentUrl":"","caption":"Mexican Guitar Players"},"image":{"@id":"https:\/\/www.mexicanguitarplayers.com\/#\/schema\/logo\/image\/"}}]}},"brands":[{"id":228,"name":"BUOY","slug":"boya"}],"_links":{"self":[{"href":"https:\/\/www.mexicanguitarplayers.com\/en\/wp-json\/wp\/v2\/product\/30888","targetHints":{"allow":["GET"]}}],"collection":[{"href":"https:\/\/www.mexicanguitarplayers.com\/en\/wp-json\/wp\/v2\/product"}],"about":[{"href":"https:\/\/www.mexicanguitarplayers.com\/en\/wp-json\/wp\/v2\/types\/product"}],"replies":[{"embeddable":true,"href":"https:\/\/www.mexicanguitarplayers.com\/en\/wp-json\/wp\/v2\/comments?post=30888"}],"wp:featuredmedia":[{"embeddable":true,"href":"https:\/\/www.mexicanguitarplayers.com\/en\/wp-json\/wp\/v2\/media\/30878"}],"wp:attachment":[{"href":"https:\/\/www.mexicanguitarplayers.com\/en\/wp-json\/wp\/v2\/media?parent=30888"}],"wp:term":[{"taxonomy":"pwb-brand","embeddable":true,"href":"https:\/\/www.mexicanguitarplayers.com\/en\/wp-json\/wp\/v2\/pwb-brand?post=30888"},{"taxonomy":"product_brand","embeddable":true,"href":"https:\/\/www.mexicanguitarplayers.com\/en\/wp-json\/wp\/v2\/product_brand?post=30888"},{"taxonomy":"product_cat","embeddable":true,"href":"https:\/\/www.mexicanguitarplayers.com\/en\/wp-json\/wp\/v2\/product_cat?post=30888"},{"taxonomy":"product_tag","embeddable":true,"href":"https:\/\/www.mexicanguitarplayers.com\/en\/wp-json\/wp\/v2\/product_tag?post=30888"}],"curies":[{"name":"wp","href":"https:\/\/api.w.org\/{rel}","templated":true}]}}