{"id":30897,"date":"2025-04-08T11:33:47","date_gmt":"2025-04-08T17:33:47","guid":{"rendered":"https:\/\/www.mexicanguitarplayers.com\/tienda\/sin categor\u00eda\/bateria-carlsbro-digital-mod-csd120\/"},"modified":"2026-04-10T04:36:09","modified_gmt":"2026-04-10T10:36:09","slug":"bateria-carlsbro-digital-mod-csd120","status":"publish","type":"product","link":"https:\/\/www.mexicanguitarplayers.com\/en\/tienda\/percusiones\/baterias\/baterias-electronicas\/bateria-carlsbro-digital-mod-csd120\/","title":{"rendered":"BATERIA CARLSBRO DIGITAL MOD. CSD120"},"content":{"rendered":"<div style=\"text-align: justify\">\n<div>\n<h3>El kit ideal para tus proyectos musicales.<\/h3>\n<\/div>\n<div>EL kit de bater\u00eda electr\u00f3nica de 8 piezas CSD120 de Carlsbro, cuenta con 10 kits de bater\u00eda de usuario, 20 kits prestablecidos, 250 voces y efecto de reverb. Es adecuado para practicar con aud\u00edfonos o tocar en vivo en lugares peque\u00f1os por medio de un amplificador de potencia. Ideal para tanto para completos principiantes como para m\u00fasicos m\u00e1s avanzados que requieren un kit pr\u00e1ctico y f\u00e1cil de usar con una sensibilidad incre\u00edble en todos los pads. El tanto &#8220;Real Feel&#8221; de los pads es extremadamente parecido a un kit ac\u00fastico, debido a  la s\u00edlice\/goma especialmente seleccionada, elegida para todos los modelos CDS por bateristas profesionales. El pad de tarola es de doble zona, lo que permite golpes rimshots abiertos\/cerrados, adem\u00e1s de dos platillos chockeables. CSD120 tiene un pedal de bombo con disparador de pie y ha sido dise\u00f1ado pensando en los usuarios de apartamentos, ya que la vibraci\u00f3n se reduce al m\u00ednimo. Tambi\u00e9n puedes tocar usando tu smartphone, reproductor mp3 o tablet por medio del cable auxiliar. El rack es liviano pero muy estable, lo que permite plegarlo por completo para facilitar el almacenamiento y el transporte. La entrada y salida MIDI no se ve a menudo en kits de este precio y es una caracter\u00edstica adicional. Un kit realmente genial que supera a la competencia en su punto de precio. Los aud\u00edfonos Carlsbro y los amplificadores de bater\u00eda EDA30 (30 watts), EDA50 (50 watts) y EDA200 (200 watts) est\u00e1n disponibles para por separado para este kit y toda la gama Carlsbro CSD. CSD121 tiene la adici\u00f3n de una bater\u00eda recargable incorporada para uso inal\u00e1mbrico.<\/div>\n<div>\n<h4>Quick look<\/h4>\n<\/div>\n<ul style=\"margin: 0px 0px 0px 25px\">\n<li style=\"list-style-type: circle;margin: 5px\">Conexiones.<\/li>\n<li style=\"list-style-type: circle;margin: 5px\">Componentes.<\/li>\n<\/ul>\n<div>\n<div style=\"font-weight: bold\">Conexiones.<\/div>\n<div>\n<p>Entrada auxiliar, salida de l\u00ednea. Salida de aud\u00edfonos. Interfaz USB (USB a dispositivo). Entrada y salida MIDI. Grabaci\u00f3n y reproducci\u00f3n. Ajustes de triggers. Ajuste de reverb.<\/p>\n<\/div>\n<div style=\"font-weight: bold\">Componentes.<\/div>\n<div>\n<p>1 pad de tarola de doble zona de 7.5&#8243;. 3 pads de 7.5&#8243; para toms de aire y de piso. 2 pads de platillo de 10&#8243; con choke para crash y ride. 1 pad de platillo de 10&#8243; para hi-hats. 1 pedal para controlar bombo. 1 rack de bater\u00eda de 4 patas con todos los soportes, hardware y cableado invisible. Llave de bater\u00eda, tiras de gesti\u00f3n de cables y un par de baquetas<\/p>\n<\/div>\n<\/div>\n<\/div>","protected":false},"excerpt":{"rendered":"<p>Bater\u00eda el\u00e9ctrica de 8 piezas para estudio, ensayo o pr\u00e1ctica, m\u00f3dulo de sonido Commander 120, 250 voces de percusi\u00f3n de alta calidad, 20 kits de bater\u00eda prestablecidos, 10 kits de bater\u00eda definidos por el usuario, 20 canciones demo, entrada auxiliar, salida de l\u00ednea, salida de aud\u00edfonos, interfaz USB (USB a dispositivo), entrada y salida MIDI, facilidad de grabaci\u00f3n y reproducci\u00f3n, ajustes de triggers, metr\u00f3nomo ajustable, ajuste de reverb, incluye un pad de tarola de 7.5\u201d de doble zona, 3 pads de 7.5\u201d para toms de aire y de piso, 2 pads de platillo de 10\u201d con choke para crash y ride, un pad de platillo de 10\u201d para hi-hats, un pedal para controlar bombo, un rack de bater\u00eda de 4 patas con todos los soportes, hardware y cableado invisible, incluye llave de bater\u00eda, tiras de gesti\u00f3n de cables y un par de baquetas.&hellip; <a class=\"kt-excerpt-readmore more-link\" href=\"https:\/\/www.mexicanguitarplayers.com\/en\/tienda\/percusiones\/baterias\/baterias-electronicas\/bateria-carlsbro-digital-mod-csd120\/\">Read more<\/a><\/p>","protected":false},"featured_media":30891,"comment_status":"open","ping_status":"closed","template":"","meta":{"kt_blocks_editor_width":""},"pwb-brand":[501],"product_brand":[],"product_cat":[209,262,208],"product_tag":[],"class_list":{"0":"post-30897","1":"product","2":"type-product","3":"status-publish","4":"has-post-thumbnail","6":"pwb-brand-carlsbro","7":"product_cat-baterias","8":"product_cat-baterias-electronicas","9":"product_cat-percusiones","10":"product_shipping_class-15-20-kg","12":"first","13":"outofstock","14":"taxable","15":"shipping-taxable","16":"purchasable","17":"product-type-simple"},"yoast_head":"<!-- This site is optimized with the Yoast SEO plugin v27.5 - https:\/\/yoast.com\/product\/yoast-seo-wordpress\/ -->\n<title>BATERIA CARLSBRO DIGITAL MOD. CSD120 - Mexican Guitar Players<\/title>\n<meta name=\"description\" content=\"Bater\u00eda el\u00e9ctrica de 8 piezas para estudio, ensayo o pr\u00e1ctica, m\u00f3dulo de sonido Commander 120, 250 voces de percusi\u00f3n de alta calidad, 20 kits de bater\u00eda prestablecidos, 10 kits de bater\u00eda definidos por el usuario, 20 canciones demo, entrada auxiliar, salida de l\u00ednea, salida de aud\u00edfonos, interfaz USB (USB a dispositivo), entrada y salida MIDI, facilidad de grabaci\u00f3n y reproducci\u00f3n, ajustes de triggers, metr\u00f3nomo ajustable, ajuste de reverb, incluye un pad de tarola de 7.5\u201d de doble zona, 3 pads de 7.5\u201d para toms de aire y de piso, 2 pads de platillo de 10\u201d con choke para crash y ride, un pad de platillo de 10\u201d para hi-hats, un pedal para controlar bombo, un rack de bater\u00eda de 4 patas con todos los soportes, hardware y cableado invisible, incluye llave de bater\u00eda, tiras de gesti\u00f3n de cables y un par de baquetas.\" \/>\n<meta name=\"robots\" content=\"index, follow, max-snippet:-1, max-image-preview:large, max-video-preview:-1\" \/>\n<link rel=\"canonical\" href=\"https:\/\/www.mexicanguitarplayers.com\/en\/tienda\/sin%20categor\u00eda\/bateria-carlsbro-digital-mod-csd120\/\" \/>\n<meta property=\"og:locale\" content=\"en_US\" \/>\n<meta property=\"og:type\" content=\"article\" \/>\n<meta property=\"og:title\" content=\"BATERIA CARLSBRO DIGITAL MOD. CSD120 - Mexican Guitar Players\" \/>\n<meta property=\"og:description\" content=\"Bater\u00eda el\u00e9ctrica de 8 piezas para estudio, ensayo o pr\u00e1ctica, m\u00f3dulo de sonido Commander 120, 250 voces de percusi\u00f3n de alta calidad, 20 kits de bater\u00eda prestablecidos, 10 kits de bater\u00eda definidos por el usuario, 20 canciones demo, entrada auxiliar, salida de l\u00ednea, salida de aud\u00edfonos, interfaz USB (USB a dispositivo), entrada y salida MIDI, facilidad de grabaci\u00f3n y reproducci\u00f3n, ajustes de triggers, metr\u00f3nomo ajustable, ajuste de reverb, incluye un pad de tarola de 7.5\u201d de doble zona, 3 pads de 7.5\u201d para toms de aire y de piso, 2 pads de platillo de 10\u201d con choke para crash y ride, un pad de platillo de 10\u201d para hi-hats, un pedal para controlar bombo, un rack de bater\u00eda de 4 patas con todos los soportes, hardware y cableado invisible, incluye llave de bater\u00eda, tiras de gesti\u00f3n de cables y un par de baquetas.\" \/>\n<meta property=\"og:url\" content=\"https:\/\/www.mexicanguitarplayers.com\/en\/tienda\/sin categor\u00eda\/bateria-carlsbro-digital-mod-csd120\/\" \/>\n<meta property=\"og:site_name\" content=\"Mexican Guitar Players\" \/>\n<meta property=\"article:modified_time\" content=\"2026-04-10T10:36:09+00:00\" \/>\n<meta name=\"twitter:card\" content=\"summary_large_image\" \/>\n<meta name=\"twitter:label1\" content=\"Est. reading time\" \/>\n\t<meta name=\"twitter:data1\" content=\"2 minutes\" \/>\n<script type=\"application\/ld+json\" class=\"yoast-schema-graph\">{\"@context\":\"https:\\\/\\\/schema.org\",\"@graph\":[{\"@type\":[\"WebPage\",\"ItemPage\"],\"@id\":\"https:\\\/\\\/www.mexicanguitarplayers.com\\\/tienda\\\/sin categor\u00eda\\\/bateria-carlsbro-digital-mod-csd120\\\/\",\"url\":\"https:\\\/\\\/www.mexicanguitarplayers.com\\\/tienda\\\/sin categor\u00eda\\\/bateria-carlsbro-digital-mod-csd120\\\/\",\"name\":\"BATERIA CARLSBRO DIGITAL MOD. CSD120 - Mexican Guitar Players\",\"isPartOf\":{\"@id\":\"https:\\\/\\\/www.mexicanguitarplayers.com\\\/#website\"},\"primaryImageOfPage\":{\"@id\":\"https:\\\/\\\/www.mexicanguitarplayers.com\\\/tienda\\\/sin categor\u00eda\\\/bateria-carlsbro-digital-mod-csd120\\\/#primaryimage\"},\"image\":{\"@id\":\"https:\\\/\\\/www.mexicanguitarplayers.com\\\/tienda\\\/sin categor\u00eda\\\/bateria-carlsbro-digital-mod-csd120\\\/#primaryimage\"},\"thumbnailUrl\":\"https:\\\/\\\/www.mexicanguitarplayers.com\\\/wp-content\\\/uploads\\\/2025\\\/04\\\/IPCLSCSD120.jpg\",\"datePublished\":\"2025-04-08T17:33:47+00:00\",\"dateModified\":\"2026-04-10T10:36:09+00:00\",\"description\":\"Bater\u00eda el\u00e9ctrica de 8 piezas para estudio, ensayo o pr\u00e1ctica, m\u00f3dulo de sonido Commander 120, 250 voces de percusi\u00f3n de alta calidad, 20 kits de bater\u00eda prestablecidos, 10 kits de bater\u00eda definidos por el usuario, 20 canciones demo, entrada auxiliar, salida de l\u00ednea, salida de aud\u00edfonos, interfaz USB (USB a dispositivo), entrada y salida MIDI, facilidad de grabaci\u00f3n y reproducci\u00f3n, ajustes de triggers, metr\u00f3nomo ajustable, ajuste de reverb, incluye un pad de tarola de 7.5\u201d de doble zona, 3 pads de 7.5\u201d para toms de aire y de piso, 2 pads de platillo de 10\u201d con choke para crash y ride, un pad de platillo de 10\u201d para hi-hats, un pedal para controlar bombo, un rack de bater\u00eda de 4 patas con todos los soportes, hardware y cableado invisible, incluye llave de bater\u00eda, tiras de gesti\u00f3n de cables y un par de baquetas.\",\"breadcrumb\":{\"@id\":\"https:\\\/\\\/www.mexicanguitarplayers.com\\\/tienda\\\/sin categor\u00eda\\\/bateria-carlsbro-digital-mod-csd120\\\/#breadcrumb\"},\"inLanguage\":\"en-US\",\"potentialAction\":[{\"@type\":\"ReadAction\",\"target\":[\"https:\\\/\\\/www.mexicanguitarplayers.com\\\/tienda\\\/sin categor\u00eda\\\/bateria-carlsbro-digital-mod-csd120\\\/\"]}]},{\"@type\":\"ImageObject\",\"inLanguage\":\"en-US\",\"@id\":\"https:\\\/\\\/www.mexicanguitarplayers.com\\\/tienda\\\/sin categor\u00eda\\\/bateria-carlsbro-digital-mod-csd120\\\/#primaryimage\",\"url\":\"https:\\\/\\\/www.mexicanguitarplayers.com\\\/wp-content\\\/uploads\\\/2025\\\/04\\\/IPCLSCSD120.jpg\",\"contentUrl\":\"https:\\\/\\\/www.mexicanguitarplayers.com\\\/wp-content\\\/uploads\\\/2025\\\/04\\\/IPCLSCSD120.jpg\",\"width\":1200,\"height\":1200},{\"@type\":\"BreadcrumbList\",\"@id\":\"https:\\\/\\\/www.mexicanguitarplayers.com\\\/tienda\\\/sin categor\u00eda\\\/bateria-carlsbro-digital-mod-csd120\\\/#breadcrumb\",\"itemListElement\":[{\"@type\":\"ListItem\",\"position\":1,\"name\":\"Portada\",\"item\":\"https:\\\/\\\/www.mexicanguitarplayers.com\\\/\"},{\"@type\":\"ListItem\",\"position\":2,\"name\":\"Tienda\",\"item\":\"https:\\\/\\\/www.mexicanguitarplayers.com\\\/tienda\\\/\"},{\"@type\":\"ListItem\",\"position\":3,\"name\":\"BATERIA CARLSBRO DIGITAL MOD. CSD120\"}]},{\"@type\":\"WebSite\",\"@id\":\"https:\\\/\\\/www.mexicanguitarplayers.com\\\/#website\",\"url\":\"https:\\\/\\\/www.mexicanguitarplayers.com\\\/\",\"name\":\"Mexican Guitar Players\",\"description\":\"Website\",\"publisher\":{\"@id\":\"https:\\\/\\\/www.mexicanguitarplayers.com\\\/#organization\"},\"potentialAction\":[{\"@type\":\"SearchAction\",\"target\":{\"@type\":\"EntryPoint\",\"urlTemplate\":\"https:\\\/\\\/www.mexicanguitarplayers.com\\\/?s={search_term_string}\"},\"query-input\":{\"@type\":\"PropertyValueSpecification\",\"valueRequired\":true,\"valueName\":\"search_term_string\"}}],\"inLanguage\":\"en-US\"},{\"@type\":\"Organization\",\"@id\":\"https:\\\/\\\/www.mexicanguitarplayers.com\\\/#organization\",\"name\":\"Mexican Guitar Players\",\"url\":\"https:\\\/\\\/www.mexicanguitarplayers.com\\\/\",\"logo\":{\"@type\":\"ImageObject\",\"inLanguage\":\"en-US\",\"@id\":\"https:\\\/\\\/www.mexicanguitarplayers.com\\\/#\\\/schema\\\/logo\\\/image\\\/\",\"url\":\"\",\"contentUrl\":\"\",\"caption\":\"Mexican Guitar Players\"},\"image\":{\"@id\":\"https:\\\/\\\/www.mexicanguitarplayers.com\\\/#\\\/schema\\\/logo\\\/image\\\/\"}}]}<\/script>\n<!-- \/ Yoast SEO plugin. -->","yoast_head_json":{"title":"BATERIA CARLSBRO DIGITAL MOD. CSD120 - Mexican Guitar Players","description":"Bater\u00eda el\u00e9ctrica de 8 piezas para estudio, ensayo o pr\u00e1ctica, m\u00f3dulo de sonido Commander 120, 250 voces de percusi\u00f3n de alta calidad, 20 kits de bater\u00eda prestablecidos, 10 kits de bater\u00eda definidos por el usuario, 20 canciones demo, entrada auxiliar, salida de l\u00ednea, salida de aud\u00edfonos, interfaz USB (USB a dispositivo), entrada y salida MIDI, facilidad de grabaci\u00f3n y reproducci\u00f3n, ajustes de triggers, metr\u00f3nomo ajustable, ajuste de reverb, incluye un pad de tarola de 7.5\u201d de doble zona, 3 pads de 7.5\u201d para toms de aire y de piso, 2 pads de platillo de 10\u201d con choke para crash y ride, un pad de platillo de 10\u201d para hi-hats, un pedal para controlar bombo, un rack de bater\u00eda de 4 patas con todos los soportes, hardware y cableado invisible, incluye llave de bater\u00eda, tiras de gesti\u00f3n de cables y un par de baquetas.","robots":{"index":"index","follow":"follow","max-snippet":"max-snippet:-1","max-image-preview":"max-image-preview:large","max-video-preview":"max-video-preview:-1"},"canonical":"https:\/\/www.mexicanguitarplayers.com\/en\/tienda\/sin categor\u00eda\/bateria-carlsbro-digital-mod-csd120\/","og_locale":"en_US","og_type":"article","og_title":"BATERIA CARLSBRO DIGITAL MOD. CSD120 - Mexican Guitar Players","og_description":"Bater\u00eda el\u00e9ctrica de 8 piezas para estudio, ensayo o pr\u00e1ctica, m\u00f3dulo de sonido Commander 120, 250 voces de percusi\u00f3n de alta calidad, 20 kits de bater\u00eda prestablecidos, 10 kits de bater\u00eda definidos por el usuario, 20 canciones demo, entrada auxiliar, salida de l\u00ednea, salida de aud\u00edfonos, interfaz USB (USB a dispositivo), entrada y salida MIDI, facilidad de grabaci\u00f3n y reproducci\u00f3n, ajustes de triggers, metr\u00f3nomo ajustable, ajuste de reverb, incluye un pad de tarola de 7.5\u201d de doble zona, 3 pads de 7.5\u201d para toms de aire y de piso, 2 pads de platillo de 10\u201d con choke para crash y ride, un pad de platillo de 10\u201d para hi-hats, un pedal para controlar bombo, un rack de bater\u00eda de 4 patas con todos los soportes, hardware y cableado invisible, incluye llave de bater\u00eda, tiras de gesti\u00f3n de cables y un par de baquetas.","og_url":"https:\/\/www.mexicanguitarplayers.com\/en\/tienda\/sin categor\u00eda\/bateria-carlsbro-digital-mod-csd120\/","og_site_name":"Mexican Guitar Players","article_modified_time":"2026-04-10T10:36:09+00:00","twitter_card":"summary_large_image","twitter_misc":{"Est. reading time":"2 minutes"},"schema":{"@context":"https:\/\/schema.org","@graph":[{"@type":["WebPage","ItemPage"],"@id":"https:\/\/www.mexicanguitarplayers.com\/tienda\/sin categor\u00eda\/bateria-carlsbro-digital-mod-csd120\/","url":"https:\/\/www.mexicanguitarplayers.com\/tienda\/sin categor\u00eda\/bateria-carlsbro-digital-mod-csd120\/","name":"BATERIA CARLSBRO DIGITAL MOD. CSD120 - Mexican Guitar Players","isPartOf":{"@id":"https:\/\/www.mexicanguitarplayers.com\/#website"},"primaryImageOfPage":{"@id":"https:\/\/www.mexicanguitarplayers.com\/tienda\/sin categor\u00eda\/bateria-carlsbro-digital-mod-csd120\/#primaryimage"},"image":{"@id":"https:\/\/www.mexicanguitarplayers.com\/tienda\/sin categor\u00eda\/bateria-carlsbro-digital-mod-csd120\/#primaryimage"},"thumbnailUrl":"https:\/\/www.mexicanguitarplayers.com\/wp-content\/uploads\/2025\/04\/IPCLSCSD120.jpg","datePublished":"2025-04-08T17:33:47+00:00","dateModified":"2026-04-10T10:36:09+00:00","description":"Bater\u00eda el\u00e9ctrica de 8 piezas para estudio, ensayo o pr\u00e1ctica, m\u00f3dulo de sonido Commander 120, 250 voces de percusi\u00f3n de alta calidad, 20 kits de bater\u00eda prestablecidos, 10 kits de bater\u00eda definidos por el usuario, 20 canciones demo, entrada auxiliar, salida de l\u00ednea, salida de aud\u00edfonos, interfaz USB (USB a dispositivo), entrada y salida MIDI, facilidad de grabaci\u00f3n y reproducci\u00f3n, ajustes de triggers, metr\u00f3nomo ajustable, ajuste de reverb, incluye un pad de tarola de 7.5\u201d de doble zona, 3 pads de 7.5\u201d para toms de aire y de piso, 2 pads de platillo de 10\u201d con choke para crash y ride, un pad de platillo de 10\u201d para hi-hats, un pedal para controlar bombo, un rack de bater\u00eda de 4 patas con todos los soportes, hardware y cableado invisible, incluye llave de bater\u00eda, tiras de gesti\u00f3n de cables y un par de baquetas.","breadcrumb":{"@id":"https:\/\/www.mexicanguitarplayers.com\/tienda\/sin categor\u00eda\/bateria-carlsbro-digital-mod-csd120\/#breadcrumb"},"inLanguage":"en-US","potentialAction":[{"@type":"ReadAction","target":["https:\/\/www.mexicanguitarplayers.com\/tienda\/sin categor\u00eda\/bateria-carlsbro-digital-mod-csd120\/"]}]},{"@type":"ImageObject","inLanguage":"en-US","@id":"https:\/\/www.mexicanguitarplayers.com\/tienda\/sin categor\u00eda\/bateria-carlsbro-digital-mod-csd120\/#primaryimage","url":"https:\/\/www.mexicanguitarplayers.com\/wp-content\/uploads\/2025\/04\/IPCLSCSD120.jpg","contentUrl":"https:\/\/www.mexicanguitarplayers.com\/wp-content\/uploads\/2025\/04\/IPCLSCSD120.jpg","width":1200,"height":1200},{"@type":"BreadcrumbList","@id":"https:\/\/www.mexicanguitarplayers.com\/tienda\/sin categor\u00eda\/bateria-carlsbro-digital-mod-csd120\/#breadcrumb","itemListElement":[{"@type":"ListItem","position":1,"name":"Portada","item":"https:\/\/www.mexicanguitarplayers.com\/"},{"@type":"ListItem","position":2,"name":"Tienda","item":"https:\/\/www.mexicanguitarplayers.com\/tienda\/"},{"@type":"ListItem","position":3,"name":"BATERIA CARLSBRO DIGITAL MOD. CSD120"}]},{"@type":"WebSite","@id":"https:\/\/www.mexicanguitarplayers.com\/#website","url":"https:\/\/www.mexicanguitarplayers.com\/","name":"Mexican Guitar Players","description":"Website","publisher":{"@id":"https:\/\/www.mexicanguitarplayers.com\/#organization"},"potentialAction":[{"@type":"SearchAction","target":{"@type":"EntryPoint","urlTemplate":"https:\/\/www.mexicanguitarplayers.com\/?s={search_term_string}"},"query-input":{"@type":"PropertyValueSpecification","valueRequired":true,"valueName":"search_term_string"}}],"inLanguage":"en-US"},{"@type":"Organization","@id":"https:\/\/www.mexicanguitarplayers.com\/#organization","name":"Mexican Guitar Players","url":"https:\/\/www.mexicanguitarplayers.com\/","logo":{"@type":"ImageObject","inLanguage":"en-US","@id":"https:\/\/www.mexicanguitarplayers.com\/#\/schema\/logo\/image\/","url":"","contentUrl":"","caption":"Mexican Guitar Players"},"image":{"@id":"https:\/\/www.mexicanguitarplayers.com\/#\/schema\/logo\/image\/"}}]}},"brands":[{"id":501,"name":"CARLSBRO","slug":"carlsbro"}],"_links":{"self":[{"href":"https:\/\/www.mexicanguitarplayers.com\/en\/wp-json\/wp\/v2\/product\/30897","targetHints":{"allow":["GET"]}}],"collection":[{"href":"https:\/\/www.mexicanguitarplayers.com\/en\/wp-json\/wp\/v2\/product"}],"about":[{"href":"https:\/\/www.mexicanguitarplayers.com\/en\/wp-json\/wp\/v2\/types\/product"}],"replies":[{"embeddable":true,"href":"https:\/\/www.mexicanguitarplayers.com\/en\/wp-json\/wp\/v2\/comments?post=30897"}],"wp:featuredmedia":[{"embeddable":true,"href":"https:\/\/www.mexicanguitarplayers.com\/en\/wp-json\/wp\/v2\/media\/30891"}],"wp:attachment":[{"href":"https:\/\/www.mexicanguitarplayers.com\/en\/wp-json\/wp\/v2\/media?parent=30897"}],"wp:term":[{"taxonomy":"pwb-brand","embeddable":true,"href":"https:\/\/www.mexicanguitarplayers.com\/en\/wp-json\/wp\/v2\/pwb-brand?post=30897"},{"taxonomy":"product_brand","embeddable":true,"href":"https:\/\/www.mexicanguitarplayers.com\/en\/wp-json\/wp\/v2\/product_brand?post=30897"},{"taxonomy":"product_cat","embeddable":true,"href":"https:\/\/www.mexicanguitarplayers.com\/en\/wp-json\/wp\/v2\/product_cat?post=30897"},{"taxonomy":"product_tag","embeddable":true,"href":"https:\/\/www.mexicanguitarplayers.com\/en\/wp-json\/wp\/v2\/product_tag?post=30897"}],"curies":[{"name":"wp","href":"https:\/\/api.w.org\/{rel}","templated":true}]}}