{"id":30936,"date":"2025-04-08T11:34:54","date_gmt":"2025-04-08T17:34:54","guid":{"rendered":"https:\/\/www.mexicanguitarplayers.com\/tienda\/sin categor\u00eda\/bajo-mars-electrico-mod-jb-4-deluxe\/"},"modified":"2026-05-01T07:24:43","modified_gmt":"2026-05-01T13:24:43","slug":"bajo-mars-electrico-mod-jb-4-deluxe","status":"publish","type":"product","link":"https:\/\/www.mexicanguitarplayers.com\/en\/tienda\/cuerdas\/bajos\/electricos\/electricos-activos\/bajo-mars-electrico-mod-jb-4-deluxe\/","title":{"rendered":"BAJO MARS EL\u00c9CTRICO MOD. JB-4 DELUXE"},"content":{"rendered":"<div style=\"text-align: justify\">\n<div>\n<h3>Bajo El\u00e9ctrico de 20 Trastes con Circuito Activo, Cuerpo de \u00c1lamo y Tapa de Arce Flameado, M\u00e1stil de Arce Canadiense y Diapas\u00f3n de Palo Santo<\/h3>\n<\/div>\n<div>Bajo el\u00e9ctrico Jazz Bass Active Circuit es una opci\u00f3n ideal para bajistas que buscan potencia, versatilidad y un dise\u00f1o atractivo. Su cuerpo est\u00e1 construido en madera de \u00e1lamo con tapa de arce flameado, ofreciendo un sonido c\u00e1lido y equilibrado con un acabado elegante. El m\u00e1stil de arce canadiense duro con construcci\u00f3n atornillada proporciona estabilidad y una ejecuci\u00f3n c\u00f3moda. El diapas\u00f3n de palisandro alberga 20 trastes, con incrustaciones dot de perla para una apariencia cl\u00e1sica y refinada. Disponible en vibrantes colores rojo, azul, p\u00farpura y verde, este bajo se adapta a distintos estilos y preferencias est\u00e9ticas. Incorpora un sistema de pastillas activas Jazz Bass de amplio rango, que junto a su ecualizaci\u00f3n de graves, medios y agudos y controles de volumen y tono permiten un ajuste preciso del sonido. Equipa cuerdas Alice (.045 &#8211; .100 gauge), ideales para una respuesta equilibrada y una gran durabilidad. Su puente EB-4 cromado garantiza una excelente estabilidad en la afinaci\u00f3n y un sustain prolongado. Un bajo dise\u00f1ado para m\u00fasicos exigentes que buscan calidad, rendimiento y un sonido potente en cualquier escenario.<\/div>\n<div>\n<h4>Quick look<\/h4>\n<\/div>\n<ul style=\"margin: 0px 0px 0px 25px\">\n<li style=\"list-style-type: circle;margin: 5px\">Tablets<\/li>\n<li style=\"list-style-type: circle;margin: 5px\">Controls<\/li>\n<li style=\"list-style-type: circle;margin: 5px\">Material de las incrustaciones<\/li>\n<li style=\"list-style-type: circle;margin: 5px\">Strings<\/li>\n<\/ul>\n<div>\n<div style=\"font-weight: bold\">Tablets<\/div>\n<div>\n<p>Circuito activo con pastilla de bajo tipo Jazz de amplia dimensi\u00f3n.<\/p>\n<\/div>\n<div style=\"font-weight: bold\">Controls<\/div>\n<div>\n<p>1 volumen 3 controles de tono (bajos, medios, agudos) 1 jack de entrada.<\/p>\n<\/div>\n<div style=\"font-weight: bold\">Material de las incrustaciones<\/div>\n<div>\n<p>Puntos de perloid (F\/B).<\/p>\n<\/div>\n<div style=\"font-weight: bold\">Strings<\/div>\n<div>\n<p>Gauge 045 ~100, marca Alice.<\/p>\n<\/div>\n<\/div>\n<\/div>","protected":false},"excerpt":{"rendered":"<p>Bajo el\u00e9ctrico Jazz Bass Active Circuit combina potencia y versatilidad. Su cuerpo de \u00e1lamo con tapa de arce flameado, m\u00e1stil de arce canadiense atornillado y diapas\u00f3n de palisandro con 20 trastes garantizan comodidad y estabilidad. Incorpora pastillas activas Jazz Bass, ecualizaci\u00f3n de graves, medios y agudos, y controles de volumen y tono. Equipa cuerdas Alice (.045 &#8211; .100 gauge) y un puente EB-4 cromado para afinaci\u00f3n estable y sustain prolongado. Ideal para bajistas que buscan un sonido potente y definido.&hellip; <a class=\"kt-excerpt-readmore more-link\" href=\"https:\/\/www.mexicanguitarplayers.com\/en\/tienda\/cuerdas\/bajos\/electricos\/electricos-activos\/bajo-mars-electrico-mod-jb-4-deluxe\/\">Read more<\/a><\/p>","protected":false},"featured_media":30926,"comment_status":"open","ping_status":"closed","template":"","meta":{"kt_blocks_editor_width":""},"pwb-brand":[332],"product_brand":[],"product_cat":[317,224,318,326],"product_tag":[],"class_list":{"0":"post-30936","1":"product","2":"type-product","3":"status-publish","4":"has-post-thumbnail","6":"pwb-brand-mars","7":"product_cat-bajos","8":"product_cat-cuerdas","9":"product_cat-electricos","10":"product_cat-electricos-activos","11":"product_shipping_class-0-5-kg","13":"first","14":"instock","15":"taxable","16":"shipping-taxable","17":"purchasable","18":"product-type-simple"},"yoast_head":"<!-- This site is optimized with the Yoast SEO plugin v27.5 - https:\/\/yoast.com\/product\/yoast-seo-wordpress\/ -->\n<title>BAJO MARS EL\u00c9CTRICO MOD. JB-4 DELUXE - Mexican Guitar Players<\/title>\n<meta name=\"description\" content=\"Bajo el\u00e9ctrico Jazz Bass Active Circuit combina potencia y versatilidad. Su cuerpo de \u00e1lamo con tapa de arce flameado, m\u00e1stil de arce canadiense atornillado y diapas\u00f3n de palisandro con 20 trastes garantizan comodidad y estabilidad. Incorpora pastillas activas Jazz Bass, ecualizaci\u00f3n de graves, medios y agudos, y controles de volumen y tono. Equipa cuerdas Alice (.045 - .100 gauge) y un puente EB-4 cromado para afinaci\u00f3n estable y sustain prolongado. Ideal para bajistas que buscan un sonido potente y definido.\" \/>\n<meta name=\"robots\" content=\"index, follow, max-snippet:-1, max-image-preview:large, max-video-preview:-1\" \/>\n<link rel=\"canonical\" href=\"https:\/\/www.mexicanguitarplayers.com\/en\/tienda\/sin%20categor\u00eda\/bajo-mars-electrico-mod-jb-4-deluxe\/\" \/>\n<meta property=\"og:locale\" content=\"en_US\" \/>\n<meta property=\"og:type\" content=\"article\" \/>\n<meta property=\"og:title\" content=\"BAJO MARS EL\u00c9CTRICO MOD. JB-4 DELUXE - Mexican Guitar Players\" \/>\n<meta property=\"og:description\" content=\"Bajo el\u00e9ctrico Jazz Bass Active Circuit combina potencia y versatilidad. Su cuerpo de \u00e1lamo con tapa de arce flameado, m\u00e1stil de arce canadiense atornillado y diapas\u00f3n de palisandro con 20 trastes garantizan comodidad y estabilidad. Incorpora pastillas activas Jazz Bass, ecualizaci\u00f3n de graves, medios y agudos, y controles de volumen y tono. Equipa cuerdas Alice (.045 - .100 gauge) y un puente EB-4 cromado para afinaci\u00f3n estable y sustain prolongado. Ideal para bajistas que buscan un sonido potente y definido.\" \/>\n<meta property=\"og:url\" content=\"https:\/\/www.mexicanguitarplayers.com\/en\/tienda\/sin categor\u00eda\/bajo-mars-electrico-mod-jb-4-deluxe\/\" \/>\n<meta property=\"og:site_name\" content=\"Mexican Guitar Players\" \/>\n<meta property=\"article:modified_time\" content=\"2026-05-01T13:24:43+00:00\" \/>\n<meta name=\"twitter:card\" content=\"summary_large_image\" \/>\n<meta name=\"twitter:label1\" content=\"Est. reading time\" \/>\n\t<meta name=\"twitter:data1\" content=\"1 minute\" \/>\n<script type=\"application\/ld+json\" class=\"yoast-schema-graph\">{\"@context\":\"https:\\\/\\\/schema.org\",\"@graph\":[{\"@type\":[\"WebPage\",\"ItemPage\"],\"@id\":\"https:\\\/\\\/www.mexicanguitarplayers.com\\\/tienda\\\/sin categor\u00eda\\\/bajo-mars-electrico-mod-jb-4-deluxe\\\/\",\"url\":\"https:\\\/\\\/www.mexicanguitarplayers.com\\\/tienda\\\/sin categor\u00eda\\\/bajo-mars-electrico-mod-jb-4-deluxe\\\/\",\"name\":\"BAJO MARS EL\u00c9CTRICO MOD. JB-4 DELUXE - Mexican Guitar Players\",\"isPartOf\":{\"@id\":\"https:\\\/\\\/www.mexicanguitarplayers.com\\\/#website\"},\"primaryImageOfPage\":{\"@id\":\"https:\\\/\\\/www.mexicanguitarplayers.com\\\/tienda\\\/sin categor\u00eda\\\/bajo-mars-electrico-mod-jb-4-deluxe\\\/#primaryimage\"},\"image\":{\"@id\":\"https:\\\/\\\/www.mexicanguitarplayers.com\\\/tienda\\\/sin categor\u00eda\\\/bajo-mars-electrico-mod-jb-4-deluxe\\\/#primaryimage\"},\"thumbnailUrl\":\"https:\\\/\\\/www.mexicanguitarplayers.com\\\/wp-content\\\/uploads\\\/2025\\\/04\\\/ISMASJBASSD4.png\",\"datePublished\":\"2025-04-08T17:34:54+00:00\",\"dateModified\":\"2026-05-01T13:24:43+00:00\",\"description\":\"Bajo el\u00e9ctrico Jazz Bass Active Circuit combina potencia y versatilidad. Su cuerpo de \u00e1lamo con tapa de arce flameado, m\u00e1stil de arce canadiense atornillado y diapas\u00f3n de palisandro con 20 trastes garantizan comodidad y estabilidad. Incorpora pastillas activas Jazz Bass, ecualizaci\u00f3n de graves, medios y agudos, y controles de volumen y tono. Equipa cuerdas Alice (.045 - .100 gauge) y un puente EB-4 cromado para afinaci\u00f3n estable y sustain prolongado. Ideal para bajistas que buscan un sonido potente y definido.\",\"breadcrumb\":{\"@id\":\"https:\\\/\\\/www.mexicanguitarplayers.com\\\/tienda\\\/sin categor\u00eda\\\/bajo-mars-electrico-mod-jb-4-deluxe\\\/#breadcrumb\"},\"inLanguage\":\"en-US\",\"potentialAction\":[{\"@type\":\"ReadAction\",\"target\":[\"https:\\\/\\\/www.mexicanguitarplayers.com\\\/tienda\\\/sin categor\u00eda\\\/bajo-mars-electrico-mod-jb-4-deluxe\\\/\"]}]},{\"@type\":\"ImageObject\",\"inLanguage\":\"en-US\",\"@id\":\"https:\\\/\\\/www.mexicanguitarplayers.com\\\/tienda\\\/sin categor\u00eda\\\/bajo-mars-electrico-mod-jb-4-deluxe\\\/#primaryimage\",\"url\":\"https:\\\/\\\/www.mexicanguitarplayers.com\\\/wp-content\\\/uploads\\\/2025\\\/04\\\/ISMASJBASSD4.png\",\"contentUrl\":\"https:\\\/\\\/www.mexicanguitarplayers.com\\\/wp-content\\\/uploads\\\/2025\\\/04\\\/ISMASJBASSD4.png\",\"width\":800,\"height\":1600},{\"@type\":\"BreadcrumbList\",\"@id\":\"https:\\\/\\\/www.mexicanguitarplayers.com\\\/tienda\\\/sin categor\u00eda\\\/bajo-mars-electrico-mod-jb-4-deluxe\\\/#breadcrumb\",\"itemListElement\":[{\"@type\":\"ListItem\",\"position\":1,\"name\":\"Portada\",\"item\":\"https:\\\/\\\/www.mexicanguitarplayers.com\\\/\"},{\"@type\":\"ListItem\",\"position\":2,\"name\":\"Tienda\",\"item\":\"https:\\\/\\\/www.mexicanguitarplayers.com\\\/tienda\\\/\"},{\"@type\":\"ListItem\",\"position\":3,\"name\":\"BAJO MARS EL\u00c9CTRICO MOD. JB-4 DELUXE\"}]},{\"@type\":\"WebSite\",\"@id\":\"https:\\\/\\\/www.mexicanguitarplayers.com\\\/#website\",\"url\":\"https:\\\/\\\/www.mexicanguitarplayers.com\\\/\",\"name\":\"Mexican Guitar Players\",\"description\":\"Website\",\"publisher\":{\"@id\":\"https:\\\/\\\/www.mexicanguitarplayers.com\\\/#organization\"},\"potentialAction\":[{\"@type\":\"SearchAction\",\"target\":{\"@type\":\"EntryPoint\",\"urlTemplate\":\"https:\\\/\\\/www.mexicanguitarplayers.com\\\/?s={search_term_string}\"},\"query-input\":{\"@type\":\"PropertyValueSpecification\",\"valueRequired\":true,\"valueName\":\"search_term_string\"}}],\"inLanguage\":\"en-US\"},{\"@type\":\"Organization\",\"@id\":\"https:\\\/\\\/www.mexicanguitarplayers.com\\\/#organization\",\"name\":\"Mexican Guitar Players\",\"url\":\"https:\\\/\\\/www.mexicanguitarplayers.com\\\/\",\"logo\":{\"@type\":\"ImageObject\",\"inLanguage\":\"en-US\",\"@id\":\"https:\\\/\\\/www.mexicanguitarplayers.com\\\/#\\\/schema\\\/logo\\\/image\\\/\",\"url\":\"\",\"contentUrl\":\"\",\"caption\":\"Mexican Guitar Players\"},\"image\":{\"@id\":\"https:\\\/\\\/www.mexicanguitarplayers.com\\\/#\\\/schema\\\/logo\\\/image\\\/\"}}]}<\/script>\n<!-- \/ Yoast SEO plugin. -->","yoast_head_json":{"title":"BAJO MARS EL\u00c9CTRICO MOD. JB-4 DELUXE - Mexican Guitar Players","description":"Bajo el\u00e9ctrico Jazz Bass Active Circuit combina potencia y versatilidad. Su cuerpo de \u00e1lamo con tapa de arce flameado, m\u00e1stil de arce canadiense atornillado y diapas\u00f3n de palisandro con 20 trastes garantizan comodidad y estabilidad. Incorpora pastillas activas Jazz Bass, ecualizaci\u00f3n de graves, medios y agudos, y controles de volumen y tono. Equipa cuerdas Alice (.045 - .100 gauge) y un puente EB-4 cromado para afinaci\u00f3n estable y sustain prolongado. Ideal para bajistas que buscan un sonido potente y definido.","robots":{"index":"index","follow":"follow","max-snippet":"max-snippet:-1","max-image-preview":"max-image-preview:large","max-video-preview":"max-video-preview:-1"},"canonical":"https:\/\/www.mexicanguitarplayers.com\/en\/tienda\/sin categor\u00eda\/bajo-mars-electrico-mod-jb-4-deluxe\/","og_locale":"en_US","og_type":"article","og_title":"BAJO MARS EL\u00c9CTRICO MOD. JB-4 DELUXE - Mexican Guitar Players","og_description":"Bajo el\u00e9ctrico Jazz Bass Active Circuit combina potencia y versatilidad. Su cuerpo de \u00e1lamo con tapa de arce flameado, m\u00e1stil de arce canadiense atornillado y diapas\u00f3n de palisandro con 20 trastes garantizan comodidad y estabilidad. Incorpora pastillas activas Jazz Bass, ecualizaci\u00f3n de graves, medios y agudos, y controles de volumen y tono. Equipa cuerdas Alice (.045 - .100 gauge) y un puente EB-4 cromado para afinaci\u00f3n estable y sustain prolongado. Ideal para bajistas que buscan un sonido potente y definido.","og_url":"https:\/\/www.mexicanguitarplayers.com\/en\/tienda\/sin categor\u00eda\/bajo-mars-electrico-mod-jb-4-deluxe\/","og_site_name":"Mexican Guitar Players","article_modified_time":"2026-05-01T13:24:43+00:00","twitter_card":"summary_large_image","twitter_misc":{"Est. reading time":"1 minute"},"schema":{"@context":"https:\/\/schema.org","@graph":[{"@type":["WebPage","ItemPage"],"@id":"https:\/\/www.mexicanguitarplayers.com\/tienda\/sin categor\u00eda\/bajo-mars-electrico-mod-jb-4-deluxe\/","url":"https:\/\/www.mexicanguitarplayers.com\/tienda\/sin categor\u00eda\/bajo-mars-electrico-mod-jb-4-deluxe\/","name":"BAJO MARS EL\u00c9CTRICO MOD. JB-4 DELUXE - Mexican Guitar Players","isPartOf":{"@id":"https:\/\/www.mexicanguitarplayers.com\/#website"},"primaryImageOfPage":{"@id":"https:\/\/www.mexicanguitarplayers.com\/tienda\/sin categor\u00eda\/bajo-mars-electrico-mod-jb-4-deluxe\/#primaryimage"},"image":{"@id":"https:\/\/www.mexicanguitarplayers.com\/tienda\/sin categor\u00eda\/bajo-mars-electrico-mod-jb-4-deluxe\/#primaryimage"},"thumbnailUrl":"https:\/\/www.mexicanguitarplayers.com\/wp-content\/uploads\/2025\/04\/ISMASJBASSD4.png","datePublished":"2025-04-08T17:34:54+00:00","dateModified":"2026-05-01T13:24:43+00:00","description":"Bajo el\u00e9ctrico Jazz Bass Active Circuit combina potencia y versatilidad. Su cuerpo de \u00e1lamo con tapa de arce flameado, m\u00e1stil de arce canadiense atornillado y diapas\u00f3n de palisandro con 20 trastes garantizan comodidad y estabilidad. Incorpora pastillas activas Jazz Bass, ecualizaci\u00f3n de graves, medios y agudos, y controles de volumen y tono. Equipa cuerdas Alice (.045 - .100 gauge) y un puente EB-4 cromado para afinaci\u00f3n estable y sustain prolongado. Ideal para bajistas que buscan un sonido potente y definido.","breadcrumb":{"@id":"https:\/\/www.mexicanguitarplayers.com\/tienda\/sin categor\u00eda\/bajo-mars-electrico-mod-jb-4-deluxe\/#breadcrumb"},"inLanguage":"en-US","potentialAction":[{"@type":"ReadAction","target":["https:\/\/www.mexicanguitarplayers.com\/tienda\/sin categor\u00eda\/bajo-mars-electrico-mod-jb-4-deluxe\/"]}]},{"@type":"ImageObject","inLanguage":"en-US","@id":"https:\/\/www.mexicanguitarplayers.com\/tienda\/sin categor\u00eda\/bajo-mars-electrico-mod-jb-4-deluxe\/#primaryimage","url":"https:\/\/www.mexicanguitarplayers.com\/wp-content\/uploads\/2025\/04\/ISMASJBASSD4.png","contentUrl":"https:\/\/www.mexicanguitarplayers.com\/wp-content\/uploads\/2025\/04\/ISMASJBASSD4.png","width":800,"height":1600},{"@type":"BreadcrumbList","@id":"https:\/\/www.mexicanguitarplayers.com\/tienda\/sin categor\u00eda\/bajo-mars-electrico-mod-jb-4-deluxe\/#breadcrumb","itemListElement":[{"@type":"ListItem","position":1,"name":"Portada","item":"https:\/\/www.mexicanguitarplayers.com\/"},{"@type":"ListItem","position":2,"name":"Tienda","item":"https:\/\/www.mexicanguitarplayers.com\/tienda\/"},{"@type":"ListItem","position":3,"name":"BAJO MARS EL\u00c9CTRICO MOD. JB-4 DELUXE"}]},{"@type":"WebSite","@id":"https:\/\/www.mexicanguitarplayers.com\/#website","url":"https:\/\/www.mexicanguitarplayers.com\/","name":"Mexican Guitar Players","description":"Website","publisher":{"@id":"https:\/\/www.mexicanguitarplayers.com\/#organization"},"potentialAction":[{"@type":"SearchAction","target":{"@type":"EntryPoint","urlTemplate":"https:\/\/www.mexicanguitarplayers.com\/?s={search_term_string}"},"query-input":{"@type":"PropertyValueSpecification","valueRequired":true,"valueName":"search_term_string"}}],"inLanguage":"en-US"},{"@type":"Organization","@id":"https:\/\/www.mexicanguitarplayers.com\/#organization","name":"Mexican Guitar Players","url":"https:\/\/www.mexicanguitarplayers.com\/","logo":{"@type":"ImageObject","inLanguage":"en-US","@id":"https:\/\/www.mexicanguitarplayers.com\/#\/schema\/logo\/image\/","url":"","contentUrl":"","caption":"Mexican Guitar Players"},"image":{"@id":"https:\/\/www.mexicanguitarplayers.com\/#\/schema\/logo\/image\/"}}]}},"brands":[{"id":332,"name":"MARS","slug":"mars"}],"_links":{"self":[{"href":"https:\/\/www.mexicanguitarplayers.com\/en\/wp-json\/wp\/v2\/product\/30936","targetHints":{"allow":["GET"]}}],"collection":[{"href":"https:\/\/www.mexicanguitarplayers.com\/en\/wp-json\/wp\/v2\/product"}],"about":[{"href":"https:\/\/www.mexicanguitarplayers.com\/en\/wp-json\/wp\/v2\/types\/product"}],"replies":[{"embeddable":true,"href":"https:\/\/www.mexicanguitarplayers.com\/en\/wp-json\/wp\/v2\/comments?post=30936"}],"wp:featuredmedia":[{"embeddable":true,"href":"https:\/\/www.mexicanguitarplayers.com\/en\/wp-json\/wp\/v2\/media\/30926"}],"wp:attachment":[{"href":"https:\/\/www.mexicanguitarplayers.com\/en\/wp-json\/wp\/v2\/media?parent=30936"}],"wp:term":[{"taxonomy":"pwb-brand","embeddable":true,"href":"https:\/\/www.mexicanguitarplayers.com\/en\/wp-json\/wp\/v2\/pwb-brand?post=30936"},{"taxonomy":"product_brand","embeddable":true,"href":"https:\/\/www.mexicanguitarplayers.com\/en\/wp-json\/wp\/v2\/product_brand?post=30936"},{"taxonomy":"product_cat","embeddable":true,"href":"https:\/\/www.mexicanguitarplayers.com\/en\/wp-json\/wp\/v2\/product_cat?post=30936"},{"taxonomy":"product_tag","embeddable":true,"href":"https:\/\/www.mexicanguitarplayers.com\/en\/wp-json\/wp\/v2\/product_tag?post=30936"}],"curies":[{"name":"wp","href":"https:\/\/api.w.org\/{rel}","templated":true}]}}