{"id":30938,"date":"2025-04-08T11:34:56","date_gmt":"2025-04-08T17:34:56","guid":{"rendered":"https:\/\/www.mexicanguitarplayers.com\/tienda\/sin categor\u00eda\/microfono-sennheiser-instrumento-e914\/"},"modified":"2026-04-15T04:20:02","modified_gmt":"2026-04-15T10:20:02","slug":"microfono-sennheiser-instrumento-e914","status":"publish","type":"product","link":"https:\/\/www.mexicanguitarplayers.com\/en\/tienda\/accesorios\/stands\/para-instrumento-stands\/microfono-sennheiser-instrumento-e914\/","title":{"rendered":"MICROFONO SENNHEISER INSTRUMENTO E914"},"content":{"rendered":"<div style=\"text-align: justify\">\n<div>\n<h3>Un todo terreno brillante para las tareas m\u00e1s exigentes.<\/h3>\n<\/div>\n<div>El e-914 es un micr\u00f3fono de condensador de clase superior con un sonido de gran cuerpo y una excelente din\u00e1mica. Su car\u00e1cter sedoso, nunca testarudo, es desarrollado desde el suave acento de los sofisticados agudos. Su respuesta transitoria sencilla capta con precisi\u00f3n el temperamento de cada conjunto, incluso a niveles de presi\u00f3n sonora muy altos. Con una detallada resoluci\u00f3n, el e-914 hace que cada sonido de bater\u00eda en vivo sea m\u00e1s refinado. La c\u00e1psula tiene una extraordinaria resistencia a la retroalimentaci\u00f3n y se puede adaptar individualmente a distintas necesidades: 3 posiciones de bass roll-off\/cut-off y pre-atenuaci\u00f3n que puede ajustarse.<\/div>\n<div>\n<h4>Quick look<\/h4>\n<\/div>\n<ul style=\"margin: 0px 0px 0px 25px\">\n<li style=\"list-style-type: circle;margin: 5px\">Dimensions.<\/li>\n<li style=\"list-style-type: circle;margin: 5px\">Connector<\/li>\n<li style=\"list-style-type: circle;margin: 5px\">Principio del transductor.<\/li>\n<li style=\"list-style-type: circle;margin: 5px\">Frequency response.<\/li>\n<li style=\"list-style-type: circle;margin: 5px\">Weight.<\/li>\n<li style=\"list-style-type: circle;margin: 5px\">Atenuaci\u00f3n.<\/li>\n<li style=\"list-style-type: circle;margin: 5px\">Sensitivity in free field, no load (1 kHz).<\/li>\n<li style=\"list-style-type: circle;margin: 5px\">Nominal impedance.<\/li>\n<li style=\"list-style-type: circle;margin: 5px\">Minimum termination impedance.<\/li>\n<li style=\"list-style-type: circle;margin: 5px\">Phantom power.<\/li>\n<li style=\"list-style-type: circle;margin: 5px\">Equivalent noise level.<\/li>\n<li style=\"list-style-type: circle;margin: 5px\">Maximum SPL.<\/li>\n<li style=\"list-style-type: circle;margin: 5px\">Accessories included.<\/li>\n<\/ul>\n<div>\n<div style=\"font-weight: bold\">Dimensions.<\/div>\n<div>\n<p>\u00d8 24 x 157 mm.<\/p>\n<\/div>\n<div style=\"font-weight: bold\">Connector<\/div>\n<div>\n<p>3-pin XLR.<\/p>\n<\/div>\n<div style=\"font-weight: bold\">Principio del transductor.<\/div>\n<div>\n<p>Micr\u00f3fono de condensador pre polarizado.<\/p>\n<\/div>\n<div style=\"font-weight: bold\">Frequency response.<\/div>\n<div>\n<p>20 &#8211; 20,000 Hz.<\/p>\n<\/div>\n<div style=\"font-weight: bold\">Weight.<\/div>\n<div>\n<p>198 g.<\/p>\n<\/div>\n<div style=\"font-weight: bold\">Atenuaci\u00f3n.<\/div>\n<div>\n<p>0, -10, -20 dB.<\/p>\n<\/div>\n<div style=\"font-weight: bold\">Sensitivity in free field, no load (1 kHz).<\/div>\n<div>\n<p>7 mV\/Pa.<\/p>\n<\/div>\n<div style=\"font-weight: bold\">Nominal impedance.<\/div>\n<div>\n<p>100 ohms.<\/p>\n<\/div>\n<div style=\"font-weight: bold\">Minimum termination impedance.<\/div>\n<div>\n<p>1000 ohms.<\/p>\n<\/div>\n<div style=\"font-weight: bold\">Phantom power.<\/div>\n<div>\n<p>48 V\/2,2 mA.<\/p>\n<\/div>\n<div style=\"font-weight: bold\">Equivalent noise level.<\/div>\n<div>\n<p>19 dB (A).<\/p>\n<\/div>\n<div style=\"font-weight: bold\">Maximum SPL.<\/div>\n<div>\n<p>&#8211; 137, 147 (con -10 db de atenuaci\u00f3n activada), 157 (con -20 db de atenuaci\u00f3n activada).<\/p>\n<\/div>\n<div style=\"font-weight: bold\">Accessories included.<\/div>\n<div>\n<p>Clamp de micr\u00f3fono. Anti viento. Bolsa de transporte. Manual de usuario.<\/p>\n<\/div>\n<\/div>\n<div>\n<h4>Characteristics<\/h4>\n<\/div>\n<div>\n<ul style=\"margin: 0px 0px 0px 25px\">\n<li style=\"list-style-type: circle;margin: 5px\">Micr\u00f3fono cardioide de condensador, perfecto para grabaciones en vivo.<\/li>\n<li style=\"list-style-type: circle;margin: 5px\">Excelente din\u00e1mica e ideal para una gran cantidad de instrumentos.<\/li>\n<li style=\"list-style-type: circle;margin: 5px\">Maneja altos niveles de presi\u00f3n sonora.<\/li>\n<li style=\"list-style-type: circle;margin: 5px\">Bass roll-off\/cut-off switch de 3 posiciones.<\/li>\n<li style=\"list-style-type: circle;margin: 5px\">Pre-atenuaci\u00f3n de 3 posiciones.<\/li>\n<\/ul>\n<\/div>\n<\/div>","protected":false},"excerpt":{"rendered":"<p>Micr\u00f3fono cardioide de condensador, perfecto para grabaciones en vivo, excelente din\u00e1mica e ideal para una gran cantidad de instrumentos, maneja altos niveles de presi\u00f3n sonora, bass roll-off\/cut-off switch de 3 posiciones, pre-atenuaci\u00f3n de 3 posiciones, dimensiones: \u00d8 24 x 157 mm, conector XLR de 3 pines, respuesta de frecuencia: 20 &#8211; 20,000 Hz, peso: 198 g, impedancia: 100 ohms, incluye clamp de micr\u00f3fono, anti viento, bolsa de transporte y manual de usuario.&hellip; <a class=\"kt-excerpt-readmore more-link\" href=\"https:\/\/www.mexicanguitarplayers.com\/en\/tienda\/accesorios\/stands\/para-instrumento-stands\/microfono-sennheiser-instrumento-e914\/\">Read more<\/a><\/p>","protected":false},"featured_media":30937,"comment_status":"open","ping_status":"closed","template":"","meta":{"kt_blocks_editor_width":""},"pwb-brand":[176],"product_brand":[],"product_cat":[213,214,215,510],"product_tag":[],"class_list":{"0":"post-30938","1":"product","2":"type-product","3":"status-publish","4":"has-post-thumbnail","6":"pwb-brand-sennheiser","7":"product_cat-audio","8":"product_cat-microfonia","9":"product_cat-microfonos-alambricos","10":"product_cat-para-instrumento-stands","11":"product_shipping_class-0-5-kg","13":"first","14":"outofstock","15":"taxable","16":"shipping-taxable","17":"purchasable","18":"product-type-simple"},"yoast_head":"<!-- This site is optimized with the Yoast SEO plugin v27.4 - https:\/\/yoast.com\/product\/yoast-seo-wordpress\/ -->\n<title>MICROFONO SENNHEISER INSTRUMENTO E914 - Mexican Guitar Players<\/title>\n<meta name=\"description\" content=\"Micr\u00f3fono cardioide de condensador, perfecto para grabaciones en vivo, excelente din\u00e1mica e ideal para una gran cantidad de instrumentos, maneja altos niveles de presi\u00f3n sonora, bass roll-off\/cut-off switch de 3 posiciones, pre-atenuaci\u00f3n de 3 posiciones, dimensiones: \u00d8 24 x 157 mm, conector XLR de 3 pines, respuesta de frecuencia: 20 - 20,000 Hz, peso: 198 g, impedancia: 100 ohms, incluye clamp de micr\u00f3fono, anti viento, bolsa de transporte y manual de usuario.\" \/>\n<meta name=\"robots\" content=\"index, follow, max-snippet:-1, max-image-preview:large, max-video-preview:-1\" \/>\n<link rel=\"canonical\" href=\"https:\/\/www.mexicanguitarplayers.com\/en\/tienda\/sin%20categor\u00eda\/microfono-sennheiser-instrumento-e914\/\" \/>\n<meta property=\"og:locale\" content=\"en_US\" \/>\n<meta property=\"og:type\" content=\"article\" \/>\n<meta property=\"og:title\" content=\"MICROFONO SENNHEISER INSTRUMENTO E914 - Mexican Guitar Players\" \/>\n<meta property=\"og:description\" content=\"Micr\u00f3fono cardioide de condensador, perfecto para grabaciones en vivo, excelente din\u00e1mica e ideal para una gran cantidad de instrumentos, maneja altos niveles de presi\u00f3n sonora, bass roll-off\/cut-off switch de 3 posiciones, pre-atenuaci\u00f3n de 3 posiciones, dimensiones: \u00d8 24 x 157 mm, conector XLR de 3 pines, respuesta de frecuencia: 20 - 20,000 Hz, peso: 198 g, impedancia: 100 ohms, incluye clamp de micr\u00f3fono, anti viento, bolsa de transporte y manual de usuario.\" \/>\n<meta property=\"og:url\" content=\"https:\/\/www.mexicanguitarplayers.com\/en\/tienda\/sin categor\u00eda\/microfono-sennheiser-instrumento-e914\/\" \/>\n<meta property=\"og:site_name\" content=\"Mexican Guitar Players\" \/>\n<meta property=\"article:modified_time\" content=\"2026-04-15T10:20:02+00:00\" \/>\n<meta name=\"twitter:card\" content=\"summary_large_image\" \/>\n<meta name=\"twitter:label1\" content=\"Est. reading time\" \/>\n\t<meta name=\"twitter:data1\" content=\"1 minute\" \/>\n<script type=\"application\/ld+json\" class=\"yoast-schema-graph\">{\"@context\":\"https:\\\/\\\/schema.org\",\"@graph\":[{\"@type\":[\"WebPage\",\"ItemPage\"],\"@id\":\"https:\\\/\\\/www.mexicanguitarplayers.com\\\/tienda\\\/sin categor\u00eda\\\/microfono-sennheiser-instrumento-e914\\\/\",\"url\":\"https:\\\/\\\/www.mexicanguitarplayers.com\\\/tienda\\\/sin categor\u00eda\\\/microfono-sennheiser-instrumento-e914\\\/\",\"name\":\"MICROFONO SENNHEISER INSTRUMENTO E914 - Mexican Guitar Players\",\"isPartOf\":{\"@id\":\"https:\\\/\\\/www.mexicanguitarplayers.com\\\/#website\"},\"primaryImageOfPage\":{\"@id\":\"https:\\\/\\\/www.mexicanguitarplayers.com\\\/tienda\\\/sin categor\u00eda\\\/microfono-sennheiser-instrumento-e914\\\/#primaryimage\"},\"image\":{\"@id\":\"https:\\\/\\\/www.mexicanguitarplayers.com\\\/tienda\\\/sin categor\u00eda\\\/microfono-sennheiser-instrumento-e914\\\/#primaryimage\"},\"thumbnailUrl\":\"https:\\\/\\\/www.mexicanguitarplayers.com\\\/wp-content\\\/uploads\\\/2025\\\/04\\\/IASENE914.jpg\",\"datePublished\":\"2025-04-08T17:34:56+00:00\",\"dateModified\":\"2026-04-15T10:20:02+00:00\",\"description\":\"Micr\u00f3fono cardioide de condensador, perfecto para grabaciones en vivo, excelente din\u00e1mica e ideal para una gran cantidad de instrumentos, maneja altos niveles de presi\u00f3n sonora, bass roll-off\\\/cut-off switch de 3 posiciones, pre-atenuaci\u00f3n de 3 posiciones, dimensiones: \u00d8 24 x 157 mm, conector XLR de 3 pines, respuesta de frecuencia: 20 - 20,000 Hz, peso: 198 g, impedancia: 100 ohms, incluye clamp de micr\u00f3fono, anti viento, bolsa de transporte y manual de usuario.\",\"breadcrumb\":{\"@id\":\"https:\\\/\\\/www.mexicanguitarplayers.com\\\/tienda\\\/sin categor\u00eda\\\/microfono-sennheiser-instrumento-e914\\\/#breadcrumb\"},\"inLanguage\":\"en-US\",\"potentialAction\":[{\"@type\":\"ReadAction\",\"target\":[\"https:\\\/\\\/www.mexicanguitarplayers.com\\\/tienda\\\/sin categor\u00eda\\\/microfono-sennheiser-instrumento-e914\\\/\"]}]},{\"@type\":\"ImageObject\",\"inLanguage\":\"en-US\",\"@id\":\"https:\\\/\\\/www.mexicanguitarplayers.com\\\/tienda\\\/sin categor\u00eda\\\/microfono-sennheiser-instrumento-e914\\\/#primaryimage\",\"url\":\"https:\\\/\\\/www.mexicanguitarplayers.com\\\/wp-content\\\/uploads\\\/2025\\\/04\\\/IASENE914.jpg\",\"contentUrl\":\"https:\\\/\\\/www.mexicanguitarplayers.com\\\/wp-content\\\/uploads\\\/2025\\\/04\\\/IASENE914.jpg\",\"width\":800,\"height\":1600},{\"@type\":\"BreadcrumbList\",\"@id\":\"https:\\\/\\\/www.mexicanguitarplayers.com\\\/tienda\\\/sin categor\u00eda\\\/microfono-sennheiser-instrumento-e914\\\/#breadcrumb\",\"itemListElement\":[{\"@type\":\"ListItem\",\"position\":1,\"name\":\"Portada\",\"item\":\"https:\\\/\\\/www.mexicanguitarplayers.com\\\/\"},{\"@type\":\"ListItem\",\"position\":2,\"name\":\"Tienda\",\"item\":\"https:\\\/\\\/www.mexicanguitarplayers.com\\\/tienda\\\/\"},{\"@type\":\"ListItem\",\"position\":3,\"name\":\"MICROFONO SENNHEISER INSTRUMENTO E914\"}]},{\"@type\":\"WebSite\",\"@id\":\"https:\\\/\\\/www.mexicanguitarplayers.com\\\/#website\",\"url\":\"https:\\\/\\\/www.mexicanguitarplayers.com\\\/\",\"name\":\"Mexican Guitar Players\",\"description\":\"Website\",\"publisher\":{\"@id\":\"https:\\\/\\\/www.mexicanguitarplayers.com\\\/#organization\"},\"potentialAction\":[{\"@type\":\"SearchAction\",\"target\":{\"@type\":\"EntryPoint\",\"urlTemplate\":\"https:\\\/\\\/www.mexicanguitarplayers.com\\\/?s={search_term_string}\"},\"query-input\":{\"@type\":\"PropertyValueSpecification\",\"valueRequired\":true,\"valueName\":\"search_term_string\"}}],\"inLanguage\":\"en-US\"},{\"@type\":\"Organization\",\"@id\":\"https:\\\/\\\/www.mexicanguitarplayers.com\\\/#organization\",\"name\":\"Mexican Guitar Players\",\"url\":\"https:\\\/\\\/www.mexicanguitarplayers.com\\\/\",\"logo\":{\"@type\":\"ImageObject\",\"inLanguage\":\"en-US\",\"@id\":\"https:\\\/\\\/www.mexicanguitarplayers.com\\\/#\\\/schema\\\/logo\\\/image\\\/\",\"url\":\"\",\"contentUrl\":\"\",\"caption\":\"Mexican Guitar Players\"},\"image\":{\"@id\":\"https:\\\/\\\/www.mexicanguitarplayers.com\\\/#\\\/schema\\\/logo\\\/image\\\/\"}}]}<\/script>\n<!-- \/ Yoast SEO plugin. -->","yoast_head_json":{"title":"MICROFONO SENNHEISER INSTRUMENTO E914 - Mexican Guitar Players","description":"Micr\u00f3fono cardioide de condensador, perfecto para grabaciones en vivo, excelente din\u00e1mica e ideal para una gran cantidad de instrumentos, maneja altos niveles de presi\u00f3n sonora, bass roll-off\/cut-off switch de 3 posiciones, pre-atenuaci\u00f3n de 3 posiciones, dimensiones: \u00d8 24 x 157 mm, conector XLR de 3 pines, respuesta de frecuencia: 20 - 20,000 Hz, peso: 198 g, impedancia: 100 ohms, incluye clamp de micr\u00f3fono, anti viento, bolsa de transporte y manual de usuario.","robots":{"index":"index","follow":"follow","max-snippet":"max-snippet:-1","max-image-preview":"max-image-preview:large","max-video-preview":"max-video-preview:-1"},"canonical":"https:\/\/www.mexicanguitarplayers.com\/en\/tienda\/sin categor\u00eda\/microfono-sennheiser-instrumento-e914\/","og_locale":"en_US","og_type":"article","og_title":"MICROFONO SENNHEISER INSTRUMENTO E914 - Mexican Guitar Players","og_description":"Micr\u00f3fono cardioide de condensador, perfecto para grabaciones en vivo, excelente din\u00e1mica e ideal para una gran cantidad de instrumentos, maneja altos niveles de presi\u00f3n sonora, bass roll-off\/cut-off switch de 3 posiciones, pre-atenuaci\u00f3n de 3 posiciones, dimensiones: \u00d8 24 x 157 mm, conector XLR de 3 pines, respuesta de frecuencia: 20 - 20,000 Hz, peso: 198 g, impedancia: 100 ohms, incluye clamp de micr\u00f3fono, anti viento, bolsa de transporte y manual de usuario.","og_url":"https:\/\/www.mexicanguitarplayers.com\/en\/tienda\/sin categor\u00eda\/microfono-sennheiser-instrumento-e914\/","og_site_name":"Mexican Guitar Players","article_modified_time":"2026-04-15T10:20:02+00:00","twitter_card":"summary_large_image","twitter_misc":{"Est. reading time":"1 minute"},"schema":{"@context":"https:\/\/schema.org","@graph":[{"@type":["WebPage","ItemPage"],"@id":"https:\/\/www.mexicanguitarplayers.com\/tienda\/sin categor\u00eda\/microfono-sennheiser-instrumento-e914\/","url":"https:\/\/www.mexicanguitarplayers.com\/tienda\/sin categor\u00eda\/microfono-sennheiser-instrumento-e914\/","name":"MICROFONO SENNHEISER INSTRUMENTO E914 - Mexican Guitar Players","isPartOf":{"@id":"https:\/\/www.mexicanguitarplayers.com\/#website"},"primaryImageOfPage":{"@id":"https:\/\/www.mexicanguitarplayers.com\/tienda\/sin categor\u00eda\/microfono-sennheiser-instrumento-e914\/#primaryimage"},"image":{"@id":"https:\/\/www.mexicanguitarplayers.com\/tienda\/sin categor\u00eda\/microfono-sennheiser-instrumento-e914\/#primaryimage"},"thumbnailUrl":"https:\/\/www.mexicanguitarplayers.com\/wp-content\/uploads\/2025\/04\/IASENE914.jpg","datePublished":"2025-04-08T17:34:56+00:00","dateModified":"2026-04-15T10:20:02+00:00","description":"Micr\u00f3fono cardioide de condensador, perfecto para grabaciones en vivo, excelente din\u00e1mica e ideal para una gran cantidad de instrumentos, maneja altos niveles de presi\u00f3n sonora, bass roll-off\/cut-off switch de 3 posiciones, pre-atenuaci\u00f3n de 3 posiciones, dimensiones: \u00d8 24 x 157 mm, conector XLR de 3 pines, respuesta de frecuencia: 20 - 20,000 Hz, peso: 198 g, impedancia: 100 ohms, incluye clamp de micr\u00f3fono, anti viento, bolsa de transporte y manual de usuario.","breadcrumb":{"@id":"https:\/\/www.mexicanguitarplayers.com\/tienda\/sin categor\u00eda\/microfono-sennheiser-instrumento-e914\/#breadcrumb"},"inLanguage":"en-US","potentialAction":[{"@type":"ReadAction","target":["https:\/\/www.mexicanguitarplayers.com\/tienda\/sin categor\u00eda\/microfono-sennheiser-instrumento-e914\/"]}]},{"@type":"ImageObject","inLanguage":"en-US","@id":"https:\/\/www.mexicanguitarplayers.com\/tienda\/sin categor\u00eda\/microfono-sennheiser-instrumento-e914\/#primaryimage","url":"https:\/\/www.mexicanguitarplayers.com\/wp-content\/uploads\/2025\/04\/IASENE914.jpg","contentUrl":"https:\/\/www.mexicanguitarplayers.com\/wp-content\/uploads\/2025\/04\/IASENE914.jpg","width":800,"height":1600},{"@type":"BreadcrumbList","@id":"https:\/\/www.mexicanguitarplayers.com\/tienda\/sin categor\u00eda\/microfono-sennheiser-instrumento-e914\/#breadcrumb","itemListElement":[{"@type":"ListItem","position":1,"name":"Portada","item":"https:\/\/www.mexicanguitarplayers.com\/"},{"@type":"ListItem","position":2,"name":"Tienda","item":"https:\/\/www.mexicanguitarplayers.com\/tienda\/"},{"@type":"ListItem","position":3,"name":"MICROFONO SENNHEISER INSTRUMENTO E914"}]},{"@type":"WebSite","@id":"https:\/\/www.mexicanguitarplayers.com\/#website","url":"https:\/\/www.mexicanguitarplayers.com\/","name":"Mexican Guitar Players","description":"Website","publisher":{"@id":"https:\/\/www.mexicanguitarplayers.com\/#organization"},"potentialAction":[{"@type":"SearchAction","target":{"@type":"EntryPoint","urlTemplate":"https:\/\/www.mexicanguitarplayers.com\/?s={search_term_string}"},"query-input":{"@type":"PropertyValueSpecification","valueRequired":true,"valueName":"search_term_string"}}],"inLanguage":"en-US"},{"@type":"Organization","@id":"https:\/\/www.mexicanguitarplayers.com\/#organization","name":"Mexican Guitar Players","url":"https:\/\/www.mexicanguitarplayers.com\/","logo":{"@type":"ImageObject","inLanguage":"en-US","@id":"https:\/\/www.mexicanguitarplayers.com\/#\/schema\/logo\/image\/","url":"","contentUrl":"","caption":"Mexican Guitar Players"},"image":{"@id":"https:\/\/www.mexicanguitarplayers.com\/#\/schema\/logo\/image\/"}}]}},"brands":[{"id":176,"name":"SENNHEISER","slug":"sennheiser"}],"_links":{"self":[{"href":"https:\/\/www.mexicanguitarplayers.com\/en\/wp-json\/wp\/v2\/product\/30938","targetHints":{"allow":["GET"]}}],"collection":[{"href":"https:\/\/www.mexicanguitarplayers.com\/en\/wp-json\/wp\/v2\/product"}],"about":[{"href":"https:\/\/www.mexicanguitarplayers.com\/en\/wp-json\/wp\/v2\/types\/product"}],"replies":[{"embeddable":true,"href":"https:\/\/www.mexicanguitarplayers.com\/en\/wp-json\/wp\/v2\/comments?post=30938"}],"wp:featuredmedia":[{"embeddable":true,"href":"https:\/\/www.mexicanguitarplayers.com\/en\/wp-json\/wp\/v2\/media\/30937"}],"wp:attachment":[{"href":"https:\/\/www.mexicanguitarplayers.com\/en\/wp-json\/wp\/v2\/media?parent=30938"}],"wp:term":[{"taxonomy":"pwb-brand","embeddable":true,"href":"https:\/\/www.mexicanguitarplayers.com\/en\/wp-json\/wp\/v2\/pwb-brand?post=30938"},{"taxonomy":"product_brand","embeddable":true,"href":"https:\/\/www.mexicanguitarplayers.com\/en\/wp-json\/wp\/v2\/product_brand?post=30938"},{"taxonomy":"product_cat","embeddable":true,"href":"https:\/\/www.mexicanguitarplayers.com\/en\/wp-json\/wp\/v2\/product_cat?post=30938"},{"taxonomy":"product_tag","embeddable":true,"href":"https:\/\/www.mexicanguitarplayers.com\/en\/wp-json\/wp\/v2\/product_tag?post=30938"}],"curies":[{"name":"wp","href":"https:\/\/api.w.org\/{rel}","templated":true}]}}