{"id":30943,"date":"2025-04-08T11:35:03","date_gmt":"2025-04-08T17:35:03","guid":{"rendered":"https:\/\/www.mexicanguitarplayers.com\/tienda\/sin categor\u00eda\/mezcladora-behringer-mod-xenyx-502s\/"},"modified":"2026-05-01T07:24:42","modified_gmt":"2026-05-01T13:24:42","slug":"mezcladora-behringer-mod-xenyx-502s","status":"publish","type":"product","link":"https:\/\/www.mexicanguitarplayers.com\/en\/tienda\/audio\/mezcladoras\/mezcladora-behringer-mod-xenyx-502s\/","title":{"rendered":"MEZCLADORA BEHRINGER MOD. XENYX 502S"},"content":{"rendered":"<div style=\"text-align: justify\">\n<div>\n<h3>XENYX 502S<\/h3>\n<\/div>\n<div>Mezclador anal\u00f3gico premium de 5 entradas con interfaz de transmisi\u00f3n USB<\/div>\n<div>\n<h4>Characteristics<\/h4>\n<\/div>\n<div>\n<ul style=\"margin: 0px 0px 0px 25px\">\n<li style=\"list-style-type: circle;margin: 5px\">Entrada de micr\u00f3fono<\/li>\n<li style=\"list-style-type: circle;margin: 5px\">Entradas de l\u00ednea mono<\/li>\n<li style=\"list-style-type: circle;margin: 5px\">L\u00ednea est\u00e9reo<\/li>\n<li style=\"list-style-type: circle;margin: 5px\">Entradas STREAM (Anal\u00f3gicas)<\/li>\n<li style=\"list-style-type: circle;margin: 5px\">Low<\/li>\n<li style=\"list-style-type: circle;margin: 5px\">High<\/li>\n<li style=\"list-style-type: circle;margin: 5px\">Kind<\/li>\n<li style=\"list-style-type: circle;margin: 5px\">Impedancia<\/li>\n<li style=\"list-style-type: circle;margin: 5px\">Nivel m\u00e1ximo de salida<\/li>\n<li style=\"list-style-type: circle;margin: 5px\">Type<\/li>\n<li style=\"list-style-type: circle;margin: 5px\">Impedancia<\/li>\n<li style=\"list-style-type: circle;margin: 5px\">Nivel m\u00e1ximo de salida<\/li>\n<li style=\"list-style-type: circle;margin: 5px\">Salida STREAM (anal\u00f3gica)<\/li>\n<li style=\"list-style-type: circle;margin: 5px\">Impedancia <\/li>\n<li style=\"list-style-type: circle;margin: 5px\">Nivel m\u00e1ximo de salida<\/li>\n<li style=\"list-style-type: circle;margin: 5px\">Ruido de mezcla principal<\/li>\n<li style=\"list-style-type: circle;margin: 5px\">Canal @ -8<\/li>\n<li style=\"list-style-type: circle;margin: 5px\">USB<\/li>\n<li style=\"list-style-type: circle;margin: 5px\">Datos de audio USB<\/li>\n<li style=\"list-style-type: circle;margin: 5px\">Cumple con la clase UAC2<\/li>\n<li style=\"list-style-type: circle;margin: 5px\">Power supply<\/li>\n<li style=\"list-style-type: circle;margin: 5px\">Entrada del adaptador<\/li>\n<li style=\"list-style-type: circle;margin: 5px\">Salida del adaptador<\/li>\n<\/ul>\n<\/div>\n<\/div>","protected":false},"excerpt":{"rendered":"<p>Las 5 entradas del mezclador ultracompacto XENYX 502S le permiten lograr transmisi\u00f3n, podcasting y grabaci\u00f3n. Proporciona un sonido c\u00e1lido y ultramusical gracias a su premiado preamplificador de micr\u00f3fono XENYX. Se puede conectar a computadoras o dispositivos m\u00f3viles a trav\u00e9s de USB. Un canal mono y 2 est\u00e9reo le permiten mezclar hasta 5 se\u00f1ales, combin\u00e1ndolas con una entrada de transmisi\u00f3n RCA est\u00e9reo y una entrada USB est\u00e9reo. Eso es un total de 9 se\u00f1ales de audio n\u00edtidas para monitorear a trav\u00e9s de auriculares o las salidas principales TRS. El 502S tambi\u00e9n se puede utilizar como un submezclador para combinar dispositivos de audio habilitados para red con otras se\u00f1ales anal\u00f3gicas. El XENYX 502S es excelente para cualquier micr\u00f3fono din\u00e1mico, ya que actualiza su configuraci\u00f3n de transmisi\u00f3n, podcasting o grabaci\u00f3n con una entrada de micr\u00f3fono, al tiempo que brinda un control simple y conveniente al alcance de su mano.&hellip; <a class=\"kt-excerpt-readmore more-link\" href=\"https:\/\/www.mexicanguitarplayers.com\/en\/tienda\/audio\/mezcladoras\/mezcladora-behringer-mod-xenyx-502s\/\">Read more<\/a><\/p>","protected":false},"featured_media":30939,"comment_status":"open","ping_status":"closed","template":"","meta":{"kt_blocks_editor_width":""},"pwb-brand":[171],"product_brand":[],"product_cat":[213,491],"product_tag":[],"class_list":{"0":"post-30943","1":"product","2":"type-product","3":"status-publish","4":"has-post-thumbnail","6":"pwb-brand-behringer","7":"product_cat-audio","8":"product_cat-mezcladoras","9":"product_shipping_class-0-5-kg","11":"first","12":"instock","13":"taxable","14":"shipping-taxable","15":"purchasable","16":"product-type-simple"},"yoast_head":"<!-- This site is optimized with the Yoast SEO plugin v27.5 - https:\/\/yoast.com\/product\/yoast-seo-wordpress\/ -->\n<title>MEZCLADORA BEHRINGER MOD. XENYX 502S - Mexican Guitar Players<\/title>\n<meta name=\"description\" content=\"Las 5 entradas del mezclador ultracompacto XENYX 502S le permiten lograr transmisi\u00f3n, podcasting y grabaci\u00f3n. Proporciona un sonido c\u00e1lido y ultramusical gracias a su premiado preamplificador de micr\u00f3fono XENYX. Se puede conectar a computadoras o dispositivos m\u00f3viles a trav\u00e9s de USB. Un canal mono y 2 est\u00e9reo le permiten mezclar hasta 5 se\u00f1ales, combin\u00e1ndolas con una entrada de transmisi\u00f3n RCA est\u00e9reo y una entrada USB est\u00e9reo. Eso es un total de 9 se\u00f1ales de audio n\u00edtidas para monitorear a trav\u00e9s de auriculares o las salidas principales TRS. El 502S tambi\u00e9n se puede utilizar como un submezclador para combinar dispositivos de audio habilitados para red con otras se\u00f1ales anal\u00f3gicas. El XENYX 502S es excelente para cualquier micr\u00f3fono din\u00e1mico, ya que actualiza su configuraci\u00f3n de transmisi\u00f3n, podcasting o grabaci\u00f3n con una entrada de micr\u00f3fono, al tiempo que brinda un control simple y conveniente al alcance de su mano.\" \/>\n<meta name=\"robots\" content=\"index, follow, max-snippet:-1, max-image-preview:large, max-video-preview:-1\" \/>\n<link rel=\"canonical\" href=\"https:\/\/www.mexicanguitarplayers.com\/en\/tienda\/sin%20categor\u00eda\/mezcladora-behringer-mod-xenyx-502s\/\" \/>\n<meta property=\"og:locale\" content=\"en_US\" \/>\n<meta property=\"og:type\" content=\"article\" \/>\n<meta property=\"og:title\" content=\"MEZCLADORA BEHRINGER MOD. XENYX 502S - Mexican Guitar Players\" \/>\n<meta property=\"og:description\" content=\"Las 5 entradas del mezclador ultracompacto XENYX 502S le permiten lograr transmisi\u00f3n, podcasting y grabaci\u00f3n. Proporciona un sonido c\u00e1lido y ultramusical gracias a su premiado preamplificador de micr\u00f3fono XENYX. Se puede conectar a computadoras o dispositivos m\u00f3viles a trav\u00e9s de USB. Un canal mono y 2 est\u00e9reo le permiten mezclar hasta 5 se\u00f1ales, combin\u00e1ndolas con una entrada de transmisi\u00f3n RCA est\u00e9reo y una entrada USB est\u00e9reo. Eso es un total de 9 se\u00f1ales de audio n\u00edtidas para monitorear a trav\u00e9s de auriculares o las salidas principales TRS. El 502S tambi\u00e9n se puede utilizar como un submezclador para combinar dispositivos de audio habilitados para red con otras se\u00f1ales anal\u00f3gicas. El XENYX 502S es excelente para cualquier micr\u00f3fono din\u00e1mico, ya que actualiza su configuraci\u00f3n de transmisi\u00f3n, podcasting o grabaci\u00f3n con una entrada de micr\u00f3fono, al tiempo que brinda un control simple y conveniente al alcance de su mano.\" \/>\n<meta property=\"og:url\" content=\"https:\/\/www.mexicanguitarplayers.com\/en\/tienda\/sin categor\u00eda\/mezcladora-behringer-mod-xenyx-502s\/\" \/>\n<meta property=\"og:site_name\" content=\"Mexican Guitar Players\" \/>\n<meta property=\"article:modified_time\" content=\"2026-05-01T13:24:42+00:00\" \/>\n<meta name=\"twitter:card\" content=\"summary_large_image\" \/>\n<script type=\"application\/ld+json\" class=\"yoast-schema-graph\">{\"@context\":\"https:\\\/\\\/schema.org\",\"@graph\":[{\"@type\":[\"WebPage\",\"ItemPage\"],\"@id\":\"https:\\\/\\\/www.mexicanguitarplayers.com\\\/tienda\\\/sin categor\u00eda\\\/mezcladora-behringer-mod-xenyx-502s\\\/\",\"url\":\"https:\\\/\\\/www.mexicanguitarplayers.com\\\/tienda\\\/sin categor\u00eda\\\/mezcladora-behringer-mod-xenyx-502s\\\/\",\"name\":\"MEZCLADORA BEHRINGER MOD. XENYX 502S - Mexican Guitar Players\",\"isPartOf\":{\"@id\":\"https:\\\/\\\/www.mexicanguitarplayers.com\\\/#website\"},\"primaryImageOfPage\":{\"@id\":\"https:\\\/\\\/www.mexicanguitarplayers.com\\\/tienda\\\/sin categor\u00eda\\\/mezcladora-behringer-mod-xenyx-502s\\\/#primaryimage\"},\"image\":{\"@id\":\"https:\\\/\\\/www.mexicanguitarplayers.com\\\/tienda\\\/sin categor\u00eda\\\/mezcladora-behringer-mod-xenyx-502s\\\/#primaryimage\"},\"thumbnailUrl\":\"https:\\\/\\\/www.mexicanguitarplayers.com\\\/wp-content\\\/uploads\\\/2025\\\/04\\\/IABEHXENYX502S.jpg\",\"datePublished\":\"2025-04-08T17:35:03+00:00\",\"dateModified\":\"2026-05-01T13:24:42+00:00\",\"description\":\"Las 5 entradas del mezclador ultracompacto XENYX 502S le permiten lograr transmisi\u00f3n, podcasting y grabaci\u00f3n. Proporciona un sonido c\u00e1lido y ultramusical gracias a su premiado preamplificador de micr\u00f3fono XENYX. Se puede conectar a computadoras o dispositivos m\u00f3viles a trav\u00e9s de USB. Un canal mono y 2 est\u00e9reo le permiten mezclar hasta 5 se\u00f1ales, combin\u00e1ndolas con una entrada de transmisi\u00f3n RCA est\u00e9reo y una entrada USB est\u00e9reo. Eso es un total de 9 se\u00f1ales de audio n\u00edtidas para monitorear a trav\u00e9s de auriculares o las salidas principales TRS. El 502S tambi\u00e9n se puede utilizar como un submezclador para combinar dispositivos de audio habilitados para red con otras se\u00f1ales anal\u00f3gicas. El XENYX 502S es excelente para cualquier micr\u00f3fono din\u00e1mico, ya que actualiza su configuraci\u00f3n de transmisi\u00f3n, podcasting o grabaci\u00f3n con una entrada de micr\u00f3fono, al tiempo que brinda un control simple y conveniente al alcance de su mano.\",\"breadcrumb\":{\"@id\":\"https:\\\/\\\/www.mexicanguitarplayers.com\\\/tienda\\\/sin categor\u00eda\\\/mezcladora-behringer-mod-xenyx-502s\\\/#breadcrumb\"},\"inLanguage\":\"en-US\",\"potentialAction\":[{\"@type\":\"ReadAction\",\"target\":[\"https:\\\/\\\/www.mexicanguitarplayers.com\\\/tienda\\\/sin categor\u00eda\\\/mezcladora-behringer-mod-xenyx-502s\\\/\"]}]},{\"@type\":\"ImageObject\",\"inLanguage\":\"en-US\",\"@id\":\"https:\\\/\\\/www.mexicanguitarplayers.com\\\/tienda\\\/sin categor\u00eda\\\/mezcladora-behringer-mod-xenyx-502s\\\/#primaryimage\",\"url\":\"https:\\\/\\\/www.mexicanguitarplayers.com\\\/wp-content\\\/uploads\\\/2025\\\/04\\\/IABEHXENYX502S.jpg\",\"contentUrl\":\"https:\\\/\\\/www.mexicanguitarplayers.com\\\/wp-content\\\/uploads\\\/2025\\\/04\\\/IABEHXENYX502S.jpg\",\"width\":1200,\"height\":1200},{\"@type\":\"BreadcrumbList\",\"@id\":\"https:\\\/\\\/www.mexicanguitarplayers.com\\\/tienda\\\/sin categor\u00eda\\\/mezcladora-behringer-mod-xenyx-502s\\\/#breadcrumb\",\"itemListElement\":[{\"@type\":\"ListItem\",\"position\":1,\"name\":\"Portada\",\"item\":\"https:\\\/\\\/www.mexicanguitarplayers.com\\\/\"},{\"@type\":\"ListItem\",\"position\":2,\"name\":\"Tienda\",\"item\":\"https:\\\/\\\/www.mexicanguitarplayers.com\\\/tienda\\\/\"},{\"@type\":\"ListItem\",\"position\":3,\"name\":\"MEZCLADORA BEHRINGER MOD. XENYX 502S\"}]},{\"@type\":\"WebSite\",\"@id\":\"https:\\\/\\\/www.mexicanguitarplayers.com\\\/#website\",\"url\":\"https:\\\/\\\/www.mexicanguitarplayers.com\\\/\",\"name\":\"Mexican Guitar Players\",\"description\":\"Website\",\"publisher\":{\"@id\":\"https:\\\/\\\/www.mexicanguitarplayers.com\\\/#organization\"},\"potentialAction\":[{\"@type\":\"SearchAction\",\"target\":{\"@type\":\"EntryPoint\",\"urlTemplate\":\"https:\\\/\\\/www.mexicanguitarplayers.com\\\/?s={search_term_string}\"},\"query-input\":{\"@type\":\"PropertyValueSpecification\",\"valueRequired\":true,\"valueName\":\"search_term_string\"}}],\"inLanguage\":\"en-US\"},{\"@type\":\"Organization\",\"@id\":\"https:\\\/\\\/www.mexicanguitarplayers.com\\\/#organization\",\"name\":\"Mexican Guitar Players\",\"url\":\"https:\\\/\\\/www.mexicanguitarplayers.com\\\/\",\"logo\":{\"@type\":\"ImageObject\",\"inLanguage\":\"en-US\",\"@id\":\"https:\\\/\\\/www.mexicanguitarplayers.com\\\/#\\\/schema\\\/logo\\\/image\\\/\",\"url\":\"\",\"contentUrl\":\"\",\"caption\":\"Mexican Guitar Players\"},\"image\":{\"@id\":\"https:\\\/\\\/www.mexicanguitarplayers.com\\\/#\\\/schema\\\/logo\\\/image\\\/\"}}]}<\/script>\n<!-- \/ Yoast SEO plugin. -->","yoast_head_json":{"title":"MEZCLADORA BEHRINGER MOD. XENYX 502S - Mexican Guitar Players","description":"Las 5 entradas del mezclador ultracompacto XENYX 502S le permiten lograr transmisi\u00f3n, podcasting y grabaci\u00f3n. Proporciona un sonido c\u00e1lido y ultramusical gracias a su premiado preamplificador de micr\u00f3fono XENYX. Se puede conectar a computadoras o dispositivos m\u00f3viles a trav\u00e9s de USB. Un canal mono y 2 est\u00e9reo le permiten mezclar hasta 5 se\u00f1ales, combin\u00e1ndolas con una entrada de transmisi\u00f3n RCA est\u00e9reo y una entrada USB est\u00e9reo. Eso es un total de 9 se\u00f1ales de audio n\u00edtidas para monitorear a trav\u00e9s de auriculares o las salidas principales TRS. El 502S tambi\u00e9n se puede utilizar como un submezclador para combinar dispositivos de audio habilitados para red con otras se\u00f1ales anal\u00f3gicas. El XENYX 502S es excelente para cualquier micr\u00f3fono din\u00e1mico, ya que actualiza su configuraci\u00f3n de transmisi\u00f3n, podcasting o grabaci\u00f3n con una entrada de micr\u00f3fono, al tiempo que brinda un control simple y conveniente al alcance de su mano.","robots":{"index":"index","follow":"follow","max-snippet":"max-snippet:-1","max-image-preview":"max-image-preview:large","max-video-preview":"max-video-preview:-1"},"canonical":"https:\/\/www.mexicanguitarplayers.com\/en\/tienda\/sin categor\u00eda\/mezcladora-behringer-mod-xenyx-502s\/","og_locale":"en_US","og_type":"article","og_title":"MEZCLADORA BEHRINGER MOD. XENYX 502S - Mexican Guitar Players","og_description":"Las 5 entradas del mezclador ultracompacto XENYX 502S le permiten lograr transmisi\u00f3n, podcasting y grabaci\u00f3n. Proporciona un sonido c\u00e1lido y ultramusical gracias a su premiado preamplificador de micr\u00f3fono XENYX. Se puede conectar a computadoras o dispositivos m\u00f3viles a trav\u00e9s de USB. Un canal mono y 2 est\u00e9reo le permiten mezclar hasta 5 se\u00f1ales, combin\u00e1ndolas con una entrada de transmisi\u00f3n RCA est\u00e9reo y una entrada USB est\u00e9reo. Eso es un total de 9 se\u00f1ales de audio n\u00edtidas para monitorear a trav\u00e9s de auriculares o las salidas principales TRS. El 502S tambi\u00e9n se puede utilizar como un submezclador para combinar dispositivos de audio habilitados para red con otras se\u00f1ales anal\u00f3gicas. El XENYX 502S es excelente para cualquier micr\u00f3fono din\u00e1mico, ya que actualiza su configuraci\u00f3n de transmisi\u00f3n, podcasting o grabaci\u00f3n con una entrada de micr\u00f3fono, al tiempo que brinda un control simple y conveniente al alcance de su mano.","og_url":"https:\/\/www.mexicanguitarplayers.com\/en\/tienda\/sin categor\u00eda\/mezcladora-behringer-mod-xenyx-502s\/","og_site_name":"Mexican Guitar Players","article_modified_time":"2026-05-01T13:24:42+00:00","twitter_card":"summary_large_image","schema":{"@context":"https:\/\/schema.org","@graph":[{"@type":["WebPage","ItemPage"],"@id":"https:\/\/www.mexicanguitarplayers.com\/tienda\/sin categor\u00eda\/mezcladora-behringer-mod-xenyx-502s\/","url":"https:\/\/www.mexicanguitarplayers.com\/tienda\/sin categor\u00eda\/mezcladora-behringer-mod-xenyx-502s\/","name":"MEZCLADORA BEHRINGER MOD. XENYX 502S - Mexican Guitar Players","isPartOf":{"@id":"https:\/\/www.mexicanguitarplayers.com\/#website"},"primaryImageOfPage":{"@id":"https:\/\/www.mexicanguitarplayers.com\/tienda\/sin categor\u00eda\/mezcladora-behringer-mod-xenyx-502s\/#primaryimage"},"image":{"@id":"https:\/\/www.mexicanguitarplayers.com\/tienda\/sin categor\u00eda\/mezcladora-behringer-mod-xenyx-502s\/#primaryimage"},"thumbnailUrl":"https:\/\/www.mexicanguitarplayers.com\/wp-content\/uploads\/2025\/04\/IABEHXENYX502S.jpg","datePublished":"2025-04-08T17:35:03+00:00","dateModified":"2026-05-01T13:24:42+00:00","description":"Las 5 entradas del mezclador ultracompacto XENYX 502S le permiten lograr transmisi\u00f3n, podcasting y grabaci\u00f3n. Proporciona un sonido c\u00e1lido y ultramusical gracias a su premiado preamplificador de micr\u00f3fono XENYX. Se puede conectar a computadoras o dispositivos m\u00f3viles a trav\u00e9s de USB. Un canal mono y 2 est\u00e9reo le permiten mezclar hasta 5 se\u00f1ales, combin\u00e1ndolas con una entrada de transmisi\u00f3n RCA est\u00e9reo y una entrada USB est\u00e9reo. Eso es un total de 9 se\u00f1ales de audio n\u00edtidas para monitorear a trav\u00e9s de auriculares o las salidas principales TRS. El 502S tambi\u00e9n se puede utilizar como un submezclador para combinar dispositivos de audio habilitados para red con otras se\u00f1ales anal\u00f3gicas. El XENYX 502S es excelente para cualquier micr\u00f3fono din\u00e1mico, ya que actualiza su configuraci\u00f3n de transmisi\u00f3n, podcasting o grabaci\u00f3n con una entrada de micr\u00f3fono, al tiempo que brinda un control simple y conveniente al alcance de su mano.","breadcrumb":{"@id":"https:\/\/www.mexicanguitarplayers.com\/tienda\/sin categor\u00eda\/mezcladora-behringer-mod-xenyx-502s\/#breadcrumb"},"inLanguage":"en-US","potentialAction":[{"@type":"ReadAction","target":["https:\/\/www.mexicanguitarplayers.com\/tienda\/sin categor\u00eda\/mezcladora-behringer-mod-xenyx-502s\/"]}]},{"@type":"ImageObject","inLanguage":"en-US","@id":"https:\/\/www.mexicanguitarplayers.com\/tienda\/sin categor\u00eda\/mezcladora-behringer-mod-xenyx-502s\/#primaryimage","url":"https:\/\/www.mexicanguitarplayers.com\/wp-content\/uploads\/2025\/04\/IABEHXENYX502S.jpg","contentUrl":"https:\/\/www.mexicanguitarplayers.com\/wp-content\/uploads\/2025\/04\/IABEHXENYX502S.jpg","width":1200,"height":1200},{"@type":"BreadcrumbList","@id":"https:\/\/www.mexicanguitarplayers.com\/tienda\/sin categor\u00eda\/mezcladora-behringer-mod-xenyx-502s\/#breadcrumb","itemListElement":[{"@type":"ListItem","position":1,"name":"Portada","item":"https:\/\/www.mexicanguitarplayers.com\/"},{"@type":"ListItem","position":2,"name":"Tienda","item":"https:\/\/www.mexicanguitarplayers.com\/tienda\/"},{"@type":"ListItem","position":3,"name":"MEZCLADORA BEHRINGER MOD. XENYX 502S"}]},{"@type":"WebSite","@id":"https:\/\/www.mexicanguitarplayers.com\/#website","url":"https:\/\/www.mexicanguitarplayers.com\/","name":"Mexican Guitar Players","description":"Website","publisher":{"@id":"https:\/\/www.mexicanguitarplayers.com\/#organization"},"potentialAction":[{"@type":"SearchAction","target":{"@type":"EntryPoint","urlTemplate":"https:\/\/www.mexicanguitarplayers.com\/?s={search_term_string}"},"query-input":{"@type":"PropertyValueSpecification","valueRequired":true,"valueName":"search_term_string"}}],"inLanguage":"en-US"},{"@type":"Organization","@id":"https:\/\/www.mexicanguitarplayers.com\/#organization","name":"Mexican Guitar Players","url":"https:\/\/www.mexicanguitarplayers.com\/","logo":{"@type":"ImageObject","inLanguage":"en-US","@id":"https:\/\/www.mexicanguitarplayers.com\/#\/schema\/logo\/image\/","url":"","contentUrl":"","caption":"Mexican Guitar Players"},"image":{"@id":"https:\/\/www.mexicanguitarplayers.com\/#\/schema\/logo\/image\/"}}]}},"brands":[{"id":171,"name":"BEHRINGER","slug":"behringer"}],"_links":{"self":[{"href":"https:\/\/www.mexicanguitarplayers.com\/en\/wp-json\/wp\/v2\/product\/30943","targetHints":{"allow":["GET"]}}],"collection":[{"href":"https:\/\/www.mexicanguitarplayers.com\/en\/wp-json\/wp\/v2\/product"}],"about":[{"href":"https:\/\/www.mexicanguitarplayers.com\/en\/wp-json\/wp\/v2\/types\/product"}],"replies":[{"embeddable":true,"href":"https:\/\/www.mexicanguitarplayers.com\/en\/wp-json\/wp\/v2\/comments?post=30943"}],"wp:featuredmedia":[{"embeddable":true,"href":"https:\/\/www.mexicanguitarplayers.com\/en\/wp-json\/wp\/v2\/media\/30939"}],"wp:attachment":[{"href":"https:\/\/www.mexicanguitarplayers.com\/en\/wp-json\/wp\/v2\/media?parent=30943"}],"wp:term":[{"taxonomy":"pwb-brand","embeddable":true,"href":"https:\/\/www.mexicanguitarplayers.com\/en\/wp-json\/wp\/v2\/pwb-brand?post=30943"},{"taxonomy":"product_brand","embeddable":true,"href":"https:\/\/www.mexicanguitarplayers.com\/en\/wp-json\/wp\/v2\/product_brand?post=30943"},{"taxonomy":"product_cat","embeddable":true,"href":"https:\/\/www.mexicanguitarplayers.com\/en\/wp-json\/wp\/v2\/product_cat?post=30943"},{"taxonomy":"product_tag","embeddable":true,"href":"https:\/\/www.mexicanguitarplayers.com\/en\/wp-json\/wp\/v2\/product_tag?post=30943"}],"curies":[{"name":"wp","href":"https:\/\/api.w.org\/{rel}","templated":true}]}}