{"id":30967,"date":"2025-04-08T11:35:40","date_gmt":"2025-04-08T17:35:40","guid":{"rendered":"https:\/\/www.mexicanguitarplayers.com\/tienda\/sin categor\u00eda\/pedal-nux-mod-verb-core-deluxe\/"},"modified":"2026-04-10T04:36:02","modified_gmt":"2026-04-10T10:36:02","slug":"pedal-nux-mod-verb-core-deluxe","status":"publish","type":"product","link":"https:\/\/www.mexicanguitarplayers.com\/en\/tienda\/accesorios\/para-guitarras\/pedales-conmutacion\/pedal-nux-mod-verb-core-deluxe\/","title":{"rendered":"PEDAL NUX MOD. VERB CORE DELUXE"},"content":{"rendered":"<div style=\"text-align: justify\">\n<div>\n<h3>VERB CORE DELUXE<\/h3>\n<\/div>\n<div>El NUX VERB CORE DELUXE es un pedal de reverberaci\u00f3n con 8 tipos diferentes, incluidos Room, Hall, Plate, Damp, Shim, Spring, Tre-Verb y Mod Verb. Puede seleccionar el tipo de reverberaci\u00f3n utilizando el mando Type.<\/div>\n<div>\n<h4>Characteristics<\/h4>\n<\/div>\n<div>\n<ul style=\"margin: 0px 0px 0px 25px\">\n<li style=\"list-style-type: circle;margin: 5px\">Input impedance<\/li>\n<li style=\"list-style-type: circle;margin: 5px\">Output impedance<\/li>\n<li style=\"list-style-type: circle;margin: 5px\">Rango din\u00e1mico<\/li>\n<li style=\"list-style-type: circle;margin: 5px\">Procesamiento DSP<\/li>\n<li style=\"list-style-type: circle;margin: 5px\">Frecuencia de muestreo A\/DD\/A<\/li>\n<li style=\"list-style-type: circle;margin: 5px\">Feeding<\/li>\n<li style=\"list-style-type: circle;margin: 5px\">Current consumption<\/li>\n<li style=\"list-style-type: circle;margin: 5px\">Dimensions<\/li>\n<li style=\"list-style-type: circle;margin: 5px\">Weight<\/li>\n<\/ul>\n<\/div>\n<\/div>","protected":false},"excerpt":{"rendered":"<p>El NUX VERB CORE DELUXE es un pedal de reverberaci\u00f3n con 8 tipos diferentes, incluidos Room, Hall, Plate, Damp, Shim, Spring, Tre-Verb y Mod Verb. Puede seleccionar el tipo de reverberaci\u00f3n utilizando el mando Type. Interfaz de usuario intuitiva con perilla de decadencia, ajusta la duraci\u00f3n del tiempo de reverberaci\u00f3n. Perilla de nivel que ajusta el nivel de mezcla h\u00fameda\/seca de la reverberaci\u00f3n, desde 0% hasta 100% cuando gira la perilla en el sentido de las agujas del reloj. Perilla de tipo de reverberaci\u00f3n, perilla de ajuste, interruptor de palanca, pedal e indicador FS. Conectores de E\/S. DC Jack, Puerto USB-C, conectores est\u00e1ndar de 1\/4\u201d (mono\/TS)&hellip; <a class=\"kt-excerpt-readmore more-link\" href=\"https:\/\/www.mexicanguitarplayers.com\/en\/tienda\/accesorios\/para-guitarras\/pedales-conmutacion\/pedal-nux-mod-verb-core-deluxe\/\">Read more<\/a><\/p>","protected":false},"featured_media":30962,"comment_status":"open","ping_status":"closed","template":"","meta":{"kt_blocks_editor_width":""},"pwb-brand":[177],"product_brand":[],"product_cat":[85,336,503],"product_tag":[],"class_list":{"0":"post-30967","1":"product","2":"type-product","3":"status-publish","4":"has-post-thumbnail","6":"pwb-brand-nux","7":"product_cat-accesorios","8":"product_cat-para-guitarras","9":"product_cat-pedales-conmutacion","10":"product_shipping_class-0-5-kg","12":"first","13":"outofstock","14":"taxable","15":"shipping-taxable","16":"purchasable","17":"product-type-simple"},"yoast_head":"<!-- This site is optimized with the Yoast SEO plugin v27.5 - https:\/\/yoast.com\/product\/yoast-seo-wordpress\/ -->\n<title>PEDAL NUX MOD. VERB CORE DELUXE - Mexican Guitar Players<\/title>\n<meta name=\"description\" content=\"El NUX VERB CORE DELUXE es un pedal de reverberaci\u00f3n con 8 tipos diferentes, incluidos Room, Hall, Plate, Damp, Shim, Spring, Tre-Verb y Mod Verb. Puede seleccionar el tipo de reverberaci\u00f3n utilizando el mando Type. Interfaz de usuario intuitiva con perilla de decadencia, ajusta la duraci\u00f3n del tiempo de reverberaci\u00f3n. Perilla de nivel que ajusta el nivel de mezcla h\u00fameda\/seca de la reverberaci\u00f3n, desde 0% hasta 100% cuando gira la perilla en el sentido de las agujas del reloj. Perilla de tipo de reverberaci\u00f3n, perilla de ajuste, interruptor de palanca, pedal e indicador FS. Conectores de E\/S. DC Jack, Puerto USB-C, conectores est\u00e1ndar de 1\/4\u201d (mono\/TS)\" \/>\n<meta name=\"robots\" content=\"index, follow, max-snippet:-1, max-image-preview:large, max-video-preview:-1\" \/>\n<link rel=\"canonical\" href=\"https:\/\/www.mexicanguitarplayers.com\/en\/tienda\/sin%20categor\u00eda\/pedal-nux-mod-verb-core-deluxe\/\" \/>\n<meta property=\"og:locale\" content=\"en_US\" \/>\n<meta property=\"og:type\" content=\"article\" \/>\n<meta property=\"og:title\" content=\"PEDAL NUX MOD. VERB CORE DELUXE - Mexican Guitar Players\" \/>\n<meta property=\"og:description\" content=\"El NUX VERB CORE DELUXE es un pedal de reverberaci\u00f3n con 8 tipos diferentes, incluidos Room, Hall, Plate, Damp, Shim, Spring, Tre-Verb y Mod Verb. Puede seleccionar el tipo de reverberaci\u00f3n utilizando el mando Type. Interfaz de usuario intuitiva con perilla de decadencia, ajusta la duraci\u00f3n del tiempo de reverberaci\u00f3n. Perilla de nivel que ajusta el nivel de mezcla h\u00fameda\/seca de la reverberaci\u00f3n, desde 0% hasta 100% cuando gira la perilla en el sentido de las agujas del reloj. Perilla de tipo de reverberaci\u00f3n, perilla de ajuste, interruptor de palanca, pedal e indicador FS. Conectores de E\/S. DC Jack, Puerto USB-C, conectores est\u00e1ndar de 1\/4\u201d (mono\/TS)\" \/>\n<meta property=\"og:url\" content=\"https:\/\/www.mexicanguitarplayers.com\/en\/tienda\/sin categor\u00eda\/pedal-nux-mod-verb-core-deluxe\/\" \/>\n<meta property=\"og:site_name\" content=\"Mexican Guitar Players\" \/>\n<meta property=\"article:modified_time\" content=\"2026-04-10T10:36:02+00:00\" \/>\n<meta name=\"twitter:card\" content=\"summary_large_image\" \/>\n<script type=\"application\/ld+json\" class=\"yoast-schema-graph\">{\"@context\":\"https:\\\/\\\/schema.org\",\"@graph\":[{\"@type\":[\"WebPage\",\"ItemPage\"],\"@id\":\"https:\\\/\\\/www.mexicanguitarplayers.com\\\/tienda\\\/sin categor\u00eda\\\/pedal-nux-mod-verb-core-deluxe\\\/\",\"url\":\"https:\\\/\\\/www.mexicanguitarplayers.com\\\/tienda\\\/sin categor\u00eda\\\/pedal-nux-mod-verb-core-deluxe\\\/\",\"name\":\"PEDAL NUX MOD. VERB CORE DELUXE - Mexican Guitar Players\",\"isPartOf\":{\"@id\":\"https:\\\/\\\/www.mexicanguitarplayers.com\\\/#website\"},\"primaryImageOfPage\":{\"@id\":\"https:\\\/\\\/www.mexicanguitarplayers.com\\\/tienda\\\/sin categor\u00eda\\\/pedal-nux-mod-verb-core-deluxe\\\/#primaryimage\"},\"image\":{\"@id\":\"https:\\\/\\\/www.mexicanguitarplayers.com\\\/tienda\\\/sin categor\u00eda\\\/pedal-nux-mod-verb-core-deluxe\\\/#primaryimage\"},\"thumbnailUrl\":\"https:\\\/\\\/www.mexicanguitarplayers.com\\\/wp-content\\\/uploads\\\/2025\\\/04\\\/VANUXVERBCORED.jpg\",\"datePublished\":\"2025-04-08T17:35:40+00:00\",\"dateModified\":\"2026-04-10T10:36:02+00:00\",\"description\":\"El NUX VERB CORE DELUXE es un pedal de reverberaci\u00f3n con 8 tipos diferentes, incluidos Room, Hall, Plate, Damp, Shim, Spring, Tre-Verb y Mod Verb. Puede seleccionar el tipo de reverberaci\u00f3n utilizando el mando Type. Interfaz de usuario intuitiva con perilla de decadencia, ajusta la duraci\u00f3n del tiempo de reverberaci\u00f3n. Perilla de nivel que ajusta el nivel de mezcla h\u00fameda\\\/seca de la reverberaci\u00f3n, desde 0% hasta 100% cuando gira la perilla en el sentido de las agujas del reloj. Perilla de tipo de reverberaci\u00f3n, perilla de ajuste, interruptor de palanca, pedal e indicador FS. Conectores de E\\\/S. DC Jack, Puerto USB-C, conectores est\u00e1ndar de 1\\\/4\u201d (mono\\\/TS)\",\"breadcrumb\":{\"@id\":\"https:\\\/\\\/www.mexicanguitarplayers.com\\\/tienda\\\/sin categor\u00eda\\\/pedal-nux-mod-verb-core-deluxe\\\/#breadcrumb\"},\"inLanguage\":\"en-US\",\"potentialAction\":[{\"@type\":\"ReadAction\",\"target\":[\"https:\\\/\\\/www.mexicanguitarplayers.com\\\/tienda\\\/sin categor\u00eda\\\/pedal-nux-mod-verb-core-deluxe\\\/\"]}]},{\"@type\":\"ImageObject\",\"inLanguage\":\"en-US\",\"@id\":\"https:\\\/\\\/www.mexicanguitarplayers.com\\\/tienda\\\/sin categor\u00eda\\\/pedal-nux-mod-verb-core-deluxe\\\/#primaryimage\",\"url\":\"https:\\\/\\\/www.mexicanguitarplayers.com\\\/wp-content\\\/uploads\\\/2025\\\/04\\\/VANUXVERBCORED.jpg\",\"contentUrl\":\"https:\\\/\\\/www.mexicanguitarplayers.com\\\/wp-content\\\/uploads\\\/2025\\\/04\\\/VANUXVERBCORED.jpg\",\"width\":1200,\"height\":1200},{\"@type\":\"BreadcrumbList\",\"@id\":\"https:\\\/\\\/www.mexicanguitarplayers.com\\\/tienda\\\/sin categor\u00eda\\\/pedal-nux-mod-verb-core-deluxe\\\/#breadcrumb\",\"itemListElement\":[{\"@type\":\"ListItem\",\"position\":1,\"name\":\"Portada\",\"item\":\"https:\\\/\\\/www.mexicanguitarplayers.com\\\/\"},{\"@type\":\"ListItem\",\"position\":2,\"name\":\"Tienda\",\"item\":\"https:\\\/\\\/www.mexicanguitarplayers.com\\\/tienda\\\/\"},{\"@type\":\"ListItem\",\"position\":3,\"name\":\"PEDAL NUX MOD. VERB CORE DELUXE\"}]},{\"@type\":\"WebSite\",\"@id\":\"https:\\\/\\\/www.mexicanguitarplayers.com\\\/#website\",\"url\":\"https:\\\/\\\/www.mexicanguitarplayers.com\\\/\",\"name\":\"Mexican Guitar Players\",\"description\":\"Website\",\"publisher\":{\"@id\":\"https:\\\/\\\/www.mexicanguitarplayers.com\\\/#organization\"},\"potentialAction\":[{\"@type\":\"SearchAction\",\"target\":{\"@type\":\"EntryPoint\",\"urlTemplate\":\"https:\\\/\\\/www.mexicanguitarplayers.com\\\/?s={search_term_string}\"},\"query-input\":{\"@type\":\"PropertyValueSpecification\",\"valueRequired\":true,\"valueName\":\"search_term_string\"}}],\"inLanguage\":\"en-US\"},{\"@type\":\"Organization\",\"@id\":\"https:\\\/\\\/www.mexicanguitarplayers.com\\\/#organization\",\"name\":\"Mexican Guitar Players\",\"url\":\"https:\\\/\\\/www.mexicanguitarplayers.com\\\/\",\"logo\":{\"@type\":\"ImageObject\",\"inLanguage\":\"en-US\",\"@id\":\"https:\\\/\\\/www.mexicanguitarplayers.com\\\/#\\\/schema\\\/logo\\\/image\\\/\",\"url\":\"\",\"contentUrl\":\"\",\"caption\":\"Mexican Guitar Players\"},\"image\":{\"@id\":\"https:\\\/\\\/www.mexicanguitarplayers.com\\\/#\\\/schema\\\/logo\\\/image\\\/\"}}]}<\/script>\n<!-- \/ Yoast SEO plugin. -->","yoast_head_json":{"title":"PEDAL NUX MOD. VERB CORE DELUXE - Mexican Guitar Players","description":"El NUX VERB CORE DELUXE es un pedal de reverberaci\u00f3n con 8 tipos diferentes, incluidos Room, Hall, Plate, Damp, Shim, Spring, Tre-Verb y Mod Verb. Puede seleccionar el tipo de reverberaci\u00f3n utilizando el mando Type. Interfaz de usuario intuitiva con perilla de decadencia, ajusta la duraci\u00f3n del tiempo de reverberaci\u00f3n. Perilla de nivel que ajusta el nivel de mezcla h\u00fameda\/seca de la reverberaci\u00f3n, desde 0% hasta 100% cuando gira la perilla en el sentido de las agujas del reloj. Perilla de tipo de reverberaci\u00f3n, perilla de ajuste, interruptor de palanca, pedal e indicador FS. Conectores de E\/S. DC Jack, Puerto USB-C, conectores est\u00e1ndar de 1\/4\u201d (mono\/TS)","robots":{"index":"index","follow":"follow","max-snippet":"max-snippet:-1","max-image-preview":"max-image-preview:large","max-video-preview":"max-video-preview:-1"},"canonical":"https:\/\/www.mexicanguitarplayers.com\/en\/tienda\/sin categor\u00eda\/pedal-nux-mod-verb-core-deluxe\/","og_locale":"en_US","og_type":"article","og_title":"PEDAL NUX MOD. VERB CORE DELUXE - Mexican Guitar Players","og_description":"El NUX VERB CORE DELUXE es un pedal de reverberaci\u00f3n con 8 tipos diferentes, incluidos Room, Hall, Plate, Damp, Shim, Spring, Tre-Verb y Mod Verb. Puede seleccionar el tipo de reverberaci\u00f3n utilizando el mando Type. Interfaz de usuario intuitiva con perilla de decadencia, ajusta la duraci\u00f3n del tiempo de reverberaci\u00f3n. Perilla de nivel que ajusta el nivel de mezcla h\u00fameda\/seca de la reverberaci\u00f3n, desde 0% hasta 100% cuando gira la perilla en el sentido de las agujas del reloj. Perilla de tipo de reverberaci\u00f3n, perilla de ajuste, interruptor de palanca, pedal e indicador FS. Conectores de E\/S. DC Jack, Puerto USB-C, conectores est\u00e1ndar de 1\/4\u201d (mono\/TS)","og_url":"https:\/\/www.mexicanguitarplayers.com\/en\/tienda\/sin categor\u00eda\/pedal-nux-mod-verb-core-deluxe\/","og_site_name":"Mexican Guitar Players","article_modified_time":"2026-04-10T10:36:02+00:00","twitter_card":"summary_large_image","schema":{"@context":"https:\/\/schema.org","@graph":[{"@type":["WebPage","ItemPage"],"@id":"https:\/\/www.mexicanguitarplayers.com\/tienda\/sin categor\u00eda\/pedal-nux-mod-verb-core-deluxe\/","url":"https:\/\/www.mexicanguitarplayers.com\/tienda\/sin categor\u00eda\/pedal-nux-mod-verb-core-deluxe\/","name":"PEDAL NUX MOD. VERB CORE DELUXE - Mexican Guitar Players","isPartOf":{"@id":"https:\/\/www.mexicanguitarplayers.com\/#website"},"primaryImageOfPage":{"@id":"https:\/\/www.mexicanguitarplayers.com\/tienda\/sin categor\u00eda\/pedal-nux-mod-verb-core-deluxe\/#primaryimage"},"image":{"@id":"https:\/\/www.mexicanguitarplayers.com\/tienda\/sin categor\u00eda\/pedal-nux-mod-verb-core-deluxe\/#primaryimage"},"thumbnailUrl":"https:\/\/www.mexicanguitarplayers.com\/wp-content\/uploads\/2025\/04\/VANUXVERBCORED.jpg","datePublished":"2025-04-08T17:35:40+00:00","dateModified":"2026-04-10T10:36:02+00:00","description":"El NUX VERB CORE DELUXE es un pedal de reverberaci\u00f3n con 8 tipos diferentes, incluidos Room, Hall, Plate, Damp, Shim, Spring, Tre-Verb y Mod Verb. Puede seleccionar el tipo de reverberaci\u00f3n utilizando el mando Type. Interfaz de usuario intuitiva con perilla de decadencia, ajusta la duraci\u00f3n del tiempo de reverberaci\u00f3n. Perilla de nivel que ajusta el nivel de mezcla h\u00fameda\/seca de la reverberaci\u00f3n, desde 0% hasta 100% cuando gira la perilla en el sentido de las agujas del reloj. Perilla de tipo de reverberaci\u00f3n, perilla de ajuste, interruptor de palanca, pedal e indicador FS. Conectores de E\/S. DC Jack, Puerto USB-C, conectores est\u00e1ndar de 1\/4\u201d (mono\/TS)","breadcrumb":{"@id":"https:\/\/www.mexicanguitarplayers.com\/tienda\/sin categor\u00eda\/pedal-nux-mod-verb-core-deluxe\/#breadcrumb"},"inLanguage":"en-US","potentialAction":[{"@type":"ReadAction","target":["https:\/\/www.mexicanguitarplayers.com\/tienda\/sin categor\u00eda\/pedal-nux-mod-verb-core-deluxe\/"]}]},{"@type":"ImageObject","inLanguage":"en-US","@id":"https:\/\/www.mexicanguitarplayers.com\/tienda\/sin categor\u00eda\/pedal-nux-mod-verb-core-deluxe\/#primaryimage","url":"https:\/\/www.mexicanguitarplayers.com\/wp-content\/uploads\/2025\/04\/VANUXVERBCORED.jpg","contentUrl":"https:\/\/www.mexicanguitarplayers.com\/wp-content\/uploads\/2025\/04\/VANUXVERBCORED.jpg","width":1200,"height":1200},{"@type":"BreadcrumbList","@id":"https:\/\/www.mexicanguitarplayers.com\/tienda\/sin categor\u00eda\/pedal-nux-mod-verb-core-deluxe\/#breadcrumb","itemListElement":[{"@type":"ListItem","position":1,"name":"Portada","item":"https:\/\/www.mexicanguitarplayers.com\/"},{"@type":"ListItem","position":2,"name":"Tienda","item":"https:\/\/www.mexicanguitarplayers.com\/tienda\/"},{"@type":"ListItem","position":3,"name":"PEDAL NUX MOD. VERB CORE DELUXE"}]},{"@type":"WebSite","@id":"https:\/\/www.mexicanguitarplayers.com\/#website","url":"https:\/\/www.mexicanguitarplayers.com\/","name":"Mexican Guitar Players","description":"Website","publisher":{"@id":"https:\/\/www.mexicanguitarplayers.com\/#organization"},"potentialAction":[{"@type":"SearchAction","target":{"@type":"EntryPoint","urlTemplate":"https:\/\/www.mexicanguitarplayers.com\/?s={search_term_string}"},"query-input":{"@type":"PropertyValueSpecification","valueRequired":true,"valueName":"search_term_string"}}],"inLanguage":"en-US"},{"@type":"Organization","@id":"https:\/\/www.mexicanguitarplayers.com\/#organization","name":"Mexican Guitar Players","url":"https:\/\/www.mexicanguitarplayers.com\/","logo":{"@type":"ImageObject","inLanguage":"en-US","@id":"https:\/\/www.mexicanguitarplayers.com\/#\/schema\/logo\/image\/","url":"","contentUrl":"","caption":"Mexican Guitar Players"},"image":{"@id":"https:\/\/www.mexicanguitarplayers.com\/#\/schema\/logo\/image\/"}}]}},"brands":[{"id":177,"name":"NUX","slug":"nux"}],"_links":{"self":[{"href":"https:\/\/www.mexicanguitarplayers.com\/en\/wp-json\/wp\/v2\/product\/30967","targetHints":{"allow":["GET"]}}],"collection":[{"href":"https:\/\/www.mexicanguitarplayers.com\/en\/wp-json\/wp\/v2\/product"}],"about":[{"href":"https:\/\/www.mexicanguitarplayers.com\/en\/wp-json\/wp\/v2\/types\/product"}],"replies":[{"embeddable":true,"href":"https:\/\/www.mexicanguitarplayers.com\/en\/wp-json\/wp\/v2\/comments?post=30967"}],"wp:featuredmedia":[{"embeddable":true,"href":"https:\/\/www.mexicanguitarplayers.com\/en\/wp-json\/wp\/v2\/media\/30962"}],"wp:attachment":[{"href":"https:\/\/www.mexicanguitarplayers.com\/en\/wp-json\/wp\/v2\/media?parent=30967"}],"wp:term":[{"taxonomy":"pwb-brand","embeddable":true,"href":"https:\/\/www.mexicanguitarplayers.com\/en\/wp-json\/wp\/v2\/pwb-brand?post=30967"},{"taxonomy":"product_brand","embeddable":true,"href":"https:\/\/www.mexicanguitarplayers.com\/en\/wp-json\/wp\/v2\/product_brand?post=30967"},{"taxonomy":"product_cat","embeddable":true,"href":"https:\/\/www.mexicanguitarplayers.com\/en\/wp-json\/wp\/v2\/product_cat?post=30967"},{"taxonomy":"product_tag","embeddable":true,"href":"https:\/\/www.mexicanguitarplayers.com\/en\/wp-json\/wp\/v2\/product_tag?post=30967"}],"curies":[{"name":"wp","href":"https:\/\/api.w.org\/{rel}","templated":true}]}}