{"id":30971,"date":"2025-04-08T11:35:46","date_gmt":"2025-04-08T17:35:46","guid":{"rendered":"https:\/\/www.mexicanguitarplayers.com\/tienda\/sin categor\u00eda\/soporte-hercules-p-microfono-dg137b\/"},"modified":"2026-04-15T13:15:07","modified_gmt":"2026-04-15T19:15:07","slug":"soporte-hercules-p-microfono-dg137b","status":"publish","type":"product","link":"https:\/\/www.mexicanguitarplayers.com\/en\/tienda\/accesorios\/varios\/soporte-hercules-p-microfono-dg137b\/","title":{"rendered":"SOPORTE HERCULES P\/MICROFONO DG137B"},"content":{"rendered":"<div style=\"text-align: justify\">\n<div>\n<h3> DG137B SOPORTE PARA DISPOSITIVOS Y MICR\u00d3FONOS DE MONTAJE M\u00daLTIPLE<\/h3>\n<\/div>\n<div>El Hercules DG137B es un soporte m\u00faltiple para micr\u00f3fonos y dispositivos dise\u00f1ado con varias opciones de montaje. Es una soluci\u00f3n segura y robusta para micr\u00f3fonos de tambores, platillos y otros instrumentos ac\u00fasticos\/el\u00e9ctricos. Este soporte es ideal para grabaciones y presentaciones en vivo y elimina la necesidad de un soporte de micr\u00f3fono tradicional. Si bien est\u00e1 dise\u00f1ado para micr\u00f3fonos, tambi\u00e9n se puede utilizar para montar c\u00e1maras junto con la adici\u00f3n de un adaptador de c\u00e1mara roscado.<\/div>\n<div>\n<h4>Characteristics<\/h4>\n<\/div>\n<div>\n<ul style=\"margin: 0px 0px 0px 25px\">\n<li style=\"list-style-type: circle;margin: 5px\">Weight<\/li>\n<li style=\"list-style-type: circle;margin: 5px\">Longitud<\/li>\n<li style=\"list-style-type: circle;margin: 5px\">Tama\u00f1o plegado<\/li>\n<\/ul>\n<\/div>\n<\/div>","protected":false},"excerpt":{"rendered":"<p>El Hercules DG137B es un soporte m\u00faltiple para micr\u00f3fonos y dispositivos dise\u00f1ado con varias opciones de montaje como micr\u00f3fonos de tambores, platillos y otros instrumentos ac\u00fasticos\/el\u00e9ctricos. Este soporte es ideal para grabaciones y presentaciones en vivo, tambi\u00e9n se puede utilizar para montar c\u00e1maras junto con la adici\u00f3n de un adaptador de c\u00e1mara roscado. Ajuste del \u00e1ngulo de r\u00f3tula de 360 ??grados y rango de sujeci\u00f3n: 15 mm \u2013 35 mm (0,6\u201d &#8211; 1,3\u201d)&hellip; <a class=\"kt-excerpt-readmore more-link\" href=\"https:\/\/www.mexicanguitarplayers.com\/en\/tienda\/accesorios\/varios\/soporte-hercules-p-microfono-dg137b\/\">Read more<\/a><\/p>","protected":false},"featured_media":30968,"comment_status":"open","ping_status":"closed","template":"","meta":{"kt_blocks_editor_width":""},"pwb-brand":[587],"product_brand":[],"product_cat":[85,416,249],"product_tag":[],"class_list":{"0":"post-30971","1":"product","2":"type-product","3":"status-publish","4":"has-post-thumbnail","6":"pwb-brand-hercules","7":"product_cat-accesorios","8":"product_cat-stands","9":"product_cat-varios","10":"product_shipping_class-0-5-kg","12":"first","13":"outofstock","14":"taxable","15":"shipping-taxable","16":"purchasable","17":"product-type-simple"},"yoast_head":"<!-- This site is optimized with the Yoast SEO plugin v27.6 - https:\/\/yoast.com\/product\/yoast-seo-wordpress\/ -->\n<title>SOPORTE HERCULES P\/MICROFONO DG137B - Mexican Guitar Players<\/title>\n<meta name=\"description\" content=\"El Hercules DG137B es un soporte m\u00faltiple para micr\u00f3fonos y dispositivos dise\u00f1ado con varias opciones de montaje como micr\u00f3fonos de tambores, platillos y otros instrumentos ac\u00fasticos\/el\u00e9ctricos. Este soporte es ideal para grabaciones y presentaciones en vivo, tambi\u00e9n se puede utilizar para montar c\u00e1maras junto con la adici\u00f3n de un adaptador de c\u00e1mara roscado. Ajuste del \u00e1ngulo de r\u00f3tula de 360 ??grados y rango de sujeci\u00f3n: 15 mm \u2013 35 mm (0,6\u201d - 1,3\u201d)\" \/>\n<meta name=\"robots\" content=\"index, follow, max-snippet:-1, max-image-preview:large, max-video-preview:-1\" \/>\n<link rel=\"canonical\" href=\"https:\/\/www.mexicanguitarplayers.com\/en\/tienda\/sin%20categor\u00eda\/soporte-hercules-p-microfono-dg137b\/\" \/>\n<meta property=\"og:locale\" content=\"en_US\" \/>\n<meta property=\"og:type\" content=\"article\" \/>\n<meta property=\"og:title\" content=\"SOPORTE HERCULES P\/MICROFONO DG137B - Mexican Guitar Players\" \/>\n<meta property=\"og:description\" content=\"El Hercules DG137B es un soporte m\u00faltiple para micr\u00f3fonos y dispositivos dise\u00f1ado con varias opciones de montaje como micr\u00f3fonos de tambores, platillos y otros instrumentos ac\u00fasticos\/el\u00e9ctricos. Este soporte es ideal para grabaciones y presentaciones en vivo, tambi\u00e9n se puede utilizar para montar c\u00e1maras junto con la adici\u00f3n de un adaptador de c\u00e1mara roscado. Ajuste del \u00e1ngulo de r\u00f3tula de 360 ??grados y rango de sujeci\u00f3n: 15 mm \u2013 35 mm (0,6\u201d - 1,3\u201d)\" \/>\n<meta property=\"og:url\" content=\"https:\/\/www.mexicanguitarplayers.com\/en\/tienda\/sin categor\u00eda\/soporte-hercules-p-microfono-dg137b\/\" \/>\n<meta property=\"og:site_name\" content=\"Mexican Guitar Players\" \/>\n<meta property=\"article:modified_time\" content=\"2026-04-15T19:15:07+00:00\" \/>\n<meta name=\"twitter:card\" content=\"summary_large_image\" \/>\n<meta name=\"twitter:label1\" content=\"Est. reading time\" \/>\n\t<meta name=\"twitter:data1\" content=\"1 minute\" \/>\n<script type=\"application\/ld+json\" class=\"yoast-schema-graph\">{\"@context\":\"https:\\\/\\\/schema.org\",\"@graph\":[{\"@type\":[\"WebPage\",\"ItemPage\"],\"@id\":\"https:\\\/\\\/www.mexicanguitarplayers.com\\\/tienda\\\/sin categor\u00eda\\\/soporte-hercules-p-microfono-dg137b\\\/\",\"url\":\"https:\\\/\\\/www.mexicanguitarplayers.com\\\/tienda\\\/sin categor\u00eda\\\/soporte-hercules-p-microfono-dg137b\\\/\",\"name\":\"SOPORTE HERCULES P\\\/MICROFONO DG137B - Mexican Guitar Players\",\"isPartOf\":{\"@id\":\"https:\\\/\\\/www.mexicanguitarplayers.com\\\/#website\"},\"primaryImageOfPage\":{\"@id\":\"https:\\\/\\\/www.mexicanguitarplayers.com\\\/tienda\\\/sin categor\u00eda\\\/soporte-hercules-p-microfono-dg137b\\\/#primaryimage\"},\"image\":{\"@id\":\"https:\\\/\\\/www.mexicanguitarplayers.com\\\/tienda\\\/sin categor\u00eda\\\/soporte-hercules-p-microfono-dg137b\\\/#primaryimage\"},\"thumbnailUrl\":\"https:\\\/\\\/www.mexicanguitarplayers.com\\\/wp-content\\\/uploads\\\/2025\\\/04\\\/VAHERDG137B.jpg\",\"datePublished\":\"2025-04-08T17:35:46+00:00\",\"dateModified\":\"2026-04-15T19:15:07+00:00\",\"description\":\"El Hercules DG137B es un soporte m\u00faltiple para micr\u00f3fonos y dispositivos dise\u00f1ado con varias opciones de montaje como micr\u00f3fonos de tambores, platillos y otros instrumentos ac\u00fasticos\\\/el\u00e9ctricos. Este soporte es ideal para grabaciones y presentaciones en vivo, tambi\u00e9n se puede utilizar para montar c\u00e1maras junto con la adici\u00f3n de un adaptador de c\u00e1mara roscado. Ajuste del \u00e1ngulo de r\u00f3tula de 360 ??grados y rango de sujeci\u00f3n: 15 mm \u2013 35 mm (0,6\u201d - 1,3\u201d)\",\"breadcrumb\":{\"@id\":\"https:\\\/\\\/www.mexicanguitarplayers.com\\\/tienda\\\/sin categor\u00eda\\\/soporte-hercules-p-microfono-dg137b\\\/#breadcrumb\"},\"inLanguage\":\"en-US\",\"potentialAction\":[{\"@type\":\"ReadAction\",\"target\":[\"https:\\\/\\\/www.mexicanguitarplayers.com\\\/tienda\\\/sin categor\u00eda\\\/soporte-hercules-p-microfono-dg137b\\\/\"]}]},{\"@type\":\"ImageObject\",\"inLanguage\":\"en-US\",\"@id\":\"https:\\\/\\\/www.mexicanguitarplayers.com\\\/tienda\\\/sin categor\u00eda\\\/soporte-hercules-p-microfono-dg137b\\\/#primaryimage\",\"url\":\"https:\\\/\\\/www.mexicanguitarplayers.com\\\/wp-content\\\/uploads\\\/2025\\\/04\\\/VAHERDG137B.jpg\",\"contentUrl\":\"https:\\\/\\\/www.mexicanguitarplayers.com\\\/wp-content\\\/uploads\\\/2025\\\/04\\\/VAHERDG137B.jpg\",\"width\":1600,\"height\":800},{\"@type\":\"BreadcrumbList\",\"@id\":\"https:\\\/\\\/www.mexicanguitarplayers.com\\\/tienda\\\/sin categor\u00eda\\\/soporte-hercules-p-microfono-dg137b\\\/#breadcrumb\",\"itemListElement\":[{\"@type\":\"ListItem\",\"position\":1,\"name\":\"Portada\",\"item\":\"https:\\\/\\\/www.mexicanguitarplayers.com\\\/\"},{\"@type\":\"ListItem\",\"position\":2,\"name\":\"Tienda\",\"item\":\"https:\\\/\\\/www.mexicanguitarplayers.com\\\/tienda\\\/\"},{\"@type\":\"ListItem\",\"position\":3,\"name\":\"SOPORTE HERCULES P\\\/MICROFONO DG137B\"}]},{\"@type\":\"WebSite\",\"@id\":\"https:\\\/\\\/www.mexicanguitarplayers.com\\\/#website\",\"url\":\"https:\\\/\\\/www.mexicanguitarplayers.com\\\/\",\"name\":\"Mexican Guitar Players\",\"description\":\"Website\",\"publisher\":{\"@id\":\"https:\\\/\\\/www.mexicanguitarplayers.com\\\/#organization\"},\"potentialAction\":[{\"@type\":\"SearchAction\",\"target\":{\"@type\":\"EntryPoint\",\"urlTemplate\":\"https:\\\/\\\/www.mexicanguitarplayers.com\\\/?s={search_term_string}\"},\"query-input\":{\"@type\":\"PropertyValueSpecification\",\"valueRequired\":true,\"valueName\":\"search_term_string\"}}],\"inLanguage\":\"en-US\"},{\"@type\":\"Organization\",\"@id\":\"https:\\\/\\\/www.mexicanguitarplayers.com\\\/#organization\",\"name\":\"Mexican Guitar Players\",\"url\":\"https:\\\/\\\/www.mexicanguitarplayers.com\\\/\",\"logo\":{\"@type\":\"ImageObject\",\"inLanguage\":\"en-US\",\"@id\":\"https:\\\/\\\/www.mexicanguitarplayers.com\\\/#\\\/schema\\\/logo\\\/image\\\/\",\"url\":\"\",\"contentUrl\":\"\",\"caption\":\"Mexican Guitar Players\"},\"image\":{\"@id\":\"https:\\\/\\\/www.mexicanguitarplayers.com\\\/#\\\/schema\\\/logo\\\/image\\\/\"}}]}<\/script>\n<!-- \/ Yoast SEO plugin. -->","yoast_head_json":{"title":"SOPORTE HERCULES P\/MICROFONO DG137B - Mexican Guitar Players","description":"El Hercules DG137B es un soporte m\u00faltiple para micr\u00f3fonos y dispositivos dise\u00f1ado con varias opciones de montaje como micr\u00f3fonos de tambores, platillos y otros instrumentos ac\u00fasticos\/el\u00e9ctricos. Este soporte es ideal para grabaciones y presentaciones en vivo, tambi\u00e9n se puede utilizar para montar c\u00e1maras junto con la adici\u00f3n de un adaptador de c\u00e1mara roscado. Ajuste del \u00e1ngulo de r\u00f3tula de 360 ??grados y rango de sujeci\u00f3n: 15 mm \u2013 35 mm (0,6\u201d - 1,3\u201d)","robots":{"index":"index","follow":"follow","max-snippet":"max-snippet:-1","max-image-preview":"max-image-preview:large","max-video-preview":"max-video-preview:-1"},"canonical":"https:\/\/www.mexicanguitarplayers.com\/en\/tienda\/sin categor\u00eda\/soporte-hercules-p-microfono-dg137b\/","og_locale":"en_US","og_type":"article","og_title":"SOPORTE HERCULES P\/MICROFONO DG137B - Mexican Guitar Players","og_description":"El Hercules DG137B es un soporte m\u00faltiple para micr\u00f3fonos y dispositivos dise\u00f1ado con varias opciones de montaje como micr\u00f3fonos de tambores, platillos y otros instrumentos ac\u00fasticos\/el\u00e9ctricos. Este soporte es ideal para grabaciones y presentaciones en vivo, tambi\u00e9n se puede utilizar para montar c\u00e1maras junto con la adici\u00f3n de un adaptador de c\u00e1mara roscado. Ajuste del \u00e1ngulo de r\u00f3tula de 360 ??grados y rango de sujeci\u00f3n: 15 mm \u2013 35 mm (0,6\u201d - 1,3\u201d)","og_url":"https:\/\/www.mexicanguitarplayers.com\/en\/tienda\/sin categor\u00eda\/soporte-hercules-p-microfono-dg137b\/","og_site_name":"Mexican Guitar Players","article_modified_time":"2026-04-15T19:15:07+00:00","twitter_card":"summary_large_image","twitter_misc":{"Est. reading time":"1 minute"},"schema":{"@context":"https:\/\/schema.org","@graph":[{"@type":["WebPage","ItemPage"],"@id":"https:\/\/www.mexicanguitarplayers.com\/tienda\/sin categor\u00eda\/soporte-hercules-p-microfono-dg137b\/","url":"https:\/\/www.mexicanguitarplayers.com\/tienda\/sin categor\u00eda\/soporte-hercules-p-microfono-dg137b\/","name":"SOPORTE HERCULES P\/MICROFONO DG137B - Mexican Guitar Players","isPartOf":{"@id":"https:\/\/www.mexicanguitarplayers.com\/#website"},"primaryImageOfPage":{"@id":"https:\/\/www.mexicanguitarplayers.com\/tienda\/sin categor\u00eda\/soporte-hercules-p-microfono-dg137b\/#primaryimage"},"image":{"@id":"https:\/\/www.mexicanguitarplayers.com\/tienda\/sin categor\u00eda\/soporte-hercules-p-microfono-dg137b\/#primaryimage"},"thumbnailUrl":"https:\/\/www.mexicanguitarplayers.com\/wp-content\/uploads\/2025\/04\/VAHERDG137B.jpg","datePublished":"2025-04-08T17:35:46+00:00","dateModified":"2026-04-15T19:15:07+00:00","description":"El Hercules DG137B es un soporte m\u00faltiple para micr\u00f3fonos y dispositivos dise\u00f1ado con varias opciones de montaje como micr\u00f3fonos de tambores, platillos y otros instrumentos ac\u00fasticos\/el\u00e9ctricos. Este soporte es ideal para grabaciones y presentaciones en vivo, tambi\u00e9n se puede utilizar para montar c\u00e1maras junto con la adici\u00f3n de un adaptador de c\u00e1mara roscado. Ajuste del \u00e1ngulo de r\u00f3tula de 360 ??grados y rango de sujeci\u00f3n: 15 mm \u2013 35 mm (0,6\u201d - 1,3\u201d)","breadcrumb":{"@id":"https:\/\/www.mexicanguitarplayers.com\/tienda\/sin categor\u00eda\/soporte-hercules-p-microfono-dg137b\/#breadcrumb"},"inLanguage":"en-US","potentialAction":[{"@type":"ReadAction","target":["https:\/\/www.mexicanguitarplayers.com\/tienda\/sin categor\u00eda\/soporte-hercules-p-microfono-dg137b\/"]}]},{"@type":"ImageObject","inLanguage":"en-US","@id":"https:\/\/www.mexicanguitarplayers.com\/tienda\/sin categor\u00eda\/soporte-hercules-p-microfono-dg137b\/#primaryimage","url":"https:\/\/www.mexicanguitarplayers.com\/wp-content\/uploads\/2025\/04\/VAHERDG137B.jpg","contentUrl":"https:\/\/www.mexicanguitarplayers.com\/wp-content\/uploads\/2025\/04\/VAHERDG137B.jpg","width":1600,"height":800},{"@type":"BreadcrumbList","@id":"https:\/\/www.mexicanguitarplayers.com\/tienda\/sin categor\u00eda\/soporte-hercules-p-microfono-dg137b\/#breadcrumb","itemListElement":[{"@type":"ListItem","position":1,"name":"Portada","item":"https:\/\/www.mexicanguitarplayers.com\/"},{"@type":"ListItem","position":2,"name":"Tienda","item":"https:\/\/www.mexicanguitarplayers.com\/tienda\/"},{"@type":"ListItem","position":3,"name":"SOPORTE HERCULES P\/MICROFONO DG137B"}]},{"@type":"WebSite","@id":"https:\/\/www.mexicanguitarplayers.com\/#website","url":"https:\/\/www.mexicanguitarplayers.com\/","name":"Mexican Guitar Players","description":"Website","publisher":{"@id":"https:\/\/www.mexicanguitarplayers.com\/#organization"},"potentialAction":[{"@type":"SearchAction","target":{"@type":"EntryPoint","urlTemplate":"https:\/\/www.mexicanguitarplayers.com\/?s={search_term_string}"},"query-input":{"@type":"PropertyValueSpecification","valueRequired":true,"valueName":"search_term_string"}}],"inLanguage":"en-US"},{"@type":"Organization","@id":"https:\/\/www.mexicanguitarplayers.com\/#organization","name":"Mexican Guitar Players","url":"https:\/\/www.mexicanguitarplayers.com\/","logo":{"@type":"ImageObject","inLanguage":"en-US","@id":"https:\/\/www.mexicanguitarplayers.com\/#\/schema\/logo\/image\/","url":"","contentUrl":"","caption":"Mexican Guitar Players"},"image":{"@id":"https:\/\/www.mexicanguitarplayers.com\/#\/schema\/logo\/image\/"}}]}},"brands":[{"id":587,"name":"HERCULES","slug":"hercules"}],"_links":{"self":[{"href":"https:\/\/www.mexicanguitarplayers.com\/en\/wp-json\/wp\/v2\/product\/30971","targetHints":{"allow":["GET"]}}],"collection":[{"href":"https:\/\/www.mexicanguitarplayers.com\/en\/wp-json\/wp\/v2\/product"}],"about":[{"href":"https:\/\/www.mexicanguitarplayers.com\/en\/wp-json\/wp\/v2\/types\/product"}],"replies":[{"embeddable":true,"href":"https:\/\/www.mexicanguitarplayers.com\/en\/wp-json\/wp\/v2\/comments?post=30971"}],"wp:featuredmedia":[{"embeddable":true,"href":"https:\/\/www.mexicanguitarplayers.com\/en\/wp-json\/wp\/v2\/media\/30968"}],"wp:attachment":[{"href":"https:\/\/www.mexicanguitarplayers.com\/en\/wp-json\/wp\/v2\/media?parent=30971"}],"wp:term":[{"taxonomy":"pwb-brand","embeddable":true,"href":"https:\/\/www.mexicanguitarplayers.com\/en\/wp-json\/wp\/v2\/pwb-brand?post=30971"},{"taxonomy":"product_brand","embeddable":true,"href":"https:\/\/www.mexicanguitarplayers.com\/en\/wp-json\/wp\/v2\/product_brand?post=30971"},{"taxonomy":"product_cat","embeddable":true,"href":"https:\/\/www.mexicanguitarplayers.com\/en\/wp-json\/wp\/v2\/product_cat?post=30971"},{"taxonomy":"product_tag","embeddable":true,"href":"https:\/\/www.mexicanguitarplayers.com\/en\/wp-json\/wp\/v2\/product_tag?post=30971"}],"curies":[{"name":"wp","href":"https:\/\/api.w.org\/{rel}","templated":true}]}}