{"id":30976,"date":"2025-04-08T11:35:56","date_gmt":"2025-04-08T17:35:56","guid":{"rendered":"https:\/\/www.mexicanguitarplayers.com\/tienda\/sin categor\u00eda\/teclado-casio-portatil-ct-x700-c-eli\/"},"modified":"2025-06-23T04:15:12","modified_gmt":"2025-06-23T10:15:12","slug":"teclado-casio-portatil-ct-x700-c-eli","status":"publish","type":"product","link":"https:\/\/www.mexicanguitarplayers.com\/en\/tienda\/teclas\/teclados\/estandar\/teclado-casio-portatil-ct-x700-c-eli\/","title":{"rendered":"TECLADO CASIO PORTATIL    CT-X700 C\/ELI"},"content":{"rendered":"<div style=\"text-align: justify\">\n<div>\n<h3>Inicia tu viaje musical.<\/h3>\n<\/div>\n<div>Donde sea que est\u00e9 tu viaje musical y sin importar tu presupuesto, no deber\u00edas nunca comprometer la calidad de tu sonido. Conoce el nuevo CT-X700 de Casio. Su precio modesto lo convierte en la elecci\u00f3n correcta para tecladistas que van comenzando y su impresionante sonido lo hace imprescindible para tecladistas de cualquier nivel que necesiten un instrumento port\u00e1til. Lo que realmente diferencia el CT-X700 de otros teclados port\u00e1tiles, es su coraz\u00f3n: La potente fuente de sonido AiX. Esta tecnolog\u00eda hace que el CT-X700 suene como un teclado que cuesta cientos o miles de d\u00f3lares m\u00e1s.<\/div>\n<div>\n<h4>Quick look<\/h4>\n<\/div>\n<ul style=\"margin: 0px 0px 0px 25px\">\n<li style=\"list-style-type: circle;margin: 5px\">Teclado.<\/li>\n<li style=\"list-style-type: circle;margin: 5px\">Polifon\u00eda m\u00e1xima.<\/li>\n<li style=\"list-style-type: circle;margin: 5px\">Tonos.<\/li>\n<li style=\"list-style-type: circle;margin: 5px\">Reverb.<\/li>\n<li style=\"list-style-type: circle;margin: 5px\">Chorus.<\/li>\n<li style=\"list-style-type: circle;margin: 5px\">Metr\u00f3nomo.<\/li>\n<li style=\"list-style-type: circle;margin: 5px\">Banco de canciones.<\/li>\n<li style=\"list-style-type: circle;margin: 5px\">Funci\u00f3n de lecciones.<\/li>\n<li style=\"list-style-type: circle;margin: 5px\">Auto acompa\u00f1amiento.<\/li>\n<li style=\"list-style-type: circle;margin: 5px\">Funci\u00f3n de libro de acordes.<\/li>\n<li style=\"list-style-type: circle;margin: 5px\">Registro.<\/li>\n<li style=\"list-style-type: circle;margin: 5px\">Grabadora.<\/li>\n<li style=\"list-style-type: circle;margin: 5px\">Otras funciones.<\/li>\n<li style=\"list-style-type: circle;margin: 5px\">MIDI.<\/li>\n<li style=\"list-style-type: circle;margin: 5px\">Funci\u00f3n de informaci\u00f3n musical.<\/li>\n<li style=\"list-style-type: circle;margin: 5px\">Entrances and exits.<\/li>\n<li style=\"list-style-type: circle;margin: 5px\">Power jack.<\/li>\n<li style=\"list-style-type: circle;margin: 5px\">Power supply.<\/li>\n<li style=\"list-style-type: circle;margin: 5px\">Speakers.<\/li>\n<li style=\"list-style-type: circle;margin: 5px\">Salida de amplificador.<\/li>\n<li style=\"list-style-type: circle;margin: 5px\">Energy consumption.<\/li>\n<li style=\"list-style-type: circle;margin: 5px\">Dimensions.<\/li>\n<li style=\"list-style-type: circle;margin: 5px\">Weight.<\/li>\n<li style=\"list-style-type: circle;margin: 5px\">Accessories included.<\/li>\n<\/ul>\n<div>\n<div style=\"font-weight: bold\">Teclado.<\/div>\n<div>\n<p>61 teclas est\u00e1ndar. Respuesta al tacto: 3 tipos de sensibilidad. Off.<\/p>\n<\/div>\n<div style=\"font-weight: bold\">Polifon\u00eda m\u00e1xima.<\/div>\n<div>\n<p>48 notas (24 para ciertos tonos).<\/p>\n<\/div>\n<div style=\"font-weight: bold\">Tonos.<\/div>\n<div>\n<p>Tonos incorporados: 600. Funciones: Layer, Split y bot\u00f3n de piano\/\u00f3rgano.<\/p>\n<\/div>\n<div style=\"font-weight: bold\">Reverb.<\/div>\n<div>\n<p>1 a 20, Off.<\/p>\n<\/div>\n<div style=\"font-weight: bold\">Chorus.<\/div>\n<div>\n<p>1 a 10, tono.<\/p>\n<\/div>\n<div style=\"font-weight: bold\">Metr\u00f3nomo.<\/div>\n<div>\n<p>Beats por medida: 0 a 9. Rango de tempo: 20 a 255.<\/p>\n<\/div>\n<div style=\"font-weight: bold\">Banco de canciones.<\/div>\n<div>\n<p>Canci\u00f3n Demo: 1. Canciones incorporadas: 160. Canciones de usuario: 10. Canciones grabadas por el usuario: 6. Capacidad m\u00e1xima por canci\u00f3n: Aproximadamente 320 Kb.<\/p>\n<\/div>\n<div style=\"font-weight: bold\">Funci\u00f3n de lecciones.<\/div>\n<div>\n<p>Lecciones: 3 (Listen, Watch, Remember), Easy Mode. Parte de lecci\u00f3n: L, R, LR. Funciones: Repeat, Voice Fingering Guide, Note Guide, Performance Evaluation.<\/p>\n<\/div>\n<div style=\"font-weight: bold\">Auto acompa\u00f1amiento.<\/div>\n<div>\n<p>150 ritmos incluidos. 10 ritmos de usuario. Capacidad m\u00e1xima por ritmo; Aproximadamente 64 Kb.<\/p>\n<\/div>\n<div style=\"font-weight: bold\">Funci\u00f3n de libro de acordes.<\/div>\n<div>\n<p>Gu\u00eda de acordes.<\/p>\n<\/div>\n<div style=\"font-weight: bold\">Registro.<\/div>\n<div>\n<p>32 (4 ajustes x 8 bancos).<\/p>\n<\/div>\n<div style=\"font-weight: bold\">Grabadora.<\/div>\n<div>\n<p>Grabaci\u00f3n y reproducci\u00f3n en tiempo real. Teclado: 5 canciones y 6 tracks. Toca junto con una canci\u00f3n incorporada: 1 canci\u00f3n (L, R, LR). Capacidad de memoria: Aproximadamente 40,000 notas (1 canci\u00f3n).<\/p>\n<\/div>\n<div style=\"font-weight: bold\">Otras funciones.<\/div>\n<div>\n<p>Transposici\u00f3n de teclas: \u00b11 octavas (-12 a +12 semitonos). Cambio de octava: Superior 1 \/ Superior 2 \/ Inferior, \u00b13 octavas. Afinaci\u00f3n: A4 = 415.5 a 465.9 Hz (Inicio por defecto: 440 Hz). Escalas prestablecidas: 17. Prestablecido de m\u00fasica: 310. Prestablecido de un toque: 195. Auto armonizador: 12 tipos. Arpegiador: 100 tipos.<\/p>\n<\/div>\n<div style=\"font-weight: bold\">MIDI.<\/div>\n<div>\n<p>16 multi timbre recibido. GM Nivel 1 est\u00e1ndar.<\/p>\n<\/div>\n<div style=\"font-weight: bold\">Funci\u00f3n de informaci\u00f3n musical.<\/div>\n<div>\n<p>Tono, ritmo, n\u00famero y nombres del banco de canciones, notaci\u00f3n staff, digitaci\u00f3n, funcionamiento del pedal, tempo, medida y n\u00famero de comp\u00e1s, nombre de acorde, etc.<\/p>\n<\/div>\n<div style=\"font-weight: bold\">Entrances and exits.<\/div>\n<div>\n<p>Puerto USB: Tipo B. Entrada de pedal: Jack est\u00e1ndar (sustain, sostenuto, soft rhythm). Aud\u00edfonos: Jack est\u00e9reo est\u00e1ndar. Impedancia: 167 ohms, voltaje de salida: 4.5 V (RMS) m\u00e1ximo. Entrada de audio: Mini jack est\u00e9reo, impedancia de entrada: 10 kilo-ohms, sensibilidad de entrada: 200 mV.<\/p>\n<\/div>\n<div style=\"font-weight: bold\">Power jack.<\/div>\n<div>\n<p>DC 9.5 V.<\/p>\n<\/div>\n<div style=\"font-weight: bold\">Power supply.<\/div>\n<div>\n<p>2 v\u00edas. Bater\u00edas: 6 pilas alcalinas AA. Duraci\u00f3n de la bater\u00eda: Aproximadamente 3 horas continuas con pilas alcalinas. Adaptador AC: AD-E95100L. Auto Power Off: Aproximadamente 30 minutos despu\u00e9s de la \u00faltima operaci\u00f3n; puede ser deshabilitado.<\/p>\n<\/div>\n<div style=\"font-weight: bold\">Speakers.<\/div>\n<div>\n<p>2 altavoces de 12 cm.<\/p>\n<\/div>\n<div style=\"font-weight: bold\">Salida de amplificador.<\/div>\n<div>\n<p>2.5 + 2.5 watts.<\/p>\n<\/div>\n<div style=\"font-weight: bold\">Energy consumption.<\/div>\n<div>\n<p>7.5 watts.<\/p>\n<\/div>\n<div style=\"font-weight: bold\">Dimensions.<\/div>\n<div>\n<p>94.8 x 35 x 10.9 cm.<\/p>\n<\/div>\n<div style=\"font-weight: bold\">Weight.<\/div>\n<div>\n<p>Aproximadamente 4.3 kg (sin bater\u00edas).<\/p>\n<\/div>\n<div style=\"font-weight: bold\">Accessories included.<\/div>\n<div>\n<p>Soporte de partituras. <\/p>\n<\/div>\n<\/div>\n<\/div>","protected":false},"excerpt":{"rendered":"<p>Teclado port\u00e1til de 61 teclas est\u00e1ndar con respuesta al tacto, polifon\u00eda m\u00e1xima de 48 notas (24 para ciertos tonos), 600 tonos incorporados, reverb, chorus, metr\u00f3nomo, 160 canciones incorporadas y 10 canciones de usuario, funci\u00f3n de lecciones, funci\u00f3n de auto acompa\u00f1amiento, 150 ritmos incluidos, 10 ritmos de usuario, funci\u00f3n de gu\u00eda de acordes, registro: 32 (4 ajustes x 8 bancos), grabaci\u00f3n y reproducci\u00f3n en tiempo real: 5 canciones y 6 tracks, transposici\u00f3n de teclas, cambio de octava, auto armonizador y arpegiador, MIDI, puerto USB: Tipo B, entrada para pedal y salida de aud\u00edfonos, funciona con adaptador de corriente AD-E95100L o 6 pilas alcalinas AA, 2 altavoces de 12 cm a 2.5 + 2.5 watts, dimensiones: 94.8 x 35 x 10.9 cm, peso: aproximadamente 4.3 kg, incluye soporte de partituras.&hellip; <a class=\"kt-excerpt-readmore more-link\" href=\"https:\/\/www.mexicanguitarplayers.com\/en\/tienda\/teclas\/teclados\/estandar\/teclado-casio-portatil-ct-x700-c-eli\/\">Read more<\/a><\/p>","protected":false},"featured_media":30972,"comment_status":"open","ping_status":"closed","template":"","meta":{"kt_blocks_editor_width":""},"pwb-brand":[274],"product_brand":[],"product_cat":[381,380,376],"product_tag":[],"class_list":{"0":"post-30976","1":"product","2":"type-product","3":"status-publish","4":"has-post-thumbnail","6":"pwb-brand-casio","7":"product_cat-estandar","8":"product_cat-teclados","9":"product_cat-teclas","10":"product_shipping_class-5-10-kg","12":"first","13":"outofstock","14":"taxable","15":"shipping-taxable","16":"purchasable","17":"product-type-simple"},"yoast_head":"<!-- This site is optimized with the Yoast SEO plugin v27.3 - https:\/\/yoast.com\/product\/yoast-seo-wordpress\/ -->\n<title>TECLADO CASIO PORTATIL  CT-X700 C\/ELI - Mexican Guitar Players<\/title>\n<meta name=\"description\" content=\"Teclado port\u00e1til de 61 teclas est\u00e1ndar con respuesta al tacto, polifon\u00eda m\u00e1xima de 48 notas (24 para ciertos tonos), 600 tonos incorporados, reverb, chorus, metr\u00f3nomo, 160 canciones incorporadas y 10 canciones de usuario, funci\u00f3n de lecciones, funci\u00f3n de auto acompa\u00f1amiento, 150 ritmos incluidos, 10 ritmos de usuario, funci\u00f3n de gu\u00eda de acordes, registro: 32 (4 ajustes x 8 bancos), grabaci\u00f3n y reproducci\u00f3n en tiempo real: 5 canciones y 6 tracks, transposici\u00f3n de teclas, cambio de octava, auto armonizador y arpegiador, MIDI, puerto USB: Tipo B, entrada para pedal y salida de aud\u00edfonos, funciona con adaptador de corriente AD-E95100L o 6 pilas alcalinas AA, 2 altavoces de 12 cm a 2.5 + 2.5 watts, dimensiones: 94.8 x 35 x 10.9 cm, peso: aproximadamente 4.3 kg, incluye soporte de partituras.\" \/>\n<meta name=\"robots\" content=\"index, follow, max-snippet:-1, max-image-preview:large, max-video-preview:-1\" \/>\n<link rel=\"canonical\" href=\"https:\/\/www.mexicanguitarplayers.com\/en\/tienda\/sin%20categor\u00eda\/teclado-casio-portatil-ct-x700-c-eli\/\" \/>\n<meta property=\"og:locale\" content=\"en_US\" \/>\n<meta property=\"og:type\" content=\"article\" \/>\n<meta property=\"og:title\" content=\"TECLADO CASIO PORTATIL  CT-X700 C\/ELI - Mexican Guitar Players\" \/>\n<meta property=\"og:description\" content=\"Teclado port\u00e1til de 61 teclas est\u00e1ndar con respuesta al tacto, polifon\u00eda m\u00e1xima de 48 notas (24 para ciertos tonos), 600 tonos incorporados, reverb, chorus, metr\u00f3nomo, 160 canciones incorporadas y 10 canciones de usuario, funci\u00f3n de lecciones, funci\u00f3n de auto acompa\u00f1amiento, 150 ritmos incluidos, 10 ritmos de usuario, funci\u00f3n de gu\u00eda de acordes, registro: 32 (4 ajustes x 8 bancos), grabaci\u00f3n y reproducci\u00f3n en tiempo real: 5 canciones y 6 tracks, transposici\u00f3n de teclas, cambio de octava, auto armonizador y arpegiador, MIDI, puerto USB: Tipo B, entrada para pedal y salida de aud\u00edfonos, funciona con adaptador de corriente AD-E95100L o 6 pilas alcalinas AA, 2 altavoces de 12 cm a 2.5 + 2.5 watts, dimensiones: 94.8 x 35 x 10.9 cm, peso: aproximadamente 4.3 kg, incluye soporte de partituras.\" \/>\n<meta property=\"og:url\" content=\"https:\/\/www.mexicanguitarplayers.com\/en\/tienda\/sin categor\u00eda\/teclado-casio-portatil-ct-x700-c-eli\/\" \/>\n<meta property=\"og:site_name\" content=\"Mexican Guitar Players\" \/>\n<meta property=\"article:modified_time\" content=\"2025-06-23T10:15:12+00:00\" \/>\n<meta name=\"twitter:card\" content=\"summary_large_image\" \/>\n<meta name=\"twitter:label1\" content=\"Est. reading time\" \/>\n\t<meta name=\"twitter:data1\" content=\"3 minutes\" \/>\n<script type=\"application\/ld+json\" class=\"yoast-schema-graph\">{\"@context\":\"https:\\\/\\\/schema.org\",\"@graph\":[{\"@type\":[\"WebPage\",\"ItemPage\"],\"@id\":\"https:\\\/\\\/www.mexicanguitarplayers.com\\\/tienda\\\/sin categor\u00eda\\\/teclado-casio-portatil-ct-x700-c-eli\\\/\",\"url\":\"https:\\\/\\\/www.mexicanguitarplayers.com\\\/tienda\\\/sin categor\u00eda\\\/teclado-casio-portatil-ct-x700-c-eli\\\/\",\"name\":\"TECLADO CASIO PORTATIL CT-X700 C\\\/ELI - Mexican Guitar Players\",\"isPartOf\":{\"@id\":\"https:\\\/\\\/www.mexicanguitarplayers.com\\\/#website\"},\"primaryImageOfPage\":{\"@id\":\"https:\\\/\\\/www.mexicanguitarplayers.com\\\/tienda\\\/sin categor\u00eda\\\/teclado-casio-portatil-ct-x700-c-eli\\\/#primaryimage\"},\"image\":{\"@id\":\"https:\\\/\\\/www.mexicanguitarplayers.com\\\/tienda\\\/sin categor\u00eda\\\/teclado-casio-portatil-ct-x700-c-eli\\\/#primaryimage\"},\"thumbnailUrl\":\"https:\\\/\\\/www.mexicanguitarplayers.com\\\/wp-content\\\/uploads\\\/2025\\\/04\\\/ITCASCTX700A.jpg\",\"datePublished\":\"2025-04-08T17:35:56+00:00\",\"dateModified\":\"2025-06-23T10:15:12+00:00\",\"description\":\"Teclado port\u00e1til de 61 teclas est\u00e1ndar con respuesta al tacto, polifon\u00eda m\u00e1xima de 48 notas (24 para ciertos tonos), 600 tonos incorporados, reverb, chorus, metr\u00f3nomo, 160 canciones incorporadas y 10 canciones de usuario, funci\u00f3n de lecciones, funci\u00f3n de auto acompa\u00f1amiento, 150 ritmos incluidos, 10 ritmos de usuario, funci\u00f3n de gu\u00eda de acordes, registro: 32 (4 ajustes x 8 bancos), grabaci\u00f3n y reproducci\u00f3n en tiempo real: 5 canciones y 6 tracks, transposici\u00f3n de teclas, cambio de octava, auto armonizador y arpegiador, MIDI, puerto USB: Tipo B, entrada para pedal y salida de aud\u00edfonos, funciona con adaptador de corriente AD-E95100L o 6 pilas alcalinas AA, 2 altavoces de 12 cm a 2.5 + 2.5 watts, dimensiones: 94.8 x 35 x 10.9 cm, peso: aproximadamente 4.3 kg, incluye soporte de partituras.\",\"breadcrumb\":{\"@id\":\"https:\\\/\\\/www.mexicanguitarplayers.com\\\/tienda\\\/sin categor\u00eda\\\/teclado-casio-portatil-ct-x700-c-eli\\\/#breadcrumb\"},\"inLanguage\":\"en-US\",\"potentialAction\":[{\"@type\":\"ReadAction\",\"target\":[\"https:\\\/\\\/www.mexicanguitarplayers.com\\\/tienda\\\/sin categor\u00eda\\\/teclado-casio-portatil-ct-x700-c-eli\\\/\"]}]},{\"@type\":\"ImageObject\",\"inLanguage\":\"en-US\",\"@id\":\"https:\\\/\\\/www.mexicanguitarplayers.com\\\/tienda\\\/sin categor\u00eda\\\/teclado-casio-portatil-ct-x700-c-eli\\\/#primaryimage\",\"url\":\"https:\\\/\\\/www.mexicanguitarplayers.com\\\/wp-content\\\/uploads\\\/2025\\\/04\\\/ITCASCTX700A.jpg\",\"contentUrl\":\"https:\\\/\\\/www.mexicanguitarplayers.com\\\/wp-content\\\/uploads\\\/2025\\\/04\\\/ITCASCTX700A.jpg\",\"width\":1600,\"height\":800},{\"@type\":\"BreadcrumbList\",\"@id\":\"https:\\\/\\\/www.mexicanguitarplayers.com\\\/tienda\\\/sin categor\u00eda\\\/teclado-casio-portatil-ct-x700-c-eli\\\/#breadcrumb\",\"itemListElement\":[{\"@type\":\"ListItem\",\"position\":1,\"name\":\"Portada\",\"item\":\"https:\\\/\\\/www.mexicanguitarplayers.com\\\/\"},{\"@type\":\"ListItem\",\"position\":2,\"name\":\"Tienda\",\"item\":\"https:\\\/\\\/www.mexicanguitarplayers.com\\\/tienda\\\/\"},{\"@type\":\"ListItem\",\"position\":3,\"name\":\"TECLADO CASIO PORTATIL CT-X700 C\\\/ELI\"}]},{\"@type\":\"WebSite\",\"@id\":\"https:\\\/\\\/www.mexicanguitarplayers.com\\\/#website\",\"url\":\"https:\\\/\\\/www.mexicanguitarplayers.com\\\/\",\"name\":\"Mexican Guitar Players\",\"description\":\"Website\",\"publisher\":{\"@id\":\"https:\\\/\\\/www.mexicanguitarplayers.com\\\/#organization\"},\"potentialAction\":[{\"@type\":\"SearchAction\",\"target\":{\"@type\":\"EntryPoint\",\"urlTemplate\":\"https:\\\/\\\/www.mexicanguitarplayers.com\\\/?s={search_term_string}\"},\"query-input\":{\"@type\":\"PropertyValueSpecification\",\"valueRequired\":true,\"valueName\":\"search_term_string\"}}],\"inLanguage\":\"en-US\"},{\"@type\":\"Organization\",\"@id\":\"https:\\\/\\\/www.mexicanguitarplayers.com\\\/#organization\",\"name\":\"Mexican Guitar Players\",\"url\":\"https:\\\/\\\/www.mexicanguitarplayers.com\\\/\",\"logo\":{\"@type\":\"ImageObject\",\"inLanguage\":\"en-US\",\"@id\":\"https:\\\/\\\/www.mexicanguitarplayers.com\\\/#\\\/schema\\\/logo\\\/image\\\/\",\"url\":\"\",\"contentUrl\":\"\",\"caption\":\"Mexican Guitar Players\"},\"image\":{\"@id\":\"https:\\\/\\\/www.mexicanguitarplayers.com\\\/#\\\/schema\\\/logo\\\/image\\\/\"}}]}<\/script>\n<!-- \/ Yoast SEO plugin. -->","yoast_head_json":{"title":"TECLADO CASIO PORTATIL  CT-X700 C\/ELI - Mexican Guitar Players","description":"Teclado port\u00e1til de 61 teclas est\u00e1ndar con respuesta al tacto, polifon\u00eda m\u00e1xima de 48 notas (24 para ciertos tonos), 600 tonos incorporados, reverb, chorus, metr\u00f3nomo, 160 canciones incorporadas y 10 canciones de usuario, funci\u00f3n de lecciones, funci\u00f3n de auto acompa\u00f1amiento, 150 ritmos incluidos, 10 ritmos de usuario, funci\u00f3n de gu\u00eda de acordes, registro: 32 (4 ajustes x 8 bancos), grabaci\u00f3n y reproducci\u00f3n en tiempo real: 5 canciones y 6 tracks, transposici\u00f3n de teclas, cambio de octava, auto armonizador y arpegiador, MIDI, puerto USB: Tipo B, entrada para pedal y salida de aud\u00edfonos, funciona con adaptador de corriente AD-E95100L o 6 pilas alcalinas AA, 2 altavoces de 12 cm a 2.5 + 2.5 watts, dimensiones: 94.8 x 35 x 10.9 cm, peso: aproximadamente 4.3 kg, incluye soporte de partituras.","robots":{"index":"index","follow":"follow","max-snippet":"max-snippet:-1","max-image-preview":"max-image-preview:large","max-video-preview":"max-video-preview:-1"},"canonical":"https:\/\/www.mexicanguitarplayers.com\/en\/tienda\/sin categor\u00eda\/teclado-casio-portatil-ct-x700-c-eli\/","og_locale":"en_US","og_type":"article","og_title":"TECLADO CASIO PORTATIL  CT-X700 C\/ELI - Mexican Guitar Players","og_description":"Teclado port\u00e1til de 61 teclas est\u00e1ndar con respuesta al tacto, polifon\u00eda m\u00e1xima de 48 notas (24 para ciertos tonos), 600 tonos incorporados, reverb, chorus, metr\u00f3nomo, 160 canciones incorporadas y 10 canciones de usuario, funci\u00f3n de lecciones, funci\u00f3n de auto acompa\u00f1amiento, 150 ritmos incluidos, 10 ritmos de usuario, funci\u00f3n de gu\u00eda de acordes, registro: 32 (4 ajustes x 8 bancos), grabaci\u00f3n y reproducci\u00f3n en tiempo real: 5 canciones y 6 tracks, transposici\u00f3n de teclas, cambio de octava, auto armonizador y arpegiador, MIDI, puerto USB: Tipo B, entrada para pedal y salida de aud\u00edfonos, funciona con adaptador de corriente AD-E95100L o 6 pilas alcalinas AA, 2 altavoces de 12 cm a 2.5 + 2.5 watts, dimensiones: 94.8 x 35 x 10.9 cm, peso: aproximadamente 4.3 kg, incluye soporte de partituras.","og_url":"https:\/\/www.mexicanguitarplayers.com\/en\/tienda\/sin categor\u00eda\/teclado-casio-portatil-ct-x700-c-eli\/","og_site_name":"Mexican Guitar Players","article_modified_time":"2025-06-23T10:15:12+00:00","twitter_card":"summary_large_image","twitter_misc":{"Est. reading time":"3 minutes"},"schema":{"@context":"https:\/\/schema.org","@graph":[{"@type":["WebPage","ItemPage"],"@id":"https:\/\/www.mexicanguitarplayers.com\/tienda\/sin categor\u00eda\/teclado-casio-portatil-ct-x700-c-eli\/","url":"https:\/\/www.mexicanguitarplayers.com\/tienda\/sin categor\u00eda\/teclado-casio-portatil-ct-x700-c-eli\/","name":"TECLADO CASIO PORTATIL CT-X700 C\/ELI - Mexican Guitar Players","isPartOf":{"@id":"https:\/\/www.mexicanguitarplayers.com\/#website"},"primaryImageOfPage":{"@id":"https:\/\/www.mexicanguitarplayers.com\/tienda\/sin categor\u00eda\/teclado-casio-portatil-ct-x700-c-eli\/#primaryimage"},"image":{"@id":"https:\/\/www.mexicanguitarplayers.com\/tienda\/sin categor\u00eda\/teclado-casio-portatil-ct-x700-c-eli\/#primaryimage"},"thumbnailUrl":"https:\/\/www.mexicanguitarplayers.com\/wp-content\/uploads\/2025\/04\/ITCASCTX700A.jpg","datePublished":"2025-04-08T17:35:56+00:00","dateModified":"2025-06-23T10:15:12+00:00","description":"Teclado port\u00e1til de 61 teclas est\u00e1ndar con respuesta al tacto, polifon\u00eda m\u00e1xima de 48 notas (24 para ciertos tonos), 600 tonos incorporados, reverb, chorus, metr\u00f3nomo, 160 canciones incorporadas y 10 canciones de usuario, funci\u00f3n de lecciones, funci\u00f3n de auto acompa\u00f1amiento, 150 ritmos incluidos, 10 ritmos de usuario, funci\u00f3n de gu\u00eda de acordes, registro: 32 (4 ajustes x 8 bancos), grabaci\u00f3n y reproducci\u00f3n en tiempo real: 5 canciones y 6 tracks, transposici\u00f3n de teclas, cambio de octava, auto armonizador y arpegiador, MIDI, puerto USB: Tipo B, entrada para pedal y salida de aud\u00edfonos, funciona con adaptador de corriente AD-E95100L o 6 pilas alcalinas AA, 2 altavoces de 12 cm a 2.5 + 2.5 watts, dimensiones: 94.8 x 35 x 10.9 cm, peso: aproximadamente 4.3 kg, incluye soporte de partituras.","breadcrumb":{"@id":"https:\/\/www.mexicanguitarplayers.com\/tienda\/sin categor\u00eda\/teclado-casio-portatil-ct-x700-c-eli\/#breadcrumb"},"inLanguage":"en-US","potentialAction":[{"@type":"ReadAction","target":["https:\/\/www.mexicanguitarplayers.com\/tienda\/sin categor\u00eda\/teclado-casio-portatil-ct-x700-c-eli\/"]}]},{"@type":"ImageObject","inLanguage":"en-US","@id":"https:\/\/www.mexicanguitarplayers.com\/tienda\/sin categor\u00eda\/teclado-casio-portatil-ct-x700-c-eli\/#primaryimage","url":"https:\/\/www.mexicanguitarplayers.com\/wp-content\/uploads\/2025\/04\/ITCASCTX700A.jpg","contentUrl":"https:\/\/www.mexicanguitarplayers.com\/wp-content\/uploads\/2025\/04\/ITCASCTX700A.jpg","width":1600,"height":800},{"@type":"BreadcrumbList","@id":"https:\/\/www.mexicanguitarplayers.com\/tienda\/sin categor\u00eda\/teclado-casio-portatil-ct-x700-c-eli\/#breadcrumb","itemListElement":[{"@type":"ListItem","position":1,"name":"Portada","item":"https:\/\/www.mexicanguitarplayers.com\/"},{"@type":"ListItem","position":2,"name":"Tienda","item":"https:\/\/www.mexicanguitarplayers.com\/tienda\/"},{"@type":"ListItem","position":3,"name":"TECLADO CASIO PORTATIL CT-X700 C\/ELI"}]},{"@type":"WebSite","@id":"https:\/\/www.mexicanguitarplayers.com\/#website","url":"https:\/\/www.mexicanguitarplayers.com\/","name":"Mexican Guitar Players","description":"Website","publisher":{"@id":"https:\/\/www.mexicanguitarplayers.com\/#organization"},"potentialAction":[{"@type":"SearchAction","target":{"@type":"EntryPoint","urlTemplate":"https:\/\/www.mexicanguitarplayers.com\/?s={search_term_string}"},"query-input":{"@type":"PropertyValueSpecification","valueRequired":true,"valueName":"search_term_string"}}],"inLanguage":"en-US"},{"@type":"Organization","@id":"https:\/\/www.mexicanguitarplayers.com\/#organization","name":"Mexican Guitar Players","url":"https:\/\/www.mexicanguitarplayers.com\/","logo":{"@type":"ImageObject","inLanguage":"en-US","@id":"https:\/\/www.mexicanguitarplayers.com\/#\/schema\/logo\/image\/","url":"","contentUrl":"","caption":"Mexican Guitar Players"},"image":{"@id":"https:\/\/www.mexicanguitarplayers.com\/#\/schema\/logo\/image\/"}}]}},"brands":[{"id":274,"name":"CASIO","slug":"casio"}],"_links":{"self":[{"href":"https:\/\/www.mexicanguitarplayers.com\/en\/wp-json\/wp\/v2\/product\/30976","targetHints":{"allow":["GET"]}}],"collection":[{"href":"https:\/\/www.mexicanguitarplayers.com\/en\/wp-json\/wp\/v2\/product"}],"about":[{"href":"https:\/\/www.mexicanguitarplayers.com\/en\/wp-json\/wp\/v2\/types\/product"}],"replies":[{"embeddable":true,"href":"https:\/\/www.mexicanguitarplayers.com\/en\/wp-json\/wp\/v2\/comments?post=30976"}],"wp:featuredmedia":[{"embeddable":true,"href":"https:\/\/www.mexicanguitarplayers.com\/en\/wp-json\/wp\/v2\/media\/30972"}],"wp:attachment":[{"href":"https:\/\/www.mexicanguitarplayers.com\/en\/wp-json\/wp\/v2\/media?parent=30976"}],"wp:term":[{"taxonomy":"pwb-brand","embeddable":true,"href":"https:\/\/www.mexicanguitarplayers.com\/en\/wp-json\/wp\/v2\/pwb-brand?post=30976"},{"taxonomy":"product_brand","embeddable":true,"href":"https:\/\/www.mexicanguitarplayers.com\/en\/wp-json\/wp\/v2\/product_brand?post=30976"},{"taxonomy":"product_cat","embeddable":true,"href":"https:\/\/www.mexicanguitarplayers.com\/en\/wp-json\/wp\/v2\/product_cat?post=30976"},{"taxonomy":"product_tag","embeddable":true,"href":"https:\/\/www.mexicanguitarplayers.com\/en\/wp-json\/wp\/v2\/product_tag?post=30976"}],"curies":[{"name":"wp","href":"https:\/\/api.w.org\/{rel}","templated":true}]}}