{"id":30983,"date":"2025-04-08T11:36:11","date_gmt":"2025-04-08T17:36:11","guid":{"rendered":"https:\/\/www.mexicanguitarplayers.com\/tienda\/sin categor\u00eda\/kit-music-nomad-3-pz-con-cepillos-p-trompeta-mod-mn765\/"},"modified":"2026-05-01T07:24:40","modified_gmt":"2026-05-01T13:24:40","slug":"kit-music-nomad-3-pz-con-cepillos-p-trompeta-mod-mn765","status":"publish","type":"product","link":"https:\/\/www.mexicanguitarplayers.com\/en\/tienda\/accesorios\/estuches-y-fundas\/para-alientos-estuches-y-fundas\/kit-music-nomad-3-pz-con-cepillos-p-trompeta-mod-mn765\/","title":{"rendered":"KIT MUSIC NOMAD 3 PZ CON CEPILLOS P\/TROMPETA MOD. MN765"},"content":{"rendered":"<div style=\"text-align: justify\">\n<div>\n<h3>Protege tu trompeta.<\/h3>\n<\/div>\n<div>Music Nomad ha establecido un nuevo est\u00e1ndar m\u00e1s alto para lo que debe esperar cuando compras un kit de limpieza y cuidado de trompetas. Cada producto est\u00e1 tan bien pensado que apreciar\u00e1s cada caracter\u00edstica y beneficio que te brindar\u00e1 a ti y a tu trompeta. El cepillo para boquillas y copas 2 en 1 viene con fibras de primera calidad, puntas protectoras y un mango ergon\u00f3mico que facilita la limpieza. El cepillo para carcasa de v\u00e1lvula extra largo cubre el 100% de la carcasa de la v\u00e1lvula y viene con fibras de primera calidad y un mango ergon\u00f3mico. El exclusivo cepillo de limpieza Snake presenta un dise\u00f1o flexible que desenrolla un forro protector recto, sin vinilo e impermeable y fibras de calidad profesional para una limpieza eficaz de la suciedad y la saliva. Incluso viene en una pr\u00e1ctica bolsa de almacenamiento resellable reutilizable y reciclable. Esa es la calidad de Music Nomad, elevar el nivel en el cuidado del equipo.<\/div>\n<div>\n<h4>Quick look<\/h4>\n<\/div>\n<ul style=\"margin: 0px 0px 0px 25px\">\n<li style=\"list-style-type: circle;margin: 5px\">Paquete.<\/li>\n<li style=\"list-style-type: circle;margin: 5px\">Cepillo para boquilla 2 en 1.<\/li>\n<li style=\"list-style-type: circle;margin: 5px\">Cepillo extra largo para cajas de v\u00e1lvulas.<\/li>\n<li style=\"list-style-type: circle;margin: 5px\">Cepillo serpiente.<\/li>\n<\/ul>\n<div>\n<div style=\"font-weight: bold\">Paquete.<\/div>\n<div>\n<p>Kit para limpieza de trompeta, cuenta con 3 herramientas de limpieza de dise\u00f1o innovador. Viene con una pr\u00e1ctica bolsa de almacenamiento con cierre que est\u00e1 hecho de material PET reciclable.<\/p>\n<\/div>\n<div style=\"font-weight: bold\">Cepillo para boquilla 2 en 1.<\/div>\n<div>\n<p>Extra largo de 3.5&#8243; pulgadas (9 cm) de longitud para limpiar todo el orificio posterior y la garganta. Dale la vuelta y usa nuestro cepillo de copa corta y ancha. Las fibras premium de rigidez media, las puntas de parachoques protectoras y nuestro mango ergon\u00f3mico hacen que la limpieza sea efectiva y divertida.<\/p>\n<\/div>\n<div style=\"font-weight: bold\">Cepillo extra largo para cajas de v\u00e1lvulas.<\/div>\n<div>\n<p>5&#8243; pulgadas (13 cm) de fibras premium de rigidez media que cubren toda la carcasa de la v\u00e1lvula. Mango ergon\u00f3mico &#8220;giratorio&#8221; para mayor comodidad y control y nuestra punta protectora.<\/p>\n<\/div>\n<div style=\"font-weight: bold\">Cepillo serpiente.<\/div>\n<div>\n<p>34&#8243; pulgadas (86 cm) cuenta con un dise\u00f1o flexible y sin enredos que se desenrolla en l\u00ednea recta. El forro protector impermeable sin vinilo sobre acero inoxidable de primera calidad protege tu instrumento. Nuestras fibras de calidad profesional con la resistencia a la tracci\u00f3n perfecta que necesita para una limpieza eficaz de la suciedad y la saliva. <\/p>\n<\/div>\n<\/div>\n<\/div>","protected":false},"excerpt":{"rendered":"<p>Kit para limpieza de trompeta, cuenta con 3 herramientas de limpieza de dise\u00f1o innovador: 1) Cepillo para boquilla 2 en 1: Extra largo de 3.5\u201d pulgadas (9 cm) de longitud para limpiar todo el orificio posterior y la garganta. Dale la vuelta y usa nuestro cepillo de copa corta y ancha. Las fibras premium de rigidez media, las puntas de parachoques protectoras y nuestro mango ergon\u00f3mico hacen que la limpieza sea efectiva y divertida. 2) Cepillo extra largo para cajas de v\u00e1lvulas: 5\u201d pulgadas (13 cm) de fibras premium de rigidez media que cubren toda la carcasa de la v\u00e1lvula. Mango ergon\u00f3mico \u201dgiratorio\u201d para mayor comodidad y control y nuestra punta protectora. 3) Cepillo serpiente: 34\u201d pulgadas (86 cm) cuenta con un dise\u00f1o flexible y sin enredos que se desenrolla en l\u00ednea recta. El forro protector impermeable sin vinilo sobre acero inoxidable de primera calidad protege tu instrumento. Nuestras fibras de calidad profesional con la resistencia a la tracci\u00f3n perfecta que necesita para una limpieza eficaz de la suciedad y la saliva. Todo este paquete viene con una pr\u00e1ctica bolsa de almacenamiento con cierre que est\u00e1 hecho de material PET reciclable.&hellip; <a class=\"kt-excerpt-readmore more-link\" href=\"https:\/\/www.mexicanguitarplayers.com\/en\/tienda\/accesorios\/estuches-y-fundas\/para-alientos-estuches-y-fundas\/kit-music-nomad-3-pz-con-cepillos-p-trompeta-mod-mn765\/\">Read more<\/a><\/p>","protected":false},"featured_media":30977,"comment_status":"open","ping_status":"closed","template":"","meta":{"kt_blocks_editor_width":""},"pwb-brand":[622],"product_brand":[],"product_cat":[85,421,607],"product_tag":[],"class_list":{"0":"post-30983","1":"product","2":"type-product","3":"status-publish","4":"has-post-thumbnail","6":"pwb-brand-music-nomad","7":"product_cat-accesorios","8":"product_cat-cuidado-y-proteccion","9":"product_cat-para-alientos-estuches-y-fundas","10":"product_shipping_class-0-5-kg","12":"first","13":"instock","14":"taxable","15":"shipping-taxable","16":"purchasable","17":"product-type-simple"},"yoast_head":"<!-- This site is optimized with the Yoast SEO plugin v27.5 - https:\/\/yoast.com\/product\/yoast-seo-wordpress\/ -->\n<title>KIT MUSIC NOMAD 3 PZ CON CEPILLOS P\/TROMPETA MOD. MN765 - Mexican Guitar Players<\/title>\n<meta name=\"description\" content=\"Kit para limpieza de trompeta, cuenta con 3 herramientas de limpieza de dise\u00f1o innovador: 1) Cepillo para boquilla 2 en 1: Extra largo de 3.5\u201d pulgadas (9 cm) de longitud para limpiar todo el orificio posterior y la garganta. Dale la vuelta y usa nuestro cepillo de copa corta y ancha. Las fibras premium de rigidez media, las puntas de parachoques protectoras y nuestro mango ergon\u00f3mico hacen que la limpieza sea efectiva y divertida. 2) Cepillo extra largo para cajas de v\u00e1lvulas: 5\u201d pulgadas (13 cm) de fibras premium de rigidez media que cubren toda la carcasa de la v\u00e1lvula. Mango ergon\u00f3mico \u201dgiratorio\u201d para mayor comodidad y control y nuestra punta protectora. 3) Cepillo serpiente: 34\u201d pulgadas (86 cm) cuenta con un dise\u00f1o flexible y sin enredos que se desenrolla en l\u00ednea recta. El forro protector impermeable sin vinilo sobre acero inoxidable de primera calidad protege tu instrumento. Nuestras fibras de calidad profesional con la resistencia a la tracci\u00f3n perfecta que necesita para una limpieza eficaz de la suciedad y la saliva. Todo este paquete viene con una pr\u00e1ctica bolsa de almacenamiento con cierre que est\u00e1 hecho de material PET reciclable.\" \/>\n<meta name=\"robots\" content=\"index, follow, max-snippet:-1, max-image-preview:large, max-video-preview:-1\" \/>\n<link rel=\"canonical\" href=\"https:\/\/www.mexicanguitarplayers.com\/en\/tienda\/sin%20categor\u00eda\/kit-music-nomad-3-pz-con-cepillos-p-trompeta-mod-mn765\/\" \/>\n<meta property=\"og:locale\" content=\"en_US\" \/>\n<meta property=\"og:type\" content=\"article\" \/>\n<meta property=\"og:title\" content=\"KIT MUSIC NOMAD 3 PZ CON CEPILLOS P\/TROMPETA MOD. MN765 - Mexican Guitar Players\" \/>\n<meta property=\"og:description\" content=\"Kit para limpieza de trompeta, cuenta con 3 herramientas de limpieza de dise\u00f1o innovador: 1) Cepillo para boquilla 2 en 1: Extra largo de 3.5\u201d pulgadas (9 cm) de longitud para limpiar todo el orificio posterior y la garganta. Dale la vuelta y usa nuestro cepillo de copa corta y ancha. Las fibras premium de rigidez media, las puntas de parachoques protectoras y nuestro mango ergon\u00f3mico hacen que la limpieza sea efectiva y divertida. 2) Cepillo extra largo para cajas de v\u00e1lvulas: 5\u201d pulgadas (13 cm) de fibras premium de rigidez media que cubren toda la carcasa de la v\u00e1lvula. Mango ergon\u00f3mico \u201dgiratorio\u201d para mayor comodidad y control y nuestra punta protectora. 3) Cepillo serpiente: 34\u201d pulgadas (86 cm) cuenta con un dise\u00f1o flexible y sin enredos que se desenrolla en l\u00ednea recta. El forro protector impermeable sin vinilo sobre acero inoxidable de primera calidad protege tu instrumento. Nuestras fibras de calidad profesional con la resistencia a la tracci\u00f3n perfecta que necesita para una limpieza eficaz de la suciedad y la saliva. Todo este paquete viene con una pr\u00e1ctica bolsa de almacenamiento con cierre que est\u00e1 hecho de material PET reciclable.\" \/>\n<meta property=\"og:url\" content=\"https:\/\/www.mexicanguitarplayers.com\/en\/tienda\/sin categor\u00eda\/kit-music-nomad-3-pz-con-cepillos-p-trompeta-mod-mn765\/\" \/>\n<meta property=\"og:site_name\" content=\"Mexican Guitar Players\" \/>\n<meta property=\"article:modified_time\" content=\"2026-05-01T13:24:40+00:00\" \/>\n<meta name=\"twitter:card\" content=\"summary_large_image\" \/>\n<meta name=\"twitter:label1\" content=\"Est. reading time\" \/>\n\t<meta name=\"twitter:data1\" content=\"2 minutes\" \/>\n<script type=\"application\/ld+json\" class=\"yoast-schema-graph\">{\"@context\":\"https:\\\/\\\/schema.org\",\"@graph\":[{\"@type\":[\"WebPage\",\"ItemPage\"],\"@id\":\"https:\\\/\\\/www.mexicanguitarplayers.com\\\/tienda\\\/sin categor\u00eda\\\/kit-music-nomad-3-pz-con-cepillos-p-trompeta-mod-mn765\\\/\",\"url\":\"https:\\\/\\\/www.mexicanguitarplayers.com\\\/tienda\\\/sin categor\u00eda\\\/kit-music-nomad-3-pz-con-cepillos-p-trompeta-mod-mn765\\\/\",\"name\":\"KIT MUSIC NOMAD 3 PZ CON CEPILLOS P\\\/TROMPETA MOD. MN765 - Mexican Guitar Players\",\"isPartOf\":{\"@id\":\"https:\\\/\\\/www.mexicanguitarplayers.com\\\/#website\"},\"primaryImageOfPage\":{\"@id\":\"https:\\\/\\\/www.mexicanguitarplayers.com\\\/tienda\\\/sin categor\u00eda\\\/kit-music-nomad-3-pz-con-cepillos-p-trompeta-mod-mn765\\\/#primaryimage\"},\"image\":{\"@id\":\"https:\\\/\\\/www.mexicanguitarplayers.com\\\/tienda\\\/sin categor\u00eda\\\/kit-music-nomad-3-pz-con-cepillos-p-trompeta-mod-mn765\\\/#primaryimage\"},\"thumbnailUrl\":\"https:\\\/\\\/www.mexicanguitarplayers.com\\\/wp-content\\\/uploads\\\/2025\\\/04\\\/RAMNDMN765.jpg\",\"datePublished\":\"2025-04-08T17:36:11+00:00\",\"dateModified\":\"2026-05-01T13:24:40+00:00\",\"description\":\"Kit para limpieza de trompeta, cuenta con 3 herramientas de limpieza de dise\u00f1o innovador: 1) Cepillo para boquilla 2 en 1: Extra largo de 3.5\u201d pulgadas (9 cm) de longitud para limpiar todo el orificio posterior y la garganta. Dale la vuelta y usa nuestro cepillo de copa corta y ancha. Las fibras premium de rigidez media, las puntas de parachoques protectoras y nuestro mango ergon\u00f3mico hacen que la limpieza sea efectiva y divertida. 2) Cepillo extra largo para cajas de v\u00e1lvulas: 5\u201d pulgadas (13 cm) de fibras premium de rigidez media que cubren toda la carcasa de la v\u00e1lvula. Mango ergon\u00f3mico \u201dgiratorio\u201d para mayor comodidad y control y nuestra punta protectora. 3) Cepillo serpiente: 34\u201d pulgadas (86 cm) cuenta con un dise\u00f1o flexible y sin enredos que se desenrolla en l\u00ednea recta. El forro protector impermeable sin vinilo sobre acero inoxidable de primera calidad protege tu instrumento. Nuestras fibras de calidad profesional con la resistencia a la tracci\u00f3n perfecta que necesita para una limpieza eficaz de la suciedad y la saliva. Todo este paquete viene con una pr\u00e1ctica bolsa de almacenamiento con cierre que est\u00e1 hecho de material PET reciclable.\",\"breadcrumb\":{\"@id\":\"https:\\\/\\\/www.mexicanguitarplayers.com\\\/tienda\\\/sin categor\u00eda\\\/kit-music-nomad-3-pz-con-cepillos-p-trompeta-mod-mn765\\\/#breadcrumb\"},\"inLanguage\":\"en-US\",\"potentialAction\":[{\"@type\":\"ReadAction\",\"target\":[\"https:\\\/\\\/www.mexicanguitarplayers.com\\\/tienda\\\/sin categor\u00eda\\\/kit-music-nomad-3-pz-con-cepillos-p-trompeta-mod-mn765\\\/\"]}]},{\"@type\":\"ImageObject\",\"inLanguage\":\"en-US\",\"@id\":\"https:\\\/\\\/www.mexicanguitarplayers.com\\\/tienda\\\/sin categor\u00eda\\\/kit-music-nomad-3-pz-con-cepillos-p-trompeta-mod-mn765\\\/#primaryimage\",\"url\":\"https:\\\/\\\/www.mexicanguitarplayers.com\\\/wp-content\\\/uploads\\\/2025\\\/04\\\/RAMNDMN765.jpg\",\"contentUrl\":\"https:\\\/\\\/www.mexicanguitarplayers.com\\\/wp-content\\\/uploads\\\/2025\\\/04\\\/RAMNDMN765.jpg\",\"width\":1200,\"height\":1200},{\"@type\":\"BreadcrumbList\",\"@id\":\"https:\\\/\\\/www.mexicanguitarplayers.com\\\/tienda\\\/sin categor\u00eda\\\/kit-music-nomad-3-pz-con-cepillos-p-trompeta-mod-mn765\\\/#breadcrumb\",\"itemListElement\":[{\"@type\":\"ListItem\",\"position\":1,\"name\":\"Portada\",\"item\":\"https:\\\/\\\/www.mexicanguitarplayers.com\\\/\"},{\"@type\":\"ListItem\",\"position\":2,\"name\":\"Tienda\",\"item\":\"https:\\\/\\\/www.mexicanguitarplayers.com\\\/tienda\\\/\"},{\"@type\":\"ListItem\",\"position\":3,\"name\":\"KIT MUSIC NOMAD 3 PZ CON CEPILLOS P\\\/TROMPETA MOD. MN765\"}]},{\"@type\":\"WebSite\",\"@id\":\"https:\\\/\\\/www.mexicanguitarplayers.com\\\/#website\",\"url\":\"https:\\\/\\\/www.mexicanguitarplayers.com\\\/\",\"name\":\"Mexican Guitar Players\",\"description\":\"Website\",\"publisher\":{\"@id\":\"https:\\\/\\\/www.mexicanguitarplayers.com\\\/#organization\"},\"potentialAction\":[{\"@type\":\"SearchAction\",\"target\":{\"@type\":\"EntryPoint\",\"urlTemplate\":\"https:\\\/\\\/www.mexicanguitarplayers.com\\\/?s={search_term_string}\"},\"query-input\":{\"@type\":\"PropertyValueSpecification\",\"valueRequired\":true,\"valueName\":\"search_term_string\"}}],\"inLanguage\":\"en-US\"},{\"@type\":\"Organization\",\"@id\":\"https:\\\/\\\/www.mexicanguitarplayers.com\\\/#organization\",\"name\":\"Mexican Guitar Players\",\"url\":\"https:\\\/\\\/www.mexicanguitarplayers.com\\\/\",\"logo\":{\"@type\":\"ImageObject\",\"inLanguage\":\"en-US\",\"@id\":\"https:\\\/\\\/www.mexicanguitarplayers.com\\\/#\\\/schema\\\/logo\\\/image\\\/\",\"url\":\"\",\"contentUrl\":\"\",\"caption\":\"Mexican Guitar Players\"},\"image\":{\"@id\":\"https:\\\/\\\/www.mexicanguitarplayers.com\\\/#\\\/schema\\\/logo\\\/image\\\/\"}}]}<\/script>\n<!-- \/ Yoast SEO plugin. -->","yoast_head_json":{"title":"KIT MUSIC NOMAD 3 PZ CON CEPILLOS P\/TROMPETA MOD. MN765 - Mexican Guitar Players","description":"Kit para limpieza de trompeta, cuenta con 3 herramientas de limpieza de dise\u00f1o innovador: 1) Cepillo para boquilla 2 en 1: Extra largo de 3.5\u201d pulgadas (9 cm) de longitud para limpiar todo el orificio posterior y la garganta. Dale la vuelta y usa nuestro cepillo de copa corta y ancha. Las fibras premium de rigidez media, las puntas de parachoques protectoras y nuestro mango ergon\u00f3mico hacen que la limpieza sea efectiva y divertida. 2) Cepillo extra largo para cajas de v\u00e1lvulas: 5\u201d pulgadas (13 cm) de fibras premium de rigidez media que cubren toda la carcasa de la v\u00e1lvula. Mango ergon\u00f3mico \u201dgiratorio\u201d para mayor comodidad y control y nuestra punta protectora. 3) Cepillo serpiente: 34\u201d pulgadas (86 cm) cuenta con un dise\u00f1o flexible y sin enredos que se desenrolla en l\u00ednea recta. El forro protector impermeable sin vinilo sobre acero inoxidable de primera calidad protege tu instrumento. Nuestras fibras de calidad profesional con la resistencia a la tracci\u00f3n perfecta que necesita para una limpieza eficaz de la suciedad y la saliva. Todo este paquete viene con una pr\u00e1ctica bolsa de almacenamiento con cierre que est\u00e1 hecho de material PET reciclable.","robots":{"index":"index","follow":"follow","max-snippet":"max-snippet:-1","max-image-preview":"max-image-preview:large","max-video-preview":"max-video-preview:-1"},"canonical":"https:\/\/www.mexicanguitarplayers.com\/en\/tienda\/sin categor\u00eda\/kit-music-nomad-3-pz-con-cepillos-p-trompeta-mod-mn765\/","og_locale":"en_US","og_type":"article","og_title":"KIT MUSIC NOMAD 3 PZ CON CEPILLOS P\/TROMPETA MOD. MN765 - Mexican Guitar Players","og_description":"Kit para limpieza de trompeta, cuenta con 3 herramientas de limpieza de dise\u00f1o innovador: 1) Cepillo para boquilla 2 en 1: Extra largo de 3.5\u201d pulgadas (9 cm) de longitud para limpiar todo el orificio posterior y la garganta. Dale la vuelta y usa nuestro cepillo de copa corta y ancha. Las fibras premium de rigidez media, las puntas de parachoques protectoras y nuestro mango ergon\u00f3mico hacen que la limpieza sea efectiva y divertida. 2) Cepillo extra largo para cajas de v\u00e1lvulas: 5\u201d pulgadas (13 cm) de fibras premium de rigidez media que cubren toda la carcasa de la v\u00e1lvula. Mango ergon\u00f3mico \u201dgiratorio\u201d para mayor comodidad y control y nuestra punta protectora. 3) Cepillo serpiente: 34\u201d pulgadas (86 cm) cuenta con un dise\u00f1o flexible y sin enredos que se desenrolla en l\u00ednea recta. El forro protector impermeable sin vinilo sobre acero inoxidable de primera calidad protege tu instrumento. Nuestras fibras de calidad profesional con la resistencia a la tracci\u00f3n perfecta que necesita para una limpieza eficaz de la suciedad y la saliva. Todo este paquete viene con una pr\u00e1ctica bolsa de almacenamiento con cierre que est\u00e1 hecho de material PET reciclable.","og_url":"https:\/\/www.mexicanguitarplayers.com\/en\/tienda\/sin categor\u00eda\/kit-music-nomad-3-pz-con-cepillos-p-trompeta-mod-mn765\/","og_site_name":"Mexican Guitar Players","article_modified_time":"2026-05-01T13:24:40+00:00","twitter_card":"summary_large_image","twitter_misc":{"Est. reading time":"2 minutes"},"schema":{"@context":"https:\/\/schema.org","@graph":[{"@type":["WebPage","ItemPage"],"@id":"https:\/\/www.mexicanguitarplayers.com\/tienda\/sin categor\u00eda\/kit-music-nomad-3-pz-con-cepillos-p-trompeta-mod-mn765\/","url":"https:\/\/www.mexicanguitarplayers.com\/tienda\/sin categor\u00eda\/kit-music-nomad-3-pz-con-cepillos-p-trompeta-mod-mn765\/","name":"KIT MUSIC NOMAD 3 PZ CON CEPILLOS P\/TROMPETA MOD. MN765 - Mexican Guitar Players","isPartOf":{"@id":"https:\/\/www.mexicanguitarplayers.com\/#website"},"primaryImageOfPage":{"@id":"https:\/\/www.mexicanguitarplayers.com\/tienda\/sin categor\u00eda\/kit-music-nomad-3-pz-con-cepillos-p-trompeta-mod-mn765\/#primaryimage"},"image":{"@id":"https:\/\/www.mexicanguitarplayers.com\/tienda\/sin categor\u00eda\/kit-music-nomad-3-pz-con-cepillos-p-trompeta-mod-mn765\/#primaryimage"},"thumbnailUrl":"https:\/\/www.mexicanguitarplayers.com\/wp-content\/uploads\/2025\/04\/RAMNDMN765.jpg","datePublished":"2025-04-08T17:36:11+00:00","dateModified":"2026-05-01T13:24:40+00:00","description":"Kit para limpieza de trompeta, cuenta con 3 herramientas de limpieza de dise\u00f1o innovador: 1) Cepillo para boquilla 2 en 1: Extra largo de 3.5\u201d pulgadas (9 cm) de longitud para limpiar todo el orificio posterior y la garganta. Dale la vuelta y usa nuestro cepillo de copa corta y ancha. Las fibras premium de rigidez media, las puntas de parachoques protectoras y nuestro mango ergon\u00f3mico hacen que la limpieza sea efectiva y divertida. 2) Cepillo extra largo para cajas de v\u00e1lvulas: 5\u201d pulgadas (13 cm) de fibras premium de rigidez media que cubren toda la carcasa de la v\u00e1lvula. Mango ergon\u00f3mico \u201dgiratorio\u201d para mayor comodidad y control y nuestra punta protectora. 3) Cepillo serpiente: 34\u201d pulgadas (86 cm) cuenta con un dise\u00f1o flexible y sin enredos que se desenrolla en l\u00ednea recta. El forro protector impermeable sin vinilo sobre acero inoxidable de primera calidad protege tu instrumento. Nuestras fibras de calidad profesional con la resistencia a la tracci\u00f3n perfecta que necesita para una limpieza eficaz de la suciedad y la saliva. Todo este paquete viene con una pr\u00e1ctica bolsa de almacenamiento con cierre que est\u00e1 hecho de material PET reciclable.","breadcrumb":{"@id":"https:\/\/www.mexicanguitarplayers.com\/tienda\/sin categor\u00eda\/kit-music-nomad-3-pz-con-cepillos-p-trompeta-mod-mn765\/#breadcrumb"},"inLanguage":"en-US","potentialAction":[{"@type":"ReadAction","target":["https:\/\/www.mexicanguitarplayers.com\/tienda\/sin categor\u00eda\/kit-music-nomad-3-pz-con-cepillos-p-trompeta-mod-mn765\/"]}]},{"@type":"ImageObject","inLanguage":"en-US","@id":"https:\/\/www.mexicanguitarplayers.com\/tienda\/sin categor\u00eda\/kit-music-nomad-3-pz-con-cepillos-p-trompeta-mod-mn765\/#primaryimage","url":"https:\/\/www.mexicanguitarplayers.com\/wp-content\/uploads\/2025\/04\/RAMNDMN765.jpg","contentUrl":"https:\/\/www.mexicanguitarplayers.com\/wp-content\/uploads\/2025\/04\/RAMNDMN765.jpg","width":1200,"height":1200},{"@type":"BreadcrumbList","@id":"https:\/\/www.mexicanguitarplayers.com\/tienda\/sin categor\u00eda\/kit-music-nomad-3-pz-con-cepillos-p-trompeta-mod-mn765\/#breadcrumb","itemListElement":[{"@type":"ListItem","position":1,"name":"Portada","item":"https:\/\/www.mexicanguitarplayers.com\/"},{"@type":"ListItem","position":2,"name":"Tienda","item":"https:\/\/www.mexicanguitarplayers.com\/tienda\/"},{"@type":"ListItem","position":3,"name":"KIT MUSIC NOMAD 3 PZ CON CEPILLOS P\/TROMPETA MOD. MN765"}]},{"@type":"WebSite","@id":"https:\/\/www.mexicanguitarplayers.com\/#website","url":"https:\/\/www.mexicanguitarplayers.com\/","name":"Mexican Guitar Players","description":"Website","publisher":{"@id":"https:\/\/www.mexicanguitarplayers.com\/#organization"},"potentialAction":[{"@type":"SearchAction","target":{"@type":"EntryPoint","urlTemplate":"https:\/\/www.mexicanguitarplayers.com\/?s={search_term_string}"},"query-input":{"@type":"PropertyValueSpecification","valueRequired":true,"valueName":"search_term_string"}}],"inLanguage":"en-US"},{"@type":"Organization","@id":"https:\/\/www.mexicanguitarplayers.com\/#organization","name":"Mexican Guitar Players","url":"https:\/\/www.mexicanguitarplayers.com\/","logo":{"@type":"ImageObject","inLanguage":"en-US","@id":"https:\/\/www.mexicanguitarplayers.com\/#\/schema\/logo\/image\/","url":"","contentUrl":"","caption":"Mexican Guitar Players"},"image":{"@id":"https:\/\/www.mexicanguitarplayers.com\/#\/schema\/logo\/image\/"}}]}},"brands":[{"id":622,"name":"MUSIC NOMAD","slug":"music-nomad"}],"_links":{"self":[{"href":"https:\/\/www.mexicanguitarplayers.com\/en\/wp-json\/wp\/v2\/product\/30983","targetHints":{"allow":["GET"]}}],"collection":[{"href":"https:\/\/www.mexicanguitarplayers.com\/en\/wp-json\/wp\/v2\/product"}],"about":[{"href":"https:\/\/www.mexicanguitarplayers.com\/en\/wp-json\/wp\/v2\/types\/product"}],"replies":[{"embeddable":true,"href":"https:\/\/www.mexicanguitarplayers.com\/en\/wp-json\/wp\/v2\/comments?post=30983"}],"wp:featuredmedia":[{"embeddable":true,"href":"https:\/\/www.mexicanguitarplayers.com\/en\/wp-json\/wp\/v2\/media\/30977"}],"wp:attachment":[{"href":"https:\/\/www.mexicanguitarplayers.com\/en\/wp-json\/wp\/v2\/media?parent=30983"}],"wp:term":[{"taxonomy":"pwb-brand","embeddable":true,"href":"https:\/\/www.mexicanguitarplayers.com\/en\/wp-json\/wp\/v2\/pwb-brand?post=30983"},{"taxonomy":"product_brand","embeddable":true,"href":"https:\/\/www.mexicanguitarplayers.com\/en\/wp-json\/wp\/v2\/product_brand?post=30983"},{"taxonomy":"product_cat","embeddable":true,"href":"https:\/\/www.mexicanguitarplayers.com\/en\/wp-json\/wp\/v2\/product_cat?post=30983"},{"taxonomy":"product_tag","embeddable":true,"href":"https:\/\/www.mexicanguitarplayers.com\/en\/wp-json\/wp\/v2\/product_tag?post=30983"}],"curies":[{"name":"wp","href":"https:\/\/api.w.org\/{rel}","templated":true}]}}