{"id":31011,"date":"2025-04-08T11:37:05","date_gmt":"2025-04-08T17:37:05","guid":{"rendered":"https:\/\/www.mexicanguitarplayers.com\/tienda\/sin categor\u00eda\/bafle-gk-p-bajo-mod-cx115\/"},"modified":"2026-04-10T04:35:57","modified_gmt":"2026-04-10T10:35:57","slug":"bafle-gk-p-bajo-mod-cx115","status":"publish","type":"product","link":"https:\/\/www.mexicanguitarplayers.com\/en\/tienda\/cuerdas\/bafles-cuerdas\/bafles-para-bajo\/bafle-gk-p-bajo-mod-cx115\/","title":{"rendered":"BAFLE GK P\/BAJO MOD. CX115"},"content":{"rendered":"<div style=\"text-align: justify\">\n<div>\n<h3>El sonido m\u00e1s potente.<\/h3>\n<\/div>\n<div>Los graves proporcionan la base de la construcci\u00f3n de una canci\u00f3n, pero la potencia necesaria para proporcionar esa base a menudo viene con un peso sustancial. Los gabinetes CX de Gallien Krueger para bajo son compactos y ligeros, siendo muy f\u00e1ciles de cargar y llevar al concierto. El CX115 es un gran socio para los amplificadores de la serie MB, lo que nos da un mont\u00f3n de potencia para el concierto sin llevarte a la banca rota. Gallien Krueger carga sus gabinetes con drivers de cer\u00e1mica y bocinas de alta frecuencia para crear un sonido amplio y equilibrado que puede llenar cualquier habitaci\u00f3n.<\/div>\n<div>\n<h4>Characteristics<\/h4>\n<\/div>\n<div>\n<ul style=\"margin: 0px 0px 0px 25px\">\n<li style=\"list-style-type: circle;margin: 5px\">Bafle para bajo.<\/li>\n<li style=\"list-style-type: circle;margin: 5px\">Un altavoz de cer\u00e1mica de 15&#8243; pulgadas.<\/li>\n<li style=\"list-style-type: circle;margin: 5px\">Potencia: 300 watts.<\/li>\n<li style=\"list-style-type: circle;margin: 5px\">Impedancia: 8 ohms.<\/li>\n<li style=\"list-style-type: circle;margin: 5px\">Sistema de patas dise\u00f1ado para apilar.<\/li>\n<li style=\"list-style-type: circle;margin: 5px\">Controlador especial dise\u00f1ado \u00fanicamente para este gabinete.<\/li>\n<li style=\"list-style-type: circle;margin: 5px\">Bobina m\u00f3vil de aluminio de 2.5&#8243; pulgadas.<\/li>\n<li style=\"list-style-type: circle;margin: 5px\">Fabricado por GK en USA.<\/li>\n<li style=\"list-style-type: circle;margin: 5px\">Respuesta transitoria sin precedentes.<\/li>\n<li style=\"list-style-type: circle;margin: 5px\">Dimensiones: 368.3 x 584.2 x 482.6 mm.<\/li>\n<li style=\"list-style-type: circle;margin: 5px\">Peso: 15.8 kg.<\/li>\n<\/ul>\n<\/div>\n<\/div>","protected":false},"excerpt":{"rendered":"<p>Bafle para bajo, un altavoz de cer\u00e1mica de 15\u201d pulgadas, potencia: 300 watts, impedancia: 8 ohms, sistema de patas dise\u00f1ado para apilar, controlador especial dise\u00f1ado \u00fanicamente para este gabinete con una bobina m\u00f3vil de aluminio de 2.5\u201d pulgadas, fabricado por GK en USA, respuesta transitoria sin precedentes, dimensiones: 368.3 x 584.2 x 482.6 mm, peso: 15.8 kg.&hellip; <a class=\"kt-excerpt-readmore more-link\" href=\"https:\/\/www.mexicanguitarplayers.com\/en\/tienda\/cuerdas\/bafles-cuerdas\/bafles-para-bajo\/bafle-gk-p-bajo-mod-cx115\/\">Read more<\/a><\/p>","protected":false},"featured_media":31008,"comment_status":"open","ping_status":"closed","template":"","meta":{"kt_blocks_editor_width":""},"pwb-brand":[265],"product_brand":[],"product_cat":[222,251,224],"product_tag":[],"class_list":{"0":"post-31011","1":"product","2":"type-product","3":"status-publish","4":"has-post-thumbnail","6":"pwb-brand-gallien-krueger","7":"product_cat-bafles","8":"product_cat-bafles-para-bajo","9":"product_cat-cuerdas","10":"product_shipping_class-15-20-kg","12":"first","13":"outofstock","14":"taxable","15":"shipping-taxable","16":"purchasable","17":"product-type-simple"},"yoast_head":"<!-- This site is optimized with the Yoast SEO plugin v27.5 - https:\/\/yoast.com\/product\/yoast-seo-wordpress\/ -->\n<title>BAFLE GK P\/BAJO MOD. CX115 - Mexican Guitar Players<\/title>\n<meta name=\"description\" content=\"Bafle para bajo, un altavoz de cer\u00e1mica de 15\u201d pulgadas, potencia: 300 watts, impedancia: 8 ohms, sistema de patas dise\u00f1ado para apilar, controlador especial dise\u00f1ado \u00fanicamente para este gabinete con una bobina m\u00f3vil de aluminio de 2.5\u201d pulgadas, fabricado por GK en USA, respuesta transitoria sin precedentes, dimensiones: 368.3 x 584.2 x 482.6 mm, peso: 15.8 kg.\" \/>\n<meta name=\"robots\" content=\"index, follow, max-snippet:-1, max-image-preview:large, max-video-preview:-1\" \/>\n<link rel=\"canonical\" href=\"https:\/\/www.mexicanguitarplayers.com\/en\/tienda\/sin%20categor\u00eda\/bafle-gk-p-bajo-mod-cx115\/\" \/>\n<meta property=\"og:locale\" content=\"en_US\" \/>\n<meta property=\"og:type\" content=\"article\" \/>\n<meta property=\"og:title\" content=\"BAFLE GK P\/BAJO MOD. CX115 - Mexican Guitar Players\" \/>\n<meta property=\"og:description\" content=\"Bafle para bajo, un altavoz de cer\u00e1mica de 15\u201d pulgadas, potencia: 300 watts, impedancia: 8 ohms, sistema de patas dise\u00f1ado para apilar, controlador especial dise\u00f1ado \u00fanicamente para este gabinete con una bobina m\u00f3vil de aluminio de 2.5\u201d pulgadas, fabricado por GK en USA, respuesta transitoria sin precedentes, dimensiones: 368.3 x 584.2 x 482.6 mm, peso: 15.8 kg.\" \/>\n<meta property=\"og:url\" content=\"https:\/\/www.mexicanguitarplayers.com\/en\/tienda\/sin categor\u00eda\/bafle-gk-p-bajo-mod-cx115\/\" \/>\n<meta property=\"og:site_name\" content=\"Mexican Guitar Players\" \/>\n<meta property=\"article:modified_time\" content=\"2026-04-10T10:35:57+00:00\" \/>\n<meta name=\"twitter:card\" content=\"summary_large_image\" \/>\n<meta name=\"twitter:label1\" content=\"Est. reading time\" \/>\n\t<meta name=\"twitter:data1\" content=\"1 minute\" \/>\n<script type=\"application\/ld+json\" class=\"yoast-schema-graph\">{\"@context\":\"https:\\\/\\\/schema.org\",\"@graph\":[{\"@type\":[\"WebPage\",\"ItemPage\"],\"@id\":\"https:\\\/\\\/www.mexicanguitarplayers.com\\\/tienda\\\/sin categor\u00eda\\\/bafle-gk-p-bajo-mod-cx115\\\/\",\"url\":\"https:\\\/\\\/www.mexicanguitarplayers.com\\\/tienda\\\/sin categor\u00eda\\\/bafle-gk-p-bajo-mod-cx115\\\/\",\"name\":\"BAFLE GK P\\\/BAJO MOD. CX115 - Mexican Guitar Players\",\"isPartOf\":{\"@id\":\"https:\\\/\\\/www.mexicanguitarplayers.com\\\/#website\"},\"primaryImageOfPage\":{\"@id\":\"https:\\\/\\\/www.mexicanguitarplayers.com\\\/tienda\\\/sin categor\u00eda\\\/bafle-gk-p-bajo-mod-cx115\\\/#primaryimage\"},\"image\":{\"@id\":\"https:\\\/\\\/www.mexicanguitarplayers.com\\\/tienda\\\/sin categor\u00eda\\\/bafle-gk-p-bajo-mod-cx115\\\/#primaryimage\"},\"thumbnailUrl\":\"https:\\\/\\\/www.mexicanguitarplayers.com\\\/wp-content\\\/uploads\\\/2025\\\/04\\\/ICGKRCX115.jpg\",\"datePublished\":\"2025-04-08T17:37:05+00:00\",\"dateModified\":\"2026-04-10T10:35:57+00:00\",\"description\":\"Bafle para bajo, un altavoz de cer\u00e1mica de 15\u201d pulgadas, potencia: 300 watts, impedancia: 8 ohms, sistema de patas dise\u00f1ado para apilar, controlador especial dise\u00f1ado \u00fanicamente para este gabinete con una bobina m\u00f3vil de aluminio de 2.5\u201d pulgadas, fabricado por GK en USA, respuesta transitoria sin precedentes, dimensiones: 368.3 x 584.2 x 482.6 mm, peso: 15.8 kg.\",\"breadcrumb\":{\"@id\":\"https:\\\/\\\/www.mexicanguitarplayers.com\\\/tienda\\\/sin categor\u00eda\\\/bafle-gk-p-bajo-mod-cx115\\\/#breadcrumb\"},\"inLanguage\":\"en-US\",\"potentialAction\":[{\"@type\":\"ReadAction\",\"target\":[\"https:\\\/\\\/www.mexicanguitarplayers.com\\\/tienda\\\/sin categor\u00eda\\\/bafle-gk-p-bajo-mod-cx115\\\/\"]}]},{\"@type\":\"ImageObject\",\"inLanguage\":\"en-US\",\"@id\":\"https:\\\/\\\/www.mexicanguitarplayers.com\\\/tienda\\\/sin categor\u00eda\\\/bafle-gk-p-bajo-mod-cx115\\\/#primaryimage\",\"url\":\"https:\\\/\\\/www.mexicanguitarplayers.com\\\/wp-content\\\/uploads\\\/2025\\\/04\\\/ICGKRCX115.jpg\",\"contentUrl\":\"https:\\\/\\\/www.mexicanguitarplayers.com\\\/wp-content\\\/uploads\\\/2025\\\/04\\\/ICGKRCX115.jpg\",\"width\":1200,\"height\":1200},{\"@type\":\"BreadcrumbList\",\"@id\":\"https:\\\/\\\/www.mexicanguitarplayers.com\\\/tienda\\\/sin categor\u00eda\\\/bafle-gk-p-bajo-mod-cx115\\\/#breadcrumb\",\"itemListElement\":[{\"@type\":\"ListItem\",\"position\":1,\"name\":\"Portada\",\"item\":\"https:\\\/\\\/www.mexicanguitarplayers.com\\\/\"},{\"@type\":\"ListItem\",\"position\":2,\"name\":\"Tienda\",\"item\":\"https:\\\/\\\/www.mexicanguitarplayers.com\\\/tienda\\\/\"},{\"@type\":\"ListItem\",\"position\":3,\"name\":\"BAFLE GK P\\\/BAJO MOD. CX115\"}]},{\"@type\":\"WebSite\",\"@id\":\"https:\\\/\\\/www.mexicanguitarplayers.com\\\/#website\",\"url\":\"https:\\\/\\\/www.mexicanguitarplayers.com\\\/\",\"name\":\"Mexican Guitar Players\",\"description\":\"Website\",\"publisher\":{\"@id\":\"https:\\\/\\\/www.mexicanguitarplayers.com\\\/#organization\"},\"potentialAction\":[{\"@type\":\"SearchAction\",\"target\":{\"@type\":\"EntryPoint\",\"urlTemplate\":\"https:\\\/\\\/www.mexicanguitarplayers.com\\\/?s={search_term_string}\"},\"query-input\":{\"@type\":\"PropertyValueSpecification\",\"valueRequired\":true,\"valueName\":\"search_term_string\"}}],\"inLanguage\":\"en-US\"},{\"@type\":\"Organization\",\"@id\":\"https:\\\/\\\/www.mexicanguitarplayers.com\\\/#organization\",\"name\":\"Mexican Guitar Players\",\"url\":\"https:\\\/\\\/www.mexicanguitarplayers.com\\\/\",\"logo\":{\"@type\":\"ImageObject\",\"inLanguage\":\"en-US\",\"@id\":\"https:\\\/\\\/www.mexicanguitarplayers.com\\\/#\\\/schema\\\/logo\\\/image\\\/\",\"url\":\"\",\"contentUrl\":\"\",\"caption\":\"Mexican Guitar Players\"},\"image\":{\"@id\":\"https:\\\/\\\/www.mexicanguitarplayers.com\\\/#\\\/schema\\\/logo\\\/image\\\/\"}}]}<\/script>\n<!-- \/ Yoast SEO plugin. -->","yoast_head_json":{"title":"BAFLE GK P\/BAJO MOD. CX115 - Mexican Guitar Players","description":"Bafle para bajo, un altavoz de cer\u00e1mica de 15\u201d pulgadas, potencia: 300 watts, impedancia: 8 ohms, sistema de patas dise\u00f1ado para apilar, controlador especial dise\u00f1ado \u00fanicamente para este gabinete con una bobina m\u00f3vil de aluminio de 2.5\u201d pulgadas, fabricado por GK en USA, respuesta transitoria sin precedentes, dimensiones: 368.3 x 584.2 x 482.6 mm, peso: 15.8 kg.","robots":{"index":"index","follow":"follow","max-snippet":"max-snippet:-1","max-image-preview":"max-image-preview:large","max-video-preview":"max-video-preview:-1"},"canonical":"https:\/\/www.mexicanguitarplayers.com\/en\/tienda\/sin categor\u00eda\/bafle-gk-p-bajo-mod-cx115\/","og_locale":"en_US","og_type":"article","og_title":"BAFLE GK P\/BAJO MOD. CX115 - Mexican Guitar Players","og_description":"Bafle para bajo, un altavoz de cer\u00e1mica de 15\u201d pulgadas, potencia: 300 watts, impedancia: 8 ohms, sistema de patas dise\u00f1ado para apilar, controlador especial dise\u00f1ado \u00fanicamente para este gabinete con una bobina m\u00f3vil de aluminio de 2.5\u201d pulgadas, fabricado por GK en USA, respuesta transitoria sin precedentes, dimensiones: 368.3 x 584.2 x 482.6 mm, peso: 15.8 kg.","og_url":"https:\/\/www.mexicanguitarplayers.com\/en\/tienda\/sin categor\u00eda\/bafle-gk-p-bajo-mod-cx115\/","og_site_name":"Mexican Guitar Players","article_modified_time":"2026-04-10T10:35:57+00:00","twitter_card":"summary_large_image","twitter_misc":{"Est. reading time":"1 minute"},"schema":{"@context":"https:\/\/schema.org","@graph":[{"@type":["WebPage","ItemPage"],"@id":"https:\/\/www.mexicanguitarplayers.com\/tienda\/sin categor\u00eda\/bafle-gk-p-bajo-mod-cx115\/","url":"https:\/\/www.mexicanguitarplayers.com\/tienda\/sin categor\u00eda\/bafle-gk-p-bajo-mod-cx115\/","name":"BAFLE GK P\/BAJO MOD. CX115 - Mexican Guitar Players","isPartOf":{"@id":"https:\/\/www.mexicanguitarplayers.com\/#website"},"primaryImageOfPage":{"@id":"https:\/\/www.mexicanguitarplayers.com\/tienda\/sin categor\u00eda\/bafle-gk-p-bajo-mod-cx115\/#primaryimage"},"image":{"@id":"https:\/\/www.mexicanguitarplayers.com\/tienda\/sin categor\u00eda\/bafle-gk-p-bajo-mod-cx115\/#primaryimage"},"thumbnailUrl":"https:\/\/www.mexicanguitarplayers.com\/wp-content\/uploads\/2025\/04\/ICGKRCX115.jpg","datePublished":"2025-04-08T17:37:05+00:00","dateModified":"2026-04-10T10:35:57+00:00","description":"Bafle para bajo, un altavoz de cer\u00e1mica de 15\u201d pulgadas, potencia: 300 watts, impedancia: 8 ohms, sistema de patas dise\u00f1ado para apilar, controlador especial dise\u00f1ado \u00fanicamente para este gabinete con una bobina m\u00f3vil de aluminio de 2.5\u201d pulgadas, fabricado por GK en USA, respuesta transitoria sin precedentes, dimensiones: 368.3 x 584.2 x 482.6 mm, peso: 15.8 kg.","breadcrumb":{"@id":"https:\/\/www.mexicanguitarplayers.com\/tienda\/sin categor\u00eda\/bafle-gk-p-bajo-mod-cx115\/#breadcrumb"},"inLanguage":"en-US","potentialAction":[{"@type":"ReadAction","target":["https:\/\/www.mexicanguitarplayers.com\/tienda\/sin categor\u00eda\/bafle-gk-p-bajo-mod-cx115\/"]}]},{"@type":"ImageObject","inLanguage":"en-US","@id":"https:\/\/www.mexicanguitarplayers.com\/tienda\/sin categor\u00eda\/bafle-gk-p-bajo-mod-cx115\/#primaryimage","url":"https:\/\/www.mexicanguitarplayers.com\/wp-content\/uploads\/2025\/04\/ICGKRCX115.jpg","contentUrl":"https:\/\/www.mexicanguitarplayers.com\/wp-content\/uploads\/2025\/04\/ICGKRCX115.jpg","width":1200,"height":1200},{"@type":"BreadcrumbList","@id":"https:\/\/www.mexicanguitarplayers.com\/tienda\/sin categor\u00eda\/bafle-gk-p-bajo-mod-cx115\/#breadcrumb","itemListElement":[{"@type":"ListItem","position":1,"name":"Portada","item":"https:\/\/www.mexicanguitarplayers.com\/"},{"@type":"ListItem","position":2,"name":"Tienda","item":"https:\/\/www.mexicanguitarplayers.com\/tienda\/"},{"@type":"ListItem","position":3,"name":"BAFLE GK P\/BAJO MOD. CX115"}]},{"@type":"WebSite","@id":"https:\/\/www.mexicanguitarplayers.com\/#website","url":"https:\/\/www.mexicanguitarplayers.com\/","name":"Mexican Guitar Players","description":"Website","publisher":{"@id":"https:\/\/www.mexicanguitarplayers.com\/#organization"},"potentialAction":[{"@type":"SearchAction","target":{"@type":"EntryPoint","urlTemplate":"https:\/\/www.mexicanguitarplayers.com\/?s={search_term_string}"},"query-input":{"@type":"PropertyValueSpecification","valueRequired":true,"valueName":"search_term_string"}}],"inLanguage":"en-US"},{"@type":"Organization","@id":"https:\/\/www.mexicanguitarplayers.com\/#organization","name":"Mexican Guitar Players","url":"https:\/\/www.mexicanguitarplayers.com\/","logo":{"@type":"ImageObject","inLanguage":"en-US","@id":"https:\/\/www.mexicanguitarplayers.com\/#\/schema\/logo\/image\/","url":"","contentUrl":"","caption":"Mexican Guitar Players"},"image":{"@id":"https:\/\/www.mexicanguitarplayers.com\/#\/schema\/logo\/image\/"}}]}},"brands":[{"id":265,"name":"GALLIEN-KRUEGER","slug":"gallien-krueger"}],"_links":{"self":[{"href":"https:\/\/www.mexicanguitarplayers.com\/en\/wp-json\/wp\/v2\/product\/31011","targetHints":{"allow":["GET"]}}],"collection":[{"href":"https:\/\/www.mexicanguitarplayers.com\/en\/wp-json\/wp\/v2\/product"}],"about":[{"href":"https:\/\/www.mexicanguitarplayers.com\/en\/wp-json\/wp\/v2\/types\/product"}],"replies":[{"embeddable":true,"href":"https:\/\/www.mexicanguitarplayers.com\/en\/wp-json\/wp\/v2\/comments?post=31011"}],"wp:featuredmedia":[{"embeddable":true,"href":"https:\/\/www.mexicanguitarplayers.com\/en\/wp-json\/wp\/v2\/media\/31008"}],"wp:attachment":[{"href":"https:\/\/www.mexicanguitarplayers.com\/en\/wp-json\/wp\/v2\/media?parent=31011"}],"wp:term":[{"taxonomy":"pwb-brand","embeddable":true,"href":"https:\/\/www.mexicanguitarplayers.com\/en\/wp-json\/wp\/v2\/pwb-brand?post=31011"},{"taxonomy":"product_brand","embeddable":true,"href":"https:\/\/www.mexicanguitarplayers.com\/en\/wp-json\/wp\/v2\/product_brand?post=31011"},{"taxonomy":"product_cat","embeddable":true,"href":"https:\/\/www.mexicanguitarplayers.com\/en\/wp-json\/wp\/v2\/product_cat?post=31011"},{"taxonomy":"product_tag","embeddable":true,"href":"https:\/\/www.mexicanguitarplayers.com\/en\/wp-json\/wp\/v2\/product_tag?post=31011"}],"curies":[{"name":"wp","href":"https:\/\/api.w.org\/{rel}","templated":true}]}}