{"id":31027,"date":"2025-04-08T11:37:32","date_gmt":"2025-04-08T17:37:32","guid":{"rendered":"https:\/\/www.mexicanguitarplayers.com\/tienda\/sin categor\u00eda\/soporte-hercules-p-clarinete-ds-543bb\/"},"modified":"2026-04-24T19:15:03","modified_gmt":"2026-04-25T01:15:03","slug":"soporte-hercules-p-clarinete-ds-543bb","status":"publish","type":"product","link":"https:\/\/www.mexicanguitarplayers.com\/en\/tienda\/accesorios\/stands\/para-instrumento-stands\/soporte-hercules-p-clarinete-ds-543bb\/","title":{"rendered":"SOPORTE HERCULES P\/CLARINETE DS-543BB"},"content":{"rendered":"<div style=\"text-align: justify\">\n<div>\n<h3>F\u00e1cil de guardar en tu funda o estuche.<\/h3>\n<\/div>\n<div>El mini soporte DS-543BB  de la serie TravLite de Hercules es ideal para flauta o clarinete as\u00ed como muy pr\u00e1ctico para guardarse. Grandes figuras de la m\u00fasica, como Sammy Hagar, Dave Matthews Band, Megadeth y Ted Nugent entre otros, prefieren Hercules sobre otras marcas.<\/div>\n<div>\n<h4>Quick look<\/h4>\n<\/div>\n<ul style=\"margin: 0px 0px 0px 25px\">\n<li style=\"list-style-type: circle;margin: 5px\">Conos en SFF.<\/li>\n<li style=\"list-style-type: circle;margin: 5px\">Patas m\u00f3viles.<\/li>\n<li style=\"list-style-type: circle;margin: 5px\">Weight.<\/li>\n<li style=\"list-style-type: circle;margin: 5px\">Tama\u00f1o plegado.<\/li>\n<li style=\"list-style-type: circle;margin: 5px\">Altura.<\/li>\n<li style=\"list-style-type: circle;margin: 5px\">Capacidad de carga.<\/li>\n<\/ul>\n<div>\n<div style=\"font-weight: bold\">Conos en SFF.<\/div>\n<div>\n<p>2 para flauta o clarinete y 1 para flaut\u00edn, desmontables para guardarlos f\u00e1cilmente.<\/p>\n<\/div>\n<div style=\"font-weight: bold\">Patas m\u00f3viles.<\/div>\n<div>\n<p>Se adaptan a otros soportes que haya a su alrededor.<\/p>\n<\/div>\n<div style=\"font-weight: bold\">Weight.<\/div>\n<div>\n<p>0.7 Kg.<\/p>\n<\/div>\n<div style=\"font-weight: bold\">Tama\u00f1o plegado.<\/div>\n<div>\n<p>210 x 95 mm.<\/p>\n<\/div>\n<div style=\"font-weight: bold\">Altura.<\/div>\n<div>\n<p>220 mm.<\/p>\n<\/div>\n<div style=\"font-weight: bold\">Capacidad de carga.<\/div>\n<div>\n<p>15 Kg.<\/p>\n<\/div>\n<\/div>\n<\/div>","protected":false},"excerpt":{"rendered":"<p>Soporte Hercules para flauta, clarinete y flautin. Modelo: DS-543BB. 2 conos enSFF para flauta o clarinete y 1 para flaut\u00edn, desmontables para guardarlo f\u00e1cilmente. Patas m\u00f3viles que se adaptan a otros soportes que haya a su alrededor. Incluye bolsa de transporte. Peso: 0.7 Kg. Altura: 220 mm. Capacidad de carga: 15 Kg. Tama\u00f1o plegado: 210 x 95 mm.&hellip; <a class=\"kt-excerpt-readmore more-link\" href=\"https:\/\/www.mexicanguitarplayers.com\/en\/tienda\/accesorios\/stands\/para-instrumento-stands\/soporte-hercules-p-clarinete-ds-543bb\/\">Read more<\/a><\/p>","protected":false},"featured_media":31026,"comment_status":"open","ping_status":"closed","template":"","meta":{"kt_blocks_editor_width":""},"pwb-brand":[587],"product_brand":[],"product_cat":[85,510,416],"product_tag":[],"class_list":{"0":"post-31027","1":"product","2":"type-product","3":"status-publish","4":"has-post-thumbnail","6":"pwb-brand-hercules","7":"product_cat-accesorios","8":"product_cat-para-instrumento-stands","9":"product_cat-stands","10":"product_shipping_class-0-5-kg","12":"first","13":"outofstock","14":"taxable","15":"shipping-taxable","16":"purchasable","17":"product-type-simple"},"yoast_head":"<!-- This site is optimized with the Yoast SEO plugin v27.5 - https:\/\/yoast.com\/product\/yoast-seo-wordpress\/ -->\n<title>SOPORTE HERCULES P\/CLARINETE DS-543BB - Mexican Guitar Players<\/title>\n<meta name=\"description\" content=\"Soporte Hercules para flauta, clarinete y flautin. Modelo: DS-543BB. 2 conos enSFF para flauta o clarinete y 1 para flaut\u00edn, desmontables para guardarlo f\u00e1cilmente. Patas m\u00f3viles que se adaptan a otros soportes que haya a su alrededor. Incluye bolsa de transporte. Peso: 0.7 Kg. Altura: 220 mm. Capacidad de carga: 15 Kg. Tama\u00f1o plegado: 210 x 95 mm.\" \/>\n<meta name=\"robots\" content=\"index, follow, max-snippet:-1, max-image-preview:large, max-video-preview:-1\" \/>\n<link rel=\"canonical\" href=\"https:\/\/www.mexicanguitarplayers.com\/en\/tienda\/sin%20categor\u00eda\/soporte-hercules-p-clarinete-ds-543bb\/\" \/>\n<meta property=\"og:locale\" content=\"en_US\" \/>\n<meta property=\"og:type\" content=\"article\" \/>\n<meta property=\"og:title\" content=\"SOPORTE HERCULES P\/CLARINETE DS-543BB - Mexican Guitar Players\" \/>\n<meta property=\"og:description\" content=\"Soporte Hercules para flauta, clarinete y flautin. Modelo: DS-543BB. 2 conos enSFF para flauta o clarinete y 1 para flaut\u00edn, desmontables para guardarlo f\u00e1cilmente. Patas m\u00f3viles que se adaptan a otros soportes que haya a su alrededor. Incluye bolsa de transporte. Peso: 0.7 Kg. Altura: 220 mm. Capacidad de carga: 15 Kg. Tama\u00f1o plegado: 210 x 95 mm.\" \/>\n<meta property=\"og:url\" content=\"https:\/\/www.mexicanguitarplayers.com\/en\/tienda\/sin categor\u00eda\/soporte-hercules-p-clarinete-ds-543bb\/\" \/>\n<meta property=\"og:site_name\" content=\"Mexican Guitar Players\" \/>\n<meta property=\"article:modified_time\" content=\"2026-04-25T01:15:03+00:00\" \/>\n<meta name=\"twitter:card\" content=\"summary_large_image\" \/>\n<meta name=\"twitter:label1\" content=\"Est. reading time\" \/>\n\t<meta name=\"twitter:data1\" content=\"1 minute\" \/>\n<script type=\"application\/ld+json\" class=\"yoast-schema-graph\">{\"@context\":\"https:\\\/\\\/schema.org\",\"@graph\":[{\"@type\":[\"WebPage\",\"ItemPage\"],\"@id\":\"https:\\\/\\\/www.mexicanguitarplayers.com\\\/tienda\\\/sin categor\u00eda\\\/soporte-hercules-p-clarinete-ds-543bb\\\/\",\"url\":\"https:\\\/\\\/www.mexicanguitarplayers.com\\\/tienda\\\/sin categor\u00eda\\\/soporte-hercules-p-clarinete-ds-543bb\\\/\",\"name\":\"SOPORTE HERCULES P\\\/CLARINETE DS-543BB - Mexican Guitar Players\",\"isPartOf\":{\"@id\":\"https:\\\/\\\/www.mexicanguitarplayers.com\\\/#website\"},\"primaryImageOfPage\":{\"@id\":\"https:\\\/\\\/www.mexicanguitarplayers.com\\\/tienda\\\/sin categor\u00eda\\\/soporte-hercules-p-clarinete-ds-543bb\\\/#primaryimage\"},\"image\":{\"@id\":\"https:\\\/\\\/www.mexicanguitarplayers.com\\\/tienda\\\/sin categor\u00eda\\\/soporte-hercules-p-clarinete-ds-543bb\\\/#primaryimage\"},\"thumbnailUrl\":\"https:\\\/\\\/www.mexicanguitarplayers.com\\\/wp-content\\\/uploads\\\/2025\\\/04\\\/VAHERDS543BB.jpg\",\"datePublished\":\"2025-04-08T17:37:32+00:00\",\"dateModified\":\"2026-04-25T01:15:03+00:00\",\"description\":\"Soporte Hercules para flauta, clarinete y flautin. Modelo: DS-543BB. 2 conos enSFF para flauta o clarinete y 1 para flaut\u00edn, desmontables para guardarlo f\u00e1cilmente. Patas m\u00f3viles que se adaptan a otros soportes que haya a su alrededor. Incluye bolsa de transporte. Peso: 0.7 Kg. Altura: 220 mm. Capacidad de carga: 15 Kg. Tama\u00f1o plegado: 210 x 95 mm.\",\"breadcrumb\":{\"@id\":\"https:\\\/\\\/www.mexicanguitarplayers.com\\\/tienda\\\/sin categor\u00eda\\\/soporte-hercules-p-clarinete-ds-543bb\\\/#breadcrumb\"},\"inLanguage\":\"en-US\",\"potentialAction\":[{\"@type\":\"ReadAction\",\"target\":[\"https:\\\/\\\/www.mexicanguitarplayers.com\\\/tienda\\\/sin categor\u00eda\\\/soporte-hercules-p-clarinete-ds-543bb\\\/\"]}]},{\"@type\":\"ImageObject\",\"inLanguage\":\"en-US\",\"@id\":\"https:\\\/\\\/www.mexicanguitarplayers.com\\\/tienda\\\/sin categor\u00eda\\\/soporte-hercules-p-clarinete-ds-543bb\\\/#primaryimage\",\"url\":\"https:\\\/\\\/www.mexicanguitarplayers.com\\\/wp-content\\\/uploads\\\/2025\\\/04\\\/VAHERDS543BB.jpg\",\"contentUrl\":\"https:\\\/\\\/www.mexicanguitarplayers.com\\\/wp-content\\\/uploads\\\/2025\\\/04\\\/VAHERDS543BB.jpg\",\"width\":1200,\"height\":1200},{\"@type\":\"BreadcrumbList\",\"@id\":\"https:\\\/\\\/www.mexicanguitarplayers.com\\\/tienda\\\/sin categor\u00eda\\\/soporte-hercules-p-clarinete-ds-543bb\\\/#breadcrumb\",\"itemListElement\":[{\"@type\":\"ListItem\",\"position\":1,\"name\":\"Portada\",\"item\":\"https:\\\/\\\/www.mexicanguitarplayers.com\\\/\"},{\"@type\":\"ListItem\",\"position\":2,\"name\":\"Tienda\",\"item\":\"https:\\\/\\\/www.mexicanguitarplayers.com\\\/tienda\\\/\"},{\"@type\":\"ListItem\",\"position\":3,\"name\":\"SOPORTE HERCULES P\\\/CLARINETE DS-543BB\"}]},{\"@type\":\"WebSite\",\"@id\":\"https:\\\/\\\/www.mexicanguitarplayers.com\\\/#website\",\"url\":\"https:\\\/\\\/www.mexicanguitarplayers.com\\\/\",\"name\":\"Mexican Guitar Players\",\"description\":\"Website\",\"publisher\":{\"@id\":\"https:\\\/\\\/www.mexicanguitarplayers.com\\\/#organization\"},\"potentialAction\":[{\"@type\":\"SearchAction\",\"target\":{\"@type\":\"EntryPoint\",\"urlTemplate\":\"https:\\\/\\\/www.mexicanguitarplayers.com\\\/?s={search_term_string}\"},\"query-input\":{\"@type\":\"PropertyValueSpecification\",\"valueRequired\":true,\"valueName\":\"search_term_string\"}}],\"inLanguage\":\"en-US\"},{\"@type\":\"Organization\",\"@id\":\"https:\\\/\\\/www.mexicanguitarplayers.com\\\/#organization\",\"name\":\"Mexican Guitar Players\",\"url\":\"https:\\\/\\\/www.mexicanguitarplayers.com\\\/\",\"logo\":{\"@type\":\"ImageObject\",\"inLanguage\":\"en-US\",\"@id\":\"https:\\\/\\\/www.mexicanguitarplayers.com\\\/#\\\/schema\\\/logo\\\/image\\\/\",\"url\":\"\",\"contentUrl\":\"\",\"caption\":\"Mexican Guitar Players\"},\"image\":{\"@id\":\"https:\\\/\\\/www.mexicanguitarplayers.com\\\/#\\\/schema\\\/logo\\\/image\\\/\"}}]}<\/script>\n<!-- \/ Yoast SEO plugin. -->","yoast_head_json":{"title":"SOPORTE HERCULES P\/CLARINETE DS-543BB - Mexican Guitar Players","description":"Soporte Hercules para flauta, clarinete y flautin. Modelo: DS-543BB. 2 conos enSFF para flauta o clarinete y 1 para flaut\u00edn, desmontables para guardarlo f\u00e1cilmente. Patas m\u00f3viles que se adaptan a otros soportes que haya a su alrededor. Incluye bolsa de transporte. Peso: 0.7 Kg. Altura: 220 mm. Capacidad de carga: 15 Kg. Tama\u00f1o plegado: 210 x 95 mm.","robots":{"index":"index","follow":"follow","max-snippet":"max-snippet:-1","max-image-preview":"max-image-preview:large","max-video-preview":"max-video-preview:-1"},"canonical":"https:\/\/www.mexicanguitarplayers.com\/en\/tienda\/sin categor\u00eda\/soporte-hercules-p-clarinete-ds-543bb\/","og_locale":"en_US","og_type":"article","og_title":"SOPORTE HERCULES P\/CLARINETE DS-543BB - Mexican Guitar Players","og_description":"Soporte Hercules para flauta, clarinete y flautin. Modelo: DS-543BB. 2 conos enSFF para flauta o clarinete y 1 para flaut\u00edn, desmontables para guardarlo f\u00e1cilmente. Patas m\u00f3viles que se adaptan a otros soportes que haya a su alrededor. Incluye bolsa de transporte. Peso: 0.7 Kg. Altura: 220 mm. Capacidad de carga: 15 Kg. Tama\u00f1o plegado: 210 x 95 mm.","og_url":"https:\/\/www.mexicanguitarplayers.com\/en\/tienda\/sin categor\u00eda\/soporte-hercules-p-clarinete-ds-543bb\/","og_site_name":"Mexican Guitar Players","article_modified_time":"2026-04-25T01:15:03+00:00","twitter_card":"summary_large_image","twitter_misc":{"Est. reading time":"1 minute"},"schema":{"@context":"https:\/\/schema.org","@graph":[{"@type":["WebPage","ItemPage"],"@id":"https:\/\/www.mexicanguitarplayers.com\/tienda\/sin categor\u00eda\/soporte-hercules-p-clarinete-ds-543bb\/","url":"https:\/\/www.mexicanguitarplayers.com\/tienda\/sin categor\u00eda\/soporte-hercules-p-clarinete-ds-543bb\/","name":"SOPORTE HERCULES P\/CLARINETE DS-543BB - Mexican Guitar Players","isPartOf":{"@id":"https:\/\/www.mexicanguitarplayers.com\/#website"},"primaryImageOfPage":{"@id":"https:\/\/www.mexicanguitarplayers.com\/tienda\/sin categor\u00eda\/soporte-hercules-p-clarinete-ds-543bb\/#primaryimage"},"image":{"@id":"https:\/\/www.mexicanguitarplayers.com\/tienda\/sin categor\u00eda\/soporte-hercules-p-clarinete-ds-543bb\/#primaryimage"},"thumbnailUrl":"https:\/\/www.mexicanguitarplayers.com\/wp-content\/uploads\/2025\/04\/VAHERDS543BB.jpg","datePublished":"2025-04-08T17:37:32+00:00","dateModified":"2026-04-25T01:15:03+00:00","description":"Soporte Hercules para flauta, clarinete y flautin. Modelo: DS-543BB. 2 conos enSFF para flauta o clarinete y 1 para flaut\u00edn, desmontables para guardarlo f\u00e1cilmente. Patas m\u00f3viles que se adaptan a otros soportes que haya a su alrededor. Incluye bolsa de transporte. Peso: 0.7 Kg. Altura: 220 mm. Capacidad de carga: 15 Kg. Tama\u00f1o plegado: 210 x 95 mm.","breadcrumb":{"@id":"https:\/\/www.mexicanguitarplayers.com\/tienda\/sin categor\u00eda\/soporte-hercules-p-clarinete-ds-543bb\/#breadcrumb"},"inLanguage":"en-US","potentialAction":[{"@type":"ReadAction","target":["https:\/\/www.mexicanguitarplayers.com\/tienda\/sin categor\u00eda\/soporte-hercules-p-clarinete-ds-543bb\/"]}]},{"@type":"ImageObject","inLanguage":"en-US","@id":"https:\/\/www.mexicanguitarplayers.com\/tienda\/sin categor\u00eda\/soporte-hercules-p-clarinete-ds-543bb\/#primaryimage","url":"https:\/\/www.mexicanguitarplayers.com\/wp-content\/uploads\/2025\/04\/VAHERDS543BB.jpg","contentUrl":"https:\/\/www.mexicanguitarplayers.com\/wp-content\/uploads\/2025\/04\/VAHERDS543BB.jpg","width":1200,"height":1200},{"@type":"BreadcrumbList","@id":"https:\/\/www.mexicanguitarplayers.com\/tienda\/sin categor\u00eda\/soporte-hercules-p-clarinete-ds-543bb\/#breadcrumb","itemListElement":[{"@type":"ListItem","position":1,"name":"Portada","item":"https:\/\/www.mexicanguitarplayers.com\/"},{"@type":"ListItem","position":2,"name":"Tienda","item":"https:\/\/www.mexicanguitarplayers.com\/tienda\/"},{"@type":"ListItem","position":3,"name":"SOPORTE HERCULES P\/CLARINETE DS-543BB"}]},{"@type":"WebSite","@id":"https:\/\/www.mexicanguitarplayers.com\/#website","url":"https:\/\/www.mexicanguitarplayers.com\/","name":"Mexican Guitar Players","description":"Website","publisher":{"@id":"https:\/\/www.mexicanguitarplayers.com\/#organization"},"potentialAction":[{"@type":"SearchAction","target":{"@type":"EntryPoint","urlTemplate":"https:\/\/www.mexicanguitarplayers.com\/?s={search_term_string}"},"query-input":{"@type":"PropertyValueSpecification","valueRequired":true,"valueName":"search_term_string"}}],"inLanguage":"en-US"},{"@type":"Organization","@id":"https:\/\/www.mexicanguitarplayers.com\/#organization","name":"Mexican Guitar Players","url":"https:\/\/www.mexicanguitarplayers.com\/","logo":{"@type":"ImageObject","inLanguage":"en-US","@id":"https:\/\/www.mexicanguitarplayers.com\/#\/schema\/logo\/image\/","url":"","contentUrl":"","caption":"Mexican Guitar Players"},"image":{"@id":"https:\/\/www.mexicanguitarplayers.com\/#\/schema\/logo\/image\/"}}]}},"brands":[{"id":587,"name":"HERCULES","slug":"hercules"}],"_links":{"self":[{"href":"https:\/\/www.mexicanguitarplayers.com\/en\/wp-json\/wp\/v2\/product\/31027","targetHints":{"allow":["GET"]}}],"collection":[{"href":"https:\/\/www.mexicanguitarplayers.com\/en\/wp-json\/wp\/v2\/product"}],"about":[{"href":"https:\/\/www.mexicanguitarplayers.com\/en\/wp-json\/wp\/v2\/types\/product"}],"replies":[{"embeddable":true,"href":"https:\/\/www.mexicanguitarplayers.com\/en\/wp-json\/wp\/v2\/comments?post=31027"}],"wp:featuredmedia":[{"embeddable":true,"href":"https:\/\/www.mexicanguitarplayers.com\/en\/wp-json\/wp\/v2\/media\/31026"}],"wp:attachment":[{"href":"https:\/\/www.mexicanguitarplayers.com\/en\/wp-json\/wp\/v2\/media?parent=31027"}],"wp:term":[{"taxonomy":"pwb-brand","embeddable":true,"href":"https:\/\/www.mexicanguitarplayers.com\/en\/wp-json\/wp\/v2\/pwb-brand?post=31027"},{"taxonomy":"product_brand","embeddable":true,"href":"https:\/\/www.mexicanguitarplayers.com\/en\/wp-json\/wp\/v2\/product_brand?post=31027"},{"taxonomy":"product_cat","embeddable":true,"href":"https:\/\/www.mexicanguitarplayers.com\/en\/wp-json\/wp\/v2\/product_cat?post=31027"},{"taxonomy":"product_tag","embeddable":true,"href":"https:\/\/www.mexicanguitarplayers.com\/en\/wp-json\/wp\/v2\/product_tag?post=31027"}],"curies":[{"name":"wp","href":"https:\/\/api.w.org\/{rel}","templated":true}]}}