{"id":31054,"date":"2025-04-08T11:38:38","date_gmt":"2025-04-08T17:38:38","guid":{"rendered":"https:\/\/www.mexicanguitarplayers.com\/tienda\/sin categor\u00eda\/bafle-behringer-p-pa-mod-b2520-pro\/"},"modified":"2026-05-01T07:24:35","modified_gmt":"2026-05-01T13:24:35","slug":"bafle-behringer-p-pa-mod-b2520-pro","status":"publish","type":"product","link":"https:\/\/www.mexicanguitarplayers.com\/en\/tienda\/audio\/bafles-y-bocinas\/bafles\/bafles-pasivos\/bafle-behringer-p-pa-mod-b2520-pro\/","title":{"rendered":"BAFLE BEHRINGER P\/PA MOD. B2520 PRO"},"content":{"rendered":"<div style=\"text-align: justify\">\n<div>\n<h3>Poder y fidelidad a bajo costo.<\/h3>\n<\/div>\n<div>El altavoz EUROLIVE B2520 PRO es exactamente lo que esperas de Behringer, 2,200 watts de potencia y dem\u00e1s caracter\u00edsticas que lo hacen absolutamente m\u00e1s asequible. Y gracias a su driver dual de 15&#8243; pulgadas y su driver de compresi\u00f3n de titanio de 1.75&#8243; pulgadas, el bafle B2520 PRO llega listo para usarse con tan s\u00f3lo sacarlo de su caja. El altavoz profesional B2520 PRO est\u00e1 destinado a convertirse en una leyenda por derecho propio, junto con otros modelos EUROLIVE que han hecho de Behringer el l\u00edder mundial en altavoces. Transductores personalizados. Nuestros transductores HF y LF est\u00e1n dise\u00f1ado espec\u00edficamente para cada aplicaci\u00f3n, esto es lo que nos diferencia de la competencia. Cuando compras un altavoz Behringer, puedes estar seguro de que los transductores en el interior han sido dise\u00f1ados para funcionar perfectamente en conjunto con todos los dem\u00e1s elementos para ofrecer resultados verdaderamente profesionales. El bafle EUROLIVE B2520 PRO maneja grandes cantidades de graves con medios articulados y agudos cristalinos.<\/div>\n<div>\n<h4>Quick look<\/h4>\n<\/div>\n<ul style=\"margin: 0px 0px 0px 25px\">\n<li style=\"list-style-type: circle;margin: 5px\">Datos del sistema.<\/li>\n<li style=\"list-style-type: circle;margin: 5px\">Frequency response.<\/li>\n<li style=\"list-style-type: circle;margin: 5px\">Power.<\/li>\n<li style=\"list-style-type: circle;margin: 5px\">Impedance.<\/li>\n<li style=\"list-style-type: circle;margin: 5px\">Maximum SPL.<\/li>\n<li style=\"list-style-type: circle;margin: 5px\">Dispersi\u00f3n.<\/li>\n<li style=\"list-style-type: circle;margin: 5px\">Frecuencia de crossover.<\/li>\n<li style=\"list-style-type: circle;margin: 5px\">Dimensions.<\/li>\n<li style=\"list-style-type: circle;margin: 5px\">Weight.<\/li>\n<\/ul>\n<div>\n<div style=\"font-weight: bold\">Datos del sistema.<\/div>\n<div>\n<p>Tipo: Altavoz de 2 v\u00edas de rango completo. 2 woofers de 15&#8243; pulgadas (15W250A8). Driver de compresi\u00f3n de 1.75&#8243; pulgadas (44T30A8).<\/p>\n<\/div>\n<div style=\"font-weight: bold\">Frequency response.<\/div>\n<div>\n<p>50 Hz &#8211; 18 kHz.<\/p>\n<\/div>\n<div style=\"font-weight: bold\">Power.<\/div>\n<div>\n<p>Continuo: 550 watts. Pico: 2,200 watts.<\/p>\n<\/div>\n<div style=\"font-weight: bold\">Impedance.<\/div>\n<div>\n<p>4 ohms.<\/p>\n<\/div>\n<div style=\"font-weight: bold\">Maximum SPL.<\/div>\n<div>\n<p>99 dB (espacio completo).<\/p>\n<\/div>\n<div style=\"font-weight: bold\">Dispersi\u00f3n.<\/div>\n<div>\n<p>100\u00ba  (50\u00ba) x 50\u00ba<\/p>\n<\/div>\n<div style=\"font-weight: bold\">Frecuencia de crossover.<\/div>\n<div>\n<p>200 Hz \/ 1.8 kHz.<\/p>\n<\/div>\n<div style=\"font-weight: bold\">Dimensions.<\/div>\n<div>\n<p>465 x 1185 x 482 mm.<\/p>\n<\/div>\n<div style=\"font-weight: bold\">Weight.<\/div>\n<div>\n<p>47.7 kg.<\/p>\n<\/div>\n<\/div>\n<\/div>","protected":false},"excerpt":{"rendered":"<p>Bafle pasivo profesional de alto rendimiento con potencia de 2,200 watts y dos drivers de 15\u201d pulgadas, proporciona incre\u00edbles graves y gran potencia ac\u00fastica, driver de diafragma de titanio patentado de 1.75\u201d pulgadas para una reproducci\u00f3n excepcional de alta frecuencia, rango de frecuencia ultra amplio de 50 Hz a 18 kHz (-10 dB), impedancia de 4 ohms, nivel de presi\u00f3n ac\u00fastica extremadamente alto de 99 dB (espacio completo 1W\/1m), circuito de protecci\u00f3n contra sobrecargas que garantiza una \u00f3ptima protecci\u00f3n del driver HF, conectores de entrada paralelos que permiten la conexi\u00f3n de altavoces adicionales, asas ergon\u00f3micas para facilitar el transporte, rejilla resisten de acero, conectores profesionales de altavoz (compatibles con Neutrik SpeakOn), dimensiones: 465 x 1185 x 482 mm, peso: 47.7 kg.&hellip; <a class=\"kt-excerpt-readmore more-link\" href=\"https:\/\/www.mexicanguitarplayers.com\/en\/tienda\/audio\/bafles-y-bocinas\/bafles\/bafles-pasivos\/bafle-behringer-p-pa-mod-b2520-pro\/\">Read more<\/a><\/p>","protected":false},"featured_media":31050,"comment_status":"open","ping_status":"closed","template":"","meta":{"kt_blocks_editor_width":""},"pwb-brand":[171],"product_brand":[],"product_cat":[213,222,223,221],"product_tag":[],"class_list":{"0":"post-31054","1":"product","2":"type-product","3":"status-publish","4":"has-post-thumbnail","6":"pwb-brand-behringer","7":"product_cat-audio","8":"product_cat-bafles","9":"product_cat-bafles-pasivos","10":"product_cat-bafles-y-bocinas","12":"first","13":"instock","14":"taxable","15":"shipping-taxable","16":"purchasable","17":"product-type-simple"},"yoast_head":"<!-- This site is optimized with the Yoast SEO plugin v27.5 - https:\/\/yoast.com\/product\/yoast-seo-wordpress\/ -->\n<title>BAFLE BEHRINGER P\/PA MOD. B2520 PRO - Mexican Guitar Players<\/title>\n<meta name=\"description\" content=\"Bafle pasivo profesional de alto rendimiento con potencia de 2,200 watts y dos drivers de 15\u201d pulgadas, proporciona incre\u00edbles graves y gran potencia ac\u00fastica, driver de diafragma de titanio patentado de 1.75\u201d pulgadas para una reproducci\u00f3n excepcional de alta frecuencia, rango de frecuencia ultra amplio de 50 Hz a 18 kHz (-10 dB), impedancia de 4 ohms, nivel de presi\u00f3n ac\u00fastica extremadamente alto de 99 dB (espacio completo 1W\/1m), circuito de protecci\u00f3n contra sobrecargas que garantiza una \u00f3ptima protecci\u00f3n del driver HF, conectores de entrada paralelos que permiten la conexi\u00f3n de altavoces adicionales, asas ergon\u00f3micas para facilitar el transporte, rejilla resisten de acero, conectores profesionales de altavoz (compatibles con Neutrik SpeakOn), dimensiones: 465 x 1185 x 482 mm, peso: 47.7 kg.\" \/>\n<meta name=\"robots\" content=\"index, follow, max-snippet:-1, max-image-preview:large, max-video-preview:-1\" \/>\n<link rel=\"canonical\" href=\"https:\/\/www.mexicanguitarplayers.com\/en\/tienda\/sin%20categor\u00eda\/bafle-behringer-p-pa-mod-b2520-pro\/\" \/>\n<meta property=\"og:locale\" content=\"en_US\" \/>\n<meta property=\"og:type\" content=\"article\" \/>\n<meta property=\"og:title\" content=\"BAFLE BEHRINGER P\/PA MOD. B2520 PRO - Mexican Guitar Players\" \/>\n<meta property=\"og:description\" content=\"Bafle pasivo profesional de alto rendimiento con potencia de 2,200 watts y dos drivers de 15\u201d pulgadas, proporciona incre\u00edbles graves y gran potencia ac\u00fastica, driver de diafragma de titanio patentado de 1.75\u201d pulgadas para una reproducci\u00f3n excepcional de alta frecuencia, rango de frecuencia ultra amplio de 50 Hz a 18 kHz (-10 dB), impedancia de 4 ohms, nivel de presi\u00f3n ac\u00fastica extremadamente alto de 99 dB (espacio completo 1W\/1m), circuito de protecci\u00f3n contra sobrecargas que garantiza una \u00f3ptima protecci\u00f3n del driver HF, conectores de entrada paralelos que permiten la conexi\u00f3n de altavoces adicionales, asas ergon\u00f3micas para facilitar el transporte, rejilla resisten de acero, conectores profesionales de altavoz (compatibles con Neutrik SpeakOn), dimensiones: 465 x 1185 x 482 mm, peso: 47.7 kg.\" \/>\n<meta property=\"og:url\" content=\"https:\/\/www.mexicanguitarplayers.com\/en\/tienda\/sin categor\u00eda\/bafle-behringer-p-pa-mod-b2520-pro\/\" \/>\n<meta property=\"og:site_name\" content=\"Mexican Guitar Players\" \/>\n<meta property=\"article:modified_time\" content=\"2026-05-01T13:24:35+00:00\" \/>\n<meta name=\"twitter:card\" content=\"summary_large_image\" \/>\n<meta name=\"twitter:label1\" content=\"Est. reading time\" \/>\n\t<meta name=\"twitter:data1\" content=\"1 minute\" \/>\n<script type=\"application\/ld+json\" class=\"yoast-schema-graph\">{\"@context\":\"https:\\\/\\\/schema.org\",\"@graph\":[{\"@type\":[\"WebPage\",\"ItemPage\"],\"@id\":\"https:\\\/\\\/www.mexicanguitarplayers.com\\\/tienda\\\/sin categor\u00eda\\\/bafle-behringer-p-pa-mod-b2520-pro\\\/\",\"url\":\"https:\\\/\\\/www.mexicanguitarplayers.com\\\/tienda\\\/sin categor\u00eda\\\/bafle-behringer-p-pa-mod-b2520-pro\\\/\",\"name\":\"BAFLE BEHRINGER P\\\/PA MOD. B2520 PRO - Mexican Guitar Players\",\"isPartOf\":{\"@id\":\"https:\\\/\\\/www.mexicanguitarplayers.com\\\/#website\"},\"primaryImageOfPage\":{\"@id\":\"https:\\\/\\\/www.mexicanguitarplayers.com\\\/tienda\\\/sin categor\u00eda\\\/bafle-behringer-p-pa-mod-b2520-pro\\\/#primaryimage\"},\"image\":{\"@id\":\"https:\\\/\\\/www.mexicanguitarplayers.com\\\/tienda\\\/sin categor\u00eda\\\/bafle-behringer-p-pa-mod-b2520-pro\\\/#primaryimage\"},\"thumbnailUrl\":\"https:\\\/\\\/www.mexicanguitarplayers.com\\\/wp-content\\\/uploads\\\/2025\\\/04\\\/IABEHB2520PRO.jpg\",\"datePublished\":\"2025-04-08T17:38:38+00:00\",\"dateModified\":\"2026-05-01T13:24:35+00:00\",\"description\":\"Bafle pasivo profesional de alto rendimiento con potencia de 2,200 watts y dos drivers de 15\u201d pulgadas, proporciona incre\u00edbles graves y gran potencia ac\u00fastica, driver de diafragma de titanio patentado de 1.75\u201d pulgadas para una reproducci\u00f3n excepcional de alta frecuencia, rango de frecuencia ultra amplio de 50 Hz a 18 kHz (-10 dB), impedancia de 4 ohms, nivel de presi\u00f3n ac\u00fastica extremadamente alto de 99 dB (espacio completo 1W\\\/1m), circuito de protecci\u00f3n contra sobrecargas que garantiza una \u00f3ptima protecci\u00f3n del driver HF, conectores de entrada paralelos que permiten la conexi\u00f3n de altavoces adicionales, asas ergon\u00f3micas para facilitar el transporte, rejilla resisten de acero, conectores profesionales de altavoz (compatibles con Neutrik SpeakOn), dimensiones: 465 x 1185 x 482 mm, peso: 47.7 kg.\",\"breadcrumb\":{\"@id\":\"https:\\\/\\\/www.mexicanguitarplayers.com\\\/tienda\\\/sin categor\u00eda\\\/bafle-behringer-p-pa-mod-b2520-pro\\\/#breadcrumb\"},\"inLanguage\":\"en-US\",\"potentialAction\":[{\"@type\":\"ReadAction\",\"target\":[\"https:\\\/\\\/www.mexicanguitarplayers.com\\\/tienda\\\/sin categor\u00eda\\\/bafle-behringer-p-pa-mod-b2520-pro\\\/\"]}]},{\"@type\":\"ImageObject\",\"inLanguage\":\"en-US\",\"@id\":\"https:\\\/\\\/www.mexicanguitarplayers.com\\\/tienda\\\/sin categor\u00eda\\\/bafle-behringer-p-pa-mod-b2520-pro\\\/#primaryimage\",\"url\":\"https:\\\/\\\/www.mexicanguitarplayers.com\\\/wp-content\\\/uploads\\\/2025\\\/04\\\/IABEHB2520PRO.jpg\",\"contentUrl\":\"https:\\\/\\\/www.mexicanguitarplayers.com\\\/wp-content\\\/uploads\\\/2025\\\/04\\\/IABEHB2520PRO.jpg\",\"width\":800,\"height\":1600},{\"@type\":\"BreadcrumbList\",\"@id\":\"https:\\\/\\\/www.mexicanguitarplayers.com\\\/tienda\\\/sin categor\u00eda\\\/bafle-behringer-p-pa-mod-b2520-pro\\\/#breadcrumb\",\"itemListElement\":[{\"@type\":\"ListItem\",\"position\":1,\"name\":\"Portada\",\"item\":\"https:\\\/\\\/www.mexicanguitarplayers.com\\\/\"},{\"@type\":\"ListItem\",\"position\":2,\"name\":\"Tienda\",\"item\":\"https:\\\/\\\/www.mexicanguitarplayers.com\\\/tienda\\\/\"},{\"@type\":\"ListItem\",\"position\":3,\"name\":\"BAFLE BEHRINGER P\\\/PA MOD. B2520 PRO\"}]},{\"@type\":\"WebSite\",\"@id\":\"https:\\\/\\\/www.mexicanguitarplayers.com\\\/#website\",\"url\":\"https:\\\/\\\/www.mexicanguitarplayers.com\\\/\",\"name\":\"Mexican Guitar Players\",\"description\":\"Website\",\"publisher\":{\"@id\":\"https:\\\/\\\/www.mexicanguitarplayers.com\\\/#organization\"},\"potentialAction\":[{\"@type\":\"SearchAction\",\"target\":{\"@type\":\"EntryPoint\",\"urlTemplate\":\"https:\\\/\\\/www.mexicanguitarplayers.com\\\/?s={search_term_string}\"},\"query-input\":{\"@type\":\"PropertyValueSpecification\",\"valueRequired\":true,\"valueName\":\"search_term_string\"}}],\"inLanguage\":\"en-US\"},{\"@type\":\"Organization\",\"@id\":\"https:\\\/\\\/www.mexicanguitarplayers.com\\\/#organization\",\"name\":\"Mexican Guitar Players\",\"url\":\"https:\\\/\\\/www.mexicanguitarplayers.com\\\/\",\"logo\":{\"@type\":\"ImageObject\",\"inLanguage\":\"en-US\",\"@id\":\"https:\\\/\\\/www.mexicanguitarplayers.com\\\/#\\\/schema\\\/logo\\\/image\\\/\",\"url\":\"\",\"contentUrl\":\"\",\"caption\":\"Mexican Guitar Players\"},\"image\":{\"@id\":\"https:\\\/\\\/www.mexicanguitarplayers.com\\\/#\\\/schema\\\/logo\\\/image\\\/\"}}]}<\/script>\n<!-- \/ Yoast SEO plugin. -->","yoast_head_json":{"title":"BAFLE BEHRINGER P\/PA MOD. B2520 PRO - Mexican Guitar Players","description":"Bafle pasivo profesional de alto rendimiento con potencia de 2,200 watts y dos drivers de 15\u201d pulgadas, proporciona incre\u00edbles graves y gran potencia ac\u00fastica, driver de diafragma de titanio patentado de 1.75\u201d pulgadas para una reproducci\u00f3n excepcional de alta frecuencia, rango de frecuencia ultra amplio de 50 Hz a 18 kHz (-10 dB), impedancia de 4 ohms, nivel de presi\u00f3n ac\u00fastica extremadamente alto de 99 dB (espacio completo 1W\/1m), circuito de protecci\u00f3n contra sobrecargas que garantiza una \u00f3ptima protecci\u00f3n del driver HF, conectores de entrada paralelos que permiten la conexi\u00f3n de altavoces adicionales, asas ergon\u00f3micas para facilitar el transporte, rejilla resisten de acero, conectores profesionales de altavoz (compatibles con Neutrik SpeakOn), dimensiones: 465 x 1185 x 482 mm, peso: 47.7 kg.","robots":{"index":"index","follow":"follow","max-snippet":"max-snippet:-1","max-image-preview":"max-image-preview:large","max-video-preview":"max-video-preview:-1"},"canonical":"https:\/\/www.mexicanguitarplayers.com\/en\/tienda\/sin categor\u00eda\/bafle-behringer-p-pa-mod-b2520-pro\/","og_locale":"en_US","og_type":"article","og_title":"BAFLE BEHRINGER P\/PA MOD. B2520 PRO - Mexican Guitar Players","og_description":"Bafle pasivo profesional de alto rendimiento con potencia de 2,200 watts y dos drivers de 15\u201d pulgadas, proporciona incre\u00edbles graves y gran potencia ac\u00fastica, driver de diafragma de titanio patentado de 1.75\u201d pulgadas para una reproducci\u00f3n excepcional de alta frecuencia, rango de frecuencia ultra amplio de 50 Hz a 18 kHz (-10 dB), impedancia de 4 ohms, nivel de presi\u00f3n ac\u00fastica extremadamente alto de 99 dB (espacio completo 1W\/1m), circuito de protecci\u00f3n contra sobrecargas que garantiza una \u00f3ptima protecci\u00f3n del driver HF, conectores de entrada paralelos que permiten la conexi\u00f3n de altavoces adicionales, asas ergon\u00f3micas para facilitar el transporte, rejilla resisten de acero, conectores profesionales de altavoz (compatibles con Neutrik SpeakOn), dimensiones: 465 x 1185 x 482 mm, peso: 47.7 kg.","og_url":"https:\/\/www.mexicanguitarplayers.com\/en\/tienda\/sin categor\u00eda\/bafle-behringer-p-pa-mod-b2520-pro\/","og_site_name":"Mexican Guitar Players","article_modified_time":"2026-05-01T13:24:35+00:00","twitter_card":"summary_large_image","twitter_misc":{"Est. reading time":"1 minute"},"schema":{"@context":"https:\/\/schema.org","@graph":[{"@type":["WebPage","ItemPage"],"@id":"https:\/\/www.mexicanguitarplayers.com\/tienda\/sin categor\u00eda\/bafle-behringer-p-pa-mod-b2520-pro\/","url":"https:\/\/www.mexicanguitarplayers.com\/tienda\/sin categor\u00eda\/bafle-behringer-p-pa-mod-b2520-pro\/","name":"BAFLE BEHRINGER P\/PA MOD. B2520 PRO - Mexican Guitar Players","isPartOf":{"@id":"https:\/\/www.mexicanguitarplayers.com\/#website"},"primaryImageOfPage":{"@id":"https:\/\/www.mexicanguitarplayers.com\/tienda\/sin categor\u00eda\/bafle-behringer-p-pa-mod-b2520-pro\/#primaryimage"},"image":{"@id":"https:\/\/www.mexicanguitarplayers.com\/tienda\/sin categor\u00eda\/bafle-behringer-p-pa-mod-b2520-pro\/#primaryimage"},"thumbnailUrl":"https:\/\/www.mexicanguitarplayers.com\/wp-content\/uploads\/2025\/04\/IABEHB2520PRO.jpg","datePublished":"2025-04-08T17:38:38+00:00","dateModified":"2026-05-01T13:24:35+00:00","description":"Bafle pasivo profesional de alto rendimiento con potencia de 2,200 watts y dos drivers de 15\u201d pulgadas, proporciona incre\u00edbles graves y gran potencia ac\u00fastica, driver de diafragma de titanio patentado de 1.75\u201d pulgadas para una reproducci\u00f3n excepcional de alta frecuencia, rango de frecuencia ultra amplio de 50 Hz a 18 kHz (-10 dB), impedancia de 4 ohms, nivel de presi\u00f3n ac\u00fastica extremadamente alto de 99 dB (espacio completo 1W\/1m), circuito de protecci\u00f3n contra sobrecargas que garantiza una \u00f3ptima protecci\u00f3n del driver HF, conectores de entrada paralelos que permiten la conexi\u00f3n de altavoces adicionales, asas ergon\u00f3micas para facilitar el transporte, rejilla resisten de acero, conectores profesionales de altavoz (compatibles con Neutrik SpeakOn), dimensiones: 465 x 1185 x 482 mm, peso: 47.7 kg.","breadcrumb":{"@id":"https:\/\/www.mexicanguitarplayers.com\/tienda\/sin categor\u00eda\/bafle-behringer-p-pa-mod-b2520-pro\/#breadcrumb"},"inLanguage":"en-US","potentialAction":[{"@type":"ReadAction","target":["https:\/\/www.mexicanguitarplayers.com\/tienda\/sin categor\u00eda\/bafle-behringer-p-pa-mod-b2520-pro\/"]}]},{"@type":"ImageObject","inLanguage":"en-US","@id":"https:\/\/www.mexicanguitarplayers.com\/tienda\/sin categor\u00eda\/bafle-behringer-p-pa-mod-b2520-pro\/#primaryimage","url":"https:\/\/www.mexicanguitarplayers.com\/wp-content\/uploads\/2025\/04\/IABEHB2520PRO.jpg","contentUrl":"https:\/\/www.mexicanguitarplayers.com\/wp-content\/uploads\/2025\/04\/IABEHB2520PRO.jpg","width":800,"height":1600},{"@type":"BreadcrumbList","@id":"https:\/\/www.mexicanguitarplayers.com\/tienda\/sin categor\u00eda\/bafle-behringer-p-pa-mod-b2520-pro\/#breadcrumb","itemListElement":[{"@type":"ListItem","position":1,"name":"Portada","item":"https:\/\/www.mexicanguitarplayers.com\/"},{"@type":"ListItem","position":2,"name":"Tienda","item":"https:\/\/www.mexicanguitarplayers.com\/tienda\/"},{"@type":"ListItem","position":3,"name":"BAFLE BEHRINGER P\/PA MOD. B2520 PRO"}]},{"@type":"WebSite","@id":"https:\/\/www.mexicanguitarplayers.com\/#website","url":"https:\/\/www.mexicanguitarplayers.com\/","name":"Mexican Guitar Players","description":"Website","publisher":{"@id":"https:\/\/www.mexicanguitarplayers.com\/#organization"},"potentialAction":[{"@type":"SearchAction","target":{"@type":"EntryPoint","urlTemplate":"https:\/\/www.mexicanguitarplayers.com\/?s={search_term_string}"},"query-input":{"@type":"PropertyValueSpecification","valueRequired":true,"valueName":"search_term_string"}}],"inLanguage":"en-US"},{"@type":"Organization","@id":"https:\/\/www.mexicanguitarplayers.com\/#organization","name":"Mexican Guitar Players","url":"https:\/\/www.mexicanguitarplayers.com\/","logo":{"@type":"ImageObject","inLanguage":"en-US","@id":"https:\/\/www.mexicanguitarplayers.com\/#\/schema\/logo\/image\/","url":"","contentUrl":"","caption":"Mexican Guitar Players"},"image":{"@id":"https:\/\/www.mexicanguitarplayers.com\/#\/schema\/logo\/image\/"}}]}},"brands":[{"id":171,"name":"BEHRINGER","slug":"behringer"}],"_links":{"self":[{"href":"https:\/\/www.mexicanguitarplayers.com\/en\/wp-json\/wp\/v2\/product\/31054","targetHints":{"allow":["GET"]}}],"collection":[{"href":"https:\/\/www.mexicanguitarplayers.com\/en\/wp-json\/wp\/v2\/product"}],"about":[{"href":"https:\/\/www.mexicanguitarplayers.com\/en\/wp-json\/wp\/v2\/types\/product"}],"replies":[{"embeddable":true,"href":"https:\/\/www.mexicanguitarplayers.com\/en\/wp-json\/wp\/v2\/comments?post=31054"}],"wp:featuredmedia":[{"embeddable":true,"href":"https:\/\/www.mexicanguitarplayers.com\/en\/wp-json\/wp\/v2\/media\/31050"}],"wp:attachment":[{"href":"https:\/\/www.mexicanguitarplayers.com\/en\/wp-json\/wp\/v2\/media?parent=31054"}],"wp:term":[{"taxonomy":"pwb-brand","embeddable":true,"href":"https:\/\/www.mexicanguitarplayers.com\/en\/wp-json\/wp\/v2\/pwb-brand?post=31054"},{"taxonomy":"product_brand","embeddable":true,"href":"https:\/\/www.mexicanguitarplayers.com\/en\/wp-json\/wp\/v2\/product_brand?post=31054"},{"taxonomy":"product_cat","embeddable":true,"href":"https:\/\/www.mexicanguitarplayers.com\/en\/wp-json\/wp\/v2\/product_cat?post=31054"},{"taxonomy":"product_tag","embeddable":true,"href":"https:\/\/www.mexicanguitarplayers.com\/en\/wp-json\/wp\/v2\/product_tag?post=31054"}],"curies":[{"name":"wp","href":"https:\/\/api.w.org\/{rel}","templated":true}]}}