{"id":31056,"date":"2025-04-08T11:38:40","date_gmt":"2025-04-08T17:38:40","guid":{"rendered":"https:\/\/www.mexicanguitarplayers.com\/tienda\/sin categor\u00eda\/quinto-meinl-11-mod-wkt11nt\/"},"modified":"2026-01-05T22:15:57","modified_gmt":"2026-01-06T04:15:57","slug":"quinto-meinl-11-mod-wkt11nt","status":"publish","type":"product","link":"https:\/\/www.mexicanguitarplayers.com\/en\/tienda\/accesorios\/para-percusion\/parches-para-percusion\/congas-parches-para-percusion\/quinto-meinl-11-mod-wkt11nt\/","title":{"rendered":"QUINTO MEINL 11      MOD. WKT11NT"},"content":{"rendered":"<div style=\"text-align: justify\">\n<div>\n<h3>Conga Artist &#8220;Kachiro&#8221; Thompson.<\/h3>\n<\/div>\n<div>De Santurce, Puerto Rico, William &#8220;Kachiro&#8221; Thompson es uno de los percusionistas de conga m\u00e1s demandados en la actualidad. Como artista prol\u00edfico de grabaci\u00f3n y gira, &#8220;Kachor&#8221; necesita tambores que ofrezcan una amplia variedad de situaciones musicales. En interiores y exteriores, en un lugar \u00edntimo o en un gran estadio, en el estudio o de gira, &#8220;Kachiro&#8221; necesita instrumentos que se sientan bien cuando los toca y que transmitan los matices y la intensidad de su toque, Con m\u00e1s de 500 grabaciones durante su carrera, el sonido y el estilo de &#8220;Kachiro&#8221; se ha convertido en un elemento b\u00e1sico en la m\u00fasica de salsa moderna producida en las capitales del mundo, como San Juan (Puerto Rico), Miami y New York. Las nuevas congas de la serie Artist Series de MEINL son justo lo que necesita &#8220;Kachiro&#8221; en t\u00e9rminos de apariencia y sonido. Con una nueva y elegante forma del tambor hecho con roble de Siam (Hevea brasiliensis Muell.-Arg.) y un parche grueso fabricado con piel de mula, estos tambores acompa\u00f1ar\u00e1n a &#8220;Kachiro&#8221; durante  sus grabaciones y giras, siempre entregando el sonido que \u00e9l necesita. <\/div>\n<div>\n<h4>Quick look<\/h4>\n<\/div>\n<ul style=\"margin: 0px 0px 0px 25px\">\n<li style=\"list-style-type: circle;margin: 5px\">Accessories included.<\/li>\n<\/ul>\n<div>\n<div style=\"font-weight: bold\">Accessories included.<\/div>\n<div>\n<p>Incluye aceite, bolsa de accesorios, llave de afinaci\u00f3n con forma de L, Meinl Conga Saver, Meinl Conga Handle y Soundpads Meinl.<\/p>\n<\/div>\n<\/div>\n<div>\n<h4>Characteristics<\/h4>\n<\/div>\n<div>\n<ul style=\"margin: 0px 0px 0px 25px\">\n<li style=\"list-style-type: circle;margin: 5px\">Quinto serie Artist \u201cKachiro\u201d Thompson.<\/li>\n<li style=\"list-style-type: circle;margin: 5px\">11\u201d pulgadas de di\u00e1metro.<\/li>\n<li style=\"list-style-type: circle;margin: 5px\">Resistentes lugs de afinaci\u00f3n de 10 mm.<\/li>\n<li style=\"list-style-type: circle;margin: 5px\">Aros SSR redondeados de 4 mm.<\/li>\n<li style=\"list-style-type: circle;margin: 5px\">Hardware en tono dorado.<\/li>\n<li style=\"list-style-type: circle;margin: 5px\">Parche de piel de mula seleccionado a mano.<\/li>\n<li style=\"list-style-type: circle;margin: 5px\">Fabricado con tres capas de roble de Siam.<\/li>\n<\/ul>\n<\/div>\n<\/div>","protected":false},"excerpt":{"rendered":"<p>Quinto Meinl, serie Artist \u201dKachiro\u201d Thompson, 11\u201d pulgadas de di\u00e1metro, resistentes lugs de afinaci\u00f3n de 10 mm, aros SSR redondeados de 4 mm, hardware en tonodorado, parche de piel de mula seleccionado a mano, fabricado con tres capas deroble de Siam, incluye aceite, bolsa de accesorios, llave de afinaci\u00f3n con forma de L, Meinl Conga Saver, Meinl Conga Handle y Soundpads Meinl.&hellip; <a class=\"kt-excerpt-readmore more-link\" href=\"https:\/\/www.mexicanguitarplayers.com\/en\/tienda\/accesorios\/para-percusion\/parches-para-percusion\/congas-parches-para-percusion\/quinto-meinl-11-mod-wkt11nt\/\">Read more<\/a><\/p>","protected":false},"featured_media":31055,"comment_status":"open","ping_status":"closed","template":"","meta":{"kt_blocks_editor_width":""},"pwb-brand":[290],"product_brand":[],"product_cat":[438,208,267],"product_tag":[],"class_list":{"0":"post-31056","1":"product","2":"type-product","3":"status-publish","4":"has-post-thumbnail","6":"pwb-brand-meinl","7":"product_cat-congas-parches-para-percusion","8":"product_cat-percusiones","9":"product_cat-percusiones-mayores","10":"product_shipping_class-15-20-kg","12":"first","13":"instock","14":"taxable","15":"shipping-taxable","16":"purchasable","17":"product-type-simple"},"yoast_head":"<!-- This site is optimized with the Yoast SEO plugin v27.3 - https:\/\/yoast.com\/product\/yoast-seo-wordpress\/ -->\n<title>QUINTO MEINL 11   MOD. WKT11NT - Mexican Guitar Players<\/title>\n<meta name=\"description\" content=\"Quinto Meinl, serie Artist \u201dKachiro\u201d Thompson, 11\u201d pulgadas de di\u00e1metro, resistentes lugs de afinaci\u00f3n de 10 mm, aros SSR redondeados de 4 mm, hardware en tonodorado, parche de piel de mula seleccionado a mano, fabricado con tres capas deroble de Siam, incluye aceite, bolsa de accesorios, llave de afinaci\u00f3n con forma de L, Meinl Conga Saver, Meinl Conga Handle y Soundpads Meinl.\" \/>\n<meta name=\"robots\" content=\"index, follow, max-snippet:-1, max-image-preview:large, max-video-preview:-1\" \/>\n<link rel=\"canonical\" href=\"https:\/\/www.mexicanguitarplayers.com\/en\/tienda\/sin%20categor\u00eda\/quinto-meinl-11-mod-wkt11nt\/\" \/>\n<meta property=\"og:locale\" content=\"en_US\" \/>\n<meta property=\"og:type\" content=\"article\" \/>\n<meta property=\"og:title\" content=\"QUINTO MEINL 11   MOD. WKT11NT - Mexican Guitar Players\" \/>\n<meta property=\"og:description\" content=\"Quinto Meinl, serie Artist \u201dKachiro\u201d Thompson, 11\u201d pulgadas de di\u00e1metro, resistentes lugs de afinaci\u00f3n de 10 mm, aros SSR redondeados de 4 mm, hardware en tonodorado, parche de piel de mula seleccionado a mano, fabricado con tres capas deroble de Siam, incluye aceite, bolsa de accesorios, llave de afinaci\u00f3n con forma de L, Meinl Conga Saver, Meinl Conga Handle y Soundpads Meinl.\" \/>\n<meta property=\"og:url\" content=\"https:\/\/www.mexicanguitarplayers.com\/en\/tienda\/sin categor\u00eda\/quinto-meinl-11-mod-wkt11nt\/\" \/>\n<meta property=\"og:site_name\" content=\"Mexican Guitar Players\" \/>\n<meta property=\"article:modified_time\" content=\"2026-01-06T04:15:57+00:00\" \/>\n<meta name=\"twitter:card\" content=\"summary_large_image\" \/>\n<meta name=\"twitter:label1\" content=\"Est. reading time\" \/>\n\t<meta name=\"twitter:data1\" content=\"1 minute\" \/>\n<script type=\"application\/ld+json\" class=\"yoast-schema-graph\">{\"@context\":\"https:\\\/\\\/schema.org\",\"@graph\":[{\"@type\":[\"WebPage\",\"ItemPage\"],\"@id\":\"https:\\\/\\\/www.mexicanguitarplayers.com\\\/tienda\\\/sin categor\u00eda\\\/quinto-meinl-11-mod-wkt11nt\\\/\",\"url\":\"https:\\\/\\\/www.mexicanguitarplayers.com\\\/tienda\\\/sin categor\u00eda\\\/quinto-meinl-11-mod-wkt11nt\\\/\",\"name\":\"QUINTO MEINL 11 MOD. WKT11NT - Mexican Guitar Players\",\"isPartOf\":{\"@id\":\"https:\\\/\\\/www.mexicanguitarplayers.com\\\/#website\"},\"primaryImageOfPage\":{\"@id\":\"https:\\\/\\\/www.mexicanguitarplayers.com\\\/tienda\\\/sin categor\u00eda\\\/quinto-meinl-11-mod-wkt11nt\\\/#primaryimage\"},\"image\":{\"@id\":\"https:\\\/\\\/www.mexicanguitarplayers.com\\\/tienda\\\/sin categor\u00eda\\\/quinto-meinl-11-mod-wkt11nt\\\/#primaryimage\"},\"thumbnailUrl\":\"https:\\\/\\\/www.mexicanguitarplayers.com\\\/wp-content\\\/uploads\\\/2025\\\/04\\\/IPMEIWKT11NT.jpg\",\"datePublished\":\"2025-04-08T17:38:40+00:00\",\"dateModified\":\"2026-01-06T04:15:57+00:00\",\"description\":\"Quinto Meinl, serie Artist \u201dKachiro\u201d Thompson, 11\u201d pulgadas de di\u00e1metro, resistentes lugs de afinaci\u00f3n de 10 mm, aros SSR redondeados de 4 mm, hardware en tonodorado, parche de piel de mula seleccionado a mano, fabricado con tres capas deroble de Siam, incluye aceite, bolsa de accesorios, llave de afinaci\u00f3n con forma de L, Meinl Conga Saver, Meinl Conga Handle y Soundpads Meinl.\",\"breadcrumb\":{\"@id\":\"https:\\\/\\\/www.mexicanguitarplayers.com\\\/tienda\\\/sin categor\u00eda\\\/quinto-meinl-11-mod-wkt11nt\\\/#breadcrumb\"},\"inLanguage\":\"en-US\",\"potentialAction\":[{\"@type\":\"ReadAction\",\"target\":[\"https:\\\/\\\/www.mexicanguitarplayers.com\\\/tienda\\\/sin categor\u00eda\\\/quinto-meinl-11-mod-wkt11nt\\\/\"]}]},{\"@type\":\"ImageObject\",\"inLanguage\":\"en-US\",\"@id\":\"https:\\\/\\\/www.mexicanguitarplayers.com\\\/tienda\\\/sin categor\u00eda\\\/quinto-meinl-11-mod-wkt11nt\\\/#primaryimage\",\"url\":\"https:\\\/\\\/www.mexicanguitarplayers.com\\\/wp-content\\\/uploads\\\/2025\\\/04\\\/IPMEIWKT11NT.jpg\",\"contentUrl\":\"https:\\\/\\\/www.mexicanguitarplayers.com\\\/wp-content\\\/uploads\\\/2025\\\/04\\\/IPMEIWKT11NT.jpg\",\"width\":800,\"height\":1600},{\"@type\":\"BreadcrumbList\",\"@id\":\"https:\\\/\\\/www.mexicanguitarplayers.com\\\/tienda\\\/sin categor\u00eda\\\/quinto-meinl-11-mod-wkt11nt\\\/#breadcrumb\",\"itemListElement\":[{\"@type\":\"ListItem\",\"position\":1,\"name\":\"Portada\",\"item\":\"https:\\\/\\\/www.mexicanguitarplayers.com\\\/\"},{\"@type\":\"ListItem\",\"position\":2,\"name\":\"Tienda\",\"item\":\"https:\\\/\\\/www.mexicanguitarplayers.com\\\/tienda\\\/\"},{\"@type\":\"ListItem\",\"position\":3,\"name\":\"QUINTO MEINL 11 MOD. WKT11NT\"}]},{\"@type\":\"WebSite\",\"@id\":\"https:\\\/\\\/www.mexicanguitarplayers.com\\\/#website\",\"url\":\"https:\\\/\\\/www.mexicanguitarplayers.com\\\/\",\"name\":\"Mexican Guitar Players\",\"description\":\"Website\",\"publisher\":{\"@id\":\"https:\\\/\\\/www.mexicanguitarplayers.com\\\/#organization\"},\"potentialAction\":[{\"@type\":\"SearchAction\",\"target\":{\"@type\":\"EntryPoint\",\"urlTemplate\":\"https:\\\/\\\/www.mexicanguitarplayers.com\\\/?s={search_term_string}\"},\"query-input\":{\"@type\":\"PropertyValueSpecification\",\"valueRequired\":true,\"valueName\":\"search_term_string\"}}],\"inLanguage\":\"en-US\"},{\"@type\":\"Organization\",\"@id\":\"https:\\\/\\\/www.mexicanguitarplayers.com\\\/#organization\",\"name\":\"Mexican Guitar Players\",\"url\":\"https:\\\/\\\/www.mexicanguitarplayers.com\\\/\",\"logo\":{\"@type\":\"ImageObject\",\"inLanguage\":\"en-US\",\"@id\":\"https:\\\/\\\/www.mexicanguitarplayers.com\\\/#\\\/schema\\\/logo\\\/image\\\/\",\"url\":\"\",\"contentUrl\":\"\",\"caption\":\"Mexican Guitar Players\"},\"image\":{\"@id\":\"https:\\\/\\\/www.mexicanguitarplayers.com\\\/#\\\/schema\\\/logo\\\/image\\\/\"}}]}<\/script>\n<!-- \/ Yoast SEO plugin. -->","yoast_head_json":{"title":"QUINTO MEINL 11   MOD. WKT11NT - Mexican Guitar Players","description":"Quinto Meinl, serie Artist \u201dKachiro\u201d Thompson, 11\u201d pulgadas de di\u00e1metro, resistentes lugs de afinaci\u00f3n de 10 mm, aros SSR redondeados de 4 mm, hardware en tonodorado, parche de piel de mula seleccionado a mano, fabricado con tres capas deroble de Siam, incluye aceite, bolsa de accesorios, llave de afinaci\u00f3n con forma de L, Meinl Conga Saver, Meinl Conga Handle y Soundpads Meinl.","robots":{"index":"index","follow":"follow","max-snippet":"max-snippet:-1","max-image-preview":"max-image-preview:large","max-video-preview":"max-video-preview:-1"},"canonical":"https:\/\/www.mexicanguitarplayers.com\/en\/tienda\/sin categor\u00eda\/quinto-meinl-11-mod-wkt11nt\/","og_locale":"en_US","og_type":"article","og_title":"QUINTO MEINL 11   MOD. WKT11NT - Mexican Guitar Players","og_description":"Quinto Meinl, serie Artist \u201dKachiro\u201d Thompson, 11\u201d pulgadas de di\u00e1metro, resistentes lugs de afinaci\u00f3n de 10 mm, aros SSR redondeados de 4 mm, hardware en tonodorado, parche de piel de mula seleccionado a mano, fabricado con tres capas deroble de Siam, incluye aceite, bolsa de accesorios, llave de afinaci\u00f3n con forma de L, Meinl Conga Saver, Meinl Conga Handle y Soundpads Meinl.","og_url":"https:\/\/www.mexicanguitarplayers.com\/en\/tienda\/sin categor\u00eda\/quinto-meinl-11-mod-wkt11nt\/","og_site_name":"Mexican Guitar Players","article_modified_time":"2026-01-06T04:15:57+00:00","twitter_card":"summary_large_image","twitter_misc":{"Est. reading time":"1 minute"},"schema":{"@context":"https:\/\/schema.org","@graph":[{"@type":["WebPage","ItemPage"],"@id":"https:\/\/www.mexicanguitarplayers.com\/tienda\/sin categor\u00eda\/quinto-meinl-11-mod-wkt11nt\/","url":"https:\/\/www.mexicanguitarplayers.com\/tienda\/sin categor\u00eda\/quinto-meinl-11-mod-wkt11nt\/","name":"QUINTO MEINL 11 MOD. WKT11NT - Mexican Guitar Players","isPartOf":{"@id":"https:\/\/www.mexicanguitarplayers.com\/#website"},"primaryImageOfPage":{"@id":"https:\/\/www.mexicanguitarplayers.com\/tienda\/sin categor\u00eda\/quinto-meinl-11-mod-wkt11nt\/#primaryimage"},"image":{"@id":"https:\/\/www.mexicanguitarplayers.com\/tienda\/sin categor\u00eda\/quinto-meinl-11-mod-wkt11nt\/#primaryimage"},"thumbnailUrl":"https:\/\/www.mexicanguitarplayers.com\/wp-content\/uploads\/2025\/04\/IPMEIWKT11NT.jpg","datePublished":"2025-04-08T17:38:40+00:00","dateModified":"2026-01-06T04:15:57+00:00","description":"Quinto Meinl, serie Artist \u201dKachiro\u201d Thompson, 11\u201d pulgadas de di\u00e1metro, resistentes lugs de afinaci\u00f3n de 10 mm, aros SSR redondeados de 4 mm, hardware en tonodorado, parche de piel de mula seleccionado a mano, fabricado con tres capas deroble de Siam, incluye aceite, bolsa de accesorios, llave de afinaci\u00f3n con forma de L, Meinl Conga Saver, Meinl Conga Handle y Soundpads Meinl.","breadcrumb":{"@id":"https:\/\/www.mexicanguitarplayers.com\/tienda\/sin categor\u00eda\/quinto-meinl-11-mod-wkt11nt\/#breadcrumb"},"inLanguage":"en-US","potentialAction":[{"@type":"ReadAction","target":["https:\/\/www.mexicanguitarplayers.com\/tienda\/sin categor\u00eda\/quinto-meinl-11-mod-wkt11nt\/"]}]},{"@type":"ImageObject","inLanguage":"en-US","@id":"https:\/\/www.mexicanguitarplayers.com\/tienda\/sin categor\u00eda\/quinto-meinl-11-mod-wkt11nt\/#primaryimage","url":"https:\/\/www.mexicanguitarplayers.com\/wp-content\/uploads\/2025\/04\/IPMEIWKT11NT.jpg","contentUrl":"https:\/\/www.mexicanguitarplayers.com\/wp-content\/uploads\/2025\/04\/IPMEIWKT11NT.jpg","width":800,"height":1600},{"@type":"BreadcrumbList","@id":"https:\/\/www.mexicanguitarplayers.com\/tienda\/sin categor\u00eda\/quinto-meinl-11-mod-wkt11nt\/#breadcrumb","itemListElement":[{"@type":"ListItem","position":1,"name":"Portada","item":"https:\/\/www.mexicanguitarplayers.com\/"},{"@type":"ListItem","position":2,"name":"Tienda","item":"https:\/\/www.mexicanguitarplayers.com\/tienda\/"},{"@type":"ListItem","position":3,"name":"QUINTO MEINL 11 MOD. WKT11NT"}]},{"@type":"WebSite","@id":"https:\/\/www.mexicanguitarplayers.com\/#website","url":"https:\/\/www.mexicanguitarplayers.com\/","name":"Mexican Guitar Players","description":"Website","publisher":{"@id":"https:\/\/www.mexicanguitarplayers.com\/#organization"},"potentialAction":[{"@type":"SearchAction","target":{"@type":"EntryPoint","urlTemplate":"https:\/\/www.mexicanguitarplayers.com\/?s={search_term_string}"},"query-input":{"@type":"PropertyValueSpecification","valueRequired":true,"valueName":"search_term_string"}}],"inLanguage":"en-US"},{"@type":"Organization","@id":"https:\/\/www.mexicanguitarplayers.com\/#organization","name":"Mexican Guitar Players","url":"https:\/\/www.mexicanguitarplayers.com\/","logo":{"@type":"ImageObject","inLanguage":"en-US","@id":"https:\/\/www.mexicanguitarplayers.com\/#\/schema\/logo\/image\/","url":"","contentUrl":"","caption":"Mexican Guitar Players"},"image":{"@id":"https:\/\/www.mexicanguitarplayers.com\/#\/schema\/logo\/image\/"}}]}},"brands":[{"id":290,"name":"MEINL","slug":"meinl"}],"_links":{"self":[{"href":"https:\/\/www.mexicanguitarplayers.com\/en\/wp-json\/wp\/v2\/product\/31056","targetHints":{"allow":["GET"]}}],"collection":[{"href":"https:\/\/www.mexicanguitarplayers.com\/en\/wp-json\/wp\/v2\/product"}],"about":[{"href":"https:\/\/www.mexicanguitarplayers.com\/en\/wp-json\/wp\/v2\/types\/product"}],"replies":[{"embeddable":true,"href":"https:\/\/www.mexicanguitarplayers.com\/en\/wp-json\/wp\/v2\/comments?post=31056"}],"wp:featuredmedia":[{"embeddable":true,"href":"https:\/\/www.mexicanguitarplayers.com\/en\/wp-json\/wp\/v2\/media\/31055"}],"wp:attachment":[{"href":"https:\/\/www.mexicanguitarplayers.com\/en\/wp-json\/wp\/v2\/media?parent=31056"}],"wp:term":[{"taxonomy":"pwb-brand","embeddable":true,"href":"https:\/\/www.mexicanguitarplayers.com\/en\/wp-json\/wp\/v2\/pwb-brand?post=31056"},{"taxonomy":"product_brand","embeddable":true,"href":"https:\/\/www.mexicanguitarplayers.com\/en\/wp-json\/wp\/v2\/product_brand?post=31056"},{"taxonomy":"product_cat","embeddable":true,"href":"https:\/\/www.mexicanguitarplayers.com\/en\/wp-json\/wp\/v2\/product_cat?post=31056"},{"taxonomy":"product_tag","embeddable":true,"href":"https:\/\/www.mexicanguitarplayers.com\/en\/wp-json\/wp\/v2\/product_tag?post=31056"}],"curies":[{"name":"wp","href":"https:\/\/api.w.org\/{rel}","templated":true}]}}