{"id":31073,"date":"2025-04-08T11:39:04","date_gmt":"2025-04-08T17:39:04","guid":{"rendered":"https:\/\/www.mexicanguitarplayers.com\/tienda\/sin categor\u00eda\/combo-t-c-p-voz-mod-singthing\/"},"modified":"2026-04-10T01:20:47","modified_gmt":"2026-04-10T07:20:47","slug":"combo-t-c-p-voz-mod-singthing","status":"publish","type":"product","link":"https:\/\/www.mexicanguitarplayers.com\/en\/tienda\/audio\/bafles-y-bocinas\/bafles\/combo-t-c-p-voz-mod-singthing\/","title":{"rendered":"COMBO T.C P\/VOZ MOD. SINGTHING"},"content":{"rendered":"<div style=\"text-align: justify\">\n<div>\n<h3>Mejor que b\u00e1sico.<\/h3>\n<\/div>\n<div>SINGTHING tiene todos los efectos vocales que necesitas para crear cualquier sonido que puedas imaginar. Del pop al rock, del country al R&amp;B y m\u00e1s, SINGTHING lo tiene cubierto. \u00a1Harmonize! Agregar armon\u00eda a tu m\u00fasica ahora es m\u00e1s f\u00e1cil. Conecta tu guitarra, teclado o reproductor de m\u00fasica y SINGTHING seleccionar\u00e1 las partes de armon\u00eda correctas autom\u00e1ticamente. Rasgu\u00e9ale. La mayor\u00eda de las pastillas para guitarra ac\u00fastica tienden a sonar cuadradas con un &#8220;quack&#8221; antinatural a tu tono. SINGTHING una vez m\u00e1s al rescate con BodyRez. Le da a tu guitarra ac\u00fastica un tono natural mejorado para que suene fant\u00e1stico. Homemade Jam. Loopear te permite capturar elementos de tu show y luego tocarlos junto con ellos. Es genial tanto para los shows en vivo como para la composici\u00f3n de canciones. Adem\u00e1s, SINGTHING reconoce el tempo de tu primer loop y establece el tiempo del eco autom\u00e1ticamente.<\/div>\n<div>\n<h4>Quick look<\/h4>\n<\/div>\n<ul style=\"margin: 0px 0px 0px 25px\">\n<li style=\"list-style-type: circle;margin: 5px\">Effects.<\/li>\n<li style=\"list-style-type: circle;margin: 5px\">Teclas de control.<\/li>\n<li style=\"list-style-type: circle;margin: 5px\">Construcci\u00f3n.<\/li>\n<li style=\"list-style-type: circle;margin: 5px\">Output connector.<\/li>\n<li style=\"list-style-type: circle;margin: 5px\">Entradas anal\u00f3gicas.<\/li>\n<li style=\"list-style-type: circle;margin: 5px\">Salidas anal\u00f3gicas.<\/li>\n<li style=\"list-style-type: circle;margin: 5px\">Otros.<\/li>\n<li style=\"list-style-type: circle;margin: 5px\">Speaker.<\/li>\n<li style=\"list-style-type: circle;margin: 5px\">Amplifier.<\/li>\n<li style=\"list-style-type: circle;margin: 5px\">Energy.<\/li>\n<li style=\"list-style-type: circle;margin: 5px\">Dimensions.<\/li>\n<li style=\"list-style-type: circle;margin: 5px\">Weight.<\/li>\n<\/ul>\n<div>\n<div style=\"font-weight: bold\">Effects.<\/div>\n<div>\n<p>Harmony, Double, Reverb, SFX Pitch, Delay.<\/p>\n<\/div>\n<div style=\"font-weight: bold\">Teclas de control.<\/div>\n<div>\n<p>Scroll Encoder, botones de men\u00fa Left\/Right, Home, Mix\/Setup, Store, Genre.<\/p>\n<\/div>\n<div style=\"font-weight: bold\">Construcci\u00f3n.<\/div>\n<div>\n<p>Poliestireno de alto impacto y muy baja resonancia.<\/p>\n<\/div>\n<div style=\"font-weight: bold\">Output connector.<\/div>\n<div>\n<p>2 jacks 1\/4&#8243; est\u00e1ndar &#8211; mono\/TS con detecci\u00f3n autom\u00e1tica mono\/est\u00e9reo. Sistema de montaje de soporte de micr\u00f3fono Friction Grip de un click.<\/p>\n<\/div>\n<div style=\"font-weight: bold\">Entradas anal\u00f3gicas.<\/div>\n<div>\n<p>XLR\/TRS combo jack. Entrada de guitarra: 1\/4&#8243;. Entrada de pedal: 1\/4&#8243;. Entrada auxiliar est\u00e9reo: 1\/8&#8243;.<\/p>\n<\/div>\n<div style=\"font-weight: bold\">Salidas anal\u00f3gicas.<\/div>\n<div>\n<p>Salida de mezcla XLR.<\/p>\n<\/div>\n<div style=\"font-weight: bold\">Otros.<\/div>\n<div>\n<p>USB, MIDI, Mic Control (TC HELICON MP-75\/76, Sennheiser E835FX).<\/p>\n<\/div>\n<div style=\"font-weight: bold\">Speaker.<\/div>\n<div>\n<p>Driver ICT coaxial de 2 v\u00edas Tannoy de 6.5&#8243; de rango completo.<\/p>\n<\/div>\n<div style=\"font-weight: bold\">Amplifier.<\/div>\n<div>\n<p>150W Clase D. 150W Smart Power compensaci\u00f3n y cooperaci\u00f3n.<\/p>\n<\/div>\n<div style=\"font-weight: bold\">Energy.<\/div>\n<div>\n<p>Fuente de alimentaci\u00f3n (suministrada) 42.5V, 1.5A.<\/p>\n<\/div>\n<div style=\"font-weight: bold\">Dimensions.<\/div>\n<div>\n<p>210 x 286 x 184 mm.<\/p>\n<\/div>\n<div style=\"font-weight: bold\">Weight.<\/div>\n<div>\n<p>3 kg.<\/p>\n<\/div>\n<\/div>\n<\/div>","protected":false},"excerpt":{"rendered":"<p>Sistema procesador vocal todo en uno con altavoz, micr\u00f3fono y cables, crea r\u00e1pidamente voces de primera calidad con un set de efectos vocales controlador a trav\u00e9s de botones de nivel superior, altavoz integrado de 15&#8217;0W, incluye micr\u00f3fono MP-75 de TC Helicon, cables XLR y AUX as\u00ed como adaptador est\u00e9reo de 1\/8\u201d a 1\/4\u201d, entrada de guitarra, filtrado BodyRez para sonido m\u00e1s natural, entrada de teclado MIDI, looper VLOOP performance con funci\u00f3n autom\u00e1tica de tempo, tono adaptativo, pedal opcional SWITCH-3 o SWITCH-6, compatible con el control remoto del micr\u00f3fono incluido o el MP-76, dimensiones: 210 x 286 x 184 mm, peso: 3 kg.&hellip; <a class=\"kt-excerpt-readmore more-link\" href=\"https:\/\/www.mexicanguitarplayers.com\/en\/tienda\/audio\/bafles-y-bocinas\/bafles\/combo-t-c-p-voz-mod-singthing\/\">Read more<\/a><\/p>","protected":false},"featured_media":31069,"comment_status":"open","ping_status":"closed","template":"","meta":{"kt_blocks_editor_width":""},"pwb-brand":[170],"product_brand":[],"product_cat":[213,222,221],"product_tag":[],"class_list":{"0":"post-31073","1":"product","2":"type-product","3":"status-publish","4":"has-post-thumbnail","6":"pwb-brand-tc-electronic","7":"product_cat-audio","8":"product_cat-bafles","9":"product_cat-bafles-y-bocinas","10":"product_shipping_class-0-5-kg","12":"first","13":"outofstock","14":"taxable","15":"shipping-taxable","16":"purchasable","17":"product-type-simple"},"yoast_head":"<!-- This site is optimized with the Yoast SEO plugin v27.5 - https:\/\/yoast.com\/product\/yoast-seo-wordpress\/ -->\n<title>COMBO T.C P\/VOZ MOD. SINGTHING - Mexican Guitar Players<\/title>\n<meta name=\"description\" content=\"Sistema procesador vocal todo en uno con altavoz, micr\u00f3fono y cables, crea r\u00e1pidamente voces de primera calidad con un set de efectos vocales controlador a trav\u00e9s de botones de nivel superior, altavoz integrado de 15&#039;0W, incluye micr\u00f3fono MP-75 de TC Helicon, cables XLR y AUX as\u00ed como adaptador est\u00e9reo de 1\/8\u201d a 1\/4\u201d, entrada de guitarra, filtrado BodyRez para sonido m\u00e1s natural, entrada de teclado MIDI, looper VLOOP performance con funci\u00f3n autom\u00e1tica de tempo, tono adaptativo, pedal opcional SWITCH-3 o SWITCH-6, compatible con el control remoto del micr\u00f3fono incluido o el MP-76, dimensiones: 210 x 286 x 184 mm, peso: 3 kg.\" \/>\n<meta name=\"robots\" content=\"index, follow, max-snippet:-1, max-image-preview:large, max-video-preview:-1\" \/>\n<link rel=\"canonical\" href=\"https:\/\/www.mexicanguitarplayers.com\/en\/tienda\/sin%20categor\u00eda\/combo-t-c-p-voz-mod-singthing\/\" \/>\n<meta property=\"og:locale\" content=\"en_US\" \/>\n<meta property=\"og:type\" content=\"article\" \/>\n<meta property=\"og:title\" content=\"COMBO T.C P\/VOZ MOD. SINGTHING - Mexican Guitar Players\" \/>\n<meta property=\"og:description\" content=\"Sistema procesador vocal todo en uno con altavoz, micr\u00f3fono y cables, crea r\u00e1pidamente voces de primera calidad con un set de efectos vocales controlador a trav\u00e9s de botones de nivel superior, altavoz integrado de 15&#039;0W, incluye micr\u00f3fono MP-75 de TC Helicon, cables XLR y AUX as\u00ed como adaptador est\u00e9reo de 1\/8\u201d a 1\/4\u201d, entrada de guitarra, filtrado BodyRez para sonido m\u00e1s natural, entrada de teclado MIDI, looper VLOOP performance con funci\u00f3n autom\u00e1tica de tempo, tono adaptativo, pedal opcional SWITCH-3 o SWITCH-6, compatible con el control remoto del micr\u00f3fono incluido o el MP-76, dimensiones: 210 x 286 x 184 mm, peso: 3 kg.\" \/>\n<meta property=\"og:url\" content=\"https:\/\/www.mexicanguitarplayers.com\/en\/tienda\/sin categor\u00eda\/combo-t-c-p-voz-mod-singthing\/\" \/>\n<meta property=\"og:site_name\" content=\"Mexican Guitar Players\" \/>\n<meta property=\"article:modified_time\" content=\"2026-04-10T07:20:47+00:00\" \/>\n<meta name=\"twitter:card\" content=\"summary_large_image\" \/>\n<meta name=\"twitter:label1\" content=\"Est. reading time\" \/>\n\t<meta name=\"twitter:data1\" content=\"2 minutes\" \/>\n<script type=\"application\/ld+json\" class=\"yoast-schema-graph\">{\"@context\":\"https:\\\/\\\/schema.org\",\"@graph\":[{\"@type\":[\"WebPage\",\"ItemPage\"],\"@id\":\"https:\\\/\\\/www.mexicanguitarplayers.com\\\/tienda\\\/sin categor\u00eda\\\/combo-t-c-p-voz-mod-singthing\\\/\",\"url\":\"https:\\\/\\\/www.mexicanguitarplayers.com\\\/tienda\\\/sin categor\u00eda\\\/combo-t-c-p-voz-mod-singthing\\\/\",\"name\":\"COMBO T.C P\\\/VOZ MOD. SINGTHING - Mexican Guitar Players\",\"isPartOf\":{\"@id\":\"https:\\\/\\\/www.mexicanguitarplayers.com\\\/#website\"},\"primaryImageOfPage\":{\"@id\":\"https:\\\/\\\/www.mexicanguitarplayers.com\\\/tienda\\\/sin categor\u00eda\\\/combo-t-c-p-voz-mod-singthing\\\/#primaryimage\"},\"image\":{\"@id\":\"https:\\\/\\\/www.mexicanguitarplayers.com\\\/tienda\\\/sin categor\u00eda\\\/combo-t-c-p-voz-mod-singthing\\\/#primaryimage\"},\"thumbnailUrl\":\"https:\\\/\\\/www.mexicanguitarplayers.com\\\/wp-content\\\/uploads\\\/2025\\\/04\\\/ICTCESINGTHING.jpg\",\"datePublished\":\"2025-04-08T17:39:04+00:00\",\"dateModified\":\"2026-04-10T07:20:47+00:00\",\"description\":\"Sistema procesador vocal todo en uno con altavoz, micr\u00f3fono y cables, crea r\u00e1pidamente voces de primera calidad con un set de efectos vocales controlador a trav\u00e9s de botones de nivel superior, altavoz integrado de 15'0W, incluye micr\u00f3fono MP-75 de TC Helicon, cables XLR y AUX as\u00ed como adaptador est\u00e9reo de 1\\\/8\u201d a 1\\\/4\u201d, entrada de guitarra, filtrado BodyRez para sonido m\u00e1s natural, entrada de teclado MIDI, looper VLOOP performance con funci\u00f3n autom\u00e1tica de tempo, tono adaptativo, pedal opcional SWITCH-3 o SWITCH-6, compatible con el control remoto del micr\u00f3fono incluido o el MP-76, dimensiones: 210 x 286 x 184 mm, peso: 3 kg.\",\"breadcrumb\":{\"@id\":\"https:\\\/\\\/www.mexicanguitarplayers.com\\\/tienda\\\/sin categor\u00eda\\\/combo-t-c-p-voz-mod-singthing\\\/#breadcrumb\"},\"inLanguage\":\"en-US\",\"potentialAction\":[{\"@type\":\"ReadAction\",\"target\":[\"https:\\\/\\\/www.mexicanguitarplayers.com\\\/tienda\\\/sin categor\u00eda\\\/combo-t-c-p-voz-mod-singthing\\\/\"]}]},{\"@type\":\"ImageObject\",\"inLanguage\":\"en-US\",\"@id\":\"https:\\\/\\\/www.mexicanguitarplayers.com\\\/tienda\\\/sin categor\u00eda\\\/combo-t-c-p-voz-mod-singthing\\\/#primaryimage\",\"url\":\"https:\\\/\\\/www.mexicanguitarplayers.com\\\/wp-content\\\/uploads\\\/2025\\\/04\\\/ICTCESINGTHING.jpg\",\"contentUrl\":\"https:\\\/\\\/www.mexicanguitarplayers.com\\\/wp-content\\\/uploads\\\/2025\\\/04\\\/ICTCESINGTHING.jpg\",\"width\":1200,\"height\":1200},{\"@type\":\"BreadcrumbList\",\"@id\":\"https:\\\/\\\/www.mexicanguitarplayers.com\\\/tienda\\\/sin categor\u00eda\\\/combo-t-c-p-voz-mod-singthing\\\/#breadcrumb\",\"itemListElement\":[{\"@type\":\"ListItem\",\"position\":1,\"name\":\"Portada\",\"item\":\"https:\\\/\\\/www.mexicanguitarplayers.com\\\/\"},{\"@type\":\"ListItem\",\"position\":2,\"name\":\"Tienda\",\"item\":\"https:\\\/\\\/www.mexicanguitarplayers.com\\\/tienda\\\/\"},{\"@type\":\"ListItem\",\"position\":3,\"name\":\"COMBO T.C P\\\/VOZ MOD. SINGTHING\"}]},{\"@type\":\"WebSite\",\"@id\":\"https:\\\/\\\/www.mexicanguitarplayers.com\\\/#website\",\"url\":\"https:\\\/\\\/www.mexicanguitarplayers.com\\\/\",\"name\":\"Mexican Guitar Players\",\"description\":\"Website\",\"publisher\":{\"@id\":\"https:\\\/\\\/www.mexicanguitarplayers.com\\\/#organization\"},\"potentialAction\":[{\"@type\":\"SearchAction\",\"target\":{\"@type\":\"EntryPoint\",\"urlTemplate\":\"https:\\\/\\\/www.mexicanguitarplayers.com\\\/?s={search_term_string}\"},\"query-input\":{\"@type\":\"PropertyValueSpecification\",\"valueRequired\":true,\"valueName\":\"search_term_string\"}}],\"inLanguage\":\"en-US\"},{\"@type\":\"Organization\",\"@id\":\"https:\\\/\\\/www.mexicanguitarplayers.com\\\/#organization\",\"name\":\"Mexican Guitar Players\",\"url\":\"https:\\\/\\\/www.mexicanguitarplayers.com\\\/\",\"logo\":{\"@type\":\"ImageObject\",\"inLanguage\":\"en-US\",\"@id\":\"https:\\\/\\\/www.mexicanguitarplayers.com\\\/#\\\/schema\\\/logo\\\/image\\\/\",\"url\":\"\",\"contentUrl\":\"\",\"caption\":\"Mexican Guitar Players\"},\"image\":{\"@id\":\"https:\\\/\\\/www.mexicanguitarplayers.com\\\/#\\\/schema\\\/logo\\\/image\\\/\"}}]}<\/script>\n<!-- \/ Yoast SEO plugin. -->","yoast_head_json":{"title":"COMBO T.C P\/VOZ MOD. SINGTHING - Mexican Guitar Players","description":"Sistema procesador vocal todo en uno con altavoz, micr\u00f3fono y cables, crea r\u00e1pidamente voces de primera calidad con un set de efectos vocales controlador a trav\u00e9s de botones de nivel superior, altavoz integrado de 15'0W, incluye micr\u00f3fono MP-75 de TC Helicon, cables XLR y AUX as\u00ed como adaptador est\u00e9reo de 1\/8\u201d a 1\/4\u201d, entrada de guitarra, filtrado BodyRez para sonido m\u00e1s natural, entrada de teclado MIDI, looper VLOOP performance con funci\u00f3n autom\u00e1tica de tempo, tono adaptativo, pedal opcional SWITCH-3 o SWITCH-6, compatible con el control remoto del micr\u00f3fono incluido o el MP-76, dimensiones: 210 x 286 x 184 mm, peso: 3 kg.","robots":{"index":"index","follow":"follow","max-snippet":"max-snippet:-1","max-image-preview":"max-image-preview:large","max-video-preview":"max-video-preview:-1"},"canonical":"https:\/\/www.mexicanguitarplayers.com\/en\/tienda\/sin categor\u00eda\/combo-t-c-p-voz-mod-singthing\/","og_locale":"en_US","og_type":"article","og_title":"COMBO T.C P\/VOZ MOD. SINGTHING - Mexican Guitar Players","og_description":"Sistema procesador vocal todo en uno con altavoz, micr\u00f3fono y cables, crea r\u00e1pidamente voces de primera calidad con un set de efectos vocales controlador a trav\u00e9s de botones de nivel superior, altavoz integrado de 15'0W, incluye micr\u00f3fono MP-75 de TC Helicon, cables XLR y AUX as\u00ed como adaptador est\u00e9reo de 1\/8\u201d a 1\/4\u201d, entrada de guitarra, filtrado BodyRez para sonido m\u00e1s natural, entrada de teclado MIDI, looper VLOOP performance con funci\u00f3n autom\u00e1tica de tempo, tono adaptativo, pedal opcional SWITCH-3 o SWITCH-6, compatible con el control remoto del micr\u00f3fono incluido o el MP-76, dimensiones: 210 x 286 x 184 mm, peso: 3 kg.","og_url":"https:\/\/www.mexicanguitarplayers.com\/en\/tienda\/sin categor\u00eda\/combo-t-c-p-voz-mod-singthing\/","og_site_name":"Mexican Guitar Players","article_modified_time":"2026-04-10T07:20:47+00:00","twitter_card":"summary_large_image","twitter_misc":{"Est. reading time":"2 minutes"},"schema":{"@context":"https:\/\/schema.org","@graph":[{"@type":["WebPage","ItemPage"],"@id":"https:\/\/www.mexicanguitarplayers.com\/tienda\/sin categor\u00eda\/combo-t-c-p-voz-mod-singthing\/","url":"https:\/\/www.mexicanguitarplayers.com\/tienda\/sin categor\u00eda\/combo-t-c-p-voz-mod-singthing\/","name":"COMBO T.C P\/VOZ MOD. SINGTHING - Mexican Guitar Players","isPartOf":{"@id":"https:\/\/www.mexicanguitarplayers.com\/#website"},"primaryImageOfPage":{"@id":"https:\/\/www.mexicanguitarplayers.com\/tienda\/sin categor\u00eda\/combo-t-c-p-voz-mod-singthing\/#primaryimage"},"image":{"@id":"https:\/\/www.mexicanguitarplayers.com\/tienda\/sin categor\u00eda\/combo-t-c-p-voz-mod-singthing\/#primaryimage"},"thumbnailUrl":"https:\/\/www.mexicanguitarplayers.com\/wp-content\/uploads\/2025\/04\/ICTCESINGTHING.jpg","datePublished":"2025-04-08T17:39:04+00:00","dateModified":"2026-04-10T07:20:47+00:00","description":"Sistema procesador vocal todo en uno con altavoz, micr\u00f3fono y cables, crea r\u00e1pidamente voces de primera calidad con un set de efectos vocales controlador a trav\u00e9s de botones de nivel superior, altavoz integrado de 15'0W, incluye micr\u00f3fono MP-75 de TC Helicon, cables XLR y AUX as\u00ed como adaptador est\u00e9reo de 1\/8\u201d a 1\/4\u201d, entrada de guitarra, filtrado BodyRez para sonido m\u00e1s natural, entrada de teclado MIDI, looper VLOOP performance con funci\u00f3n autom\u00e1tica de tempo, tono adaptativo, pedal opcional SWITCH-3 o SWITCH-6, compatible con el control remoto del micr\u00f3fono incluido o el MP-76, dimensiones: 210 x 286 x 184 mm, peso: 3 kg.","breadcrumb":{"@id":"https:\/\/www.mexicanguitarplayers.com\/tienda\/sin categor\u00eda\/combo-t-c-p-voz-mod-singthing\/#breadcrumb"},"inLanguage":"en-US","potentialAction":[{"@type":"ReadAction","target":["https:\/\/www.mexicanguitarplayers.com\/tienda\/sin categor\u00eda\/combo-t-c-p-voz-mod-singthing\/"]}]},{"@type":"ImageObject","inLanguage":"en-US","@id":"https:\/\/www.mexicanguitarplayers.com\/tienda\/sin categor\u00eda\/combo-t-c-p-voz-mod-singthing\/#primaryimage","url":"https:\/\/www.mexicanguitarplayers.com\/wp-content\/uploads\/2025\/04\/ICTCESINGTHING.jpg","contentUrl":"https:\/\/www.mexicanguitarplayers.com\/wp-content\/uploads\/2025\/04\/ICTCESINGTHING.jpg","width":1200,"height":1200},{"@type":"BreadcrumbList","@id":"https:\/\/www.mexicanguitarplayers.com\/tienda\/sin categor\u00eda\/combo-t-c-p-voz-mod-singthing\/#breadcrumb","itemListElement":[{"@type":"ListItem","position":1,"name":"Portada","item":"https:\/\/www.mexicanguitarplayers.com\/"},{"@type":"ListItem","position":2,"name":"Tienda","item":"https:\/\/www.mexicanguitarplayers.com\/tienda\/"},{"@type":"ListItem","position":3,"name":"COMBO T.C P\/VOZ MOD. SINGTHING"}]},{"@type":"WebSite","@id":"https:\/\/www.mexicanguitarplayers.com\/#website","url":"https:\/\/www.mexicanguitarplayers.com\/","name":"Mexican Guitar Players","description":"Website","publisher":{"@id":"https:\/\/www.mexicanguitarplayers.com\/#organization"},"potentialAction":[{"@type":"SearchAction","target":{"@type":"EntryPoint","urlTemplate":"https:\/\/www.mexicanguitarplayers.com\/?s={search_term_string}"},"query-input":{"@type":"PropertyValueSpecification","valueRequired":true,"valueName":"search_term_string"}}],"inLanguage":"en-US"},{"@type":"Organization","@id":"https:\/\/www.mexicanguitarplayers.com\/#organization","name":"Mexican Guitar Players","url":"https:\/\/www.mexicanguitarplayers.com\/","logo":{"@type":"ImageObject","inLanguage":"en-US","@id":"https:\/\/www.mexicanguitarplayers.com\/#\/schema\/logo\/image\/","url":"","contentUrl":"","caption":"Mexican Guitar Players"},"image":{"@id":"https:\/\/www.mexicanguitarplayers.com\/#\/schema\/logo\/image\/"}}]}},"brands":[{"id":170,"name":"TC-ELECTRONIC","slug":"tc-electronic"}],"_links":{"self":[{"href":"https:\/\/www.mexicanguitarplayers.com\/en\/wp-json\/wp\/v2\/product\/31073","targetHints":{"allow":["GET"]}}],"collection":[{"href":"https:\/\/www.mexicanguitarplayers.com\/en\/wp-json\/wp\/v2\/product"}],"about":[{"href":"https:\/\/www.mexicanguitarplayers.com\/en\/wp-json\/wp\/v2\/types\/product"}],"replies":[{"embeddable":true,"href":"https:\/\/www.mexicanguitarplayers.com\/en\/wp-json\/wp\/v2\/comments?post=31073"}],"wp:featuredmedia":[{"embeddable":true,"href":"https:\/\/www.mexicanguitarplayers.com\/en\/wp-json\/wp\/v2\/media\/31069"}],"wp:attachment":[{"href":"https:\/\/www.mexicanguitarplayers.com\/en\/wp-json\/wp\/v2\/media?parent=31073"}],"wp:term":[{"taxonomy":"pwb-brand","embeddable":true,"href":"https:\/\/www.mexicanguitarplayers.com\/en\/wp-json\/wp\/v2\/pwb-brand?post=31073"},{"taxonomy":"product_brand","embeddable":true,"href":"https:\/\/www.mexicanguitarplayers.com\/en\/wp-json\/wp\/v2\/product_brand?post=31073"},{"taxonomy":"product_cat","embeddable":true,"href":"https:\/\/www.mexicanguitarplayers.com\/en\/wp-json\/wp\/v2\/product_cat?post=31073"},{"taxonomy":"product_tag","embeddable":true,"href":"https:\/\/www.mexicanguitarplayers.com\/en\/wp-json\/wp\/v2\/product_tag?post=31073"}],"curies":[{"name":"wp","href":"https:\/\/api.w.org\/{rel}","templated":true}]}}