{"id":31119,"date":"2025-04-08T11:40:23","date_gmt":"2025-04-08T17:40:23","guid":{"rendered":"https:\/\/www.mexicanguitarplayers.com\/tienda\/sin categor\u00eda\/microfibra-music-nomad-p-limpieza-mod-mn730\/"},"modified":"2026-04-10T04:35:47","modified_gmt":"2026-04-10T10:35:47","slug":"microfibra-music-nomad-p-limpieza-mod-mn730","status":"publish","type":"product","link":"https:\/\/www.mexicanguitarplayers.com\/en\/tienda\/accesorios\/estuches-y-fundas\/para-alientos-estuches-y-fundas\/microfibra-music-nomad-p-limpieza-mod-mn730\/","title":{"rendered":"MICROFIBRA MUSIC NOMAD P\/LIMPIEZA MOD. MN730"},"content":{"rendered":"<div style=\"text-align: justify\">\n<div>\n<h3>Revive tus instrumentos de metal y madera.<\/h3>\n<\/div>\n<div>El pa\u00f1o de pulido de instrumentos de viento de madera y metal de Music Nomad prolonga esa sensaci\u00f3n fresca de la sala de exposici\u00f3n a trav\u00e9s de nuestro dise\u00f1o, calidad y valor superiores. Cuidado perfecto para trompeta, tromb\u00f3n, saxof\u00f3n, flauta, clarinete y otros instrumentos de viento. La microfibra es un material revolucionario que contiene 90,000 microfibras de limpieza por pulgada cuadrada. La construcci\u00f3n s\u00faper suave y sin pelusas de nuestro pa\u00f1o tiene un borde sin dobladillo para evitar rayar tu preciado instrumento. Los productos Music Nomad son utilizados en todo el mundo por m\u00fasicos, talleres de reparaci\u00f3n, coleccionistas y fabricantes de instrumentos. Este pa\u00f1o cuenta con una medida de 12&#8243; x 12&#8243; pulgadas.<\/div>\n<div>\n<h4>Characteristics<\/h4>\n<\/div>\n<div>\n<ul style=\"margin: 0px 0px 0px 25px\">\n<li style=\"list-style-type: circle;margin: 5px\">Microfibra de gamuza premium sin tratar.<\/li>\n<li style=\"list-style-type: circle;margin: 5px\">Para instrumentos de viento de madera y metal.<\/li>\n<li style=\"list-style-type: circle;margin: 5px\">Ideal para limpieza y pulido.<\/li>\n<li style=\"list-style-type: circle;margin: 5px\">Seguro para cualquier superficie.<\/li>\n<li style=\"list-style-type: circle;margin: 5px\">Sin puntadas y sin pelusa.<\/li>\n<li style=\"list-style-type: circle;margin: 5px\">90,000 microfibras de limpieza por pulgada cuadrada.<\/li>\n<\/ul>\n<\/div>\n<\/div>","protected":false},"excerpt":{"rendered":"<p>Microfibra de gamuza premium sin tratar, para instrumentos de viento de madera y metal, ideal para limpieza y pulido, es seguro para cualquier superficie, sin puntadas y sin pelusa, 90,000 microfibras de limpieza por pulgada cuadrada.&hellip; <a class=\"kt-excerpt-readmore more-link\" href=\"https:\/\/www.mexicanguitarplayers.com\/en\/tienda\/accesorios\/estuches-y-fundas\/para-alientos-estuches-y-fundas\/microfibra-music-nomad-p-limpieza-mod-mn730\/\">Read more<\/a><\/p>","protected":false},"featured_media":31117,"comment_status":"open","ping_status":"closed","template":"","meta":{"kt_blocks_editor_width":""},"pwb-brand":[622],"product_brand":[],"product_cat":[85,421,607],"product_tag":[],"class_list":{"0":"post-31119","1":"product","2":"type-product","3":"status-publish","4":"has-post-thumbnail","6":"pwb-brand-music-nomad","7":"product_cat-accesorios","8":"product_cat-cuidado-y-proteccion","9":"product_cat-para-alientos-estuches-y-fundas","10":"product_shipping_class-0-5-kg","12":"first","13":"outofstock","14":"taxable","15":"shipping-taxable","16":"purchasable","17":"product-type-simple"},"yoast_head":"<!-- This site is optimized with the Yoast SEO plugin v27.5 - https:\/\/yoast.com\/product\/yoast-seo-wordpress\/ -->\n<title>MICROFIBRA MUSIC NOMAD P\/LIMPIEZA MOD. MN730 - Mexican Guitar Players<\/title>\n<meta name=\"description\" content=\"Microfibra de gamuza premium sin tratar, para instrumentos de viento de madera y metal, ideal para limpieza y pulido, es seguro para cualquier superficie, sin puntadas y sin pelusa, 90,000 microfibras de limpieza por pulgada cuadrada.\" \/>\n<meta name=\"robots\" content=\"index, follow, max-snippet:-1, max-image-preview:large, max-video-preview:-1\" \/>\n<link rel=\"canonical\" href=\"https:\/\/www.mexicanguitarplayers.com\/en\/tienda\/sin%20categor\u00eda\/microfibra-music-nomad-p-limpieza-mod-mn730\/\" \/>\n<meta property=\"og:locale\" content=\"en_US\" \/>\n<meta property=\"og:type\" content=\"article\" \/>\n<meta property=\"og:title\" content=\"MICROFIBRA MUSIC NOMAD P\/LIMPIEZA MOD. MN730 - Mexican Guitar Players\" \/>\n<meta property=\"og:description\" content=\"Microfibra de gamuza premium sin tratar, para instrumentos de viento de madera y metal, ideal para limpieza y pulido, es seguro para cualquier superficie, sin puntadas y sin pelusa, 90,000 microfibras de limpieza por pulgada cuadrada.\" \/>\n<meta property=\"og:url\" content=\"https:\/\/www.mexicanguitarplayers.com\/en\/tienda\/sin categor\u00eda\/microfibra-music-nomad-p-limpieza-mod-mn730\/\" \/>\n<meta property=\"og:site_name\" content=\"Mexican Guitar Players\" \/>\n<meta property=\"article:modified_time\" content=\"2026-04-10T10:35:47+00:00\" \/>\n<meta name=\"twitter:card\" content=\"summary_large_image\" \/>\n<meta name=\"twitter:label1\" content=\"Est. reading time\" \/>\n\t<meta name=\"twitter:data1\" content=\"1 minute\" \/>\n<script type=\"application\/ld+json\" class=\"yoast-schema-graph\">{\"@context\":\"https:\\\/\\\/schema.org\",\"@graph\":[{\"@type\":[\"WebPage\",\"ItemPage\"],\"@id\":\"https:\\\/\\\/www.mexicanguitarplayers.com\\\/tienda\\\/sin categor\u00eda\\\/microfibra-music-nomad-p-limpieza-mod-mn730\\\/\",\"url\":\"https:\\\/\\\/www.mexicanguitarplayers.com\\\/tienda\\\/sin categor\u00eda\\\/microfibra-music-nomad-p-limpieza-mod-mn730\\\/\",\"name\":\"MICROFIBRA MUSIC NOMAD P\\\/LIMPIEZA MOD. MN730 - Mexican Guitar Players\",\"isPartOf\":{\"@id\":\"https:\\\/\\\/www.mexicanguitarplayers.com\\\/#website\"},\"primaryImageOfPage\":{\"@id\":\"https:\\\/\\\/www.mexicanguitarplayers.com\\\/tienda\\\/sin categor\u00eda\\\/microfibra-music-nomad-p-limpieza-mod-mn730\\\/#primaryimage\"},\"image\":{\"@id\":\"https:\\\/\\\/www.mexicanguitarplayers.com\\\/tienda\\\/sin categor\u00eda\\\/microfibra-music-nomad-p-limpieza-mod-mn730\\\/#primaryimage\"},\"thumbnailUrl\":\"https:\\\/\\\/www.mexicanguitarplayers.com\\\/wp-content\\\/uploads\\\/2025\\\/04\\\/RAMNDMN730.jpg\",\"datePublished\":\"2025-04-08T17:40:23+00:00\",\"dateModified\":\"2026-04-10T10:35:47+00:00\",\"description\":\"Microfibra de gamuza premium sin tratar, para instrumentos de viento de madera y metal, ideal para limpieza y pulido, es seguro para cualquier superficie, sin puntadas y sin pelusa, 90,000 microfibras de limpieza por pulgada cuadrada.\",\"breadcrumb\":{\"@id\":\"https:\\\/\\\/www.mexicanguitarplayers.com\\\/tienda\\\/sin categor\u00eda\\\/microfibra-music-nomad-p-limpieza-mod-mn730\\\/#breadcrumb\"},\"inLanguage\":\"en-US\",\"potentialAction\":[{\"@type\":\"ReadAction\",\"target\":[\"https:\\\/\\\/www.mexicanguitarplayers.com\\\/tienda\\\/sin categor\u00eda\\\/microfibra-music-nomad-p-limpieza-mod-mn730\\\/\"]}]},{\"@type\":\"ImageObject\",\"inLanguage\":\"en-US\",\"@id\":\"https:\\\/\\\/www.mexicanguitarplayers.com\\\/tienda\\\/sin categor\u00eda\\\/microfibra-music-nomad-p-limpieza-mod-mn730\\\/#primaryimage\",\"url\":\"https:\\\/\\\/www.mexicanguitarplayers.com\\\/wp-content\\\/uploads\\\/2025\\\/04\\\/RAMNDMN730.jpg\",\"contentUrl\":\"https:\\\/\\\/www.mexicanguitarplayers.com\\\/wp-content\\\/uploads\\\/2025\\\/04\\\/RAMNDMN730.jpg\",\"width\":1200,\"height\":1200},{\"@type\":\"BreadcrumbList\",\"@id\":\"https:\\\/\\\/www.mexicanguitarplayers.com\\\/tienda\\\/sin categor\u00eda\\\/microfibra-music-nomad-p-limpieza-mod-mn730\\\/#breadcrumb\",\"itemListElement\":[{\"@type\":\"ListItem\",\"position\":1,\"name\":\"Portada\",\"item\":\"https:\\\/\\\/www.mexicanguitarplayers.com\\\/\"},{\"@type\":\"ListItem\",\"position\":2,\"name\":\"Tienda\",\"item\":\"https:\\\/\\\/www.mexicanguitarplayers.com\\\/tienda\\\/\"},{\"@type\":\"ListItem\",\"position\":3,\"name\":\"MICROFIBRA MUSIC NOMAD P\\\/LIMPIEZA MOD. MN730\"}]},{\"@type\":\"WebSite\",\"@id\":\"https:\\\/\\\/www.mexicanguitarplayers.com\\\/#website\",\"url\":\"https:\\\/\\\/www.mexicanguitarplayers.com\\\/\",\"name\":\"Mexican Guitar Players\",\"description\":\"Website\",\"publisher\":{\"@id\":\"https:\\\/\\\/www.mexicanguitarplayers.com\\\/#organization\"},\"potentialAction\":[{\"@type\":\"SearchAction\",\"target\":{\"@type\":\"EntryPoint\",\"urlTemplate\":\"https:\\\/\\\/www.mexicanguitarplayers.com\\\/?s={search_term_string}\"},\"query-input\":{\"@type\":\"PropertyValueSpecification\",\"valueRequired\":true,\"valueName\":\"search_term_string\"}}],\"inLanguage\":\"en-US\"},{\"@type\":\"Organization\",\"@id\":\"https:\\\/\\\/www.mexicanguitarplayers.com\\\/#organization\",\"name\":\"Mexican Guitar Players\",\"url\":\"https:\\\/\\\/www.mexicanguitarplayers.com\\\/\",\"logo\":{\"@type\":\"ImageObject\",\"inLanguage\":\"en-US\",\"@id\":\"https:\\\/\\\/www.mexicanguitarplayers.com\\\/#\\\/schema\\\/logo\\\/image\\\/\",\"url\":\"\",\"contentUrl\":\"\",\"caption\":\"Mexican Guitar Players\"},\"image\":{\"@id\":\"https:\\\/\\\/www.mexicanguitarplayers.com\\\/#\\\/schema\\\/logo\\\/image\\\/\"}}]}<\/script>\n<!-- \/ Yoast SEO plugin. -->","yoast_head_json":{"title":"MICROFIBRA MUSIC NOMAD P\/LIMPIEZA MOD. MN730 - Mexican Guitar Players","description":"Microfibra de gamuza premium sin tratar, para instrumentos de viento de madera y metal, ideal para limpieza y pulido, es seguro para cualquier superficie, sin puntadas y sin pelusa, 90,000 microfibras de limpieza por pulgada cuadrada.","robots":{"index":"index","follow":"follow","max-snippet":"max-snippet:-1","max-image-preview":"max-image-preview:large","max-video-preview":"max-video-preview:-1"},"canonical":"https:\/\/www.mexicanguitarplayers.com\/en\/tienda\/sin categor\u00eda\/microfibra-music-nomad-p-limpieza-mod-mn730\/","og_locale":"en_US","og_type":"article","og_title":"MICROFIBRA MUSIC NOMAD P\/LIMPIEZA MOD. MN730 - Mexican Guitar Players","og_description":"Microfibra de gamuza premium sin tratar, para instrumentos de viento de madera y metal, ideal para limpieza y pulido, es seguro para cualquier superficie, sin puntadas y sin pelusa, 90,000 microfibras de limpieza por pulgada cuadrada.","og_url":"https:\/\/www.mexicanguitarplayers.com\/en\/tienda\/sin categor\u00eda\/microfibra-music-nomad-p-limpieza-mod-mn730\/","og_site_name":"Mexican Guitar Players","article_modified_time":"2026-04-10T10:35:47+00:00","twitter_card":"summary_large_image","twitter_misc":{"Est. reading time":"1 minute"},"schema":{"@context":"https:\/\/schema.org","@graph":[{"@type":["WebPage","ItemPage"],"@id":"https:\/\/www.mexicanguitarplayers.com\/tienda\/sin categor\u00eda\/microfibra-music-nomad-p-limpieza-mod-mn730\/","url":"https:\/\/www.mexicanguitarplayers.com\/tienda\/sin categor\u00eda\/microfibra-music-nomad-p-limpieza-mod-mn730\/","name":"MICROFIBRA MUSIC NOMAD P\/LIMPIEZA MOD. MN730 - Mexican Guitar Players","isPartOf":{"@id":"https:\/\/www.mexicanguitarplayers.com\/#website"},"primaryImageOfPage":{"@id":"https:\/\/www.mexicanguitarplayers.com\/tienda\/sin categor\u00eda\/microfibra-music-nomad-p-limpieza-mod-mn730\/#primaryimage"},"image":{"@id":"https:\/\/www.mexicanguitarplayers.com\/tienda\/sin categor\u00eda\/microfibra-music-nomad-p-limpieza-mod-mn730\/#primaryimage"},"thumbnailUrl":"https:\/\/www.mexicanguitarplayers.com\/wp-content\/uploads\/2025\/04\/RAMNDMN730.jpg","datePublished":"2025-04-08T17:40:23+00:00","dateModified":"2026-04-10T10:35:47+00:00","description":"Microfibra de gamuza premium sin tratar, para instrumentos de viento de madera y metal, ideal para limpieza y pulido, es seguro para cualquier superficie, sin puntadas y sin pelusa, 90,000 microfibras de limpieza por pulgada cuadrada.","breadcrumb":{"@id":"https:\/\/www.mexicanguitarplayers.com\/tienda\/sin categor\u00eda\/microfibra-music-nomad-p-limpieza-mod-mn730\/#breadcrumb"},"inLanguage":"en-US","potentialAction":[{"@type":"ReadAction","target":["https:\/\/www.mexicanguitarplayers.com\/tienda\/sin categor\u00eda\/microfibra-music-nomad-p-limpieza-mod-mn730\/"]}]},{"@type":"ImageObject","inLanguage":"en-US","@id":"https:\/\/www.mexicanguitarplayers.com\/tienda\/sin categor\u00eda\/microfibra-music-nomad-p-limpieza-mod-mn730\/#primaryimage","url":"https:\/\/www.mexicanguitarplayers.com\/wp-content\/uploads\/2025\/04\/RAMNDMN730.jpg","contentUrl":"https:\/\/www.mexicanguitarplayers.com\/wp-content\/uploads\/2025\/04\/RAMNDMN730.jpg","width":1200,"height":1200},{"@type":"BreadcrumbList","@id":"https:\/\/www.mexicanguitarplayers.com\/tienda\/sin categor\u00eda\/microfibra-music-nomad-p-limpieza-mod-mn730\/#breadcrumb","itemListElement":[{"@type":"ListItem","position":1,"name":"Portada","item":"https:\/\/www.mexicanguitarplayers.com\/"},{"@type":"ListItem","position":2,"name":"Tienda","item":"https:\/\/www.mexicanguitarplayers.com\/tienda\/"},{"@type":"ListItem","position":3,"name":"MICROFIBRA MUSIC NOMAD P\/LIMPIEZA MOD. MN730"}]},{"@type":"WebSite","@id":"https:\/\/www.mexicanguitarplayers.com\/#website","url":"https:\/\/www.mexicanguitarplayers.com\/","name":"Mexican Guitar Players","description":"Website","publisher":{"@id":"https:\/\/www.mexicanguitarplayers.com\/#organization"},"potentialAction":[{"@type":"SearchAction","target":{"@type":"EntryPoint","urlTemplate":"https:\/\/www.mexicanguitarplayers.com\/?s={search_term_string}"},"query-input":{"@type":"PropertyValueSpecification","valueRequired":true,"valueName":"search_term_string"}}],"inLanguage":"en-US"},{"@type":"Organization","@id":"https:\/\/www.mexicanguitarplayers.com\/#organization","name":"Mexican Guitar Players","url":"https:\/\/www.mexicanguitarplayers.com\/","logo":{"@type":"ImageObject","inLanguage":"en-US","@id":"https:\/\/www.mexicanguitarplayers.com\/#\/schema\/logo\/image\/","url":"","contentUrl":"","caption":"Mexican Guitar Players"},"image":{"@id":"https:\/\/www.mexicanguitarplayers.com\/#\/schema\/logo\/image\/"}}]}},"brands":[{"id":622,"name":"MUSIC NOMAD","slug":"music-nomad"}],"_links":{"self":[{"href":"https:\/\/www.mexicanguitarplayers.com\/en\/wp-json\/wp\/v2\/product\/31119","targetHints":{"allow":["GET"]}}],"collection":[{"href":"https:\/\/www.mexicanguitarplayers.com\/en\/wp-json\/wp\/v2\/product"}],"about":[{"href":"https:\/\/www.mexicanguitarplayers.com\/en\/wp-json\/wp\/v2\/types\/product"}],"replies":[{"embeddable":true,"href":"https:\/\/www.mexicanguitarplayers.com\/en\/wp-json\/wp\/v2\/comments?post=31119"}],"wp:featuredmedia":[{"embeddable":true,"href":"https:\/\/www.mexicanguitarplayers.com\/en\/wp-json\/wp\/v2\/media\/31117"}],"wp:attachment":[{"href":"https:\/\/www.mexicanguitarplayers.com\/en\/wp-json\/wp\/v2\/media?parent=31119"}],"wp:term":[{"taxonomy":"pwb-brand","embeddable":true,"href":"https:\/\/www.mexicanguitarplayers.com\/en\/wp-json\/wp\/v2\/pwb-brand?post=31119"},{"taxonomy":"product_brand","embeddable":true,"href":"https:\/\/www.mexicanguitarplayers.com\/en\/wp-json\/wp\/v2\/product_brand?post=31119"},{"taxonomy":"product_cat","embeddable":true,"href":"https:\/\/www.mexicanguitarplayers.com\/en\/wp-json\/wp\/v2\/product_cat?post=31119"},{"taxonomy":"product_tag","embeddable":true,"href":"https:\/\/www.mexicanguitarplayers.com\/en\/wp-json\/wp\/v2\/product_tag?post=31119"}],"curies":[{"name":"wp","href":"https:\/\/api.w.org\/{rel}","templated":true}]}}