{"id":31148,"date":"2025-04-08T11:41:18","date_gmt":"2025-04-08T17:41:18","guid":{"rendered":"https:\/\/www.mexicanguitarplayers.com\/tienda\/sin categor\u00eda\/combo-fishman-p-guitarra-loudbox-artist-2\/"},"modified":"2026-04-10T04:35:43","modified_gmt":"2026-04-10T10:35:43","slug":"combo-fishman-p-guitarra-loudbox-artist-2","status":"publish","type":"product","link":"https:\/\/www.mexicanguitarplayers.com\/en\/tienda\/cuerdas\/combos\/combos-para-guitarra\/combo-fishman-p-guitarra-loudbox-artist-2\/","title":{"rendered":"COMBO FISHMAN P\/GUITARRA  LOUDBOX ARTIST"},"content":{"rendered":"<div style=\"text-align: justify\">\n<div>\n<h3>El sonido ac\u00fastico que esperabas.<\/h3>\n<\/div>\n<div>El combo Loudbox Artist empaqueta 120 watts de potencia bi-amplificada ac\u00fastica ultra limpia  y encontramos que tiene un incre\u00edble peso ligero y es un paquete muy port\u00e1til.  El combo Loudbox Artist cuenta con dos vers\u00e1tiles canales, cada uno de los cuales puede aceptar un instrumento o micr\u00f3fono. El sonido legendario de Fishman y sus controles para evitar la retroalimentaci\u00f3n adem\u00e1s de una secci\u00f3n de efectos, hacen del Loudbox Artist una gran opci\u00f3n para el m\u00fasico activo serio. <\/div>\n<div>\n<h4>Quick look<\/h4>\n<\/div>\n<ul style=\"margin: 0px 0px 0px 25px\">\n<li style=\"list-style-type: circle;margin: 5px\">Power.<\/li>\n<li style=\"list-style-type: circle;margin: 5px\">Drivers.<\/li>\n<li style=\"list-style-type: circle;margin: 5px\">SPL.<\/li>\n<li style=\"list-style-type: circle;margin: 5px\">Inclinaci\u00f3n.<\/li>\n<li style=\"list-style-type: circle;margin: 5px\">Dimensions.<\/li>\n<li style=\"list-style-type: circle;margin: 5px\">Weight.<\/li>\n<li style=\"list-style-type: circle;margin: 5px\">DI output.<\/li>\n<\/ul>\n<div>\n<div style=\"font-weight: bold\">Power.<\/div>\n<div>\n<p>120 watts, biamplificado.<\/p>\n<\/div>\n<div style=\"font-weight: bold\">Drivers.<\/div>\n<div>\n<p>Woofer de 8\u201d y tweeter domo suave de 1\u201d.<\/p>\n<\/div>\n<div style=\"font-weight: bold\">SPL.<\/div>\n<div>\n<p>113 dB.<\/p>\n<\/div>\n<div style=\"font-weight: bold\">Inclinaci\u00f3n.<\/div>\n<div>\n<p>Inclinaci\u00f3n incorporada de 10\u00b0.<\/p>\n<\/div>\n<div style=\"font-weight: bold\">Dimensions.<\/div>\n<div>\n<p>343 x 394 x 292 mm.<\/p>\n<\/div>\n<div style=\"font-weight: bold\">Weight.<\/div>\n<div>\n<p>11.6 kg.<\/p>\n<\/div>\n<div style=\"font-weight: bold\">DI output.<\/div>\n<div>\n<p>Salidas XLR balanceadas en cada canal de entrada y mezcla auxiliar.<\/p>\n<\/div>\n<\/div>\n<\/div>","protected":false},"excerpt":{"rendered":"<p>Combo para guitarra electro-ac\u00fastica o cl\u00e1sica, 2 entradas de instrumento\/micr\u00f3fono que aceptan fuentes 1\/4\u201d o XLR, cada canal cuenta con un ecualizador de 3 bandas y controles de retroalimentaci\u00f3n, entrada auxiliar est\u00e9reo con control de nivel y conectores de 1\/4\u201d o 1\/8\u201d, inclinaci\u00f3n de 10\u00b0, secci\u00f3n digital dual de efectos con canal independiente y nivel de efecto, Reverb, Chorus, Flanger, Delay, Echo y Slap Echo, canal Mute para silenciar ambos canales, salida de aud\u00edfonos, entrada footswitch para muteo remoto de los canales de entrada o efectos Chorus, Flanger y Slap Echo.&hellip; <a class=\"kt-excerpt-readmore more-link\" href=\"https:\/\/www.mexicanguitarplayers.com\/en\/tienda\/cuerdas\/combos\/combos-para-guitarra\/combo-fishman-p-guitarra-loudbox-artist-2\/\">Read more<\/a><\/p>","protected":false},"featured_media":31144,"comment_status":"open","ping_status":"closed","template":"","meta":{"kt_blocks_editor_width":""},"pwb-brand":[248],"product_brand":[],"product_cat":[236,237,224],"product_tag":[],"class_list":{"0":"post-31148","1":"product","2":"type-product","3":"status-publish","4":"has-post-thumbnail","6":"pwb-brand-fishman","7":"product_cat-combos","8":"product_cat-combos-para-guitarra","9":"product_cat-cuerdas","10":"product_shipping_class-10-15-kg","12":"first","13":"outofstock","14":"taxable","15":"shipping-taxable","16":"purchasable","17":"product-type-simple"},"yoast_head":"<!-- This site is optimized with the Yoast SEO plugin v27.6 - https:\/\/yoast.com\/product\/yoast-seo-wordpress\/ -->\n<title>COMBO FISHMAN P\/GUITARRA LOUDBOX ARTIST - Mexican Guitar Players<\/title>\n<meta name=\"description\" content=\"Combo para guitarra electro-ac\u00fastica o cl\u00e1sica, 2 entradas de instrumento\/micr\u00f3fono que aceptan fuentes 1\/4\u201d o XLR, cada canal cuenta con un ecualizador de 3 bandas y controles de retroalimentaci\u00f3n, entrada auxiliar est\u00e9reo con control de nivel y conectores de 1\/4\u201d o 1\/8\u201d, inclinaci\u00f3n de 10\u00b0, secci\u00f3n digital dual de efectos con canal independiente y nivel de efecto, Reverb, Chorus, Flanger, Delay, Echo y Slap Echo, canal Mute para silenciar ambos canales, salida de aud\u00edfonos, entrada footswitch para muteo remoto de los canales de entrada o efectos Chorus, Flanger y Slap Echo.\" \/>\n<meta name=\"robots\" content=\"index, follow, max-snippet:-1, max-image-preview:large, max-video-preview:-1\" \/>\n<link rel=\"canonical\" href=\"https:\/\/www.mexicanguitarplayers.com\/en\/tienda\/sin%20categor\u00eda\/combo-fishman-p-guitarra-loudbox-artist-2\/\" \/>\n<meta property=\"og:locale\" content=\"en_US\" \/>\n<meta property=\"og:type\" content=\"article\" \/>\n<meta property=\"og:title\" content=\"COMBO FISHMAN P\/GUITARRA LOUDBOX ARTIST - Mexican Guitar Players\" \/>\n<meta property=\"og:description\" content=\"Combo para guitarra electro-ac\u00fastica o cl\u00e1sica, 2 entradas de instrumento\/micr\u00f3fono que aceptan fuentes 1\/4\u201d o XLR, cada canal cuenta con un ecualizador de 3 bandas y controles de retroalimentaci\u00f3n, entrada auxiliar est\u00e9reo con control de nivel y conectores de 1\/4\u201d o 1\/8\u201d, inclinaci\u00f3n de 10\u00b0, secci\u00f3n digital dual de efectos con canal independiente y nivel de efecto, Reverb, Chorus, Flanger, Delay, Echo y Slap Echo, canal Mute para silenciar ambos canales, salida de aud\u00edfonos, entrada footswitch para muteo remoto de los canales de entrada o efectos Chorus, Flanger y Slap Echo.\" \/>\n<meta property=\"og:url\" content=\"https:\/\/www.mexicanguitarplayers.com\/en\/tienda\/sin categor\u00eda\/combo-fishman-p-guitarra-loudbox-artist-2\/\" \/>\n<meta property=\"og:site_name\" content=\"Mexican Guitar Players\" \/>\n<meta property=\"article:modified_time\" content=\"2026-04-10T10:35:43+00:00\" \/>\n<meta name=\"twitter:card\" content=\"summary_large_image\" \/>\n<meta name=\"twitter:label1\" content=\"Est. reading time\" \/>\n\t<meta name=\"twitter:data1\" content=\"1 minute\" \/>\n<script type=\"application\/ld+json\" class=\"yoast-schema-graph\">{\"@context\":\"https:\\\/\\\/schema.org\",\"@graph\":[{\"@type\":[\"WebPage\",\"ItemPage\"],\"@id\":\"https:\\\/\\\/www.mexicanguitarplayers.com\\\/tienda\\\/sin categor\u00eda\\\/combo-fishman-p-guitarra-loudbox-artist-2\\\/\",\"url\":\"https:\\\/\\\/www.mexicanguitarplayers.com\\\/tienda\\\/sin categor\u00eda\\\/combo-fishman-p-guitarra-loudbox-artist-2\\\/\",\"name\":\"COMBO FISHMAN P\\\/GUITARRA LOUDBOX ARTIST - Mexican Guitar Players\",\"isPartOf\":{\"@id\":\"https:\\\/\\\/www.mexicanguitarplayers.com\\\/#website\"},\"primaryImageOfPage\":{\"@id\":\"https:\\\/\\\/www.mexicanguitarplayers.com\\\/tienda\\\/sin categor\u00eda\\\/combo-fishman-p-guitarra-loudbox-artist-2\\\/#primaryimage\"},\"image\":{\"@id\":\"https:\\\/\\\/www.mexicanguitarplayers.com\\\/tienda\\\/sin categor\u00eda\\\/combo-fishman-p-guitarra-loudbox-artist-2\\\/#primaryimage\"},\"thumbnailUrl\":\"https:\\\/\\\/www.mexicanguitarplayers.com\\\/wp-content\\\/uploads\\\/2025\\\/04\\\/ICFISPROLBX600.jpg\",\"datePublished\":\"2025-04-08T17:41:18+00:00\",\"dateModified\":\"2026-04-10T10:35:43+00:00\",\"description\":\"Combo para guitarra electro-ac\u00fastica o cl\u00e1sica, 2 entradas de instrumento\\\/micr\u00f3fono que aceptan fuentes 1\\\/4\u201d o XLR, cada canal cuenta con un ecualizador de 3 bandas y controles de retroalimentaci\u00f3n, entrada auxiliar est\u00e9reo con control de nivel y conectores de 1\\\/4\u201d o 1\\\/8\u201d, inclinaci\u00f3n de 10\u00b0, secci\u00f3n digital dual de efectos con canal independiente y nivel de efecto, Reverb, Chorus, Flanger, Delay, Echo y Slap Echo, canal Mute para silenciar ambos canales, salida de aud\u00edfonos, entrada footswitch para muteo remoto de los canales de entrada o efectos Chorus, Flanger y Slap Echo.\",\"breadcrumb\":{\"@id\":\"https:\\\/\\\/www.mexicanguitarplayers.com\\\/tienda\\\/sin categor\u00eda\\\/combo-fishman-p-guitarra-loudbox-artist-2\\\/#breadcrumb\"},\"inLanguage\":\"en-US\",\"potentialAction\":[{\"@type\":\"ReadAction\",\"target\":[\"https:\\\/\\\/www.mexicanguitarplayers.com\\\/tienda\\\/sin categor\u00eda\\\/combo-fishman-p-guitarra-loudbox-artist-2\\\/\"]}]},{\"@type\":\"ImageObject\",\"inLanguage\":\"en-US\",\"@id\":\"https:\\\/\\\/www.mexicanguitarplayers.com\\\/tienda\\\/sin categor\u00eda\\\/combo-fishman-p-guitarra-loudbox-artist-2\\\/#primaryimage\",\"url\":\"https:\\\/\\\/www.mexicanguitarplayers.com\\\/wp-content\\\/uploads\\\/2025\\\/04\\\/ICFISPROLBX600.jpg\",\"contentUrl\":\"https:\\\/\\\/www.mexicanguitarplayers.com\\\/wp-content\\\/uploads\\\/2025\\\/04\\\/ICFISPROLBX600.jpg\",\"width\":1200,\"height\":1200},{\"@type\":\"BreadcrumbList\",\"@id\":\"https:\\\/\\\/www.mexicanguitarplayers.com\\\/tienda\\\/sin categor\u00eda\\\/combo-fishman-p-guitarra-loudbox-artist-2\\\/#breadcrumb\",\"itemListElement\":[{\"@type\":\"ListItem\",\"position\":1,\"name\":\"Portada\",\"item\":\"https:\\\/\\\/www.mexicanguitarplayers.com\\\/\"},{\"@type\":\"ListItem\",\"position\":2,\"name\":\"Tienda\",\"item\":\"https:\\\/\\\/www.mexicanguitarplayers.com\\\/tienda\\\/\"},{\"@type\":\"ListItem\",\"position\":3,\"name\":\"COMBO FISHMAN P\\\/GUITARRA LOUDBOX ARTIST\"}]},{\"@type\":\"WebSite\",\"@id\":\"https:\\\/\\\/www.mexicanguitarplayers.com\\\/#website\",\"url\":\"https:\\\/\\\/www.mexicanguitarplayers.com\\\/\",\"name\":\"Mexican Guitar Players\",\"description\":\"Website\",\"publisher\":{\"@id\":\"https:\\\/\\\/www.mexicanguitarplayers.com\\\/#organization\"},\"potentialAction\":[{\"@type\":\"SearchAction\",\"target\":{\"@type\":\"EntryPoint\",\"urlTemplate\":\"https:\\\/\\\/www.mexicanguitarplayers.com\\\/?s={search_term_string}\"},\"query-input\":{\"@type\":\"PropertyValueSpecification\",\"valueRequired\":true,\"valueName\":\"search_term_string\"}}],\"inLanguage\":\"en-US\"},{\"@type\":\"Organization\",\"@id\":\"https:\\\/\\\/www.mexicanguitarplayers.com\\\/#organization\",\"name\":\"Mexican Guitar Players\",\"url\":\"https:\\\/\\\/www.mexicanguitarplayers.com\\\/\",\"logo\":{\"@type\":\"ImageObject\",\"inLanguage\":\"en-US\",\"@id\":\"https:\\\/\\\/www.mexicanguitarplayers.com\\\/#\\\/schema\\\/logo\\\/image\\\/\",\"url\":\"\",\"contentUrl\":\"\",\"caption\":\"Mexican Guitar Players\"},\"image\":{\"@id\":\"https:\\\/\\\/www.mexicanguitarplayers.com\\\/#\\\/schema\\\/logo\\\/image\\\/\"}}]}<\/script>\n<!-- \/ Yoast SEO plugin. -->","yoast_head_json":{"title":"COMBO FISHMAN P\/GUITARRA LOUDBOX ARTIST - Mexican Guitar Players","description":"Combo para guitarra electro-ac\u00fastica o cl\u00e1sica, 2 entradas de instrumento\/micr\u00f3fono que aceptan fuentes 1\/4\u201d o XLR, cada canal cuenta con un ecualizador de 3 bandas y controles de retroalimentaci\u00f3n, entrada auxiliar est\u00e9reo con control de nivel y conectores de 1\/4\u201d o 1\/8\u201d, inclinaci\u00f3n de 10\u00b0, secci\u00f3n digital dual de efectos con canal independiente y nivel de efecto, Reverb, Chorus, Flanger, Delay, Echo y Slap Echo, canal Mute para silenciar ambos canales, salida de aud\u00edfonos, entrada footswitch para muteo remoto de los canales de entrada o efectos Chorus, Flanger y Slap Echo.","robots":{"index":"index","follow":"follow","max-snippet":"max-snippet:-1","max-image-preview":"max-image-preview:large","max-video-preview":"max-video-preview:-1"},"canonical":"https:\/\/www.mexicanguitarplayers.com\/en\/tienda\/sin categor\u00eda\/combo-fishman-p-guitarra-loudbox-artist-2\/","og_locale":"en_US","og_type":"article","og_title":"COMBO FISHMAN P\/GUITARRA LOUDBOX ARTIST - Mexican Guitar Players","og_description":"Combo para guitarra electro-ac\u00fastica o cl\u00e1sica, 2 entradas de instrumento\/micr\u00f3fono que aceptan fuentes 1\/4\u201d o XLR, cada canal cuenta con un ecualizador de 3 bandas y controles de retroalimentaci\u00f3n, entrada auxiliar est\u00e9reo con control de nivel y conectores de 1\/4\u201d o 1\/8\u201d, inclinaci\u00f3n de 10\u00b0, secci\u00f3n digital dual de efectos con canal independiente y nivel de efecto, Reverb, Chorus, Flanger, Delay, Echo y Slap Echo, canal Mute para silenciar ambos canales, salida de aud\u00edfonos, entrada footswitch para muteo remoto de los canales de entrada o efectos Chorus, Flanger y Slap Echo.","og_url":"https:\/\/www.mexicanguitarplayers.com\/en\/tienda\/sin categor\u00eda\/combo-fishman-p-guitarra-loudbox-artist-2\/","og_site_name":"Mexican Guitar Players","article_modified_time":"2026-04-10T10:35:43+00:00","twitter_card":"summary_large_image","twitter_misc":{"Est. reading time":"1 minute"},"schema":{"@context":"https:\/\/schema.org","@graph":[{"@type":["WebPage","ItemPage"],"@id":"https:\/\/www.mexicanguitarplayers.com\/tienda\/sin categor\u00eda\/combo-fishman-p-guitarra-loudbox-artist-2\/","url":"https:\/\/www.mexicanguitarplayers.com\/tienda\/sin categor\u00eda\/combo-fishman-p-guitarra-loudbox-artist-2\/","name":"COMBO FISHMAN P\/GUITARRA LOUDBOX ARTIST - Mexican Guitar Players","isPartOf":{"@id":"https:\/\/www.mexicanguitarplayers.com\/#website"},"primaryImageOfPage":{"@id":"https:\/\/www.mexicanguitarplayers.com\/tienda\/sin categor\u00eda\/combo-fishman-p-guitarra-loudbox-artist-2\/#primaryimage"},"image":{"@id":"https:\/\/www.mexicanguitarplayers.com\/tienda\/sin categor\u00eda\/combo-fishman-p-guitarra-loudbox-artist-2\/#primaryimage"},"thumbnailUrl":"https:\/\/www.mexicanguitarplayers.com\/wp-content\/uploads\/2025\/04\/ICFISPROLBX600.jpg","datePublished":"2025-04-08T17:41:18+00:00","dateModified":"2026-04-10T10:35:43+00:00","description":"Combo para guitarra electro-ac\u00fastica o cl\u00e1sica, 2 entradas de instrumento\/micr\u00f3fono que aceptan fuentes 1\/4\u201d o XLR, cada canal cuenta con un ecualizador de 3 bandas y controles de retroalimentaci\u00f3n, entrada auxiliar est\u00e9reo con control de nivel y conectores de 1\/4\u201d o 1\/8\u201d, inclinaci\u00f3n de 10\u00b0, secci\u00f3n digital dual de efectos con canal independiente y nivel de efecto, Reverb, Chorus, Flanger, Delay, Echo y Slap Echo, canal Mute para silenciar ambos canales, salida de aud\u00edfonos, entrada footswitch para muteo remoto de los canales de entrada o efectos Chorus, Flanger y Slap Echo.","breadcrumb":{"@id":"https:\/\/www.mexicanguitarplayers.com\/tienda\/sin categor\u00eda\/combo-fishman-p-guitarra-loudbox-artist-2\/#breadcrumb"},"inLanguage":"en-US","potentialAction":[{"@type":"ReadAction","target":["https:\/\/www.mexicanguitarplayers.com\/tienda\/sin categor\u00eda\/combo-fishman-p-guitarra-loudbox-artist-2\/"]}]},{"@type":"ImageObject","inLanguage":"en-US","@id":"https:\/\/www.mexicanguitarplayers.com\/tienda\/sin categor\u00eda\/combo-fishman-p-guitarra-loudbox-artist-2\/#primaryimage","url":"https:\/\/www.mexicanguitarplayers.com\/wp-content\/uploads\/2025\/04\/ICFISPROLBX600.jpg","contentUrl":"https:\/\/www.mexicanguitarplayers.com\/wp-content\/uploads\/2025\/04\/ICFISPROLBX600.jpg","width":1200,"height":1200},{"@type":"BreadcrumbList","@id":"https:\/\/www.mexicanguitarplayers.com\/tienda\/sin categor\u00eda\/combo-fishman-p-guitarra-loudbox-artist-2\/#breadcrumb","itemListElement":[{"@type":"ListItem","position":1,"name":"Portada","item":"https:\/\/www.mexicanguitarplayers.com\/"},{"@type":"ListItem","position":2,"name":"Tienda","item":"https:\/\/www.mexicanguitarplayers.com\/tienda\/"},{"@type":"ListItem","position":3,"name":"COMBO FISHMAN P\/GUITARRA LOUDBOX ARTIST"}]},{"@type":"WebSite","@id":"https:\/\/www.mexicanguitarplayers.com\/#website","url":"https:\/\/www.mexicanguitarplayers.com\/","name":"Mexican Guitar Players","description":"Website","publisher":{"@id":"https:\/\/www.mexicanguitarplayers.com\/#organization"},"potentialAction":[{"@type":"SearchAction","target":{"@type":"EntryPoint","urlTemplate":"https:\/\/www.mexicanguitarplayers.com\/?s={search_term_string}"},"query-input":{"@type":"PropertyValueSpecification","valueRequired":true,"valueName":"search_term_string"}}],"inLanguage":"en-US"},{"@type":"Organization","@id":"https:\/\/www.mexicanguitarplayers.com\/#organization","name":"Mexican Guitar Players","url":"https:\/\/www.mexicanguitarplayers.com\/","logo":{"@type":"ImageObject","inLanguage":"en-US","@id":"https:\/\/www.mexicanguitarplayers.com\/#\/schema\/logo\/image\/","url":"","contentUrl":"","caption":"Mexican Guitar Players"},"image":{"@id":"https:\/\/www.mexicanguitarplayers.com\/#\/schema\/logo\/image\/"}}]}},"brands":[{"id":248,"name":"FISHMAN","slug":"fishman"}],"_links":{"self":[{"href":"https:\/\/www.mexicanguitarplayers.com\/en\/wp-json\/wp\/v2\/product\/31148","targetHints":{"allow":["GET"]}}],"collection":[{"href":"https:\/\/www.mexicanguitarplayers.com\/en\/wp-json\/wp\/v2\/product"}],"about":[{"href":"https:\/\/www.mexicanguitarplayers.com\/en\/wp-json\/wp\/v2\/types\/product"}],"replies":[{"embeddable":true,"href":"https:\/\/www.mexicanguitarplayers.com\/en\/wp-json\/wp\/v2\/comments?post=31148"}],"wp:featuredmedia":[{"embeddable":true,"href":"https:\/\/www.mexicanguitarplayers.com\/en\/wp-json\/wp\/v2\/media\/31144"}],"wp:attachment":[{"href":"https:\/\/www.mexicanguitarplayers.com\/en\/wp-json\/wp\/v2\/media?parent=31148"}],"wp:term":[{"taxonomy":"pwb-brand","embeddable":true,"href":"https:\/\/www.mexicanguitarplayers.com\/en\/wp-json\/wp\/v2\/pwb-brand?post=31148"},{"taxonomy":"product_brand","embeddable":true,"href":"https:\/\/www.mexicanguitarplayers.com\/en\/wp-json\/wp\/v2\/product_brand?post=31148"},{"taxonomy":"product_cat","embeddable":true,"href":"https:\/\/www.mexicanguitarplayers.com\/en\/wp-json\/wp\/v2\/product_cat?post=31148"},{"taxonomy":"product_tag","embeddable":true,"href":"https:\/\/www.mexicanguitarplayers.com\/en\/wp-json\/wp\/v2\/product_tag?post=31148"}],"curies":[{"name":"wp","href":"https:\/\/api.w.org\/{rel}","templated":true}]}}