{"id":31169,"date":"2025-04-08T11:41:54","date_gmt":"2025-04-08T17:41:54","guid":{"rendered":"https:\/\/www.mexicanguitarplayers.com\/tienda\/sin categor\u00eda\/kit-planet-waves-armar-cable-pw-pwrkit20\/"},"modified":"2026-01-03T04:28:43","modified_gmt":"2026-01-03T10:28:43","slug":"kit-planet-waves-armar-cable-pw-pwrkit20","status":"publish","type":"product","link":"https:\/\/www.mexicanguitarplayers.com\/en\/tienda\/accesorios\/para-bateria\/hardware-para-bateria\/kit-planet-waves-armar-cable-pw-pwrkit20\/","title":{"rendered":"KIT PLANET WAVES ARMAR CABLE PW-PWRKIT20"},"content":{"rendered":"<div style=\"text-align: justify\">\n<div>\n<h3>El mejor kit para cablear tu pedalera a tu medida.<\/h3>\n<\/div>\n<div>El kit de cable de instrumento DIY Pedalboard de D\u2019Addario sin soldaduras es la soluci\u00f3n definitiva para cableado personalizado para tu pedalera. Fuentes de alimentaci\u00f3n com\u00fan predise\u00f1adas vienen con cables que conducen a exceso de alambre y desorden en tu pedalera. Este kit es tan simple como el cable incluido, puedes cortarlo tan largo o corto como t\u00fa quieras, colocar el cable en el plug extremo y fijar el tornillo para producir una longitud perfecta para cables. Este cable tiene 3 veces la cantidad de cobre a trav\u00e9s de cables est\u00e1ndar para transferencia de voltaje superior. Este kit viene completo con un probador de cable, desarmador y cortador.<\/div>\n<div>\n<h4>Quick look<\/h4>\n<\/div>\n<ul style=\"margin: 0px 0px 0px 25px\">\n<li style=\"list-style-type: circle;margin: 5px\">Accessories included.<\/li>\n<\/ul>\n<div>\n<div style=\"font-weight: bold\">Accessories included.<\/div>\n<div>\n<p>20 pies de cable (6 metros). 12 plugs. Cortador de cable. Destornillador. Probador de cable.<\/p>\n<\/div>\n<\/div>\n<div>\n<h4>Characteristics<\/h4>\n<\/div>\n<div>\n<ul style=\"margin: 0px 0px 0px 25px\">\n<li style=\"list-style-type: circle;margin: 5px\">Kit de cable para pedalera.<\/li>\n<li style=\"list-style-type: circle;margin: 5px\">Cables sin soldadura.<\/li>\n<li style=\"list-style-type: circle;margin: 5px\">Se conecta f\u00e1cilmente creando longitudes personalizadas.<\/li>\n<li style=\"list-style-type: circle;margin: 5px\">Puedes hacer hasta 6 cables.<\/li>\n<\/ul>\n<\/div>\n<\/div>","protected":false},"excerpt":{"rendered":"<p>Kit de cable para pedalera, sin soldadura, se conecta f\u00e1cilmente creando longitudes personalizadas, puedes hacer hasta 6 cables, incluye 20 pies de cable (6 metros), 12 plugs, cortador de cable, destornillador y probador de cable.&hellip; <a class=\"kt-excerpt-readmore more-link\" href=\"https:\/\/www.mexicanguitarplayers.com\/en\/tienda\/accesorios\/para-bateria\/hardware-para-bateria\/kit-planet-waves-armar-cable-pw-pwrkit20\/\">Read more<\/a><\/p>","protected":false},"featured_media":31167,"comment_status":"open","ping_status":"closed","template":"","meta":{"kt_blocks_editor_width":""},"pwb-brand":[604],"product_brand":[],"product_cat":[85,435,336],"product_tag":[],"class_list":{"0":"post-31169","1":"product","2":"type-product","3":"status-publish","4":"has-post-thumbnail","6":"pwb-brand-planet-waves","7":"product_cat-accesorios","8":"product_cat-hardware-para-bateria","9":"product_cat-para-guitarras","10":"product_shipping_class-0-5-kg","12":"first","13":"instock","14":"taxable","15":"shipping-taxable","16":"purchasable","17":"product-type-simple"},"yoast_head":"<!-- This site is optimized with the Yoast SEO plugin v27.3 - https:\/\/yoast.com\/product\/yoast-seo-wordpress\/ -->\n<title>KIT PLANET WAVES ARMAR CABLE PW-PWRKIT20 - Mexican Guitar Players<\/title>\n<meta name=\"description\" content=\"Kit de cable para pedalera, sin soldadura, se conecta f\u00e1cilmente creando longitudes personalizadas, puedes hacer hasta 6 cables, incluye 20 pies de cable (6 metros), 12 plugs, cortador de cable, destornillador y probador de cable.\" \/>\n<meta name=\"robots\" content=\"index, follow, max-snippet:-1, max-image-preview:large, max-video-preview:-1\" \/>\n<link rel=\"canonical\" href=\"https:\/\/www.mexicanguitarplayers.com\/en\/tienda\/sin%20categor\u00eda\/kit-planet-waves-armar-cable-pw-pwrkit20\/\" \/>\n<meta property=\"og:locale\" content=\"en_US\" \/>\n<meta property=\"og:type\" content=\"article\" \/>\n<meta property=\"og:title\" content=\"KIT PLANET WAVES ARMAR CABLE PW-PWRKIT20 - Mexican Guitar Players\" \/>\n<meta property=\"og:description\" content=\"Kit de cable para pedalera, sin soldadura, se conecta f\u00e1cilmente creando longitudes personalizadas, puedes hacer hasta 6 cables, incluye 20 pies de cable (6 metros), 12 plugs, cortador de cable, destornillador y probador de cable.\" \/>\n<meta property=\"og:url\" content=\"https:\/\/www.mexicanguitarplayers.com\/en\/tienda\/sin categor\u00eda\/kit-planet-waves-armar-cable-pw-pwrkit20\/\" \/>\n<meta property=\"og:site_name\" content=\"Mexican Guitar Players\" \/>\n<meta property=\"article:modified_time\" content=\"2026-01-03T10:28:43+00:00\" \/>\n<meta name=\"twitter:card\" content=\"summary_large_image\" \/>\n<meta name=\"twitter:label1\" content=\"Est. reading time\" \/>\n\t<meta name=\"twitter:data1\" content=\"1 minute\" \/>\n<script type=\"application\/ld+json\" class=\"yoast-schema-graph\">{\"@context\":\"https:\\\/\\\/schema.org\",\"@graph\":[{\"@type\":[\"WebPage\",\"ItemPage\"],\"@id\":\"https:\\\/\\\/www.mexicanguitarplayers.com\\\/tienda\\\/sin categor\u00eda\\\/kit-planet-waves-armar-cable-pw-pwrkit20\\\/\",\"url\":\"https:\\\/\\\/www.mexicanguitarplayers.com\\\/tienda\\\/sin categor\u00eda\\\/kit-planet-waves-armar-cable-pw-pwrkit20\\\/\",\"name\":\"KIT PLANET WAVES ARMAR CABLE PW-PWRKIT20 - Mexican Guitar Players\",\"isPartOf\":{\"@id\":\"https:\\\/\\\/www.mexicanguitarplayers.com\\\/#website\"},\"primaryImageOfPage\":{\"@id\":\"https:\\\/\\\/www.mexicanguitarplayers.com\\\/tienda\\\/sin categor\u00eda\\\/kit-planet-waves-armar-cable-pw-pwrkit20\\\/#primaryimage\"},\"image\":{\"@id\":\"https:\\\/\\\/www.mexicanguitarplayers.com\\\/tienda\\\/sin categor\u00eda\\\/kit-planet-waves-armar-cable-pw-pwrkit20\\\/#primaryimage\"},\"thumbnailUrl\":\"https:\\\/\\\/www.mexicanguitarplayers.com\\\/wp-content\\\/uploads\\\/2025\\\/04\\\/RAPWAPWPWRKT20.jpg\",\"datePublished\":\"2025-04-08T17:41:54+00:00\",\"dateModified\":\"2026-01-03T10:28:43+00:00\",\"description\":\"Kit de cable para pedalera, sin soldadura, se conecta f\u00e1cilmente creando longitudes personalizadas, puedes hacer hasta 6 cables, incluye 20 pies de cable (6 metros), 12 plugs, cortador de cable, destornillador y probador de cable.\",\"breadcrumb\":{\"@id\":\"https:\\\/\\\/www.mexicanguitarplayers.com\\\/tienda\\\/sin categor\u00eda\\\/kit-planet-waves-armar-cable-pw-pwrkit20\\\/#breadcrumb\"},\"inLanguage\":\"en-US\",\"potentialAction\":[{\"@type\":\"ReadAction\",\"target\":[\"https:\\\/\\\/www.mexicanguitarplayers.com\\\/tienda\\\/sin categor\u00eda\\\/kit-planet-waves-armar-cable-pw-pwrkit20\\\/\"]}]},{\"@type\":\"ImageObject\",\"inLanguage\":\"en-US\",\"@id\":\"https:\\\/\\\/www.mexicanguitarplayers.com\\\/tienda\\\/sin categor\u00eda\\\/kit-planet-waves-armar-cable-pw-pwrkit20\\\/#primaryimage\",\"url\":\"https:\\\/\\\/www.mexicanguitarplayers.com\\\/wp-content\\\/uploads\\\/2025\\\/04\\\/RAPWAPWPWRKT20.jpg\",\"contentUrl\":\"https:\\\/\\\/www.mexicanguitarplayers.com\\\/wp-content\\\/uploads\\\/2025\\\/04\\\/RAPWAPWPWRKT20.jpg\",\"width\":1200,\"height\":1200},{\"@type\":\"BreadcrumbList\",\"@id\":\"https:\\\/\\\/www.mexicanguitarplayers.com\\\/tienda\\\/sin categor\u00eda\\\/kit-planet-waves-armar-cable-pw-pwrkit20\\\/#breadcrumb\",\"itemListElement\":[{\"@type\":\"ListItem\",\"position\":1,\"name\":\"Portada\",\"item\":\"https:\\\/\\\/www.mexicanguitarplayers.com\\\/\"},{\"@type\":\"ListItem\",\"position\":2,\"name\":\"Tienda\",\"item\":\"https:\\\/\\\/www.mexicanguitarplayers.com\\\/tienda\\\/\"},{\"@type\":\"ListItem\",\"position\":3,\"name\":\"KIT PLANET WAVES ARMAR CABLE PW-PWRKIT20\"}]},{\"@type\":\"WebSite\",\"@id\":\"https:\\\/\\\/www.mexicanguitarplayers.com\\\/#website\",\"url\":\"https:\\\/\\\/www.mexicanguitarplayers.com\\\/\",\"name\":\"Mexican Guitar Players\",\"description\":\"Website\",\"publisher\":{\"@id\":\"https:\\\/\\\/www.mexicanguitarplayers.com\\\/#organization\"},\"potentialAction\":[{\"@type\":\"SearchAction\",\"target\":{\"@type\":\"EntryPoint\",\"urlTemplate\":\"https:\\\/\\\/www.mexicanguitarplayers.com\\\/?s={search_term_string}\"},\"query-input\":{\"@type\":\"PropertyValueSpecification\",\"valueRequired\":true,\"valueName\":\"search_term_string\"}}],\"inLanguage\":\"en-US\"},{\"@type\":\"Organization\",\"@id\":\"https:\\\/\\\/www.mexicanguitarplayers.com\\\/#organization\",\"name\":\"Mexican Guitar Players\",\"url\":\"https:\\\/\\\/www.mexicanguitarplayers.com\\\/\",\"logo\":{\"@type\":\"ImageObject\",\"inLanguage\":\"en-US\",\"@id\":\"https:\\\/\\\/www.mexicanguitarplayers.com\\\/#\\\/schema\\\/logo\\\/image\\\/\",\"url\":\"\",\"contentUrl\":\"\",\"caption\":\"Mexican Guitar Players\"},\"image\":{\"@id\":\"https:\\\/\\\/www.mexicanguitarplayers.com\\\/#\\\/schema\\\/logo\\\/image\\\/\"}}]}<\/script>\n<!-- \/ Yoast SEO plugin. -->","yoast_head_json":{"title":"KIT PLANET WAVES ARMAR CABLE PW-PWRKIT20 - Mexican Guitar Players","description":"Kit de cable para pedalera, sin soldadura, se conecta f\u00e1cilmente creando longitudes personalizadas, puedes hacer hasta 6 cables, incluye 20 pies de cable (6 metros), 12 plugs, cortador de cable, destornillador y probador de cable.","robots":{"index":"index","follow":"follow","max-snippet":"max-snippet:-1","max-image-preview":"max-image-preview:large","max-video-preview":"max-video-preview:-1"},"canonical":"https:\/\/www.mexicanguitarplayers.com\/en\/tienda\/sin categor\u00eda\/kit-planet-waves-armar-cable-pw-pwrkit20\/","og_locale":"en_US","og_type":"article","og_title":"KIT PLANET WAVES ARMAR CABLE PW-PWRKIT20 - Mexican Guitar Players","og_description":"Kit de cable para pedalera, sin soldadura, se conecta f\u00e1cilmente creando longitudes personalizadas, puedes hacer hasta 6 cables, incluye 20 pies de cable (6 metros), 12 plugs, cortador de cable, destornillador y probador de cable.","og_url":"https:\/\/www.mexicanguitarplayers.com\/en\/tienda\/sin categor\u00eda\/kit-planet-waves-armar-cable-pw-pwrkit20\/","og_site_name":"Mexican Guitar Players","article_modified_time":"2026-01-03T10:28:43+00:00","twitter_card":"summary_large_image","twitter_misc":{"Est. reading time":"1 minute"},"schema":{"@context":"https:\/\/schema.org","@graph":[{"@type":["WebPage","ItemPage"],"@id":"https:\/\/www.mexicanguitarplayers.com\/tienda\/sin categor\u00eda\/kit-planet-waves-armar-cable-pw-pwrkit20\/","url":"https:\/\/www.mexicanguitarplayers.com\/tienda\/sin categor\u00eda\/kit-planet-waves-armar-cable-pw-pwrkit20\/","name":"KIT PLANET WAVES ARMAR CABLE PW-PWRKIT20 - Mexican Guitar Players","isPartOf":{"@id":"https:\/\/www.mexicanguitarplayers.com\/#website"},"primaryImageOfPage":{"@id":"https:\/\/www.mexicanguitarplayers.com\/tienda\/sin categor\u00eda\/kit-planet-waves-armar-cable-pw-pwrkit20\/#primaryimage"},"image":{"@id":"https:\/\/www.mexicanguitarplayers.com\/tienda\/sin categor\u00eda\/kit-planet-waves-armar-cable-pw-pwrkit20\/#primaryimage"},"thumbnailUrl":"https:\/\/www.mexicanguitarplayers.com\/wp-content\/uploads\/2025\/04\/RAPWAPWPWRKT20.jpg","datePublished":"2025-04-08T17:41:54+00:00","dateModified":"2026-01-03T10:28:43+00:00","description":"Kit de cable para pedalera, sin soldadura, se conecta f\u00e1cilmente creando longitudes personalizadas, puedes hacer hasta 6 cables, incluye 20 pies de cable (6 metros), 12 plugs, cortador de cable, destornillador y probador de cable.","breadcrumb":{"@id":"https:\/\/www.mexicanguitarplayers.com\/tienda\/sin categor\u00eda\/kit-planet-waves-armar-cable-pw-pwrkit20\/#breadcrumb"},"inLanguage":"en-US","potentialAction":[{"@type":"ReadAction","target":["https:\/\/www.mexicanguitarplayers.com\/tienda\/sin categor\u00eda\/kit-planet-waves-armar-cable-pw-pwrkit20\/"]}]},{"@type":"ImageObject","inLanguage":"en-US","@id":"https:\/\/www.mexicanguitarplayers.com\/tienda\/sin categor\u00eda\/kit-planet-waves-armar-cable-pw-pwrkit20\/#primaryimage","url":"https:\/\/www.mexicanguitarplayers.com\/wp-content\/uploads\/2025\/04\/RAPWAPWPWRKT20.jpg","contentUrl":"https:\/\/www.mexicanguitarplayers.com\/wp-content\/uploads\/2025\/04\/RAPWAPWPWRKT20.jpg","width":1200,"height":1200},{"@type":"BreadcrumbList","@id":"https:\/\/www.mexicanguitarplayers.com\/tienda\/sin categor\u00eda\/kit-planet-waves-armar-cable-pw-pwrkit20\/#breadcrumb","itemListElement":[{"@type":"ListItem","position":1,"name":"Portada","item":"https:\/\/www.mexicanguitarplayers.com\/"},{"@type":"ListItem","position":2,"name":"Tienda","item":"https:\/\/www.mexicanguitarplayers.com\/tienda\/"},{"@type":"ListItem","position":3,"name":"KIT PLANET WAVES ARMAR CABLE PW-PWRKIT20"}]},{"@type":"WebSite","@id":"https:\/\/www.mexicanguitarplayers.com\/#website","url":"https:\/\/www.mexicanguitarplayers.com\/","name":"Mexican Guitar Players","description":"Website","publisher":{"@id":"https:\/\/www.mexicanguitarplayers.com\/#organization"},"potentialAction":[{"@type":"SearchAction","target":{"@type":"EntryPoint","urlTemplate":"https:\/\/www.mexicanguitarplayers.com\/?s={search_term_string}"},"query-input":{"@type":"PropertyValueSpecification","valueRequired":true,"valueName":"search_term_string"}}],"inLanguage":"en-US"},{"@type":"Organization","@id":"https:\/\/www.mexicanguitarplayers.com\/#organization","name":"Mexican Guitar Players","url":"https:\/\/www.mexicanguitarplayers.com\/","logo":{"@type":"ImageObject","inLanguage":"en-US","@id":"https:\/\/www.mexicanguitarplayers.com\/#\/schema\/logo\/image\/","url":"","contentUrl":"","caption":"Mexican Guitar Players"},"image":{"@id":"https:\/\/www.mexicanguitarplayers.com\/#\/schema\/logo\/image\/"}}]}},"brands":[{"id":604,"name":"PLANET WAVES","slug":"planet-waves"}],"_links":{"self":[{"href":"https:\/\/www.mexicanguitarplayers.com\/en\/wp-json\/wp\/v2\/product\/31169","targetHints":{"allow":["GET"]}}],"collection":[{"href":"https:\/\/www.mexicanguitarplayers.com\/en\/wp-json\/wp\/v2\/product"}],"about":[{"href":"https:\/\/www.mexicanguitarplayers.com\/en\/wp-json\/wp\/v2\/types\/product"}],"replies":[{"embeddable":true,"href":"https:\/\/www.mexicanguitarplayers.com\/en\/wp-json\/wp\/v2\/comments?post=31169"}],"wp:featuredmedia":[{"embeddable":true,"href":"https:\/\/www.mexicanguitarplayers.com\/en\/wp-json\/wp\/v2\/media\/31167"}],"wp:attachment":[{"href":"https:\/\/www.mexicanguitarplayers.com\/en\/wp-json\/wp\/v2\/media?parent=31169"}],"wp:term":[{"taxonomy":"pwb-brand","embeddable":true,"href":"https:\/\/www.mexicanguitarplayers.com\/en\/wp-json\/wp\/v2\/pwb-brand?post=31169"},{"taxonomy":"product_brand","embeddable":true,"href":"https:\/\/www.mexicanguitarplayers.com\/en\/wp-json\/wp\/v2\/product_brand?post=31169"},{"taxonomy":"product_cat","embeddable":true,"href":"https:\/\/www.mexicanguitarplayers.com\/en\/wp-json\/wp\/v2\/product_cat?post=31169"},{"taxonomy":"product_tag","embeddable":true,"href":"https:\/\/www.mexicanguitarplayers.com\/en\/wp-json\/wp\/v2\/product_tag?post=31169"}],"curies":[{"name":"wp","href":"https:\/\/api.w.org\/{rel}","templated":true}]}}