{"id":31222,"date":"2025-04-08T11:43:46","date_gmt":"2025-04-08T17:43:46","guid":{"rendered":"https:\/\/www.mexicanguitarplayers.com\/tienda\/sin categor\u00eda\/guitarra-schecter-omen-elite-8-multiscal\/"},"modified":"2026-05-01T07:24:28","modified_gmt":"2026-05-01T13:24:28","slug":"guitarra-schecter-omen-elite-8-multiscal","status":"publish","type":"product","link":"https:\/\/www.mexicanguitarplayers.com\/en\/tienda\/cuerdas\/guitarras-cuerdas\/electricas\/guitarras-electricas-solidas\/guitarra-schecter-omen-elite-8-multiscal\/","title":{"rendered":"GUITARRA SCHECTER OMEN ELITE-8 MULTISCAL"},"content":{"rendered":"<div style=\"text-align: justify\">\n<div>\n<h3>Una adici\u00f3n fascinante a la alineaci\u00f3n de Omen.<\/h3>\n<\/div>\n<div>Con su tapa de burl hechizante y sus pastillas Heretic espeluznantes, la Schecter Omen Elite es una guitarra de la que no podr\u00e1s apartar las manos por mucho tiempo. La serie Omen ha sido un favorito para muchos m\u00fasicos y Omen Elite es una mejora notable en todas las direcciones. La parte trasera est\u00e1 fabricada con maple y caoba se sensaci\u00f3n sustancial y la electr\u00f3nica aerodin\u00e1mica. Pero ten en cuenta que una gran cantidad de mejoras visuales, un brazo en &#8220;C&#8221; fino m\u00e1s r\u00e1pido que nunca y un set de pastillas Heretic con un sonido mediocre y esta Elite es un presagio demasiado bueno para dejarlo pasar.<\/div>\n<div>\n<h4>Quick look<\/h4>\n<\/div>\n<ul style=\"margin: 0px 0px 0px 25px\">\n<li style=\"list-style-type: circle;margin: 5px\">Cuerpo.<\/li>\n<li style=\"list-style-type: circle;margin: 5px\">Top.<\/li>\n<li style=\"list-style-type: circle;margin: 5px\">Uni\u00f3n.<\/li>\n<li style=\"list-style-type: circle;margin: 5px\">Hardware.<\/li>\n<li style=\"list-style-type: circle;margin: 5px\">Construcci\u00f3n.<\/li>\n<li style=\"list-style-type: circle;margin: 5px\">Bridge.<\/li>\n<li style=\"list-style-type: circle;margin: 5px\">Arm.<\/li>\n<li style=\"list-style-type: circle;margin: 5px\">Forma del brazo.<\/li>\n<li style=\"list-style-type: circle;margin: 5px\">Diapason.<\/li>\n<li style=\"list-style-type: circle;margin: 5px\">Radio del diapas\u00f3n.<\/li>\n<li style=\"list-style-type: circle;margin: 5px\">Machinery.<\/li>\n<li style=\"list-style-type: circle;margin: 5px\">Scale.<\/li>\n<li style=\"list-style-type: circle;margin: 5px\">Scale.<\/li>\n<li style=\"list-style-type: circle;margin: 5px\">Espesor.<\/li>\n<li style=\"list-style-type: circle;margin: 5px\">Frets<\/li>\n<li style=\"list-style-type: circle;margin: 5px\">Nut.<\/li>\n<li style=\"list-style-type: circle;margin: 5px\">Ancho de la cejuela.<\/li>\n<li style=\"list-style-type: circle;margin: 5px\">Soul.<\/li>\n<li style=\"list-style-type: circle;margin: 5px\">Controls<\/li>\n<li style=\"list-style-type: circle;margin: 5px\">Pastilla del puente.<\/li>\n<li style=\"list-style-type: circle;margin: 5px\">Pastilla del brazo.<\/li>\n<li style=\"list-style-type: circle;margin: 5px\">Perillas.<\/li>\n<\/ul>\n<div>\n<div style=\"font-weight: bold\">Cuerpo.<\/div>\n<div>\n<p>Mahogany.<\/p>\n<\/div>\n<div style=\"font-weight: bold\">Top.<\/div>\n<div>\n<p>Arched.<\/p>\n<\/div>\n<div style=\"font-weight: bold\">Uni\u00f3n.<\/div>\n<div>\n<p>Black, one cape.<\/p>\n<\/div>\n<div style=\"font-weight: bold\">Hardware.<\/div>\n<div>\n<p>Black.<\/p>\n<\/div>\n<div style=\"font-weight: bold\">Construcci\u00f3n.<\/div>\n<div>\n<p>Bolt-on.<\/p>\n<\/div>\n<div style=\"font-weight: bold\">Bridge.<\/div>\n<div>\n<p>Hipshot 8-String Multiscale Fixed Bridge.<\/p>\n<\/div>\n<div style=\"font-weight: bold\">Arm.<\/div>\n<div>\n<p>Maple.<\/p>\n<\/div>\n<div style=\"font-weight: bold\">Forma del brazo.<\/div>\n<div>\n<p>C thin.<\/p>\n<\/div>\n<div style=\"font-weight: bold\">Diapason.<\/div>\n<div>\n<p>Rosewood.<\/p>\n<\/div>\n<div style=\"font-weight: bold\">Radio del diapas\u00f3n.<\/div>\n<div>\n<p>20\u201d (508 mm).<\/p>\n<\/div>\n<div style=\"font-weight: bold\">Machinery.<\/div>\n<div>\n<p>Schecter.<\/p>\n<\/div>\n<div style=\"font-weight: bold\">Scale.<\/div>\n<div>\n<p>L\u00edneas aperladas.<\/p>\n<\/div>\n<div style=\"font-weight: bold\">Scale.<\/div>\n<div>\n<p>25.5&#8243; (648 mm) &#8211; 27.5&#8243; (698.5 mm) multi escala.<\/p>\n<\/div>\n<div style=\"font-weight: bold\">Espesor.<\/div>\n<div>\n<p>At the 1st fret: .787 \u201d(20mm) and at the 12th fret: .866\u201d (22mm).<\/p>\n<\/div>\n<div style=\"font-weight: bold\">Frets<\/div>\n<div>\n<p>24 frets.<\/p>\n<\/div>\n<div style=\"font-weight: bold\">Nut.<\/div>\n<div>\n<p>Graph Tech XL Black Tusq.<\/p>\n<\/div>\n<div style=\"font-weight: bold\">Ancho de la cejuela.<\/div>\n<div>\n<p>2.205\u201d (56 mm).<\/p>\n<\/div>\n<div style=\"font-weight: bold\">Soul.<\/div>\n<div>\n<p>2-way adjustable web with 5\/32 \u201d(4 mm) Allen nut.<\/p>\n<\/div>\n<div style=\"font-weight: bold\">Controls<\/div>\n<div>\n<p>1 volumen y 1 tono, selector de 5 posiciones.<\/p>\n<\/div>\n<div style=\"font-weight: bold\">Pastilla del puente.<\/div>\n<div>\n<p>Schecter Diamond Heretic.<\/p>\n<\/div>\n<div style=\"font-weight: bold\">Pastilla del brazo.<\/div>\n<div>\n<p>Schecter Diamond Heretic.<\/p>\n<\/div>\n<div style=\"font-weight: bold\">Perillas.<\/div>\n<div>\n<p>Knurled metal knobs with set screw.<\/p>\n<\/div>\n<\/div>\n<\/div>","protected":false},"excerpt":{"rendered":"<p>Guitarra el\u00e9ctrica s\u00f3lida de 8 cuerdas, cuerpo de caoba, tapa arqueada, uni\u00f3n en negro, una capa, hardware negro, construcci\u00f3n bolt-on, puente Hipshot 8-String Multiscale Fixed Bridge, brazo C delgado de maple, diapas\u00f3n de palo de rosa de 20\u201d (508 mm) de radio, maquinaria Schecter, incrustaciones de l\u00edneas aperladas, escala: 25.5\u201d (648 mm) &#8211; 27.5\u201d (698.5 mm) multi escala, espesor en el primer traste: .787\u201d (20 mm) y en el traste 12: .866\u201d (22 mm), 24 trastes Jumbo, cejuela de Graph Tech XL Black Tusq de 2.205\u201d (56 mm) de ancho, alma ajustable de 2 v\u00edas con tuerca Allen de 5\/32\u201d (4 mm), controles: Volumen y tono, selector de 5 posiciones, pastilla del puente: Schecter Diamond Heretic, pastilla del brazo: Schecter Diamond Heretic, perillas de metal moleteado con tornillo de fijaci\u00f3n.&hellip; <a class=\"kt-excerpt-readmore more-link\" href=\"https:\/\/www.mexicanguitarplayers.com\/en\/tienda\/cuerdas\/guitarras-cuerdas\/electricas\/guitarras-electricas-solidas\/guitarra-schecter-omen-elite-8-multiscal\/\">Read more<\/a><\/p>","protected":false},"featured_media":31216,"comment_status":"open","ping_status":"closed","template":"","meta":{"kt_blocks_editor_width":""},"pwb-brand":[175],"product_brand":[],"product_cat":[224,313,312,314],"product_tag":[],"class_list":{"0":"post-31222","1":"product","2":"type-product","3":"status-publish","4":"has-post-thumbnail","6":"pwb-brand-schecter","7":"product_cat-cuerdas","8":"product_cat-electricas","9":"product_cat-guitarras-cuerdas","10":"product_cat-guitarras-electricas-solidas","11":"product_shipping_class-0-5-kg","13":"first","14":"instock","15":"taxable","16":"shipping-taxable","17":"purchasable","18":"product-type-simple"},"yoast_head":"<!-- This site is optimized with the Yoast SEO plugin v27.5 - https:\/\/yoast.com\/product\/yoast-seo-wordpress\/ -->\n<title>GUITARRA SCHECTER OMEN ELITE-8 MULTISCAL - Mexican Guitar Players<\/title>\n<meta name=\"description\" content=\"Guitarra el\u00e9ctrica s\u00f3lida de 8 cuerdas, cuerpo de caoba, tapa arqueada, uni\u00f3n en negro, una capa, hardware negro, construcci\u00f3n bolt-on, puente Hipshot 8-String Multiscale Fixed Bridge, brazo C delgado de maple, diapas\u00f3n de palo de rosa de 20\u201d (508 mm) de radio, maquinaria Schecter, incrustaciones de l\u00edneas aperladas, escala: 25.5\u201d (648 mm) - 27.5\u201d (698.5 mm) multi escala, espesor en el primer traste: .787\u201d (20 mm) y en el traste 12: .866\u201d (22 mm), 24 trastes Jumbo, cejuela de Graph Tech XL Black Tusq de 2.205\u201d (56 mm) de ancho, alma ajustable de 2 v\u00edas con tuerca Allen de 5\/32\u201d (4 mm), controles: Volumen y tono, selector de 5 posiciones, pastilla del puente: Schecter Diamond Heretic, pastilla del brazo: Schecter Diamond Heretic, perillas de metal moleteado con tornillo de fijaci\u00f3n.\" \/>\n<meta name=\"robots\" content=\"index, follow, max-snippet:-1, max-image-preview:large, max-video-preview:-1\" \/>\n<link rel=\"canonical\" href=\"https:\/\/www.mexicanguitarplayers.com\/en\/tienda\/sin%20categor\u00eda\/guitarra-schecter-omen-elite-8-multiscal\/\" \/>\n<meta property=\"og:locale\" content=\"en_US\" \/>\n<meta property=\"og:type\" content=\"article\" \/>\n<meta property=\"og:title\" content=\"GUITARRA SCHECTER OMEN ELITE-8 MULTISCAL - Mexican Guitar Players\" \/>\n<meta property=\"og:description\" content=\"Guitarra el\u00e9ctrica s\u00f3lida de 8 cuerdas, cuerpo de caoba, tapa arqueada, uni\u00f3n en negro, una capa, hardware negro, construcci\u00f3n bolt-on, puente Hipshot 8-String Multiscale Fixed Bridge, brazo C delgado de maple, diapas\u00f3n de palo de rosa de 20\u201d (508 mm) de radio, maquinaria Schecter, incrustaciones de l\u00edneas aperladas, escala: 25.5\u201d (648 mm) - 27.5\u201d (698.5 mm) multi escala, espesor en el primer traste: .787\u201d (20 mm) y en el traste 12: .866\u201d (22 mm), 24 trastes Jumbo, cejuela de Graph Tech XL Black Tusq de 2.205\u201d (56 mm) de ancho, alma ajustable de 2 v\u00edas con tuerca Allen de 5\/32\u201d (4 mm), controles: Volumen y tono, selector de 5 posiciones, pastilla del puente: Schecter Diamond Heretic, pastilla del brazo: Schecter Diamond Heretic, perillas de metal moleteado con tornillo de fijaci\u00f3n.\" \/>\n<meta property=\"og:url\" content=\"https:\/\/www.mexicanguitarplayers.com\/en\/tienda\/sin categor\u00eda\/guitarra-schecter-omen-elite-8-multiscal\/\" \/>\n<meta property=\"og:site_name\" content=\"Mexican Guitar Players\" \/>\n<meta property=\"article:modified_time\" content=\"2026-05-01T13:24:28+00:00\" \/>\n<meta name=\"twitter:card\" content=\"summary_large_image\" \/>\n<meta name=\"twitter:label1\" content=\"Est. reading time\" \/>\n\t<meta name=\"twitter:data1\" content=\"1 minute\" \/>\n<script type=\"application\/ld+json\" class=\"yoast-schema-graph\">{\"@context\":\"https:\\\/\\\/schema.org\",\"@graph\":[{\"@type\":[\"WebPage\",\"ItemPage\"],\"@id\":\"https:\\\/\\\/www.mexicanguitarplayers.com\\\/tienda\\\/sin categor\u00eda\\\/guitarra-schecter-omen-elite-8-multiscal\\\/\",\"url\":\"https:\\\/\\\/www.mexicanguitarplayers.com\\\/tienda\\\/sin categor\u00eda\\\/guitarra-schecter-omen-elite-8-multiscal\\\/\",\"name\":\"GUITARRA SCHECTER OMEN ELITE-8 MULTISCAL - Mexican Guitar Players\",\"isPartOf\":{\"@id\":\"https:\\\/\\\/www.mexicanguitarplayers.com\\\/#website\"},\"primaryImageOfPage\":{\"@id\":\"https:\\\/\\\/www.mexicanguitarplayers.com\\\/tienda\\\/sin categor\u00eda\\\/guitarra-schecter-omen-elite-8-multiscal\\\/#primaryimage\"},\"image\":{\"@id\":\"https:\\\/\\\/www.mexicanguitarplayers.com\\\/tienda\\\/sin categor\u00eda\\\/guitarra-schecter-omen-elite-8-multiscal\\\/#primaryimage\"},\"thumbnailUrl\":\"https:\\\/\\\/www.mexicanguitarplayers.com\\\/wp-content\\\/uploads\\\/2025\\\/04\\\/ISSCCOMENELIT8.jpg\",\"datePublished\":\"2025-04-08T17:43:46+00:00\",\"dateModified\":\"2026-05-01T13:24:28+00:00\",\"description\":\"Guitarra el\u00e9ctrica s\u00f3lida de 8 cuerdas, cuerpo de caoba, tapa arqueada, uni\u00f3n en negro, una capa, hardware negro, construcci\u00f3n bolt-on, puente Hipshot 8-String Multiscale Fixed Bridge, brazo C delgado de maple, diapas\u00f3n de palo de rosa de 20\u201d (508 mm) de radio, maquinaria Schecter, incrustaciones de l\u00edneas aperladas, escala: 25.5\u201d (648 mm) - 27.5\u201d (698.5 mm) multi escala, espesor en el primer traste: .787\u201d (20 mm) y en el traste 12: .866\u201d (22 mm), 24 trastes Jumbo, cejuela de Graph Tech XL Black Tusq de 2.205\u201d (56 mm) de ancho, alma ajustable de 2 v\u00edas con tuerca Allen de 5\\\/32\u201d (4 mm), controles: Volumen y tono, selector de 5 posiciones, pastilla del puente: Schecter Diamond Heretic, pastilla del brazo: Schecter Diamond Heretic, perillas de metal moleteado con tornillo de fijaci\u00f3n.\",\"breadcrumb\":{\"@id\":\"https:\\\/\\\/www.mexicanguitarplayers.com\\\/tienda\\\/sin categor\u00eda\\\/guitarra-schecter-omen-elite-8-multiscal\\\/#breadcrumb\"},\"inLanguage\":\"en-US\",\"potentialAction\":[{\"@type\":\"ReadAction\",\"target\":[\"https:\\\/\\\/www.mexicanguitarplayers.com\\\/tienda\\\/sin categor\u00eda\\\/guitarra-schecter-omen-elite-8-multiscal\\\/\"]}]},{\"@type\":\"ImageObject\",\"inLanguage\":\"en-US\",\"@id\":\"https:\\\/\\\/www.mexicanguitarplayers.com\\\/tienda\\\/sin categor\u00eda\\\/guitarra-schecter-omen-elite-8-multiscal\\\/#primaryimage\",\"url\":\"https:\\\/\\\/www.mexicanguitarplayers.com\\\/wp-content\\\/uploads\\\/2025\\\/04\\\/ISSCCOMENELIT8.jpg\",\"contentUrl\":\"https:\\\/\\\/www.mexicanguitarplayers.com\\\/wp-content\\\/uploads\\\/2025\\\/04\\\/ISSCCOMENELIT8.jpg\",\"width\":800,\"height\":1600},{\"@type\":\"BreadcrumbList\",\"@id\":\"https:\\\/\\\/www.mexicanguitarplayers.com\\\/tienda\\\/sin categor\u00eda\\\/guitarra-schecter-omen-elite-8-multiscal\\\/#breadcrumb\",\"itemListElement\":[{\"@type\":\"ListItem\",\"position\":1,\"name\":\"Portada\",\"item\":\"https:\\\/\\\/www.mexicanguitarplayers.com\\\/\"},{\"@type\":\"ListItem\",\"position\":2,\"name\":\"Tienda\",\"item\":\"https:\\\/\\\/www.mexicanguitarplayers.com\\\/tienda\\\/\"},{\"@type\":\"ListItem\",\"position\":3,\"name\":\"GUITARRA SCHECTER OMEN ELITE-8 MULTISCAL\"}]},{\"@type\":\"WebSite\",\"@id\":\"https:\\\/\\\/www.mexicanguitarplayers.com\\\/#website\",\"url\":\"https:\\\/\\\/www.mexicanguitarplayers.com\\\/\",\"name\":\"Mexican Guitar Players\",\"description\":\"Website\",\"publisher\":{\"@id\":\"https:\\\/\\\/www.mexicanguitarplayers.com\\\/#organization\"},\"potentialAction\":[{\"@type\":\"SearchAction\",\"target\":{\"@type\":\"EntryPoint\",\"urlTemplate\":\"https:\\\/\\\/www.mexicanguitarplayers.com\\\/?s={search_term_string}\"},\"query-input\":{\"@type\":\"PropertyValueSpecification\",\"valueRequired\":true,\"valueName\":\"search_term_string\"}}],\"inLanguage\":\"en-US\"},{\"@type\":\"Organization\",\"@id\":\"https:\\\/\\\/www.mexicanguitarplayers.com\\\/#organization\",\"name\":\"Mexican Guitar Players\",\"url\":\"https:\\\/\\\/www.mexicanguitarplayers.com\\\/\",\"logo\":{\"@type\":\"ImageObject\",\"inLanguage\":\"en-US\",\"@id\":\"https:\\\/\\\/www.mexicanguitarplayers.com\\\/#\\\/schema\\\/logo\\\/image\\\/\",\"url\":\"\",\"contentUrl\":\"\",\"caption\":\"Mexican Guitar Players\"},\"image\":{\"@id\":\"https:\\\/\\\/www.mexicanguitarplayers.com\\\/#\\\/schema\\\/logo\\\/image\\\/\"}}]}<\/script>\n<!-- \/ Yoast SEO plugin. -->","yoast_head_json":{"title":"GUITARRA SCHECTER OMEN ELITE-8 MULTISCAL - Mexican Guitar Players","description":"Guitarra el\u00e9ctrica s\u00f3lida de 8 cuerdas, cuerpo de caoba, tapa arqueada, uni\u00f3n en negro, una capa, hardware negro, construcci\u00f3n bolt-on, puente Hipshot 8-String Multiscale Fixed Bridge, brazo C delgado de maple, diapas\u00f3n de palo de rosa de 20\u201d (508 mm) de radio, maquinaria Schecter, incrustaciones de l\u00edneas aperladas, escala: 25.5\u201d (648 mm) - 27.5\u201d (698.5 mm) multi escala, espesor en el primer traste: .787\u201d (20 mm) y en el traste 12: .866\u201d (22 mm), 24 trastes Jumbo, cejuela de Graph Tech XL Black Tusq de 2.205\u201d (56 mm) de ancho, alma ajustable de 2 v\u00edas con tuerca Allen de 5\/32\u201d (4 mm), controles: Volumen y tono, selector de 5 posiciones, pastilla del puente: Schecter Diamond Heretic, pastilla del brazo: Schecter Diamond Heretic, perillas de metal moleteado con tornillo de fijaci\u00f3n.","robots":{"index":"index","follow":"follow","max-snippet":"max-snippet:-1","max-image-preview":"max-image-preview:large","max-video-preview":"max-video-preview:-1"},"canonical":"https:\/\/www.mexicanguitarplayers.com\/en\/tienda\/sin categor\u00eda\/guitarra-schecter-omen-elite-8-multiscal\/","og_locale":"en_US","og_type":"article","og_title":"GUITARRA SCHECTER OMEN ELITE-8 MULTISCAL - Mexican Guitar Players","og_description":"Guitarra el\u00e9ctrica s\u00f3lida de 8 cuerdas, cuerpo de caoba, tapa arqueada, uni\u00f3n en negro, una capa, hardware negro, construcci\u00f3n bolt-on, puente Hipshot 8-String Multiscale Fixed Bridge, brazo C delgado de maple, diapas\u00f3n de palo de rosa de 20\u201d (508 mm) de radio, maquinaria Schecter, incrustaciones de l\u00edneas aperladas, escala: 25.5\u201d (648 mm) - 27.5\u201d (698.5 mm) multi escala, espesor en el primer traste: .787\u201d (20 mm) y en el traste 12: .866\u201d (22 mm), 24 trastes Jumbo, cejuela de Graph Tech XL Black Tusq de 2.205\u201d (56 mm) de ancho, alma ajustable de 2 v\u00edas con tuerca Allen de 5\/32\u201d (4 mm), controles: Volumen y tono, selector de 5 posiciones, pastilla del puente: Schecter Diamond Heretic, pastilla del brazo: Schecter Diamond Heretic, perillas de metal moleteado con tornillo de fijaci\u00f3n.","og_url":"https:\/\/www.mexicanguitarplayers.com\/en\/tienda\/sin categor\u00eda\/guitarra-schecter-omen-elite-8-multiscal\/","og_site_name":"Mexican Guitar Players","article_modified_time":"2026-05-01T13:24:28+00:00","twitter_card":"summary_large_image","twitter_misc":{"Est. reading time":"1 minute"},"schema":{"@context":"https:\/\/schema.org","@graph":[{"@type":["WebPage","ItemPage"],"@id":"https:\/\/www.mexicanguitarplayers.com\/tienda\/sin categor\u00eda\/guitarra-schecter-omen-elite-8-multiscal\/","url":"https:\/\/www.mexicanguitarplayers.com\/tienda\/sin categor\u00eda\/guitarra-schecter-omen-elite-8-multiscal\/","name":"GUITARRA SCHECTER OMEN ELITE-8 MULTISCAL - Mexican Guitar Players","isPartOf":{"@id":"https:\/\/www.mexicanguitarplayers.com\/#website"},"primaryImageOfPage":{"@id":"https:\/\/www.mexicanguitarplayers.com\/tienda\/sin categor\u00eda\/guitarra-schecter-omen-elite-8-multiscal\/#primaryimage"},"image":{"@id":"https:\/\/www.mexicanguitarplayers.com\/tienda\/sin categor\u00eda\/guitarra-schecter-omen-elite-8-multiscal\/#primaryimage"},"thumbnailUrl":"https:\/\/www.mexicanguitarplayers.com\/wp-content\/uploads\/2025\/04\/ISSCCOMENELIT8.jpg","datePublished":"2025-04-08T17:43:46+00:00","dateModified":"2026-05-01T13:24:28+00:00","description":"Guitarra el\u00e9ctrica s\u00f3lida de 8 cuerdas, cuerpo de caoba, tapa arqueada, uni\u00f3n en negro, una capa, hardware negro, construcci\u00f3n bolt-on, puente Hipshot 8-String Multiscale Fixed Bridge, brazo C delgado de maple, diapas\u00f3n de palo de rosa de 20\u201d (508 mm) de radio, maquinaria Schecter, incrustaciones de l\u00edneas aperladas, escala: 25.5\u201d (648 mm) - 27.5\u201d (698.5 mm) multi escala, espesor en el primer traste: .787\u201d (20 mm) y en el traste 12: .866\u201d (22 mm), 24 trastes Jumbo, cejuela de Graph Tech XL Black Tusq de 2.205\u201d (56 mm) de ancho, alma ajustable de 2 v\u00edas con tuerca Allen de 5\/32\u201d (4 mm), controles: Volumen y tono, selector de 5 posiciones, pastilla del puente: Schecter Diamond Heretic, pastilla del brazo: Schecter Diamond Heretic, perillas de metal moleteado con tornillo de fijaci\u00f3n.","breadcrumb":{"@id":"https:\/\/www.mexicanguitarplayers.com\/tienda\/sin categor\u00eda\/guitarra-schecter-omen-elite-8-multiscal\/#breadcrumb"},"inLanguage":"en-US","potentialAction":[{"@type":"ReadAction","target":["https:\/\/www.mexicanguitarplayers.com\/tienda\/sin categor\u00eda\/guitarra-schecter-omen-elite-8-multiscal\/"]}]},{"@type":"ImageObject","inLanguage":"en-US","@id":"https:\/\/www.mexicanguitarplayers.com\/tienda\/sin categor\u00eda\/guitarra-schecter-omen-elite-8-multiscal\/#primaryimage","url":"https:\/\/www.mexicanguitarplayers.com\/wp-content\/uploads\/2025\/04\/ISSCCOMENELIT8.jpg","contentUrl":"https:\/\/www.mexicanguitarplayers.com\/wp-content\/uploads\/2025\/04\/ISSCCOMENELIT8.jpg","width":800,"height":1600},{"@type":"BreadcrumbList","@id":"https:\/\/www.mexicanguitarplayers.com\/tienda\/sin categor\u00eda\/guitarra-schecter-omen-elite-8-multiscal\/#breadcrumb","itemListElement":[{"@type":"ListItem","position":1,"name":"Portada","item":"https:\/\/www.mexicanguitarplayers.com\/"},{"@type":"ListItem","position":2,"name":"Tienda","item":"https:\/\/www.mexicanguitarplayers.com\/tienda\/"},{"@type":"ListItem","position":3,"name":"GUITARRA SCHECTER OMEN ELITE-8 MULTISCAL"}]},{"@type":"WebSite","@id":"https:\/\/www.mexicanguitarplayers.com\/#website","url":"https:\/\/www.mexicanguitarplayers.com\/","name":"Mexican Guitar Players","description":"Website","publisher":{"@id":"https:\/\/www.mexicanguitarplayers.com\/#organization"},"potentialAction":[{"@type":"SearchAction","target":{"@type":"EntryPoint","urlTemplate":"https:\/\/www.mexicanguitarplayers.com\/?s={search_term_string}"},"query-input":{"@type":"PropertyValueSpecification","valueRequired":true,"valueName":"search_term_string"}}],"inLanguage":"en-US"},{"@type":"Organization","@id":"https:\/\/www.mexicanguitarplayers.com\/#organization","name":"Mexican Guitar Players","url":"https:\/\/www.mexicanguitarplayers.com\/","logo":{"@type":"ImageObject","inLanguage":"en-US","@id":"https:\/\/www.mexicanguitarplayers.com\/#\/schema\/logo\/image\/","url":"","contentUrl":"","caption":"Mexican Guitar Players"},"image":{"@id":"https:\/\/www.mexicanguitarplayers.com\/#\/schema\/logo\/image\/"}}]}},"brands":[{"id":175,"name":"SCHECTER","slug":"schecter"}],"_links":{"self":[{"href":"https:\/\/www.mexicanguitarplayers.com\/en\/wp-json\/wp\/v2\/product\/31222","targetHints":{"allow":["GET"]}}],"collection":[{"href":"https:\/\/www.mexicanguitarplayers.com\/en\/wp-json\/wp\/v2\/product"}],"about":[{"href":"https:\/\/www.mexicanguitarplayers.com\/en\/wp-json\/wp\/v2\/types\/product"}],"replies":[{"embeddable":true,"href":"https:\/\/www.mexicanguitarplayers.com\/en\/wp-json\/wp\/v2\/comments?post=31222"}],"wp:featuredmedia":[{"embeddable":true,"href":"https:\/\/www.mexicanguitarplayers.com\/en\/wp-json\/wp\/v2\/media\/31216"}],"wp:attachment":[{"href":"https:\/\/www.mexicanguitarplayers.com\/en\/wp-json\/wp\/v2\/media?parent=31222"}],"wp:term":[{"taxonomy":"pwb-brand","embeddable":true,"href":"https:\/\/www.mexicanguitarplayers.com\/en\/wp-json\/wp\/v2\/pwb-brand?post=31222"},{"taxonomy":"product_brand","embeddable":true,"href":"https:\/\/www.mexicanguitarplayers.com\/en\/wp-json\/wp\/v2\/product_brand?post=31222"},{"taxonomy":"product_cat","embeddable":true,"href":"https:\/\/www.mexicanguitarplayers.com\/en\/wp-json\/wp\/v2\/product_cat?post=31222"},{"taxonomy":"product_tag","embeddable":true,"href":"https:\/\/www.mexicanguitarplayers.com\/en\/wp-json\/wp\/v2\/product_tag?post=31222"}],"curies":[{"name":"wp","href":"https:\/\/api.w.org\/{rel}","templated":true}]}}