{"id":31252,"date":"2025-04-08T11:45:53","date_gmt":"2025-04-08T17:45:53","guid":{"rendered":"https:\/\/www.mexicanguitarplayers.com\/tienda\/sin categor\u00eda\/amplificador-behringer-poder-ep2000\/"},"modified":"2026-05-01T07:24:26","modified_gmt":"2026-05-01T13:24:26","slug":"amplificador-behringer-poder-ep2000","status":"publish","type":"product","link":"https:\/\/www.mexicanguitarplayers.com\/en\/tienda\/audio\/amplificadores-audio\/amplificadores-de-potencia\/amplificador-behringer-poder-ep2000\/","title":{"rendered":"AMPLIFICADOR BEHRINGER PODER   EP2000"},"content":{"rendered":"<div style=\"text-align: justify\">\n<div>\n<h3>Potencia y calidad sonora.<\/h3>\n<\/div>\n<div>El EP2000 se ha convertido en uno de los amplificadores de potencia m\u00e1s vendidos en la industria. Nuestra tecnolog\u00eda patentada de respuesta transitoria acelerada (ATR) otorga al EP2000 las reservas masivas de energ\u00eda necesarias para obtener una respuesta profunda e impactante de graves, lo que se traduce en una calidad de sonido m\u00e1s natural, que har\u00e1 que tu audiencia se ponga de pie. Con una incre\u00edble potencia de 2 x 1,000 watts a 2 ohms, 2 x 750 watts a 4 ohms y  2,000 watts a 4 ohms en modo puente, el EP2000 es perfecto para conciertos en clubes de tama\u00f1o mediano, sistemas m\u00f3viles de PA y servicios religiosos o espacios p\u00fablicos. Notable facilidad de uso. Los controles simples del panel frontal del EP2000 proporcionan todos los signos vitales de tu amplificador en un vistazo. Despu\u00e9s de mover el interruptor principal, el LED de alimentaci\u00f3n se encender\u00e1 cuando el amplificador est\u00e9 listo para la acci\u00f3n. Cada uno de los 2 canales cuenta con controles de ganancia y LED de se\u00f1al dedicados, que se encienden cuando hay una se\u00f1al de entrada, as\u00ed como los LED Clip para indicar cuando se requieren ajustes de entrada.<\/div>\n<div>\n<h4>Quick look<\/h4>\n<\/div>\n<ul style=\"margin: 0px 0px 0px 25px\">\n<li style=\"list-style-type: circle;margin: 5px\">Output power.<\/li>\n<li style=\"list-style-type: circle;margin: 5px\">Distorsi\u00f3n.<\/li>\n<li style=\"list-style-type: circle;margin: 5px\">Frequency response.<\/li>\n<li style=\"list-style-type: circle;margin: 5px\">Coeficiente de amortiguamiento.<\/li>\n<li style=\"list-style-type: circle;margin: 5px\">Ruido.<\/li>\n<li style=\"list-style-type: circle;margin: 5px\">Amplificaci\u00f3n.<\/li>\n<li style=\"list-style-type: circle;margin: 5px\">Sensibilidad de entrada.<\/li>\n<li style=\"list-style-type: circle;margin: 5px\">Input impedance.<\/li>\n<li style=\"list-style-type: circle;margin: 5px\">Controls<\/li>\n<li style=\"list-style-type: circle;margin: 5px\">Indicadores LED.<\/li>\n<li style=\"list-style-type: circle;margin: 5px\">Conexiones.<\/li>\n<li style=\"list-style-type: circle;margin: 5px\">Enfriamiento por ventilador.<\/li>\n<li style=\"list-style-type: circle;margin: 5px\">Circuito de protecci\u00f3n.<\/li>\n<li style=\"list-style-type: circle;margin: 5px\">Protecci\u00f3n de altavoces.<\/li>\n<li style=\"list-style-type: circle;margin: 5px\">Tipo de circuito.<\/li>\n<li style=\"list-style-type: circle;margin: 5px\">Feeding.<\/li>\n<li style=\"list-style-type: circle;margin: 5px\">Energy consumption.<\/li>\n<li style=\"list-style-type: circle;margin: 5px\">Conexi\u00f3n a red.<\/li>\n<li style=\"list-style-type: circle;margin: 5px\">Dimensions.<\/li>\n<li style=\"list-style-type: circle;margin: 5px\">Weight.<\/li>\n<\/ul>\n<div>\n<div style=\"font-weight: bold\">Output power.<\/div>\n<div>\n<p>RMS @ 1% THD (onda sinusoidal), ambos canales con se\u00f1al. 8 ohms por canal: 350 watts. 4 ohms por canal: 500 watts. 2 ohms por canal: 650 watts. RMS @ 1% THD (onda sinusoidal), modo puente mono. 8 ohms: 1,000 watts. 4 ohms: 1300 watts. Pico de potencia, ambos canales con se\u00f1al. 8 ohms por canal: 400 watts. 4 ohms por canal: 750 watts. 2 ohms por canal: 1,000 watts. Pico de potencia, modo de puente mono. 8 ohms: 1,500 watts. 4 ohms: 2,000 watts.<\/p>\n<\/div>\n<div style=\"font-weight: bold\">Distorsi\u00f3n.<\/div>\n<div>\n<p>&lt;0.01%<\/p>\n<\/div>\n<div style=\"font-weight: bold\">Frequency response.<\/div>\n<div>\n<p>10 dB por debajo: 20 Hz &#8211; 20 kHz +0\/-1 dB. En puntos de -3 dB: 5 Hz &#8211; 50 kHz.<\/p>\n<\/div>\n<div style=\"font-weight: bold\">Coeficiente de amortiguamiento.<\/div>\n<div>\n<p>&gt;300 @ 8 ohms.<\/p>\n<\/div>\n<div style=\"font-weight: bold\">Ruido.<\/div>\n<div>\n<p>No ponderado, 20 Hz &#8211; 20 kHz: &#8211; 100 dB.<\/p>\n<\/div>\n<div style=\"font-weight: bold\">Amplificaci\u00f3n.<\/div>\n<div>\n<p>40 veces (32 dB).<\/p>\n<\/div>\n<div style=\"font-weight: bold\">Sensibilidad de entrada.<\/div>\n<div>\n<p>V RMS (a 8 ohms): 1,15V (+3,4 dBu).<\/p>\n<\/div>\n<div style=\"font-weight: bold\">Input impedance.<\/div>\n<div>\n<p>10 kohms (desbalanceada). 20 kohms (balanceada).<\/p>\n<\/div>\n<div style=\"font-weight: bold\">Controls<\/div>\n<div>\n<p>Parte frontal: Interruptor de encendido, controles de ganancia (canales 1 y 2). Parte posterior: Conmutador DIP (10 veces).<\/p>\n<\/div>\n<div style=\"font-weight: bold\">Indicadores LED.<\/div>\n<div>\n<p>Power: LED verde. Clip: LED rojo (1 por canal). Se\u00f1al: LED amarillo (1 por canal).<\/p>\n<\/div>\n<div style=\"font-weight: bold\">Conexiones.<\/div>\n<div>\n<p>Entradas: Jacks balanceados XLR y jack est\u00e9reo de 6.3 mm. Salidas: Bornes roscados &#8220;touch-proof&#8221; y conectores (compatible con SpeakON).<\/p>\n<\/div>\n<div style=\"font-weight: bold\">Enfriamiento por ventilador.<\/div>\n<div>\n<p>Regulador de la velocidad dependiente de la temperatura, circulaci\u00f3n de aire de la parte posterior a la frontal (&#8220;back-to-front&#8221;).<\/p>\n<\/div>\n<div style=\"font-weight: bold\">Circuito de protecci\u00f3n.<\/div>\n<div>\n<p>Contra corto circuito, salida abierta, sobrecarga t\u00e9rmica y alta frecuencia, funcionamiento estable ante cargas complejas y desequilibradas.<\/p>\n<\/div>\n<div style=\"font-weight: bold\">Protecci\u00f3n de altavoces.<\/div>\n<div>\n<p>Encendido \/ apagado silencioso, acoplamiento en alterna.<\/p>\n<\/div>\n<div style=\"font-weight: bold\">Tipo de circuito.<\/div>\n<div>\n<p>Clase AB, salida lineal complementaria Clase H, salida lineal complementaria.<\/p>\n<\/div>\n<div style=\"font-weight: bold\">Feeding.<\/div>\n<div>\n<p>Tensi\u00f3n de red \/ Fusible (autom\u00e1tico). 100 &#8211; 120V~, 50\/60 Hz: 15 A. 220 &#8211; 230V~, 50\/60 Hz: 8 A.<\/p>\n<\/div>\n<div style=\"font-weight: bold\">Energy consumption.<\/div>\n<div>\n<p>1600 watts.<\/p>\n<\/div>\n<div style=\"font-weight: bold\">Conexi\u00f3n a red.<\/div>\n<div>\n<p>Conector IEC est\u00e1ndar.<\/p>\n<\/div>\n<div style=\"font-weight: bold\">Dimensions.<\/div>\n<div>\n<p>88 x 483 x 402 mm.<\/p>\n<\/div>\n<div style=\"font-weight: bold\">Weight.<\/div>\n<div>\n<p>15.7 kg.<\/p>\n<\/div>\n<\/div>\n<\/div>","protected":false},"excerpt":{"rendered":"<p>Amplificador de potencia con tecnolog\u00eda ATR (Accelerated Transient Response) para una gran claridad y punch, potencia de 2 x 1,000 watts a 2 ohms, 2 x 750 wattsa 4 ohm y 2,000 watts a 4 ohms en modo puente, limitadores conmutables que ofrecen un nivel m\u00e1ximo de salida con una protecci\u00f3n fiable de sobrecarga, controlesde ganancia con topa para un ajuste preciso y ajuste de sensibilidad, LEDs de potencia, se\u00f1al y clip para supervisi\u00f3n del rendimiento, conectores de entrada XLR y TRS 1\/4\u201d para compatibilidad con cualquier fuente, conectores profesionalesde altavoz y binding posts \u201dtouch-proof\u201d, filtros seleccionables de baja frecuencia que eliminan las frecuencias da\u00f1inas de los infrarrojos, DC independiente yprotecci\u00f3n de sobrecarga t\u00e9rmica en cada canal que protege autom\u00e1ticamente el amplificador y los altavoces, transformador toroidal de alta corriente para una respuesta transitoria ultra alta y una fiabilidad absoluta, sistema de ventilaci\u00f3n\u201dback-to-front\u201d que incluye un filtro de aire para un funcionamiento fiable, chasis de acero de 2 unidades de rack, dimensiones: 88 x 483 x 402 mm, peso: 15.7 kg.&hellip; <a class=\"kt-excerpt-readmore more-link\" href=\"https:\/\/www.mexicanguitarplayers.com\/en\/tienda\/audio\/amplificadores-audio\/amplificadores-de-potencia\/amplificador-behringer-poder-ep2000\/\">Read more<\/a><\/p>","protected":false},"featured_media":31249,"comment_status":"open","ping_status":"closed","template":"","meta":{"kt_blocks_editor_width":""},"pwb-brand":[171],"product_brand":[],"product_cat":[219,220,213],"product_tag":[],"class_list":{"0":"post-31252","1":"product","2":"type-product","3":"status-publish","4":"has-post-thumbnail","6":"pwb-brand-behringer","7":"product_cat-amplificadores-audio","8":"product_cat-amplificadores-de-potencia","9":"product_cat-audio","10":"product_shipping_class-20-25-kg","12":"first","13":"instock","14":"taxable","15":"shipping-taxable","16":"purchasable","17":"product-type-simple"},"yoast_head":"<!-- This site is optimized with the Yoast SEO plugin v27.5 - https:\/\/yoast.com\/product\/yoast-seo-wordpress\/ -->\n<title>AMPLIFICADOR BEHRINGER PODER  EP2000 - Mexican Guitar Players<\/title>\n<meta name=\"description\" content=\"Amplificador de potencia con tecnolog\u00eda ATR (Accelerated Transient Response) para una gran claridad y punch, potencia de 2 x 1,000 watts a 2 ohms, 2 x 750 wattsa 4 ohm y 2,000 watts a 4 ohms en modo puente, limitadores conmutables que ofrecen un nivel m\u00e1ximo de salida con una protecci\u00f3n fiable de sobrecarga, controlesde ganancia con topa para un ajuste preciso y ajuste de sensibilidad, LEDs de potencia, se\u00f1al y clip para supervisi\u00f3n del rendimiento, conectores de entrada XLR y TRS 1\/4\u201d para compatibilidad con cualquier fuente, conectores profesionalesde altavoz y binding posts \u201dtouch-proof\u201d, filtros seleccionables de baja frecuencia que eliminan las frecuencias da\u00f1inas de los infrarrojos, DC independiente yprotecci\u00f3n de sobrecarga t\u00e9rmica en cada canal que protege autom\u00e1ticamente el amplificador y los altavoces, transformador toroidal de alta corriente para una respuesta transitoria ultra alta y una fiabilidad absoluta, sistema de ventilaci\u00f3n\u201dback-to-front\u201d que incluye un filtro de aire para un funcionamiento fiable, chasis de acero de 2 unidades de rack, dimensiones: 88 x 483 x 402 mm, peso: 15.7 kg.\" \/>\n<meta name=\"robots\" content=\"index, follow, max-snippet:-1, max-image-preview:large, max-video-preview:-1\" \/>\n<link rel=\"canonical\" href=\"https:\/\/www.mexicanguitarplayers.com\/en\/tienda\/sin%20categor\u00eda\/amplificador-behringer-poder-ep2000\/\" \/>\n<meta property=\"og:locale\" content=\"en_US\" \/>\n<meta property=\"og:type\" content=\"article\" \/>\n<meta property=\"og:title\" content=\"AMPLIFICADOR BEHRINGER PODER  EP2000 - Mexican Guitar Players\" \/>\n<meta property=\"og:description\" content=\"Amplificador de potencia con tecnolog\u00eda ATR (Accelerated Transient Response) para una gran claridad y punch, potencia de 2 x 1,000 watts a 2 ohms, 2 x 750 wattsa 4 ohm y 2,000 watts a 4 ohms en modo puente, limitadores conmutables que ofrecen un nivel m\u00e1ximo de salida con una protecci\u00f3n fiable de sobrecarga, controlesde ganancia con topa para un ajuste preciso y ajuste de sensibilidad, LEDs de potencia, se\u00f1al y clip para supervisi\u00f3n del rendimiento, conectores de entrada XLR y TRS 1\/4\u201d para compatibilidad con cualquier fuente, conectores profesionalesde altavoz y binding posts \u201dtouch-proof\u201d, filtros seleccionables de baja frecuencia que eliminan las frecuencias da\u00f1inas de los infrarrojos, DC independiente yprotecci\u00f3n de sobrecarga t\u00e9rmica en cada canal que protege autom\u00e1ticamente el amplificador y los altavoces, transformador toroidal de alta corriente para una respuesta transitoria ultra alta y una fiabilidad absoluta, sistema de ventilaci\u00f3n\u201dback-to-front\u201d que incluye un filtro de aire para un funcionamiento fiable, chasis de acero de 2 unidades de rack, dimensiones: 88 x 483 x 402 mm, peso: 15.7 kg.\" \/>\n<meta property=\"og:url\" content=\"https:\/\/www.mexicanguitarplayers.com\/en\/tienda\/sin categor\u00eda\/amplificador-behringer-poder-ep2000\/\" \/>\n<meta property=\"og:site_name\" content=\"Mexican Guitar Players\" \/>\n<meta property=\"article:modified_time\" content=\"2026-05-01T13:24:26+00:00\" \/>\n<meta name=\"twitter:card\" content=\"summary_large_image\" \/>\n<meta name=\"twitter:label1\" content=\"Est. reading time\" \/>\n\t<meta name=\"twitter:data1\" content=\"3 minutes\" \/>\n<script type=\"application\/ld+json\" class=\"yoast-schema-graph\">{\"@context\":\"https:\\\/\\\/schema.org\",\"@graph\":[{\"@type\":[\"WebPage\",\"ItemPage\"],\"@id\":\"https:\\\/\\\/www.mexicanguitarplayers.com\\\/tienda\\\/sin categor\u00eda\\\/amplificador-behringer-poder-ep2000\\\/\",\"url\":\"https:\\\/\\\/www.mexicanguitarplayers.com\\\/tienda\\\/sin categor\u00eda\\\/amplificador-behringer-poder-ep2000\\\/\",\"name\":\"AMPLIFICADOR BEHRINGER PODER EP2000 - Mexican Guitar Players\",\"isPartOf\":{\"@id\":\"https:\\\/\\\/www.mexicanguitarplayers.com\\\/#website\"},\"primaryImageOfPage\":{\"@id\":\"https:\\\/\\\/www.mexicanguitarplayers.com\\\/tienda\\\/sin categor\u00eda\\\/amplificador-behringer-poder-ep2000\\\/#primaryimage\"},\"image\":{\"@id\":\"https:\\\/\\\/www.mexicanguitarplayers.com\\\/tienda\\\/sin categor\u00eda\\\/amplificador-behringer-poder-ep2000\\\/#primaryimage\"},\"thumbnailUrl\":\"https:\\\/\\\/www.mexicanguitarplayers.com\\\/wp-content\\\/uploads\\\/2025\\\/04\\\/IABEHEP2000.jpg\",\"datePublished\":\"2025-04-08T17:45:53+00:00\",\"dateModified\":\"2026-05-01T13:24:26+00:00\",\"description\":\"Amplificador de potencia con tecnolog\u00eda ATR (Accelerated Transient Response) para una gran claridad y punch, potencia de 2 x 1,000 watts a 2 ohms, 2 x 750 wattsa 4 ohm y 2,000 watts a 4 ohms en modo puente, limitadores conmutables que ofrecen un nivel m\u00e1ximo de salida con una protecci\u00f3n fiable de sobrecarga, controlesde ganancia con topa para un ajuste preciso y ajuste de sensibilidad, LEDs de potencia, se\u00f1al y clip para supervisi\u00f3n del rendimiento, conectores de entrada XLR y TRS 1\\\/4\u201d para compatibilidad con cualquier fuente, conectores profesionalesde altavoz y binding posts \u201dtouch-proof\u201d, filtros seleccionables de baja frecuencia que eliminan las frecuencias da\u00f1inas de los infrarrojos, DC independiente yprotecci\u00f3n de sobrecarga t\u00e9rmica en cada canal que protege autom\u00e1ticamente el amplificador y los altavoces, transformador toroidal de alta corriente para una respuesta transitoria ultra alta y una fiabilidad absoluta, sistema de ventilaci\u00f3n\u201dback-to-front\u201d que incluye un filtro de aire para un funcionamiento fiable, chasis de acero de 2 unidades de rack, dimensiones: 88 x 483 x 402 mm, peso: 15.7 kg.\",\"breadcrumb\":{\"@id\":\"https:\\\/\\\/www.mexicanguitarplayers.com\\\/tienda\\\/sin categor\u00eda\\\/amplificador-behringer-poder-ep2000\\\/#breadcrumb\"},\"inLanguage\":\"en-US\",\"potentialAction\":[{\"@type\":\"ReadAction\",\"target\":[\"https:\\\/\\\/www.mexicanguitarplayers.com\\\/tienda\\\/sin categor\u00eda\\\/amplificador-behringer-poder-ep2000\\\/\"]}]},{\"@type\":\"ImageObject\",\"inLanguage\":\"en-US\",\"@id\":\"https:\\\/\\\/www.mexicanguitarplayers.com\\\/tienda\\\/sin categor\u00eda\\\/amplificador-behringer-poder-ep2000\\\/#primaryimage\",\"url\":\"https:\\\/\\\/www.mexicanguitarplayers.com\\\/wp-content\\\/uploads\\\/2025\\\/04\\\/IABEHEP2000.jpg\",\"contentUrl\":\"https:\\\/\\\/www.mexicanguitarplayers.com\\\/wp-content\\\/uploads\\\/2025\\\/04\\\/IABEHEP2000.jpg\",\"width\":1600,\"height\":800},{\"@type\":\"BreadcrumbList\",\"@id\":\"https:\\\/\\\/www.mexicanguitarplayers.com\\\/tienda\\\/sin categor\u00eda\\\/amplificador-behringer-poder-ep2000\\\/#breadcrumb\",\"itemListElement\":[{\"@type\":\"ListItem\",\"position\":1,\"name\":\"Portada\",\"item\":\"https:\\\/\\\/www.mexicanguitarplayers.com\\\/\"},{\"@type\":\"ListItem\",\"position\":2,\"name\":\"Tienda\",\"item\":\"https:\\\/\\\/www.mexicanguitarplayers.com\\\/tienda\\\/\"},{\"@type\":\"ListItem\",\"position\":3,\"name\":\"AMPLIFICADOR BEHRINGER PODER EP2000\"}]},{\"@type\":\"WebSite\",\"@id\":\"https:\\\/\\\/www.mexicanguitarplayers.com\\\/#website\",\"url\":\"https:\\\/\\\/www.mexicanguitarplayers.com\\\/\",\"name\":\"Mexican Guitar Players\",\"description\":\"Website\",\"publisher\":{\"@id\":\"https:\\\/\\\/www.mexicanguitarplayers.com\\\/#organization\"},\"potentialAction\":[{\"@type\":\"SearchAction\",\"target\":{\"@type\":\"EntryPoint\",\"urlTemplate\":\"https:\\\/\\\/www.mexicanguitarplayers.com\\\/?s={search_term_string}\"},\"query-input\":{\"@type\":\"PropertyValueSpecification\",\"valueRequired\":true,\"valueName\":\"search_term_string\"}}],\"inLanguage\":\"en-US\"},{\"@type\":\"Organization\",\"@id\":\"https:\\\/\\\/www.mexicanguitarplayers.com\\\/#organization\",\"name\":\"Mexican Guitar Players\",\"url\":\"https:\\\/\\\/www.mexicanguitarplayers.com\\\/\",\"logo\":{\"@type\":\"ImageObject\",\"inLanguage\":\"en-US\",\"@id\":\"https:\\\/\\\/www.mexicanguitarplayers.com\\\/#\\\/schema\\\/logo\\\/image\\\/\",\"url\":\"\",\"contentUrl\":\"\",\"caption\":\"Mexican Guitar Players\"},\"image\":{\"@id\":\"https:\\\/\\\/www.mexicanguitarplayers.com\\\/#\\\/schema\\\/logo\\\/image\\\/\"}}]}<\/script>\n<!-- \/ Yoast SEO plugin. -->","yoast_head_json":{"title":"AMPLIFICADOR BEHRINGER PODER  EP2000 - Mexican Guitar Players","description":"Amplificador de potencia con tecnolog\u00eda ATR (Accelerated Transient Response) para una gran claridad y punch, potencia de 2 x 1,000 watts a 2 ohms, 2 x 750 wattsa 4 ohm y 2,000 watts a 4 ohms en modo puente, limitadores conmutables que ofrecen un nivel m\u00e1ximo de salida con una protecci\u00f3n fiable de sobrecarga, controlesde ganancia con topa para un ajuste preciso y ajuste de sensibilidad, LEDs de potencia, se\u00f1al y clip para supervisi\u00f3n del rendimiento, conectores de entrada XLR y TRS 1\/4\u201d para compatibilidad con cualquier fuente, conectores profesionalesde altavoz y binding posts \u201dtouch-proof\u201d, filtros seleccionables de baja frecuencia que eliminan las frecuencias da\u00f1inas de los infrarrojos, DC independiente yprotecci\u00f3n de sobrecarga t\u00e9rmica en cada canal que protege autom\u00e1ticamente el amplificador y los altavoces, transformador toroidal de alta corriente para una respuesta transitoria ultra alta y una fiabilidad absoluta, sistema de ventilaci\u00f3n\u201dback-to-front\u201d que incluye un filtro de aire para un funcionamiento fiable, chasis de acero de 2 unidades de rack, dimensiones: 88 x 483 x 402 mm, peso: 15.7 kg.","robots":{"index":"index","follow":"follow","max-snippet":"max-snippet:-1","max-image-preview":"max-image-preview:large","max-video-preview":"max-video-preview:-1"},"canonical":"https:\/\/www.mexicanguitarplayers.com\/en\/tienda\/sin categor\u00eda\/amplificador-behringer-poder-ep2000\/","og_locale":"en_US","og_type":"article","og_title":"AMPLIFICADOR BEHRINGER PODER  EP2000 - Mexican Guitar Players","og_description":"Amplificador de potencia con tecnolog\u00eda ATR (Accelerated Transient Response) para una gran claridad y punch, potencia de 2 x 1,000 watts a 2 ohms, 2 x 750 wattsa 4 ohm y 2,000 watts a 4 ohms en modo puente, limitadores conmutables que ofrecen un nivel m\u00e1ximo de salida con una protecci\u00f3n fiable de sobrecarga, controlesde ganancia con topa para un ajuste preciso y ajuste de sensibilidad, LEDs de potencia, se\u00f1al y clip para supervisi\u00f3n del rendimiento, conectores de entrada XLR y TRS 1\/4\u201d para compatibilidad con cualquier fuente, conectores profesionalesde altavoz y binding posts \u201dtouch-proof\u201d, filtros seleccionables de baja frecuencia que eliminan las frecuencias da\u00f1inas de los infrarrojos, DC independiente yprotecci\u00f3n de sobrecarga t\u00e9rmica en cada canal que protege autom\u00e1ticamente el amplificador y los altavoces, transformador toroidal de alta corriente para una respuesta transitoria ultra alta y una fiabilidad absoluta, sistema de ventilaci\u00f3n\u201dback-to-front\u201d que incluye un filtro de aire para un funcionamiento fiable, chasis de acero de 2 unidades de rack, dimensiones: 88 x 483 x 402 mm, peso: 15.7 kg.","og_url":"https:\/\/www.mexicanguitarplayers.com\/en\/tienda\/sin categor\u00eda\/amplificador-behringer-poder-ep2000\/","og_site_name":"Mexican Guitar Players","article_modified_time":"2026-05-01T13:24:26+00:00","twitter_card":"summary_large_image","twitter_misc":{"Est. reading time":"3 minutes"},"schema":{"@context":"https:\/\/schema.org","@graph":[{"@type":["WebPage","ItemPage"],"@id":"https:\/\/www.mexicanguitarplayers.com\/tienda\/sin categor\u00eda\/amplificador-behringer-poder-ep2000\/","url":"https:\/\/www.mexicanguitarplayers.com\/tienda\/sin categor\u00eda\/amplificador-behringer-poder-ep2000\/","name":"AMPLIFICADOR BEHRINGER PODER EP2000 - Mexican Guitar Players","isPartOf":{"@id":"https:\/\/www.mexicanguitarplayers.com\/#website"},"primaryImageOfPage":{"@id":"https:\/\/www.mexicanguitarplayers.com\/tienda\/sin categor\u00eda\/amplificador-behringer-poder-ep2000\/#primaryimage"},"image":{"@id":"https:\/\/www.mexicanguitarplayers.com\/tienda\/sin categor\u00eda\/amplificador-behringer-poder-ep2000\/#primaryimage"},"thumbnailUrl":"https:\/\/www.mexicanguitarplayers.com\/wp-content\/uploads\/2025\/04\/IABEHEP2000.jpg","datePublished":"2025-04-08T17:45:53+00:00","dateModified":"2026-05-01T13:24:26+00:00","description":"Amplificador de potencia con tecnolog\u00eda ATR (Accelerated Transient Response) para una gran claridad y punch, potencia de 2 x 1,000 watts a 2 ohms, 2 x 750 wattsa 4 ohm y 2,000 watts a 4 ohms en modo puente, limitadores conmutables que ofrecen un nivel m\u00e1ximo de salida con una protecci\u00f3n fiable de sobrecarga, controlesde ganancia con topa para un ajuste preciso y ajuste de sensibilidad, LEDs de potencia, se\u00f1al y clip para supervisi\u00f3n del rendimiento, conectores de entrada XLR y TRS 1\/4\u201d para compatibilidad con cualquier fuente, conectores profesionalesde altavoz y binding posts \u201dtouch-proof\u201d, filtros seleccionables de baja frecuencia que eliminan las frecuencias da\u00f1inas de los infrarrojos, DC independiente yprotecci\u00f3n de sobrecarga t\u00e9rmica en cada canal que protege autom\u00e1ticamente el amplificador y los altavoces, transformador toroidal de alta corriente para una respuesta transitoria ultra alta y una fiabilidad absoluta, sistema de ventilaci\u00f3n\u201dback-to-front\u201d que incluye un filtro de aire para un funcionamiento fiable, chasis de acero de 2 unidades de rack, dimensiones: 88 x 483 x 402 mm, peso: 15.7 kg.","breadcrumb":{"@id":"https:\/\/www.mexicanguitarplayers.com\/tienda\/sin categor\u00eda\/amplificador-behringer-poder-ep2000\/#breadcrumb"},"inLanguage":"en-US","potentialAction":[{"@type":"ReadAction","target":["https:\/\/www.mexicanguitarplayers.com\/tienda\/sin categor\u00eda\/amplificador-behringer-poder-ep2000\/"]}]},{"@type":"ImageObject","inLanguage":"en-US","@id":"https:\/\/www.mexicanguitarplayers.com\/tienda\/sin categor\u00eda\/amplificador-behringer-poder-ep2000\/#primaryimage","url":"https:\/\/www.mexicanguitarplayers.com\/wp-content\/uploads\/2025\/04\/IABEHEP2000.jpg","contentUrl":"https:\/\/www.mexicanguitarplayers.com\/wp-content\/uploads\/2025\/04\/IABEHEP2000.jpg","width":1600,"height":800},{"@type":"BreadcrumbList","@id":"https:\/\/www.mexicanguitarplayers.com\/tienda\/sin categor\u00eda\/amplificador-behringer-poder-ep2000\/#breadcrumb","itemListElement":[{"@type":"ListItem","position":1,"name":"Portada","item":"https:\/\/www.mexicanguitarplayers.com\/"},{"@type":"ListItem","position":2,"name":"Tienda","item":"https:\/\/www.mexicanguitarplayers.com\/tienda\/"},{"@type":"ListItem","position":3,"name":"AMPLIFICADOR BEHRINGER PODER EP2000"}]},{"@type":"WebSite","@id":"https:\/\/www.mexicanguitarplayers.com\/#website","url":"https:\/\/www.mexicanguitarplayers.com\/","name":"Mexican Guitar Players","description":"Website","publisher":{"@id":"https:\/\/www.mexicanguitarplayers.com\/#organization"},"potentialAction":[{"@type":"SearchAction","target":{"@type":"EntryPoint","urlTemplate":"https:\/\/www.mexicanguitarplayers.com\/?s={search_term_string}"},"query-input":{"@type":"PropertyValueSpecification","valueRequired":true,"valueName":"search_term_string"}}],"inLanguage":"en-US"},{"@type":"Organization","@id":"https:\/\/www.mexicanguitarplayers.com\/#organization","name":"Mexican Guitar Players","url":"https:\/\/www.mexicanguitarplayers.com\/","logo":{"@type":"ImageObject","inLanguage":"en-US","@id":"https:\/\/www.mexicanguitarplayers.com\/#\/schema\/logo\/image\/","url":"","contentUrl":"","caption":"Mexican Guitar Players"},"image":{"@id":"https:\/\/www.mexicanguitarplayers.com\/#\/schema\/logo\/image\/"}}]}},"brands":[{"id":171,"name":"BEHRINGER","slug":"behringer"}],"_links":{"self":[{"href":"https:\/\/www.mexicanguitarplayers.com\/en\/wp-json\/wp\/v2\/product\/31252","targetHints":{"allow":["GET"]}}],"collection":[{"href":"https:\/\/www.mexicanguitarplayers.com\/en\/wp-json\/wp\/v2\/product"}],"about":[{"href":"https:\/\/www.mexicanguitarplayers.com\/en\/wp-json\/wp\/v2\/types\/product"}],"replies":[{"embeddable":true,"href":"https:\/\/www.mexicanguitarplayers.com\/en\/wp-json\/wp\/v2\/comments?post=31252"}],"wp:featuredmedia":[{"embeddable":true,"href":"https:\/\/www.mexicanguitarplayers.com\/en\/wp-json\/wp\/v2\/media\/31249"}],"wp:attachment":[{"href":"https:\/\/www.mexicanguitarplayers.com\/en\/wp-json\/wp\/v2\/media?parent=31252"}],"wp:term":[{"taxonomy":"pwb-brand","embeddable":true,"href":"https:\/\/www.mexicanguitarplayers.com\/en\/wp-json\/wp\/v2\/pwb-brand?post=31252"},{"taxonomy":"product_brand","embeddable":true,"href":"https:\/\/www.mexicanguitarplayers.com\/en\/wp-json\/wp\/v2\/product_brand?post=31252"},{"taxonomy":"product_cat","embeddable":true,"href":"https:\/\/www.mexicanguitarplayers.com\/en\/wp-json\/wp\/v2\/product_cat?post=31252"},{"taxonomy":"product_tag","embeddable":true,"href":"https:\/\/www.mexicanguitarplayers.com\/en\/wp-json\/wp\/v2\/product_tag?post=31252"}],"curies":[{"name":"wp","href":"https:\/\/api.w.org\/{rel}","templated":true}]}}