{"id":31281,"date":"2025-04-08T11:47:27","date_gmt":"2025-04-08T17:47:27","guid":{"rendered":"https:\/\/www.mexicanguitarplayers.com\/tienda\/sin categor\u00eda\/acordeon-sofia-mari-teclas-sm3232\/"},"modified":"2025-04-08T11:47:27","modified_gmt":"2025-04-08T17:47:27","slug":"acordeon-sofia-mari-teclas-sm3232","status":"publish","type":"product","link":"https:\/\/www.mexicanguitarplayers.com\/en\/tienda\/alientos\/acordeones\/de-teclas\/acordeon-sofia-mari-teclas-sm3232\/","title":{"rendered":"ACORDEON SOFIA MARI TECLAS  SM3232"},"content":{"rendered":"<div style=\"text-align: justify\">\n<div>\n<h3>Hecho a mano, maravillosamente y excepcionalmente asequible.<\/h3>\n<\/div>\n<div>El acorde\u00f3n SM-3232 de SofiaMari tiene 32 teclas y 32 botones de bajo, cuenta con un hermoso patr\u00f3n rhinestone italiano. Viene con correas de lujo, un fuelle protector y un estuche duro. El acorde\u00f3n es un gran instrumento para a\u00f1adir texturas \u00fanicas a folk, tango, latino y world music.<\/div>\n<div>\n<h4>Characteristics<\/h4>\n<\/div>\n<div>\n<ul style=\"margin: 0px 0px 0px 25px\">\n<li style=\"list-style-type: circle;margin: 5px\">Patr\u00f3n Rhinestone italiano.<\/li>\n<li style=\"list-style-type: circle;margin: 5px\">32 teclas \/ 32 botones.<\/li>\n<li style=\"list-style-type: circle;margin: 5px\">Correa de lujo.<\/li>\n<li style=\"list-style-type: circle;margin: 5px\">Almohadilla protectora.<\/li>\n<li style=\"list-style-type: circle;margin: 5px\">Estuche duro.<\/li>\n<\/ul>\n<\/div>\n<\/div>","protected":false},"excerpt":{"rendered":"<p>Piano-acorde\u00f3n de 32 teclas y 32 botones, 5 efectos de tr\u00e9molo, botones de bajos proporcionan contrabajo, bajo, acordes mayores y acordes menores, patr\u00f3n de diamantes de imitaci\u00f3n, correa de lujo y fuelle protector, incluye estuche.&hellip; <a class=\"kt-excerpt-readmore more-link\" href=\"https:\/\/www.mexicanguitarplayers.com\/en\/tienda\/alientos\/acordeones\/de-teclas\/acordeon-sofia-mari-teclas-sm3232\/\">Read more<\/a><\/p>","protected":false},"featured_media":31272,"comment_status":"open","ping_status":"closed","template":"","meta":{"kt_blocks_editor_width":""},"pwb-brand":[402],"product_brand":[],"product_cat":[389,388,392],"product_tag":[],"class_list":{"0":"post-31281","1":"product","2":"type-product","3":"status-publish","4":"has-post-thumbnail","6":"pwb-brand-sofia-mari","7":"product_cat-acordeones","8":"product_cat-alientos","9":"product_cat-de-teclas","10":"product_shipping_class-0-5-kg","12":"first","13":"outofstock","14":"taxable","15":"shipping-taxable","16":"purchasable","17":"product-type-simple"},"yoast_head":"<!-- This site is optimized with the Yoast SEO plugin v27.3 - https:\/\/yoast.com\/product\/yoast-seo-wordpress\/ -->\n<title>ACORDEON SOFIA MARI TECLAS SM3232 - Mexican Guitar Players<\/title>\n<meta name=\"description\" content=\"Piano-acorde\u00f3n de 32 teclas y 32 botones, 5 efectos de tr\u00e9molo, botones de bajos proporcionan contrabajo, bajo, acordes mayores y acordes menores, patr\u00f3n de diamantes de imitaci\u00f3n, correa de lujo y fuelle protector, incluye estuche.\" \/>\n<meta name=\"robots\" content=\"index, follow, max-snippet:-1, max-image-preview:large, max-video-preview:-1\" \/>\n<link rel=\"canonical\" href=\"https:\/\/www.mexicanguitarplayers.com\/en\/tienda\/sin%20categor\u00eda\/acordeon-sofia-mari-teclas-sm3232\/\" \/>\n<meta property=\"og:locale\" content=\"en_US\" \/>\n<meta property=\"og:type\" content=\"article\" \/>\n<meta property=\"og:title\" content=\"ACORDEON SOFIA MARI TECLAS SM3232 - Mexican Guitar Players\" \/>\n<meta property=\"og:description\" content=\"Piano-acorde\u00f3n de 32 teclas y 32 botones, 5 efectos de tr\u00e9molo, botones de bajos proporcionan contrabajo, bajo, acordes mayores y acordes menores, patr\u00f3n de diamantes de imitaci\u00f3n, correa de lujo y fuelle protector, incluye estuche.\" \/>\n<meta property=\"og:url\" content=\"https:\/\/www.mexicanguitarplayers.com\/en\/tienda\/sin categor\u00eda\/acordeon-sofia-mari-teclas-sm3232\/\" \/>\n<meta property=\"og:site_name\" content=\"Mexican Guitar Players\" \/>\n<meta name=\"twitter:card\" content=\"summary_large_image\" \/>\n<script type=\"application\/ld+json\" class=\"yoast-schema-graph\">{\"@context\":\"https:\\\/\\\/schema.org\",\"@graph\":[{\"@type\":[\"WebPage\",\"ItemPage\"],\"@id\":\"https:\\\/\\\/www.mexicanguitarplayers.com\\\/tienda\\\/sin categor\u00eda\\\/acordeon-sofia-mari-teclas-sm3232\\\/\",\"url\":\"https:\\\/\\\/www.mexicanguitarplayers.com\\\/tienda\\\/sin categor\u00eda\\\/acordeon-sofia-mari-teclas-sm3232\\\/\",\"name\":\"ACORDEON SOFIA MARI TECLAS SM3232 - Mexican Guitar Players\",\"isPartOf\":{\"@id\":\"https:\\\/\\\/www.mexicanguitarplayers.com\\\/#website\"},\"primaryImageOfPage\":{\"@id\":\"https:\\\/\\\/www.mexicanguitarplayers.com\\\/tienda\\\/sin categor\u00eda\\\/acordeon-sofia-mari-teclas-sm3232\\\/#primaryimage\"},\"image\":{\"@id\":\"https:\\\/\\\/www.mexicanguitarplayers.com\\\/tienda\\\/sin categor\u00eda\\\/acordeon-sofia-mari-teclas-sm3232\\\/#primaryimage\"},\"thumbnailUrl\":\"https:\\\/\\\/www.mexicanguitarplayers.com\\\/wp-content\\\/uploads\\\/2025\\\/04\\\/ITSOFSM3232.jpg\",\"datePublished\":\"2025-04-08T17:47:27+00:00\",\"description\":\"Piano-acorde\u00f3n de 32 teclas y 32 botones, 5 efectos de tr\u00e9molo, botones de bajos proporcionan contrabajo, bajo, acordes mayores y acordes menores, patr\u00f3n de diamantes de imitaci\u00f3n, correa de lujo y fuelle protector, incluye estuche.\",\"breadcrumb\":{\"@id\":\"https:\\\/\\\/www.mexicanguitarplayers.com\\\/tienda\\\/sin categor\u00eda\\\/acordeon-sofia-mari-teclas-sm3232\\\/#breadcrumb\"},\"inLanguage\":\"en-US\",\"potentialAction\":[{\"@type\":\"ReadAction\",\"target\":[\"https:\\\/\\\/www.mexicanguitarplayers.com\\\/tienda\\\/sin categor\u00eda\\\/acordeon-sofia-mari-teclas-sm3232\\\/\"]}]},{\"@type\":\"ImageObject\",\"inLanguage\":\"en-US\",\"@id\":\"https:\\\/\\\/www.mexicanguitarplayers.com\\\/tienda\\\/sin categor\u00eda\\\/acordeon-sofia-mari-teclas-sm3232\\\/#primaryimage\",\"url\":\"https:\\\/\\\/www.mexicanguitarplayers.com\\\/wp-content\\\/uploads\\\/2025\\\/04\\\/ITSOFSM3232.jpg\",\"contentUrl\":\"https:\\\/\\\/www.mexicanguitarplayers.com\\\/wp-content\\\/uploads\\\/2025\\\/04\\\/ITSOFSM3232.jpg\",\"width\":1200,\"height\":1200},{\"@type\":\"BreadcrumbList\",\"@id\":\"https:\\\/\\\/www.mexicanguitarplayers.com\\\/tienda\\\/sin categor\u00eda\\\/acordeon-sofia-mari-teclas-sm3232\\\/#breadcrumb\",\"itemListElement\":[{\"@type\":\"ListItem\",\"position\":1,\"name\":\"Portada\",\"item\":\"https:\\\/\\\/www.mexicanguitarplayers.com\\\/\"},{\"@type\":\"ListItem\",\"position\":2,\"name\":\"Tienda\",\"item\":\"https:\\\/\\\/www.mexicanguitarplayers.com\\\/tienda\\\/\"},{\"@type\":\"ListItem\",\"position\":3,\"name\":\"ACORDEON SOFIA MARI TECLAS SM3232\"}]},{\"@type\":\"WebSite\",\"@id\":\"https:\\\/\\\/www.mexicanguitarplayers.com\\\/#website\",\"url\":\"https:\\\/\\\/www.mexicanguitarplayers.com\\\/\",\"name\":\"Mexican Guitar Players\",\"description\":\"Website\",\"publisher\":{\"@id\":\"https:\\\/\\\/www.mexicanguitarplayers.com\\\/#organization\"},\"potentialAction\":[{\"@type\":\"SearchAction\",\"target\":{\"@type\":\"EntryPoint\",\"urlTemplate\":\"https:\\\/\\\/www.mexicanguitarplayers.com\\\/?s={search_term_string}\"},\"query-input\":{\"@type\":\"PropertyValueSpecification\",\"valueRequired\":true,\"valueName\":\"search_term_string\"}}],\"inLanguage\":\"en-US\"},{\"@type\":\"Organization\",\"@id\":\"https:\\\/\\\/www.mexicanguitarplayers.com\\\/#organization\",\"name\":\"Mexican Guitar Players\",\"url\":\"https:\\\/\\\/www.mexicanguitarplayers.com\\\/\",\"logo\":{\"@type\":\"ImageObject\",\"inLanguage\":\"en-US\",\"@id\":\"https:\\\/\\\/www.mexicanguitarplayers.com\\\/#\\\/schema\\\/logo\\\/image\\\/\",\"url\":\"\",\"contentUrl\":\"\",\"caption\":\"Mexican Guitar Players\"},\"image\":{\"@id\":\"https:\\\/\\\/www.mexicanguitarplayers.com\\\/#\\\/schema\\\/logo\\\/image\\\/\"}}]}<\/script>\n<!-- \/ Yoast SEO plugin. -->","yoast_head_json":{"title":"ACORDEON SOFIA MARI TECLAS SM3232 - Mexican Guitar Players","description":"Piano-acorde\u00f3n de 32 teclas y 32 botones, 5 efectos de tr\u00e9molo, botones de bajos proporcionan contrabajo, bajo, acordes mayores y acordes menores, patr\u00f3n de diamantes de imitaci\u00f3n, correa de lujo y fuelle protector, incluye estuche.","robots":{"index":"index","follow":"follow","max-snippet":"max-snippet:-1","max-image-preview":"max-image-preview:large","max-video-preview":"max-video-preview:-1"},"canonical":"https:\/\/www.mexicanguitarplayers.com\/en\/tienda\/sin categor\u00eda\/acordeon-sofia-mari-teclas-sm3232\/","og_locale":"en_US","og_type":"article","og_title":"ACORDEON SOFIA MARI TECLAS SM3232 - Mexican Guitar Players","og_description":"Piano-acorde\u00f3n de 32 teclas y 32 botones, 5 efectos de tr\u00e9molo, botones de bajos proporcionan contrabajo, bajo, acordes mayores y acordes menores, patr\u00f3n de diamantes de imitaci\u00f3n, correa de lujo y fuelle protector, incluye estuche.","og_url":"https:\/\/www.mexicanguitarplayers.com\/en\/tienda\/sin categor\u00eda\/acordeon-sofia-mari-teclas-sm3232\/","og_site_name":"Mexican Guitar Players","twitter_card":"summary_large_image","schema":{"@context":"https:\/\/schema.org","@graph":[{"@type":["WebPage","ItemPage"],"@id":"https:\/\/www.mexicanguitarplayers.com\/tienda\/sin categor\u00eda\/acordeon-sofia-mari-teclas-sm3232\/","url":"https:\/\/www.mexicanguitarplayers.com\/tienda\/sin categor\u00eda\/acordeon-sofia-mari-teclas-sm3232\/","name":"ACORDEON SOFIA MARI TECLAS SM3232 - Mexican Guitar Players","isPartOf":{"@id":"https:\/\/www.mexicanguitarplayers.com\/#website"},"primaryImageOfPage":{"@id":"https:\/\/www.mexicanguitarplayers.com\/tienda\/sin categor\u00eda\/acordeon-sofia-mari-teclas-sm3232\/#primaryimage"},"image":{"@id":"https:\/\/www.mexicanguitarplayers.com\/tienda\/sin categor\u00eda\/acordeon-sofia-mari-teclas-sm3232\/#primaryimage"},"thumbnailUrl":"https:\/\/www.mexicanguitarplayers.com\/wp-content\/uploads\/2025\/04\/ITSOFSM3232.jpg","datePublished":"2025-04-08T17:47:27+00:00","description":"Piano-acorde\u00f3n de 32 teclas y 32 botones, 5 efectos de tr\u00e9molo, botones de bajos proporcionan contrabajo, bajo, acordes mayores y acordes menores, patr\u00f3n de diamantes de imitaci\u00f3n, correa de lujo y fuelle protector, incluye estuche.","breadcrumb":{"@id":"https:\/\/www.mexicanguitarplayers.com\/tienda\/sin categor\u00eda\/acordeon-sofia-mari-teclas-sm3232\/#breadcrumb"},"inLanguage":"en-US","potentialAction":[{"@type":"ReadAction","target":["https:\/\/www.mexicanguitarplayers.com\/tienda\/sin categor\u00eda\/acordeon-sofia-mari-teclas-sm3232\/"]}]},{"@type":"ImageObject","inLanguage":"en-US","@id":"https:\/\/www.mexicanguitarplayers.com\/tienda\/sin categor\u00eda\/acordeon-sofia-mari-teclas-sm3232\/#primaryimage","url":"https:\/\/www.mexicanguitarplayers.com\/wp-content\/uploads\/2025\/04\/ITSOFSM3232.jpg","contentUrl":"https:\/\/www.mexicanguitarplayers.com\/wp-content\/uploads\/2025\/04\/ITSOFSM3232.jpg","width":1200,"height":1200},{"@type":"BreadcrumbList","@id":"https:\/\/www.mexicanguitarplayers.com\/tienda\/sin categor\u00eda\/acordeon-sofia-mari-teclas-sm3232\/#breadcrumb","itemListElement":[{"@type":"ListItem","position":1,"name":"Portada","item":"https:\/\/www.mexicanguitarplayers.com\/"},{"@type":"ListItem","position":2,"name":"Tienda","item":"https:\/\/www.mexicanguitarplayers.com\/tienda\/"},{"@type":"ListItem","position":3,"name":"ACORDEON SOFIA MARI TECLAS SM3232"}]},{"@type":"WebSite","@id":"https:\/\/www.mexicanguitarplayers.com\/#website","url":"https:\/\/www.mexicanguitarplayers.com\/","name":"Mexican Guitar Players","description":"Website","publisher":{"@id":"https:\/\/www.mexicanguitarplayers.com\/#organization"},"potentialAction":[{"@type":"SearchAction","target":{"@type":"EntryPoint","urlTemplate":"https:\/\/www.mexicanguitarplayers.com\/?s={search_term_string}"},"query-input":{"@type":"PropertyValueSpecification","valueRequired":true,"valueName":"search_term_string"}}],"inLanguage":"en-US"},{"@type":"Organization","@id":"https:\/\/www.mexicanguitarplayers.com\/#organization","name":"Mexican Guitar Players","url":"https:\/\/www.mexicanguitarplayers.com\/","logo":{"@type":"ImageObject","inLanguage":"en-US","@id":"https:\/\/www.mexicanguitarplayers.com\/#\/schema\/logo\/image\/","url":"","contentUrl":"","caption":"Mexican Guitar Players"},"image":{"@id":"https:\/\/www.mexicanguitarplayers.com\/#\/schema\/logo\/image\/"}}]}},"brands":[{"id":402,"name":"SOPHIA MARI","slug":"sofia-mari"}],"_links":{"self":[{"href":"https:\/\/www.mexicanguitarplayers.com\/en\/wp-json\/wp\/v2\/product\/31281","targetHints":{"allow":["GET"]}}],"collection":[{"href":"https:\/\/www.mexicanguitarplayers.com\/en\/wp-json\/wp\/v2\/product"}],"about":[{"href":"https:\/\/www.mexicanguitarplayers.com\/en\/wp-json\/wp\/v2\/types\/product"}],"replies":[{"embeddable":true,"href":"https:\/\/www.mexicanguitarplayers.com\/en\/wp-json\/wp\/v2\/comments?post=31281"}],"wp:featuredmedia":[{"embeddable":true,"href":"https:\/\/www.mexicanguitarplayers.com\/en\/wp-json\/wp\/v2\/media\/31272"}],"wp:attachment":[{"href":"https:\/\/www.mexicanguitarplayers.com\/en\/wp-json\/wp\/v2\/media?parent=31281"}],"wp:term":[{"taxonomy":"pwb-brand","embeddable":true,"href":"https:\/\/www.mexicanguitarplayers.com\/en\/wp-json\/wp\/v2\/pwb-brand?post=31281"},{"taxonomy":"product_brand","embeddable":true,"href":"https:\/\/www.mexicanguitarplayers.com\/en\/wp-json\/wp\/v2\/product_brand?post=31281"},{"taxonomy":"product_cat","embeddable":true,"href":"https:\/\/www.mexicanguitarplayers.com\/en\/wp-json\/wp\/v2\/product_cat?post=31281"},{"taxonomy":"product_tag","embeddable":true,"href":"https:\/\/www.mexicanguitarplayers.com\/en\/wp-json\/wp\/v2\/product_tag?post=31281"}],"curies":[{"name":"wp","href":"https:\/\/api.w.org\/{rel}","templated":true}]}}