{"id":31287,"date":"2025-04-08T11:47:40","date_gmt":"2025-04-08T17:47:40","guid":{"rendered":"https:\/\/www.mexicanguitarplayers.com\/tienda\/sin categor\u00eda\/microfono-behringer-mod-c-1u\/"},"modified":"2026-04-02T22:15:13","modified_gmt":"2026-04-03T04:15:13","slug":"microfono-behringer-mod-c-1u","status":"publish","type":"product","link":"https:\/\/www.mexicanguitarplayers.com\/en\/tienda\/audio\/microfonia\/microfonos-alambricos\/para-estudio\/microfono-behringer-mod-c-1u\/","title":{"rendered":"MICROFONO BEHRINGER MOD. C-1U"},"content":{"rendered":"<div style=\"text-align: justify\">\n<div>\n<h3>Herramientas de producci\u00f3n para tu creatividad.<\/h3>\n<\/div>\n<div>El C-1U es el sue\u00f1o digital de grabaci\u00f3n en casa para podcasters o m\u00fasicos, hecho realidad. Este micr\u00f3fono de condensador de calidad profesional es id\u00e9ntico al aclamado micr\u00f3fono C-1 pero con una gran diferencia: cuenta con una interface USB integrada para que puedas grabar m\u00e1s r\u00e1pido que nunca y con un m\u00ednimo de preparaci\u00f3n y equipo. Incluso hemos incluido un cable USB y un soporte de montaje giratorio. Tan s\u00f3lo con\u00e9ctalo a tu computadora y comienza a grabar. \u00bfQu\u00e9 es un micr\u00f3fono USB de condensador? El principal tipo de micr\u00f3fono utilizado en los estudios de grabaci\u00f3n y en las estaciones de radio es el micr\u00f3fono de condensador y es la opci\u00f3n ideal para la captura de voces e instrumentos ac\u00fasticos. A diferencia de un micr\u00f3fono din\u00e1mico, un micr\u00f3fono de condensador  recoge el sonido de todo un entorno como una habitaci\u00f3n, en lugar de recoger solamente lo que se est\u00e1 escuchando directamente enfrente de \u00e9l. Es capaz de capturar con mucho m\u00e1s detalle con una respuesta de frecuencia m\u00e1s ancha y plana. Pero los micr\u00f3fonos de condensador convencionales no est\u00e1n dise\u00f1ados para interactuar con una computadora, tambi\u00e9n hay que proporcionar un preamplificador de micr\u00f3fono y una interfaz de anal\u00f3gico a USB. El C-1U incorpora una interfaz USB que obtiene la energ\u00eda necesaria directamente desde la entrada USB de tu computadora y no requiere de drivers especiales. S\u00f3lo tienes que conectarla y comenzar a grabar tu obra maestra. Sonido que te asombra. El incre\u00edble micr\u00f3fono C-1U tiene una respuesta de frecuencia excepcional y una resoluci\u00f3n s\u00f3nica pr\u00edstina que garantiza un audio rico en contenido, tan natural como la fuente original. El patr\u00f3n de captaci\u00f3n cardioide proporciona una separaci\u00f3n sin precedentes de la fuente de sonido un gran rechazo de la retroalimentaci\u00f3n. Gracias a su ruido ultra bajo y sus circuitos de entrada FET sin transformador, el C-1U puede manejar din\u00e1micas extremas, hasta 136 dB, con una respuesta de frecuencia de 40 Hz a 20 kHz. Lo que nos lleva al software. Libre ser\u00eda agradable. Debido a que querr\u00e1s aprovechas al m\u00e1ximo el potencial de grabaci\u00f3n y podcast del C-1U, hemos incluido todo el software que necesitas para grabaci\u00f3n de audio, edici\u00f3n e incluso podcasting, todo gratis y descargable desde behringer.com. Estar\u00e1 listo para entrar en directo en tu PC o Mac apenas lo saques de su caja. Tambi\u00e9n hemos proporcionado una descarga gratuita de m\u00e1s de 150 instrumentos virtuales y plugins FX, convirtiendo tu computadora en un potente estudio de grabaci\u00f3n casero. Componer, grabar, mezclar y compartir. Traktion es una de las estaciones de trabajo de audio digital (DAW) m\u00e1s r\u00e1pidas y f\u00e1ciles del mundo para componer, grabar, editar, mezclar y compartir tu m\u00fasica con el mundo. Cuenta con una interfaz de una sola pantalla y un elegante dise\u00f1o. Traktion re\u00fane destacadas caracter\u00edsticas Pro DAW, tales como automatizaci\u00f3n din\u00e1mica, conteo ilimitado de pistas, grabaci\u00f3n MIDI y soporte para plugins VST y AU. Este poderoso software de producci\u00f3n musical te ofrece todas las herramientas de un estudio de grabaci\u00f3n profesional. Aprender un DAW nunca hab\u00eda sido tan sencillo, gracias a su vasta biblioteca de recursos. Como nuestra forma de decir gracias al registrar tu Xenyx C-1U en behringer.com, te recompensamos con un c\u00f3digo de descarga para la versi\u00f3n completa de Traktion.<\/div>\n<div>\n<h4>Quick look<\/h4>\n<\/div>\n<ul style=\"margin: 0px 0px 0px 25px\">\n<li style=\"list-style-type: circle;margin: 5px\">Kind.<\/li>\n<li style=\"list-style-type: circle;margin: 5px\">Polar pattern.<\/li>\n<li style=\"list-style-type: circle;margin: 5px\">Frequency response.<\/li>\n<li style=\"list-style-type: circle;margin: 5px\">Maximum SPL.<\/li>\n<li style=\"list-style-type: circle;margin: 5px\">Conexi\u00f3n.<\/li>\n<li style=\"list-style-type: circle;margin: 5px\">Power supply.<\/li>\n<li style=\"list-style-type: circle;margin: 5px\">Dimensions.<\/li>\n<li style=\"list-style-type: circle;margin: 5px\">Weight.<\/li>\n<\/ul>\n<div>\n<div style=\"font-weight: bold\">Kind.<\/div>\n<div>\n<p>Micr\u00f3fono de condensador, diafragma sencillo de 16 mm.<\/p>\n<\/div>\n<div style=\"font-weight: bold\">Polar pattern.<\/div>\n<div>\n<p>Cardioid.<\/p>\n<\/div>\n<div style=\"font-weight: bold\">Frequency response.<\/div>\n<div>\n<p>40 Hz &#8211; 20 kHz.<\/p>\n<\/div>\n<div style=\"font-weight: bold\">Maximum SPL.<\/div>\n<div>\n<p>136 dB.<\/p>\n<\/div>\n<div style=\"font-weight: bold\">Conexi\u00f3n.<\/div>\n<div>\n<p>USB tipo B.<\/p>\n<\/div>\n<div style=\"font-weight: bold\">Power supply.<\/div>\n<div>\n<p>5 V, m\u00e1x. 50 mA (v\u00eda USB).<\/p>\n<\/div>\n<div style=\"font-weight: bold\">Dimensions.<\/div>\n<div>\n<p>54 x 169 mm.<\/p>\n<\/div>\n<div style=\"font-weight: bold\">Weight.<\/div>\n<div>\n<p>530 g.<\/p>\n<\/div>\n<\/div>\n<\/div>","protected":false},"excerpt":{"rendered":"<p>Micr\u00f3fono de condensador de gran diafragma para estudio con interface USB integrada, calidad de audio sin igual, ideal para podcasters y m\u00fasicos, conecta este incre\u00edble micr\u00f3fono directamente a tu computadora y convi\u00e9rtela en un sistema de grabaci\u00f3n sin necesidad de hardware adicional, driver ASIO de latencia ultra baja descargable directamente de behringer.com, respuesta de frecuencia excepcionalmente plana y resoluci\u00f3n de sonido ultra alto perfecto para voz e instrumentos ac\u00fasticos, patr\u00f3n de captaci\u00f3n cardioide para una excelente separaci\u00f3n de la fuente de sonido y gran rechazo a la retroalimentaci\u00f3n, transductor gradiente de presi\u00f3n con c\u00e1psula shock-mounted, software gratuito para grabaci\u00f3n y edici\u00f3n de audio con m\u00e1s de 150 plugins y efectos, descargable en behringer.com, cable USB incluido, incluye adaptador de soporte giratorio.&hellip; <a class=\"kt-excerpt-readmore more-link\" href=\"https:\/\/www.mexicanguitarplayers.com\/en\/tienda\/audio\/microfonia\/microfonos-alambricos\/para-estudio\/microfono-behringer-mod-c-1u\/\">Read more<\/a><\/p>","protected":false},"featured_media":31284,"comment_status":"open","ping_status":"closed","template":"","meta":{"kt_blocks_editor_width":""},"pwb-brand":[171],"product_brand":[],"product_cat":[213,214,215,227],"product_tag":[],"class_list":{"0":"post-31287","1":"product","2":"type-product","3":"status-publish","4":"has-post-thumbnail","6":"pwb-brand-behringer","7":"product_cat-audio","8":"product_cat-microfonia","9":"product_cat-microfonos-alambricos","10":"product_cat-para-estudio","11":"product_shipping_class-0-5-kg","13":"first","14":"instock","15":"taxable","16":"shipping-taxable","17":"purchasable","18":"product-type-simple"},"yoast_head":"<!-- This site is optimized with the Yoast SEO plugin v27.3 - https:\/\/yoast.com\/product\/yoast-seo-wordpress\/ -->\n<title>MICROFONO BEHRINGER MOD. C-1U - Mexican Guitar Players<\/title>\n<meta name=\"description\" content=\"Micr\u00f3fono de condensador de gran diafragma para estudio con interface USB integrada, calidad de audio sin igual, ideal para podcasters y m\u00fasicos, conecta este incre\u00edble micr\u00f3fono directamente a tu computadora y convi\u00e9rtela en un sistema de grabaci\u00f3n sin necesidad de hardware adicional, driver ASIO de latencia ultra baja descargable directamente de behringer.com, respuesta de frecuencia excepcionalmente plana y resoluci\u00f3n de sonido ultra alto perfecto para voz e instrumentos ac\u00fasticos, patr\u00f3n de captaci\u00f3n cardioide para una excelente separaci\u00f3n de la fuente de sonido y gran rechazo a la retroalimentaci\u00f3n, transductor gradiente de presi\u00f3n con c\u00e1psula shock-mounted, software gratuito para grabaci\u00f3n y edici\u00f3n de audio con m\u00e1s de 150 plugins y efectos, descargable en behringer.com, cable USB incluido, incluye adaptador de soporte giratorio.\" \/>\n<meta name=\"robots\" content=\"index, follow, max-snippet:-1, max-image-preview:large, max-video-preview:-1\" \/>\n<link rel=\"canonical\" href=\"https:\/\/www.mexicanguitarplayers.com\/en\/tienda\/sin%20categor\u00eda\/microfono-behringer-mod-c-1u\/\" \/>\n<meta property=\"og:locale\" content=\"en_US\" \/>\n<meta property=\"og:type\" content=\"article\" \/>\n<meta property=\"og:title\" content=\"MICROFONO BEHRINGER MOD. C-1U - Mexican Guitar Players\" \/>\n<meta property=\"og:description\" content=\"Micr\u00f3fono de condensador de gran diafragma para estudio con interface USB integrada, calidad de audio sin igual, ideal para podcasters y m\u00fasicos, conecta este incre\u00edble micr\u00f3fono directamente a tu computadora y convi\u00e9rtela en un sistema de grabaci\u00f3n sin necesidad de hardware adicional, driver ASIO de latencia ultra baja descargable directamente de behringer.com, respuesta de frecuencia excepcionalmente plana y resoluci\u00f3n de sonido ultra alto perfecto para voz e instrumentos ac\u00fasticos, patr\u00f3n de captaci\u00f3n cardioide para una excelente separaci\u00f3n de la fuente de sonido y gran rechazo a la retroalimentaci\u00f3n, transductor gradiente de presi\u00f3n con c\u00e1psula shock-mounted, software gratuito para grabaci\u00f3n y edici\u00f3n de audio con m\u00e1s de 150 plugins y efectos, descargable en behringer.com, cable USB incluido, incluye adaptador de soporte giratorio.\" \/>\n<meta property=\"og:url\" content=\"https:\/\/www.mexicanguitarplayers.com\/en\/tienda\/sin categor\u00eda\/microfono-behringer-mod-c-1u\/\" \/>\n<meta property=\"og:site_name\" content=\"Mexican Guitar Players\" \/>\n<meta property=\"article:modified_time\" content=\"2026-04-03T04:15:13+00:00\" \/>\n<meta name=\"twitter:card\" content=\"summary_large_image\" \/>\n<meta name=\"twitter:label1\" content=\"Est. reading time\" \/>\n\t<meta name=\"twitter:data1\" content=\"3 minutes\" \/>\n<script type=\"application\/ld+json\" class=\"yoast-schema-graph\">{\"@context\":\"https:\\\/\\\/schema.org\",\"@graph\":[{\"@type\":[\"WebPage\",\"ItemPage\"],\"@id\":\"https:\\\/\\\/www.mexicanguitarplayers.com\\\/tienda\\\/sin categor\u00eda\\\/microfono-behringer-mod-c-1u\\\/\",\"url\":\"https:\\\/\\\/www.mexicanguitarplayers.com\\\/tienda\\\/sin categor\u00eda\\\/microfono-behringer-mod-c-1u\\\/\",\"name\":\"MICROFONO BEHRINGER MOD. C-1U - Mexican Guitar Players\",\"isPartOf\":{\"@id\":\"https:\\\/\\\/www.mexicanguitarplayers.com\\\/#website\"},\"primaryImageOfPage\":{\"@id\":\"https:\\\/\\\/www.mexicanguitarplayers.com\\\/tienda\\\/sin categor\u00eda\\\/microfono-behringer-mod-c-1u\\\/#primaryimage\"},\"image\":{\"@id\":\"https:\\\/\\\/www.mexicanguitarplayers.com\\\/tienda\\\/sin categor\u00eda\\\/microfono-behringer-mod-c-1u\\\/#primaryimage\"},\"thumbnailUrl\":\"https:\\\/\\\/www.mexicanguitarplayers.com\\\/wp-content\\\/uploads\\\/2025\\\/04\\\/IABEHC1U.jpg\",\"datePublished\":\"2025-04-08T17:47:40+00:00\",\"dateModified\":\"2026-04-03T04:15:13+00:00\",\"description\":\"Micr\u00f3fono de condensador de gran diafragma para estudio con interface USB integrada, calidad de audio sin igual, ideal para podcasters y m\u00fasicos, conecta este incre\u00edble micr\u00f3fono directamente a tu computadora y convi\u00e9rtela en un sistema de grabaci\u00f3n sin necesidad de hardware adicional, driver ASIO de latencia ultra baja descargable directamente de behringer.com, respuesta de frecuencia excepcionalmente plana y resoluci\u00f3n de sonido ultra alto perfecto para voz e instrumentos ac\u00fasticos, patr\u00f3n de captaci\u00f3n cardioide para una excelente separaci\u00f3n de la fuente de sonido y gran rechazo a la retroalimentaci\u00f3n, transductor gradiente de presi\u00f3n con c\u00e1psula shock-mounted, software gratuito para grabaci\u00f3n y edici\u00f3n de audio con m\u00e1s de 150 plugins y efectos, descargable en behringer.com, cable USB incluido, incluye adaptador de soporte giratorio.\",\"breadcrumb\":{\"@id\":\"https:\\\/\\\/www.mexicanguitarplayers.com\\\/tienda\\\/sin categor\u00eda\\\/microfono-behringer-mod-c-1u\\\/#breadcrumb\"},\"inLanguage\":\"en-US\",\"potentialAction\":[{\"@type\":\"ReadAction\",\"target\":[\"https:\\\/\\\/www.mexicanguitarplayers.com\\\/tienda\\\/sin categor\u00eda\\\/microfono-behringer-mod-c-1u\\\/\"]}]},{\"@type\":\"ImageObject\",\"inLanguage\":\"en-US\",\"@id\":\"https:\\\/\\\/www.mexicanguitarplayers.com\\\/tienda\\\/sin categor\u00eda\\\/microfono-behringer-mod-c-1u\\\/#primaryimage\",\"url\":\"https:\\\/\\\/www.mexicanguitarplayers.com\\\/wp-content\\\/uploads\\\/2025\\\/04\\\/IABEHC1U.jpg\",\"contentUrl\":\"https:\\\/\\\/www.mexicanguitarplayers.com\\\/wp-content\\\/uploads\\\/2025\\\/04\\\/IABEHC1U.jpg\",\"width\":1200,\"height\":1200},{\"@type\":\"BreadcrumbList\",\"@id\":\"https:\\\/\\\/www.mexicanguitarplayers.com\\\/tienda\\\/sin categor\u00eda\\\/microfono-behringer-mod-c-1u\\\/#breadcrumb\",\"itemListElement\":[{\"@type\":\"ListItem\",\"position\":1,\"name\":\"Portada\",\"item\":\"https:\\\/\\\/www.mexicanguitarplayers.com\\\/\"},{\"@type\":\"ListItem\",\"position\":2,\"name\":\"Tienda\",\"item\":\"https:\\\/\\\/www.mexicanguitarplayers.com\\\/tienda\\\/\"},{\"@type\":\"ListItem\",\"position\":3,\"name\":\"MICROFONO BEHRINGER MOD. C-1U\"}]},{\"@type\":\"WebSite\",\"@id\":\"https:\\\/\\\/www.mexicanguitarplayers.com\\\/#website\",\"url\":\"https:\\\/\\\/www.mexicanguitarplayers.com\\\/\",\"name\":\"Mexican Guitar Players\",\"description\":\"Website\",\"publisher\":{\"@id\":\"https:\\\/\\\/www.mexicanguitarplayers.com\\\/#organization\"},\"potentialAction\":[{\"@type\":\"SearchAction\",\"target\":{\"@type\":\"EntryPoint\",\"urlTemplate\":\"https:\\\/\\\/www.mexicanguitarplayers.com\\\/?s={search_term_string}\"},\"query-input\":{\"@type\":\"PropertyValueSpecification\",\"valueRequired\":true,\"valueName\":\"search_term_string\"}}],\"inLanguage\":\"en-US\"},{\"@type\":\"Organization\",\"@id\":\"https:\\\/\\\/www.mexicanguitarplayers.com\\\/#organization\",\"name\":\"Mexican Guitar Players\",\"url\":\"https:\\\/\\\/www.mexicanguitarplayers.com\\\/\",\"logo\":{\"@type\":\"ImageObject\",\"inLanguage\":\"en-US\",\"@id\":\"https:\\\/\\\/www.mexicanguitarplayers.com\\\/#\\\/schema\\\/logo\\\/image\\\/\",\"url\":\"\",\"contentUrl\":\"\",\"caption\":\"Mexican Guitar Players\"},\"image\":{\"@id\":\"https:\\\/\\\/www.mexicanguitarplayers.com\\\/#\\\/schema\\\/logo\\\/image\\\/\"}}]}<\/script>\n<!-- \/ Yoast SEO plugin. -->","yoast_head_json":{"title":"MICROFONO BEHRINGER MOD. C-1U - Mexican Guitar Players","description":"Micr\u00f3fono de condensador de gran diafragma para estudio con interface USB integrada, calidad de audio sin igual, ideal para podcasters y m\u00fasicos, conecta este incre\u00edble micr\u00f3fono directamente a tu computadora y convi\u00e9rtela en un sistema de grabaci\u00f3n sin necesidad de hardware adicional, driver ASIO de latencia ultra baja descargable directamente de behringer.com, respuesta de frecuencia excepcionalmente plana y resoluci\u00f3n de sonido ultra alto perfecto para voz e instrumentos ac\u00fasticos, patr\u00f3n de captaci\u00f3n cardioide para una excelente separaci\u00f3n de la fuente de sonido y gran rechazo a la retroalimentaci\u00f3n, transductor gradiente de presi\u00f3n con c\u00e1psula shock-mounted, software gratuito para grabaci\u00f3n y edici\u00f3n de audio con m\u00e1s de 150 plugins y efectos, descargable en behringer.com, cable USB incluido, incluye adaptador de soporte giratorio.","robots":{"index":"index","follow":"follow","max-snippet":"max-snippet:-1","max-image-preview":"max-image-preview:large","max-video-preview":"max-video-preview:-1"},"canonical":"https:\/\/www.mexicanguitarplayers.com\/en\/tienda\/sin categor\u00eda\/microfono-behringer-mod-c-1u\/","og_locale":"en_US","og_type":"article","og_title":"MICROFONO BEHRINGER MOD. C-1U - Mexican Guitar Players","og_description":"Micr\u00f3fono de condensador de gran diafragma para estudio con interface USB integrada, calidad de audio sin igual, ideal para podcasters y m\u00fasicos, conecta este incre\u00edble micr\u00f3fono directamente a tu computadora y convi\u00e9rtela en un sistema de grabaci\u00f3n sin necesidad de hardware adicional, driver ASIO de latencia ultra baja descargable directamente de behringer.com, respuesta de frecuencia excepcionalmente plana y resoluci\u00f3n de sonido ultra alto perfecto para voz e instrumentos ac\u00fasticos, patr\u00f3n de captaci\u00f3n cardioide para una excelente separaci\u00f3n de la fuente de sonido y gran rechazo a la retroalimentaci\u00f3n, transductor gradiente de presi\u00f3n con c\u00e1psula shock-mounted, software gratuito para grabaci\u00f3n y edici\u00f3n de audio con m\u00e1s de 150 plugins y efectos, descargable en behringer.com, cable USB incluido, incluye adaptador de soporte giratorio.","og_url":"https:\/\/www.mexicanguitarplayers.com\/en\/tienda\/sin categor\u00eda\/microfono-behringer-mod-c-1u\/","og_site_name":"Mexican Guitar Players","article_modified_time":"2026-04-03T04:15:13+00:00","twitter_card":"summary_large_image","twitter_misc":{"Est. reading time":"3 minutes"},"schema":{"@context":"https:\/\/schema.org","@graph":[{"@type":["WebPage","ItemPage"],"@id":"https:\/\/www.mexicanguitarplayers.com\/tienda\/sin categor\u00eda\/microfono-behringer-mod-c-1u\/","url":"https:\/\/www.mexicanguitarplayers.com\/tienda\/sin categor\u00eda\/microfono-behringer-mod-c-1u\/","name":"MICROFONO BEHRINGER MOD. C-1U - Mexican Guitar Players","isPartOf":{"@id":"https:\/\/www.mexicanguitarplayers.com\/#website"},"primaryImageOfPage":{"@id":"https:\/\/www.mexicanguitarplayers.com\/tienda\/sin categor\u00eda\/microfono-behringer-mod-c-1u\/#primaryimage"},"image":{"@id":"https:\/\/www.mexicanguitarplayers.com\/tienda\/sin categor\u00eda\/microfono-behringer-mod-c-1u\/#primaryimage"},"thumbnailUrl":"https:\/\/www.mexicanguitarplayers.com\/wp-content\/uploads\/2025\/04\/IABEHC1U.jpg","datePublished":"2025-04-08T17:47:40+00:00","dateModified":"2026-04-03T04:15:13+00:00","description":"Micr\u00f3fono de condensador de gran diafragma para estudio con interface USB integrada, calidad de audio sin igual, ideal para podcasters y m\u00fasicos, conecta este incre\u00edble micr\u00f3fono directamente a tu computadora y convi\u00e9rtela en un sistema de grabaci\u00f3n sin necesidad de hardware adicional, driver ASIO de latencia ultra baja descargable directamente de behringer.com, respuesta de frecuencia excepcionalmente plana y resoluci\u00f3n de sonido ultra alto perfecto para voz e instrumentos ac\u00fasticos, patr\u00f3n de captaci\u00f3n cardioide para una excelente separaci\u00f3n de la fuente de sonido y gran rechazo a la retroalimentaci\u00f3n, transductor gradiente de presi\u00f3n con c\u00e1psula shock-mounted, software gratuito para grabaci\u00f3n y edici\u00f3n de audio con m\u00e1s de 150 plugins y efectos, descargable en behringer.com, cable USB incluido, incluye adaptador de soporte giratorio.","breadcrumb":{"@id":"https:\/\/www.mexicanguitarplayers.com\/tienda\/sin categor\u00eda\/microfono-behringer-mod-c-1u\/#breadcrumb"},"inLanguage":"en-US","potentialAction":[{"@type":"ReadAction","target":["https:\/\/www.mexicanguitarplayers.com\/tienda\/sin categor\u00eda\/microfono-behringer-mod-c-1u\/"]}]},{"@type":"ImageObject","inLanguage":"en-US","@id":"https:\/\/www.mexicanguitarplayers.com\/tienda\/sin categor\u00eda\/microfono-behringer-mod-c-1u\/#primaryimage","url":"https:\/\/www.mexicanguitarplayers.com\/wp-content\/uploads\/2025\/04\/IABEHC1U.jpg","contentUrl":"https:\/\/www.mexicanguitarplayers.com\/wp-content\/uploads\/2025\/04\/IABEHC1U.jpg","width":1200,"height":1200},{"@type":"BreadcrumbList","@id":"https:\/\/www.mexicanguitarplayers.com\/tienda\/sin categor\u00eda\/microfono-behringer-mod-c-1u\/#breadcrumb","itemListElement":[{"@type":"ListItem","position":1,"name":"Portada","item":"https:\/\/www.mexicanguitarplayers.com\/"},{"@type":"ListItem","position":2,"name":"Tienda","item":"https:\/\/www.mexicanguitarplayers.com\/tienda\/"},{"@type":"ListItem","position":3,"name":"MICROFONO BEHRINGER MOD. C-1U"}]},{"@type":"WebSite","@id":"https:\/\/www.mexicanguitarplayers.com\/#website","url":"https:\/\/www.mexicanguitarplayers.com\/","name":"Mexican Guitar Players","description":"Website","publisher":{"@id":"https:\/\/www.mexicanguitarplayers.com\/#organization"},"potentialAction":[{"@type":"SearchAction","target":{"@type":"EntryPoint","urlTemplate":"https:\/\/www.mexicanguitarplayers.com\/?s={search_term_string}"},"query-input":{"@type":"PropertyValueSpecification","valueRequired":true,"valueName":"search_term_string"}}],"inLanguage":"en-US"},{"@type":"Organization","@id":"https:\/\/www.mexicanguitarplayers.com\/#organization","name":"Mexican Guitar Players","url":"https:\/\/www.mexicanguitarplayers.com\/","logo":{"@type":"ImageObject","inLanguage":"en-US","@id":"https:\/\/www.mexicanguitarplayers.com\/#\/schema\/logo\/image\/","url":"","contentUrl":"","caption":"Mexican Guitar Players"},"image":{"@id":"https:\/\/www.mexicanguitarplayers.com\/#\/schema\/logo\/image\/"}}]}},"brands":[{"id":171,"name":"BEHRINGER","slug":"behringer"}],"_links":{"self":[{"href":"https:\/\/www.mexicanguitarplayers.com\/en\/wp-json\/wp\/v2\/product\/31287","targetHints":{"allow":["GET"]}}],"collection":[{"href":"https:\/\/www.mexicanguitarplayers.com\/en\/wp-json\/wp\/v2\/product"}],"about":[{"href":"https:\/\/www.mexicanguitarplayers.com\/en\/wp-json\/wp\/v2\/types\/product"}],"replies":[{"embeddable":true,"href":"https:\/\/www.mexicanguitarplayers.com\/en\/wp-json\/wp\/v2\/comments?post=31287"}],"wp:featuredmedia":[{"embeddable":true,"href":"https:\/\/www.mexicanguitarplayers.com\/en\/wp-json\/wp\/v2\/media\/31284"}],"wp:attachment":[{"href":"https:\/\/www.mexicanguitarplayers.com\/en\/wp-json\/wp\/v2\/media?parent=31287"}],"wp:term":[{"taxonomy":"pwb-brand","embeddable":true,"href":"https:\/\/www.mexicanguitarplayers.com\/en\/wp-json\/wp\/v2\/pwb-brand?post=31287"},{"taxonomy":"product_brand","embeddable":true,"href":"https:\/\/www.mexicanguitarplayers.com\/en\/wp-json\/wp\/v2\/product_brand?post=31287"},{"taxonomy":"product_cat","embeddable":true,"href":"https:\/\/www.mexicanguitarplayers.com\/en\/wp-json\/wp\/v2\/product_cat?post=31287"},{"taxonomy":"product_tag","embeddable":true,"href":"https:\/\/www.mexicanguitarplayers.com\/en\/wp-json\/wp\/v2\/product_tag?post=31287"}],"curies":[{"name":"wp","href":"https:\/\/api.w.org\/{rel}","templated":true}]}}