{"id":31399,"date":"2025-04-08T11:52:51","date_gmt":"2025-04-08T17:52:51","guid":{"rendered":"https:\/\/www.mexicanguitarplayers.com\/tienda\/sin categor\u00eda\/tarola-sonor-p-bateria-ks-1408-sda\/"},"modified":"2026-05-01T07:24:19","modified_gmt":"2026-05-01T13:24:19","slug":"tarola-sonor-p-bateria-ks-1408-sda","status":"publish","type":"product","link":"https:\/\/www.mexicanguitarplayers.com\/en\/tienda\/percusiones\/baterias\/tambores-sueltos\/tarolas\/tarola-sonor-p-bateria-ks-1408-sda\/","title":{"rendered":"TAROLA SONOR P\/BATERIA  KS 1408 SDA"},"content":{"rendered":"<div style=\"text-align: justify\">\n<div>\n<h3>KS 14&#215;08 SDA<\/h3>\n<\/div>\n<div>Poder impresionante, variedad incomparable: nuestros nuevos tambores de la serie Kompressor transforman el aire en energ\u00eda sonora pura, que te deja sin aliento desde el primer golpe. La respuesta sensible, el potente y caracter\u00edstico sonido SONOR y la amplia gama de materiales y tama\u00f1os hacen de estas trampas un verdadero caballo de batalla, adecuado para una variedad de estilos musicales. Gracias a las Optimum Shell Measurements (OSM) utilizadas, los parches pueden vibrar m\u00e1s libremente debido al di\u00e1metro ligeramente reducido del casco. Para una m\u00e1xima estabilidad de afinaci\u00f3n incluso en condiciones extremas, estas trampas tambi\u00e9n est\u00e1n equipadas con orejetas TuneSafe.<\/div>\n<div>\n<h4>Characteristics<\/h4>\n<\/div>\n<div>\n<ul style=\"margin: 0px 0px 0px 25px\">\n<li style=\"list-style-type: circle;margin: 5px\">Shell Sizes<\/li>\n<li style=\"list-style-type: circle;margin: 5px\">Shell Material<\/li>\n<li style=\"list-style-type: circle;margin: 5px\">acabado<\/li>\n<li style=\"list-style-type: circle;margin: 5px\">Shell<\/li>\n<li style=\"list-style-type: circle;margin: 5px\">Shell Layup<\/li>\n<li style=\"list-style-type: circle;margin: 5px\">Bearing Edges<\/li>\n<li style=\"list-style-type: circle;margin: 5px\">Hoops<\/li>\n<li style=\"list-style-type: circle;margin: 5px\">Lugs<\/li>\n<li style=\"list-style-type: circle;margin: 5px\">Hardware-Finish<\/li>\n<li style=\"list-style-type: circle;margin: 5px\">Badges<\/li>\n<li style=\"list-style-type: circle;margin: 5px\">Shell Manufacturing<\/li>\n<li style=\"list-style-type: circle;margin: 5px\">Other Features<\/li>\n<li style=\"list-style-type: circle;margin: 5px\">Snare Throw-Off<\/li>\n<\/ul>\n<\/div>\n<\/div>","protected":false},"excerpt":{"rendered":"<p>Tarola Kompressor, 14\u201d x 08\u201d, Aluminio, Power Hoops, Pulido&hellip; <a class=\"kt-excerpt-readmore more-link\" href=\"https:\/\/www.mexicanguitarplayers.com\/en\/tienda\/percusiones\/baterias\/tambores-sueltos\/tarolas\/tarola-sonor-p-bateria-ks-1408-sda\/\">Read more<\/a><\/p>","protected":false},"featured_media":31393,"comment_status":"open","ping_status":"closed","template":"","meta":{"kt_blocks_editor_width":""},"pwb-brand":[321],"product_brand":[],"product_cat":[209,208,263,264],"product_tag":[],"class_list":{"0":"post-31399","1":"product","2":"type-product","3":"status-publish","4":"has-post-thumbnail","6":"pwb-brand-sonor","7":"product_cat-baterias","8":"product_cat-percusiones","9":"product_cat-tambores-sueltos","10":"product_cat-tarolas","11":"product_shipping_class-5-10-kg","13":"first","14":"instock","15":"taxable","16":"shipping-taxable","17":"purchasable","18":"product-type-simple"},"yoast_head":"<!-- This site is optimized with the Yoast SEO plugin v27.6 - https:\/\/yoast.com\/product\/yoast-seo-wordpress\/ -->\n<title>TAROLA SONOR P\/BATERIA KS 1408 SDA - Mexican Guitar Players<\/title>\n<meta name=\"description\" content=\"Tarola Kompressor, 14\u201d x 08\u201d, Aluminio, Power Hoops, Pulido\" \/>\n<meta name=\"robots\" content=\"index, follow, max-snippet:-1, max-image-preview:large, max-video-preview:-1\" \/>\n<link rel=\"canonical\" href=\"https:\/\/www.mexicanguitarplayers.com\/en\/tienda\/sin%20categor\u00eda\/tarola-sonor-p-bateria-ks-1408-sda\/\" \/>\n<meta property=\"og:locale\" content=\"en_US\" \/>\n<meta property=\"og:type\" content=\"article\" \/>\n<meta property=\"og:title\" content=\"TAROLA SONOR P\/BATERIA KS 1408 SDA - Mexican Guitar Players\" \/>\n<meta property=\"og:description\" content=\"Tarola Kompressor, 14\u201d x 08\u201d, Aluminio, Power Hoops, Pulido\" \/>\n<meta property=\"og:url\" content=\"https:\/\/www.mexicanguitarplayers.com\/en\/tienda\/sin categor\u00eda\/tarola-sonor-p-bateria-ks-1408-sda\/\" \/>\n<meta property=\"og:site_name\" content=\"Mexican Guitar Players\" \/>\n<meta property=\"article:modified_time\" content=\"2026-05-01T13:24:19+00:00\" \/>\n<meta name=\"twitter:card\" content=\"summary_large_image\" \/>\n<meta name=\"twitter:label1\" content=\"Est. reading time\" \/>\n\t<meta name=\"twitter:data1\" content=\"1 minute\" \/>\n<script type=\"application\/ld+json\" class=\"yoast-schema-graph\">{\"@context\":\"https:\\\/\\\/schema.org\",\"@graph\":[{\"@type\":[\"WebPage\",\"ItemPage\"],\"@id\":\"https:\\\/\\\/www.mexicanguitarplayers.com\\\/tienda\\\/sin categor\u00eda\\\/tarola-sonor-p-bateria-ks-1408-sda\\\/\",\"url\":\"https:\\\/\\\/www.mexicanguitarplayers.com\\\/tienda\\\/sin categor\u00eda\\\/tarola-sonor-p-bateria-ks-1408-sda\\\/\",\"name\":\"TAROLA SONOR P\\\/BATERIA KS 1408 SDA - Mexican Guitar Players\",\"isPartOf\":{\"@id\":\"https:\\\/\\\/www.mexicanguitarplayers.com\\\/#website\"},\"primaryImageOfPage\":{\"@id\":\"https:\\\/\\\/www.mexicanguitarplayers.com\\\/tienda\\\/sin categor\u00eda\\\/tarola-sonor-p-bateria-ks-1408-sda\\\/#primaryimage\"},\"image\":{\"@id\":\"https:\\\/\\\/www.mexicanguitarplayers.com\\\/tienda\\\/sin categor\u00eda\\\/tarola-sonor-p-bateria-ks-1408-sda\\\/#primaryimage\"},\"thumbnailUrl\":\"https:\\\/\\\/www.mexicanguitarplayers.com\\\/wp-content\\\/uploads\\\/2025\\\/04\\\/IPSORKS1408SDA.jpg\",\"datePublished\":\"2025-04-08T17:52:51+00:00\",\"dateModified\":\"2026-05-01T13:24:19+00:00\",\"description\":\"Tarola Kompressor, 14\u201d x 08\u201d, Aluminio, Power Hoops, Pulido\",\"breadcrumb\":{\"@id\":\"https:\\\/\\\/www.mexicanguitarplayers.com\\\/tienda\\\/sin categor\u00eda\\\/tarola-sonor-p-bateria-ks-1408-sda\\\/#breadcrumb\"},\"inLanguage\":\"en-US\",\"potentialAction\":[{\"@type\":\"ReadAction\",\"target\":[\"https:\\\/\\\/www.mexicanguitarplayers.com\\\/tienda\\\/sin categor\u00eda\\\/tarola-sonor-p-bateria-ks-1408-sda\\\/\"]}]},{\"@type\":\"ImageObject\",\"inLanguage\":\"en-US\",\"@id\":\"https:\\\/\\\/www.mexicanguitarplayers.com\\\/tienda\\\/sin categor\u00eda\\\/tarola-sonor-p-bateria-ks-1408-sda\\\/#primaryimage\",\"url\":\"https:\\\/\\\/www.mexicanguitarplayers.com\\\/wp-content\\\/uploads\\\/2025\\\/04\\\/IPSORKS1408SDA.jpg\",\"contentUrl\":\"https:\\\/\\\/www.mexicanguitarplayers.com\\\/wp-content\\\/uploads\\\/2025\\\/04\\\/IPSORKS1408SDA.jpg\",\"width\":1200,\"height\":1200},{\"@type\":\"BreadcrumbList\",\"@id\":\"https:\\\/\\\/www.mexicanguitarplayers.com\\\/tienda\\\/sin categor\u00eda\\\/tarola-sonor-p-bateria-ks-1408-sda\\\/#breadcrumb\",\"itemListElement\":[{\"@type\":\"ListItem\",\"position\":1,\"name\":\"Portada\",\"item\":\"https:\\\/\\\/www.mexicanguitarplayers.com\\\/\"},{\"@type\":\"ListItem\",\"position\":2,\"name\":\"Tienda\",\"item\":\"https:\\\/\\\/www.mexicanguitarplayers.com\\\/tienda\\\/\"},{\"@type\":\"ListItem\",\"position\":3,\"name\":\"TAROLA SONOR P\\\/BATERIA KS 1408 SDA\"}]},{\"@type\":\"WebSite\",\"@id\":\"https:\\\/\\\/www.mexicanguitarplayers.com\\\/#website\",\"url\":\"https:\\\/\\\/www.mexicanguitarplayers.com\\\/\",\"name\":\"Mexican Guitar Players\",\"description\":\"Website\",\"publisher\":{\"@id\":\"https:\\\/\\\/www.mexicanguitarplayers.com\\\/#organization\"},\"potentialAction\":[{\"@type\":\"SearchAction\",\"target\":{\"@type\":\"EntryPoint\",\"urlTemplate\":\"https:\\\/\\\/www.mexicanguitarplayers.com\\\/?s={search_term_string}\"},\"query-input\":{\"@type\":\"PropertyValueSpecification\",\"valueRequired\":true,\"valueName\":\"search_term_string\"}}],\"inLanguage\":\"en-US\"},{\"@type\":\"Organization\",\"@id\":\"https:\\\/\\\/www.mexicanguitarplayers.com\\\/#organization\",\"name\":\"Mexican Guitar Players\",\"url\":\"https:\\\/\\\/www.mexicanguitarplayers.com\\\/\",\"logo\":{\"@type\":\"ImageObject\",\"inLanguage\":\"en-US\",\"@id\":\"https:\\\/\\\/www.mexicanguitarplayers.com\\\/#\\\/schema\\\/logo\\\/image\\\/\",\"url\":\"\",\"contentUrl\":\"\",\"caption\":\"Mexican Guitar Players\"},\"image\":{\"@id\":\"https:\\\/\\\/www.mexicanguitarplayers.com\\\/#\\\/schema\\\/logo\\\/image\\\/\"}}]}<\/script>\n<!-- \/ Yoast SEO plugin. -->","yoast_head_json":{"title":"TAROLA SONOR P\/BATERIA KS 1408 SDA - Mexican Guitar Players","description":"Tarola Kompressor, 14\u201d x 08\u201d, Aluminio, Power Hoops, Pulido","robots":{"index":"index","follow":"follow","max-snippet":"max-snippet:-1","max-image-preview":"max-image-preview:large","max-video-preview":"max-video-preview:-1"},"canonical":"https:\/\/www.mexicanguitarplayers.com\/en\/tienda\/sin categor\u00eda\/tarola-sonor-p-bateria-ks-1408-sda\/","og_locale":"en_US","og_type":"article","og_title":"TAROLA SONOR P\/BATERIA KS 1408 SDA - Mexican Guitar Players","og_description":"Tarola Kompressor, 14\u201d x 08\u201d, Aluminio, Power Hoops, Pulido","og_url":"https:\/\/www.mexicanguitarplayers.com\/en\/tienda\/sin categor\u00eda\/tarola-sonor-p-bateria-ks-1408-sda\/","og_site_name":"Mexican Guitar Players","article_modified_time":"2026-05-01T13:24:19+00:00","twitter_card":"summary_large_image","twitter_misc":{"Est. reading time":"1 minute"},"schema":{"@context":"https:\/\/schema.org","@graph":[{"@type":["WebPage","ItemPage"],"@id":"https:\/\/www.mexicanguitarplayers.com\/tienda\/sin categor\u00eda\/tarola-sonor-p-bateria-ks-1408-sda\/","url":"https:\/\/www.mexicanguitarplayers.com\/tienda\/sin categor\u00eda\/tarola-sonor-p-bateria-ks-1408-sda\/","name":"TAROLA SONOR P\/BATERIA KS 1408 SDA - Mexican Guitar Players","isPartOf":{"@id":"https:\/\/www.mexicanguitarplayers.com\/#website"},"primaryImageOfPage":{"@id":"https:\/\/www.mexicanguitarplayers.com\/tienda\/sin categor\u00eda\/tarola-sonor-p-bateria-ks-1408-sda\/#primaryimage"},"image":{"@id":"https:\/\/www.mexicanguitarplayers.com\/tienda\/sin categor\u00eda\/tarola-sonor-p-bateria-ks-1408-sda\/#primaryimage"},"thumbnailUrl":"https:\/\/www.mexicanguitarplayers.com\/wp-content\/uploads\/2025\/04\/IPSORKS1408SDA.jpg","datePublished":"2025-04-08T17:52:51+00:00","dateModified":"2026-05-01T13:24:19+00:00","description":"Tarola Kompressor, 14\u201d x 08\u201d, Aluminio, Power Hoops, Pulido","breadcrumb":{"@id":"https:\/\/www.mexicanguitarplayers.com\/tienda\/sin categor\u00eda\/tarola-sonor-p-bateria-ks-1408-sda\/#breadcrumb"},"inLanguage":"en-US","potentialAction":[{"@type":"ReadAction","target":["https:\/\/www.mexicanguitarplayers.com\/tienda\/sin categor\u00eda\/tarola-sonor-p-bateria-ks-1408-sda\/"]}]},{"@type":"ImageObject","inLanguage":"en-US","@id":"https:\/\/www.mexicanguitarplayers.com\/tienda\/sin categor\u00eda\/tarola-sonor-p-bateria-ks-1408-sda\/#primaryimage","url":"https:\/\/www.mexicanguitarplayers.com\/wp-content\/uploads\/2025\/04\/IPSORKS1408SDA.jpg","contentUrl":"https:\/\/www.mexicanguitarplayers.com\/wp-content\/uploads\/2025\/04\/IPSORKS1408SDA.jpg","width":1200,"height":1200},{"@type":"BreadcrumbList","@id":"https:\/\/www.mexicanguitarplayers.com\/tienda\/sin categor\u00eda\/tarola-sonor-p-bateria-ks-1408-sda\/#breadcrumb","itemListElement":[{"@type":"ListItem","position":1,"name":"Portada","item":"https:\/\/www.mexicanguitarplayers.com\/"},{"@type":"ListItem","position":2,"name":"Tienda","item":"https:\/\/www.mexicanguitarplayers.com\/tienda\/"},{"@type":"ListItem","position":3,"name":"TAROLA SONOR P\/BATERIA KS 1408 SDA"}]},{"@type":"WebSite","@id":"https:\/\/www.mexicanguitarplayers.com\/#website","url":"https:\/\/www.mexicanguitarplayers.com\/","name":"Mexican Guitar Players","description":"Website","publisher":{"@id":"https:\/\/www.mexicanguitarplayers.com\/#organization"},"potentialAction":[{"@type":"SearchAction","target":{"@type":"EntryPoint","urlTemplate":"https:\/\/www.mexicanguitarplayers.com\/?s={search_term_string}"},"query-input":{"@type":"PropertyValueSpecification","valueRequired":true,"valueName":"search_term_string"}}],"inLanguage":"en-US"},{"@type":"Organization","@id":"https:\/\/www.mexicanguitarplayers.com\/#organization","name":"Mexican Guitar Players","url":"https:\/\/www.mexicanguitarplayers.com\/","logo":{"@type":"ImageObject","inLanguage":"en-US","@id":"https:\/\/www.mexicanguitarplayers.com\/#\/schema\/logo\/image\/","url":"","contentUrl":"","caption":"Mexican Guitar Players"},"image":{"@id":"https:\/\/www.mexicanguitarplayers.com\/#\/schema\/logo\/image\/"}}]}},"brands":[{"id":321,"name":"SOUND","slug":"sonor"}],"_links":{"self":[{"href":"https:\/\/www.mexicanguitarplayers.com\/en\/wp-json\/wp\/v2\/product\/31399","targetHints":{"allow":["GET"]}}],"collection":[{"href":"https:\/\/www.mexicanguitarplayers.com\/en\/wp-json\/wp\/v2\/product"}],"about":[{"href":"https:\/\/www.mexicanguitarplayers.com\/en\/wp-json\/wp\/v2\/types\/product"}],"replies":[{"embeddable":true,"href":"https:\/\/www.mexicanguitarplayers.com\/en\/wp-json\/wp\/v2\/comments?post=31399"}],"wp:featuredmedia":[{"embeddable":true,"href":"https:\/\/www.mexicanguitarplayers.com\/en\/wp-json\/wp\/v2\/media\/31393"}],"wp:attachment":[{"href":"https:\/\/www.mexicanguitarplayers.com\/en\/wp-json\/wp\/v2\/media?parent=31399"}],"wp:term":[{"taxonomy":"pwb-brand","embeddable":true,"href":"https:\/\/www.mexicanguitarplayers.com\/en\/wp-json\/wp\/v2\/pwb-brand?post=31399"},{"taxonomy":"product_brand","embeddable":true,"href":"https:\/\/www.mexicanguitarplayers.com\/en\/wp-json\/wp\/v2\/product_brand?post=31399"},{"taxonomy":"product_cat","embeddable":true,"href":"https:\/\/www.mexicanguitarplayers.com\/en\/wp-json\/wp\/v2\/product_cat?post=31399"},{"taxonomy":"product_tag","embeddable":true,"href":"https:\/\/www.mexicanguitarplayers.com\/en\/wp-json\/wp\/v2\/product_tag?post=31399"}],"curies":[{"name":"wp","href":"https:\/\/api.w.org\/{rel}","templated":true}]}}