{"id":31409,"date":"2025-04-08T11:53:05","date_gmt":"2025-04-08T17:53:05","guid":{"rendered":"https:\/\/www.mexicanguitarplayers.com\/tienda\/sin categor\u00eda\/interfaz-a-r-t-mod-usb-mix6\/"},"modified":"2026-04-10T01:20:38","modified_gmt":"2026-04-10T07:20:38","slug":"interfaz-a-r-t-mod-usb-mix6","status":"publish","type":"product","link":"https:\/\/www.mexicanguitarplayers.com\/en\/tienda\/audio\/mezcladoras\/mezcladoras-digitales\/superficies-de-control\/interfaz-a-r-t-mod-usb-mix6\/","title":{"rendered":"INTERFAZ A.R.T. MOD. USB MIX6"},"content":{"rendered":"<div style=\"text-align: justify\">\n<div>\n<h3>USB Mix6 \u2013 Mezclador de seis canales \/ Interfaz de audio USB<\/h3>\n<\/div>\n<div>La interfaz ART USBMIX6 para micr\u00f3fono, instrumento y mezclador de l\u00ednea\/computadora es una interfaz de audio compacta y vers\u00e1til para su computadora que convierte se\u00f1ales anal\u00f3gicas de una variedad de fuentes de audio a audio digital.<\/div>\n<div>\n<h4>Characteristics<\/h4>\n<\/div>\n<div>\n<ul style=\"margin: 0px 0px 0px 25px\">\n<li style=\"list-style-type: circle;margin: 5px\">Conexiones de entrada<\/li>\n<li style=\"list-style-type: circle;margin: 5px\">Conexiones de salida<\/li>\n<li style=\"list-style-type: circle;margin: 5px\">Relaci\u00f3n se\u00f1al\/ruido<\/li>\n<li style=\"list-style-type: circle;margin: 5px\">Nivel m\u00e1ximo de entrada<\/li>\n<li style=\"list-style-type: circle;margin: 5px\">Nivel m\u00e1ximo de salida<\/li>\n<li style=\"list-style-type: circle;margin: 5px\">Ganancia m\u00e1xima<\/li>\n<li style=\"list-style-type: circle;margin: 5px\">Connectivity<\/li>\n<li style=\"list-style-type: circle;margin: 5px\">Fuerza<\/li>\n<li style=\"list-style-type: circle;margin: 5px\">Dimensions<\/li>\n<li style=\"list-style-type: circle;margin: 5px\">Weight<\/li>\n<\/ul>\n<\/div>\n<\/div>","protected":false},"excerpt":{"rendered":"<p>La interfaz ART USBMIX6 para micr\u00f3fono, instrumento y mezclador de l\u00ednea\/computadora es una interfaz de audio compacta y vers\u00e1til para su computadora que convierte se\u00f1ales anal\u00f3gicas de una variedad de fuentes de audio a audio digital. Los efectos digitales est\u00e9reo de baja latencia incorporados se suman a la versatilidad. Tambi\u00e9n se puede utilizar como mezclador independiente a trav\u00e9s de las salidas de mezcla principales. El USBMIX6 proporciona un excelente punto de partida para la grabaci\u00f3n de estudio personal en el hogar o para cualquier persona que desee realizar una grabaci\u00f3n de ubicaci\u00f3n m\u00f3vil.Dise\u00f1o de bajo ruido de alto rendimientoAlimentaci\u00f3n fantasma conmutable de +48v (CH1 y CH2)Efectos m\u00faltiples est\u00e9reo integrados con env\u00edos y retornos ajustablesControles de nivel independientes para salidas principal y de auriculares\/monitorSeis entradas discretas (2 x micr\u00f3fono \/ 2 x nivel de l\u00ednea est\u00e9reo)EQ alto y bajo en cada canal de entradaMedici\u00f3n LED est\u00e9reoAudio USB Plug-and-Play compatible con Class integrado para Mac y PC&hellip; <a class=\"kt-excerpt-readmore more-link\" href=\"https:\/\/www.mexicanguitarplayers.com\/en\/tienda\/audio\/mezcladoras\/mezcladoras-digitales\/superficies-de-control\/interfaz-a-r-t-mod-usb-mix6\/\">Read more<\/a><\/p>","protected":false},"featured_media":31405,"comment_status":"open","ping_status":"closed","template":"","meta":{"kt_blocks_editor_width":""},"pwb-brand":[531],"product_brand":[],"product_cat":[213,491,526,537],"product_tag":[],"class_list":{"0":"post-31409","1":"product","2":"type-product","3":"status-publish","4":"has-post-thumbnail","6":"pwb-brand-a-r-t","7":"product_cat-audio","8":"product_cat-mezcladoras","9":"product_cat-mezcladoras-digitales","10":"product_cat-superficies-de-control","11":"product_shipping_class-0-5-kg","13":"first","14":"outofstock","15":"taxable","16":"shipping-taxable","17":"purchasable","18":"product-type-simple"},"yoast_head":"<!-- This site is optimized with the Yoast SEO plugin v27.5 - https:\/\/yoast.com\/product\/yoast-seo-wordpress\/ -->\n<title>INTERFAZ A.R.T. MOD. USB MIX6 - Mexican Guitar Players<\/title>\n<meta name=\"description\" content=\"La interfaz ART USBMIX6 para micr\u00f3fono, instrumento y mezclador de l\u00ednea\/computadora es una interfaz de audio compacta y vers\u00e1til para su computadora que convierte se\u00f1ales anal\u00f3gicas de una variedad de fuentes de audio a audio digital. Los efectos digitales est\u00e9reo de baja latencia incorporados se suman a la versatilidad. Tambi\u00e9n se puede utilizar como mezclador independiente a trav\u00e9s de las salidas de mezcla principales. El USBMIX6 proporciona un excelente punto de partida para la grabaci\u00f3n de estudio personal en el hogar o para cualquier persona que desee realizar una grabaci\u00f3n de ubicaci\u00f3n m\u00f3vil.Dise\u00f1o de bajo ruido de alto rendimientoAlimentaci\u00f3n fantasma conmutable de +48v (CH1 y CH2)Efectos m\u00faltiples est\u00e9reo integrados con env\u00edos y retornos ajustablesControles de nivel independientes para salidas principal y de auriculares\/monitorSeis entradas discretas (2 x micr\u00f3fono \/ 2 x nivel de l\u00ednea est\u00e9reo)EQ alto y bajo en cada canal de entradaMedici\u00f3n LED est\u00e9reoAudio USB Plug-and-Play compatible con Class integrado para Mac y PC\" \/>\n<meta name=\"robots\" content=\"index, follow, max-snippet:-1, max-image-preview:large, max-video-preview:-1\" \/>\n<link rel=\"canonical\" href=\"https:\/\/www.mexicanguitarplayers.com\/en\/tienda\/sin%20categor\u00eda\/interfaz-a-r-t-mod-usb-mix6\/\" \/>\n<meta property=\"og:locale\" content=\"en_US\" \/>\n<meta property=\"og:type\" content=\"article\" \/>\n<meta property=\"og:title\" content=\"INTERFAZ A.R.T. MOD. USB MIX6 - Mexican Guitar Players\" \/>\n<meta property=\"og:description\" content=\"La interfaz ART USBMIX6 para micr\u00f3fono, instrumento y mezclador de l\u00ednea\/computadora es una interfaz de audio compacta y vers\u00e1til para su computadora que convierte se\u00f1ales anal\u00f3gicas de una variedad de fuentes de audio a audio digital. Los efectos digitales est\u00e9reo de baja latencia incorporados se suman a la versatilidad. Tambi\u00e9n se puede utilizar como mezclador independiente a trav\u00e9s de las salidas de mezcla principales. El USBMIX6 proporciona un excelente punto de partida para la grabaci\u00f3n de estudio personal en el hogar o para cualquier persona que desee realizar una grabaci\u00f3n de ubicaci\u00f3n m\u00f3vil.Dise\u00f1o de bajo ruido de alto rendimientoAlimentaci\u00f3n fantasma conmutable de +48v (CH1 y CH2)Efectos m\u00faltiples est\u00e9reo integrados con env\u00edos y retornos ajustablesControles de nivel independientes para salidas principal y de auriculares\/monitorSeis entradas discretas (2 x micr\u00f3fono \/ 2 x nivel de l\u00ednea est\u00e9reo)EQ alto y bajo en cada canal de entradaMedici\u00f3n LED est\u00e9reoAudio USB Plug-and-Play compatible con Class integrado para Mac y PC\" \/>\n<meta property=\"og:url\" content=\"https:\/\/www.mexicanguitarplayers.com\/en\/tienda\/sin categor\u00eda\/interfaz-a-r-t-mod-usb-mix6\/\" \/>\n<meta property=\"og:site_name\" content=\"Mexican Guitar Players\" \/>\n<meta property=\"article:modified_time\" content=\"2026-04-10T07:20:38+00:00\" \/>\n<meta name=\"twitter:card\" content=\"summary_large_image\" \/>\n<script type=\"application\/ld+json\" class=\"yoast-schema-graph\">{\"@context\":\"https:\\\/\\\/schema.org\",\"@graph\":[{\"@type\":[\"WebPage\",\"ItemPage\"],\"@id\":\"https:\\\/\\\/www.mexicanguitarplayers.com\\\/tienda\\\/sin categor\u00eda\\\/interfaz-a-r-t-mod-usb-mix6\\\/\",\"url\":\"https:\\\/\\\/www.mexicanguitarplayers.com\\\/tienda\\\/sin categor\u00eda\\\/interfaz-a-r-t-mod-usb-mix6\\\/\",\"name\":\"INTERFAZ A.R.T. MOD. USB MIX6 - Mexican Guitar Players\",\"isPartOf\":{\"@id\":\"https:\\\/\\\/www.mexicanguitarplayers.com\\\/#website\"},\"primaryImageOfPage\":{\"@id\":\"https:\\\/\\\/www.mexicanguitarplayers.com\\\/tienda\\\/sin categor\u00eda\\\/interfaz-a-r-t-mod-usb-mix6\\\/#primaryimage\"},\"image\":{\"@id\":\"https:\\\/\\\/www.mexicanguitarplayers.com\\\/tienda\\\/sin categor\u00eda\\\/interfaz-a-r-t-mod-usb-mix6\\\/#primaryimage\"},\"thumbnailUrl\":\"https:\\\/\\\/www.mexicanguitarplayers.com\\\/wp-content\\\/uploads\\\/2025\\\/04\\\/IAARTUSBMIX6.jpg\",\"datePublished\":\"2025-04-08T17:53:05+00:00\",\"dateModified\":\"2026-04-10T07:20:38+00:00\",\"description\":\"La interfaz ART USBMIX6 para micr\u00f3fono, instrumento y mezclador de l\u00ednea\\\/computadora es una interfaz de audio compacta y vers\u00e1til para su computadora que convierte se\u00f1ales anal\u00f3gicas de una variedad de fuentes de audio a audio digital. Los efectos digitales est\u00e9reo de baja latencia incorporados se suman a la versatilidad. Tambi\u00e9n se puede utilizar como mezclador independiente a trav\u00e9s de las salidas de mezcla principales. El USBMIX6 proporciona un excelente punto de partida para la grabaci\u00f3n de estudio personal en el hogar o para cualquier persona que desee realizar una grabaci\u00f3n de ubicaci\u00f3n m\u00f3vil.Dise\u00f1o de bajo ruido de alto rendimientoAlimentaci\u00f3n fantasma conmutable de +48v (CH1 y CH2)Efectos m\u00faltiples est\u00e9reo integrados con env\u00edos y retornos ajustablesControles de nivel independientes para salidas principal y de auriculares\\\/monitorSeis entradas discretas (2 x micr\u00f3fono \\\/ 2 x nivel de l\u00ednea est\u00e9reo)EQ alto y bajo en cada canal de entradaMedici\u00f3n LED est\u00e9reoAudio USB Plug-and-Play compatible con Class integrado para Mac y PC\",\"breadcrumb\":{\"@id\":\"https:\\\/\\\/www.mexicanguitarplayers.com\\\/tienda\\\/sin categor\u00eda\\\/interfaz-a-r-t-mod-usb-mix6\\\/#breadcrumb\"},\"inLanguage\":\"en-US\",\"potentialAction\":[{\"@type\":\"ReadAction\",\"target\":[\"https:\\\/\\\/www.mexicanguitarplayers.com\\\/tienda\\\/sin categor\u00eda\\\/interfaz-a-r-t-mod-usb-mix6\\\/\"]}]},{\"@type\":\"ImageObject\",\"inLanguage\":\"en-US\",\"@id\":\"https:\\\/\\\/www.mexicanguitarplayers.com\\\/tienda\\\/sin categor\u00eda\\\/interfaz-a-r-t-mod-usb-mix6\\\/#primaryimage\",\"url\":\"https:\\\/\\\/www.mexicanguitarplayers.com\\\/wp-content\\\/uploads\\\/2025\\\/04\\\/IAARTUSBMIX6.jpg\",\"contentUrl\":\"https:\\\/\\\/www.mexicanguitarplayers.com\\\/wp-content\\\/uploads\\\/2025\\\/04\\\/IAARTUSBMIX6.jpg\",\"width\":1600,\"height\":800},{\"@type\":\"BreadcrumbList\",\"@id\":\"https:\\\/\\\/www.mexicanguitarplayers.com\\\/tienda\\\/sin categor\u00eda\\\/interfaz-a-r-t-mod-usb-mix6\\\/#breadcrumb\",\"itemListElement\":[{\"@type\":\"ListItem\",\"position\":1,\"name\":\"Portada\",\"item\":\"https:\\\/\\\/www.mexicanguitarplayers.com\\\/\"},{\"@type\":\"ListItem\",\"position\":2,\"name\":\"Tienda\",\"item\":\"https:\\\/\\\/www.mexicanguitarplayers.com\\\/tienda\\\/\"},{\"@type\":\"ListItem\",\"position\":3,\"name\":\"INTERFAZ A.R.T. MOD. USB MIX6\"}]},{\"@type\":\"WebSite\",\"@id\":\"https:\\\/\\\/www.mexicanguitarplayers.com\\\/#website\",\"url\":\"https:\\\/\\\/www.mexicanguitarplayers.com\\\/\",\"name\":\"Mexican Guitar Players\",\"description\":\"Website\",\"publisher\":{\"@id\":\"https:\\\/\\\/www.mexicanguitarplayers.com\\\/#organization\"},\"potentialAction\":[{\"@type\":\"SearchAction\",\"target\":{\"@type\":\"EntryPoint\",\"urlTemplate\":\"https:\\\/\\\/www.mexicanguitarplayers.com\\\/?s={search_term_string}\"},\"query-input\":{\"@type\":\"PropertyValueSpecification\",\"valueRequired\":true,\"valueName\":\"search_term_string\"}}],\"inLanguage\":\"en-US\"},{\"@type\":\"Organization\",\"@id\":\"https:\\\/\\\/www.mexicanguitarplayers.com\\\/#organization\",\"name\":\"Mexican Guitar Players\",\"url\":\"https:\\\/\\\/www.mexicanguitarplayers.com\\\/\",\"logo\":{\"@type\":\"ImageObject\",\"inLanguage\":\"en-US\",\"@id\":\"https:\\\/\\\/www.mexicanguitarplayers.com\\\/#\\\/schema\\\/logo\\\/image\\\/\",\"url\":\"\",\"contentUrl\":\"\",\"caption\":\"Mexican Guitar Players\"},\"image\":{\"@id\":\"https:\\\/\\\/www.mexicanguitarplayers.com\\\/#\\\/schema\\\/logo\\\/image\\\/\"}}]}<\/script>\n<!-- \/ Yoast SEO plugin. -->","yoast_head_json":{"title":"INTERFAZ A.R.T. MOD. USB MIX6 - Mexican Guitar Players","description":"La interfaz ART USBMIX6 para micr\u00f3fono, instrumento y mezclador de l\u00ednea\/computadora es una interfaz de audio compacta y vers\u00e1til para su computadora que convierte se\u00f1ales anal\u00f3gicas de una variedad de fuentes de audio a audio digital. Los efectos digitales est\u00e9reo de baja latencia incorporados se suman a la versatilidad. Tambi\u00e9n se puede utilizar como mezclador independiente a trav\u00e9s de las salidas de mezcla principales. El USBMIX6 proporciona un excelente punto de partida para la grabaci\u00f3n de estudio personal en el hogar o para cualquier persona que desee realizar una grabaci\u00f3n de ubicaci\u00f3n m\u00f3vil.Dise\u00f1o de bajo ruido de alto rendimientoAlimentaci\u00f3n fantasma conmutable de +48v (CH1 y CH2)Efectos m\u00faltiples est\u00e9reo integrados con env\u00edos y retornos ajustablesControles de nivel independientes para salidas principal y de auriculares\/monitorSeis entradas discretas (2 x micr\u00f3fono \/ 2 x nivel de l\u00ednea est\u00e9reo)EQ alto y bajo en cada canal de entradaMedici\u00f3n LED est\u00e9reoAudio USB Plug-and-Play compatible con Class integrado para Mac y PC","robots":{"index":"index","follow":"follow","max-snippet":"max-snippet:-1","max-image-preview":"max-image-preview:large","max-video-preview":"max-video-preview:-1"},"canonical":"https:\/\/www.mexicanguitarplayers.com\/en\/tienda\/sin categor\u00eda\/interfaz-a-r-t-mod-usb-mix6\/","og_locale":"en_US","og_type":"article","og_title":"INTERFAZ A.R.T. MOD. USB MIX6 - Mexican Guitar Players","og_description":"La interfaz ART USBMIX6 para micr\u00f3fono, instrumento y mezclador de l\u00ednea\/computadora es una interfaz de audio compacta y vers\u00e1til para su computadora que convierte se\u00f1ales anal\u00f3gicas de una variedad de fuentes de audio a audio digital. Los efectos digitales est\u00e9reo de baja latencia incorporados se suman a la versatilidad. Tambi\u00e9n se puede utilizar como mezclador independiente a trav\u00e9s de las salidas de mezcla principales. El USBMIX6 proporciona un excelente punto de partida para la grabaci\u00f3n de estudio personal en el hogar o para cualquier persona que desee realizar una grabaci\u00f3n de ubicaci\u00f3n m\u00f3vil.Dise\u00f1o de bajo ruido de alto rendimientoAlimentaci\u00f3n fantasma conmutable de +48v (CH1 y CH2)Efectos m\u00faltiples est\u00e9reo integrados con env\u00edos y retornos ajustablesControles de nivel independientes para salidas principal y de auriculares\/monitorSeis entradas discretas (2 x micr\u00f3fono \/ 2 x nivel de l\u00ednea est\u00e9reo)EQ alto y bajo en cada canal de entradaMedici\u00f3n LED est\u00e9reoAudio USB Plug-and-Play compatible con Class integrado para Mac y PC","og_url":"https:\/\/www.mexicanguitarplayers.com\/en\/tienda\/sin categor\u00eda\/interfaz-a-r-t-mod-usb-mix6\/","og_site_name":"Mexican Guitar Players","article_modified_time":"2026-04-10T07:20:38+00:00","twitter_card":"summary_large_image","schema":{"@context":"https:\/\/schema.org","@graph":[{"@type":["WebPage","ItemPage"],"@id":"https:\/\/www.mexicanguitarplayers.com\/tienda\/sin categor\u00eda\/interfaz-a-r-t-mod-usb-mix6\/","url":"https:\/\/www.mexicanguitarplayers.com\/tienda\/sin categor\u00eda\/interfaz-a-r-t-mod-usb-mix6\/","name":"INTERFAZ A.R.T. MOD. USB MIX6 - Mexican Guitar Players","isPartOf":{"@id":"https:\/\/www.mexicanguitarplayers.com\/#website"},"primaryImageOfPage":{"@id":"https:\/\/www.mexicanguitarplayers.com\/tienda\/sin categor\u00eda\/interfaz-a-r-t-mod-usb-mix6\/#primaryimage"},"image":{"@id":"https:\/\/www.mexicanguitarplayers.com\/tienda\/sin categor\u00eda\/interfaz-a-r-t-mod-usb-mix6\/#primaryimage"},"thumbnailUrl":"https:\/\/www.mexicanguitarplayers.com\/wp-content\/uploads\/2025\/04\/IAARTUSBMIX6.jpg","datePublished":"2025-04-08T17:53:05+00:00","dateModified":"2026-04-10T07:20:38+00:00","description":"La interfaz ART USBMIX6 para micr\u00f3fono, instrumento y mezclador de l\u00ednea\/computadora es una interfaz de audio compacta y vers\u00e1til para su computadora que convierte se\u00f1ales anal\u00f3gicas de una variedad de fuentes de audio a audio digital. Los efectos digitales est\u00e9reo de baja latencia incorporados se suman a la versatilidad. Tambi\u00e9n se puede utilizar como mezclador independiente a trav\u00e9s de las salidas de mezcla principales. El USBMIX6 proporciona un excelente punto de partida para la grabaci\u00f3n de estudio personal en el hogar o para cualquier persona que desee realizar una grabaci\u00f3n de ubicaci\u00f3n m\u00f3vil.Dise\u00f1o de bajo ruido de alto rendimientoAlimentaci\u00f3n fantasma conmutable de +48v (CH1 y CH2)Efectos m\u00faltiples est\u00e9reo integrados con env\u00edos y retornos ajustablesControles de nivel independientes para salidas principal y de auriculares\/monitorSeis entradas discretas (2 x micr\u00f3fono \/ 2 x nivel de l\u00ednea est\u00e9reo)EQ alto y bajo en cada canal de entradaMedici\u00f3n LED est\u00e9reoAudio USB Plug-and-Play compatible con Class integrado para Mac y PC","breadcrumb":{"@id":"https:\/\/www.mexicanguitarplayers.com\/tienda\/sin categor\u00eda\/interfaz-a-r-t-mod-usb-mix6\/#breadcrumb"},"inLanguage":"en-US","potentialAction":[{"@type":"ReadAction","target":["https:\/\/www.mexicanguitarplayers.com\/tienda\/sin categor\u00eda\/interfaz-a-r-t-mod-usb-mix6\/"]}]},{"@type":"ImageObject","inLanguage":"en-US","@id":"https:\/\/www.mexicanguitarplayers.com\/tienda\/sin categor\u00eda\/interfaz-a-r-t-mod-usb-mix6\/#primaryimage","url":"https:\/\/www.mexicanguitarplayers.com\/wp-content\/uploads\/2025\/04\/IAARTUSBMIX6.jpg","contentUrl":"https:\/\/www.mexicanguitarplayers.com\/wp-content\/uploads\/2025\/04\/IAARTUSBMIX6.jpg","width":1600,"height":800},{"@type":"BreadcrumbList","@id":"https:\/\/www.mexicanguitarplayers.com\/tienda\/sin categor\u00eda\/interfaz-a-r-t-mod-usb-mix6\/#breadcrumb","itemListElement":[{"@type":"ListItem","position":1,"name":"Portada","item":"https:\/\/www.mexicanguitarplayers.com\/"},{"@type":"ListItem","position":2,"name":"Tienda","item":"https:\/\/www.mexicanguitarplayers.com\/tienda\/"},{"@type":"ListItem","position":3,"name":"INTERFAZ A.R.T. MOD. USB MIX6"}]},{"@type":"WebSite","@id":"https:\/\/www.mexicanguitarplayers.com\/#website","url":"https:\/\/www.mexicanguitarplayers.com\/","name":"Mexican Guitar Players","description":"Website","publisher":{"@id":"https:\/\/www.mexicanguitarplayers.com\/#organization"},"potentialAction":[{"@type":"SearchAction","target":{"@type":"EntryPoint","urlTemplate":"https:\/\/www.mexicanguitarplayers.com\/?s={search_term_string}"},"query-input":{"@type":"PropertyValueSpecification","valueRequired":true,"valueName":"search_term_string"}}],"inLanguage":"en-US"},{"@type":"Organization","@id":"https:\/\/www.mexicanguitarplayers.com\/#organization","name":"Mexican Guitar Players","url":"https:\/\/www.mexicanguitarplayers.com\/","logo":{"@type":"ImageObject","inLanguage":"en-US","@id":"https:\/\/www.mexicanguitarplayers.com\/#\/schema\/logo\/image\/","url":"","contentUrl":"","caption":"Mexican Guitar Players"},"image":{"@id":"https:\/\/www.mexicanguitarplayers.com\/#\/schema\/logo\/image\/"}}]}},"brands":[{"id":531,"name":"ART","slug":"a-r-t"}],"_links":{"self":[{"href":"https:\/\/www.mexicanguitarplayers.com\/en\/wp-json\/wp\/v2\/product\/31409","targetHints":{"allow":["GET"]}}],"collection":[{"href":"https:\/\/www.mexicanguitarplayers.com\/en\/wp-json\/wp\/v2\/product"}],"about":[{"href":"https:\/\/www.mexicanguitarplayers.com\/en\/wp-json\/wp\/v2\/types\/product"}],"replies":[{"embeddable":true,"href":"https:\/\/www.mexicanguitarplayers.com\/en\/wp-json\/wp\/v2\/comments?post=31409"}],"wp:featuredmedia":[{"embeddable":true,"href":"https:\/\/www.mexicanguitarplayers.com\/en\/wp-json\/wp\/v2\/media\/31405"}],"wp:attachment":[{"href":"https:\/\/www.mexicanguitarplayers.com\/en\/wp-json\/wp\/v2\/media?parent=31409"}],"wp:term":[{"taxonomy":"pwb-brand","embeddable":true,"href":"https:\/\/www.mexicanguitarplayers.com\/en\/wp-json\/wp\/v2\/pwb-brand?post=31409"},{"taxonomy":"product_brand","embeddable":true,"href":"https:\/\/www.mexicanguitarplayers.com\/en\/wp-json\/wp\/v2\/product_brand?post=31409"},{"taxonomy":"product_cat","embeddable":true,"href":"https:\/\/www.mexicanguitarplayers.com\/en\/wp-json\/wp\/v2\/product_cat?post=31409"},{"taxonomy":"product_tag","embeddable":true,"href":"https:\/\/www.mexicanguitarplayers.com\/en\/wp-json\/wp\/v2\/product_tag?post=31409"}],"curies":[{"name":"wp","href":"https:\/\/api.w.org\/{rel}","templated":true}]}}