{"id":31418,"date":"2025-04-08T11:53:31","date_gmt":"2025-04-08T17:53:31","guid":{"rendered":"https:\/\/www.mexicanguitarplayers.com\/tienda\/sin categor\u00eda\/estuche-gator-p-trompeta-gc-trumpet\/"},"modified":"2026-05-01T07:24:18","modified_gmt":"2026-05-01T13:24:18","slug":"estuche-gator-p-trompeta-gc-trumpet","status":"publish","type":"product","link":"https:\/\/www.mexicanguitarplayers.com\/en\/tienda\/accesorios\/estuches-y-fundas\/para-alientos-estuches-y-fundas\/estuche-gator-p-trompeta-gc-trumpet\/","title":{"rendered":"ESTUCHE GATOR P\/TROMPETA GC-TRUMPET"},"content":{"rendered":"<div style=\"text-align: justify\">\n<div>\n<h3>La mejor manera de llevar tu trompeta.<\/h3>\n<\/div>\n<div>Este estuche moldeado para trompeta de Gator se adapta de forma perfecta a tu instrumento. El exterior duro de ABS combinado con un forro de felpa proporciona un ambiente c\u00f3modo en el que tu saxof\u00f3n alto puede descansar o viajar. Suj\u00e9talo por su fuerte asa atornillada o sujeta una correa de hombro opcional en los anillos D suministrados. La caja est\u00e1 reforzada por hardware triple cromado con pestillos bloqueables.<\/div>\n<div>\n<h4>Quick look<\/h4>\n<\/div>\n<ul style=\"margin: 0px 0px 0px 25px\">\n<li style=\"list-style-type: circle;margin: 5px\">Dimensiones interiores.<\/li>\n<li style=\"list-style-type: circle;margin: 5px\">Dimensiones exteriores.<\/li>\n<li style=\"list-style-type: circle;margin: 5px\">Weight.<\/li>\n<\/ul>\n<div>\n<div style=\"font-weight: bold\">Dimensiones interiores.<\/div>\n<div>\n<p>Longitud interior: 19.5&#8243; (495.3 mm).<\/p>\n<\/div>\n<div style=\"font-weight: bold\">Dimensiones exteriores.<\/div>\n<div>\n<p>Longitud exterior: 22&#8243; (558.8 mm). Ancho exterior: 10&#8243; (254 mm). Altura exterior: 6.5&#8243; (165.1 mm).<\/p>\n<\/div>\n<div style=\"font-weight: bold\">Weight.<\/div>\n<div>\n<p>2.5 kg.<\/p>\n<\/div>\n<\/div>\n<div>\n<h4>Characteristics<\/h4>\n<\/div>\n<div>\n<ul style=\"margin: 0px 0px 0px 25px\">\n<li style=\"list-style-type: circle;margin: 5px\">Estuche para trompeta.<\/li>\n<li style=\"list-style-type: circle;margin: 5px\">Moldeado de lujo.<\/li>\n<li style=\"list-style-type: circle;margin: 5px\">Exterior de pl\u00e1stico ABS.<\/li>\n<li style=\"list-style-type: circle;margin: 5px\">Cenefa de aluminio de alta resistencia.<\/li>\n<li style=\"list-style-type: circle;margin: 5px\">Mango pasante para mayor resistencia.<\/li>\n<li style=\"list-style-type: circle;margin: 5px\">Herraje triple cromado.<\/li>\n<li style=\"list-style-type: circle;margin: 5px\">Pestillos bloqueables.<\/li>\n<li style=\"list-style-type: circle;margin: 5px\">Interior de EPS ajustado<\/li>\n<li style=\"list-style-type: circle;margin: 5px\">Anillos en D para correa de hombro.<\/li>\n<\/ul>\n<\/div>\n<\/div>","protected":false},"excerpt":{"rendered":"<p>Estuche cl\u00e1sico para trompeta, moldeado de lujo, exterior de pl\u00e1stico ABS con cenefa de aluminio de alta resistencia, mango pasante para mayor resistencia, herraje triple cromado con pestillos bloqueables, interior EPS ajustado con forro de felpa profunda, anillos en D para agregar una correa de hombro.&hellip; <a class=\"kt-excerpt-readmore more-link\" href=\"https:\/\/www.mexicanguitarplayers.com\/en\/tienda\/accesorios\/estuches-y-fundas\/para-alientos-estuches-y-fundas\/estuche-gator-p-trompeta-gc-trumpet\/\">Read more<\/a><\/p>","protected":false},"featured_media":31410,"comment_status":"open","ping_status":"closed","template":"","meta":{"kt_blocks_editor_width":""},"pwb-brand":[572],"product_brand":[],"product_cat":[85,517,607],"product_tag":[],"class_list":{"0":"post-31418","1":"product","2":"type-product","3":"status-publish","4":"has-post-thumbnail","6":"pwb-brand-gator","7":"product_cat-accesorios","8":"product_cat-estuches-y-fundas","9":"product_cat-para-alientos-estuches-y-fundas","10":"product_shipping_class-0-5-kg","12":"first","13":"instock","14":"taxable","15":"shipping-taxable","16":"purchasable","17":"product-type-simple"},"yoast_head":"<!-- This site is optimized with the Yoast SEO plugin v27.5 - https:\/\/yoast.com\/product\/yoast-seo-wordpress\/ -->\n<title>ESTUCHE GATOR P\/TROMPETA GC-TRUMPET - Mexican Guitar Players<\/title>\n<meta name=\"description\" content=\"Estuche cl\u00e1sico para trompeta, moldeado de lujo, exterior de pl\u00e1stico ABS con cenefa de aluminio de alta resistencia, mango pasante para mayor resistencia, herraje triple cromado con pestillos bloqueables, interior EPS ajustado con forro de felpa profunda, anillos en D para agregar una correa de hombro.\" \/>\n<meta name=\"robots\" content=\"index, follow, max-snippet:-1, max-image-preview:large, max-video-preview:-1\" \/>\n<link rel=\"canonical\" href=\"https:\/\/www.mexicanguitarplayers.com\/en\/tienda\/sin%20categor\u00eda\/estuche-gator-p-trompeta-gc-trumpet\/\" \/>\n<meta property=\"og:locale\" content=\"en_US\" \/>\n<meta property=\"og:type\" content=\"article\" \/>\n<meta property=\"og:title\" content=\"ESTUCHE GATOR P\/TROMPETA GC-TRUMPET - Mexican Guitar Players\" \/>\n<meta property=\"og:description\" content=\"Estuche cl\u00e1sico para trompeta, moldeado de lujo, exterior de pl\u00e1stico ABS con cenefa de aluminio de alta resistencia, mango pasante para mayor resistencia, herraje triple cromado con pestillos bloqueables, interior EPS ajustado con forro de felpa profunda, anillos en D para agregar una correa de hombro.\" \/>\n<meta property=\"og:url\" content=\"https:\/\/www.mexicanguitarplayers.com\/en\/tienda\/sin categor\u00eda\/estuche-gator-p-trompeta-gc-trumpet\/\" \/>\n<meta property=\"og:site_name\" content=\"Mexican Guitar Players\" \/>\n<meta property=\"article:modified_time\" content=\"2026-05-01T13:24:18+00:00\" \/>\n<meta name=\"twitter:card\" content=\"summary_large_image\" \/>\n<meta name=\"twitter:label1\" content=\"Est. reading time\" \/>\n\t<meta name=\"twitter:data1\" content=\"1 minute\" \/>\n<script type=\"application\/ld+json\" class=\"yoast-schema-graph\">{\"@context\":\"https:\\\/\\\/schema.org\",\"@graph\":[{\"@type\":[\"WebPage\",\"ItemPage\"],\"@id\":\"https:\\\/\\\/www.mexicanguitarplayers.com\\\/tienda\\\/sin categor\u00eda\\\/estuche-gator-p-trompeta-gc-trumpet\\\/\",\"url\":\"https:\\\/\\\/www.mexicanguitarplayers.com\\\/tienda\\\/sin categor\u00eda\\\/estuche-gator-p-trompeta-gc-trumpet\\\/\",\"name\":\"ESTUCHE GATOR P\\\/TROMPETA GC-TRUMPET - Mexican Guitar Players\",\"isPartOf\":{\"@id\":\"https:\\\/\\\/www.mexicanguitarplayers.com\\\/#website\"},\"primaryImageOfPage\":{\"@id\":\"https:\\\/\\\/www.mexicanguitarplayers.com\\\/tienda\\\/sin categor\u00eda\\\/estuche-gator-p-trompeta-gc-trumpet\\\/#primaryimage\"},\"image\":{\"@id\":\"https:\\\/\\\/www.mexicanguitarplayers.com\\\/tienda\\\/sin categor\u00eda\\\/estuche-gator-p-trompeta-gc-trumpet\\\/#primaryimage\"},\"thumbnailUrl\":\"https:\\\/\\\/www.mexicanguitarplayers.com\\\/wp-content\\\/uploads\\\/2025\\\/04\\\/VAGATGCTRUMPET.jpg\",\"datePublished\":\"2025-04-08T17:53:31+00:00\",\"dateModified\":\"2026-05-01T13:24:18+00:00\",\"description\":\"Estuche cl\u00e1sico para trompeta, moldeado de lujo, exterior de pl\u00e1stico ABS con cenefa de aluminio de alta resistencia, mango pasante para mayor resistencia, herraje triple cromado con pestillos bloqueables, interior EPS ajustado con forro de felpa profunda, anillos en D para agregar una correa de hombro.\",\"breadcrumb\":{\"@id\":\"https:\\\/\\\/www.mexicanguitarplayers.com\\\/tienda\\\/sin categor\u00eda\\\/estuche-gator-p-trompeta-gc-trumpet\\\/#breadcrumb\"},\"inLanguage\":\"en-US\",\"potentialAction\":[{\"@type\":\"ReadAction\",\"target\":[\"https:\\\/\\\/www.mexicanguitarplayers.com\\\/tienda\\\/sin categor\u00eda\\\/estuche-gator-p-trompeta-gc-trumpet\\\/\"]}]},{\"@type\":\"ImageObject\",\"inLanguage\":\"en-US\",\"@id\":\"https:\\\/\\\/www.mexicanguitarplayers.com\\\/tienda\\\/sin categor\u00eda\\\/estuche-gator-p-trompeta-gc-trumpet\\\/#primaryimage\",\"url\":\"https:\\\/\\\/www.mexicanguitarplayers.com\\\/wp-content\\\/uploads\\\/2025\\\/04\\\/VAGATGCTRUMPET.jpg\",\"contentUrl\":\"https:\\\/\\\/www.mexicanguitarplayers.com\\\/wp-content\\\/uploads\\\/2025\\\/04\\\/VAGATGCTRUMPET.jpg\",\"width\":1600,\"height\":800},{\"@type\":\"BreadcrumbList\",\"@id\":\"https:\\\/\\\/www.mexicanguitarplayers.com\\\/tienda\\\/sin categor\u00eda\\\/estuche-gator-p-trompeta-gc-trumpet\\\/#breadcrumb\",\"itemListElement\":[{\"@type\":\"ListItem\",\"position\":1,\"name\":\"Portada\",\"item\":\"https:\\\/\\\/www.mexicanguitarplayers.com\\\/\"},{\"@type\":\"ListItem\",\"position\":2,\"name\":\"Tienda\",\"item\":\"https:\\\/\\\/www.mexicanguitarplayers.com\\\/tienda\\\/\"},{\"@type\":\"ListItem\",\"position\":3,\"name\":\"ESTUCHE GATOR P\\\/TROMPETA GC-TRUMPET\"}]},{\"@type\":\"WebSite\",\"@id\":\"https:\\\/\\\/www.mexicanguitarplayers.com\\\/#website\",\"url\":\"https:\\\/\\\/www.mexicanguitarplayers.com\\\/\",\"name\":\"Mexican Guitar Players\",\"description\":\"Website\",\"publisher\":{\"@id\":\"https:\\\/\\\/www.mexicanguitarplayers.com\\\/#organization\"},\"potentialAction\":[{\"@type\":\"SearchAction\",\"target\":{\"@type\":\"EntryPoint\",\"urlTemplate\":\"https:\\\/\\\/www.mexicanguitarplayers.com\\\/?s={search_term_string}\"},\"query-input\":{\"@type\":\"PropertyValueSpecification\",\"valueRequired\":true,\"valueName\":\"search_term_string\"}}],\"inLanguage\":\"en-US\"},{\"@type\":\"Organization\",\"@id\":\"https:\\\/\\\/www.mexicanguitarplayers.com\\\/#organization\",\"name\":\"Mexican Guitar Players\",\"url\":\"https:\\\/\\\/www.mexicanguitarplayers.com\\\/\",\"logo\":{\"@type\":\"ImageObject\",\"inLanguage\":\"en-US\",\"@id\":\"https:\\\/\\\/www.mexicanguitarplayers.com\\\/#\\\/schema\\\/logo\\\/image\\\/\",\"url\":\"\",\"contentUrl\":\"\",\"caption\":\"Mexican Guitar Players\"},\"image\":{\"@id\":\"https:\\\/\\\/www.mexicanguitarplayers.com\\\/#\\\/schema\\\/logo\\\/image\\\/\"}}]}<\/script>\n<!-- \/ Yoast SEO plugin. -->","yoast_head_json":{"title":"ESTUCHE GATOR P\/TROMPETA GC-TRUMPET - Mexican Guitar Players","description":"Estuche cl\u00e1sico para trompeta, moldeado de lujo, exterior de pl\u00e1stico ABS con cenefa de aluminio de alta resistencia, mango pasante para mayor resistencia, herraje triple cromado con pestillos bloqueables, interior EPS ajustado con forro de felpa profunda, anillos en D para agregar una correa de hombro.","robots":{"index":"index","follow":"follow","max-snippet":"max-snippet:-1","max-image-preview":"max-image-preview:large","max-video-preview":"max-video-preview:-1"},"canonical":"https:\/\/www.mexicanguitarplayers.com\/en\/tienda\/sin categor\u00eda\/estuche-gator-p-trompeta-gc-trumpet\/","og_locale":"en_US","og_type":"article","og_title":"ESTUCHE GATOR P\/TROMPETA GC-TRUMPET - Mexican Guitar Players","og_description":"Estuche cl\u00e1sico para trompeta, moldeado de lujo, exterior de pl\u00e1stico ABS con cenefa de aluminio de alta resistencia, mango pasante para mayor resistencia, herraje triple cromado con pestillos bloqueables, interior EPS ajustado con forro de felpa profunda, anillos en D para agregar una correa de hombro.","og_url":"https:\/\/www.mexicanguitarplayers.com\/en\/tienda\/sin categor\u00eda\/estuche-gator-p-trompeta-gc-trumpet\/","og_site_name":"Mexican Guitar Players","article_modified_time":"2026-05-01T13:24:18+00:00","twitter_card":"summary_large_image","twitter_misc":{"Est. reading time":"1 minute"},"schema":{"@context":"https:\/\/schema.org","@graph":[{"@type":["WebPage","ItemPage"],"@id":"https:\/\/www.mexicanguitarplayers.com\/tienda\/sin categor\u00eda\/estuche-gator-p-trompeta-gc-trumpet\/","url":"https:\/\/www.mexicanguitarplayers.com\/tienda\/sin categor\u00eda\/estuche-gator-p-trompeta-gc-trumpet\/","name":"ESTUCHE GATOR P\/TROMPETA GC-TRUMPET - Mexican Guitar Players","isPartOf":{"@id":"https:\/\/www.mexicanguitarplayers.com\/#website"},"primaryImageOfPage":{"@id":"https:\/\/www.mexicanguitarplayers.com\/tienda\/sin categor\u00eda\/estuche-gator-p-trompeta-gc-trumpet\/#primaryimage"},"image":{"@id":"https:\/\/www.mexicanguitarplayers.com\/tienda\/sin categor\u00eda\/estuche-gator-p-trompeta-gc-trumpet\/#primaryimage"},"thumbnailUrl":"https:\/\/www.mexicanguitarplayers.com\/wp-content\/uploads\/2025\/04\/VAGATGCTRUMPET.jpg","datePublished":"2025-04-08T17:53:31+00:00","dateModified":"2026-05-01T13:24:18+00:00","description":"Estuche cl\u00e1sico para trompeta, moldeado de lujo, exterior de pl\u00e1stico ABS con cenefa de aluminio de alta resistencia, mango pasante para mayor resistencia, herraje triple cromado con pestillos bloqueables, interior EPS ajustado con forro de felpa profunda, anillos en D para agregar una correa de hombro.","breadcrumb":{"@id":"https:\/\/www.mexicanguitarplayers.com\/tienda\/sin categor\u00eda\/estuche-gator-p-trompeta-gc-trumpet\/#breadcrumb"},"inLanguage":"en-US","potentialAction":[{"@type":"ReadAction","target":["https:\/\/www.mexicanguitarplayers.com\/tienda\/sin categor\u00eda\/estuche-gator-p-trompeta-gc-trumpet\/"]}]},{"@type":"ImageObject","inLanguage":"en-US","@id":"https:\/\/www.mexicanguitarplayers.com\/tienda\/sin categor\u00eda\/estuche-gator-p-trompeta-gc-trumpet\/#primaryimage","url":"https:\/\/www.mexicanguitarplayers.com\/wp-content\/uploads\/2025\/04\/VAGATGCTRUMPET.jpg","contentUrl":"https:\/\/www.mexicanguitarplayers.com\/wp-content\/uploads\/2025\/04\/VAGATGCTRUMPET.jpg","width":1600,"height":800},{"@type":"BreadcrumbList","@id":"https:\/\/www.mexicanguitarplayers.com\/tienda\/sin categor\u00eda\/estuche-gator-p-trompeta-gc-trumpet\/#breadcrumb","itemListElement":[{"@type":"ListItem","position":1,"name":"Portada","item":"https:\/\/www.mexicanguitarplayers.com\/"},{"@type":"ListItem","position":2,"name":"Tienda","item":"https:\/\/www.mexicanguitarplayers.com\/tienda\/"},{"@type":"ListItem","position":3,"name":"ESTUCHE GATOR P\/TROMPETA GC-TRUMPET"}]},{"@type":"WebSite","@id":"https:\/\/www.mexicanguitarplayers.com\/#website","url":"https:\/\/www.mexicanguitarplayers.com\/","name":"Mexican Guitar Players","description":"Website","publisher":{"@id":"https:\/\/www.mexicanguitarplayers.com\/#organization"},"potentialAction":[{"@type":"SearchAction","target":{"@type":"EntryPoint","urlTemplate":"https:\/\/www.mexicanguitarplayers.com\/?s={search_term_string}"},"query-input":{"@type":"PropertyValueSpecification","valueRequired":true,"valueName":"search_term_string"}}],"inLanguage":"en-US"},{"@type":"Organization","@id":"https:\/\/www.mexicanguitarplayers.com\/#organization","name":"Mexican Guitar Players","url":"https:\/\/www.mexicanguitarplayers.com\/","logo":{"@type":"ImageObject","inLanguage":"en-US","@id":"https:\/\/www.mexicanguitarplayers.com\/#\/schema\/logo\/image\/","url":"","contentUrl":"","caption":"Mexican Guitar Players"},"image":{"@id":"https:\/\/www.mexicanguitarplayers.com\/#\/schema\/logo\/image\/"}}]}},"brands":[{"id":572,"name":"GATOR","slug":"gator"}],"_links":{"self":[{"href":"https:\/\/www.mexicanguitarplayers.com\/en\/wp-json\/wp\/v2\/product\/31418","targetHints":{"allow":["GET"]}}],"collection":[{"href":"https:\/\/www.mexicanguitarplayers.com\/en\/wp-json\/wp\/v2\/product"}],"about":[{"href":"https:\/\/www.mexicanguitarplayers.com\/en\/wp-json\/wp\/v2\/types\/product"}],"replies":[{"embeddable":true,"href":"https:\/\/www.mexicanguitarplayers.com\/en\/wp-json\/wp\/v2\/comments?post=31418"}],"wp:featuredmedia":[{"embeddable":true,"href":"https:\/\/www.mexicanguitarplayers.com\/en\/wp-json\/wp\/v2\/media\/31410"}],"wp:attachment":[{"href":"https:\/\/www.mexicanguitarplayers.com\/en\/wp-json\/wp\/v2\/media?parent=31418"}],"wp:term":[{"taxonomy":"pwb-brand","embeddable":true,"href":"https:\/\/www.mexicanguitarplayers.com\/en\/wp-json\/wp\/v2\/pwb-brand?post=31418"},{"taxonomy":"product_brand","embeddable":true,"href":"https:\/\/www.mexicanguitarplayers.com\/en\/wp-json\/wp\/v2\/product_brand?post=31418"},{"taxonomy":"product_cat","embeddable":true,"href":"https:\/\/www.mexicanguitarplayers.com\/en\/wp-json\/wp\/v2\/product_cat?post=31418"},{"taxonomy":"product_tag","embeddable":true,"href":"https:\/\/www.mexicanguitarplayers.com\/en\/wp-json\/wp\/v2\/product_tag?post=31418"}],"curies":[{"name":"wp","href":"https:\/\/api.w.org\/{rel}","templated":true}]}}