{"id":31424,"date":"2025-04-08T11:53:48","date_gmt":"2025-04-08T17:53:48","guid":{"rendered":"https:\/\/www.mexicanguitarplayers.com\/tienda\/sin categor\u00eda\/pedal-t-c-p-guitarra-hall-of-fame-2-reverb\/"},"modified":"2026-04-14T04:16:32","modified_gmt":"2026-04-14T10:16:32","slug":"pedal-t-c-p-guitarra-hall-of-fame-2-reverb","status":"publish","type":"product","link":"https:\/\/www.mexicanguitarplayers.com\/en\/tienda\/cuerdas\/efectos\/efectos-individuales\/pedal-t-c-p-guitarra-hall-of-fame-2-reverb\/","title":{"rendered":"PEDAL T.C. P\/GUITARRA HALL OF FAME 2 REVERB"},"content":{"rendered":"<div style=\"text-align: justify\">\n<div>\n<h3>El cl\u00e1sico sonido reverb de TC, ahora renovado.<\/h3>\n<\/div>\n<div>El nuevo pedal Hall of Fame 2 Reverb cubre todo el sonido original y empaqueta 3 nuevas y poderosas caracter\u00edsticas. La revolucionaria tecnolog\u00eda MASH agrega una articulaci\u00f3n rica y fluida a tus efectos de reverb en el mismo stompbox que ya conoces. Adem\u00e1s de eso, hemos dise\u00f1ado cuidadosamente un reverb shimmer cristalino que puedes controlar con MASH para obtener un rendimiento excepcional en tiempo real. De hecho, puedes controlar cualquier casi par\u00e1metro concebible con MASH. Con el editor TonePrint puedes liberar el expresivo potencial en MASH en la forma que prefieras. Por supuesto, t\u00fa puedes obtener incluso todos los reverbs ic\u00f3nicos y TonePrints del original que ya conoces. Para cada tipo de reverb, MASH controlar\u00e1 un par\u00e1metro diferente, permiti\u00e9ndote expresarte sin tener que estar agach\u00e1ndote a cambiar los par\u00e1metros y sin un pedal dedicado de expresi\u00f3n.<\/div>\n<div>\n<h4>Quick look<\/h4>\n<\/div>\n<ul style=\"margin: 0px 0px 0px 25px\">\n<li style=\"list-style-type: circle;margin: 5px\">Bypass mode.<\/li>\n<li style=\"list-style-type: circle;margin: 5px\">Input connector.<\/li>\n<li style=\"list-style-type: circle;margin: 5px\">Input impedance.<\/li>\n<li style=\"list-style-type: circle;margin: 5px\">Output connector.<\/li>\n<li style=\"list-style-type: circle;margin: 5px\">Output impedance.<\/li>\n<li style=\"list-style-type: circle;margin: 5px\">Power input.<\/li>\n<li style=\"list-style-type: circle;margin: 5px\">Battery option.<\/li>\n<li style=\"list-style-type: circle;margin: 5px\">USB port.<\/li>\n<li style=\"list-style-type: circle;margin: 5px\">Dimensions.<\/li>\n<\/ul>\n<div>\n<div style=\"font-weight: bold\">Bypass mode.<\/div>\n<div>\n<p>True Bypass (Buffered Bypass optional).<\/p>\n<\/div>\n<div style=\"font-weight: bold\">Input connector.<\/div>\n<div>\n<p>2 x 1\/4&#8243; TS, desbalanceado, mono.<\/p>\n<\/div>\n<div style=\"font-weight: bold\">Input impedance.<\/div>\n<div>\n<p>1 milli-ohm.<\/p>\n<\/div>\n<div style=\"font-weight: bold\">Output connector.<\/div>\n<div>\n<p>2 x 1\/4&#8243; TS, desbalanceado, mono.<\/p>\n<\/div>\n<div style=\"font-weight: bold\">Output impedance.<\/div>\n<div>\n<p>100 ohms.<\/p>\n<\/div>\n<div style=\"font-weight: bold\">Power input.<\/div>\n<div>\n<p>9V DC est\u00e1ndar, centro negativo. &gt;100 mA (fuente de alimentaci\u00f3n no incluida).<\/p>\n<\/div>\n<div style=\"font-weight: bold\">Battery option.<\/div>\n<div>\n<p>9V.<\/p>\n<\/div>\n<div style=\"font-weight: bold\">USB port.<\/div>\n<div>\n<p>Conector Mini USB para actualizaciones de firmware.<\/p>\n<\/div>\n<div style=\"font-weight: bold\">Dimensions.<\/div>\n<div>\n<p>93 x 48 x 48 mm.<\/p>\n<\/div>\n<\/div>\n<\/div>","protected":false},"excerpt":{"rendered":"<p>Pedal reverb para guitarra, tecnolog\u00eda MASH, nuevo algoritmo shimmer reverb con desplazamiento de tono de octava, 8 tipos de reverb 3 slots de TonePrint, TonePront habilitado, true bypass o buffered bypass, analog-dry-through, controles de nivel, tono y decay, f\u00e1cil acceso a la bater\u00eda, footprint peque\u00f1o, componentes de alta calidad, dise\u00f1o de uso rudo, entrada y salida est\u00e9reo, dimensiones: 93 x 48 x 48 mm.&hellip; <a class=\"kt-excerpt-readmore more-link\" href=\"https:\/\/www.mexicanguitarplayers.com\/en\/tienda\/cuerdas\/efectos\/efectos-individuales\/pedal-t-c-p-guitarra-hall-of-fame-2-reverb\/\">Read more<\/a><\/p>","protected":false},"featured_media":31421,"comment_status":"open","ping_status":"closed","template":"","meta":{"kt_blocks_editor_width":""},"pwb-brand":[170],"product_brand":[],"product_cat":[224,241,504],"product_tag":[],"class_list":{"0":"post-31424","1":"product","2":"type-product","3":"status-publish","4":"has-post-thumbnail","6":"pwb-brand-tc-electronic","7":"product_cat-cuerdas","8":"product_cat-efectos","9":"product_cat-efectos-individuales","10":"product_shipping_class-0-5-kg","12":"first","13":"outofstock","14":"taxable","15":"shipping-taxable","16":"purchasable","17":"product-type-simple"},"yoast_head":"<!-- This site is optimized with the Yoast SEO plugin v27.5 - https:\/\/yoast.com\/product\/yoast-seo-wordpress\/ -->\n<title>PEDAL T.C. P\/GUITARRA HALL OF FAME 2 REVERB - Mexican Guitar Players<\/title>\n<meta name=\"description\" content=\"Pedal reverb para guitarra, tecnolog\u00eda MASH, nuevo algoritmo shimmer reverb con desplazamiento de tono de octava, 8 tipos de reverb 3 slots de TonePrint, TonePront habilitado, true bypass o buffered bypass, analog-dry-through, controles de nivel, tono y decay, f\u00e1cil acceso a la bater\u00eda, footprint peque\u00f1o, componentes de alta calidad, dise\u00f1o de uso rudo, entrada y salida est\u00e9reo, dimensiones: 93 x 48 x 48 mm.\" \/>\n<meta name=\"robots\" content=\"index, follow, max-snippet:-1, max-image-preview:large, max-video-preview:-1\" \/>\n<link rel=\"canonical\" href=\"https:\/\/www.mexicanguitarplayers.com\/en\/tienda\/sin%20categor\u00eda\/pedal-t-c-p-guitarra-hall-of-fame-2-reverb\/\" \/>\n<meta property=\"og:locale\" content=\"en_US\" \/>\n<meta property=\"og:type\" content=\"article\" \/>\n<meta property=\"og:title\" content=\"PEDAL T.C. P\/GUITARRA HALL OF FAME 2 REVERB - Mexican Guitar Players\" \/>\n<meta property=\"og:description\" content=\"Pedal reverb para guitarra, tecnolog\u00eda MASH, nuevo algoritmo shimmer reverb con desplazamiento de tono de octava, 8 tipos de reverb 3 slots de TonePrint, TonePront habilitado, true bypass o buffered bypass, analog-dry-through, controles de nivel, tono y decay, f\u00e1cil acceso a la bater\u00eda, footprint peque\u00f1o, componentes de alta calidad, dise\u00f1o de uso rudo, entrada y salida est\u00e9reo, dimensiones: 93 x 48 x 48 mm.\" \/>\n<meta property=\"og:url\" content=\"https:\/\/www.mexicanguitarplayers.com\/en\/tienda\/sin categor\u00eda\/pedal-t-c-p-guitarra-hall-of-fame-2-reverb\/\" \/>\n<meta property=\"og:site_name\" content=\"Mexican Guitar Players\" \/>\n<meta property=\"article:modified_time\" content=\"2026-04-14T10:16:32+00:00\" \/>\n<meta name=\"twitter:card\" content=\"summary_large_image\" \/>\n<meta name=\"twitter:label1\" content=\"Est. reading time\" \/>\n\t<meta name=\"twitter:data1\" content=\"1 minute\" \/>\n<script type=\"application\/ld+json\" class=\"yoast-schema-graph\">{\"@context\":\"https:\\\/\\\/schema.org\",\"@graph\":[{\"@type\":[\"WebPage\",\"ItemPage\"],\"@id\":\"https:\\\/\\\/www.mexicanguitarplayers.com\\\/tienda\\\/sin categor\u00eda\\\/pedal-t-c-p-guitarra-hall-of-fame-2-reverb\\\/\",\"url\":\"https:\\\/\\\/www.mexicanguitarplayers.com\\\/tienda\\\/sin categor\u00eda\\\/pedal-t-c-p-guitarra-hall-of-fame-2-reverb\\\/\",\"name\":\"PEDAL T.C. P\\\/GUITARRA HALL OF FAME 2 REVERB - Mexican Guitar Players\",\"isPartOf\":{\"@id\":\"https:\\\/\\\/www.mexicanguitarplayers.com\\\/#website\"},\"primaryImageOfPage\":{\"@id\":\"https:\\\/\\\/www.mexicanguitarplayers.com\\\/tienda\\\/sin categor\u00eda\\\/pedal-t-c-p-guitarra-hall-of-fame-2-reverb\\\/#primaryimage\"},\"image\":{\"@id\":\"https:\\\/\\\/www.mexicanguitarplayers.com\\\/tienda\\\/sin categor\u00eda\\\/pedal-t-c-p-guitarra-hall-of-fame-2-reverb\\\/#primaryimage\"},\"thumbnailUrl\":\"https:\\\/\\\/www.mexicanguitarplayers.com\\\/wp-content\\\/uploads\\\/2025\\\/04\\\/VATCEHALLOFFA2.jpg\",\"datePublished\":\"2025-04-08T17:53:48+00:00\",\"dateModified\":\"2026-04-14T10:16:32+00:00\",\"description\":\"Pedal reverb para guitarra, tecnolog\u00eda MASH, nuevo algoritmo shimmer reverb con desplazamiento de tono de octava, 8 tipos de reverb 3 slots de TonePrint, TonePront habilitado, true bypass o buffered bypass, analog-dry-through, controles de nivel, tono y decay, f\u00e1cil acceso a la bater\u00eda, footprint peque\u00f1o, componentes de alta calidad, dise\u00f1o de uso rudo, entrada y salida est\u00e9reo, dimensiones: 93 x 48 x 48 mm.\",\"breadcrumb\":{\"@id\":\"https:\\\/\\\/www.mexicanguitarplayers.com\\\/tienda\\\/sin categor\u00eda\\\/pedal-t-c-p-guitarra-hall-of-fame-2-reverb\\\/#breadcrumb\"},\"inLanguage\":\"en-US\",\"potentialAction\":[{\"@type\":\"ReadAction\",\"target\":[\"https:\\\/\\\/www.mexicanguitarplayers.com\\\/tienda\\\/sin categor\u00eda\\\/pedal-t-c-p-guitarra-hall-of-fame-2-reverb\\\/\"]}]},{\"@type\":\"ImageObject\",\"inLanguage\":\"en-US\",\"@id\":\"https:\\\/\\\/www.mexicanguitarplayers.com\\\/tienda\\\/sin categor\u00eda\\\/pedal-t-c-p-guitarra-hall-of-fame-2-reverb\\\/#primaryimage\",\"url\":\"https:\\\/\\\/www.mexicanguitarplayers.com\\\/wp-content\\\/uploads\\\/2025\\\/04\\\/VATCEHALLOFFA2.jpg\",\"contentUrl\":\"https:\\\/\\\/www.mexicanguitarplayers.com\\\/wp-content\\\/uploads\\\/2025\\\/04\\\/VATCEHALLOFFA2.jpg\",\"width\":1200,\"height\":1200},{\"@type\":\"BreadcrumbList\",\"@id\":\"https:\\\/\\\/www.mexicanguitarplayers.com\\\/tienda\\\/sin categor\u00eda\\\/pedal-t-c-p-guitarra-hall-of-fame-2-reverb\\\/#breadcrumb\",\"itemListElement\":[{\"@type\":\"ListItem\",\"position\":1,\"name\":\"Portada\",\"item\":\"https:\\\/\\\/www.mexicanguitarplayers.com\\\/\"},{\"@type\":\"ListItem\",\"position\":2,\"name\":\"Tienda\",\"item\":\"https:\\\/\\\/www.mexicanguitarplayers.com\\\/tienda\\\/\"},{\"@type\":\"ListItem\",\"position\":3,\"name\":\"PEDAL T.C. P\\\/GUITARRA HALL OF FAME 2 REVERB\"}]},{\"@type\":\"WebSite\",\"@id\":\"https:\\\/\\\/www.mexicanguitarplayers.com\\\/#website\",\"url\":\"https:\\\/\\\/www.mexicanguitarplayers.com\\\/\",\"name\":\"Mexican Guitar Players\",\"description\":\"Website\",\"publisher\":{\"@id\":\"https:\\\/\\\/www.mexicanguitarplayers.com\\\/#organization\"},\"potentialAction\":[{\"@type\":\"SearchAction\",\"target\":{\"@type\":\"EntryPoint\",\"urlTemplate\":\"https:\\\/\\\/www.mexicanguitarplayers.com\\\/?s={search_term_string}\"},\"query-input\":{\"@type\":\"PropertyValueSpecification\",\"valueRequired\":true,\"valueName\":\"search_term_string\"}}],\"inLanguage\":\"en-US\"},{\"@type\":\"Organization\",\"@id\":\"https:\\\/\\\/www.mexicanguitarplayers.com\\\/#organization\",\"name\":\"Mexican Guitar Players\",\"url\":\"https:\\\/\\\/www.mexicanguitarplayers.com\\\/\",\"logo\":{\"@type\":\"ImageObject\",\"inLanguage\":\"en-US\",\"@id\":\"https:\\\/\\\/www.mexicanguitarplayers.com\\\/#\\\/schema\\\/logo\\\/image\\\/\",\"url\":\"\",\"contentUrl\":\"\",\"caption\":\"Mexican Guitar Players\"},\"image\":{\"@id\":\"https:\\\/\\\/www.mexicanguitarplayers.com\\\/#\\\/schema\\\/logo\\\/image\\\/\"}}]}<\/script>\n<!-- \/ Yoast SEO plugin. -->","yoast_head_json":{"title":"PEDAL T.C. P\/GUITARRA HALL OF FAME 2 REVERB - Mexican Guitar Players","description":"Pedal reverb para guitarra, tecnolog\u00eda MASH, nuevo algoritmo shimmer reverb con desplazamiento de tono de octava, 8 tipos de reverb 3 slots de TonePrint, TonePront habilitado, true bypass o buffered bypass, analog-dry-through, controles de nivel, tono y decay, f\u00e1cil acceso a la bater\u00eda, footprint peque\u00f1o, componentes de alta calidad, dise\u00f1o de uso rudo, entrada y salida est\u00e9reo, dimensiones: 93 x 48 x 48 mm.","robots":{"index":"index","follow":"follow","max-snippet":"max-snippet:-1","max-image-preview":"max-image-preview:large","max-video-preview":"max-video-preview:-1"},"canonical":"https:\/\/www.mexicanguitarplayers.com\/en\/tienda\/sin categor\u00eda\/pedal-t-c-p-guitarra-hall-of-fame-2-reverb\/","og_locale":"en_US","og_type":"article","og_title":"PEDAL T.C. P\/GUITARRA HALL OF FAME 2 REVERB - Mexican Guitar Players","og_description":"Pedal reverb para guitarra, tecnolog\u00eda MASH, nuevo algoritmo shimmer reverb con desplazamiento de tono de octava, 8 tipos de reverb 3 slots de TonePrint, TonePront habilitado, true bypass o buffered bypass, analog-dry-through, controles de nivel, tono y decay, f\u00e1cil acceso a la bater\u00eda, footprint peque\u00f1o, componentes de alta calidad, dise\u00f1o de uso rudo, entrada y salida est\u00e9reo, dimensiones: 93 x 48 x 48 mm.","og_url":"https:\/\/www.mexicanguitarplayers.com\/en\/tienda\/sin categor\u00eda\/pedal-t-c-p-guitarra-hall-of-fame-2-reverb\/","og_site_name":"Mexican Guitar Players","article_modified_time":"2026-04-14T10:16:32+00:00","twitter_card":"summary_large_image","twitter_misc":{"Est. reading time":"1 minute"},"schema":{"@context":"https:\/\/schema.org","@graph":[{"@type":["WebPage","ItemPage"],"@id":"https:\/\/www.mexicanguitarplayers.com\/tienda\/sin categor\u00eda\/pedal-t-c-p-guitarra-hall-of-fame-2-reverb\/","url":"https:\/\/www.mexicanguitarplayers.com\/tienda\/sin categor\u00eda\/pedal-t-c-p-guitarra-hall-of-fame-2-reverb\/","name":"PEDAL T.C. P\/GUITARRA HALL OF FAME 2 REVERB - Mexican Guitar Players","isPartOf":{"@id":"https:\/\/www.mexicanguitarplayers.com\/#website"},"primaryImageOfPage":{"@id":"https:\/\/www.mexicanguitarplayers.com\/tienda\/sin categor\u00eda\/pedal-t-c-p-guitarra-hall-of-fame-2-reverb\/#primaryimage"},"image":{"@id":"https:\/\/www.mexicanguitarplayers.com\/tienda\/sin categor\u00eda\/pedal-t-c-p-guitarra-hall-of-fame-2-reverb\/#primaryimage"},"thumbnailUrl":"https:\/\/www.mexicanguitarplayers.com\/wp-content\/uploads\/2025\/04\/VATCEHALLOFFA2.jpg","datePublished":"2025-04-08T17:53:48+00:00","dateModified":"2026-04-14T10:16:32+00:00","description":"Pedal reverb para guitarra, tecnolog\u00eda MASH, nuevo algoritmo shimmer reverb con desplazamiento de tono de octava, 8 tipos de reverb 3 slots de TonePrint, TonePront habilitado, true bypass o buffered bypass, analog-dry-through, controles de nivel, tono y decay, f\u00e1cil acceso a la bater\u00eda, footprint peque\u00f1o, componentes de alta calidad, dise\u00f1o de uso rudo, entrada y salida est\u00e9reo, dimensiones: 93 x 48 x 48 mm.","breadcrumb":{"@id":"https:\/\/www.mexicanguitarplayers.com\/tienda\/sin categor\u00eda\/pedal-t-c-p-guitarra-hall-of-fame-2-reverb\/#breadcrumb"},"inLanguage":"en-US","potentialAction":[{"@type":"ReadAction","target":["https:\/\/www.mexicanguitarplayers.com\/tienda\/sin categor\u00eda\/pedal-t-c-p-guitarra-hall-of-fame-2-reverb\/"]}]},{"@type":"ImageObject","inLanguage":"en-US","@id":"https:\/\/www.mexicanguitarplayers.com\/tienda\/sin categor\u00eda\/pedal-t-c-p-guitarra-hall-of-fame-2-reverb\/#primaryimage","url":"https:\/\/www.mexicanguitarplayers.com\/wp-content\/uploads\/2025\/04\/VATCEHALLOFFA2.jpg","contentUrl":"https:\/\/www.mexicanguitarplayers.com\/wp-content\/uploads\/2025\/04\/VATCEHALLOFFA2.jpg","width":1200,"height":1200},{"@type":"BreadcrumbList","@id":"https:\/\/www.mexicanguitarplayers.com\/tienda\/sin categor\u00eda\/pedal-t-c-p-guitarra-hall-of-fame-2-reverb\/#breadcrumb","itemListElement":[{"@type":"ListItem","position":1,"name":"Portada","item":"https:\/\/www.mexicanguitarplayers.com\/"},{"@type":"ListItem","position":2,"name":"Tienda","item":"https:\/\/www.mexicanguitarplayers.com\/tienda\/"},{"@type":"ListItem","position":3,"name":"PEDAL T.C. P\/GUITARRA HALL OF FAME 2 REVERB"}]},{"@type":"WebSite","@id":"https:\/\/www.mexicanguitarplayers.com\/#website","url":"https:\/\/www.mexicanguitarplayers.com\/","name":"Mexican Guitar Players","description":"Website","publisher":{"@id":"https:\/\/www.mexicanguitarplayers.com\/#organization"},"potentialAction":[{"@type":"SearchAction","target":{"@type":"EntryPoint","urlTemplate":"https:\/\/www.mexicanguitarplayers.com\/?s={search_term_string}"},"query-input":{"@type":"PropertyValueSpecification","valueRequired":true,"valueName":"search_term_string"}}],"inLanguage":"en-US"},{"@type":"Organization","@id":"https:\/\/www.mexicanguitarplayers.com\/#organization","name":"Mexican Guitar Players","url":"https:\/\/www.mexicanguitarplayers.com\/","logo":{"@type":"ImageObject","inLanguage":"en-US","@id":"https:\/\/www.mexicanguitarplayers.com\/#\/schema\/logo\/image\/","url":"","contentUrl":"","caption":"Mexican Guitar Players"},"image":{"@id":"https:\/\/www.mexicanguitarplayers.com\/#\/schema\/logo\/image\/"}}]}},"brands":[{"id":170,"name":"TC-ELECTRONIC","slug":"tc-electronic"}],"_links":{"self":[{"href":"https:\/\/www.mexicanguitarplayers.com\/en\/wp-json\/wp\/v2\/product\/31424","targetHints":{"allow":["GET"]}}],"collection":[{"href":"https:\/\/www.mexicanguitarplayers.com\/en\/wp-json\/wp\/v2\/product"}],"about":[{"href":"https:\/\/www.mexicanguitarplayers.com\/en\/wp-json\/wp\/v2\/types\/product"}],"replies":[{"embeddable":true,"href":"https:\/\/www.mexicanguitarplayers.com\/en\/wp-json\/wp\/v2\/comments?post=31424"}],"wp:featuredmedia":[{"embeddable":true,"href":"https:\/\/www.mexicanguitarplayers.com\/en\/wp-json\/wp\/v2\/media\/31421"}],"wp:attachment":[{"href":"https:\/\/www.mexicanguitarplayers.com\/en\/wp-json\/wp\/v2\/media?parent=31424"}],"wp:term":[{"taxonomy":"pwb-brand","embeddable":true,"href":"https:\/\/www.mexicanguitarplayers.com\/en\/wp-json\/wp\/v2\/pwb-brand?post=31424"},{"taxonomy":"product_brand","embeddable":true,"href":"https:\/\/www.mexicanguitarplayers.com\/en\/wp-json\/wp\/v2\/product_brand?post=31424"},{"taxonomy":"product_cat","embeddable":true,"href":"https:\/\/www.mexicanguitarplayers.com\/en\/wp-json\/wp\/v2\/product_cat?post=31424"},{"taxonomy":"product_tag","embeddable":true,"href":"https:\/\/www.mexicanguitarplayers.com\/en\/wp-json\/wp\/v2\/product_tag?post=31424"}],"curies":[{"name":"wp","href":"https:\/\/api.w.org\/{rel}","templated":true}]}}