{"id":31430,"date":"2025-04-08T11:53:57","date_gmt":"2025-04-08T17:53:57","guid":{"rendered":"https:\/\/www.mexicanguitarplayers.com\/tienda\/sin categor\u00eda\/platillo-meinl-smack-stack-mod-hcs024sm\/"},"modified":"2025-09-18T13:16:18","modified_gmt":"2025-09-18T19:16:18","slug":"platillo-meinl-smack-stack-mod-hcs024sm","status":"publish","type":"product","link":"https:\/\/www.mexicanguitarplayers.com\/en\/tienda\/percusiones\/platillos\/platillos-de-efectos\/platillo-meinl-smack-stack-mod-hcs024sm\/","title":{"rendered":"PLATILLO MEINL SMACK STACK MOD. HCS024SM"},"content":{"rendered":"<div style=\"text-align: justify\">\n<div>\n<h3>Un nuevo sonido.<\/h3>\n<\/div>\n<div>El HCS 10\/12\/14 Smack Stack de 3 piezas presenta tres discos con forma para crear un efecto de sonido distintivo. El stack se puede manipular ajustando la tensi\u00f3n de la tuerca de mariposa del soporte de platillo. El aumento de la tensi\u00f3n produce un ataque n\u00edtido y una ca\u00edda corta ideal para acentos r\u00e1pidos, mientras que los ajustes sueltos producen un sostenido m\u00e1s prolongado. Funciona bien cuando se combina con una tarola para obtener back beats mejorados o como una alternativa a tu tarola por completo. Los discos tienen un tama\u00f1o de 10&#8243;, 12&#8243; y 14&#8243; pulgadas.<\/div>\n<div>\n<h4>Quick look<\/h4>\n<\/div>\n<ul style=\"margin: 0px 0px 0px 25px\">\n<li style=\"list-style-type: circle;margin: 5px\">Characteristics.<\/li>\n<li style=\"list-style-type: circle;margin: 5px\">Tipo de platillo.<\/li>\n<li style=\"list-style-type: circle;margin: 5px\">Weight.<\/li>\n<li style=\"list-style-type: circle;margin: 5px\">Tama\u00f1os incluidos.<\/li>\n<li style=\"list-style-type: circle;margin: 5px\">Estilo musical.<\/li>\n<li style=\"list-style-type: circle;margin: 5px\">Tono.<\/li>\n<li style=\"list-style-type: circle;margin: 5px\">Car\u00e1cter.<\/li>\n<li style=\"list-style-type: circle;margin: 5px\">Timbre.<\/li>\n<li style=\"list-style-type: circle;margin: 5px\">Volumen.<\/li>\n<li style=\"list-style-type: circle;margin: 5px\">Torno.<\/li>\n<li style=\"list-style-type: circle;margin: 5px\">Sustain.<\/li>\n<li style=\"list-style-type: circle;margin: 5px\">Material.<\/li>\n<li style=\"list-style-type: circle;margin: 5px\">Terminado.<\/li>\n<li style=\"list-style-type: circle;margin: 5px\">Forma.<\/li>\n<li style=\"list-style-type: circle;margin: 5px\">Para pulir.<\/li>\n<\/ul>\n<div>\n<div style=\"font-weight: bold\">Characteristics.<\/div>\n<div>\n<p>Sonido \u00fanico. Especialmente emparejados. Valor inmejorable. Hechos en Alemania.<\/p>\n<\/div>\n<div style=\"font-weight: bold\">Tipo de platillo.<\/div>\n<div>\n<p>Smack Stack.<\/p>\n<\/div>\n<div style=\"font-weight: bold\">Weight.<\/div>\n<div>\n<p>Medio delgado.<\/p>\n<\/div>\n<div style=\"font-weight: bold\">Tama\u00f1os incluidos.<\/div>\n<div>\n<p>10&#8243; pulgadas. 12&#8243; pulgadas. 14&#8243; pulgadas.<\/p>\n<\/div>\n<div style=\"font-weight: bold\">Estilo musical.<\/div>\n<div>\n<p>Rock, Pop, Funk, Fusion.<\/p>\n<\/div>\n<div style=\"font-weight: bold\">Tono.<\/div>\n<div>\n<p>Agudo-Medio.<\/p>\n<\/div>\n<div style=\"font-weight: bold\">Car\u00e1cter.<\/div>\n<div>\n<p>Experimental, Moderno, Seco.<\/p>\n<\/div>\n<div style=\"font-weight: bold\">Timbre.<\/div>\n<div>\n<p>Medio-Brillante.<\/p>\n<\/div>\n<div style=\"font-weight: bold\">Volumen.<\/div>\n<div>\n<p>Medio a bajo.<\/p>\n<\/div>\n<div style=\"font-weight: bold\">Torno.<\/div>\n<div>\n<p>Hoja ancha.<\/p>\n<\/div>\n<div style=\"font-weight: bold\">Sustain.<\/div>\n<div>\n<p>Corto.<\/p>\n<\/div>\n<div style=\"font-weight: bold\">Material.<\/div>\n<div>\n<p>Aleaci\u00f3n MS63.<\/p>\n<\/div>\n<div style=\"font-weight: bold\">Terminado.<\/div>\n<div>\n<p>Tradicional.<\/p>\n<\/div>\n<div style=\"font-weight: bold\">Forma.<\/div>\n<div>\n<p>Tecnolog\u00eda de punto de presi\u00f3n.<\/p>\n<\/div>\n<div style=\"font-weight: bold\">Para pulir.<\/div>\n<div>\n<p>Meinl Cymbal Cleaner.<\/p>\n<\/div>\n<\/div>\n<\/div>","protected":false},"excerpt":{"rendered":"<p>Smack stack, platillo de efectos, incluye discos de 10\u201d, 12\u201d y 14\u201d pulgadas, fabricado con aleaci\u00f3n MS63, sonido \u00fanico, especialmente emparejados, valor inmejorable, hechos en Alemania, tono agudo-medio, car\u00e1cter experimental, moderno y seco, terminado tradicional, sustain corto.&hellip; <a class=\"kt-excerpt-readmore more-link\" href=\"https:\/\/www.mexicanguitarplayers.com\/en\/tienda\/percusiones\/platillos\/platillos-de-efectos\/platillo-meinl-smack-stack-mod-hcs024sm\/\">Read more<\/a><\/p>","protected":false},"featured_media":31427,"comment_status":"open","ping_status":"closed","template":"","meta":{"kt_blocks_editor_width":""},"pwb-brand":[290],"product_brand":[],"product_cat":[208,260,287],"product_tag":[],"class_list":{"0":"post-31430","1":"product","2":"type-product","3":"status-publish","4":"has-post-thumbnail","6":"pwb-brand-meinl","7":"product_cat-percusiones","8":"product_cat-platillos","9":"product_cat-platillos-de-efectos","10":"product_shipping_class-0-5-kg","12":"first","13":"instock","14":"taxable","15":"shipping-taxable","16":"purchasable","17":"product-type-simple"},"yoast_head":"<!-- This site is optimized with the Yoast SEO plugin v27.3 - https:\/\/yoast.com\/product\/yoast-seo-wordpress\/ -->\n<title>PLATILLO MEINL SMACK STACK MOD. HCS024SM - Mexican Guitar Players<\/title>\n<meta name=\"description\" content=\"Smack stack, platillo de efectos, incluye discos de 10\u201d, 12\u201d y 14\u201d pulgadas, fabricado con aleaci\u00f3n MS63, sonido \u00fanico, especialmente emparejados, valor inmejorable, hechos en Alemania, tono agudo-medio, car\u00e1cter experimental, moderno y seco, terminado tradicional, sustain corto.\" \/>\n<meta name=\"robots\" content=\"index, follow, max-snippet:-1, max-image-preview:large, max-video-preview:-1\" \/>\n<link rel=\"canonical\" href=\"https:\/\/www.mexicanguitarplayers.com\/en\/tienda\/sin%20categor\u00eda\/platillo-meinl-smack-stack-mod-hcs024sm\/\" \/>\n<meta property=\"og:locale\" content=\"en_US\" \/>\n<meta property=\"og:type\" content=\"article\" \/>\n<meta property=\"og:title\" content=\"PLATILLO MEINL SMACK STACK MOD. HCS024SM - Mexican Guitar Players\" \/>\n<meta property=\"og:description\" content=\"Smack stack, platillo de efectos, incluye discos de 10\u201d, 12\u201d y 14\u201d pulgadas, fabricado con aleaci\u00f3n MS63, sonido \u00fanico, especialmente emparejados, valor inmejorable, hechos en Alemania, tono agudo-medio, car\u00e1cter experimental, moderno y seco, terminado tradicional, sustain corto.\" \/>\n<meta property=\"og:url\" content=\"https:\/\/www.mexicanguitarplayers.com\/en\/tienda\/sin categor\u00eda\/platillo-meinl-smack-stack-mod-hcs024sm\/\" \/>\n<meta property=\"og:site_name\" content=\"Mexican Guitar Players\" \/>\n<meta property=\"article:modified_time\" content=\"2025-09-18T19:16:18+00:00\" \/>\n<meta name=\"twitter:card\" content=\"summary_large_image\" \/>\n<meta name=\"twitter:label1\" content=\"Est. reading time\" \/>\n\t<meta name=\"twitter:data1\" content=\"1 minute\" \/>\n<script type=\"application\/ld+json\" class=\"yoast-schema-graph\">{\"@context\":\"https:\\\/\\\/schema.org\",\"@graph\":[{\"@type\":[\"WebPage\",\"ItemPage\"],\"@id\":\"https:\\\/\\\/www.mexicanguitarplayers.com\\\/tienda\\\/sin categor\u00eda\\\/platillo-meinl-smack-stack-mod-hcs024sm\\\/\",\"url\":\"https:\\\/\\\/www.mexicanguitarplayers.com\\\/tienda\\\/sin categor\u00eda\\\/platillo-meinl-smack-stack-mod-hcs024sm\\\/\",\"name\":\"PLATILLO MEINL SMACK STACK MOD. HCS024SM - Mexican Guitar Players\",\"isPartOf\":{\"@id\":\"https:\\\/\\\/www.mexicanguitarplayers.com\\\/#website\"},\"primaryImageOfPage\":{\"@id\":\"https:\\\/\\\/www.mexicanguitarplayers.com\\\/tienda\\\/sin categor\u00eda\\\/platillo-meinl-smack-stack-mod-hcs024sm\\\/#primaryimage\"},\"image\":{\"@id\":\"https:\\\/\\\/www.mexicanguitarplayers.com\\\/tienda\\\/sin categor\u00eda\\\/platillo-meinl-smack-stack-mod-hcs024sm\\\/#primaryimage\"},\"thumbnailUrl\":\"https:\\\/\\\/www.mexicanguitarplayers.com\\\/wp-content\\\/uploads\\\/2025\\\/04\\\/IPMEIHCS024SM.jpg\",\"datePublished\":\"2025-04-08T17:53:57+00:00\",\"dateModified\":\"2025-09-18T19:16:18+00:00\",\"description\":\"Smack stack, platillo de efectos, incluye discos de 10\u201d, 12\u201d y 14\u201d pulgadas, fabricado con aleaci\u00f3n MS63, sonido \u00fanico, especialmente emparejados, valor inmejorable, hechos en Alemania, tono agudo-medio, car\u00e1cter experimental, moderno y seco, terminado tradicional, sustain corto.\",\"breadcrumb\":{\"@id\":\"https:\\\/\\\/www.mexicanguitarplayers.com\\\/tienda\\\/sin categor\u00eda\\\/platillo-meinl-smack-stack-mod-hcs024sm\\\/#breadcrumb\"},\"inLanguage\":\"en-US\",\"potentialAction\":[{\"@type\":\"ReadAction\",\"target\":[\"https:\\\/\\\/www.mexicanguitarplayers.com\\\/tienda\\\/sin categor\u00eda\\\/platillo-meinl-smack-stack-mod-hcs024sm\\\/\"]}]},{\"@type\":\"ImageObject\",\"inLanguage\":\"en-US\",\"@id\":\"https:\\\/\\\/www.mexicanguitarplayers.com\\\/tienda\\\/sin categor\u00eda\\\/platillo-meinl-smack-stack-mod-hcs024sm\\\/#primaryimage\",\"url\":\"https:\\\/\\\/www.mexicanguitarplayers.com\\\/wp-content\\\/uploads\\\/2025\\\/04\\\/IPMEIHCS024SM.jpg\",\"contentUrl\":\"https:\\\/\\\/www.mexicanguitarplayers.com\\\/wp-content\\\/uploads\\\/2025\\\/04\\\/IPMEIHCS024SM.jpg\",\"width\":1200,\"height\":1200},{\"@type\":\"BreadcrumbList\",\"@id\":\"https:\\\/\\\/www.mexicanguitarplayers.com\\\/tienda\\\/sin categor\u00eda\\\/platillo-meinl-smack-stack-mod-hcs024sm\\\/#breadcrumb\",\"itemListElement\":[{\"@type\":\"ListItem\",\"position\":1,\"name\":\"Portada\",\"item\":\"https:\\\/\\\/www.mexicanguitarplayers.com\\\/\"},{\"@type\":\"ListItem\",\"position\":2,\"name\":\"Tienda\",\"item\":\"https:\\\/\\\/www.mexicanguitarplayers.com\\\/tienda\\\/\"},{\"@type\":\"ListItem\",\"position\":3,\"name\":\"PLATILLO MEINL SMACK STACK MOD. HCS024SM\"}]},{\"@type\":\"WebSite\",\"@id\":\"https:\\\/\\\/www.mexicanguitarplayers.com\\\/#website\",\"url\":\"https:\\\/\\\/www.mexicanguitarplayers.com\\\/\",\"name\":\"Mexican Guitar Players\",\"description\":\"Website\",\"publisher\":{\"@id\":\"https:\\\/\\\/www.mexicanguitarplayers.com\\\/#organization\"},\"potentialAction\":[{\"@type\":\"SearchAction\",\"target\":{\"@type\":\"EntryPoint\",\"urlTemplate\":\"https:\\\/\\\/www.mexicanguitarplayers.com\\\/?s={search_term_string}\"},\"query-input\":{\"@type\":\"PropertyValueSpecification\",\"valueRequired\":true,\"valueName\":\"search_term_string\"}}],\"inLanguage\":\"en-US\"},{\"@type\":\"Organization\",\"@id\":\"https:\\\/\\\/www.mexicanguitarplayers.com\\\/#organization\",\"name\":\"Mexican Guitar Players\",\"url\":\"https:\\\/\\\/www.mexicanguitarplayers.com\\\/\",\"logo\":{\"@type\":\"ImageObject\",\"inLanguage\":\"en-US\",\"@id\":\"https:\\\/\\\/www.mexicanguitarplayers.com\\\/#\\\/schema\\\/logo\\\/image\\\/\",\"url\":\"\",\"contentUrl\":\"\",\"caption\":\"Mexican Guitar Players\"},\"image\":{\"@id\":\"https:\\\/\\\/www.mexicanguitarplayers.com\\\/#\\\/schema\\\/logo\\\/image\\\/\"}}]}<\/script>\n<!-- \/ Yoast SEO plugin. -->","yoast_head_json":{"title":"PLATILLO MEINL SMACK STACK MOD. HCS024SM - Mexican Guitar Players","description":"Smack stack, platillo de efectos, incluye discos de 10\u201d, 12\u201d y 14\u201d pulgadas, fabricado con aleaci\u00f3n MS63, sonido \u00fanico, especialmente emparejados, valor inmejorable, hechos en Alemania, tono agudo-medio, car\u00e1cter experimental, moderno y seco, terminado tradicional, sustain corto.","robots":{"index":"index","follow":"follow","max-snippet":"max-snippet:-1","max-image-preview":"max-image-preview:large","max-video-preview":"max-video-preview:-1"},"canonical":"https:\/\/www.mexicanguitarplayers.com\/en\/tienda\/sin categor\u00eda\/platillo-meinl-smack-stack-mod-hcs024sm\/","og_locale":"en_US","og_type":"article","og_title":"PLATILLO MEINL SMACK STACK MOD. HCS024SM - Mexican Guitar Players","og_description":"Smack stack, platillo de efectos, incluye discos de 10\u201d, 12\u201d y 14\u201d pulgadas, fabricado con aleaci\u00f3n MS63, sonido \u00fanico, especialmente emparejados, valor inmejorable, hechos en Alemania, tono agudo-medio, car\u00e1cter experimental, moderno y seco, terminado tradicional, sustain corto.","og_url":"https:\/\/www.mexicanguitarplayers.com\/en\/tienda\/sin categor\u00eda\/platillo-meinl-smack-stack-mod-hcs024sm\/","og_site_name":"Mexican Guitar Players","article_modified_time":"2025-09-18T19:16:18+00:00","twitter_card":"summary_large_image","twitter_misc":{"Est. reading time":"1 minute"},"schema":{"@context":"https:\/\/schema.org","@graph":[{"@type":["WebPage","ItemPage"],"@id":"https:\/\/www.mexicanguitarplayers.com\/tienda\/sin categor\u00eda\/platillo-meinl-smack-stack-mod-hcs024sm\/","url":"https:\/\/www.mexicanguitarplayers.com\/tienda\/sin categor\u00eda\/platillo-meinl-smack-stack-mod-hcs024sm\/","name":"PLATILLO MEINL SMACK STACK MOD. HCS024SM - Mexican Guitar Players","isPartOf":{"@id":"https:\/\/www.mexicanguitarplayers.com\/#website"},"primaryImageOfPage":{"@id":"https:\/\/www.mexicanguitarplayers.com\/tienda\/sin categor\u00eda\/platillo-meinl-smack-stack-mod-hcs024sm\/#primaryimage"},"image":{"@id":"https:\/\/www.mexicanguitarplayers.com\/tienda\/sin categor\u00eda\/platillo-meinl-smack-stack-mod-hcs024sm\/#primaryimage"},"thumbnailUrl":"https:\/\/www.mexicanguitarplayers.com\/wp-content\/uploads\/2025\/04\/IPMEIHCS024SM.jpg","datePublished":"2025-04-08T17:53:57+00:00","dateModified":"2025-09-18T19:16:18+00:00","description":"Smack stack, platillo de efectos, incluye discos de 10\u201d, 12\u201d y 14\u201d pulgadas, fabricado con aleaci\u00f3n MS63, sonido \u00fanico, especialmente emparejados, valor inmejorable, hechos en Alemania, tono agudo-medio, car\u00e1cter experimental, moderno y seco, terminado tradicional, sustain corto.","breadcrumb":{"@id":"https:\/\/www.mexicanguitarplayers.com\/tienda\/sin categor\u00eda\/platillo-meinl-smack-stack-mod-hcs024sm\/#breadcrumb"},"inLanguage":"en-US","potentialAction":[{"@type":"ReadAction","target":["https:\/\/www.mexicanguitarplayers.com\/tienda\/sin categor\u00eda\/platillo-meinl-smack-stack-mod-hcs024sm\/"]}]},{"@type":"ImageObject","inLanguage":"en-US","@id":"https:\/\/www.mexicanguitarplayers.com\/tienda\/sin categor\u00eda\/platillo-meinl-smack-stack-mod-hcs024sm\/#primaryimage","url":"https:\/\/www.mexicanguitarplayers.com\/wp-content\/uploads\/2025\/04\/IPMEIHCS024SM.jpg","contentUrl":"https:\/\/www.mexicanguitarplayers.com\/wp-content\/uploads\/2025\/04\/IPMEIHCS024SM.jpg","width":1200,"height":1200},{"@type":"BreadcrumbList","@id":"https:\/\/www.mexicanguitarplayers.com\/tienda\/sin categor\u00eda\/platillo-meinl-smack-stack-mod-hcs024sm\/#breadcrumb","itemListElement":[{"@type":"ListItem","position":1,"name":"Portada","item":"https:\/\/www.mexicanguitarplayers.com\/"},{"@type":"ListItem","position":2,"name":"Tienda","item":"https:\/\/www.mexicanguitarplayers.com\/tienda\/"},{"@type":"ListItem","position":3,"name":"PLATILLO MEINL SMACK STACK MOD. HCS024SM"}]},{"@type":"WebSite","@id":"https:\/\/www.mexicanguitarplayers.com\/#website","url":"https:\/\/www.mexicanguitarplayers.com\/","name":"Mexican Guitar Players","description":"Website","publisher":{"@id":"https:\/\/www.mexicanguitarplayers.com\/#organization"},"potentialAction":[{"@type":"SearchAction","target":{"@type":"EntryPoint","urlTemplate":"https:\/\/www.mexicanguitarplayers.com\/?s={search_term_string}"},"query-input":{"@type":"PropertyValueSpecification","valueRequired":true,"valueName":"search_term_string"}}],"inLanguage":"en-US"},{"@type":"Organization","@id":"https:\/\/www.mexicanguitarplayers.com\/#organization","name":"Mexican Guitar Players","url":"https:\/\/www.mexicanguitarplayers.com\/","logo":{"@type":"ImageObject","inLanguage":"en-US","@id":"https:\/\/www.mexicanguitarplayers.com\/#\/schema\/logo\/image\/","url":"","contentUrl":"","caption":"Mexican Guitar Players"},"image":{"@id":"https:\/\/www.mexicanguitarplayers.com\/#\/schema\/logo\/image\/"}}]}},"brands":[{"id":290,"name":"MEINL","slug":"meinl"}],"_links":{"self":[{"href":"https:\/\/www.mexicanguitarplayers.com\/en\/wp-json\/wp\/v2\/product\/31430","targetHints":{"allow":["GET"]}}],"collection":[{"href":"https:\/\/www.mexicanguitarplayers.com\/en\/wp-json\/wp\/v2\/product"}],"about":[{"href":"https:\/\/www.mexicanguitarplayers.com\/en\/wp-json\/wp\/v2\/types\/product"}],"replies":[{"embeddable":true,"href":"https:\/\/www.mexicanguitarplayers.com\/en\/wp-json\/wp\/v2\/comments?post=31430"}],"wp:featuredmedia":[{"embeddable":true,"href":"https:\/\/www.mexicanguitarplayers.com\/en\/wp-json\/wp\/v2\/media\/31427"}],"wp:attachment":[{"href":"https:\/\/www.mexicanguitarplayers.com\/en\/wp-json\/wp\/v2\/media?parent=31430"}],"wp:term":[{"taxonomy":"pwb-brand","embeddable":true,"href":"https:\/\/www.mexicanguitarplayers.com\/en\/wp-json\/wp\/v2\/pwb-brand?post=31430"},{"taxonomy":"product_brand","embeddable":true,"href":"https:\/\/www.mexicanguitarplayers.com\/en\/wp-json\/wp\/v2\/product_brand?post=31430"},{"taxonomy":"product_cat","embeddable":true,"href":"https:\/\/www.mexicanguitarplayers.com\/en\/wp-json\/wp\/v2\/product_cat?post=31430"},{"taxonomy":"product_tag","embeddable":true,"href":"https:\/\/www.mexicanguitarplayers.com\/en\/wp-json\/wp\/v2\/product_tag?post=31430"}],"curies":[{"name":"wp","href":"https:\/\/api.w.org\/{rel}","templated":true}]}}