{"id":31470,"date":"2025-04-08T11:55:50","date_gmt":"2025-04-08T17:55:50","guid":{"rendered":"https:\/\/www.mexicanguitarplayers.com\/tienda\/sin categor\u00eda\/mezcladora-reloop-mod-rmx-33i\/"},"modified":"2025-05-08T04:31:53","modified_gmt":"2025-05-08T10:31:53","slug":"mezcladora-reloop-mod-rmx-33i","status":"publish","type":"product","link":"https:\/\/www.mexicanguitarplayers.com\/en\/tienda\/audio\/equipo-de-dj\/mezcladoras-para-dj\/mezcladora-reloop-mod-rmx-33i\/","title":{"rendered":"MEZCLADORA RELOOP MOD. RMX-33I"},"content":{"rendered":"<div style=\"text-align: justify\">\n<div>\n<h3>Mezcladora club digital de 3 + 1 canales.<\/h3>\n<\/div>\n<div>RMX.33i de Reloop es una mezcladora de DJ de 3 + 1 canales con arquitectura de audio digital y efectos de color de sonido instant\u00e1neos integrados. Esta mezcladora compacta estilo club se beneficia de las mismas caracter\u00edsticas de construcci\u00f3n y sonido de alta calidad que ya se encuentran en la mezcladora digital insignia RMX-80. La mezcladora RMX-33i tiene incorporados cuatro efectos de color de sonido digital de alta calidad. El ruido blanco, el filtro (pasa altos y pasa bajos), el bit crusher y el gate se pueden asignar a los potenci\u00f3metros de efectos instant\u00e1neos dedicados con solo presionar un bot\u00f3n. Los efectos se pueden utilizar para cualquier canal y se modulan a trav\u00e9s de un potenci\u00f3metro bipolar ergon\u00f3mico grande para lograr exactamente el sonido que deseas. El dise\u00f1o de la mezcladora reconocible al instante tiene una secci\u00f3n de ecualizador de tres bandas que se puede configurar f\u00e1cilmente en &#8220;Kill&#8221; (modo aislante) o &#8220;Classic&#8221; para adaptarse a cualquier estilo de mezcla individual. El crossfader de alta calidad RMX-33i tambi\u00e9n se puede actualizar con el nuevo Reloop Innofader de Audio Innovate para un rendimiento verdaderamente inigualable a un precio muy atractivo. Con un total de 10 entradas y cinco salidas, siempre encontrar\u00e1s la conexi\u00f3n adecuada para cualquier fuente anal\u00f3gica o digital. La secci\u00f3n de salida se beneficia de las salidas RCA y XLR para una conexi\u00f3n sin problemas de la se\u00f1al maestra a cualquier sistema de megafon\u00eda. Una entrada dividida para iPad en la parte posterior de la mezcladora permite incluir un iPad, tablet o smartphone directamente en la configuraci\u00f3n de tu DJ a trav\u00e9s de un conector de 3.5 mm al RMX-33i. El cable dividido para iPad suministrado puede dividir la se\u00f1al de audio en dos canales mono separados o entregar una salida est\u00e9reo. Este m\u00e9todo de conexi\u00f3n significa que se pueden utilizar aplicaciones de DJ con funci\u00f3n split-cue (como djay de Algoriddim) al igual que la salida est\u00e9reo de las aplicaciones de producci\u00f3n o de muestreo.<\/div>\n<div>\n<h4>Quick look<\/h4>\n<\/div>\n<ul style=\"margin: 0px 0px 0px 25px\">\n<li style=\"list-style-type: circle;margin: 5px\">Kind.<\/li>\n<li style=\"list-style-type: circle;margin: 5px\">Tickets.<\/li>\n<li style=\"list-style-type: circle;margin: 5px\">Departures.<\/li>\n<li style=\"list-style-type: circle;margin: 5px\">Accessories included.<\/li>\n<li style=\"list-style-type: circle;margin: 5px\">Rango de frecuencia.<\/li>\n<li style=\"list-style-type: circle;margin: 5px\">Rango de ecualizador cl\u00e1sico.<\/li>\n<li style=\"list-style-type: circle;margin: 5px\">Rango de ecualizador de aislamiento.<\/li>\n<li style=\"list-style-type: circle;margin: 5px\">Dimensions.<\/li>\n<li style=\"list-style-type: circle;margin: 5px\">Weight.<\/li>\n<\/ul>\n<div>\n<div style=\"font-weight: bold\">Kind.<\/div>\n<div>\n<p>Mezcladora de efectos digitales de 3 + 1 canales. Arquitectura totalmente digital. 4 efectos de color de sonido instant\u00e1neos por canal (Filtro, Ruido blanco, Bit Crush y Gate). Entrada dividida para iPad, tablet o smartphone. Ajuste de ecualizador para cl\u00e1sico o aislador (kill). L\u00ednea de club de 45 mm y crossfader, compatible con innofader. Canal de micr\u00f3fono con ecualizador de 2 bandas y talkover autom\u00e1tico.<\/p>\n<\/div>\n<div style=\"font-weight: bold\">Tickets.<\/div>\n<div>\n<p>10 entradas (2 phono, 7 line y 1 combo-mic).<\/p>\n<\/div>\n<div style=\"font-weight: bold\">Departures.<\/div>\n<div>\n<p>5 salidas (1 XLR, 2 RCA y 2 salidas de aud\u00edfonos).<\/p>\n<\/div>\n<div style=\"font-weight: bold\">Accessories included.<\/div>\n<div>\n<p>Cable dividido de audio para smartphone o tablet y cable para fuente de alimentaci\u00f3n.<\/p>\n<\/div>\n<div style=\"font-weight: bold\">Rango de frecuencia.<\/div>\n<div>\n<p>20 Hz - 20 kHz.<\/p>\n<\/div>\n<div style=\"font-weight: bold\">Rango de ecualizador cl\u00e1sico.<\/div>\n<div>\n<p>+12 dB \/ -8 dB.<\/p>\n<\/div>\n<div style=\"font-weight: bold\">Rango de ecualizador de aislamiento.<\/div>\n<div>\n<p>+12 dB \/ -26 dB (Total Kill).<\/p>\n<\/div>\n<div style=\"font-weight: bold\">Dimensions.<\/div>\n<div>\n<p>254 x 104 x 355 mm.<\/p>\n<\/div>\n<div style=\"font-weight: bold\">Weight.<\/div>\n<div>\n<p>3.8 kg.<\/p>\n<\/div>\n<\/div>\n<\/div>","protected":false},"excerpt":{"rendered":"<p>Mezcladora de efectos digitales de 3 + 1 canales,  arquitectura totalmente digital para un sonido y una flexibilidad excepcionales, 4 efectos de color de sonido instant\u00e1neos por canal (Filtro, Ruido blanco, Bit Crush y Gate), entrada dividida para iPad, tablet o smartphone, ajuste de ecualizador para cl\u00e1sico o aislador (kill), l\u00ednea de club de 45 mm y crossfader, compatible con innofader, canal de micr\u00f3fono con ecualizador de 2 bandas y talkover autom\u00e1tico (tecnolog\u00eda de atenuaci\u00f3n activa), dos salidas de aud\u00edfonos (jack de 6.3 mm y jack de 3.5 mm), salidas balanceadas (XLR) y salidas desbalanceadas (RCA), en total 10 entradas (2 phono, 7 line y 1 combo-mic), en total 5 salidas (1 XLR, 2 RCA y 2 salidas de aud\u00edfonos), sonido y calidad de club, incluye cable dividido de audio para smartphone o tablet y cable para fuente de alimentaci\u00f3n, rango de frecuencia: 20 Hz &#8211; 20 kHz, rango de ecualizador cl\u00e1sico: +12 dB \/ -8 dB, rango de ecualizador de aislamiento: +12 dB \/ -26 dB (Total Kill), dimensiones: 254 x 104 x 355 mm, peso: 3.8 kg.&hellip; <a class=\"kt-excerpt-readmore more-link\" href=\"https:\/\/www.mexicanguitarplayers.com\/en\/tienda\/audio\/equipo-de-dj\/mezcladoras-para-dj\/mezcladora-reloop-mod-rmx-33i\/\">Read more<\/a><\/p>","protected":false},"featured_media":31464,"comment_status":"open","ping_status":"closed","template":"","meta":{"kt_blocks_editor_width":""},"pwb-brand":[496],"product_brand":[],"product_cat":[213,483,488],"product_tag":[],"class_list":{"0":"post-31470","1":"product","2":"type-product","3":"status-publish","4":"has-post-thumbnail","6":"pwb-brand-reloop","7":"product_cat-audio","8":"product_cat-equipo-de-dj","9":"product_cat-mezcladoras-para-dj","10":"product_shipping_class-0-5-kg","12":"first","13":"outofstock","14":"taxable","15":"shipping-taxable","16":"purchasable","17":"product-type-simple"},"yoast_head":"<!-- This site is optimized with the Yoast SEO plugin v27.3 - https:\/\/yoast.com\/product\/yoast-seo-wordpress\/ -->\n<title>MEZCLADORA RELOOP MOD. RMX-33I - Mexican Guitar Players<\/title>\n<meta name=\"description\" content=\"Mezcladora de efectos digitales de 3 + 1 canales, arquitectura totalmente digital para un sonido y una flexibilidad excepcionales, 4 efectos de color de sonido instant\u00e1neos por canal (Filtro, Ruido blanco, Bit Crush y Gate), entrada dividida para iPad, tablet o smartphone, ajuste de ecualizador para cl\u00e1sico o aislador (kill), l\u00ednea de club de 45 mm y crossfader, compatible con innofader, canal de micr\u00f3fono con ecualizador de 2 bandas y talkover autom\u00e1tico (tecnolog\u00eda de atenuaci\u00f3n activa), dos salidas de aud\u00edfonos (jack de 6.3 mm y jack de 3.5 mm), salidas balanceadas (XLR) y salidas desbalanceadas (RCA), en total 10 entradas (2 phono, 7 line y 1 combo-mic), en total 5 salidas (1 XLR, 2 RCA y 2 salidas de aud\u00edfonos), sonido y calidad de club, incluye cable dividido de audio para smartphone o tablet y cable para fuente de alimentaci\u00f3n, rango de frecuencia: 20 Hz - 20 kHz, rango de ecualizador cl\u00e1sico: +12 dB \/ -8 dB, rango de ecualizador de aislamiento: +12 dB \/ -26 dB (Total Kill), dimensiones: 254 x 104 x 355 mm, peso: 3.8 kg.\" \/>\n<meta name=\"robots\" content=\"index, follow, max-snippet:-1, max-image-preview:large, max-video-preview:-1\" \/>\n<link rel=\"canonical\" href=\"https:\/\/www.mexicanguitarplayers.com\/en\/tienda\/sin%20categor\u00eda\/mezcladora-reloop-mod-rmx-33i\/\" \/>\n<meta property=\"og:locale\" content=\"en_US\" \/>\n<meta property=\"og:type\" content=\"article\" \/>\n<meta property=\"og:title\" content=\"MEZCLADORA RELOOP MOD. RMX-33I - Mexican Guitar Players\" \/>\n<meta property=\"og:description\" content=\"Mezcladora de efectos digitales de 3 + 1 canales, arquitectura totalmente digital para un sonido y una flexibilidad excepcionales, 4 efectos de color de sonido instant\u00e1neos por canal (Filtro, Ruido blanco, Bit Crush y Gate), entrada dividida para iPad, tablet o smartphone, ajuste de ecualizador para cl\u00e1sico o aislador (kill), l\u00ednea de club de 45 mm y crossfader, compatible con innofader, canal de micr\u00f3fono con ecualizador de 2 bandas y talkover autom\u00e1tico (tecnolog\u00eda de atenuaci\u00f3n activa), dos salidas de aud\u00edfonos (jack de 6.3 mm y jack de 3.5 mm), salidas balanceadas (XLR) y salidas desbalanceadas (RCA), en total 10 entradas (2 phono, 7 line y 1 combo-mic), en total 5 salidas (1 XLR, 2 RCA y 2 salidas de aud\u00edfonos), sonido y calidad de club, incluye cable dividido de audio para smartphone o tablet y cable para fuente de alimentaci\u00f3n, rango de frecuencia: 20 Hz - 20 kHz, rango de ecualizador cl\u00e1sico: +12 dB \/ -8 dB, rango de ecualizador de aislamiento: +12 dB \/ -26 dB (Total Kill), dimensiones: 254 x 104 x 355 mm, peso: 3.8 kg.\" \/>\n<meta property=\"og:url\" content=\"https:\/\/www.mexicanguitarplayers.com\/en\/tienda\/sin categor\u00eda\/mezcladora-reloop-mod-rmx-33i\/\" \/>\n<meta property=\"og:site_name\" content=\"Mexican Guitar Players\" \/>\n<meta property=\"article:modified_time\" content=\"2025-05-08T10:31:53+00:00\" \/>\n<meta name=\"twitter:card\" content=\"summary_large_image\" \/>\n<meta name=\"twitter:label1\" content=\"Est. reading time\" \/>\n\t<meta name=\"twitter:data1\" content=\"3 minutes\" \/>\n<script type=\"application\/ld+json\" class=\"yoast-schema-graph\">{\"@context\":\"https:\\\/\\\/schema.org\",\"@graph\":[{\"@type\":[\"WebPage\",\"ItemPage\"],\"@id\":\"https:\\\/\\\/www.mexicanguitarplayers.com\\\/tienda\\\/sin categor\u00eda\\\/mezcladora-reloop-mod-rmx-33i\\\/\",\"url\":\"https:\\\/\\\/www.mexicanguitarplayers.com\\\/tienda\\\/sin categor\u00eda\\\/mezcladora-reloop-mod-rmx-33i\\\/\",\"name\":\"MEZCLADORA RELOOP MOD. RMX-33I - Mexican Guitar Players\",\"isPartOf\":{\"@id\":\"https:\\\/\\\/www.mexicanguitarplayers.com\\\/#website\"},\"primaryImageOfPage\":{\"@id\":\"https:\\\/\\\/www.mexicanguitarplayers.com\\\/tienda\\\/sin categor\u00eda\\\/mezcladora-reloop-mod-rmx-33i\\\/#primaryimage\"},\"image\":{\"@id\":\"https:\\\/\\\/www.mexicanguitarplayers.com\\\/tienda\\\/sin categor\u00eda\\\/mezcladora-reloop-mod-rmx-33i\\\/#primaryimage\"},\"thumbnailUrl\":\"https:\\\/\\\/www.mexicanguitarplayers.com\\\/wp-content\\\/uploads\\\/2025\\\/04\\\/IARELRMX33I.jpg\",\"datePublished\":\"2025-04-08T17:55:50+00:00\",\"dateModified\":\"2025-05-08T10:31:53+00:00\",\"description\":\"Mezcladora de efectos digitales de 3 + 1 canales, arquitectura totalmente digital para un sonido y una flexibilidad excepcionales, 4 efectos de color de sonido instant\u00e1neos por canal (Filtro, Ruido blanco, Bit Crush y Gate), entrada dividida para iPad, tablet o smartphone, ajuste de ecualizador para cl\u00e1sico o aislador (kill), l\u00ednea de club de 45 mm y crossfader, compatible con innofader, canal de micr\u00f3fono con ecualizador de 2 bandas y talkover autom\u00e1tico (tecnolog\u00eda de atenuaci\u00f3n activa), dos salidas de aud\u00edfonos (jack de 6.3 mm y jack de 3.5 mm), salidas balanceadas (XLR) y salidas desbalanceadas (RCA), en total 10 entradas (2 phono, 7 line y 1 combo-mic), en total 5 salidas (1 XLR, 2 RCA y 2 salidas de aud\u00edfonos), sonido y calidad de club, incluye cable dividido de audio para smartphone o tablet y cable para fuente de alimentaci\u00f3n, rango de frecuencia: 20 Hz - 20 kHz, rango de ecualizador cl\u00e1sico: +12 dB \\\/ -8 dB, rango de ecualizador de aislamiento: +12 dB \\\/ -26 dB (Total Kill), dimensiones: 254 x 104 x 355 mm, peso: 3.8 kg.\",\"breadcrumb\":{\"@id\":\"https:\\\/\\\/www.mexicanguitarplayers.com\\\/tienda\\\/sin categor\u00eda\\\/mezcladora-reloop-mod-rmx-33i\\\/#breadcrumb\"},\"inLanguage\":\"en-US\",\"potentialAction\":[{\"@type\":\"ReadAction\",\"target\":[\"https:\\\/\\\/www.mexicanguitarplayers.com\\\/tienda\\\/sin categor\u00eda\\\/mezcladora-reloop-mod-rmx-33i\\\/\"]}]},{\"@type\":\"ImageObject\",\"inLanguage\":\"en-US\",\"@id\":\"https:\\\/\\\/www.mexicanguitarplayers.com\\\/tienda\\\/sin categor\u00eda\\\/mezcladora-reloop-mod-rmx-33i\\\/#primaryimage\",\"url\":\"https:\\\/\\\/www.mexicanguitarplayers.com\\\/wp-content\\\/uploads\\\/2025\\\/04\\\/IARELRMX33I.jpg\",\"contentUrl\":\"https:\\\/\\\/www.mexicanguitarplayers.com\\\/wp-content\\\/uploads\\\/2025\\\/04\\\/IARELRMX33I.jpg\",\"width\":1200,\"height\":1200},{\"@type\":\"BreadcrumbList\",\"@id\":\"https:\\\/\\\/www.mexicanguitarplayers.com\\\/tienda\\\/sin categor\u00eda\\\/mezcladora-reloop-mod-rmx-33i\\\/#breadcrumb\",\"itemListElement\":[{\"@type\":\"ListItem\",\"position\":1,\"name\":\"Portada\",\"item\":\"https:\\\/\\\/www.mexicanguitarplayers.com\\\/\"},{\"@type\":\"ListItem\",\"position\":2,\"name\":\"Tienda\",\"item\":\"https:\\\/\\\/www.mexicanguitarplayers.com\\\/tienda\\\/\"},{\"@type\":\"ListItem\",\"position\":3,\"name\":\"MEZCLADORA RELOOP MOD. RMX-33I\"}]},{\"@type\":\"WebSite\",\"@id\":\"https:\\\/\\\/www.mexicanguitarplayers.com\\\/#website\",\"url\":\"https:\\\/\\\/www.mexicanguitarplayers.com\\\/\",\"name\":\"Mexican Guitar Players\",\"description\":\"Website\",\"publisher\":{\"@id\":\"https:\\\/\\\/www.mexicanguitarplayers.com\\\/#organization\"},\"potentialAction\":[{\"@type\":\"SearchAction\",\"target\":{\"@type\":\"EntryPoint\",\"urlTemplate\":\"https:\\\/\\\/www.mexicanguitarplayers.com\\\/?s={search_term_string}\"},\"query-input\":{\"@type\":\"PropertyValueSpecification\",\"valueRequired\":true,\"valueName\":\"search_term_string\"}}],\"inLanguage\":\"en-US\"},{\"@type\":\"Organization\",\"@id\":\"https:\\\/\\\/www.mexicanguitarplayers.com\\\/#organization\",\"name\":\"Mexican Guitar Players\",\"url\":\"https:\\\/\\\/www.mexicanguitarplayers.com\\\/\",\"logo\":{\"@type\":\"ImageObject\",\"inLanguage\":\"en-US\",\"@id\":\"https:\\\/\\\/www.mexicanguitarplayers.com\\\/#\\\/schema\\\/logo\\\/image\\\/\",\"url\":\"\",\"contentUrl\":\"\",\"caption\":\"Mexican Guitar Players\"},\"image\":{\"@id\":\"https:\\\/\\\/www.mexicanguitarplayers.com\\\/#\\\/schema\\\/logo\\\/image\\\/\"}}]}<\/script>\n<!-- \/ Yoast SEO plugin. -->","yoast_head_json":{"title":"MEZCLADORA RELOOP MOD. RMX-33I - Mexican Guitar Players","description":"Mezcladora de efectos digitales de 3 + 1 canales, arquitectura totalmente digital para un sonido y una flexibilidad excepcionales, 4 efectos de color de sonido instant\u00e1neos por canal (Filtro, Ruido blanco, Bit Crush y Gate), entrada dividida para iPad, tablet o smartphone, ajuste de ecualizador para cl\u00e1sico o aislador (kill), l\u00ednea de club de 45 mm y crossfader, compatible con innofader, canal de micr\u00f3fono con ecualizador de 2 bandas y talkover autom\u00e1tico (tecnolog\u00eda de atenuaci\u00f3n activa), dos salidas de aud\u00edfonos (jack de 6.3 mm y jack de 3.5 mm), salidas balanceadas (XLR) y salidas desbalanceadas (RCA), en total 10 entradas (2 phono, 7 line y 1 combo-mic), en total 5 salidas (1 XLR, 2 RCA y 2 salidas de aud\u00edfonos), sonido y calidad de club, incluye cable dividido de audio para smartphone o tablet y cable para fuente de alimentaci\u00f3n, rango de frecuencia: 20 Hz - 20 kHz, rango de ecualizador cl\u00e1sico: +12 dB \/ -8 dB, rango de ecualizador de aislamiento: +12 dB \/ -26 dB (Total Kill), dimensiones: 254 x 104 x 355 mm, peso: 3.8 kg.","robots":{"index":"index","follow":"follow","max-snippet":"max-snippet:-1","max-image-preview":"max-image-preview:large","max-video-preview":"max-video-preview:-1"},"canonical":"https:\/\/www.mexicanguitarplayers.com\/en\/tienda\/sin categor\u00eda\/mezcladora-reloop-mod-rmx-33i\/","og_locale":"en_US","og_type":"article","og_title":"MEZCLADORA RELOOP MOD. RMX-33I - Mexican Guitar Players","og_description":"Mezcladora de efectos digitales de 3 + 1 canales, arquitectura totalmente digital para un sonido y una flexibilidad excepcionales, 4 efectos de color de sonido instant\u00e1neos por canal (Filtro, Ruido blanco, Bit Crush y Gate), entrada dividida para iPad, tablet o smartphone, ajuste de ecualizador para cl\u00e1sico o aislador (kill), l\u00ednea de club de 45 mm y crossfader, compatible con innofader, canal de micr\u00f3fono con ecualizador de 2 bandas y talkover autom\u00e1tico (tecnolog\u00eda de atenuaci\u00f3n activa), dos salidas de aud\u00edfonos (jack de 6.3 mm y jack de 3.5 mm), salidas balanceadas (XLR) y salidas desbalanceadas (RCA), en total 10 entradas (2 phono, 7 line y 1 combo-mic), en total 5 salidas (1 XLR, 2 RCA y 2 salidas de aud\u00edfonos), sonido y calidad de club, incluye cable dividido de audio para smartphone o tablet y cable para fuente de alimentaci\u00f3n, rango de frecuencia: 20 Hz - 20 kHz, rango de ecualizador cl\u00e1sico: +12 dB \/ -8 dB, rango de ecualizador de aislamiento: +12 dB \/ -26 dB (Total Kill), dimensiones: 254 x 104 x 355 mm, peso: 3.8 kg.","og_url":"https:\/\/www.mexicanguitarplayers.com\/en\/tienda\/sin categor\u00eda\/mezcladora-reloop-mod-rmx-33i\/","og_site_name":"Mexican Guitar Players","article_modified_time":"2025-05-08T10:31:53+00:00","twitter_card":"summary_large_image","twitter_misc":{"Est. reading time":"3 minutes"},"schema":{"@context":"https:\/\/schema.org","@graph":[{"@type":["WebPage","ItemPage"],"@id":"https:\/\/www.mexicanguitarplayers.com\/tienda\/sin categor\u00eda\/mezcladora-reloop-mod-rmx-33i\/","url":"https:\/\/www.mexicanguitarplayers.com\/tienda\/sin categor\u00eda\/mezcladora-reloop-mod-rmx-33i\/","name":"MEZCLADORA RELOOP MOD. RMX-33I - Mexican Guitar Players","isPartOf":{"@id":"https:\/\/www.mexicanguitarplayers.com\/#website"},"primaryImageOfPage":{"@id":"https:\/\/www.mexicanguitarplayers.com\/tienda\/sin categor\u00eda\/mezcladora-reloop-mod-rmx-33i\/#primaryimage"},"image":{"@id":"https:\/\/www.mexicanguitarplayers.com\/tienda\/sin categor\u00eda\/mezcladora-reloop-mod-rmx-33i\/#primaryimage"},"thumbnailUrl":"https:\/\/www.mexicanguitarplayers.com\/wp-content\/uploads\/2025\/04\/IARELRMX33I.jpg","datePublished":"2025-04-08T17:55:50+00:00","dateModified":"2025-05-08T10:31:53+00:00","description":"Mezcladora de efectos digitales de 3 + 1 canales, arquitectura totalmente digital para un sonido y una flexibilidad excepcionales, 4 efectos de color de sonido instant\u00e1neos por canal (Filtro, Ruido blanco, Bit Crush y Gate), entrada dividida para iPad, tablet o smartphone, ajuste de ecualizador para cl\u00e1sico o aislador (kill), l\u00ednea de club de 45 mm y crossfader, compatible con innofader, canal de micr\u00f3fono con ecualizador de 2 bandas y talkover autom\u00e1tico (tecnolog\u00eda de atenuaci\u00f3n activa), dos salidas de aud\u00edfonos (jack de 6.3 mm y jack de 3.5 mm), salidas balanceadas (XLR) y salidas desbalanceadas (RCA), en total 10 entradas (2 phono, 7 line y 1 combo-mic), en total 5 salidas (1 XLR, 2 RCA y 2 salidas de aud\u00edfonos), sonido y calidad de club, incluye cable dividido de audio para smartphone o tablet y cable para fuente de alimentaci\u00f3n, rango de frecuencia: 20 Hz - 20 kHz, rango de ecualizador cl\u00e1sico: +12 dB \/ -8 dB, rango de ecualizador de aislamiento: +12 dB \/ -26 dB (Total Kill), dimensiones: 254 x 104 x 355 mm, peso: 3.8 kg.","breadcrumb":{"@id":"https:\/\/www.mexicanguitarplayers.com\/tienda\/sin categor\u00eda\/mezcladora-reloop-mod-rmx-33i\/#breadcrumb"},"inLanguage":"en-US","potentialAction":[{"@type":"ReadAction","target":["https:\/\/www.mexicanguitarplayers.com\/tienda\/sin categor\u00eda\/mezcladora-reloop-mod-rmx-33i\/"]}]},{"@type":"ImageObject","inLanguage":"en-US","@id":"https:\/\/www.mexicanguitarplayers.com\/tienda\/sin categor\u00eda\/mezcladora-reloop-mod-rmx-33i\/#primaryimage","url":"https:\/\/www.mexicanguitarplayers.com\/wp-content\/uploads\/2025\/04\/IARELRMX33I.jpg","contentUrl":"https:\/\/www.mexicanguitarplayers.com\/wp-content\/uploads\/2025\/04\/IARELRMX33I.jpg","width":1200,"height":1200},{"@type":"BreadcrumbList","@id":"https:\/\/www.mexicanguitarplayers.com\/tienda\/sin categor\u00eda\/mezcladora-reloop-mod-rmx-33i\/#breadcrumb","itemListElement":[{"@type":"ListItem","position":1,"name":"Portada","item":"https:\/\/www.mexicanguitarplayers.com\/"},{"@type":"ListItem","position":2,"name":"Tienda","item":"https:\/\/www.mexicanguitarplayers.com\/tienda\/"},{"@type":"ListItem","position":3,"name":"MEZCLADORA RELOOP MOD. RMX-33I"}]},{"@type":"WebSite","@id":"https:\/\/www.mexicanguitarplayers.com\/#website","url":"https:\/\/www.mexicanguitarplayers.com\/","name":"Mexican Guitar Players","description":"Website","publisher":{"@id":"https:\/\/www.mexicanguitarplayers.com\/#organization"},"potentialAction":[{"@type":"SearchAction","target":{"@type":"EntryPoint","urlTemplate":"https:\/\/www.mexicanguitarplayers.com\/?s={search_term_string}"},"query-input":{"@type":"PropertyValueSpecification","valueRequired":true,"valueName":"search_term_string"}}],"inLanguage":"en-US"},{"@type":"Organization","@id":"https:\/\/www.mexicanguitarplayers.com\/#organization","name":"Mexican Guitar Players","url":"https:\/\/www.mexicanguitarplayers.com\/","logo":{"@type":"ImageObject","inLanguage":"en-US","@id":"https:\/\/www.mexicanguitarplayers.com\/#\/schema\/logo\/image\/","url":"","contentUrl":"","caption":"Mexican Guitar Players"},"image":{"@id":"https:\/\/www.mexicanguitarplayers.com\/#\/schema\/logo\/image\/"}}]}},"brands":[{"id":496,"name":"RELOOP","slug":"reloop"}],"_links":{"self":[{"href":"https:\/\/www.mexicanguitarplayers.com\/en\/wp-json\/wp\/v2\/product\/31470","targetHints":{"allow":["GET"]}}],"collection":[{"href":"https:\/\/www.mexicanguitarplayers.com\/en\/wp-json\/wp\/v2\/product"}],"about":[{"href":"https:\/\/www.mexicanguitarplayers.com\/en\/wp-json\/wp\/v2\/types\/product"}],"replies":[{"embeddable":true,"href":"https:\/\/www.mexicanguitarplayers.com\/en\/wp-json\/wp\/v2\/comments?post=31470"}],"wp:featuredmedia":[{"embeddable":true,"href":"https:\/\/www.mexicanguitarplayers.com\/en\/wp-json\/wp\/v2\/media\/31464"}],"wp:attachment":[{"href":"https:\/\/www.mexicanguitarplayers.com\/en\/wp-json\/wp\/v2\/media?parent=31470"}],"wp:term":[{"taxonomy":"pwb-brand","embeddable":true,"href":"https:\/\/www.mexicanguitarplayers.com\/en\/wp-json\/wp\/v2\/pwb-brand?post=31470"},{"taxonomy":"product_brand","embeddable":true,"href":"https:\/\/www.mexicanguitarplayers.com\/en\/wp-json\/wp\/v2\/product_brand?post=31470"},{"taxonomy":"product_cat","embeddable":true,"href":"https:\/\/www.mexicanguitarplayers.com\/en\/wp-json\/wp\/v2\/product_cat?post=31470"},{"taxonomy":"product_tag","embeddable":true,"href":"https:\/\/www.mexicanguitarplayers.com\/en\/wp-json\/wp\/v2\/product_tag?post=31470"}],"curies":[{"name":"wp","href":"https:\/\/api.w.org\/{rel}","templated":true}]}}