{"id":31613,"date":"2025-04-08T12:01:25","date_gmt":"2025-04-08T18:01:25","guid":{"rendered":"https:\/\/www.mexicanguitarplayers.com\/tienda\/sin categor\u00eda\/armonica-hohner-1896-20-marine-band-hm\/"},"modified":"2025-04-08T12:01:25","modified_gmt":"2025-04-08T18:01:25","slug":"armonica-hohner-1896-20-marine-band-hm","status":"publish","type":"product","link":"https:\/\/www.mexicanguitarplayers.com\/en\/tienda\/alientos\/armonicas\/armonica-hohner-1896-20-marine-band-hm\/","title":{"rendered":"ARMONICA HOHNER 1896\/20   MARINE BAND HM"},"content":{"rendered":"<div style=\"text-align: justify\">\n<div>\n<h3>La tradici\u00f3n hecha arm\u00f3nica.<\/h3>\n<\/div>\n<div>Desde el nacimiento del Blues, la Marine Band 1896 ha sido un arreglo musical constante. Tocada por \u00edconos de la m\u00fasica, tales como Little Walter, Paul Butterfield y Bob Dylan, sigue siendo la mejor opci\u00f3n tanto para profesionales como para principiantes en todo el mundo. Contando con m\u00e1s de un siglo de artesan\u00eda y tradici\u00f3n alemana, esta arm\u00f3nica ha sido reconocida universalmente por su tono completo, gama musical y su distintivo peine de madera. Deja que tu expresi\u00f3n musical sea parte de la continuidad del legado de la Marine Band. Con la arm\u00f3nica Marine Band en escala arm\u00f3nica menor tendr\u00e1s un tono completo y definido en cada nota que des, con peines de madera y placas de cubierta patentadas, la Marine Band estaba all\u00ed cuando la arm\u00f3nica de blues naci\u00f3.<\/div>\n<div>\n<h4>Quick look<\/h4>\n<\/div>\n<ul style=\"margin: 0px 0px 0px 25px\">\n<li style=\"list-style-type: circle;margin: 5px\">Kind.<\/li>\n<li style=\"list-style-type: circle;margin: 5px\">Nota.<\/li>\n<li style=\"list-style-type: circle;margin: 5px\">Afinaci\u00f3n.<\/li>\n<li style=\"list-style-type: circle;margin: 5px\">N\u00famero de celdas.<\/li>\n<li style=\"list-style-type: circle;margin: 5px\">Leng\u00fcetas.<\/li>\n<li style=\"list-style-type: circle;margin: 5px\">Superficie de la cubierta.<\/li>\n<li style=\"list-style-type: circle;margin: 5px\">Placas de leng\u00fcetas.<\/li>\n<li style=\"list-style-type: circle;margin: 5px\">Superficie de placas de leng\u00fcetas.<\/li>\n<li style=\"list-style-type: circle;margin: 5px\">Superficie de la boquilla.<\/li>\n<li style=\"list-style-type: circle;margin: 5px\">Peine.<\/li>\n<li style=\"list-style-type: circle;margin: 5px\">Superficie del peine.<\/li>\n<li style=\"list-style-type: circle;margin: 5px\">Longitud.<\/li>\n<\/ul>\n<div>\n<div style=\"font-weight: bold\">Kind.<\/div>\n<div>\n<p>Diat\u00f3nica.<\/p>\n<\/div>\n<div style=\"font-weight: bold\">Nota.<\/div>\n<div>\n<p>C, Db, D, Eb, E, F, F#, G, Ab, A, Bb, B.<\/p>\n<\/div>\n<div style=\"font-weight: bold\">Afinaci\u00f3n.<\/div>\n<div>\n<p>Arm\u00f3nica menor.<\/p>\n<\/div>\n<div style=\"font-weight: bold\">N\u00famero de celdas.<\/div>\n<div>\n<p>10.<\/p>\n<\/div>\n<div style=\"font-weight: bold\">Leng\u00fcetas.<\/div>\n<div>\n<p>Lat\u00f3n, 20.<\/p>\n<\/div>\n<div style=\"font-weight: bold\">Superficie de la cubierta.<\/div>\n<div>\n<p>Acero inoxidable.<\/p>\n<\/div>\n<div style=\"font-weight: bold\">Placas de leng\u00fcetas.<\/div>\n<div>\n<p>Lat\u00f3n, 0.9 mm.<\/p>\n<\/div>\n<div style=\"font-weight: bold\">Superficie de placas de leng\u00fcetas.<\/div>\n<div>\n<p>Lat\u00f3n.<\/p>\n<\/div>\n<div style=\"font-weight: bold\">Superficie de la boquilla.<\/div>\n<div>\n<p>Peral, laqueado.<\/p>\n<\/div>\n<div style=\"font-weight: bold\">Peine.<\/div>\n<div>\n<p>Peral, caf\u00e9.<\/p>\n<\/div>\n<div style=\"font-weight: bold\">Superficie del peine.<\/div>\n<div>\n<p>Laca transparente.<\/p>\n<\/div>\n<div style=\"font-weight: bold\">Longitud.<\/div>\n<div>\n<p>10 cm.<\/p>\n<\/div>\n<\/div>\n<div>\n<h4>Characteristics<\/h4>\n<\/div>\n<div>\n<ul style=\"margin: 0px 0px 0px 25px\">\n<li style=\"list-style-type: circle;margin: 5px\">M\u00e1s de 100 a\u00f1os de tradici\u00f3n y artesan\u00eda alemana.<\/li>\n<li style=\"list-style-type: circle;margin: 5px\">El est\u00e1ndar por la cual todas las arm\u00f3nicas son juzgadas.<\/li>\n<li style=\"list-style-type: circle;margin: 5px\">La elecci\u00f3n n\u00famero uno de los profesionales en todo el mundo.<\/li>\n<li style=\"list-style-type: circle;margin: 5px\">Peine de madera sellada para evitar la contracci\u00f3n y la hinchaz\u00f3n.<\/li>\n<\/ul>\n<\/div>\n<\/div>","protected":false},"excerpt":{"rendered":"<p>Arm\u00f3nica Hohner. Modelo: MARINE BAND HARMONIC MINOR. Diat\u00f3nica. Nota: C, Db, D,Eb, E, F, F#, G, Ab, A, Bb, B. Afinaci\u00f3n: Arm\u00f3nica menor. N\u00famero de celdas: 10.Leng\u00fcetas: Lat\u00f3n, 20. Superficie de la cubierta: Acero inoxidable. Placas de leng\u00fcetas: Lat\u00f3n, 0.9 mm. Superficie de placas de leng\u00fcetas: Lat\u00f3n. Superficie de la boquilla: Peral, laqueado. Peine: Peral, caf\u00e9. Superficie del peine: Laca transparente. Longitud: 10 cm.&hellip; <a class=\"kt-excerpt-readmore more-link\" href=\"https:\/\/www.mexicanguitarplayers.com\/en\/tienda\/alientos\/armonicas\/armonica-hohner-1896-20-marine-band-hm\/\">Read more<\/a><\/p>","protected":false},"featured_media":31612,"comment_status":"open","ping_status":"closed","template":"","meta":{"kt_blocks_editor_width":""},"pwb-brand":[395],"product_brand":[],"product_cat":[388,401],"product_tag":[],"class_list":{"0":"post-31613","1":"product","2":"type-product","3":"status-publish","4":"has-post-thumbnail","6":"pwb-brand-hohner","7":"product_cat-alientos","8":"product_cat-armonicas","9":"product_shipping_class-0-5-kg","11":"first","12":"outofstock","13":"taxable","14":"shipping-taxable","15":"purchasable","16":"product-type-simple"},"yoast_head":"<!-- This site is optimized with the Yoast SEO plugin v27.3 - https:\/\/yoast.com\/product\/yoast-seo-wordpress\/ -->\n<title>ARMONICA HOHNER 1896\/20  MARINE BAND HM - Mexican Guitar Players<\/title>\n<meta name=\"description\" content=\"Arm\u00f3nica Hohner. Modelo: MARINE BAND HARMONIC MINOR. Diat\u00f3nica. Nota: C, Db, D,Eb, E, F, F#, G, Ab, A, Bb, B. Afinaci\u00f3n: Arm\u00f3nica menor. N\u00famero de celdas: 10.Leng\u00fcetas: Lat\u00f3n, 20. Superficie de la cubierta: Acero inoxidable. Placas de leng\u00fcetas: Lat\u00f3n, 0.9 mm. Superficie de placas de leng\u00fcetas: Lat\u00f3n. Superficie de la boquilla: Peral, laqueado. Peine: Peral, caf\u00e9. Superficie del peine: Laca transparente. Longitud: 10 cm.\" \/>\n<meta name=\"robots\" content=\"index, follow, max-snippet:-1, max-image-preview:large, max-video-preview:-1\" \/>\n<link rel=\"canonical\" href=\"https:\/\/www.mexicanguitarplayers.com\/en\/tienda\/sin%20categor\u00eda\/armonica-hohner-1896-20-marine-band-hm\/\" \/>\n<meta property=\"og:locale\" content=\"en_US\" \/>\n<meta property=\"og:type\" content=\"article\" \/>\n<meta property=\"og:title\" content=\"ARMONICA HOHNER 1896\/20  MARINE BAND HM - Mexican Guitar Players\" \/>\n<meta property=\"og:description\" content=\"Arm\u00f3nica Hohner. Modelo: MARINE BAND HARMONIC MINOR. Diat\u00f3nica. Nota: C, Db, D,Eb, E, F, F#, G, Ab, A, Bb, B. Afinaci\u00f3n: Arm\u00f3nica menor. N\u00famero de celdas: 10.Leng\u00fcetas: Lat\u00f3n, 20. Superficie de la cubierta: Acero inoxidable. Placas de leng\u00fcetas: Lat\u00f3n, 0.9 mm. Superficie de placas de leng\u00fcetas: Lat\u00f3n. Superficie de la boquilla: Peral, laqueado. Peine: Peral, caf\u00e9. Superficie del peine: Laca transparente. Longitud: 10 cm.\" \/>\n<meta property=\"og:url\" content=\"https:\/\/www.mexicanguitarplayers.com\/en\/tienda\/sin categor\u00eda\/armonica-hohner-1896-20-marine-band-hm\/\" \/>\n<meta property=\"og:site_name\" content=\"Mexican Guitar Players\" \/>\n<meta name=\"twitter:card\" content=\"summary_large_image\" \/>\n<meta name=\"twitter:label1\" content=\"Est. reading time\" \/>\n\t<meta name=\"twitter:data1\" content=\"1 minute\" \/>\n<script type=\"application\/ld+json\" class=\"yoast-schema-graph\">{\"@context\":\"https:\\\/\\\/schema.org\",\"@graph\":[{\"@type\":[\"WebPage\",\"ItemPage\"],\"@id\":\"https:\\\/\\\/www.mexicanguitarplayers.com\\\/tienda\\\/sin categor\u00eda\\\/armonica-hohner-1896-20-marine-band-hm\\\/\",\"url\":\"https:\\\/\\\/www.mexicanguitarplayers.com\\\/tienda\\\/sin categor\u00eda\\\/armonica-hohner-1896-20-marine-band-hm\\\/\",\"name\":\"ARMONICA HOHNER 1896\\\/20 MARINE BAND HM - Mexican Guitar Players\",\"isPartOf\":{\"@id\":\"https:\\\/\\\/www.mexicanguitarplayers.com\\\/#website\"},\"primaryImageOfPage\":{\"@id\":\"https:\\\/\\\/www.mexicanguitarplayers.com\\\/tienda\\\/sin categor\u00eda\\\/armonica-hohner-1896-20-marine-band-hm\\\/#primaryimage\"},\"image\":{\"@id\":\"https:\\\/\\\/www.mexicanguitarplayers.com\\\/tienda\\\/sin categor\u00eda\\\/armonica-hohner-1896-20-marine-band-hm\\\/#primaryimage\"},\"thumbnailUrl\":\"https:\\\/\\\/www.mexicanguitarplayers.com\\\/wp-content\\\/uploads\\\/2025\\\/04\\\/IVHOH189620HM.jpg\",\"datePublished\":\"2025-04-08T18:01:25+00:00\",\"description\":\"Arm\u00f3nica Hohner. Modelo: MARINE BAND HARMONIC MINOR. Diat\u00f3nica. Nota: C, Db, D,Eb, E, F, F#, G, Ab, A, Bb, B. Afinaci\u00f3n: Arm\u00f3nica menor. N\u00famero de celdas: 10.Leng\u00fcetas: Lat\u00f3n, 20. Superficie de la cubierta: Acero inoxidable. Placas de leng\u00fcetas: Lat\u00f3n, 0.9 mm. Superficie de placas de leng\u00fcetas: Lat\u00f3n. Superficie de la boquilla: Peral, laqueado. Peine: Peral, caf\u00e9. Superficie del peine: Laca transparente. Longitud: 10 cm.\",\"breadcrumb\":{\"@id\":\"https:\\\/\\\/www.mexicanguitarplayers.com\\\/tienda\\\/sin categor\u00eda\\\/armonica-hohner-1896-20-marine-band-hm\\\/#breadcrumb\"},\"inLanguage\":\"en-US\",\"potentialAction\":[{\"@type\":\"ReadAction\",\"target\":[\"https:\\\/\\\/www.mexicanguitarplayers.com\\\/tienda\\\/sin categor\u00eda\\\/armonica-hohner-1896-20-marine-band-hm\\\/\"]}]},{\"@type\":\"ImageObject\",\"inLanguage\":\"en-US\",\"@id\":\"https:\\\/\\\/www.mexicanguitarplayers.com\\\/tienda\\\/sin categor\u00eda\\\/armonica-hohner-1896-20-marine-band-hm\\\/#primaryimage\",\"url\":\"https:\\\/\\\/www.mexicanguitarplayers.com\\\/wp-content\\\/uploads\\\/2025\\\/04\\\/IVHOH189620HM.jpg\",\"contentUrl\":\"https:\\\/\\\/www.mexicanguitarplayers.com\\\/wp-content\\\/uploads\\\/2025\\\/04\\\/IVHOH189620HM.jpg\",\"width\":1200,\"height\":1200},{\"@type\":\"BreadcrumbList\",\"@id\":\"https:\\\/\\\/www.mexicanguitarplayers.com\\\/tienda\\\/sin categor\u00eda\\\/armonica-hohner-1896-20-marine-band-hm\\\/#breadcrumb\",\"itemListElement\":[{\"@type\":\"ListItem\",\"position\":1,\"name\":\"Portada\",\"item\":\"https:\\\/\\\/www.mexicanguitarplayers.com\\\/\"},{\"@type\":\"ListItem\",\"position\":2,\"name\":\"Tienda\",\"item\":\"https:\\\/\\\/www.mexicanguitarplayers.com\\\/tienda\\\/\"},{\"@type\":\"ListItem\",\"position\":3,\"name\":\"ARMONICA HOHNER 1896\\\/20 MARINE BAND HM\"}]},{\"@type\":\"WebSite\",\"@id\":\"https:\\\/\\\/www.mexicanguitarplayers.com\\\/#website\",\"url\":\"https:\\\/\\\/www.mexicanguitarplayers.com\\\/\",\"name\":\"Mexican Guitar Players\",\"description\":\"Website\",\"publisher\":{\"@id\":\"https:\\\/\\\/www.mexicanguitarplayers.com\\\/#organization\"},\"potentialAction\":[{\"@type\":\"SearchAction\",\"target\":{\"@type\":\"EntryPoint\",\"urlTemplate\":\"https:\\\/\\\/www.mexicanguitarplayers.com\\\/?s={search_term_string}\"},\"query-input\":{\"@type\":\"PropertyValueSpecification\",\"valueRequired\":true,\"valueName\":\"search_term_string\"}}],\"inLanguage\":\"en-US\"},{\"@type\":\"Organization\",\"@id\":\"https:\\\/\\\/www.mexicanguitarplayers.com\\\/#organization\",\"name\":\"Mexican Guitar Players\",\"url\":\"https:\\\/\\\/www.mexicanguitarplayers.com\\\/\",\"logo\":{\"@type\":\"ImageObject\",\"inLanguage\":\"en-US\",\"@id\":\"https:\\\/\\\/www.mexicanguitarplayers.com\\\/#\\\/schema\\\/logo\\\/image\\\/\",\"url\":\"\",\"contentUrl\":\"\",\"caption\":\"Mexican Guitar Players\"},\"image\":{\"@id\":\"https:\\\/\\\/www.mexicanguitarplayers.com\\\/#\\\/schema\\\/logo\\\/image\\\/\"}}]}<\/script>\n<!-- \/ Yoast SEO plugin. -->","yoast_head_json":{"title":"ARMONICA HOHNER 1896\/20  MARINE BAND HM - Mexican Guitar Players","description":"Arm\u00f3nica Hohner. Modelo: MARINE BAND HARMONIC MINOR. Diat\u00f3nica. Nota: C, Db, D,Eb, E, F, F#, G, Ab, A, Bb, B. Afinaci\u00f3n: Arm\u00f3nica menor. N\u00famero de celdas: 10.Leng\u00fcetas: Lat\u00f3n, 20. Superficie de la cubierta: Acero inoxidable. Placas de leng\u00fcetas: Lat\u00f3n, 0.9 mm. Superficie de placas de leng\u00fcetas: Lat\u00f3n. Superficie de la boquilla: Peral, laqueado. Peine: Peral, caf\u00e9. Superficie del peine: Laca transparente. Longitud: 10 cm.","robots":{"index":"index","follow":"follow","max-snippet":"max-snippet:-1","max-image-preview":"max-image-preview:large","max-video-preview":"max-video-preview:-1"},"canonical":"https:\/\/www.mexicanguitarplayers.com\/en\/tienda\/sin categor\u00eda\/armonica-hohner-1896-20-marine-band-hm\/","og_locale":"en_US","og_type":"article","og_title":"ARMONICA HOHNER 1896\/20  MARINE BAND HM - Mexican Guitar Players","og_description":"Arm\u00f3nica Hohner. Modelo: MARINE BAND HARMONIC MINOR. Diat\u00f3nica. Nota: C, Db, D,Eb, E, F, F#, G, Ab, A, Bb, B. Afinaci\u00f3n: Arm\u00f3nica menor. N\u00famero de celdas: 10.Leng\u00fcetas: Lat\u00f3n, 20. Superficie de la cubierta: Acero inoxidable. Placas de leng\u00fcetas: Lat\u00f3n, 0.9 mm. Superficie de placas de leng\u00fcetas: Lat\u00f3n. Superficie de la boquilla: Peral, laqueado. Peine: Peral, caf\u00e9. Superficie del peine: Laca transparente. Longitud: 10 cm.","og_url":"https:\/\/www.mexicanguitarplayers.com\/en\/tienda\/sin categor\u00eda\/armonica-hohner-1896-20-marine-band-hm\/","og_site_name":"Mexican Guitar Players","twitter_card":"summary_large_image","twitter_misc":{"Est. reading time":"1 minute"},"schema":{"@context":"https:\/\/schema.org","@graph":[{"@type":["WebPage","ItemPage"],"@id":"https:\/\/www.mexicanguitarplayers.com\/tienda\/sin categor\u00eda\/armonica-hohner-1896-20-marine-band-hm\/","url":"https:\/\/www.mexicanguitarplayers.com\/tienda\/sin categor\u00eda\/armonica-hohner-1896-20-marine-band-hm\/","name":"ARMONICA HOHNER 1896\/20 MARINE BAND HM - Mexican Guitar Players","isPartOf":{"@id":"https:\/\/www.mexicanguitarplayers.com\/#website"},"primaryImageOfPage":{"@id":"https:\/\/www.mexicanguitarplayers.com\/tienda\/sin categor\u00eda\/armonica-hohner-1896-20-marine-band-hm\/#primaryimage"},"image":{"@id":"https:\/\/www.mexicanguitarplayers.com\/tienda\/sin categor\u00eda\/armonica-hohner-1896-20-marine-band-hm\/#primaryimage"},"thumbnailUrl":"https:\/\/www.mexicanguitarplayers.com\/wp-content\/uploads\/2025\/04\/IVHOH189620HM.jpg","datePublished":"2025-04-08T18:01:25+00:00","description":"Arm\u00f3nica Hohner. Modelo: MARINE BAND HARMONIC MINOR. Diat\u00f3nica. Nota: C, Db, D,Eb, E, F, F#, G, Ab, A, Bb, B. Afinaci\u00f3n: Arm\u00f3nica menor. N\u00famero de celdas: 10.Leng\u00fcetas: Lat\u00f3n, 20. Superficie de la cubierta: Acero inoxidable. Placas de leng\u00fcetas: Lat\u00f3n, 0.9 mm. Superficie de placas de leng\u00fcetas: Lat\u00f3n. Superficie de la boquilla: Peral, laqueado. Peine: Peral, caf\u00e9. Superficie del peine: Laca transparente. Longitud: 10 cm.","breadcrumb":{"@id":"https:\/\/www.mexicanguitarplayers.com\/tienda\/sin categor\u00eda\/armonica-hohner-1896-20-marine-band-hm\/#breadcrumb"},"inLanguage":"en-US","potentialAction":[{"@type":"ReadAction","target":["https:\/\/www.mexicanguitarplayers.com\/tienda\/sin categor\u00eda\/armonica-hohner-1896-20-marine-band-hm\/"]}]},{"@type":"ImageObject","inLanguage":"en-US","@id":"https:\/\/www.mexicanguitarplayers.com\/tienda\/sin categor\u00eda\/armonica-hohner-1896-20-marine-band-hm\/#primaryimage","url":"https:\/\/www.mexicanguitarplayers.com\/wp-content\/uploads\/2025\/04\/IVHOH189620HM.jpg","contentUrl":"https:\/\/www.mexicanguitarplayers.com\/wp-content\/uploads\/2025\/04\/IVHOH189620HM.jpg","width":1200,"height":1200},{"@type":"BreadcrumbList","@id":"https:\/\/www.mexicanguitarplayers.com\/tienda\/sin categor\u00eda\/armonica-hohner-1896-20-marine-band-hm\/#breadcrumb","itemListElement":[{"@type":"ListItem","position":1,"name":"Portada","item":"https:\/\/www.mexicanguitarplayers.com\/"},{"@type":"ListItem","position":2,"name":"Tienda","item":"https:\/\/www.mexicanguitarplayers.com\/tienda\/"},{"@type":"ListItem","position":3,"name":"ARMONICA HOHNER 1896\/20 MARINE BAND HM"}]},{"@type":"WebSite","@id":"https:\/\/www.mexicanguitarplayers.com\/#website","url":"https:\/\/www.mexicanguitarplayers.com\/","name":"Mexican Guitar Players","description":"Website","publisher":{"@id":"https:\/\/www.mexicanguitarplayers.com\/#organization"},"potentialAction":[{"@type":"SearchAction","target":{"@type":"EntryPoint","urlTemplate":"https:\/\/www.mexicanguitarplayers.com\/?s={search_term_string}"},"query-input":{"@type":"PropertyValueSpecification","valueRequired":true,"valueName":"search_term_string"}}],"inLanguage":"en-US"},{"@type":"Organization","@id":"https:\/\/www.mexicanguitarplayers.com\/#organization","name":"Mexican Guitar Players","url":"https:\/\/www.mexicanguitarplayers.com\/","logo":{"@type":"ImageObject","inLanguage":"en-US","@id":"https:\/\/www.mexicanguitarplayers.com\/#\/schema\/logo\/image\/","url":"","contentUrl":"","caption":"Mexican Guitar Players"},"image":{"@id":"https:\/\/www.mexicanguitarplayers.com\/#\/schema\/logo\/image\/"}}]}},"brands":[{"id":395,"name":"HOHNER","slug":"hohner"}],"_links":{"self":[{"href":"https:\/\/www.mexicanguitarplayers.com\/en\/wp-json\/wp\/v2\/product\/31613","targetHints":{"allow":["GET"]}}],"collection":[{"href":"https:\/\/www.mexicanguitarplayers.com\/en\/wp-json\/wp\/v2\/product"}],"about":[{"href":"https:\/\/www.mexicanguitarplayers.com\/en\/wp-json\/wp\/v2\/types\/product"}],"replies":[{"embeddable":true,"href":"https:\/\/www.mexicanguitarplayers.com\/en\/wp-json\/wp\/v2\/comments?post=31613"}],"wp:featuredmedia":[{"embeddable":true,"href":"https:\/\/www.mexicanguitarplayers.com\/en\/wp-json\/wp\/v2\/media\/31612"}],"wp:attachment":[{"href":"https:\/\/www.mexicanguitarplayers.com\/en\/wp-json\/wp\/v2\/media?parent=31613"}],"wp:term":[{"taxonomy":"pwb-brand","embeddable":true,"href":"https:\/\/www.mexicanguitarplayers.com\/en\/wp-json\/wp\/v2\/pwb-brand?post=31613"},{"taxonomy":"product_brand","embeddable":true,"href":"https:\/\/www.mexicanguitarplayers.com\/en\/wp-json\/wp\/v2\/product_brand?post=31613"},{"taxonomy":"product_cat","embeddable":true,"href":"https:\/\/www.mexicanguitarplayers.com\/en\/wp-json\/wp\/v2\/product_cat?post=31613"},{"taxonomy":"product_tag","embeddable":true,"href":"https:\/\/www.mexicanguitarplayers.com\/en\/wp-json\/wp\/v2\/product_tag?post=31613"}],"curies":[{"name":"wp","href":"https:\/\/api.w.org\/{rel}","templated":true}]}}