{"id":31619,"date":"2025-04-08T12:01:34","date_gmt":"2025-04-08T18:01:34","guid":{"rendered":"https:\/\/www.mexicanguitarplayers.com\/tienda\/sin categor\u00eda\/entorchado-puresound-acero-e1412\/"},"modified":"2026-05-01T07:24:09","modified_gmt":"2026-05-01T13:24:09","slug":"entorchado-puresound-acero-e1412","status":"publish","type":"product","link":"https:\/\/www.mexicanguitarplayers.com\/en\/tienda\/accesorios\/para-bateria\/entorchados\/entorchado-puresound-acero-e1412\/","title":{"rendered":"ENTORCHADO PURESOUND  ACERO E1412"},"content":{"rendered":"<div style=\"text-align: justify\">\n<div>\n<h3>Un sonido c\u00e1lido y nivelado.<\/h3>\n<\/div>\n<div>La l\u00ednea Equalizer de entorchados de Puresound ha sido creada para modificar la propagaci\u00f3n y la actividad del sonido de la tarola trabajando en conjunto con la ac\u00fastica natural del tambor y el dise\u00f1o del snare bed. Disponible en modelos de 13\u201d y 14\u201d pulgadas, el entorchado de la serie Equalizer cuenta con un conjunto de hilos sin filamentos en el centro.  El dise\u00f1o modifica la propagaci\u00f3n y la actividad del sonido de la tarola al trabajar en conjunto con la ac\u00fastica natural del tambor y el dise\u00f1o del snare bed. El resultado es un sonido m\u00e1s seco y crujiente.<\/div>\n<div>\n<h4>Quick look<\/h4>\n<\/div>\n<ul style=\"margin: 0px 0px 0px 25px\">\n<li style=\"list-style-type: circle;margin: 5px\">Design.<\/li>\n<li style=\"list-style-type: circle;margin: 5px\">Tama\u00f1o.<\/li>\n<li style=\"list-style-type: circle;margin: 5px\">Vibraciones.<\/li>\n<li style=\"list-style-type: circle;margin: 5px\">Hilos de acero.<\/li>\n<li style=\"list-style-type: circle;margin: 5px\">Fabricaci\u00f3n.<\/li>\n<\/ul>\n<div>\n<div style=\"font-weight: bold\">Design.<\/div>\n<div>\n<p>Dise\u00f1o de hilos a los lados (sin hilos centrales) para modificar la propagaci\u00f3n y la actividad del sonido de la tarola, trabajando en conjunto con la ac\u00fastica natural del tambor y el dise\u00f1o del snare bed.<\/p>\n<\/div>\n<div style=\"font-weight: bold\">Tama\u00f1o.<\/div>\n<div>\n<p>Entorchado de 14\u201d pulgadas con 12 hilos.<\/p>\n<\/div>\n<div style=\"font-weight: bold\">Vibraciones.<\/div>\n<div>\n<p>Menos influenciado por las vibraciones de otros tambores e instrumentos.<\/p>\n<\/div>\n<div style=\"font-weight: bold\">Hilos de acero.<\/div>\n<div>\n<p>Producen una respuesta r\u00e1pida y n\u00edtida.<\/p>\n<\/div>\n<div style=\"font-weight: bold\">Fabricaci\u00f3n.<\/div>\n<div>\n<p>Dise\u00f1ado y fabricado en USA.<\/p>\n<\/div>\n<\/div>\n<\/div>","protected":false},"excerpt":{"rendered":"<p>Entorchado de 14\u201d pulgadas con 12 hilos, serie Equalizer, modifica la propagaci\u00f3n y actividad del sonido de la tarola, entorchado sin hilos en la parte central, trabaja en conjunto con la ac\u00fastica natural del tambor y el dise\u00f1o del snare bed, ofrece un sonido m\u00e1s seco y crujiente.&hellip; <a class=\"kt-excerpt-readmore more-link\" href=\"https:\/\/www.mexicanguitarplayers.com\/en\/tienda\/accesorios\/para-bateria\/entorchados\/entorchado-puresound-acero-e1412\/\">Read more<\/a><\/p>","protected":false},"featured_media":31618,"comment_status":"open","ping_status":"closed","template":"","meta":{"kt_blocks_editor_width":""},"pwb-brand":[632],"product_brand":[],"product_cat":[85,627,306],"product_tag":[],"class_list":{"0":"post-31619","1":"product","2":"type-product","3":"status-publish","4":"has-post-thumbnail","6":"pwb-brand-puresound","7":"product_cat-accesorios","8":"product_cat-entorchados","9":"product_cat-para-bateria","10":"product_shipping_class-0-5-kg","12":"first","13":"instock","14":"taxable","15":"shipping-taxable","16":"purchasable","17":"product-type-simple"},"yoast_head":"<!-- This site is optimized with the Yoast SEO plugin v27.5 - https:\/\/yoast.com\/product\/yoast-seo-wordpress\/ -->\n<title>ENTORCHADO PURESOUND ACERO E1412 - Mexican Guitar Players<\/title>\n<meta name=\"description\" content=\"Entorchado de 14\u201d pulgadas con 12 hilos, serie Equalizer, modifica la propagaci\u00f3n y actividad del sonido de la tarola, entorchado sin hilos en la parte central, trabaja en conjunto con la ac\u00fastica natural del tambor y el dise\u00f1o del snare bed, ofrece un sonido m\u00e1s seco y crujiente.\" \/>\n<meta name=\"robots\" content=\"index, follow, max-snippet:-1, max-image-preview:large, max-video-preview:-1\" \/>\n<link rel=\"canonical\" href=\"https:\/\/www.mexicanguitarplayers.com\/en\/tienda\/sin%20categor\u00eda\/entorchado-puresound-acero-e1412\/\" \/>\n<meta property=\"og:locale\" content=\"en_US\" \/>\n<meta property=\"og:type\" content=\"article\" \/>\n<meta property=\"og:title\" content=\"ENTORCHADO PURESOUND ACERO E1412 - Mexican Guitar Players\" \/>\n<meta property=\"og:description\" content=\"Entorchado de 14\u201d pulgadas con 12 hilos, serie Equalizer, modifica la propagaci\u00f3n y actividad del sonido de la tarola, entorchado sin hilos en la parte central, trabaja en conjunto con la ac\u00fastica natural del tambor y el dise\u00f1o del snare bed, ofrece un sonido m\u00e1s seco y crujiente.\" \/>\n<meta property=\"og:url\" content=\"https:\/\/www.mexicanguitarplayers.com\/en\/tienda\/sin categor\u00eda\/entorchado-puresound-acero-e1412\/\" \/>\n<meta property=\"og:site_name\" content=\"Mexican Guitar Players\" \/>\n<meta property=\"article:modified_time\" content=\"2026-05-01T13:24:09+00:00\" \/>\n<meta name=\"twitter:card\" content=\"summary_large_image\" \/>\n<meta name=\"twitter:label1\" content=\"Est. reading time\" \/>\n\t<meta name=\"twitter:data1\" content=\"1 minute\" \/>\n<script type=\"application\/ld+json\" class=\"yoast-schema-graph\">{\"@context\":\"https:\\\/\\\/schema.org\",\"@graph\":[{\"@type\":[\"WebPage\",\"ItemPage\"],\"@id\":\"https:\\\/\\\/www.mexicanguitarplayers.com\\\/tienda\\\/sin categor\u00eda\\\/entorchado-puresound-acero-e1412\\\/\",\"url\":\"https:\\\/\\\/www.mexicanguitarplayers.com\\\/tienda\\\/sin categor\u00eda\\\/entorchado-puresound-acero-e1412\\\/\",\"name\":\"ENTORCHADO PURESOUND ACERO E1412 - Mexican Guitar Players\",\"isPartOf\":{\"@id\":\"https:\\\/\\\/www.mexicanguitarplayers.com\\\/#website\"},\"primaryImageOfPage\":{\"@id\":\"https:\\\/\\\/www.mexicanguitarplayers.com\\\/tienda\\\/sin categor\u00eda\\\/entorchado-puresound-acero-e1412\\\/#primaryimage\"},\"image\":{\"@id\":\"https:\\\/\\\/www.mexicanguitarplayers.com\\\/tienda\\\/sin categor\u00eda\\\/entorchado-puresound-acero-e1412\\\/#primaryimage\"},\"thumbnailUrl\":\"https:\\\/\\\/www.mexicanguitarplayers.com\\\/wp-content\\\/uploads\\\/2025\\\/04\\\/RAPURE1412.jpg\",\"datePublished\":\"2025-04-08T18:01:34+00:00\",\"dateModified\":\"2026-05-01T13:24:09+00:00\",\"description\":\"Entorchado de 14\u201d pulgadas con 12 hilos, serie Equalizer, modifica la propagaci\u00f3n y actividad del sonido de la tarola, entorchado sin hilos en la parte central, trabaja en conjunto con la ac\u00fastica natural del tambor y el dise\u00f1o del snare bed, ofrece un sonido m\u00e1s seco y crujiente.\",\"breadcrumb\":{\"@id\":\"https:\\\/\\\/www.mexicanguitarplayers.com\\\/tienda\\\/sin categor\u00eda\\\/entorchado-puresound-acero-e1412\\\/#breadcrumb\"},\"inLanguage\":\"en-US\",\"potentialAction\":[{\"@type\":\"ReadAction\",\"target\":[\"https:\\\/\\\/www.mexicanguitarplayers.com\\\/tienda\\\/sin categor\u00eda\\\/entorchado-puresound-acero-e1412\\\/\"]}]},{\"@type\":\"ImageObject\",\"inLanguage\":\"en-US\",\"@id\":\"https:\\\/\\\/www.mexicanguitarplayers.com\\\/tienda\\\/sin categor\u00eda\\\/entorchado-puresound-acero-e1412\\\/#primaryimage\",\"url\":\"https:\\\/\\\/www.mexicanguitarplayers.com\\\/wp-content\\\/uploads\\\/2025\\\/04\\\/RAPURE1412.jpg\",\"contentUrl\":\"https:\\\/\\\/www.mexicanguitarplayers.com\\\/wp-content\\\/uploads\\\/2025\\\/04\\\/RAPURE1412.jpg\",\"width\":1600,\"height\":800},{\"@type\":\"BreadcrumbList\",\"@id\":\"https:\\\/\\\/www.mexicanguitarplayers.com\\\/tienda\\\/sin categor\u00eda\\\/entorchado-puresound-acero-e1412\\\/#breadcrumb\",\"itemListElement\":[{\"@type\":\"ListItem\",\"position\":1,\"name\":\"Portada\",\"item\":\"https:\\\/\\\/www.mexicanguitarplayers.com\\\/\"},{\"@type\":\"ListItem\",\"position\":2,\"name\":\"Tienda\",\"item\":\"https:\\\/\\\/www.mexicanguitarplayers.com\\\/tienda\\\/\"},{\"@type\":\"ListItem\",\"position\":3,\"name\":\"ENTORCHADO PURESOUND ACERO E1412\"}]},{\"@type\":\"WebSite\",\"@id\":\"https:\\\/\\\/www.mexicanguitarplayers.com\\\/#website\",\"url\":\"https:\\\/\\\/www.mexicanguitarplayers.com\\\/\",\"name\":\"Mexican Guitar Players\",\"description\":\"Website\",\"publisher\":{\"@id\":\"https:\\\/\\\/www.mexicanguitarplayers.com\\\/#organization\"},\"potentialAction\":[{\"@type\":\"SearchAction\",\"target\":{\"@type\":\"EntryPoint\",\"urlTemplate\":\"https:\\\/\\\/www.mexicanguitarplayers.com\\\/?s={search_term_string}\"},\"query-input\":{\"@type\":\"PropertyValueSpecification\",\"valueRequired\":true,\"valueName\":\"search_term_string\"}}],\"inLanguage\":\"en-US\"},{\"@type\":\"Organization\",\"@id\":\"https:\\\/\\\/www.mexicanguitarplayers.com\\\/#organization\",\"name\":\"Mexican Guitar Players\",\"url\":\"https:\\\/\\\/www.mexicanguitarplayers.com\\\/\",\"logo\":{\"@type\":\"ImageObject\",\"inLanguage\":\"en-US\",\"@id\":\"https:\\\/\\\/www.mexicanguitarplayers.com\\\/#\\\/schema\\\/logo\\\/image\\\/\",\"url\":\"\",\"contentUrl\":\"\",\"caption\":\"Mexican Guitar Players\"},\"image\":{\"@id\":\"https:\\\/\\\/www.mexicanguitarplayers.com\\\/#\\\/schema\\\/logo\\\/image\\\/\"}}]}<\/script>\n<!-- \/ Yoast SEO plugin. -->","yoast_head_json":{"title":"ENTORCHADO PURESOUND ACERO E1412 - Mexican Guitar Players","description":"Entorchado de 14\u201d pulgadas con 12 hilos, serie Equalizer, modifica la propagaci\u00f3n y actividad del sonido de la tarola, entorchado sin hilos en la parte central, trabaja en conjunto con la ac\u00fastica natural del tambor y el dise\u00f1o del snare bed, ofrece un sonido m\u00e1s seco y crujiente.","robots":{"index":"index","follow":"follow","max-snippet":"max-snippet:-1","max-image-preview":"max-image-preview:large","max-video-preview":"max-video-preview:-1"},"canonical":"https:\/\/www.mexicanguitarplayers.com\/en\/tienda\/sin categor\u00eda\/entorchado-puresound-acero-e1412\/","og_locale":"en_US","og_type":"article","og_title":"ENTORCHADO PURESOUND ACERO E1412 - Mexican Guitar Players","og_description":"Entorchado de 14\u201d pulgadas con 12 hilos, serie Equalizer, modifica la propagaci\u00f3n y actividad del sonido de la tarola, entorchado sin hilos en la parte central, trabaja en conjunto con la ac\u00fastica natural del tambor y el dise\u00f1o del snare bed, ofrece un sonido m\u00e1s seco y crujiente.","og_url":"https:\/\/www.mexicanguitarplayers.com\/en\/tienda\/sin categor\u00eda\/entorchado-puresound-acero-e1412\/","og_site_name":"Mexican Guitar Players","article_modified_time":"2026-05-01T13:24:09+00:00","twitter_card":"summary_large_image","twitter_misc":{"Est. reading time":"1 minute"},"schema":{"@context":"https:\/\/schema.org","@graph":[{"@type":["WebPage","ItemPage"],"@id":"https:\/\/www.mexicanguitarplayers.com\/tienda\/sin categor\u00eda\/entorchado-puresound-acero-e1412\/","url":"https:\/\/www.mexicanguitarplayers.com\/tienda\/sin categor\u00eda\/entorchado-puresound-acero-e1412\/","name":"ENTORCHADO PURESOUND ACERO E1412 - Mexican Guitar Players","isPartOf":{"@id":"https:\/\/www.mexicanguitarplayers.com\/#website"},"primaryImageOfPage":{"@id":"https:\/\/www.mexicanguitarplayers.com\/tienda\/sin categor\u00eda\/entorchado-puresound-acero-e1412\/#primaryimage"},"image":{"@id":"https:\/\/www.mexicanguitarplayers.com\/tienda\/sin categor\u00eda\/entorchado-puresound-acero-e1412\/#primaryimage"},"thumbnailUrl":"https:\/\/www.mexicanguitarplayers.com\/wp-content\/uploads\/2025\/04\/RAPURE1412.jpg","datePublished":"2025-04-08T18:01:34+00:00","dateModified":"2026-05-01T13:24:09+00:00","description":"Entorchado de 14\u201d pulgadas con 12 hilos, serie Equalizer, modifica la propagaci\u00f3n y actividad del sonido de la tarola, entorchado sin hilos en la parte central, trabaja en conjunto con la ac\u00fastica natural del tambor y el dise\u00f1o del snare bed, ofrece un sonido m\u00e1s seco y crujiente.","breadcrumb":{"@id":"https:\/\/www.mexicanguitarplayers.com\/tienda\/sin categor\u00eda\/entorchado-puresound-acero-e1412\/#breadcrumb"},"inLanguage":"en-US","potentialAction":[{"@type":"ReadAction","target":["https:\/\/www.mexicanguitarplayers.com\/tienda\/sin categor\u00eda\/entorchado-puresound-acero-e1412\/"]}]},{"@type":"ImageObject","inLanguage":"en-US","@id":"https:\/\/www.mexicanguitarplayers.com\/tienda\/sin categor\u00eda\/entorchado-puresound-acero-e1412\/#primaryimage","url":"https:\/\/www.mexicanguitarplayers.com\/wp-content\/uploads\/2025\/04\/RAPURE1412.jpg","contentUrl":"https:\/\/www.mexicanguitarplayers.com\/wp-content\/uploads\/2025\/04\/RAPURE1412.jpg","width":1600,"height":800},{"@type":"BreadcrumbList","@id":"https:\/\/www.mexicanguitarplayers.com\/tienda\/sin categor\u00eda\/entorchado-puresound-acero-e1412\/#breadcrumb","itemListElement":[{"@type":"ListItem","position":1,"name":"Portada","item":"https:\/\/www.mexicanguitarplayers.com\/"},{"@type":"ListItem","position":2,"name":"Tienda","item":"https:\/\/www.mexicanguitarplayers.com\/tienda\/"},{"@type":"ListItem","position":3,"name":"ENTORCHADO PURESOUND ACERO E1412"}]},{"@type":"WebSite","@id":"https:\/\/www.mexicanguitarplayers.com\/#website","url":"https:\/\/www.mexicanguitarplayers.com\/","name":"Mexican Guitar Players","description":"Website","publisher":{"@id":"https:\/\/www.mexicanguitarplayers.com\/#organization"},"potentialAction":[{"@type":"SearchAction","target":{"@type":"EntryPoint","urlTemplate":"https:\/\/www.mexicanguitarplayers.com\/?s={search_term_string}"},"query-input":{"@type":"PropertyValueSpecification","valueRequired":true,"valueName":"search_term_string"}}],"inLanguage":"en-US"},{"@type":"Organization","@id":"https:\/\/www.mexicanguitarplayers.com\/#organization","name":"Mexican Guitar Players","url":"https:\/\/www.mexicanguitarplayers.com\/","logo":{"@type":"ImageObject","inLanguage":"en-US","@id":"https:\/\/www.mexicanguitarplayers.com\/#\/schema\/logo\/image\/","url":"","contentUrl":"","caption":"Mexican Guitar Players"},"image":{"@id":"https:\/\/www.mexicanguitarplayers.com\/#\/schema\/logo\/image\/"}}]}},"brands":[{"id":632,"name":"PURE SOUND","slug":"puresound"}],"_links":{"self":[{"href":"https:\/\/www.mexicanguitarplayers.com\/en\/wp-json\/wp\/v2\/product\/31619","targetHints":{"allow":["GET"]}}],"collection":[{"href":"https:\/\/www.mexicanguitarplayers.com\/en\/wp-json\/wp\/v2\/product"}],"about":[{"href":"https:\/\/www.mexicanguitarplayers.com\/en\/wp-json\/wp\/v2\/types\/product"}],"replies":[{"embeddable":true,"href":"https:\/\/www.mexicanguitarplayers.com\/en\/wp-json\/wp\/v2\/comments?post=31619"}],"wp:featuredmedia":[{"embeddable":true,"href":"https:\/\/www.mexicanguitarplayers.com\/en\/wp-json\/wp\/v2\/media\/31618"}],"wp:attachment":[{"href":"https:\/\/www.mexicanguitarplayers.com\/en\/wp-json\/wp\/v2\/media?parent=31619"}],"wp:term":[{"taxonomy":"pwb-brand","embeddable":true,"href":"https:\/\/www.mexicanguitarplayers.com\/en\/wp-json\/wp\/v2\/pwb-brand?post=31619"},{"taxonomy":"product_brand","embeddable":true,"href":"https:\/\/www.mexicanguitarplayers.com\/en\/wp-json\/wp\/v2\/product_brand?post=31619"},{"taxonomy":"product_cat","embeddable":true,"href":"https:\/\/www.mexicanguitarplayers.com\/en\/wp-json\/wp\/v2\/product_cat?post=31619"},{"taxonomy":"product_tag","embeddable":true,"href":"https:\/\/www.mexicanguitarplayers.com\/en\/wp-json\/wp\/v2\/product_tag?post=31619"}],"curies":[{"name":"wp","href":"https:\/\/api.w.org\/{rel}","templated":true}]}}