{"id":31651,"date":"2025-04-08T12:50:51","date_gmt":"2025-04-08T18:50:51","guid":{"rendered":"https:\/\/www.mexicanguitarplayers.com\/tienda\/sin categor\u00eda\/pedal-t-c-p-guitarra-ditto-jam-x2-loopr\/"},"modified":"2026-05-01T07:24:07","modified_gmt":"2026-05-01T13:24:07","slug":"pedal-t-c-p-guitarra-ditto-jam-x2-loopr","status":"publish","type":"product","link":"https:\/\/www.mexicanguitarplayers.com\/en\/tienda\/cuerdas\/efectos\/efectos-individuales\/pedal-t-c-p-guitarra-ditto-jam-x2-loopr\/","title":{"rendered":"PEDAL T.C. P\/GUITARRA DITTO JAM X2 LOOPR"},"content":{"rendered":"<div style=\"text-align: justify\">\n<div>\n<h3>The master of loops.<\/h3>\n<\/div>\n<div>The revolutionary DITTO JAM X2 LOOPER pedal features our patented cutting-edge BeatSense technology, making it the first Looper pedal to prevent your loops from falling out of sync. Our algorithm is capable of cutting, stretching and compressing each measure of your loop dynamically at your tempo, while maintaining audio quality. This means that your DITTO JAM X2 automatically stretches the loop a few milliseconds to fit, so your show is always nice and tight. BeatSense. For the first time ever, you can loop your band in real time without having to sync to a MIDI clock, allowing you to do it as you go and without missing a beat. It&#039;s like having an invisible gang member on stage with psychic powers. Take that, Dr. X! Built-in microphones and an included clip-on microphone allow the DITTO JAM X2 to listen to your surroundings, separate background noise from the rhythmic elements of your band, and sync up. Plug the included mic underneath a snare drum or on some percussion instrument, take the time out of timing the drums so you and your bandmates can play freely without having to constantly be in sync with the fixed loop. Practice makes perfect. DITTO JAM X2 provides the perfect practice platform for blocking out those extra difficult complexities with the revolutionary ability to record a loop and speed it up or slow it down using tap tempo. Just place a loop and gradually increase the tempo as your skills progress or go down and practice and practice until you explode it. Of course, DITTO JAM X2 also features a classic loop mode like the one you know and love from the rest of the DITTO series for when you&#039;re up for a bit of old school.<\/div>\n<div>\n<h4>Quick look<\/h4>\n<\/div>\n<ul style=\"margin: 0px 0px 0px 25px\">\n<li style=\"list-style-type: circle;margin: 5px\">Effect type.<\/li>\n<li style=\"list-style-type: circle;margin: 5px\">Looper.<\/li>\n<li style=\"list-style-type: circle;margin: 5px\">Looping time.<\/li>\n<li style=\"list-style-type: circle;margin: 5px\">Tickets.<\/li>\n<li style=\"list-style-type: circle;margin: 5px\">Departures.<\/li>\n<li style=\"list-style-type: circle;margin: 5px\">USB<\/li>\n<li style=\"list-style-type: circle;margin: 5px\">True Bypass.<\/li>\n<li style=\"list-style-type: circle;margin: 5px\">Power supply.<\/li>\n<li style=\"list-style-type: circle;margin: 5px\">Batteries<\/li>\n<li style=\"list-style-type: circle;margin: 5px\">Use of energy.<\/li>\n<li style=\"list-style-type: circle;margin: 5px\">Dimensions.<\/li>\n<li style=\"list-style-type: circle;margin: 5px\">Weight.<\/li>\n<\/ul>\n<div>\n<div style=\"font-weight: bold\">Effect type.<\/div>\n<div>\n<p>Looper with microphone.<\/p>\n<\/div>\n<div style=\"font-weight: bold\">Looper.<\/div>\n<div>\n<p>Unlimited overdubs.<\/p>\n<\/div>\n<div style=\"font-weight: bold\">Looping time.<\/div>\n<div>\n<p>2 minutes.<\/p>\n<\/div>\n<div style=\"font-weight: bold\">Tickets.<\/div>\n<div>\n<p>One 1\/4 \u2033 TS jack (instrument), 1 1\/8 \u2033 jack (external microphone).<\/p>\n<\/div>\n<div style=\"font-weight: bold\">Departures.<\/div>\n<div>\n<p>1 TS 1\/4 \u2033 jack.<\/p>\n<\/div>\n<div style=\"font-weight: bold\">USB<\/div>\n<div>\n<p>1 x Type Mini-B (firmware update).<\/p>\n<\/div>\n<div style=\"font-weight: bold\">True Bypass.<\/div>\n<div>\n<p>Yes.<\/p>\n<\/div>\n<div style=\"font-weight: bold\">Power supply.<\/div>\n<div>\n<p>9V DC adapter (sold separately).<\/p>\n<\/div>\n<div style=\"font-weight: bold\">Batteries<\/div>\n<div>\n<p>1 9V battery or 2 9V batteries (extended operating time).<\/p>\n<\/div>\n<div style=\"font-weight: bold\">Use of energy.<\/div>\n<div>\n<p>150 mA.<\/p>\n<\/div>\n<div style=\"font-weight: bold\">Dimensions.<\/div>\n<div>\n<p>54 x 112 x 134 mm.<\/p>\n<\/div>\n<div style=\"font-weight: bold\">Weight.<\/div>\n<div>\n<p>0.5 kg.<\/p>\n<\/div>\n<\/div>\n<\/div>","protected":false},"excerpt":{"rendered":"<p>Pedal de loop intuitivo con tecnolog\u00eda BeatSense receptiva, modos Rec-Play\/Rec-Dub, overdubs ilimitados, sincronizaci\u00f3n que responde a tu banda, ajusta autom\u00e1ticamente loop tracks a tu beat, total libertad creativa, micr\u00f3fonos incorporados dobles que rastrean con precisi\u00f3n el tempo de la banda al enfocarse s\u00f3lo en los elementos r\u00edtmicos, micr\u00f3fono de clip incluido que se conecta a instrumentos de percusi\u00f3n para una precisi\u00f3n r\u00edtmica total, bot\u00f3n Stop dedicado para controlar f\u00e1cilmente los finales del loop, sistema Analog-Dry-Through que mantiene la integridad total de la ruta de se\u00f1al seca anal\u00f3gica incluso cuando el looper est\u00e1 activado, audio a 24 bits sin compresi\u00f3n, True-Bypass para permitir una claridad \u00f3ptima y cero p\u00e9rdidas de gala alta cuando el pedal est\u00e1 apagado, robusta carcasa de metal fundido a presi\u00f3n dise\u00f1ada para el uso rudo.&hellip; <a class=\"kt-excerpt-readmore more-link\" href=\"https:\/\/www.mexicanguitarplayers.com\/en\/tienda\/cuerdas\/efectos\/efectos-individuales\/pedal-t-c-p-guitarra-ditto-jam-x2-loopr\/\">Read more<\/a><\/p>","protected":false},"featured_media":31646,"comment_status":"open","ping_status":"closed","template":"","meta":{"kt_blocks_editor_width":""},"pwb-brand":[170],"product_brand":[],"product_cat":[224,241,504],"product_tag":[],"class_list":{"0":"post-31651","1":"product","2":"type-product","3":"status-publish","4":"has-post-thumbnail","6":"pwb-brand-tc-electronic","7":"product_cat-cuerdas","8":"product_cat-efectos","9":"product_cat-efectos-individuales","10":"product_shipping_class-0-5-kg","12":"first","13":"instock","14":"taxable","15":"shipping-taxable","16":"purchasable","17":"product-type-simple"},"yoast_head":"<!-- This site is optimized with the Yoast SEO plugin v27.5 - https:\/\/yoast.com\/product\/yoast-seo-wordpress\/ -->\n<title>PEDAL T.C. P\/GUITARRA DITTO JAM X2 LOOPR - Mexican Guitar Players<\/title>\n<meta name=\"description\" content=\"Pedal de loop intuitivo con tecnolog\u00eda BeatSense receptiva, modos Rec-Play\/Rec-Dub, overdubs ilimitados, sincronizaci\u00f3n que responde a tu banda, ajusta autom\u00e1ticamente loop tracks a tu beat, total libertad creativa, micr\u00f3fonos incorporados dobles que rastrean con precisi\u00f3n el tempo de la banda al enfocarse s\u00f3lo en los elementos r\u00edtmicos, micr\u00f3fono de clip incluido que se conecta a instrumentos de percusi\u00f3n para una precisi\u00f3n r\u00edtmica total, bot\u00f3n Stop dedicado para controlar f\u00e1cilmente los finales del loop, sistema Analog-Dry-Through que mantiene la integridad total de la ruta de se\u00f1al seca anal\u00f3gica incluso cuando el looper est\u00e1 activado, audio a 24 bits sin compresi\u00f3n, True-Bypass para permitir una claridad \u00f3ptima y cero p\u00e9rdidas de gala alta cuando el pedal est\u00e1 apagado, robusta carcasa de metal fundido a presi\u00f3n dise\u00f1ada para el uso rudo.\" \/>\n<meta name=\"robots\" content=\"index, follow, max-snippet:-1, max-image-preview:large, max-video-preview:-1\" \/>\n<link rel=\"canonical\" href=\"https:\/\/www.mexicanguitarplayers.com\/en\/tienda\/sin%20categor\u00eda\/pedal-t-c-p-guitarra-ditto-jam-x2-loopr\/\" \/>\n<meta property=\"og:locale\" content=\"en_US\" \/>\n<meta property=\"og:type\" content=\"article\" \/>\n<meta property=\"og:title\" content=\"PEDAL T.C. P\/GUITARRA DITTO JAM X2 LOOPR - Mexican Guitar Players\" \/>\n<meta property=\"og:description\" content=\"Pedal de loop intuitivo con tecnolog\u00eda BeatSense receptiva, modos Rec-Play\/Rec-Dub, overdubs ilimitados, sincronizaci\u00f3n que responde a tu banda, ajusta autom\u00e1ticamente loop tracks a tu beat, total libertad creativa, micr\u00f3fonos incorporados dobles que rastrean con precisi\u00f3n el tempo de la banda al enfocarse s\u00f3lo en los elementos r\u00edtmicos, micr\u00f3fono de clip incluido que se conecta a instrumentos de percusi\u00f3n para una precisi\u00f3n r\u00edtmica total, bot\u00f3n Stop dedicado para controlar f\u00e1cilmente los finales del loop, sistema Analog-Dry-Through que mantiene la integridad total de la ruta de se\u00f1al seca anal\u00f3gica incluso cuando el looper est\u00e1 activado, audio a 24 bits sin compresi\u00f3n, True-Bypass para permitir una claridad \u00f3ptima y cero p\u00e9rdidas de gala alta cuando el pedal est\u00e1 apagado, robusta carcasa de metal fundido a presi\u00f3n dise\u00f1ada para el uso rudo.\" \/>\n<meta property=\"og:url\" content=\"https:\/\/www.mexicanguitarplayers.com\/en\/tienda\/sin categor\u00eda\/pedal-t-c-p-guitarra-ditto-jam-x2-loopr\/\" \/>\n<meta property=\"og:site_name\" content=\"Mexican Guitar Players\" \/>\n<meta property=\"article:modified_time\" content=\"2026-05-01T13:24:07+00:00\" \/>\n<meta name=\"twitter:card\" content=\"summary_large_image\" \/>\n<meta name=\"twitter:label1\" content=\"Est. reading time\" \/>\n\t<meta name=\"twitter:data1\" content=\"2 minutes\" \/>\n<script type=\"application\/ld+json\" class=\"yoast-schema-graph\">{\"@context\":\"https:\\\/\\\/schema.org\",\"@graph\":[{\"@type\":[\"WebPage\",\"ItemPage\"],\"@id\":\"https:\\\/\\\/www.mexicanguitarplayers.com\\\/tienda\\\/sin categor\u00eda\\\/pedal-t-c-p-guitarra-ditto-jam-x2-loopr\\\/\",\"url\":\"https:\\\/\\\/www.mexicanguitarplayers.com\\\/tienda\\\/sin categor\u00eda\\\/pedal-t-c-p-guitarra-ditto-jam-x2-loopr\\\/\",\"name\":\"PEDAL T.C. P\\\/GUITARRA DITTO JAM X2 LOOPR - Mexican Guitar Players\",\"isPartOf\":{\"@id\":\"https:\\\/\\\/www.mexicanguitarplayers.com\\\/#website\"},\"primaryImageOfPage\":{\"@id\":\"https:\\\/\\\/www.mexicanguitarplayers.com\\\/tienda\\\/sin categor\u00eda\\\/pedal-t-c-p-guitarra-ditto-jam-x2-loopr\\\/#primaryimage\"},\"image\":{\"@id\":\"https:\\\/\\\/www.mexicanguitarplayers.com\\\/tienda\\\/sin categor\u00eda\\\/pedal-t-c-p-guitarra-ditto-jam-x2-loopr\\\/#primaryimage\"},\"thumbnailUrl\":\"https:\\\/\\\/www.mexicanguitarplayers.com\\\/wp-content\\\/uploads\\\/2025\\\/04\\\/VATCEDITTOJAMX.jpg\",\"datePublished\":\"2025-04-08T18:50:51+00:00\",\"dateModified\":\"2026-05-01T13:24:07+00:00\",\"description\":\"Pedal de loop intuitivo con tecnolog\u00eda BeatSense receptiva, modos Rec-Play\\\/Rec-Dub, overdubs ilimitados, sincronizaci\u00f3n que responde a tu banda, ajusta autom\u00e1ticamente loop tracks a tu beat, total libertad creativa, micr\u00f3fonos incorporados dobles que rastrean con precisi\u00f3n el tempo de la banda al enfocarse s\u00f3lo en los elementos r\u00edtmicos, micr\u00f3fono de clip incluido que se conecta a instrumentos de percusi\u00f3n para una precisi\u00f3n r\u00edtmica total, bot\u00f3n Stop dedicado para controlar f\u00e1cilmente los finales del loop, sistema Analog-Dry-Through que mantiene la integridad total de la ruta de se\u00f1al seca anal\u00f3gica incluso cuando el looper est\u00e1 activado, audio a 24 bits sin compresi\u00f3n, True-Bypass para permitir una claridad \u00f3ptima y cero p\u00e9rdidas de gala alta cuando el pedal est\u00e1 apagado, robusta carcasa de metal fundido a presi\u00f3n dise\u00f1ada para el uso rudo.\",\"breadcrumb\":{\"@id\":\"https:\\\/\\\/www.mexicanguitarplayers.com\\\/tienda\\\/sin categor\u00eda\\\/pedal-t-c-p-guitarra-ditto-jam-x2-loopr\\\/#breadcrumb\"},\"inLanguage\":\"en-US\",\"potentialAction\":[{\"@type\":\"ReadAction\",\"target\":[\"https:\\\/\\\/www.mexicanguitarplayers.com\\\/tienda\\\/sin categor\u00eda\\\/pedal-t-c-p-guitarra-ditto-jam-x2-loopr\\\/\"]}]},{\"@type\":\"ImageObject\",\"inLanguage\":\"en-US\",\"@id\":\"https:\\\/\\\/www.mexicanguitarplayers.com\\\/tienda\\\/sin categor\u00eda\\\/pedal-t-c-p-guitarra-ditto-jam-x2-loopr\\\/#primaryimage\",\"url\":\"https:\\\/\\\/www.mexicanguitarplayers.com\\\/wp-content\\\/uploads\\\/2025\\\/04\\\/VATCEDITTOJAMX.jpg\",\"contentUrl\":\"https:\\\/\\\/www.mexicanguitarplayers.com\\\/wp-content\\\/uploads\\\/2025\\\/04\\\/VATCEDITTOJAMX.jpg\",\"width\":1200,\"height\":1200},{\"@type\":\"BreadcrumbList\",\"@id\":\"https:\\\/\\\/www.mexicanguitarplayers.com\\\/tienda\\\/sin categor\u00eda\\\/pedal-t-c-p-guitarra-ditto-jam-x2-loopr\\\/#breadcrumb\",\"itemListElement\":[{\"@type\":\"ListItem\",\"position\":1,\"name\":\"Portada\",\"item\":\"https:\\\/\\\/www.mexicanguitarplayers.com\\\/\"},{\"@type\":\"ListItem\",\"position\":2,\"name\":\"Tienda\",\"item\":\"https:\\\/\\\/www.mexicanguitarplayers.com\\\/tienda\\\/\"},{\"@type\":\"ListItem\",\"position\":3,\"name\":\"PEDAL T.C. P\\\/GUITARRA DITTO JAM X2 LOOPR\"}]},{\"@type\":\"WebSite\",\"@id\":\"https:\\\/\\\/www.mexicanguitarplayers.com\\\/#website\",\"url\":\"https:\\\/\\\/www.mexicanguitarplayers.com\\\/\",\"name\":\"Mexican Guitar Players\",\"description\":\"Website\",\"publisher\":{\"@id\":\"https:\\\/\\\/www.mexicanguitarplayers.com\\\/#organization\"},\"potentialAction\":[{\"@type\":\"SearchAction\",\"target\":{\"@type\":\"EntryPoint\",\"urlTemplate\":\"https:\\\/\\\/www.mexicanguitarplayers.com\\\/?s={search_term_string}\"},\"query-input\":{\"@type\":\"PropertyValueSpecification\",\"valueRequired\":true,\"valueName\":\"search_term_string\"}}],\"inLanguage\":\"en-US\"},{\"@type\":\"Organization\",\"@id\":\"https:\\\/\\\/www.mexicanguitarplayers.com\\\/#organization\",\"name\":\"Mexican Guitar Players\",\"url\":\"https:\\\/\\\/www.mexicanguitarplayers.com\\\/\",\"logo\":{\"@type\":\"ImageObject\",\"inLanguage\":\"en-US\",\"@id\":\"https:\\\/\\\/www.mexicanguitarplayers.com\\\/#\\\/schema\\\/logo\\\/image\\\/\",\"url\":\"\",\"contentUrl\":\"\",\"caption\":\"Mexican Guitar Players\"},\"image\":{\"@id\":\"https:\\\/\\\/www.mexicanguitarplayers.com\\\/#\\\/schema\\\/logo\\\/image\\\/\"}}]}<\/script>\n<!-- \/ Yoast SEO plugin. -->","yoast_head_json":{"title":"PEDAL T.C. P\/GUITARRA DITTO JAM X2 LOOPR - Mexican Guitar Players","description":"Intuitive loop pedal with responsive BeatSense technology, Rec-Play \/ Rec-Dub modes, unlimited overdubs, timing that responds to your band, automatically adjusts loop tracks to your beat, total creative freedom, dual built-in microphones that accurately track the tempo of the band by focusing only on the rhythmic elements, included clip-on microphone that connects to percussion instruments for total rhythmic precision, dedicated Stop button to easily control the ends of the loop, Analog-Dry-Through system that maintains full integrity of the analog dry signal path even when the looper is on, 24-bit uncompressed audio, True-Bypass to allow optimal clarity and zero high-gala loss when the pedal is off, rugged die-cast metal housing designed for the rough use.","robots":{"index":"index","follow":"follow","max-snippet":"max-snippet:-1","max-image-preview":"max-image-preview:large","max-video-preview":"max-video-preview:-1"},"canonical":"https:\/\/www.mexicanguitarplayers.com\/en\/tienda\/sin categor\u00eda\/pedal-t-c-p-guitarra-ditto-jam-x2-loopr\/","og_locale":"en_US","og_type":"article","og_title":"PEDAL T.C. P\/GUITARRA DITTO JAM X2 LOOPR - Mexican Guitar Players","og_description":"Pedal de loop intuitivo con tecnolog\u00eda BeatSense receptiva, modos Rec-Play\/Rec-Dub, overdubs ilimitados, sincronizaci\u00f3n que responde a tu banda, ajusta autom\u00e1ticamente loop tracks a tu beat, total libertad creativa, micr\u00f3fonos incorporados dobles que rastrean con precisi\u00f3n el tempo de la banda al enfocarse s\u00f3lo en los elementos r\u00edtmicos, micr\u00f3fono de clip incluido que se conecta a instrumentos de percusi\u00f3n para una precisi\u00f3n r\u00edtmica total, bot\u00f3n Stop dedicado para controlar f\u00e1cilmente los finales del loop, sistema Analog-Dry-Through que mantiene la integridad total de la ruta de se\u00f1al seca anal\u00f3gica incluso cuando el looper est\u00e1 activado, audio a 24 bits sin compresi\u00f3n, True-Bypass para permitir una claridad \u00f3ptima y cero p\u00e9rdidas de gala alta cuando el pedal est\u00e1 apagado, robusta carcasa de metal fundido a presi\u00f3n dise\u00f1ada para el uso rudo.","og_url":"https:\/\/www.mexicanguitarplayers.com\/en\/tienda\/sin categor\u00eda\/pedal-t-c-p-guitarra-ditto-jam-x2-loopr\/","og_site_name":"Mexican Guitar Players","article_modified_time":"2026-05-01T13:24:07+00:00","twitter_card":"summary_large_image","twitter_misc":{"Est. reading time":"2 minutes"},"schema":{"@context":"https:\/\/schema.org","@graph":[{"@type":["WebPage","ItemPage"],"@id":"https:\/\/www.mexicanguitarplayers.com\/tienda\/sin categor\u00eda\/pedal-t-c-p-guitarra-ditto-jam-x2-loopr\/","url":"https:\/\/www.mexicanguitarplayers.com\/tienda\/sin categor\u00eda\/pedal-t-c-p-guitarra-ditto-jam-x2-loopr\/","name":"PEDAL T.C. P\/GUITARRA DITTO JAM X2 LOOPR - Mexican Guitar Players","isPartOf":{"@id":"https:\/\/www.mexicanguitarplayers.com\/#website"},"primaryImageOfPage":{"@id":"https:\/\/www.mexicanguitarplayers.com\/tienda\/sin categor\u00eda\/pedal-t-c-p-guitarra-ditto-jam-x2-loopr\/#primaryimage"},"image":{"@id":"https:\/\/www.mexicanguitarplayers.com\/tienda\/sin categor\u00eda\/pedal-t-c-p-guitarra-ditto-jam-x2-loopr\/#primaryimage"},"thumbnailUrl":"https:\/\/www.mexicanguitarplayers.com\/wp-content\/uploads\/2025\/04\/VATCEDITTOJAMX.jpg","datePublished":"2025-04-08T18:50:51+00:00","dateModified":"2026-05-01T13:24:07+00:00","description":"Intuitive loop pedal with responsive BeatSense technology, Rec-Play \/ Rec-Dub modes, unlimited overdubs, timing that responds to your band, automatically adjusts loop tracks to your beat, total creative freedom, dual built-in microphones that accurately track the tempo of the band by focusing only on the rhythmic elements, included clip-on microphone that connects to percussion instruments for total rhythmic precision, dedicated Stop button to easily control the ends of the loop, Analog-Dry-Through system that maintains full integrity of the analog dry signal path even when the looper is on, 24-bit uncompressed audio, True-Bypass to allow optimal clarity and zero high-gala loss when the pedal is off, rugged die-cast metal housing designed for the rough use.","breadcrumb":{"@id":"https:\/\/www.mexicanguitarplayers.com\/tienda\/sin categor\u00eda\/pedal-t-c-p-guitarra-ditto-jam-x2-loopr\/#breadcrumb"},"inLanguage":"en-US","potentialAction":[{"@type":"ReadAction","target":["https:\/\/www.mexicanguitarplayers.com\/tienda\/sin categor\u00eda\/pedal-t-c-p-guitarra-ditto-jam-x2-loopr\/"]}]},{"@type":"ImageObject","inLanguage":"en-US","@id":"https:\/\/www.mexicanguitarplayers.com\/tienda\/sin categor\u00eda\/pedal-t-c-p-guitarra-ditto-jam-x2-loopr\/#primaryimage","url":"https:\/\/www.mexicanguitarplayers.com\/wp-content\/uploads\/2025\/04\/VATCEDITTOJAMX.jpg","contentUrl":"https:\/\/www.mexicanguitarplayers.com\/wp-content\/uploads\/2025\/04\/VATCEDITTOJAMX.jpg","width":1200,"height":1200},{"@type":"BreadcrumbList","@id":"https:\/\/www.mexicanguitarplayers.com\/tienda\/sin categor\u00eda\/pedal-t-c-p-guitarra-ditto-jam-x2-loopr\/#breadcrumb","itemListElement":[{"@type":"ListItem","position":1,"name":"Portada","item":"https:\/\/www.mexicanguitarplayers.com\/"},{"@type":"ListItem","position":2,"name":"Tienda","item":"https:\/\/www.mexicanguitarplayers.com\/tienda\/"},{"@type":"ListItem","position":3,"name":"PEDAL T.C. P\/GUITARRA DITTO JAM X2 LOOPR"}]},{"@type":"WebSite","@id":"https:\/\/www.mexicanguitarplayers.com\/#website","url":"https:\/\/www.mexicanguitarplayers.com\/","name":"Mexican Guitar Players","description":"Website","publisher":{"@id":"https:\/\/www.mexicanguitarplayers.com\/#organization"},"potentialAction":[{"@type":"SearchAction","target":{"@type":"EntryPoint","urlTemplate":"https:\/\/www.mexicanguitarplayers.com\/?s={search_term_string}"},"query-input":{"@type":"PropertyValueSpecification","valueRequired":true,"valueName":"search_term_string"}}],"inLanguage":"en-US"},{"@type":"Organization","@id":"https:\/\/www.mexicanguitarplayers.com\/#organization","name":"Mexican Guitar Players","url":"https:\/\/www.mexicanguitarplayers.com\/","logo":{"@type":"ImageObject","inLanguage":"en-US","@id":"https:\/\/www.mexicanguitarplayers.com\/#\/schema\/logo\/image\/","url":"","contentUrl":"","caption":"Mexican Guitar Players"},"image":{"@id":"https:\/\/www.mexicanguitarplayers.com\/#\/schema\/logo\/image\/"}}]}},"brands":[{"id":170,"name":"TC-ELECTRONIC","slug":"tc-electronic"}],"_links":{"self":[{"href":"https:\/\/www.mexicanguitarplayers.com\/en\/wp-json\/wp\/v2\/product\/31651","targetHints":{"allow":["GET"]}}],"collection":[{"href":"https:\/\/www.mexicanguitarplayers.com\/en\/wp-json\/wp\/v2\/product"}],"about":[{"href":"https:\/\/www.mexicanguitarplayers.com\/en\/wp-json\/wp\/v2\/types\/product"}],"replies":[{"embeddable":true,"href":"https:\/\/www.mexicanguitarplayers.com\/en\/wp-json\/wp\/v2\/comments?post=31651"}],"wp:featuredmedia":[{"embeddable":true,"href":"https:\/\/www.mexicanguitarplayers.com\/en\/wp-json\/wp\/v2\/media\/31646"}],"wp:attachment":[{"href":"https:\/\/www.mexicanguitarplayers.com\/en\/wp-json\/wp\/v2\/media?parent=31651"}],"wp:term":[{"taxonomy":"pwb-brand","embeddable":true,"href":"https:\/\/www.mexicanguitarplayers.com\/en\/wp-json\/wp\/v2\/pwb-brand?post=31651"},{"taxonomy":"product_brand","embeddable":true,"href":"https:\/\/www.mexicanguitarplayers.com\/en\/wp-json\/wp\/v2\/product_brand?post=31651"},{"taxonomy":"product_cat","embeddable":true,"href":"https:\/\/www.mexicanguitarplayers.com\/en\/wp-json\/wp\/v2\/product_cat?post=31651"},{"taxonomy":"product_tag","embeddable":true,"href":"https:\/\/www.mexicanguitarplayers.com\/en\/wp-json\/wp\/v2\/product_tag?post=31651"}],"curies":[{"name":"wp","href":"https:\/\/api.w.org\/{rel}","templated":true}]}}