{"id":31716,"date":"2025-04-08T12:53:18","date_gmt":"2025-04-08T18:53:18","guid":{"rendered":"https:\/\/www.mexicanguitarplayers.com\/tienda\/sin categor\u00eda\/metronomo-seiko-c-afinador-stmx1\/"},"modified":"2025-04-08T12:53:18","modified_gmt":"2025-04-08T18:53:18","slug":"metronomo-seiko-c-afinador-stmx1","status":"publish","type":"product","link":"https:\/\/www.mexicanguitarplayers.com\/en\/tienda\/accesorios\/afinadores-y-metronomos\/metronomo\/digital\/metronomo-seiko-c-afinador-stmx1\/","title":{"rendered":"METRONOMO SEIKO C\/AFINADOR STMX1"},"content":{"rendered":"<div style=\"text-align: justify\">\n<div>\n<h3>El primer afinador y metr\u00f3nomo de clip en todo el mundo.<\/h3>\n<\/div>\n<div>El afinador\/metr\u00f3nomo STMX-1 de Seiko tendr\u00e1s una gran precisi\u00f3n tanto para tus pr\u00e1cticas como para tus afinaciones. De una manera muy pr\u00e1ctica y muy c\u00f3moda contar\u00e1s con la posibilidad de afinar mientras est\u00e9s tocando en vivo o bien, antes de comenzar tu show, de la misma manera no perder\u00e1s el tempo. Precisi\u00f3n, calidad y un atractivo dise\u00f1o hacen del STMX-1 un afinador\/metr\u00f3nomo \u00fanico en el mundo. Los afinadores y metr\u00f3nomos de Seiko cuentan con un dise\u00f1o especial que los hace m\u00e1s duraderos y atractivos. Son totalmente confiables y precisos en sus ajustes, ya que est\u00e1n fabricados con materiales de la m\u00e1s alta calidad.<\/div>\n<div>\n<h4>Quick look<\/h4>\n<\/div>\n<ul style=\"margin: 0px 0px 0px 25px\">\n<li style=\"list-style-type: circle;margin: 5px\">Afinador.<\/li>\n<li style=\"list-style-type: circle;margin: 5px\">Metr\u00f3nomo.<\/li>\n<li style=\"list-style-type: circle;margin: 5px\">General.<\/li>\n<\/ul>\n<div>\n<div style=\"font-weight: bold\">Afinador.<\/div>\n<div>\n<p>M\u00e9todo de afinaci\u00f3n: Autom\u00e1tica, manual y por sonido. Rango de afinaci\u00f3n: A0 &#8211; C8. Generaci\u00f3n de sonido: C4 &#8211; B4 (12 notas). Pitch Shift: A4 = 410 Hz &#8211; 450 Hz (1 Hz paso). Indicador: LCD Display \/ Modo de indicaci\u00f3n, Indicaci\u00f3n de nota, 7 LEDs, gu\u00eda de afinaci\u00f3n. Terminal: Sensor de vibraci\u00f3n incorporado, micr\u00f3fono incluido.<\/p>\n<\/div>\n<div style=\"font-weight: bold\">Metr\u00f3nomo.<\/div>\n<div>\n<p>Rango de tempo: 30 &#8211; 250 (221 pasos). Beat: 0, 1, 2, 3, 4, 5, 6, 7, 8, 9. Generaci\u00f3n de sonido: C4 &#8211; B4 (12 notas).<\/p>\n<\/div>\n<div style=\"font-weight: bold\">General.<\/div>\n<div>\n<p>Indicador: 7 LEDs y LCD. Otros: Auto apagado, control de volumen, respaldo de memoria. Bater\u00eda: Bater\u00eda de litio (CR2032) incluida.<\/p>\n<\/div>\n<\/div>\n<\/div>","protected":false},"excerpt":{"rendered":"<p>Afinador\/metr\u00f3nomo vers\u00e1til y compacto que proporciona una afinaci\u00f3n precisa y un ritmo perfecto. Cuenta con un brazo giratorio biaxial que permite una vista frontal de la pantalla, generaci\u00f3n de sonido C4 &#8211; B4 (12 notas), micr\u00f3fono incorporado, auto apagado, respaldo de memoria, afinador con 3 modos: autom\u00e1tica, manual y sonido, rango de afinaci\u00f3n: A0 &#8211; C8, pitch shift: A4= 410 Hz &#8211; 450 Hz (1 Hz paso), indicador: Display LCD, indicaci\u00f3n de modo, indicaci\u00f3n de nota, 7 LEDs, gu\u00eda de afinaci\u00f3n, terminal: sensor de vibraci\u00f3n incorporado, control de volumen, metr\u00f3nomo con rango de tempo: 30 &#8211; 250 (221 pasos), beat: 0, 1, 2, 3, 4, 5, 6, 7, 8, 9 y una bater\u00eda de litio CR2032 incluida.&hellip; <a class=\"kt-excerpt-readmore more-link\" href=\"https:\/\/www.mexicanguitarplayers.com\/en\/tienda\/accesorios\/afinadores-y-metronomos\/metronomo\/digital\/metronomo-seiko-c-afinador-stmx1\/\">Read more<\/a><\/p>","protected":false},"featured_media":31715,"comment_status":"open","ping_status":"closed","template":"","meta":{"kt_blocks_editor_width":""},"pwb-brand":[606],"product_brand":[],"product_cat":[85,422,602,601],"product_tag":[],"class_list":{"0":"post-31716","1":"product","2":"type-product","3":"status-publish","4":"has-post-thumbnail","6":"pwb-brand-seiko","7":"product_cat-accesorios","8":"product_cat-afinadores-y-metronomos","9":"product_cat-digital","10":"product_cat-metronomo","11":"product_shipping_class-0-5-kg","13":"first","14":"outofstock","15":"taxable","16":"shipping-taxable","17":"purchasable","18":"product-type-simple"},"yoast_head":"<!-- This site is optimized with the Yoast SEO plugin v27.3 - https:\/\/yoast.com\/product\/yoast-seo-wordpress\/ -->\n<title>METRONOMO SEIKO C\/AFINADOR STMX1 - Mexican Guitar Players<\/title>\n<meta name=\"description\" content=\"Afinador\/metr\u00f3nomo vers\u00e1til y compacto que proporciona una afinaci\u00f3n precisa y un ritmo perfecto. Cuenta con un brazo giratorio biaxial que permite una vista frontal de la pantalla, generaci\u00f3n de sonido C4 - B4 (12 notas), micr\u00f3fono incorporado, auto apagado, respaldo de memoria, afinador con 3 modos: autom\u00e1tica, manual y sonido, rango de afinaci\u00f3n: A0 - C8, pitch shift: A4= 410 Hz - 450 Hz (1 Hz paso), indicador: Display LCD, indicaci\u00f3n de modo, indicaci\u00f3n de nota, 7 LEDs, gu\u00eda de afinaci\u00f3n, terminal: sensor de vibraci\u00f3n incorporado, control de volumen, metr\u00f3nomo con rango de tempo: 30 - 250 (221 pasos), beat: 0, 1, 2, 3, 4, 5, 6, 7, 8, 9 y una bater\u00eda de litio CR2032 incluida.\" \/>\n<meta name=\"robots\" content=\"index, follow, max-snippet:-1, max-image-preview:large, max-video-preview:-1\" \/>\n<link rel=\"canonical\" href=\"https:\/\/www.mexicanguitarplayers.com\/en\/tienda\/sin%20categor\u00eda\/metronomo-seiko-c-afinador-stmx1\/\" \/>\n<meta property=\"og:locale\" content=\"en_US\" \/>\n<meta property=\"og:type\" content=\"article\" \/>\n<meta property=\"og:title\" content=\"METRONOMO SEIKO C\/AFINADOR STMX1 - Mexican Guitar Players\" \/>\n<meta property=\"og:description\" content=\"Afinador\/metr\u00f3nomo vers\u00e1til y compacto que proporciona una afinaci\u00f3n precisa y un ritmo perfecto. Cuenta con un brazo giratorio biaxial que permite una vista frontal de la pantalla, generaci\u00f3n de sonido C4 - B4 (12 notas), micr\u00f3fono incorporado, auto apagado, respaldo de memoria, afinador con 3 modos: autom\u00e1tica, manual y sonido, rango de afinaci\u00f3n: A0 - C8, pitch shift: A4= 410 Hz - 450 Hz (1 Hz paso), indicador: Display LCD, indicaci\u00f3n de modo, indicaci\u00f3n de nota, 7 LEDs, gu\u00eda de afinaci\u00f3n, terminal: sensor de vibraci\u00f3n incorporado, control de volumen, metr\u00f3nomo con rango de tempo: 30 - 250 (221 pasos), beat: 0, 1, 2, 3, 4, 5, 6, 7, 8, 9 y una bater\u00eda de litio CR2032 incluida.\" \/>\n<meta property=\"og:url\" content=\"https:\/\/www.mexicanguitarplayers.com\/en\/tienda\/sin categor\u00eda\/metronomo-seiko-c-afinador-stmx1\/\" \/>\n<meta property=\"og:site_name\" content=\"Mexican Guitar Players\" \/>\n<meta name=\"twitter:card\" content=\"summary_large_image\" \/>\n<meta name=\"twitter:label1\" content=\"Est. reading time\" \/>\n\t<meta name=\"twitter:data1\" content=\"1 minute\" \/>\n<script type=\"application\/ld+json\" class=\"yoast-schema-graph\">{\"@context\":\"https:\\\/\\\/schema.org\",\"@graph\":[{\"@type\":[\"WebPage\",\"ItemPage\"],\"@id\":\"https:\\\/\\\/www.mexicanguitarplayers.com\\\/tienda\\\/sin categor\u00eda\\\/metronomo-seiko-c-afinador-stmx1\\\/\",\"url\":\"https:\\\/\\\/www.mexicanguitarplayers.com\\\/tienda\\\/sin categor\u00eda\\\/metronomo-seiko-c-afinador-stmx1\\\/\",\"name\":\"METRONOMO SEIKO C\\\/AFINADOR STMX1 - Mexican Guitar Players\",\"isPartOf\":{\"@id\":\"https:\\\/\\\/www.mexicanguitarplayers.com\\\/#website\"},\"primaryImageOfPage\":{\"@id\":\"https:\\\/\\\/www.mexicanguitarplayers.com\\\/tienda\\\/sin categor\u00eda\\\/metronomo-seiko-c-afinador-stmx1\\\/#primaryimage\"},\"image\":{\"@id\":\"https:\\\/\\\/www.mexicanguitarplayers.com\\\/tienda\\\/sin categor\u00eda\\\/metronomo-seiko-c-afinador-stmx1\\\/#primaryimage\"},\"thumbnailUrl\":\"https:\\\/\\\/www.mexicanguitarplayers.com\\\/wp-content\\\/uploads\\\/2025\\\/04\\\/VASEISTMX1.jpg\",\"datePublished\":\"2025-04-08T18:53:18+00:00\",\"description\":\"Afinador\\\/metr\u00f3nomo vers\u00e1til y compacto que proporciona una afinaci\u00f3n precisa y un ritmo perfecto. Cuenta con un brazo giratorio biaxial que permite una vista frontal de la pantalla, generaci\u00f3n de sonido C4 - B4 (12 notas), micr\u00f3fono incorporado, auto apagado, respaldo de memoria, afinador con 3 modos: autom\u00e1tica, manual y sonido, rango de afinaci\u00f3n: A0 - C8, pitch shift: A4= 410 Hz - 450 Hz (1 Hz paso), indicador: Display LCD, indicaci\u00f3n de modo, indicaci\u00f3n de nota, 7 LEDs, gu\u00eda de afinaci\u00f3n, terminal: sensor de vibraci\u00f3n incorporado, control de volumen, metr\u00f3nomo con rango de tempo: 30 - 250 (221 pasos), beat: 0, 1, 2, 3, 4, 5, 6, 7, 8, 9 y una bater\u00eda de litio CR2032 incluida.\",\"breadcrumb\":{\"@id\":\"https:\\\/\\\/www.mexicanguitarplayers.com\\\/tienda\\\/sin categor\u00eda\\\/metronomo-seiko-c-afinador-stmx1\\\/#breadcrumb\"},\"inLanguage\":\"en-US\",\"potentialAction\":[{\"@type\":\"ReadAction\",\"target\":[\"https:\\\/\\\/www.mexicanguitarplayers.com\\\/tienda\\\/sin categor\u00eda\\\/metronomo-seiko-c-afinador-stmx1\\\/\"]}]},{\"@type\":\"ImageObject\",\"inLanguage\":\"en-US\",\"@id\":\"https:\\\/\\\/www.mexicanguitarplayers.com\\\/tienda\\\/sin categor\u00eda\\\/metronomo-seiko-c-afinador-stmx1\\\/#primaryimage\",\"url\":\"https:\\\/\\\/www.mexicanguitarplayers.com\\\/wp-content\\\/uploads\\\/2025\\\/04\\\/VASEISTMX1.jpg\",\"contentUrl\":\"https:\\\/\\\/www.mexicanguitarplayers.com\\\/wp-content\\\/uploads\\\/2025\\\/04\\\/VASEISTMX1.jpg\",\"width\":1600,\"height\":800},{\"@type\":\"BreadcrumbList\",\"@id\":\"https:\\\/\\\/www.mexicanguitarplayers.com\\\/tienda\\\/sin categor\u00eda\\\/metronomo-seiko-c-afinador-stmx1\\\/#breadcrumb\",\"itemListElement\":[{\"@type\":\"ListItem\",\"position\":1,\"name\":\"Portada\",\"item\":\"https:\\\/\\\/www.mexicanguitarplayers.com\\\/\"},{\"@type\":\"ListItem\",\"position\":2,\"name\":\"Tienda\",\"item\":\"https:\\\/\\\/www.mexicanguitarplayers.com\\\/tienda\\\/\"},{\"@type\":\"ListItem\",\"position\":3,\"name\":\"METRONOMO SEIKO C\\\/AFINADOR STMX1\"}]},{\"@type\":\"WebSite\",\"@id\":\"https:\\\/\\\/www.mexicanguitarplayers.com\\\/#website\",\"url\":\"https:\\\/\\\/www.mexicanguitarplayers.com\\\/\",\"name\":\"Mexican Guitar Players\",\"description\":\"Website\",\"publisher\":{\"@id\":\"https:\\\/\\\/www.mexicanguitarplayers.com\\\/#organization\"},\"potentialAction\":[{\"@type\":\"SearchAction\",\"target\":{\"@type\":\"EntryPoint\",\"urlTemplate\":\"https:\\\/\\\/www.mexicanguitarplayers.com\\\/?s={search_term_string}\"},\"query-input\":{\"@type\":\"PropertyValueSpecification\",\"valueRequired\":true,\"valueName\":\"search_term_string\"}}],\"inLanguage\":\"en-US\"},{\"@type\":\"Organization\",\"@id\":\"https:\\\/\\\/www.mexicanguitarplayers.com\\\/#organization\",\"name\":\"Mexican Guitar Players\",\"url\":\"https:\\\/\\\/www.mexicanguitarplayers.com\\\/\",\"logo\":{\"@type\":\"ImageObject\",\"inLanguage\":\"en-US\",\"@id\":\"https:\\\/\\\/www.mexicanguitarplayers.com\\\/#\\\/schema\\\/logo\\\/image\\\/\",\"url\":\"\",\"contentUrl\":\"\",\"caption\":\"Mexican Guitar Players\"},\"image\":{\"@id\":\"https:\\\/\\\/www.mexicanguitarplayers.com\\\/#\\\/schema\\\/logo\\\/image\\\/\"}}]}<\/script>\n<!-- \/ Yoast SEO plugin. -->","yoast_head_json":{"title":"METRONOMO SEIKO C\/AFINADOR STMX1 - Mexican Guitar Players","description":"Afinador\/metr\u00f3nomo vers\u00e1til y compacto que proporciona una afinaci\u00f3n precisa y un ritmo perfecto. Cuenta con un brazo giratorio biaxial que permite una vista frontal de la pantalla, generaci\u00f3n de sonido C4 - B4 (12 notas), micr\u00f3fono incorporado, auto apagado, respaldo de memoria, afinador con 3 modos: autom\u00e1tica, manual y sonido, rango de afinaci\u00f3n: A0 - C8, pitch shift: A4= 410 Hz - 450 Hz (1 Hz paso), indicador: Display LCD, indicaci\u00f3n de modo, indicaci\u00f3n de nota, 7 LEDs, gu\u00eda de afinaci\u00f3n, terminal: sensor de vibraci\u00f3n incorporado, control de volumen, metr\u00f3nomo con rango de tempo: 30 - 250 (221 pasos), beat: 0, 1, 2, 3, 4, 5, 6, 7, 8, 9 y una bater\u00eda de litio CR2032 incluida.","robots":{"index":"index","follow":"follow","max-snippet":"max-snippet:-1","max-image-preview":"max-image-preview:large","max-video-preview":"max-video-preview:-1"},"canonical":"https:\/\/www.mexicanguitarplayers.com\/en\/tienda\/sin categor\u00eda\/metronomo-seiko-c-afinador-stmx1\/","og_locale":"en_US","og_type":"article","og_title":"METRONOMO SEIKO C\/AFINADOR STMX1 - Mexican Guitar Players","og_description":"Afinador\/metr\u00f3nomo vers\u00e1til y compacto que proporciona una afinaci\u00f3n precisa y un ritmo perfecto. Cuenta con un brazo giratorio biaxial que permite una vista frontal de la pantalla, generaci\u00f3n de sonido C4 - B4 (12 notas), micr\u00f3fono incorporado, auto apagado, respaldo de memoria, afinador con 3 modos: autom\u00e1tica, manual y sonido, rango de afinaci\u00f3n: A0 - C8, pitch shift: A4= 410 Hz - 450 Hz (1 Hz paso), indicador: Display LCD, indicaci\u00f3n de modo, indicaci\u00f3n de nota, 7 LEDs, gu\u00eda de afinaci\u00f3n, terminal: sensor de vibraci\u00f3n incorporado, control de volumen, metr\u00f3nomo con rango de tempo: 30 - 250 (221 pasos), beat: 0, 1, 2, 3, 4, 5, 6, 7, 8, 9 y una bater\u00eda de litio CR2032 incluida.","og_url":"https:\/\/www.mexicanguitarplayers.com\/en\/tienda\/sin categor\u00eda\/metronomo-seiko-c-afinador-stmx1\/","og_site_name":"Mexican Guitar Players","twitter_card":"summary_large_image","twitter_misc":{"Est. reading time":"1 minute"},"schema":{"@context":"https:\/\/schema.org","@graph":[{"@type":["WebPage","ItemPage"],"@id":"https:\/\/www.mexicanguitarplayers.com\/tienda\/sin categor\u00eda\/metronomo-seiko-c-afinador-stmx1\/","url":"https:\/\/www.mexicanguitarplayers.com\/tienda\/sin categor\u00eda\/metronomo-seiko-c-afinador-stmx1\/","name":"METRONOMO SEIKO C\/AFINADOR STMX1 - Mexican Guitar Players","isPartOf":{"@id":"https:\/\/www.mexicanguitarplayers.com\/#website"},"primaryImageOfPage":{"@id":"https:\/\/www.mexicanguitarplayers.com\/tienda\/sin categor\u00eda\/metronomo-seiko-c-afinador-stmx1\/#primaryimage"},"image":{"@id":"https:\/\/www.mexicanguitarplayers.com\/tienda\/sin categor\u00eda\/metronomo-seiko-c-afinador-stmx1\/#primaryimage"},"thumbnailUrl":"https:\/\/www.mexicanguitarplayers.com\/wp-content\/uploads\/2025\/04\/VASEISTMX1.jpg","datePublished":"2025-04-08T18:53:18+00:00","description":"Afinador\/metr\u00f3nomo vers\u00e1til y compacto que proporciona una afinaci\u00f3n precisa y un ritmo perfecto. Cuenta con un brazo giratorio biaxial que permite una vista frontal de la pantalla, generaci\u00f3n de sonido C4 - B4 (12 notas), micr\u00f3fono incorporado, auto apagado, respaldo de memoria, afinador con 3 modos: autom\u00e1tica, manual y sonido, rango de afinaci\u00f3n: A0 - C8, pitch shift: A4= 410 Hz - 450 Hz (1 Hz paso), indicador: Display LCD, indicaci\u00f3n de modo, indicaci\u00f3n de nota, 7 LEDs, gu\u00eda de afinaci\u00f3n, terminal: sensor de vibraci\u00f3n incorporado, control de volumen, metr\u00f3nomo con rango de tempo: 30 - 250 (221 pasos), beat: 0, 1, 2, 3, 4, 5, 6, 7, 8, 9 y una bater\u00eda de litio CR2032 incluida.","breadcrumb":{"@id":"https:\/\/www.mexicanguitarplayers.com\/tienda\/sin categor\u00eda\/metronomo-seiko-c-afinador-stmx1\/#breadcrumb"},"inLanguage":"en-US","potentialAction":[{"@type":"ReadAction","target":["https:\/\/www.mexicanguitarplayers.com\/tienda\/sin categor\u00eda\/metronomo-seiko-c-afinador-stmx1\/"]}]},{"@type":"ImageObject","inLanguage":"en-US","@id":"https:\/\/www.mexicanguitarplayers.com\/tienda\/sin categor\u00eda\/metronomo-seiko-c-afinador-stmx1\/#primaryimage","url":"https:\/\/www.mexicanguitarplayers.com\/wp-content\/uploads\/2025\/04\/VASEISTMX1.jpg","contentUrl":"https:\/\/www.mexicanguitarplayers.com\/wp-content\/uploads\/2025\/04\/VASEISTMX1.jpg","width":1600,"height":800},{"@type":"BreadcrumbList","@id":"https:\/\/www.mexicanguitarplayers.com\/tienda\/sin categor\u00eda\/metronomo-seiko-c-afinador-stmx1\/#breadcrumb","itemListElement":[{"@type":"ListItem","position":1,"name":"Portada","item":"https:\/\/www.mexicanguitarplayers.com\/"},{"@type":"ListItem","position":2,"name":"Tienda","item":"https:\/\/www.mexicanguitarplayers.com\/tienda\/"},{"@type":"ListItem","position":3,"name":"METRONOMO SEIKO C\/AFINADOR STMX1"}]},{"@type":"WebSite","@id":"https:\/\/www.mexicanguitarplayers.com\/#website","url":"https:\/\/www.mexicanguitarplayers.com\/","name":"Mexican Guitar Players","description":"Website","publisher":{"@id":"https:\/\/www.mexicanguitarplayers.com\/#organization"},"potentialAction":[{"@type":"SearchAction","target":{"@type":"EntryPoint","urlTemplate":"https:\/\/www.mexicanguitarplayers.com\/?s={search_term_string}"},"query-input":{"@type":"PropertyValueSpecification","valueRequired":true,"valueName":"search_term_string"}}],"inLanguage":"en-US"},{"@type":"Organization","@id":"https:\/\/www.mexicanguitarplayers.com\/#organization","name":"Mexican Guitar Players","url":"https:\/\/www.mexicanguitarplayers.com\/","logo":{"@type":"ImageObject","inLanguage":"en-US","@id":"https:\/\/www.mexicanguitarplayers.com\/#\/schema\/logo\/image\/","url":"","contentUrl":"","caption":"Mexican Guitar Players"},"image":{"@id":"https:\/\/www.mexicanguitarplayers.com\/#\/schema\/logo\/image\/"}}]}},"brands":[{"id":606,"name":"SEIKO","slug":"seiko"}],"_links":{"self":[{"href":"https:\/\/www.mexicanguitarplayers.com\/en\/wp-json\/wp\/v2\/product\/31716","targetHints":{"allow":["GET"]}}],"collection":[{"href":"https:\/\/www.mexicanguitarplayers.com\/en\/wp-json\/wp\/v2\/product"}],"about":[{"href":"https:\/\/www.mexicanguitarplayers.com\/en\/wp-json\/wp\/v2\/types\/product"}],"replies":[{"embeddable":true,"href":"https:\/\/www.mexicanguitarplayers.com\/en\/wp-json\/wp\/v2\/comments?post=31716"}],"wp:featuredmedia":[{"embeddable":true,"href":"https:\/\/www.mexicanguitarplayers.com\/en\/wp-json\/wp\/v2\/media\/31715"}],"wp:attachment":[{"href":"https:\/\/www.mexicanguitarplayers.com\/en\/wp-json\/wp\/v2\/media?parent=31716"}],"wp:term":[{"taxonomy":"pwb-brand","embeddable":true,"href":"https:\/\/www.mexicanguitarplayers.com\/en\/wp-json\/wp\/v2\/pwb-brand?post=31716"},{"taxonomy":"product_brand","embeddable":true,"href":"https:\/\/www.mexicanguitarplayers.com\/en\/wp-json\/wp\/v2\/product_brand?post=31716"},{"taxonomy":"product_cat","embeddable":true,"href":"https:\/\/www.mexicanguitarplayers.com\/en\/wp-json\/wp\/v2\/product_cat?post=31716"},{"taxonomy":"product_tag","embeddable":true,"href":"https:\/\/www.mexicanguitarplayers.com\/en\/wp-json\/wp\/v2\/product_tag?post=31716"}],"curies":[{"name":"wp","href":"https:\/\/api.w.org\/{rel}","templated":true}]}}