{"id":31726,"date":"2025-04-08T12:53:28","date_gmt":"2025-04-08T18:53:28","guid":{"rendered":"https:\/\/www.mexicanguitarplayers.com\/tienda\/sin categor\u00eda\/pedal-ashdown-p-guit-mod-two-band-boost\/"},"modified":"2026-05-01T07:24:02","modified_gmt":"2026-05-01T13:24:02","slug":"pedal-ashdown-p-guit-mod-two-band-boost","status":"publish","type":"product","link":"https:\/\/www.mexicanguitarplayers.com\/en\/tienda\/cuerdas\/efectos\/efectos-individuales\/pedal-ashdown-p-guit-mod-two-band-boost\/","title":{"rendered":"PEDAL ASHDOWN P\/GUIT MOD. TWO BAND BOOST"},"content":{"rendered":"<div style=\"text-align: justify\">\n<div>\n<h3>A\u00f1ade un tono Boost a cualquier guitarra o bajo.<\/h3>\n<\/div>\n<div>El pedal PRO-FX Compact Two-Band Bass Boost de Ashdown es una potente unidad de efectos que puede elevar tu tono de gama baja a nuevas alturas s\u00f3nicas. Te permite esculpir el sonido de tu se\u00f1al, puedes usar el dial Treble Boost de este pedal para acentuar s\u00f3lo las frecuencias altas (para cortar en una mezcla) o emplear tu control Full Boost para impulsar todo de una manera significativa. Mezcla ambos para obtener una textura tonal adicional. Dise\u00f1ado y fabricado en el Reino Unido con el ingeniero electr\u00f3nico Dave Green. Dave ha sido parte del equipo de Ashdown desde aproximadamente 2006 y ha estado detr\u00e1s de muchos de nuestros nuevos productos en t\u00e9rminos de dise\u00f1o electr\u00f3nico. Esta gama de pedales lleva meses en desarrollo y son algunos de nuestros pedales con mejor sonido que hemos dise\u00f1ado. Tomando de lo que hemos aprendido del mercado, quer\u00edamos una gama asequible de pedales distintivos en apariencia, pero lo m\u00e1s importante, caracter\u00edsticos en tono y especificaciones. Todo alimentado por 9V DC pin negativo con 30 mA de corriente. Dando m\u00e1s control a tu refuerzo de se\u00f1al, ya sea que desees aumentar solo las frecuencias altas o full band boost o una combinaci\u00f3n de ambos para obtener el nivel deseado en tu cadena de se\u00f1al.<\/div>\n<div>\n<h4>Quick look<\/h4>\n<\/div>\n<ul style=\"margin: 0px 0px 0px 25px\">\n<li style=\"list-style-type: circle;margin: 5px\">Kind.<\/li>\n<li style=\"list-style-type: circle;margin: 5px\">Controls<\/li>\n<li style=\"list-style-type: circle;margin: 5px\">Power.<\/li>\n<li style=\"list-style-type: circle;margin: 5px\">Dimensions.<\/li>\n<li style=\"list-style-type: circle;margin: 5px\">Weight.<\/li>\n<\/ul>\n<div>\n<div style=\"font-weight: bold\">Kind.<\/div>\n<div>\n<p>Pedal Boost para guitarra o bajo.<\/p>\n<\/div>\n<div style=\"font-weight: bold\">Controls<\/div>\n<div>\n<p>La perilla Treble Boost Fuzz te permite aumentar las frecuencias altas. La perilla Full Boost te permite aumentar todo lo dem\u00e1s <\/p>\n<\/div>\n<div style=\"font-weight: bold\">Power.<\/div>\n<div>\n<p>9V, se requiere fuente de alimentaci\u00f3n (no incluida).<\/p>\n<\/div>\n<div style=\"font-weight: bold\">Dimensions.<\/div>\n<div>\n<p>58 x 73 x 112 mm.<\/p>\n<\/div>\n<div style=\"font-weight: bold\">Weight.<\/div>\n<div>\n<p>0.5 kg.<\/p>\n<\/div>\n<\/div>\n<\/div>","protected":false},"excerpt":{"rendered":"<p>Pedal Boost para guitarra o bajo, la perilla Treble Boost Fuzz te permite aumentar las frecuencias altas, la perilla Full Boost te permite aumentar todo lo dem\u00e1s, conmutaci\u00f3n moment\u00e1nea, potencia de 9V, se requiere fuente de alimentaci\u00f3n (no incluida), dimensiones: 58 x 73 x 112 mm, peso: 0.5 kg.&hellip; <a class=\"kt-excerpt-readmore more-link\" href=\"https:\/\/www.mexicanguitarplayers.com\/en\/tienda\/cuerdas\/efectos\/efectos-individuales\/pedal-ashdown-p-guit-mod-two-band-boost\/\">Read more<\/a><\/p>","protected":false},"featured_media":31723,"comment_status":"open","ping_status":"closed","template":"","meta":{"kt_blocks_editor_width":""},"pwb-brand":[257],"product_brand":[],"product_cat":[224,241,504],"product_tag":[],"class_list":{"0":"post-31726","1":"product","2":"type-product","3":"status-publish","4":"has-post-thumbnail","6":"pwb-brand-ashdown","7":"product_cat-cuerdas","8":"product_cat-efectos","9":"product_cat-efectos-individuales","10":"product_shipping_class-0-5-kg","12":"first","13":"instock","14":"taxable","15":"shipping-taxable","16":"purchasable","17":"product-type-simple"},"yoast_head":"<!-- This site is optimized with the Yoast SEO plugin v27.5 - https:\/\/yoast.com\/product\/yoast-seo-wordpress\/ -->\n<title>PEDAL ASHDOWN P\/GUIT MOD. TWO BAND BOOST - Mexican Guitar Players<\/title>\n<meta name=\"description\" content=\"Pedal Boost para guitarra o bajo, la perilla Treble Boost Fuzz te permite aumentar las frecuencias altas, la perilla Full Boost te permite aumentar todo lo dem\u00e1s, conmutaci\u00f3n moment\u00e1nea, potencia de 9V, se requiere fuente de alimentaci\u00f3n (no incluida), dimensiones: 58 x 73 x 112 mm, peso: 0.5 kg.\" \/>\n<meta name=\"robots\" content=\"index, follow, max-snippet:-1, max-image-preview:large, max-video-preview:-1\" \/>\n<link rel=\"canonical\" href=\"https:\/\/www.mexicanguitarplayers.com\/en\/tienda\/sin%20categor\u00eda\/pedal-ashdown-p-guit-mod-two-band-boost\/\" \/>\n<meta property=\"og:locale\" content=\"en_US\" \/>\n<meta property=\"og:type\" content=\"article\" \/>\n<meta property=\"og:title\" content=\"PEDAL ASHDOWN P\/GUIT MOD. TWO BAND BOOST - Mexican Guitar Players\" \/>\n<meta property=\"og:description\" content=\"Pedal Boost para guitarra o bajo, la perilla Treble Boost Fuzz te permite aumentar las frecuencias altas, la perilla Full Boost te permite aumentar todo lo dem\u00e1s, conmutaci\u00f3n moment\u00e1nea, potencia de 9V, se requiere fuente de alimentaci\u00f3n (no incluida), dimensiones: 58 x 73 x 112 mm, peso: 0.5 kg.\" \/>\n<meta property=\"og:url\" content=\"https:\/\/www.mexicanguitarplayers.com\/en\/tienda\/sin categor\u00eda\/pedal-ashdown-p-guit-mod-two-band-boost\/\" \/>\n<meta property=\"og:site_name\" content=\"Mexican Guitar Players\" \/>\n<meta property=\"article:modified_time\" content=\"2026-05-01T13:24:02+00:00\" \/>\n<meta name=\"twitter:card\" content=\"summary_large_image\" \/>\n<meta name=\"twitter:label1\" content=\"Est. reading time\" \/>\n\t<meta name=\"twitter:data1\" content=\"1 minute\" \/>\n<script type=\"application\/ld+json\" class=\"yoast-schema-graph\">{\"@context\":\"https:\\\/\\\/schema.org\",\"@graph\":[{\"@type\":[\"WebPage\",\"ItemPage\"],\"@id\":\"https:\\\/\\\/www.mexicanguitarplayers.com\\\/tienda\\\/sin categor\u00eda\\\/pedal-ashdown-p-guit-mod-two-band-boost\\\/\",\"url\":\"https:\\\/\\\/www.mexicanguitarplayers.com\\\/tienda\\\/sin categor\u00eda\\\/pedal-ashdown-p-guit-mod-two-band-boost\\\/\",\"name\":\"PEDAL ASHDOWN P\\\/GUIT MOD. TWO BAND BOOST - Mexican Guitar Players\",\"isPartOf\":{\"@id\":\"https:\\\/\\\/www.mexicanguitarplayers.com\\\/#website\"},\"primaryImageOfPage\":{\"@id\":\"https:\\\/\\\/www.mexicanguitarplayers.com\\\/tienda\\\/sin categor\u00eda\\\/pedal-ashdown-p-guit-mod-two-band-boost\\\/#primaryimage\"},\"image\":{\"@id\":\"https:\\\/\\\/www.mexicanguitarplayers.com\\\/tienda\\\/sin categor\u00eda\\\/pedal-ashdown-p-guit-mod-two-band-boost\\\/#primaryimage\"},\"thumbnailUrl\":\"https:\\\/\\\/www.mexicanguitarplayers.com\\\/wp-content\\\/uploads\\\/2025\\\/04\\\/VAASOTWOBANDBO.jpg\",\"datePublished\":\"2025-04-08T18:53:28+00:00\",\"dateModified\":\"2026-05-01T13:24:02+00:00\",\"description\":\"Pedal Boost para guitarra o bajo, la perilla Treble Boost Fuzz te permite aumentar las frecuencias altas, la perilla Full Boost te permite aumentar todo lo dem\u00e1s, conmutaci\u00f3n moment\u00e1nea, potencia de 9V, se requiere fuente de alimentaci\u00f3n (no incluida), dimensiones: 58 x 73 x 112 mm, peso: 0.5 kg.\",\"breadcrumb\":{\"@id\":\"https:\\\/\\\/www.mexicanguitarplayers.com\\\/tienda\\\/sin categor\u00eda\\\/pedal-ashdown-p-guit-mod-two-band-boost\\\/#breadcrumb\"},\"inLanguage\":\"en-US\",\"potentialAction\":[{\"@type\":\"ReadAction\",\"target\":[\"https:\\\/\\\/www.mexicanguitarplayers.com\\\/tienda\\\/sin categor\u00eda\\\/pedal-ashdown-p-guit-mod-two-band-boost\\\/\"]}]},{\"@type\":\"ImageObject\",\"inLanguage\":\"en-US\",\"@id\":\"https:\\\/\\\/www.mexicanguitarplayers.com\\\/tienda\\\/sin categor\u00eda\\\/pedal-ashdown-p-guit-mod-two-band-boost\\\/#primaryimage\",\"url\":\"https:\\\/\\\/www.mexicanguitarplayers.com\\\/wp-content\\\/uploads\\\/2025\\\/04\\\/VAASOTWOBANDBO.jpg\",\"contentUrl\":\"https:\\\/\\\/www.mexicanguitarplayers.com\\\/wp-content\\\/uploads\\\/2025\\\/04\\\/VAASOTWOBANDBO.jpg\",\"width\":1200,\"height\":1200},{\"@type\":\"BreadcrumbList\",\"@id\":\"https:\\\/\\\/www.mexicanguitarplayers.com\\\/tienda\\\/sin categor\u00eda\\\/pedal-ashdown-p-guit-mod-two-band-boost\\\/#breadcrumb\",\"itemListElement\":[{\"@type\":\"ListItem\",\"position\":1,\"name\":\"Portada\",\"item\":\"https:\\\/\\\/www.mexicanguitarplayers.com\\\/\"},{\"@type\":\"ListItem\",\"position\":2,\"name\":\"Tienda\",\"item\":\"https:\\\/\\\/www.mexicanguitarplayers.com\\\/tienda\\\/\"},{\"@type\":\"ListItem\",\"position\":3,\"name\":\"PEDAL ASHDOWN P\\\/GUIT MOD. TWO BAND BOOST\"}]},{\"@type\":\"WebSite\",\"@id\":\"https:\\\/\\\/www.mexicanguitarplayers.com\\\/#website\",\"url\":\"https:\\\/\\\/www.mexicanguitarplayers.com\\\/\",\"name\":\"Mexican Guitar Players\",\"description\":\"Website\",\"publisher\":{\"@id\":\"https:\\\/\\\/www.mexicanguitarplayers.com\\\/#organization\"},\"potentialAction\":[{\"@type\":\"SearchAction\",\"target\":{\"@type\":\"EntryPoint\",\"urlTemplate\":\"https:\\\/\\\/www.mexicanguitarplayers.com\\\/?s={search_term_string}\"},\"query-input\":{\"@type\":\"PropertyValueSpecification\",\"valueRequired\":true,\"valueName\":\"search_term_string\"}}],\"inLanguage\":\"en-US\"},{\"@type\":\"Organization\",\"@id\":\"https:\\\/\\\/www.mexicanguitarplayers.com\\\/#organization\",\"name\":\"Mexican Guitar Players\",\"url\":\"https:\\\/\\\/www.mexicanguitarplayers.com\\\/\",\"logo\":{\"@type\":\"ImageObject\",\"inLanguage\":\"en-US\",\"@id\":\"https:\\\/\\\/www.mexicanguitarplayers.com\\\/#\\\/schema\\\/logo\\\/image\\\/\",\"url\":\"\",\"contentUrl\":\"\",\"caption\":\"Mexican Guitar Players\"},\"image\":{\"@id\":\"https:\\\/\\\/www.mexicanguitarplayers.com\\\/#\\\/schema\\\/logo\\\/image\\\/\"}}]}<\/script>\n<!-- \/ Yoast SEO plugin. -->","yoast_head_json":{"title":"PEDAL ASHDOWN P\/GUIT MOD. TWO BAND BOOST - Mexican Guitar Players","description":"Pedal Boost para guitarra o bajo, la perilla Treble Boost Fuzz te permite aumentar las frecuencias altas, la perilla Full Boost te permite aumentar todo lo dem\u00e1s, conmutaci\u00f3n moment\u00e1nea, potencia de 9V, se requiere fuente de alimentaci\u00f3n (no incluida), dimensiones: 58 x 73 x 112 mm, peso: 0.5 kg.","robots":{"index":"index","follow":"follow","max-snippet":"max-snippet:-1","max-image-preview":"max-image-preview:large","max-video-preview":"max-video-preview:-1"},"canonical":"https:\/\/www.mexicanguitarplayers.com\/en\/tienda\/sin categor\u00eda\/pedal-ashdown-p-guit-mod-two-band-boost\/","og_locale":"en_US","og_type":"article","og_title":"PEDAL ASHDOWN P\/GUIT MOD. TWO BAND BOOST - Mexican Guitar Players","og_description":"Pedal Boost para guitarra o bajo, la perilla Treble Boost Fuzz te permite aumentar las frecuencias altas, la perilla Full Boost te permite aumentar todo lo dem\u00e1s, conmutaci\u00f3n moment\u00e1nea, potencia de 9V, se requiere fuente de alimentaci\u00f3n (no incluida), dimensiones: 58 x 73 x 112 mm, peso: 0.5 kg.","og_url":"https:\/\/www.mexicanguitarplayers.com\/en\/tienda\/sin categor\u00eda\/pedal-ashdown-p-guit-mod-two-band-boost\/","og_site_name":"Mexican Guitar Players","article_modified_time":"2026-05-01T13:24:02+00:00","twitter_card":"summary_large_image","twitter_misc":{"Est. reading time":"1 minute"},"schema":{"@context":"https:\/\/schema.org","@graph":[{"@type":["WebPage","ItemPage"],"@id":"https:\/\/www.mexicanguitarplayers.com\/tienda\/sin categor\u00eda\/pedal-ashdown-p-guit-mod-two-band-boost\/","url":"https:\/\/www.mexicanguitarplayers.com\/tienda\/sin categor\u00eda\/pedal-ashdown-p-guit-mod-two-band-boost\/","name":"PEDAL ASHDOWN P\/GUIT MOD. TWO BAND BOOST - Mexican Guitar Players","isPartOf":{"@id":"https:\/\/www.mexicanguitarplayers.com\/#website"},"primaryImageOfPage":{"@id":"https:\/\/www.mexicanguitarplayers.com\/tienda\/sin categor\u00eda\/pedal-ashdown-p-guit-mod-two-band-boost\/#primaryimage"},"image":{"@id":"https:\/\/www.mexicanguitarplayers.com\/tienda\/sin categor\u00eda\/pedal-ashdown-p-guit-mod-two-band-boost\/#primaryimage"},"thumbnailUrl":"https:\/\/www.mexicanguitarplayers.com\/wp-content\/uploads\/2025\/04\/VAASOTWOBANDBO.jpg","datePublished":"2025-04-08T18:53:28+00:00","dateModified":"2026-05-01T13:24:02+00:00","description":"Pedal Boost para guitarra o bajo, la perilla Treble Boost Fuzz te permite aumentar las frecuencias altas, la perilla Full Boost te permite aumentar todo lo dem\u00e1s, conmutaci\u00f3n moment\u00e1nea, potencia de 9V, se requiere fuente de alimentaci\u00f3n (no incluida), dimensiones: 58 x 73 x 112 mm, peso: 0.5 kg.","breadcrumb":{"@id":"https:\/\/www.mexicanguitarplayers.com\/tienda\/sin categor\u00eda\/pedal-ashdown-p-guit-mod-two-band-boost\/#breadcrumb"},"inLanguage":"en-US","potentialAction":[{"@type":"ReadAction","target":["https:\/\/www.mexicanguitarplayers.com\/tienda\/sin categor\u00eda\/pedal-ashdown-p-guit-mod-two-band-boost\/"]}]},{"@type":"ImageObject","inLanguage":"en-US","@id":"https:\/\/www.mexicanguitarplayers.com\/tienda\/sin categor\u00eda\/pedal-ashdown-p-guit-mod-two-band-boost\/#primaryimage","url":"https:\/\/www.mexicanguitarplayers.com\/wp-content\/uploads\/2025\/04\/VAASOTWOBANDBO.jpg","contentUrl":"https:\/\/www.mexicanguitarplayers.com\/wp-content\/uploads\/2025\/04\/VAASOTWOBANDBO.jpg","width":1200,"height":1200},{"@type":"BreadcrumbList","@id":"https:\/\/www.mexicanguitarplayers.com\/tienda\/sin categor\u00eda\/pedal-ashdown-p-guit-mod-two-band-boost\/#breadcrumb","itemListElement":[{"@type":"ListItem","position":1,"name":"Portada","item":"https:\/\/www.mexicanguitarplayers.com\/"},{"@type":"ListItem","position":2,"name":"Tienda","item":"https:\/\/www.mexicanguitarplayers.com\/tienda\/"},{"@type":"ListItem","position":3,"name":"PEDAL ASHDOWN P\/GUIT MOD. TWO BAND BOOST"}]},{"@type":"WebSite","@id":"https:\/\/www.mexicanguitarplayers.com\/#website","url":"https:\/\/www.mexicanguitarplayers.com\/","name":"Mexican Guitar Players","description":"Website","publisher":{"@id":"https:\/\/www.mexicanguitarplayers.com\/#organization"},"potentialAction":[{"@type":"SearchAction","target":{"@type":"EntryPoint","urlTemplate":"https:\/\/www.mexicanguitarplayers.com\/?s={search_term_string}"},"query-input":{"@type":"PropertyValueSpecification","valueRequired":true,"valueName":"search_term_string"}}],"inLanguage":"en-US"},{"@type":"Organization","@id":"https:\/\/www.mexicanguitarplayers.com\/#organization","name":"Mexican Guitar Players","url":"https:\/\/www.mexicanguitarplayers.com\/","logo":{"@type":"ImageObject","inLanguage":"en-US","@id":"https:\/\/www.mexicanguitarplayers.com\/#\/schema\/logo\/image\/","url":"","contentUrl":"","caption":"Mexican Guitar Players"},"image":{"@id":"https:\/\/www.mexicanguitarplayers.com\/#\/schema\/logo\/image\/"}}]}},"brands":[{"id":257,"name":"ASHDOWN","slug":"ashdown"}],"_links":{"self":[{"href":"https:\/\/www.mexicanguitarplayers.com\/en\/wp-json\/wp\/v2\/product\/31726","targetHints":{"allow":["GET"]}}],"collection":[{"href":"https:\/\/www.mexicanguitarplayers.com\/en\/wp-json\/wp\/v2\/product"}],"about":[{"href":"https:\/\/www.mexicanguitarplayers.com\/en\/wp-json\/wp\/v2\/types\/product"}],"replies":[{"embeddable":true,"href":"https:\/\/www.mexicanguitarplayers.com\/en\/wp-json\/wp\/v2\/comments?post=31726"}],"wp:featuredmedia":[{"embeddable":true,"href":"https:\/\/www.mexicanguitarplayers.com\/en\/wp-json\/wp\/v2\/media\/31723"}],"wp:attachment":[{"href":"https:\/\/www.mexicanguitarplayers.com\/en\/wp-json\/wp\/v2\/media?parent=31726"}],"wp:term":[{"taxonomy":"pwb-brand","embeddable":true,"href":"https:\/\/www.mexicanguitarplayers.com\/en\/wp-json\/wp\/v2\/pwb-brand?post=31726"},{"taxonomy":"product_brand","embeddable":true,"href":"https:\/\/www.mexicanguitarplayers.com\/en\/wp-json\/wp\/v2\/product_brand?post=31726"},{"taxonomy":"product_cat","embeddable":true,"href":"https:\/\/www.mexicanguitarplayers.com\/en\/wp-json\/wp\/v2\/product_cat?post=31726"},{"taxonomy":"product_tag","embeddable":true,"href":"https:\/\/www.mexicanguitarplayers.com\/en\/wp-json\/wp\/v2\/product_tag?post=31726"}],"curies":[{"name":"wp","href":"https:\/\/api.w.org\/{rel}","templated":true}]}}