{"id":31735,"date":"2025-04-08T12:53:39","date_gmt":"2025-04-08T18:53:39","guid":{"rendered":"https:\/\/www.mexicanguitarplayers.com\/tienda\/sin categor\u00eda\/combo-blackstar-p-guit-idcore-150\/"},"modified":"2026-04-25T04:15:14","modified_gmt":"2026-04-25T10:15:14","slug":"combo-blackstar-p-guit-idcore-150","status":"publish","type":"product","link":"https:\/\/www.mexicanguitarplayers.com\/en\/tienda\/cuerdas\/combos\/combos-para-guitarra\/combo-blackstar-p-guit-idcore-150\/","title":{"rendered":"COMBO BLACKSTAR P\/GUIT.IDCORE-150"},"content":{"rendered":"<div style=\"text-align: justify\">\n<div>\n<h3>Una nueva opci\u00f3n para el guitarrista moderno.<\/h3>\n<\/div>\n<div>Utilizando las revolucionarias tecnolog\u00edas de la galardonada serie ID:Core de Blackstar, los combos est\u00e9reo ID:Core 100 e ID:Core 150 son los \u00faltimos modelos de la familia, ofreciendo nuevas funciones como looping infinito y modulaci\u00f3n de octavas en un paquete de peso ligero pero gran potencia, perfecto para el guitarrista que toca demasiado. Con una profunda funcionalidad de edici\u00f3n a trav\u00e9s del software Blackstar Insider y la opci\u00f3n de crear, cargar y descargar otros parches de usuario a trav\u00e9s de la secci\u00f3n de Comunidad, el usuario tiene acceso a un panorama verdaderamente ilimitado de posibilidades tonales. La conectividad USB permite la grabaci\u00f3n directa desde el amplificador a la computadora con facilidad y una salida emulada y la entrada de l\u00ednea de MP3 proporcionan a\u00fan m\u00e1s funcionalidad de grabaci\u00f3n. Con toda la innovaci\u00f3n, el tono y las caracter\u00edsticas de sus contrapartes m\u00e1s peque\u00f1as, incluyendo la experiencia de Super Wide Stereo, estos amplificadores llevar\u00e1n todo tu sonido al siguiente nivel.<\/div>\n<div>\n<h4>Quick look<\/h4>\n<\/div>\n<ul style=\"margin: 0px 0px 0px 25px\">\n<li style=\"list-style-type: circle;margin: 5px\">Rango de producto.<\/li>\n<li style=\"list-style-type: circle;margin: 5px\">Modelo.<\/li>\n<li style=\"list-style-type: circle;margin: 5px\">Tecnolog\u00eda.<\/li>\n<li style=\"list-style-type: circle;margin: 5px\">Power.<\/li>\n<li style=\"list-style-type: circle;margin: 5px\">Tickets.<\/li>\n<li style=\"list-style-type: circle;margin: 5px\">Controls<\/li>\n<li style=\"list-style-type: circle;margin: 5px\">Channels.<\/li>\n<li style=\"list-style-type: circle;margin: 5px\">Dimensions.<\/li>\n<li style=\"list-style-type: circle;margin: 5px\">Weight.<\/li>\n<\/ul>\n<div>\n<div style=\"font-weight: bold\">Rango de producto.<\/div>\n<div>\n<p>ID:Core High Power.<\/p>\n<\/div>\n<div style=\"font-weight: bold\">Modelo.<\/div>\n<div>\n<p>ID:Core Stereo 100.<\/p>\n<\/div>\n<div style=\"font-weight: bold\">Tecnolog\u00eda.<\/div>\n<div>\n<p>Digital.<\/p>\n<\/div>\n<div style=\"font-weight: bold\">Power.<\/div>\n<div>\n<p>100 watts.<\/p>\n<\/div>\n<div style=\"font-weight: bold\">Tickets.<\/div>\n<div>\n<p>Guitar Input, MP3\/Line Input, USB Input.<\/p>\n<\/div>\n<div style=\"font-weight: bold\">Controls<\/div>\n<div>\n<p>6 controles de voz, 12 controles de efecto, Tap Tempo, entrada USB, Ganancia, Volumen, ISF, Nivel de efecto, Looper y Octavador.<\/p>\n<\/div>\n<div style=\"font-weight: bold\">Channels.<\/div>\n<div>\n<p>Clean Warm, Clean Bright, Crunch, Super Crunch, OD 1, OD 2.<\/p>\n<\/div>\n<div style=\"font-weight: bold\">Dimensions.<\/div>\n<div>\n<p>573 x 447 x 241 mm.<\/p>\n<\/div>\n<div style=\"font-weight: bold\">Weight.<\/div>\n<div>\n<p>12.5 kg.<\/p>\n<\/div>\n<\/div>\n<\/div>","protected":false},"excerpt":{"rendered":"<p>Combo digital para guitarra, 2 altavoces de 10\u201d pulgadas, potencia: 150 watts (2x 75 watts), entrada para instrumento, MP3\/L\u00ednea y USB, controles: 6 controles de voces, 12 controles de efectos, tap tempo, entrada USB, ganancia, volumen, ISF, nivel de efecto, looper y octavador, canales: Clean Warm, Clean Bright, Crunch, Super Crunch, OD 1, OD 2, dimensiones: 573 x 447 x 241 mm, peso: 12.5 kg.&hellip; <a class=\"kt-excerpt-readmore more-link\" href=\"https:\/\/www.mexicanguitarplayers.com\/en\/tienda\/cuerdas\/combos\/combos-para-guitarra\/combo-blackstar-p-guit-idcore-150\/\">Read more<\/a><\/p>","protected":false},"featured_media":31732,"comment_status":"open","ping_status":"closed","template":"","meta":{"kt_blocks_editor_width":""},"pwb-brand":[172],"product_brand":[],"product_cat":[236,237,224],"product_tag":[],"class_list":{"0":"post-31735","1":"product","2":"type-product","3":"status-publish","4":"has-post-thumbnail","6":"pwb-brand-blackstar","7":"product_cat-combos","8":"product_cat-combos-para-guitarra","9":"product_cat-cuerdas","10":"product_shipping_class-15-20-kg","12":"first","13":"outofstock","14":"taxable","15":"shipping-taxable","16":"purchasable","17":"product-type-simple"},"yoast_head":"<!-- This site is optimized with the Yoast SEO plugin v27.6 - https:\/\/yoast.com\/product\/yoast-seo-wordpress\/ -->\n<title>COMBO BLACKSTAR P\/GUIT.IDCORE-150 - Mexican Guitar Players<\/title>\n<meta name=\"description\" content=\"Combo digital para guitarra, 2 altavoces de 10\u201d pulgadas, potencia: 150 watts (2x 75 watts), entrada para instrumento, MP3\/L\u00ednea y USB, controles: 6 controles de voces, 12 controles de efectos, tap tempo, entrada USB, ganancia, volumen, ISF, nivel de efecto, looper y octavador, canales: Clean Warm, Clean Bright, Crunch, Super Crunch, OD 1, OD 2, dimensiones: 573 x 447 x 241 mm, peso: 12.5 kg.\" \/>\n<meta name=\"robots\" content=\"index, follow, max-snippet:-1, max-image-preview:large, max-video-preview:-1\" \/>\n<link rel=\"canonical\" href=\"https:\/\/www.mexicanguitarplayers.com\/en\/tienda\/sin%20categor\u00eda\/combo-blackstar-p-guit-idcore-150\/\" \/>\n<meta property=\"og:locale\" content=\"en_US\" \/>\n<meta property=\"og:type\" content=\"article\" \/>\n<meta property=\"og:title\" content=\"COMBO BLACKSTAR P\/GUIT.IDCORE-150 - Mexican Guitar Players\" \/>\n<meta property=\"og:description\" content=\"Combo digital para guitarra, 2 altavoces de 10\u201d pulgadas, potencia: 150 watts (2x 75 watts), entrada para instrumento, MP3\/L\u00ednea y USB, controles: 6 controles de voces, 12 controles de efectos, tap tempo, entrada USB, ganancia, volumen, ISF, nivel de efecto, looper y octavador, canales: Clean Warm, Clean Bright, Crunch, Super Crunch, OD 1, OD 2, dimensiones: 573 x 447 x 241 mm, peso: 12.5 kg.\" \/>\n<meta property=\"og:url\" content=\"https:\/\/www.mexicanguitarplayers.com\/en\/tienda\/sin categor\u00eda\/combo-blackstar-p-guit-idcore-150\/\" \/>\n<meta property=\"og:site_name\" content=\"Mexican Guitar Players\" \/>\n<meta property=\"article:modified_time\" content=\"2026-04-25T10:15:14+00:00\" \/>\n<meta name=\"twitter:card\" content=\"summary_large_image\" \/>\n<meta name=\"twitter:label1\" content=\"Est. reading time\" \/>\n\t<meta name=\"twitter:data1\" content=\"1 minute\" \/>\n<script type=\"application\/ld+json\" class=\"yoast-schema-graph\">{\"@context\":\"https:\\\/\\\/schema.org\",\"@graph\":[{\"@type\":[\"WebPage\",\"ItemPage\"],\"@id\":\"https:\\\/\\\/www.mexicanguitarplayers.com\\\/tienda\\\/sin categor\u00eda\\\/combo-blackstar-p-guit-idcore-150\\\/\",\"url\":\"https:\\\/\\\/www.mexicanguitarplayers.com\\\/tienda\\\/sin categor\u00eda\\\/combo-blackstar-p-guit-idcore-150\\\/\",\"name\":\"COMBO BLACKSTAR P\\\/GUIT.IDCORE-150 - Mexican Guitar Players\",\"isPartOf\":{\"@id\":\"https:\\\/\\\/www.mexicanguitarplayers.com\\\/#website\"},\"primaryImageOfPage\":{\"@id\":\"https:\\\/\\\/www.mexicanguitarplayers.com\\\/tienda\\\/sin categor\u00eda\\\/combo-blackstar-p-guit-idcore-150\\\/#primaryimage\"},\"image\":{\"@id\":\"https:\\\/\\\/www.mexicanguitarplayers.com\\\/tienda\\\/sin categor\u00eda\\\/combo-blackstar-p-guit-idcore-150\\\/#primaryimage\"},\"thumbnailUrl\":\"https:\\\/\\\/www.mexicanguitarplayers.com\\\/wp-content\\\/uploads\\\/2025\\\/04\\\/ICBLSIDCORE150.jpg\",\"datePublished\":\"2025-04-08T18:53:39+00:00\",\"dateModified\":\"2026-04-25T10:15:14+00:00\",\"description\":\"Combo digital para guitarra, 2 altavoces de 10\u201d pulgadas, potencia: 150 watts (2x 75 watts), entrada para instrumento, MP3\\\/L\u00ednea y USB, controles: 6 controles de voces, 12 controles de efectos, tap tempo, entrada USB, ganancia, volumen, ISF, nivel de efecto, looper y octavador, canales: Clean Warm, Clean Bright, Crunch, Super Crunch, OD 1, OD 2, dimensiones: 573 x 447 x 241 mm, peso: 12.5 kg.\",\"breadcrumb\":{\"@id\":\"https:\\\/\\\/www.mexicanguitarplayers.com\\\/tienda\\\/sin categor\u00eda\\\/combo-blackstar-p-guit-idcore-150\\\/#breadcrumb\"},\"inLanguage\":\"en-US\",\"potentialAction\":[{\"@type\":\"ReadAction\",\"target\":[\"https:\\\/\\\/www.mexicanguitarplayers.com\\\/tienda\\\/sin categor\u00eda\\\/combo-blackstar-p-guit-idcore-150\\\/\"]}]},{\"@type\":\"ImageObject\",\"inLanguage\":\"en-US\",\"@id\":\"https:\\\/\\\/www.mexicanguitarplayers.com\\\/tienda\\\/sin categor\u00eda\\\/combo-blackstar-p-guit-idcore-150\\\/#primaryimage\",\"url\":\"https:\\\/\\\/www.mexicanguitarplayers.com\\\/wp-content\\\/uploads\\\/2025\\\/04\\\/ICBLSIDCORE150.jpg\",\"contentUrl\":\"https:\\\/\\\/www.mexicanguitarplayers.com\\\/wp-content\\\/uploads\\\/2025\\\/04\\\/ICBLSIDCORE150.jpg\",\"width\":1200,\"height\":1200},{\"@type\":\"BreadcrumbList\",\"@id\":\"https:\\\/\\\/www.mexicanguitarplayers.com\\\/tienda\\\/sin categor\u00eda\\\/combo-blackstar-p-guit-idcore-150\\\/#breadcrumb\",\"itemListElement\":[{\"@type\":\"ListItem\",\"position\":1,\"name\":\"Portada\",\"item\":\"https:\\\/\\\/www.mexicanguitarplayers.com\\\/\"},{\"@type\":\"ListItem\",\"position\":2,\"name\":\"Tienda\",\"item\":\"https:\\\/\\\/www.mexicanguitarplayers.com\\\/tienda\\\/\"},{\"@type\":\"ListItem\",\"position\":3,\"name\":\"COMBO BLACKSTAR P\\\/GUIT.IDCORE-150\"}]},{\"@type\":\"WebSite\",\"@id\":\"https:\\\/\\\/www.mexicanguitarplayers.com\\\/#website\",\"url\":\"https:\\\/\\\/www.mexicanguitarplayers.com\\\/\",\"name\":\"Mexican Guitar Players\",\"description\":\"Website\",\"publisher\":{\"@id\":\"https:\\\/\\\/www.mexicanguitarplayers.com\\\/#organization\"},\"potentialAction\":[{\"@type\":\"SearchAction\",\"target\":{\"@type\":\"EntryPoint\",\"urlTemplate\":\"https:\\\/\\\/www.mexicanguitarplayers.com\\\/?s={search_term_string}\"},\"query-input\":{\"@type\":\"PropertyValueSpecification\",\"valueRequired\":true,\"valueName\":\"search_term_string\"}}],\"inLanguage\":\"en-US\"},{\"@type\":\"Organization\",\"@id\":\"https:\\\/\\\/www.mexicanguitarplayers.com\\\/#organization\",\"name\":\"Mexican Guitar Players\",\"url\":\"https:\\\/\\\/www.mexicanguitarplayers.com\\\/\",\"logo\":{\"@type\":\"ImageObject\",\"inLanguage\":\"en-US\",\"@id\":\"https:\\\/\\\/www.mexicanguitarplayers.com\\\/#\\\/schema\\\/logo\\\/image\\\/\",\"url\":\"\",\"contentUrl\":\"\",\"caption\":\"Mexican Guitar Players\"},\"image\":{\"@id\":\"https:\\\/\\\/www.mexicanguitarplayers.com\\\/#\\\/schema\\\/logo\\\/image\\\/\"}}]}<\/script>\n<!-- \/ Yoast SEO plugin. -->","yoast_head_json":{"title":"COMBO BLACKSTAR P\/GUIT.IDCORE-150 - Mexican Guitar Players","description":"Combo digital para guitarra, 2 altavoces de 10\u201d pulgadas, potencia: 150 watts (2x 75 watts), entrada para instrumento, MP3\/L\u00ednea y USB, controles: 6 controles de voces, 12 controles de efectos, tap tempo, entrada USB, ganancia, volumen, ISF, nivel de efecto, looper y octavador, canales: Clean Warm, Clean Bright, Crunch, Super Crunch, OD 1, OD 2, dimensiones: 573 x 447 x 241 mm, peso: 12.5 kg.","robots":{"index":"index","follow":"follow","max-snippet":"max-snippet:-1","max-image-preview":"max-image-preview:large","max-video-preview":"max-video-preview:-1"},"canonical":"https:\/\/www.mexicanguitarplayers.com\/en\/tienda\/sin categor\u00eda\/combo-blackstar-p-guit-idcore-150\/","og_locale":"en_US","og_type":"article","og_title":"COMBO BLACKSTAR P\/GUIT.IDCORE-150 - Mexican Guitar Players","og_description":"Combo digital para guitarra, 2 altavoces de 10\u201d pulgadas, potencia: 150 watts (2x 75 watts), entrada para instrumento, MP3\/L\u00ednea y USB, controles: 6 controles de voces, 12 controles de efectos, tap tempo, entrada USB, ganancia, volumen, ISF, nivel de efecto, looper y octavador, canales: Clean Warm, Clean Bright, Crunch, Super Crunch, OD 1, OD 2, dimensiones: 573 x 447 x 241 mm, peso: 12.5 kg.","og_url":"https:\/\/www.mexicanguitarplayers.com\/en\/tienda\/sin categor\u00eda\/combo-blackstar-p-guit-idcore-150\/","og_site_name":"Mexican Guitar Players","article_modified_time":"2026-04-25T10:15:14+00:00","twitter_card":"summary_large_image","twitter_misc":{"Est. reading time":"1 minute"},"schema":{"@context":"https:\/\/schema.org","@graph":[{"@type":["WebPage","ItemPage"],"@id":"https:\/\/www.mexicanguitarplayers.com\/tienda\/sin categor\u00eda\/combo-blackstar-p-guit-idcore-150\/","url":"https:\/\/www.mexicanguitarplayers.com\/tienda\/sin categor\u00eda\/combo-blackstar-p-guit-idcore-150\/","name":"COMBO BLACKSTAR P\/GUIT.IDCORE-150 - Mexican Guitar Players","isPartOf":{"@id":"https:\/\/www.mexicanguitarplayers.com\/#website"},"primaryImageOfPage":{"@id":"https:\/\/www.mexicanguitarplayers.com\/tienda\/sin categor\u00eda\/combo-blackstar-p-guit-idcore-150\/#primaryimage"},"image":{"@id":"https:\/\/www.mexicanguitarplayers.com\/tienda\/sin categor\u00eda\/combo-blackstar-p-guit-idcore-150\/#primaryimage"},"thumbnailUrl":"https:\/\/www.mexicanguitarplayers.com\/wp-content\/uploads\/2025\/04\/ICBLSIDCORE150.jpg","datePublished":"2025-04-08T18:53:39+00:00","dateModified":"2026-04-25T10:15:14+00:00","description":"Combo digital para guitarra, 2 altavoces de 10\u201d pulgadas, potencia: 150 watts (2x 75 watts), entrada para instrumento, MP3\/L\u00ednea y USB, controles: 6 controles de voces, 12 controles de efectos, tap tempo, entrada USB, ganancia, volumen, ISF, nivel de efecto, looper y octavador, canales: Clean Warm, Clean Bright, Crunch, Super Crunch, OD 1, OD 2, dimensiones: 573 x 447 x 241 mm, peso: 12.5 kg.","breadcrumb":{"@id":"https:\/\/www.mexicanguitarplayers.com\/tienda\/sin categor\u00eda\/combo-blackstar-p-guit-idcore-150\/#breadcrumb"},"inLanguage":"en-US","potentialAction":[{"@type":"ReadAction","target":["https:\/\/www.mexicanguitarplayers.com\/tienda\/sin categor\u00eda\/combo-blackstar-p-guit-idcore-150\/"]}]},{"@type":"ImageObject","inLanguage":"en-US","@id":"https:\/\/www.mexicanguitarplayers.com\/tienda\/sin categor\u00eda\/combo-blackstar-p-guit-idcore-150\/#primaryimage","url":"https:\/\/www.mexicanguitarplayers.com\/wp-content\/uploads\/2025\/04\/ICBLSIDCORE150.jpg","contentUrl":"https:\/\/www.mexicanguitarplayers.com\/wp-content\/uploads\/2025\/04\/ICBLSIDCORE150.jpg","width":1200,"height":1200},{"@type":"BreadcrumbList","@id":"https:\/\/www.mexicanguitarplayers.com\/tienda\/sin categor\u00eda\/combo-blackstar-p-guit-idcore-150\/#breadcrumb","itemListElement":[{"@type":"ListItem","position":1,"name":"Portada","item":"https:\/\/www.mexicanguitarplayers.com\/"},{"@type":"ListItem","position":2,"name":"Tienda","item":"https:\/\/www.mexicanguitarplayers.com\/tienda\/"},{"@type":"ListItem","position":3,"name":"COMBO BLACKSTAR P\/GUIT.IDCORE-150"}]},{"@type":"WebSite","@id":"https:\/\/www.mexicanguitarplayers.com\/#website","url":"https:\/\/www.mexicanguitarplayers.com\/","name":"Mexican Guitar Players","description":"Website","publisher":{"@id":"https:\/\/www.mexicanguitarplayers.com\/#organization"},"potentialAction":[{"@type":"SearchAction","target":{"@type":"EntryPoint","urlTemplate":"https:\/\/www.mexicanguitarplayers.com\/?s={search_term_string}"},"query-input":{"@type":"PropertyValueSpecification","valueRequired":true,"valueName":"search_term_string"}}],"inLanguage":"en-US"},{"@type":"Organization","@id":"https:\/\/www.mexicanguitarplayers.com\/#organization","name":"Mexican Guitar Players","url":"https:\/\/www.mexicanguitarplayers.com\/","logo":{"@type":"ImageObject","inLanguage":"en-US","@id":"https:\/\/www.mexicanguitarplayers.com\/#\/schema\/logo\/image\/","url":"","contentUrl":"","caption":"Mexican Guitar Players"},"image":{"@id":"https:\/\/www.mexicanguitarplayers.com\/#\/schema\/logo\/image\/"}}]}},"brands":[{"id":172,"name":"BLACKSTAR","slug":"blackstar"}],"_links":{"self":[{"href":"https:\/\/www.mexicanguitarplayers.com\/en\/wp-json\/wp\/v2\/product\/31735","targetHints":{"allow":["GET"]}}],"collection":[{"href":"https:\/\/www.mexicanguitarplayers.com\/en\/wp-json\/wp\/v2\/product"}],"about":[{"href":"https:\/\/www.mexicanguitarplayers.com\/en\/wp-json\/wp\/v2\/types\/product"}],"replies":[{"embeddable":true,"href":"https:\/\/www.mexicanguitarplayers.com\/en\/wp-json\/wp\/v2\/comments?post=31735"}],"wp:featuredmedia":[{"embeddable":true,"href":"https:\/\/www.mexicanguitarplayers.com\/en\/wp-json\/wp\/v2\/media\/31732"}],"wp:attachment":[{"href":"https:\/\/www.mexicanguitarplayers.com\/en\/wp-json\/wp\/v2\/media?parent=31735"}],"wp:term":[{"taxonomy":"pwb-brand","embeddable":true,"href":"https:\/\/www.mexicanguitarplayers.com\/en\/wp-json\/wp\/v2\/pwb-brand?post=31735"},{"taxonomy":"product_brand","embeddable":true,"href":"https:\/\/www.mexicanguitarplayers.com\/en\/wp-json\/wp\/v2\/product_brand?post=31735"},{"taxonomy":"product_cat","embeddable":true,"href":"https:\/\/www.mexicanguitarplayers.com\/en\/wp-json\/wp\/v2\/product_cat?post=31735"},{"taxonomy":"product_tag","embeddable":true,"href":"https:\/\/www.mexicanguitarplayers.com\/en\/wp-json\/wp\/v2\/product_tag?post=31735"}],"curies":[{"name":"wp","href":"https:\/\/api.w.org\/{rel}","templated":true}]}}