{"id":31823,"date":"2025-04-08T12:55:39","date_gmt":"2025-04-08T18:55:39","guid":{"rendered":"https:\/\/www.mexicanguitarplayers.com\/tienda\/sin categor\u00eda\/pedal-behringer-fc600-volumen-y-contr\/"},"modified":"2026-04-10T04:34:31","modified_gmt":"2026-04-10T10:34:31","slug":"pedal-behringer-fc600-volumen-y-contr","status":"publish","type":"product","link":"https:\/\/www.mexicanguitarplayers.com\/en\/tienda\/cuerdas\/efectos\/efectos-individuales\/pedal-behringer-fc600-volumen-y-contr\/","title":{"rendered":"PEDAL BEHRINGER FC600 VOLUMEN Y CONTR."},"content":{"rendered":"<div style=\"text-align: justify\">\n<div>\n<h3>Es un pedal de volumen, de expresi\u00f3n y es muy f\u00e1cil de usar.<\/h3>\n<\/div>\n<div>Puedes sonar fuerte o suave, o puedes obtener una expresividad incre\u00edble con el ultra suave pedal FC600 de Behringer. Este pedal de uso rudo funciona de la misma manera que un pedal de control de modulaci\u00f3n o de volumen de un teclado, sin utilizar tus manos o hacer cosas que ralenticen tu show. Con el FC600 en tus manos, el control total de tu sonido es solamente un paso. Es un pedal de volumen. El FC600 es la v\u00eda id\u00f3nea para tomar el control de tu volumen, ya sea que toques el teclado, la guitarra o el bajo. Est\u00e1 dise\u00f1ado para su uso con instrumentos de alta impedancia, el FC600 cuenta con componentes de muy alta calidad en todas partes, lo que garantiza una gran integridad de la se\u00f1al. El pedal de movimiento ultra suave proporciona un control completo sobre tu volumen, permiti\u00e9ndote cambiar de forma r\u00e1pida de niveles r\u00edtmicos a niveles lead o ir incrementando el volumen de tu guitarra con swells tipo chelo para crear un ambiente incre\u00edble. Es un pedal de expresi\u00f3n. Ya sea que est\u00e9s en el escenario o en el estudio, el FC600 tambi\u00e9n cumple una doble funci\u00f3n como pedal de expresi\u00f3n para tus teclados, m\u00f3dulos de sonido, procesadores de efectos y mucho m\u00e1s. Mant\u00e9n tus manos en la m\u00fasica y permite que tus pies te lleven a nuevos lugares. Es muy f\u00e1cil. S\u00f3lo conecta y presiona el pedal para incrementar el volumen, entonces retrocede para reducirlo y es todo lo que tienes que hacer. Adem\u00e1s, puedes ajustar el nivel de volumen m\u00ednimo para poder controlar mejor tus niveles o puedes dejarlo incluso en cero para crear efectos swell tipo chelo que hipnotizar\u00e1n a tu audiencia. Cuando est\u00e9s listo para tu solo, simplemente pon el pedal al m\u00e1ximo y l\u00e1nzate hacia la estrat\u00f3sfera.<\/div>\n<div>\n<h4>Quick look<\/h4>\n<\/div>\n<ul style=\"margin: 0px 0px 0px 25px\">\n<li style=\"list-style-type: circle;margin: 5px\">Control.<\/li>\n<li style=\"list-style-type: circle;margin: 5px\">Connectors.<\/li>\n<li style=\"list-style-type: circle;margin: 5px\">Dimensions.<\/li>\n<li style=\"list-style-type: circle;margin: 5px\">Weight.<\/li>\n<\/ul>\n<div>\n<div style=\"font-weight: bold\">Control.<\/div>\n<div>\n<p>Volumen Main: 1 pedal (torque). Volumen m\u00ednimo: 1 trim VR.<\/p>\n<\/div>\n<div style=\"font-weight: bold\">Connectors.<\/div>\n<div>\n<p>Entrada: TS \u00bc\u201d. Salida: TS \u00bc\u201d. EXP (Expresi\u00f3n): TS \u00bc\u201d. Salida de afinador: TS \u00bc\u201d.<\/p>\n<\/div>\n<div style=\"font-weight: bold\">Dimensions.<\/div>\n<div>\n<p>112 x 298 x 130 mm.<\/p>\n<\/div>\n<div style=\"font-weight: bold\">Weight.<\/div>\n<div>\n<p>1.4 kg.<\/p>\n<\/div>\n<\/div>\n<\/div>","protected":false},"excerpt":{"rendered":"<p>Pedal de uso rudo para control de volumen y expresi\u00f3n, ideal para instrumentos y fuentes de alta impedancia, funci\u00f3n de expresi\u00f3n para control de modulaci\u00f3n de teclados, carcasa resistente de aluminio, movimiento ultra suave del pedal para un gran control, superficie de goma antideslizante para un gran confort, configuraci\u00f3n ajustable de volumen m\u00ednimo, salida independiente de afinador para una afinaci\u00f3n silenciosa, sensaci\u00f3n totalmente ajustable del pedal (torque), VR (resistor variable) de alta calidad para lo \u00faltimo en fiabilidad y suavidad de audio, dimensiones: 112 x 298 x 130 mm, peso: 1.4 kg.&hellip; <a class=\"kt-excerpt-readmore more-link\" href=\"https:\/\/www.mexicanguitarplayers.com\/en\/tienda\/cuerdas\/efectos\/efectos-individuales\/pedal-behringer-fc600-volumen-y-contr\/\">Read more<\/a><\/p>","protected":false},"featured_media":31818,"comment_status":"open","ping_status":"closed","template":"","meta":{"kt_blocks_editor_width":""},"pwb-brand":[171],"product_brand":[],"product_cat":[224,241,504],"product_tag":[],"class_list":{"0":"post-31823","1":"product","2":"type-product","3":"status-publish","4":"has-post-thumbnail","6":"pwb-brand-behringer","7":"product_cat-cuerdas","8":"product_cat-efectos","9":"product_cat-efectos-individuales","10":"product_shipping_class-0-5-kg","12":"first","13":"outofstock","14":"taxable","15":"shipping-taxable","16":"purchasable","17":"product-type-simple"},"yoast_head":"<!-- This site is optimized with the Yoast SEO plugin v27.5 - https:\/\/yoast.com\/product\/yoast-seo-wordpress\/ -->\n<title>PEDAL BEHRINGER FC600 VOLUMEN Y CONTR. - Mexican Guitar Players<\/title>\n<meta name=\"description\" content=\"Pedal de uso rudo para control de volumen y expresi\u00f3n, ideal para instrumentos y fuentes de alta impedancia, funci\u00f3n de expresi\u00f3n para control de modulaci\u00f3n de teclados, carcasa resistente de aluminio, movimiento ultra suave del pedal para un gran control, superficie de goma antideslizante para un gran confort, configuraci\u00f3n ajustable de volumen m\u00ednimo, salida independiente de afinador para una afinaci\u00f3n silenciosa, sensaci\u00f3n totalmente ajustable del pedal (torque), VR (resistor variable) de alta calidad para lo \u00faltimo en fiabilidad y suavidad de audio, dimensiones: 112 x 298 x 130 mm, peso: 1.4 kg.\" \/>\n<meta name=\"robots\" content=\"index, follow, max-snippet:-1, max-image-preview:large, max-video-preview:-1\" \/>\n<link rel=\"canonical\" href=\"https:\/\/www.mexicanguitarplayers.com\/en\/tienda\/sin%20categor\u00eda\/pedal-behringer-fc600-volumen-y-contr\/\" \/>\n<meta property=\"og:locale\" content=\"en_US\" \/>\n<meta property=\"og:type\" content=\"article\" \/>\n<meta property=\"og:title\" content=\"PEDAL BEHRINGER FC600 VOLUMEN Y CONTR. - Mexican Guitar Players\" \/>\n<meta property=\"og:description\" content=\"Pedal de uso rudo para control de volumen y expresi\u00f3n, ideal para instrumentos y fuentes de alta impedancia, funci\u00f3n de expresi\u00f3n para control de modulaci\u00f3n de teclados, carcasa resistente de aluminio, movimiento ultra suave del pedal para un gran control, superficie de goma antideslizante para un gran confort, configuraci\u00f3n ajustable de volumen m\u00ednimo, salida independiente de afinador para una afinaci\u00f3n silenciosa, sensaci\u00f3n totalmente ajustable del pedal (torque), VR (resistor variable) de alta calidad para lo \u00faltimo en fiabilidad y suavidad de audio, dimensiones: 112 x 298 x 130 mm, peso: 1.4 kg.\" \/>\n<meta property=\"og:url\" content=\"https:\/\/www.mexicanguitarplayers.com\/en\/tienda\/sin categor\u00eda\/pedal-behringer-fc600-volumen-y-contr\/\" \/>\n<meta property=\"og:site_name\" content=\"Mexican Guitar Players\" \/>\n<meta property=\"article:modified_time\" content=\"2026-04-10T10:34:31+00:00\" \/>\n<meta name=\"twitter:card\" content=\"summary_large_image\" \/>\n<meta name=\"twitter:label1\" content=\"Est. reading time\" \/>\n\t<meta name=\"twitter:data1\" content=\"2 minutes\" \/>\n<script type=\"application\/ld+json\" class=\"yoast-schema-graph\">{\"@context\":\"https:\\\/\\\/schema.org\",\"@graph\":[{\"@type\":[\"WebPage\",\"ItemPage\"],\"@id\":\"https:\\\/\\\/www.mexicanguitarplayers.com\\\/tienda\\\/sin categor\u00eda\\\/pedal-behringer-fc600-volumen-y-contr\\\/\",\"url\":\"https:\\\/\\\/www.mexicanguitarplayers.com\\\/tienda\\\/sin categor\u00eda\\\/pedal-behringer-fc600-volumen-y-contr\\\/\",\"name\":\"PEDAL BEHRINGER FC600 VOLUMEN Y CONTR. - Mexican Guitar Players\",\"isPartOf\":{\"@id\":\"https:\\\/\\\/www.mexicanguitarplayers.com\\\/#website\"},\"primaryImageOfPage\":{\"@id\":\"https:\\\/\\\/www.mexicanguitarplayers.com\\\/tienda\\\/sin categor\u00eda\\\/pedal-behringer-fc600-volumen-y-contr\\\/#primaryimage\"},\"image\":{\"@id\":\"https:\\\/\\\/www.mexicanguitarplayers.com\\\/tienda\\\/sin categor\u00eda\\\/pedal-behringer-fc600-volumen-y-contr\\\/#primaryimage\"},\"thumbnailUrl\":\"https:\\\/\\\/www.mexicanguitarplayers.com\\\/wp-content\\\/uploads\\\/2025\\\/04\\\/VABEHFC600.jpg\",\"datePublished\":\"2025-04-08T18:55:39+00:00\",\"dateModified\":\"2026-04-10T10:34:31+00:00\",\"description\":\"Pedal de uso rudo para control de volumen y expresi\u00f3n, ideal para instrumentos y fuentes de alta impedancia, funci\u00f3n de expresi\u00f3n para control de modulaci\u00f3n de teclados, carcasa resistente de aluminio, movimiento ultra suave del pedal para un gran control, superficie de goma antideslizante para un gran confort, configuraci\u00f3n ajustable de volumen m\u00ednimo, salida independiente de afinador para una afinaci\u00f3n silenciosa, sensaci\u00f3n totalmente ajustable del pedal (torque), VR (resistor variable) de alta calidad para lo \u00faltimo en fiabilidad y suavidad de audio, dimensiones: 112 x 298 x 130 mm, peso: 1.4 kg.\",\"breadcrumb\":{\"@id\":\"https:\\\/\\\/www.mexicanguitarplayers.com\\\/tienda\\\/sin categor\u00eda\\\/pedal-behringer-fc600-volumen-y-contr\\\/#breadcrumb\"},\"inLanguage\":\"en-US\",\"potentialAction\":[{\"@type\":\"ReadAction\",\"target\":[\"https:\\\/\\\/www.mexicanguitarplayers.com\\\/tienda\\\/sin categor\u00eda\\\/pedal-behringer-fc600-volumen-y-contr\\\/\"]}]},{\"@type\":\"ImageObject\",\"inLanguage\":\"en-US\",\"@id\":\"https:\\\/\\\/www.mexicanguitarplayers.com\\\/tienda\\\/sin categor\u00eda\\\/pedal-behringer-fc600-volumen-y-contr\\\/#primaryimage\",\"url\":\"https:\\\/\\\/www.mexicanguitarplayers.com\\\/wp-content\\\/uploads\\\/2025\\\/04\\\/VABEHFC600.jpg\",\"contentUrl\":\"https:\\\/\\\/www.mexicanguitarplayers.com\\\/wp-content\\\/uploads\\\/2025\\\/04\\\/VABEHFC600.jpg\",\"width\":1600,\"height\":800},{\"@type\":\"BreadcrumbList\",\"@id\":\"https:\\\/\\\/www.mexicanguitarplayers.com\\\/tienda\\\/sin categor\u00eda\\\/pedal-behringer-fc600-volumen-y-contr\\\/#breadcrumb\",\"itemListElement\":[{\"@type\":\"ListItem\",\"position\":1,\"name\":\"Portada\",\"item\":\"https:\\\/\\\/www.mexicanguitarplayers.com\\\/\"},{\"@type\":\"ListItem\",\"position\":2,\"name\":\"Tienda\",\"item\":\"https:\\\/\\\/www.mexicanguitarplayers.com\\\/tienda\\\/\"},{\"@type\":\"ListItem\",\"position\":3,\"name\":\"PEDAL BEHRINGER FC600 VOLUMEN Y CONTR.\"}]},{\"@type\":\"WebSite\",\"@id\":\"https:\\\/\\\/www.mexicanguitarplayers.com\\\/#website\",\"url\":\"https:\\\/\\\/www.mexicanguitarplayers.com\\\/\",\"name\":\"Mexican Guitar Players\",\"description\":\"Website\",\"publisher\":{\"@id\":\"https:\\\/\\\/www.mexicanguitarplayers.com\\\/#organization\"},\"potentialAction\":[{\"@type\":\"SearchAction\",\"target\":{\"@type\":\"EntryPoint\",\"urlTemplate\":\"https:\\\/\\\/www.mexicanguitarplayers.com\\\/?s={search_term_string}\"},\"query-input\":{\"@type\":\"PropertyValueSpecification\",\"valueRequired\":true,\"valueName\":\"search_term_string\"}}],\"inLanguage\":\"en-US\"},{\"@type\":\"Organization\",\"@id\":\"https:\\\/\\\/www.mexicanguitarplayers.com\\\/#organization\",\"name\":\"Mexican Guitar Players\",\"url\":\"https:\\\/\\\/www.mexicanguitarplayers.com\\\/\",\"logo\":{\"@type\":\"ImageObject\",\"inLanguage\":\"en-US\",\"@id\":\"https:\\\/\\\/www.mexicanguitarplayers.com\\\/#\\\/schema\\\/logo\\\/image\\\/\",\"url\":\"\",\"contentUrl\":\"\",\"caption\":\"Mexican Guitar Players\"},\"image\":{\"@id\":\"https:\\\/\\\/www.mexicanguitarplayers.com\\\/#\\\/schema\\\/logo\\\/image\\\/\"}}]}<\/script>\n<!-- \/ Yoast SEO plugin. -->","yoast_head_json":{"title":"PEDAL BEHRINGER FC600 VOLUMEN Y CONTR. - Mexican Guitar Players","description":"Pedal de uso rudo para control de volumen y expresi\u00f3n, ideal para instrumentos y fuentes de alta impedancia, funci\u00f3n de expresi\u00f3n para control de modulaci\u00f3n de teclados, carcasa resistente de aluminio, movimiento ultra suave del pedal para un gran control, superficie de goma antideslizante para un gran confort, configuraci\u00f3n ajustable de volumen m\u00ednimo, salida independiente de afinador para una afinaci\u00f3n silenciosa, sensaci\u00f3n totalmente ajustable del pedal (torque), VR (resistor variable) de alta calidad para lo \u00faltimo en fiabilidad y suavidad de audio, dimensiones: 112 x 298 x 130 mm, peso: 1.4 kg.","robots":{"index":"index","follow":"follow","max-snippet":"max-snippet:-1","max-image-preview":"max-image-preview:large","max-video-preview":"max-video-preview:-1"},"canonical":"https:\/\/www.mexicanguitarplayers.com\/en\/tienda\/sin categor\u00eda\/pedal-behringer-fc600-volumen-y-contr\/","og_locale":"en_US","og_type":"article","og_title":"PEDAL BEHRINGER FC600 VOLUMEN Y CONTR. - Mexican Guitar Players","og_description":"Pedal de uso rudo para control de volumen y expresi\u00f3n, ideal para instrumentos y fuentes de alta impedancia, funci\u00f3n de expresi\u00f3n para control de modulaci\u00f3n de teclados, carcasa resistente de aluminio, movimiento ultra suave del pedal para un gran control, superficie de goma antideslizante para un gran confort, configuraci\u00f3n ajustable de volumen m\u00ednimo, salida independiente de afinador para una afinaci\u00f3n silenciosa, sensaci\u00f3n totalmente ajustable del pedal (torque), VR (resistor variable) de alta calidad para lo \u00faltimo en fiabilidad y suavidad de audio, dimensiones: 112 x 298 x 130 mm, peso: 1.4 kg.","og_url":"https:\/\/www.mexicanguitarplayers.com\/en\/tienda\/sin categor\u00eda\/pedal-behringer-fc600-volumen-y-contr\/","og_site_name":"Mexican Guitar Players","article_modified_time":"2026-04-10T10:34:31+00:00","twitter_card":"summary_large_image","twitter_misc":{"Est. reading time":"2 minutes"},"schema":{"@context":"https:\/\/schema.org","@graph":[{"@type":["WebPage","ItemPage"],"@id":"https:\/\/www.mexicanguitarplayers.com\/tienda\/sin categor\u00eda\/pedal-behringer-fc600-volumen-y-contr\/","url":"https:\/\/www.mexicanguitarplayers.com\/tienda\/sin categor\u00eda\/pedal-behringer-fc600-volumen-y-contr\/","name":"PEDAL BEHRINGER FC600 VOLUMEN Y CONTR. - Mexican Guitar Players","isPartOf":{"@id":"https:\/\/www.mexicanguitarplayers.com\/#website"},"primaryImageOfPage":{"@id":"https:\/\/www.mexicanguitarplayers.com\/tienda\/sin categor\u00eda\/pedal-behringer-fc600-volumen-y-contr\/#primaryimage"},"image":{"@id":"https:\/\/www.mexicanguitarplayers.com\/tienda\/sin categor\u00eda\/pedal-behringer-fc600-volumen-y-contr\/#primaryimage"},"thumbnailUrl":"https:\/\/www.mexicanguitarplayers.com\/wp-content\/uploads\/2025\/04\/VABEHFC600.jpg","datePublished":"2025-04-08T18:55:39+00:00","dateModified":"2026-04-10T10:34:31+00:00","description":"Pedal de uso rudo para control de volumen y expresi\u00f3n, ideal para instrumentos y fuentes de alta impedancia, funci\u00f3n de expresi\u00f3n para control de modulaci\u00f3n de teclados, carcasa resistente de aluminio, movimiento ultra suave del pedal para un gran control, superficie de goma antideslizante para un gran confort, configuraci\u00f3n ajustable de volumen m\u00ednimo, salida independiente de afinador para una afinaci\u00f3n silenciosa, sensaci\u00f3n totalmente ajustable del pedal (torque), VR (resistor variable) de alta calidad para lo \u00faltimo en fiabilidad y suavidad de audio, dimensiones: 112 x 298 x 130 mm, peso: 1.4 kg.","breadcrumb":{"@id":"https:\/\/www.mexicanguitarplayers.com\/tienda\/sin categor\u00eda\/pedal-behringer-fc600-volumen-y-contr\/#breadcrumb"},"inLanguage":"en-US","potentialAction":[{"@type":"ReadAction","target":["https:\/\/www.mexicanguitarplayers.com\/tienda\/sin categor\u00eda\/pedal-behringer-fc600-volumen-y-contr\/"]}]},{"@type":"ImageObject","inLanguage":"en-US","@id":"https:\/\/www.mexicanguitarplayers.com\/tienda\/sin categor\u00eda\/pedal-behringer-fc600-volumen-y-contr\/#primaryimage","url":"https:\/\/www.mexicanguitarplayers.com\/wp-content\/uploads\/2025\/04\/VABEHFC600.jpg","contentUrl":"https:\/\/www.mexicanguitarplayers.com\/wp-content\/uploads\/2025\/04\/VABEHFC600.jpg","width":1600,"height":800},{"@type":"BreadcrumbList","@id":"https:\/\/www.mexicanguitarplayers.com\/tienda\/sin categor\u00eda\/pedal-behringer-fc600-volumen-y-contr\/#breadcrumb","itemListElement":[{"@type":"ListItem","position":1,"name":"Portada","item":"https:\/\/www.mexicanguitarplayers.com\/"},{"@type":"ListItem","position":2,"name":"Tienda","item":"https:\/\/www.mexicanguitarplayers.com\/tienda\/"},{"@type":"ListItem","position":3,"name":"PEDAL BEHRINGER FC600 VOLUMEN Y CONTR."}]},{"@type":"WebSite","@id":"https:\/\/www.mexicanguitarplayers.com\/#website","url":"https:\/\/www.mexicanguitarplayers.com\/","name":"Mexican Guitar Players","description":"Website","publisher":{"@id":"https:\/\/www.mexicanguitarplayers.com\/#organization"},"potentialAction":[{"@type":"SearchAction","target":{"@type":"EntryPoint","urlTemplate":"https:\/\/www.mexicanguitarplayers.com\/?s={search_term_string}"},"query-input":{"@type":"PropertyValueSpecification","valueRequired":true,"valueName":"search_term_string"}}],"inLanguage":"en-US"},{"@type":"Organization","@id":"https:\/\/www.mexicanguitarplayers.com\/#organization","name":"Mexican Guitar Players","url":"https:\/\/www.mexicanguitarplayers.com\/","logo":{"@type":"ImageObject","inLanguage":"en-US","@id":"https:\/\/www.mexicanguitarplayers.com\/#\/schema\/logo\/image\/","url":"","contentUrl":"","caption":"Mexican Guitar Players"},"image":{"@id":"https:\/\/www.mexicanguitarplayers.com\/#\/schema\/logo\/image\/"}}]}},"brands":[{"id":171,"name":"BEHRINGER","slug":"behringer"}],"_links":{"self":[{"href":"https:\/\/www.mexicanguitarplayers.com\/en\/wp-json\/wp\/v2\/product\/31823","targetHints":{"allow":["GET"]}}],"collection":[{"href":"https:\/\/www.mexicanguitarplayers.com\/en\/wp-json\/wp\/v2\/product"}],"about":[{"href":"https:\/\/www.mexicanguitarplayers.com\/en\/wp-json\/wp\/v2\/types\/product"}],"replies":[{"embeddable":true,"href":"https:\/\/www.mexicanguitarplayers.com\/en\/wp-json\/wp\/v2\/comments?post=31823"}],"wp:featuredmedia":[{"embeddable":true,"href":"https:\/\/www.mexicanguitarplayers.com\/en\/wp-json\/wp\/v2\/media\/31818"}],"wp:attachment":[{"href":"https:\/\/www.mexicanguitarplayers.com\/en\/wp-json\/wp\/v2\/media?parent=31823"}],"wp:term":[{"taxonomy":"pwb-brand","embeddable":true,"href":"https:\/\/www.mexicanguitarplayers.com\/en\/wp-json\/wp\/v2\/pwb-brand?post=31823"},{"taxonomy":"product_brand","embeddable":true,"href":"https:\/\/www.mexicanguitarplayers.com\/en\/wp-json\/wp\/v2\/product_brand?post=31823"},{"taxonomy":"product_cat","embeddable":true,"href":"https:\/\/www.mexicanguitarplayers.com\/en\/wp-json\/wp\/v2\/product_cat?post=31823"},{"taxonomy":"product_tag","embeddable":true,"href":"https:\/\/www.mexicanguitarplayers.com\/en\/wp-json\/wp\/v2\/product_tag?post=31823"}],"curies":[{"name":"wp","href":"https:\/\/api.w.org\/{rel}","templated":true}]}}