{"id":31828,"date":"2025-04-08T12:55:45","date_gmt":"2025-04-08T18:55:45","guid":{"rendered":"https:\/\/www.mexicanguitarplayers.com\/tienda\/sin categor\u00eda\/microfono-sennheiser-in-ew-d-835-s-set\/"},"modified":"2026-04-16T16:15:13","modified_gmt":"2026-04-16T22:15:13","slug":"microfono-sennheiser-in-ew-d-835-s-set","status":"publish","type":"product","link":"https:\/\/www.mexicanguitarplayers.com\/en\/tienda\/audio\/sistema-de-monitoreo-personal\/transmisores-y-receptores-sistema-de-monitoreo-personal\/microfono-sennheiser-in-ew-d-835-s-set\/","title":{"rendered":"MICROFONO SENNHEISER IN.EW-D 835-S SET"},"content":{"rendered":"<div style=\"text-align: justify\">\n<div>\n<h3>Descubre un nuevo sonido con este sistema<\/h3>\n<\/div>\n<div>Sistema inal\u00e1mbrico digital totalmente vers\u00e1til y rico en funciones para vocalistas o aplicaciones del habla o para quienes tocan instrumentos y permite un emparejamiento y una gesti\u00f3n de productos sin problemas por medio de la aplicaci\u00f3n EW-D Smart Assist App. Recibe sonido en vivo de \u00faltima generaci\u00f3n con la famosa c\u00e1psula e 835 de Sennheiser en un transmisor de mano liviano con switch de mute integrado.<\/div>\n<div>\n<h4>Quick look<\/h4>\n<\/div>\n<ul style=\"margin: 0px 0px 0px 25px\">\n<li style=\"list-style-type: circle;margin: 5px\">Rango de frecuencia.<\/li>\n<li style=\"list-style-type: circle;margin: 5px\">Distorsi\u00f3n arm\u00f3nica total.<\/li>\n<li style=\"list-style-type: circle;margin: 5px\">Temperatura de funcionamiento.<\/li>\n<li style=\"list-style-type: circle;margin: 5px\">Humedad relativa de funcionamiento.<\/li>\n<li style=\"list-style-type: circle;margin: 5px\">Respuesta de frecuencia de audio.<\/li>\n<li style=\"list-style-type: circle;margin: 5px\">EW-D EM.<\/li>\n<li style=\"list-style-type: circle;margin: 5px\">EW-D SK.<\/li>\n<li style=\"list-style-type: circle;margin: 5px\">MMD 835.<\/li>\n<li style=\"list-style-type: circle;margin: 5px\">EW-D SKM-S.<\/li>\n<li style=\"list-style-type: circle;margin: 5px\">Accessories included.<\/li>\n<\/ul>\n<div>\n<div style=\"font-weight: bold\">Rango de frecuencia.<\/div>\n<div>\n<p>925.2 &#8211; 937.3 MHz. 630 &#8211; 662 MHz. 520 &#8211; 576 MHz. 470.2 &#8211; 526 MHz. 606.2 &#8211; 662 MHz. 1785.2 &#8211; 1799.8 MHz. 823.2 &#8211; 831.8 MHz &amp; 863.2 &#8211; 864.8 MHz. 662 &#8211; 693.8 MHz. 552 &#8211; 607.8 MHz.<\/p>\n<\/div>\n<div style=\"font-weight: bold\">Distorsi\u00f3n arm\u00f3nica total.<\/div>\n<div>\n<p>= -60 dB para 1 kHz @ -3 dBfs nivel de entrada.<\/p>\n<\/div>\n<div style=\"font-weight: bold\">Temperatura de funcionamiento.<\/div>\n<div>\n<p>-10 \u00b0C &#8211; +55 \u00b0C.<\/p>\n<\/div>\n<div style=\"font-weight: bold\">Humedad relativa de funcionamiento.<\/div>\n<div>\n<p>5 &#8211; 95 % (sin condensaci\u00f3n).<\/p>\n<\/div>\n<div style=\"font-weight: bold\">Respuesta de frecuencia de audio.<\/div>\n<div>\n<p>20 Hz &#8211; 20 kHz (-3 dB) @ 3 dBfs.<\/p>\n<\/div>\n<div style=\"font-weight: bold\">EW-D EM.<\/div>\n<div>\n<p>Dimensiones: 212 x 44 x 189 mm. Peso: 1 kg (sin antenas ni fuente de alimentaci\u00f3n). Nivel de salida de audio: 18 dBu m\u00e1x. Poder de transmisi\u00f3n: BLE: m\u00e1x. 10 mW EIRP. Rango de voltaje de entrada: 11 &#8211; 13 V. Consumo de energ\u00eda: = 300 mA.<\/p>\n<\/div>\n<div style=\"font-weight: bold\">EW-D SK.<\/div>\n<div>\n<p>Dimensiones: 212 x 44 x 189 mm. Peso: Aproximadamente 1 kg (sin antenas ni fuente de alimentaci\u00f3n). Consumo de energ\u00eda: = 300 mA. Rango de voltaje de entrada: 11 &#8211; 13 V ?. Nivel de salida de audio: 18 dBu max. Poder de transmisi\u00f3n: BLE: max. 10 mW EIRP.<\/p>\n<\/div>\n<div style=\"font-weight: bold\">MMD 835.<\/div>\n<div>\n<p>Dimensiones: 405 x 350 x 73 mm. Nivel de presi\u00f3n sonora: 154 dB. Principio del transductor: Din\u00e1mico. Peso: 3.1 kg. Patr\u00f3n polar: Cardioide. Sensibilidad: 2.1 mV\/Pa.<\/p>\n<\/div>\n<div style=\"font-weight: bold\">EW-D SKM-S.<\/div>\n<div>\n<p>Peso:  304 g (incluyendo el m\u00f3dulo de micr\u00f3fono MMD 835). 195 g (sin el m\u00f3dulo de micr\u00f3fono). Fuente de alimentaci\u00f3n: 2 pilas AA de 1.5 V (manganeso alcalino) o paquete de bater\u00edas recargables BA 70. Consumo de energ\u00eda: &lt; 300 mA Rango de voltaje de entrada: 2.0 &#8211; 4.35 V. Poder de transmisi\u00f3n: Audio link: 10 mW. ERP (Rango Y1-3): 12 mW ERP. BLE: max. 10 mW EIRP. Dimensiones: 50 x 268 mm (incluyendo m\u00f3dulo de micr\u00f3fono MMD 835). 40 x 200 mm (sin el m\u00f3dulo de micr\u00f3fono).<\/p>\n<\/div>\n<div style=\"font-weight: bold\">Accessories included.<\/div>\n<div>\n<p>1 receptor de rack EW-D EM. 1 transmisor de mano EW-D SKM-S. 1 m\u00f3dulo de micr\u00f3fono MMD 835. 1 abrazadera de clamp MZQ 1. 2 antenas de varilla. Fuente de alimentaci\u00f3n con adaptadores de pa\u00eds. Set de montaje en rack. 4 patas de goma. Gu\u00eda r\u00e1pida. Gu\u00eda de seguridad. Hola de declaraci\u00f3n del fabricante.<\/p>\n<\/div>\n<\/div>\n<\/div>","protected":false},"excerpt":{"rendered":"<p>Sistema inal\u00e1mbrico de mano todo en uno para vocalistas o aplicaciones de habla, incluye la famosa c\u00e1psula e 835 de Sennheiser, transmisi\u00f3n digital que opera en el espectro UHF y que mejora en gran medida el alcance, la confiabilidad y la escalabilidad, la aplicaci\u00f3n Smart Assist se conecta por medio de Bluetooth Low Energy para una configuraci\u00f3n y operaci\u00f3n optimizadas a distancia, escaneo autom\u00e1tico que crea conexiones confiables con un m\u00ednimo de tiempo y esfuerzo, rango din\u00e1mico de entrada de 134 dB que elimina la necesidad de ajustes de sensibilidad y conserva cada detalle, la eliminaci\u00f3n de la intermodulaci\u00f3n permite colocar los canales en una cuadr\u00edcula de sintonizaci\u00f3n equidistante con una separaci\u00f3n de 600 kHz, 56 MHz de ancho de banda de sintonizaci\u00f3n y espaciado equidistante que permite hasta 90 canales, 2,240 frecuencias seleccionables que permiten un ajuste fino, hasta 8 horas de funcionamiento usando 2 pilas AA (incluidas) o 12 horas usando el paquete de bater\u00edas de iones de litio (no incluido), accesorios incluidos: receptor de rack EW-D EM, transmisor de mano EW-D SKM-S, m\u00f3dulo de micr\u00f3fono MMD 835, clamp de micr\u00f3fono MZQ 1, 2 antenas de varilla, fuente de alimentaci\u00f3n con adaptadores por pa\u00eds, set de montaje en rack, 4 patas de goma, gu\u00eda r\u00e1pida, gu\u00eda de seguridad y hoja de declaraci\u00f3n del fabricante.&hellip; <a class=\"kt-excerpt-readmore more-link\" href=\"https:\/\/www.mexicanguitarplayers.com\/en\/tienda\/audio\/sistema-de-monitoreo-personal\/transmisores-y-receptores-sistema-de-monitoreo-personal\/microfono-sennheiser-in-ew-d-835-s-set\/\">Read more<\/a><\/p>","protected":false},"featured_media":31824,"comment_status":"open","ping_status":"closed","template":"","meta":{"kt_blocks_editor_width":""},"pwb-brand":[176],"product_brand":[],"product_cat":[213,214,231,245],"product_tag":[],"class_list":{"0":"post-31828","1":"product","2":"type-product","3":"status-publish","4":"has-post-thumbnail","6":"pwb-brand-sennheiser","7":"product_cat-audio","8":"product_cat-microfonia","9":"product_cat-microfonos-inalambricos","10":"product_cat-transmisores-y-receptores-sistema-de-monitoreo-personal","11":"product_shipping_class-0-5-kg","13":"first","14":"outofstock","15":"taxable","16":"shipping-taxable","17":"purchasable","18":"product-type-simple"},"yoast_head":"<!-- This site is optimized with the Yoast SEO plugin v27.4 - https:\/\/yoast.com\/product\/yoast-seo-wordpress\/ -->\n<title>MICROFONO SENNHEISER IN.EW-D 835-S SET - Mexican Guitar Players<\/title>\n<meta name=\"description\" content=\"Sistema inal\u00e1mbrico de mano todo en uno para vocalistas o aplicaciones de habla, incluye la famosa c\u00e1psula e 835 de Sennheiser, transmisi\u00f3n digital que opera en el espectro UHF y que mejora en gran medida el alcance, la confiabilidad y la escalabilidad, la aplicaci\u00f3n Smart Assist se conecta por medio de Bluetooth Low Energy para una configuraci\u00f3n y operaci\u00f3n optimizadas a distancia, escaneo autom\u00e1tico que crea conexiones confiables con un m\u00ednimo de tiempo y esfuerzo, rango din\u00e1mico de entrada de 134 dB que elimina la necesidad de ajustes de sensibilidad y conserva cada detalle, la eliminaci\u00f3n de la intermodulaci\u00f3n permite colocar los canales en una cuadr\u00edcula de sintonizaci\u00f3n equidistante con una separaci\u00f3n de 600 kHz, 56 MHz de ancho de banda de sintonizaci\u00f3n y espaciado equidistante que permite hasta 90 canales, 2,240 frecuencias seleccionables que permiten un ajuste fino, hasta 8 horas de funcionamiento usando 2 pilas AA (incluidas) o 12 horas usando el paquete de bater\u00edas de iones de litio (no incluido), accesorios incluidos: receptor de rack EW-D EM, transmisor de mano EW-D SKM-S, m\u00f3dulo de micr\u00f3fono MMD 835, clamp de micr\u00f3fono MZQ 1, 2 antenas de varilla, fuente de alimentaci\u00f3n con adaptadores por pa\u00eds, set de montaje en rack, 4 patas de goma, gu\u00eda r\u00e1pida, gu\u00eda de seguridad y hoja de declaraci\u00f3n del fabricante.\" \/>\n<meta name=\"robots\" content=\"index, follow, max-snippet:-1, max-image-preview:large, max-video-preview:-1\" \/>\n<link rel=\"canonical\" href=\"https:\/\/www.mexicanguitarplayers.com\/en\/tienda\/sin%20categor\u00eda\/microfono-sennheiser-in-ew-d-835-s-set\/\" \/>\n<meta property=\"og:locale\" content=\"en_US\" \/>\n<meta property=\"og:type\" content=\"article\" \/>\n<meta property=\"og:title\" content=\"MICROFONO SENNHEISER IN.EW-D 835-S SET - Mexican Guitar Players\" \/>\n<meta property=\"og:description\" content=\"Sistema inal\u00e1mbrico de mano todo en uno para vocalistas o aplicaciones de habla, incluye la famosa c\u00e1psula e 835 de Sennheiser, transmisi\u00f3n digital que opera en el espectro UHF y que mejora en gran medida el alcance, la confiabilidad y la escalabilidad, la aplicaci\u00f3n Smart Assist se conecta por medio de Bluetooth Low Energy para una configuraci\u00f3n y operaci\u00f3n optimizadas a distancia, escaneo autom\u00e1tico que crea conexiones confiables con un m\u00ednimo de tiempo y esfuerzo, rango din\u00e1mico de entrada de 134 dB que elimina la necesidad de ajustes de sensibilidad y conserva cada detalle, la eliminaci\u00f3n de la intermodulaci\u00f3n permite colocar los canales en una cuadr\u00edcula de sintonizaci\u00f3n equidistante con una separaci\u00f3n de 600 kHz, 56 MHz de ancho de banda de sintonizaci\u00f3n y espaciado equidistante que permite hasta 90 canales, 2,240 frecuencias seleccionables que permiten un ajuste fino, hasta 8 horas de funcionamiento usando 2 pilas AA (incluidas) o 12 horas usando el paquete de bater\u00edas de iones de litio (no incluido), accesorios incluidos: receptor de rack EW-D EM, transmisor de mano EW-D SKM-S, m\u00f3dulo de micr\u00f3fono MMD 835, clamp de micr\u00f3fono MZQ 1, 2 antenas de varilla, fuente de alimentaci\u00f3n con adaptadores por pa\u00eds, set de montaje en rack, 4 patas de goma, gu\u00eda r\u00e1pida, gu\u00eda de seguridad y hoja de declaraci\u00f3n del fabricante.\" \/>\n<meta property=\"og:url\" content=\"https:\/\/www.mexicanguitarplayers.com\/en\/tienda\/sin categor\u00eda\/microfono-sennheiser-in-ew-d-835-s-set\/\" \/>\n<meta property=\"og:site_name\" content=\"Mexican Guitar Players\" \/>\n<meta property=\"article:modified_time\" content=\"2026-04-16T22:15:13+00:00\" \/>\n<meta name=\"twitter:card\" content=\"summary_large_image\" \/>\n<meta name=\"twitter:label1\" content=\"Est. reading time\" \/>\n\t<meta name=\"twitter:data1\" content=\"2 minutes\" \/>\n<script type=\"application\/ld+json\" class=\"yoast-schema-graph\">{\"@context\":\"https:\\\/\\\/schema.org\",\"@graph\":[{\"@type\":[\"WebPage\",\"ItemPage\"],\"@id\":\"https:\\\/\\\/www.mexicanguitarplayers.com\\\/tienda\\\/sin categor\u00eda\\\/microfono-sennheiser-in-ew-d-835-s-set\\\/\",\"url\":\"https:\\\/\\\/www.mexicanguitarplayers.com\\\/tienda\\\/sin categor\u00eda\\\/microfono-sennheiser-in-ew-d-835-s-set\\\/\",\"name\":\"MICROFONO SENNHEISER IN.EW-D 835-S SET - Mexican Guitar Players\",\"isPartOf\":{\"@id\":\"https:\\\/\\\/www.mexicanguitarplayers.com\\\/#website\"},\"primaryImageOfPage\":{\"@id\":\"https:\\\/\\\/www.mexicanguitarplayers.com\\\/tienda\\\/sin categor\u00eda\\\/microfono-sennheiser-in-ew-d-835-s-set\\\/#primaryimage\"},\"image\":{\"@id\":\"https:\\\/\\\/www.mexicanguitarplayers.com\\\/tienda\\\/sin categor\u00eda\\\/microfono-sennheiser-in-ew-d-835-s-set\\\/#primaryimage\"},\"thumbnailUrl\":\"https:\\\/\\\/www.mexicanguitarplayers.com\\\/wp-content\\\/uploads\\\/2025\\\/04\\\/IASENEWD835SSE.jpg\",\"datePublished\":\"2025-04-08T18:55:45+00:00\",\"dateModified\":\"2026-04-16T22:15:13+00:00\",\"description\":\"Sistema inal\u00e1mbrico de mano todo en uno para vocalistas o aplicaciones de habla, incluye la famosa c\u00e1psula e 835 de Sennheiser, transmisi\u00f3n digital que opera en el espectro UHF y que mejora en gran medida el alcance, la confiabilidad y la escalabilidad, la aplicaci\u00f3n Smart Assist se conecta por medio de Bluetooth Low Energy para una configuraci\u00f3n y operaci\u00f3n optimizadas a distancia, escaneo autom\u00e1tico que crea conexiones confiables con un m\u00ednimo de tiempo y esfuerzo, rango din\u00e1mico de entrada de 134 dB que elimina la necesidad de ajustes de sensibilidad y conserva cada detalle, la eliminaci\u00f3n de la intermodulaci\u00f3n permite colocar los canales en una cuadr\u00edcula de sintonizaci\u00f3n equidistante con una separaci\u00f3n de 600 kHz, 56 MHz de ancho de banda de sintonizaci\u00f3n y espaciado equidistante que permite hasta 90 canales, 2,240 frecuencias seleccionables que permiten un ajuste fino, hasta 8 horas de funcionamiento usando 2 pilas AA (incluidas) o 12 horas usando el paquete de bater\u00edas de iones de litio (no incluido), accesorios incluidos: receptor de rack EW-D EM, transmisor de mano EW-D SKM-S, m\u00f3dulo de micr\u00f3fono MMD 835, clamp de micr\u00f3fono MZQ 1, 2 antenas de varilla, fuente de alimentaci\u00f3n con adaptadores por pa\u00eds, set de montaje en rack, 4 patas de goma, gu\u00eda r\u00e1pida, gu\u00eda de seguridad y hoja de declaraci\u00f3n del fabricante.\",\"breadcrumb\":{\"@id\":\"https:\\\/\\\/www.mexicanguitarplayers.com\\\/tienda\\\/sin categor\u00eda\\\/microfono-sennheiser-in-ew-d-835-s-set\\\/#breadcrumb\"},\"inLanguage\":\"en-US\",\"potentialAction\":[{\"@type\":\"ReadAction\",\"target\":[\"https:\\\/\\\/www.mexicanguitarplayers.com\\\/tienda\\\/sin categor\u00eda\\\/microfono-sennheiser-in-ew-d-835-s-set\\\/\"]}]},{\"@type\":\"ImageObject\",\"inLanguage\":\"en-US\",\"@id\":\"https:\\\/\\\/www.mexicanguitarplayers.com\\\/tienda\\\/sin categor\u00eda\\\/microfono-sennheiser-in-ew-d-835-s-set\\\/#primaryimage\",\"url\":\"https:\\\/\\\/www.mexicanguitarplayers.com\\\/wp-content\\\/uploads\\\/2025\\\/04\\\/IASENEWD835SSE.jpg\",\"contentUrl\":\"https:\\\/\\\/www.mexicanguitarplayers.com\\\/wp-content\\\/uploads\\\/2025\\\/04\\\/IASENEWD835SSE.jpg\",\"width\":1600,\"height\":800},{\"@type\":\"BreadcrumbList\",\"@id\":\"https:\\\/\\\/www.mexicanguitarplayers.com\\\/tienda\\\/sin categor\u00eda\\\/microfono-sennheiser-in-ew-d-835-s-set\\\/#breadcrumb\",\"itemListElement\":[{\"@type\":\"ListItem\",\"position\":1,\"name\":\"Portada\",\"item\":\"https:\\\/\\\/www.mexicanguitarplayers.com\\\/\"},{\"@type\":\"ListItem\",\"position\":2,\"name\":\"Tienda\",\"item\":\"https:\\\/\\\/www.mexicanguitarplayers.com\\\/tienda\\\/\"},{\"@type\":\"ListItem\",\"position\":3,\"name\":\"MICROFONO SENNHEISER IN.EW-D 835-S SET\"}]},{\"@type\":\"WebSite\",\"@id\":\"https:\\\/\\\/www.mexicanguitarplayers.com\\\/#website\",\"url\":\"https:\\\/\\\/www.mexicanguitarplayers.com\\\/\",\"name\":\"Mexican Guitar Players\",\"description\":\"Website\",\"publisher\":{\"@id\":\"https:\\\/\\\/www.mexicanguitarplayers.com\\\/#organization\"},\"potentialAction\":[{\"@type\":\"SearchAction\",\"target\":{\"@type\":\"EntryPoint\",\"urlTemplate\":\"https:\\\/\\\/www.mexicanguitarplayers.com\\\/?s={search_term_string}\"},\"query-input\":{\"@type\":\"PropertyValueSpecification\",\"valueRequired\":true,\"valueName\":\"search_term_string\"}}],\"inLanguage\":\"en-US\"},{\"@type\":\"Organization\",\"@id\":\"https:\\\/\\\/www.mexicanguitarplayers.com\\\/#organization\",\"name\":\"Mexican Guitar Players\",\"url\":\"https:\\\/\\\/www.mexicanguitarplayers.com\\\/\",\"logo\":{\"@type\":\"ImageObject\",\"inLanguage\":\"en-US\",\"@id\":\"https:\\\/\\\/www.mexicanguitarplayers.com\\\/#\\\/schema\\\/logo\\\/image\\\/\",\"url\":\"\",\"contentUrl\":\"\",\"caption\":\"Mexican Guitar Players\"},\"image\":{\"@id\":\"https:\\\/\\\/www.mexicanguitarplayers.com\\\/#\\\/schema\\\/logo\\\/image\\\/\"}}]}<\/script>\n<!-- \/ Yoast SEO plugin. -->","yoast_head_json":{"title":"MICROFONO SENNHEISER IN.EW-D 835-S SET - Mexican Guitar Players","description":"Sistema inal\u00e1mbrico de mano todo en uno para vocalistas o aplicaciones de habla, incluye la famosa c\u00e1psula e 835 de Sennheiser, transmisi\u00f3n digital que opera en el espectro UHF y que mejora en gran medida el alcance, la confiabilidad y la escalabilidad, la aplicaci\u00f3n Smart Assist se conecta por medio de Bluetooth Low Energy para una configuraci\u00f3n y operaci\u00f3n optimizadas a distancia, escaneo autom\u00e1tico que crea conexiones confiables con un m\u00ednimo de tiempo y esfuerzo, rango din\u00e1mico de entrada de 134 dB que elimina la necesidad de ajustes de sensibilidad y conserva cada detalle, la eliminaci\u00f3n de la intermodulaci\u00f3n permite colocar los canales en una cuadr\u00edcula de sintonizaci\u00f3n equidistante con una separaci\u00f3n de 600 kHz, 56 MHz de ancho de banda de sintonizaci\u00f3n y espaciado equidistante que permite hasta 90 canales, 2,240 frecuencias seleccionables que permiten un ajuste fino, hasta 8 horas de funcionamiento usando 2 pilas AA (incluidas) o 12 horas usando el paquete de bater\u00edas de iones de litio (no incluido), accesorios incluidos: receptor de rack EW-D EM, transmisor de mano EW-D SKM-S, m\u00f3dulo de micr\u00f3fono MMD 835, clamp de micr\u00f3fono MZQ 1, 2 antenas de varilla, fuente de alimentaci\u00f3n con adaptadores por pa\u00eds, set de montaje en rack, 4 patas de goma, gu\u00eda r\u00e1pida, gu\u00eda de seguridad y hoja de declaraci\u00f3n del fabricante.","robots":{"index":"index","follow":"follow","max-snippet":"max-snippet:-1","max-image-preview":"max-image-preview:large","max-video-preview":"max-video-preview:-1"},"canonical":"https:\/\/www.mexicanguitarplayers.com\/en\/tienda\/sin categor\u00eda\/microfono-sennheiser-in-ew-d-835-s-set\/","og_locale":"en_US","og_type":"article","og_title":"MICROFONO SENNHEISER IN.EW-D 835-S SET - Mexican Guitar Players","og_description":"Sistema inal\u00e1mbrico de mano todo en uno para vocalistas o aplicaciones de habla, incluye la famosa c\u00e1psula e 835 de Sennheiser, transmisi\u00f3n digital que opera en el espectro UHF y que mejora en gran medida el alcance, la confiabilidad y la escalabilidad, la aplicaci\u00f3n Smart Assist se conecta por medio de Bluetooth Low Energy para una configuraci\u00f3n y operaci\u00f3n optimizadas a distancia, escaneo autom\u00e1tico que crea conexiones confiables con un m\u00ednimo de tiempo y esfuerzo, rango din\u00e1mico de entrada de 134 dB que elimina la necesidad de ajustes de sensibilidad y conserva cada detalle, la eliminaci\u00f3n de la intermodulaci\u00f3n permite colocar los canales en una cuadr\u00edcula de sintonizaci\u00f3n equidistante con una separaci\u00f3n de 600 kHz, 56 MHz de ancho de banda de sintonizaci\u00f3n y espaciado equidistante que permite hasta 90 canales, 2,240 frecuencias seleccionables que permiten un ajuste fino, hasta 8 horas de funcionamiento usando 2 pilas AA (incluidas) o 12 horas usando el paquete de bater\u00edas de iones de litio (no incluido), accesorios incluidos: receptor de rack EW-D EM, transmisor de mano EW-D SKM-S, m\u00f3dulo de micr\u00f3fono MMD 835, clamp de micr\u00f3fono MZQ 1, 2 antenas de varilla, fuente de alimentaci\u00f3n con adaptadores por pa\u00eds, set de montaje en rack, 4 patas de goma, gu\u00eda r\u00e1pida, gu\u00eda de seguridad y hoja de declaraci\u00f3n del fabricante.","og_url":"https:\/\/www.mexicanguitarplayers.com\/en\/tienda\/sin categor\u00eda\/microfono-sennheiser-in-ew-d-835-s-set\/","og_site_name":"Mexican Guitar Players","article_modified_time":"2026-04-16T22:15:13+00:00","twitter_card":"summary_large_image","twitter_misc":{"Est. reading time":"2 minutes"},"schema":{"@context":"https:\/\/schema.org","@graph":[{"@type":["WebPage","ItemPage"],"@id":"https:\/\/www.mexicanguitarplayers.com\/tienda\/sin categor\u00eda\/microfono-sennheiser-in-ew-d-835-s-set\/","url":"https:\/\/www.mexicanguitarplayers.com\/tienda\/sin categor\u00eda\/microfono-sennheiser-in-ew-d-835-s-set\/","name":"MICROFONO SENNHEISER IN.EW-D 835-S SET - Mexican Guitar Players","isPartOf":{"@id":"https:\/\/www.mexicanguitarplayers.com\/#website"},"primaryImageOfPage":{"@id":"https:\/\/www.mexicanguitarplayers.com\/tienda\/sin categor\u00eda\/microfono-sennheiser-in-ew-d-835-s-set\/#primaryimage"},"image":{"@id":"https:\/\/www.mexicanguitarplayers.com\/tienda\/sin categor\u00eda\/microfono-sennheiser-in-ew-d-835-s-set\/#primaryimage"},"thumbnailUrl":"https:\/\/www.mexicanguitarplayers.com\/wp-content\/uploads\/2025\/04\/IASENEWD835SSE.jpg","datePublished":"2025-04-08T18:55:45+00:00","dateModified":"2026-04-16T22:15:13+00:00","description":"Sistema inal\u00e1mbrico de mano todo en uno para vocalistas o aplicaciones de habla, incluye la famosa c\u00e1psula e 835 de Sennheiser, transmisi\u00f3n digital que opera en el espectro UHF y que mejora en gran medida el alcance, la confiabilidad y la escalabilidad, la aplicaci\u00f3n Smart Assist se conecta por medio de Bluetooth Low Energy para una configuraci\u00f3n y operaci\u00f3n optimizadas a distancia, escaneo autom\u00e1tico que crea conexiones confiables con un m\u00ednimo de tiempo y esfuerzo, rango din\u00e1mico de entrada de 134 dB que elimina la necesidad de ajustes de sensibilidad y conserva cada detalle, la eliminaci\u00f3n de la intermodulaci\u00f3n permite colocar los canales en una cuadr\u00edcula de sintonizaci\u00f3n equidistante con una separaci\u00f3n de 600 kHz, 56 MHz de ancho de banda de sintonizaci\u00f3n y espaciado equidistante que permite hasta 90 canales, 2,240 frecuencias seleccionables que permiten un ajuste fino, hasta 8 horas de funcionamiento usando 2 pilas AA (incluidas) o 12 horas usando el paquete de bater\u00edas de iones de litio (no incluido), accesorios incluidos: receptor de rack EW-D EM, transmisor de mano EW-D SKM-S, m\u00f3dulo de micr\u00f3fono MMD 835, clamp de micr\u00f3fono MZQ 1, 2 antenas de varilla, fuente de alimentaci\u00f3n con adaptadores por pa\u00eds, set de montaje en rack, 4 patas de goma, gu\u00eda r\u00e1pida, gu\u00eda de seguridad y hoja de declaraci\u00f3n del fabricante.","breadcrumb":{"@id":"https:\/\/www.mexicanguitarplayers.com\/tienda\/sin categor\u00eda\/microfono-sennheiser-in-ew-d-835-s-set\/#breadcrumb"},"inLanguage":"en-US","potentialAction":[{"@type":"ReadAction","target":["https:\/\/www.mexicanguitarplayers.com\/tienda\/sin categor\u00eda\/microfono-sennheiser-in-ew-d-835-s-set\/"]}]},{"@type":"ImageObject","inLanguage":"en-US","@id":"https:\/\/www.mexicanguitarplayers.com\/tienda\/sin categor\u00eda\/microfono-sennheiser-in-ew-d-835-s-set\/#primaryimage","url":"https:\/\/www.mexicanguitarplayers.com\/wp-content\/uploads\/2025\/04\/IASENEWD835SSE.jpg","contentUrl":"https:\/\/www.mexicanguitarplayers.com\/wp-content\/uploads\/2025\/04\/IASENEWD835SSE.jpg","width":1600,"height":800},{"@type":"BreadcrumbList","@id":"https:\/\/www.mexicanguitarplayers.com\/tienda\/sin categor\u00eda\/microfono-sennheiser-in-ew-d-835-s-set\/#breadcrumb","itemListElement":[{"@type":"ListItem","position":1,"name":"Portada","item":"https:\/\/www.mexicanguitarplayers.com\/"},{"@type":"ListItem","position":2,"name":"Tienda","item":"https:\/\/www.mexicanguitarplayers.com\/tienda\/"},{"@type":"ListItem","position":3,"name":"MICROFONO SENNHEISER IN.EW-D 835-S SET"}]},{"@type":"WebSite","@id":"https:\/\/www.mexicanguitarplayers.com\/#website","url":"https:\/\/www.mexicanguitarplayers.com\/","name":"Mexican Guitar Players","description":"Website","publisher":{"@id":"https:\/\/www.mexicanguitarplayers.com\/#organization"},"potentialAction":[{"@type":"SearchAction","target":{"@type":"EntryPoint","urlTemplate":"https:\/\/www.mexicanguitarplayers.com\/?s={search_term_string}"},"query-input":{"@type":"PropertyValueSpecification","valueRequired":true,"valueName":"search_term_string"}}],"inLanguage":"en-US"},{"@type":"Organization","@id":"https:\/\/www.mexicanguitarplayers.com\/#organization","name":"Mexican Guitar Players","url":"https:\/\/www.mexicanguitarplayers.com\/","logo":{"@type":"ImageObject","inLanguage":"en-US","@id":"https:\/\/www.mexicanguitarplayers.com\/#\/schema\/logo\/image\/","url":"","contentUrl":"","caption":"Mexican Guitar Players"},"image":{"@id":"https:\/\/www.mexicanguitarplayers.com\/#\/schema\/logo\/image\/"}}]}},"brands":[{"id":176,"name":"SENNHEISER","slug":"sennheiser"}],"_links":{"self":[{"href":"https:\/\/www.mexicanguitarplayers.com\/en\/wp-json\/wp\/v2\/product\/31828","targetHints":{"allow":["GET"]}}],"collection":[{"href":"https:\/\/www.mexicanguitarplayers.com\/en\/wp-json\/wp\/v2\/product"}],"about":[{"href":"https:\/\/www.mexicanguitarplayers.com\/en\/wp-json\/wp\/v2\/types\/product"}],"replies":[{"embeddable":true,"href":"https:\/\/www.mexicanguitarplayers.com\/en\/wp-json\/wp\/v2\/comments?post=31828"}],"wp:featuredmedia":[{"embeddable":true,"href":"https:\/\/www.mexicanguitarplayers.com\/en\/wp-json\/wp\/v2\/media\/31824"}],"wp:attachment":[{"href":"https:\/\/www.mexicanguitarplayers.com\/en\/wp-json\/wp\/v2\/media?parent=31828"}],"wp:term":[{"taxonomy":"pwb-brand","embeddable":true,"href":"https:\/\/www.mexicanguitarplayers.com\/en\/wp-json\/wp\/v2\/pwb-brand?post=31828"},{"taxonomy":"product_brand","embeddable":true,"href":"https:\/\/www.mexicanguitarplayers.com\/en\/wp-json\/wp\/v2\/product_brand?post=31828"},{"taxonomy":"product_cat","embeddable":true,"href":"https:\/\/www.mexicanguitarplayers.com\/en\/wp-json\/wp\/v2\/product_cat?post=31828"},{"taxonomy":"product_tag","embeddable":true,"href":"https:\/\/www.mexicanguitarplayers.com\/en\/wp-json\/wp\/v2\/product_tag?post=31828"}],"curies":[{"name":"wp","href":"https:\/\/api.w.org\/{rel}","templated":true}]}}