{"id":31833,"date":"2025-04-08T12:55:55","date_gmt":"2025-04-08T18:55:55","guid":{"rendered":"https:\/\/www.mexicanguitarplayers.com\/tienda\/sin categor\u00eda\/pedal-t-c-p-bajo-spectradrive\/"},"modified":"2026-04-10T01:20:25","modified_gmt":"2026-04-10T07:20:25","slug":"pedal-t-c-p-bajo-spectradrive","status":"publish","type":"product","link":"https:\/\/www.mexicanguitarplayers.com\/en\/tienda\/cuerdas\/efectos\/efectos-individuales\/pedal-t-c-p-bajo-spectradrive\/","title":{"rendered":"PEDAL T.C. P\/BAJO SPECTRADRIVE"},"content":{"rendered":"<div style=\"text-align: justify\">\n<div>\n<h3>El mejor sonido Drive y Compresi\u00f3n para tu bajo.<\/h3>\n<\/div>\n<div>SPECTRADRIVE Bass Preamp y Line Driver es una poderosa herramienta para bajistas en busca de un sonido excepcional y un preamplificador ultra flexible. Repleto de funciones \u00fatiles, SPECTRADRIVE incluye compresi\u00f3n y distorsi\u00f3n SpectraComp personalizable por TonePrint, as\u00ed como una salida DI de calidad de estudio personalizada. Y SPECTRADRIVE adem\u00e1s es ideal como el compa\u00f1ero de pr\u00e1ctica perfecto gracias a su amplificador de aud\u00edfonos de alta calidad y entrada auxiliar. Listo, ajusta, TubeDrive\u2026 La utilidad TubeDrive TonePrint le da a tu bajo el sonido din\u00e1mico y c\u00e1lido y la sensaci\u00f3n de un amplificador completo de bulbos. Desde solo un bot\u00f3n, TubeDrive sirve para todo, desde un tono ligeramente saturado con arm\u00f3nicos org\u00e1nicos y ricos hasta difuminado, distorsi\u00f3n de hard rock y mucho m\u00e1s. Adem\u00e1s, TubeDrive tiene su propio switch de pedal, as\u00ed que siempre lo patear\u00e1s en el momento ideal. SpectraComp Nuestra aclamada configuraci\u00f3n de TonePrint no s\u00f3lo te permite ajustar tu overdrive, sino que tambi\u00e9n proporciona acceso al tesoro supremo de la compresi\u00f3n de artista TonePrints, adem\u00e1s de la selecci\u00f3n estelar, pero dentro del SPECTRADRIVE. Utilizando el mismo algoritmo multibanda avanzado de nuestros legendarios compresores de estudio System 6000, la funci\u00f3n de perilla simple aparentemente enga\u00f1osa de SpectraComp te brinda un control inigualable de la din\u00e1mica. Simplemente sube la perilla SpectraComp para marcar la cantidad perfecta de compresi\u00f3n. Ecualizador inteligente Hemos importado la secci\u00f3n de ecualizador inteligente de nuestro cabezal de bajo BH800 y la redise\u00f1amos para que sea una herramienta de formaci\u00f3n de tonos a\u00fan m\u00e1s robusta. La EQ est\u00e1 meticulosamente ajustada para graves, lo que significa que en lugar de controlar un conjunto fijo de frecuencias al girar una perilla, cada una de las 4 perillas s\u00f3lo altera un rango de frecuencia espec\u00edfico: si los realizas o los cortas, obtienes un control total sobre tu tono. No es tu Stompbox promedio. SPECTRADRIVE es m\u00e1s que solo un preamplificador de graves y pedal de distorsi\u00f3n, tambi\u00e9n es una caja DI profesional con una salida balanceada de nivel de estudio, que se conecta muy bien a tu mezcladora o equipo de grabaci\u00f3n favorito. Los componentes de alta calidad cuentan con 3 interruptores para EQ Pre\/Post, Ground\/Lift e Instrumento\/Nivel de l\u00ednea, mientras que las salidas paralelas facilitan enviar tu tono de bajo seco a tu amplificador o un afinador por separado. El DI balanceado alimenta todo el bien de saturaci\u00f3n de tono de tu SPECTRADRIVE directamente al sistema de la casa. Puliendo tu sonido de bajo. Los largos recorridos de cables realmente pueden hacer da\u00f1ar tu tono, por lo que le dimos a SPECTRADRIVE el mismo circuito utilizado en nuestro BONAFIDE BUFFER m\u00e1s vendido. No importa lo que est\u00e9s tocando, SPECTRADRIVE protege tu tono sin ninguna p\u00e9rdida de frecuencias de gama alta o intensidad general de se\u00f1al.<\/div>\n<div>\n<h4>Quick look<\/h4>\n<\/div>\n<ul style=\"margin: 0px 0px 0px 25px\">\n<li style=\"list-style-type: circle;margin: 5px\">Pedal type.<\/li>\n<li style=\"list-style-type: circle;margin: 5px\">Tickets.<\/li>\n<li style=\"list-style-type: circle;margin: 5px\">Departures.<\/li>\n<li style=\"list-style-type: circle;margin: 5px\">Otros.<\/li>\n<li style=\"list-style-type: circle;margin: 5px\">USB.<\/li>\n<li style=\"list-style-type: circle;margin: 5px\">Bypass Switching.<\/li>\n<li style=\"list-style-type: circle;margin: 5px\">Power supply.<\/li>\n<li style=\"list-style-type: circle;margin: 5px\">Dimensions.<\/li>\n<li style=\"list-style-type: circle;margin: 5px\">Weight.<\/li>\n<\/ul>\n<div>\n<div style=\"font-weight: bold\">Pedal type.<\/div>\n<div>\n<p>Overdrive, Preamp, Compresor.<\/p>\n<\/div>\n<div style=\"font-weight: bold\">Tickets.<\/div>\n<div>\n<p>1 x 1\/4&#8243; (instrumento), 1 x 1\/8&#8243; (auxiliar).<\/p>\n<\/div>\n<div style=\"font-weight: bold\">Departures.<\/div>\n<div>\n<p>2 x 1\/4&#8243; (salida, thru), 1 x XLR (salida DI).<\/p>\n<\/div>\n<div style=\"font-weight: bold\">Otros.<\/div>\n<div>\n<p>I\/O: 1 x 1\/8&#8243; (aud\u00edfonos).<\/p>\n<\/div>\n<div style=\"font-weight: bold\">USB.<\/div>\n<div>\n<p>1 x Micro-B.<\/p>\n<\/div>\n<div style=\"font-weight: bold\">Bypass Switching.<\/div>\n<div>\n<p>Buffered.<\/p>\n<\/div>\n<div style=\"font-weight: bold\">Power supply.<\/div>\n<div>\n<p>Adaptador de corriente 9V DC.<\/p>\n<\/div>\n<div style=\"font-weight: bold\">Dimensions.<\/div>\n<div>\n<p>53.3 x 111.7 x 134.62 mm.<\/p>\n<\/div>\n<div style=\"font-weight: bold\">Weight.<\/div>\n<div>\n<p>0.5 kg.<\/p>\n<\/div>\n<\/div>\n<\/div>","protected":false},"excerpt":{"rendered":"<p>Pedal Drive y Preamp de alta calidad para bajo, con TonePrints TubeDrive y SpectraComp incorporados, el preamp de graves es portado directamente desde la l\u00ednea de amplificadores de bajo de TC, ofrece opciones tonales excepcionales para la pr\u00e1ctica, en vivo y en el estudio, TubeDrive con tecnolog\u00eda TonePrint que emula las etapas del preamplificador y del bulbo del amplificador de potencia, ofreciendo desde sutilidad hasta distorsi\u00f3n total, control SpectraComp con tecnolog\u00eda TonePrint que proporciona una variedad de perfiles de compresi\u00f3n multibanda ultra-transparentes y altamente musicales para cortar cualquier mezcla, la pila inteligente de EQ dedicada al bajo tiene cuatro perillas simples de control para dar una forma de tono f\u00e1cil e impresionante, DI equilibrado con switch pre\/post que permite la conexi\u00f3n directa a mezcladoras o equipos de grabaci\u00f3n, el almacenamiento en buffer anal\u00f3gico superior del pedal BONAFIDE BUFFER evita la distorsi\u00f3n de la se\u00f1al de los cables largos, entrada de ensayo auxiliar para la reproducci\u00f3n a trav\u00e9s del altavoz o aud\u00edfonos, salidas en paralelo para afinar o enviar se\u00f1ales limpias a tu amplificador y mezcladora, amplificador de aud\u00edfonos con calidad de estudio con emulaci\u00f3n de altavoces para pr\u00e1cticas personales y ensayos silenciosos, controles simples que te permiten enfocarte en tocar, dise\u00f1ado y fabricado en Dinamarca.&hellip; <a class=\"kt-excerpt-readmore more-link\" href=\"https:\/\/www.mexicanguitarplayers.com\/en\/tienda\/cuerdas\/efectos\/efectos-individuales\/pedal-t-c-p-bajo-spectradrive\/\">Read more<\/a><\/p>","protected":false},"featured_media":31829,"comment_status":"open","ping_status":"closed","template":"","meta":{"kt_blocks_editor_width":""},"pwb-brand":[170],"product_brand":[],"product_cat":[224,241,504],"product_tag":[],"class_list":{"0":"post-31833","1":"product","2":"type-product","3":"status-publish","4":"has-post-thumbnail","6":"pwb-brand-tc-electronic","7":"product_cat-cuerdas","8":"product_cat-efectos","9":"product_cat-efectos-individuales","10":"product_shipping_class-0-5-kg","12":"first","13":"outofstock","14":"taxable","15":"shipping-taxable","16":"purchasable","17":"product-type-simple"},"yoast_head":"<!-- This site is optimized with the Yoast SEO plugin v27.5 - https:\/\/yoast.com\/product\/yoast-seo-wordpress\/ -->\n<title>PEDAL T.C. P\/BAJO SPECTRADRIVE - Mexican Guitar Players<\/title>\n<meta name=\"description\" content=\"Pedal Drive y Preamp de alta calidad para bajo, con TonePrints TubeDrive y SpectraComp incorporados, el preamp de graves es portado directamente desde la l\u00ednea de amplificadores de bajo de TC, ofrece opciones tonales excepcionales para la pr\u00e1ctica, en vivo y en el estudio, TubeDrive con tecnolog\u00eda TonePrint que emula las etapas del preamplificador y del bulbo del amplificador de potencia, ofreciendo desde sutilidad hasta distorsi\u00f3n total, control SpectraComp con tecnolog\u00eda TonePrint que proporciona una variedad de perfiles de compresi\u00f3n multibanda ultra-transparentes y altamente musicales para cortar cualquier mezcla, la pila inteligente de EQ dedicada al bajo tiene cuatro perillas simples de control para dar una forma de tono f\u00e1cil e impresionante, DI equilibrado con switch pre\/post que permite la conexi\u00f3n directa a mezcladoras o equipos de grabaci\u00f3n, el almacenamiento en buffer anal\u00f3gico superior del pedal BONAFIDE BUFFER evita la distorsi\u00f3n de la se\u00f1al de los cables largos, entrada de ensayo auxiliar para la reproducci\u00f3n a trav\u00e9s del altavoz o aud\u00edfonos, salidas en paralelo para afinar o enviar se\u00f1ales limpias a tu amplificador y mezcladora, amplificador de aud\u00edfonos con calidad de estudio con emulaci\u00f3n de altavoces para pr\u00e1cticas personales y ensayos silenciosos, controles simples que te permiten enfocarte en tocar, dise\u00f1ado y fabricado en Dinamarca.\" \/>\n<meta name=\"robots\" content=\"index, follow, max-snippet:-1, max-image-preview:large, max-video-preview:-1\" \/>\n<link rel=\"canonical\" href=\"https:\/\/www.mexicanguitarplayers.com\/en\/tienda\/sin%20categor\u00eda\/pedal-t-c-p-bajo-spectradrive\/\" \/>\n<meta property=\"og:locale\" content=\"en_US\" \/>\n<meta property=\"og:type\" content=\"article\" \/>\n<meta property=\"og:title\" content=\"PEDAL T.C. P\/BAJO SPECTRADRIVE - Mexican Guitar Players\" \/>\n<meta property=\"og:description\" content=\"Pedal Drive y Preamp de alta calidad para bajo, con TonePrints TubeDrive y SpectraComp incorporados, el preamp de graves es portado directamente desde la l\u00ednea de amplificadores de bajo de TC, ofrece opciones tonales excepcionales para la pr\u00e1ctica, en vivo y en el estudio, TubeDrive con tecnolog\u00eda TonePrint que emula las etapas del preamplificador y del bulbo del amplificador de potencia, ofreciendo desde sutilidad hasta distorsi\u00f3n total, control SpectraComp con tecnolog\u00eda TonePrint que proporciona una variedad de perfiles de compresi\u00f3n multibanda ultra-transparentes y altamente musicales para cortar cualquier mezcla, la pila inteligente de EQ dedicada al bajo tiene cuatro perillas simples de control para dar una forma de tono f\u00e1cil e impresionante, DI equilibrado con switch pre\/post que permite la conexi\u00f3n directa a mezcladoras o equipos de grabaci\u00f3n, el almacenamiento en buffer anal\u00f3gico superior del pedal BONAFIDE BUFFER evita la distorsi\u00f3n de la se\u00f1al de los cables largos, entrada de ensayo auxiliar para la reproducci\u00f3n a trav\u00e9s del altavoz o aud\u00edfonos, salidas en paralelo para afinar o enviar se\u00f1ales limpias a tu amplificador y mezcladora, amplificador de aud\u00edfonos con calidad de estudio con emulaci\u00f3n de altavoces para pr\u00e1cticas personales y ensayos silenciosos, controles simples que te permiten enfocarte en tocar, dise\u00f1ado y fabricado en Dinamarca.\" \/>\n<meta property=\"og:url\" content=\"https:\/\/www.mexicanguitarplayers.com\/en\/tienda\/sin categor\u00eda\/pedal-t-c-p-bajo-spectradrive\/\" \/>\n<meta property=\"og:site_name\" content=\"Mexican Guitar Players\" \/>\n<meta property=\"article:modified_time\" content=\"2026-04-10T07:20:25+00:00\" \/>\n<meta name=\"twitter:card\" content=\"summary_large_image\" \/>\n<meta name=\"twitter:label1\" content=\"Est. reading time\" \/>\n\t<meta name=\"twitter:data1\" content=\"3 minutes\" \/>\n<script type=\"application\/ld+json\" class=\"yoast-schema-graph\">{\"@context\":\"https:\\\/\\\/schema.org\",\"@graph\":[{\"@type\":[\"WebPage\",\"ItemPage\"],\"@id\":\"https:\\\/\\\/www.mexicanguitarplayers.com\\\/tienda\\\/sin categor\u00eda\\\/pedal-t-c-p-bajo-spectradrive\\\/\",\"url\":\"https:\\\/\\\/www.mexicanguitarplayers.com\\\/tienda\\\/sin categor\u00eda\\\/pedal-t-c-p-bajo-spectradrive\\\/\",\"name\":\"PEDAL T.C. P\\\/BAJO SPECTRADRIVE - Mexican Guitar Players\",\"isPartOf\":{\"@id\":\"https:\\\/\\\/www.mexicanguitarplayers.com\\\/#website\"},\"primaryImageOfPage\":{\"@id\":\"https:\\\/\\\/www.mexicanguitarplayers.com\\\/tienda\\\/sin categor\u00eda\\\/pedal-t-c-p-bajo-spectradrive\\\/#primaryimage\"},\"image\":{\"@id\":\"https:\\\/\\\/www.mexicanguitarplayers.com\\\/tienda\\\/sin categor\u00eda\\\/pedal-t-c-p-bajo-spectradrive\\\/#primaryimage\"},\"thumbnailUrl\":\"https:\\\/\\\/www.mexicanguitarplayers.com\\\/wp-content\\\/uploads\\\/2025\\\/04\\\/VATCESPECTRADR.jpg\",\"datePublished\":\"2025-04-08T18:55:55+00:00\",\"dateModified\":\"2026-04-10T07:20:25+00:00\",\"description\":\"Pedal Drive y Preamp de alta calidad para bajo, con TonePrints TubeDrive y SpectraComp incorporados, el preamp de graves es portado directamente desde la l\u00ednea de amplificadores de bajo de TC, ofrece opciones tonales excepcionales para la pr\u00e1ctica, en vivo y en el estudio, TubeDrive con tecnolog\u00eda TonePrint que emula las etapas del preamplificador y del bulbo del amplificador de potencia, ofreciendo desde sutilidad hasta distorsi\u00f3n total, control SpectraComp con tecnolog\u00eda TonePrint que proporciona una variedad de perfiles de compresi\u00f3n multibanda ultra-transparentes y altamente musicales para cortar cualquier mezcla, la pila inteligente de EQ dedicada al bajo tiene cuatro perillas simples de control para dar una forma de tono f\u00e1cil e impresionante, DI equilibrado con switch pre\\\/post que permite la conexi\u00f3n directa a mezcladoras o equipos de grabaci\u00f3n, el almacenamiento en buffer anal\u00f3gico superior del pedal BONAFIDE BUFFER evita la distorsi\u00f3n de la se\u00f1al de los cables largos, entrada de ensayo auxiliar para la reproducci\u00f3n a trav\u00e9s del altavoz o aud\u00edfonos, salidas en paralelo para afinar o enviar se\u00f1ales limpias a tu amplificador y mezcladora, amplificador de aud\u00edfonos con calidad de estudio con emulaci\u00f3n de altavoces para pr\u00e1cticas personales y ensayos silenciosos, controles simples que te permiten enfocarte en tocar, dise\u00f1ado y fabricado en Dinamarca.\",\"breadcrumb\":{\"@id\":\"https:\\\/\\\/www.mexicanguitarplayers.com\\\/tienda\\\/sin categor\u00eda\\\/pedal-t-c-p-bajo-spectradrive\\\/#breadcrumb\"},\"inLanguage\":\"en-US\",\"potentialAction\":[{\"@type\":\"ReadAction\",\"target\":[\"https:\\\/\\\/www.mexicanguitarplayers.com\\\/tienda\\\/sin categor\u00eda\\\/pedal-t-c-p-bajo-spectradrive\\\/\"]}]},{\"@type\":\"ImageObject\",\"inLanguage\":\"en-US\",\"@id\":\"https:\\\/\\\/www.mexicanguitarplayers.com\\\/tienda\\\/sin categor\u00eda\\\/pedal-t-c-p-bajo-spectradrive\\\/#primaryimage\",\"url\":\"https:\\\/\\\/www.mexicanguitarplayers.com\\\/wp-content\\\/uploads\\\/2025\\\/04\\\/VATCESPECTRADR.jpg\",\"contentUrl\":\"https:\\\/\\\/www.mexicanguitarplayers.com\\\/wp-content\\\/uploads\\\/2025\\\/04\\\/VATCESPECTRADR.jpg\",\"width\":2000,\"height\":1842},{\"@type\":\"BreadcrumbList\",\"@id\":\"https:\\\/\\\/www.mexicanguitarplayers.com\\\/tienda\\\/sin categor\u00eda\\\/pedal-t-c-p-bajo-spectradrive\\\/#breadcrumb\",\"itemListElement\":[{\"@type\":\"ListItem\",\"position\":1,\"name\":\"Portada\",\"item\":\"https:\\\/\\\/www.mexicanguitarplayers.com\\\/\"},{\"@type\":\"ListItem\",\"position\":2,\"name\":\"Tienda\",\"item\":\"https:\\\/\\\/www.mexicanguitarplayers.com\\\/tienda\\\/\"},{\"@type\":\"ListItem\",\"position\":3,\"name\":\"PEDAL T.C. P\\\/BAJO SPECTRADRIVE\"}]},{\"@type\":\"WebSite\",\"@id\":\"https:\\\/\\\/www.mexicanguitarplayers.com\\\/#website\",\"url\":\"https:\\\/\\\/www.mexicanguitarplayers.com\\\/\",\"name\":\"Mexican Guitar Players\",\"description\":\"Website\",\"publisher\":{\"@id\":\"https:\\\/\\\/www.mexicanguitarplayers.com\\\/#organization\"},\"potentialAction\":[{\"@type\":\"SearchAction\",\"target\":{\"@type\":\"EntryPoint\",\"urlTemplate\":\"https:\\\/\\\/www.mexicanguitarplayers.com\\\/?s={search_term_string}\"},\"query-input\":{\"@type\":\"PropertyValueSpecification\",\"valueRequired\":true,\"valueName\":\"search_term_string\"}}],\"inLanguage\":\"en-US\"},{\"@type\":\"Organization\",\"@id\":\"https:\\\/\\\/www.mexicanguitarplayers.com\\\/#organization\",\"name\":\"Mexican Guitar Players\",\"url\":\"https:\\\/\\\/www.mexicanguitarplayers.com\\\/\",\"logo\":{\"@type\":\"ImageObject\",\"inLanguage\":\"en-US\",\"@id\":\"https:\\\/\\\/www.mexicanguitarplayers.com\\\/#\\\/schema\\\/logo\\\/image\\\/\",\"url\":\"\",\"contentUrl\":\"\",\"caption\":\"Mexican Guitar Players\"},\"image\":{\"@id\":\"https:\\\/\\\/www.mexicanguitarplayers.com\\\/#\\\/schema\\\/logo\\\/image\\\/\"}}]}<\/script>\n<!-- \/ Yoast SEO plugin. -->","yoast_head_json":{"title":"PEDAL T.C. P\/BAJO SPECTRADRIVE - Mexican Guitar Players","description":"Pedal Drive y Preamp de alta calidad para bajo, con TonePrints TubeDrive y SpectraComp incorporados, el preamp de graves es portado directamente desde la l\u00ednea de amplificadores de bajo de TC, ofrece opciones tonales excepcionales para la pr\u00e1ctica, en vivo y en el estudio, TubeDrive con tecnolog\u00eda TonePrint que emula las etapas del preamplificador y del bulbo del amplificador de potencia, ofreciendo desde sutilidad hasta distorsi\u00f3n total, control SpectraComp con tecnolog\u00eda TonePrint que proporciona una variedad de perfiles de compresi\u00f3n multibanda ultra-transparentes y altamente musicales para cortar cualquier mezcla, la pila inteligente de EQ dedicada al bajo tiene cuatro perillas simples de control para dar una forma de tono f\u00e1cil e impresionante, DI equilibrado con switch pre\/post que permite la conexi\u00f3n directa a mezcladoras o equipos de grabaci\u00f3n, el almacenamiento en buffer anal\u00f3gico superior del pedal BONAFIDE BUFFER evita la distorsi\u00f3n de la se\u00f1al de los cables largos, entrada de ensayo auxiliar para la reproducci\u00f3n a trav\u00e9s del altavoz o aud\u00edfonos, salidas en paralelo para afinar o enviar se\u00f1ales limpias a tu amplificador y mezcladora, amplificador de aud\u00edfonos con calidad de estudio con emulaci\u00f3n de altavoces para pr\u00e1cticas personales y ensayos silenciosos, controles simples que te permiten enfocarte en tocar, dise\u00f1ado y fabricado en Dinamarca.","robots":{"index":"index","follow":"follow","max-snippet":"max-snippet:-1","max-image-preview":"max-image-preview:large","max-video-preview":"max-video-preview:-1"},"canonical":"https:\/\/www.mexicanguitarplayers.com\/en\/tienda\/sin categor\u00eda\/pedal-t-c-p-bajo-spectradrive\/","og_locale":"en_US","og_type":"article","og_title":"PEDAL T.C. P\/BAJO SPECTRADRIVE - Mexican Guitar Players","og_description":"Pedal Drive y Preamp de alta calidad para bajo, con TonePrints TubeDrive y SpectraComp incorporados, el preamp de graves es portado directamente desde la l\u00ednea de amplificadores de bajo de TC, ofrece opciones tonales excepcionales para la pr\u00e1ctica, en vivo y en el estudio, TubeDrive con tecnolog\u00eda TonePrint que emula las etapas del preamplificador y del bulbo del amplificador de potencia, ofreciendo desde sutilidad hasta distorsi\u00f3n total, control SpectraComp con tecnolog\u00eda TonePrint que proporciona una variedad de perfiles de compresi\u00f3n multibanda ultra-transparentes y altamente musicales para cortar cualquier mezcla, la pila inteligente de EQ dedicada al bajo tiene cuatro perillas simples de control para dar una forma de tono f\u00e1cil e impresionante, DI equilibrado con switch pre\/post que permite la conexi\u00f3n directa a mezcladoras o equipos de grabaci\u00f3n, el almacenamiento en buffer anal\u00f3gico superior del pedal BONAFIDE BUFFER evita la distorsi\u00f3n de la se\u00f1al de los cables largos, entrada de ensayo auxiliar para la reproducci\u00f3n a trav\u00e9s del altavoz o aud\u00edfonos, salidas en paralelo para afinar o enviar se\u00f1ales limpias a tu amplificador y mezcladora, amplificador de aud\u00edfonos con calidad de estudio con emulaci\u00f3n de altavoces para pr\u00e1cticas personales y ensayos silenciosos, controles simples que te permiten enfocarte en tocar, dise\u00f1ado y fabricado en Dinamarca.","og_url":"https:\/\/www.mexicanguitarplayers.com\/en\/tienda\/sin categor\u00eda\/pedal-t-c-p-bajo-spectradrive\/","og_site_name":"Mexican Guitar Players","article_modified_time":"2026-04-10T07:20:25+00:00","twitter_card":"summary_large_image","twitter_misc":{"Est. reading time":"3 minutes"},"schema":{"@context":"https:\/\/schema.org","@graph":[{"@type":["WebPage","ItemPage"],"@id":"https:\/\/www.mexicanguitarplayers.com\/tienda\/sin categor\u00eda\/pedal-t-c-p-bajo-spectradrive\/","url":"https:\/\/www.mexicanguitarplayers.com\/tienda\/sin categor\u00eda\/pedal-t-c-p-bajo-spectradrive\/","name":"PEDAL T.C. P\/BAJO SPECTRADRIVE - Mexican Guitar Players","isPartOf":{"@id":"https:\/\/www.mexicanguitarplayers.com\/#website"},"primaryImageOfPage":{"@id":"https:\/\/www.mexicanguitarplayers.com\/tienda\/sin categor\u00eda\/pedal-t-c-p-bajo-spectradrive\/#primaryimage"},"image":{"@id":"https:\/\/www.mexicanguitarplayers.com\/tienda\/sin categor\u00eda\/pedal-t-c-p-bajo-spectradrive\/#primaryimage"},"thumbnailUrl":"https:\/\/www.mexicanguitarplayers.com\/wp-content\/uploads\/2025\/04\/VATCESPECTRADR.jpg","datePublished":"2025-04-08T18:55:55+00:00","dateModified":"2026-04-10T07:20:25+00:00","description":"Pedal Drive y Preamp de alta calidad para bajo, con TonePrints TubeDrive y SpectraComp incorporados, el preamp de graves es portado directamente desde la l\u00ednea de amplificadores de bajo de TC, ofrece opciones tonales excepcionales para la pr\u00e1ctica, en vivo y en el estudio, TubeDrive con tecnolog\u00eda TonePrint que emula las etapas del preamplificador y del bulbo del amplificador de potencia, ofreciendo desde sutilidad hasta distorsi\u00f3n total, control SpectraComp con tecnolog\u00eda TonePrint que proporciona una variedad de perfiles de compresi\u00f3n multibanda ultra-transparentes y altamente musicales para cortar cualquier mezcla, la pila inteligente de EQ dedicada al bajo tiene cuatro perillas simples de control para dar una forma de tono f\u00e1cil e impresionante, DI equilibrado con switch pre\/post que permite la conexi\u00f3n directa a mezcladoras o equipos de grabaci\u00f3n, el almacenamiento en buffer anal\u00f3gico superior del pedal BONAFIDE BUFFER evita la distorsi\u00f3n de la se\u00f1al de los cables largos, entrada de ensayo auxiliar para la reproducci\u00f3n a trav\u00e9s del altavoz o aud\u00edfonos, salidas en paralelo para afinar o enviar se\u00f1ales limpias a tu amplificador y mezcladora, amplificador de aud\u00edfonos con calidad de estudio con emulaci\u00f3n de altavoces para pr\u00e1cticas personales y ensayos silenciosos, controles simples que te permiten enfocarte en tocar, dise\u00f1ado y fabricado en Dinamarca.","breadcrumb":{"@id":"https:\/\/www.mexicanguitarplayers.com\/tienda\/sin categor\u00eda\/pedal-t-c-p-bajo-spectradrive\/#breadcrumb"},"inLanguage":"en-US","potentialAction":[{"@type":"ReadAction","target":["https:\/\/www.mexicanguitarplayers.com\/tienda\/sin categor\u00eda\/pedal-t-c-p-bajo-spectradrive\/"]}]},{"@type":"ImageObject","inLanguage":"en-US","@id":"https:\/\/www.mexicanguitarplayers.com\/tienda\/sin categor\u00eda\/pedal-t-c-p-bajo-spectradrive\/#primaryimage","url":"https:\/\/www.mexicanguitarplayers.com\/wp-content\/uploads\/2025\/04\/VATCESPECTRADR.jpg","contentUrl":"https:\/\/www.mexicanguitarplayers.com\/wp-content\/uploads\/2025\/04\/VATCESPECTRADR.jpg","width":2000,"height":1842},{"@type":"BreadcrumbList","@id":"https:\/\/www.mexicanguitarplayers.com\/tienda\/sin categor\u00eda\/pedal-t-c-p-bajo-spectradrive\/#breadcrumb","itemListElement":[{"@type":"ListItem","position":1,"name":"Portada","item":"https:\/\/www.mexicanguitarplayers.com\/"},{"@type":"ListItem","position":2,"name":"Tienda","item":"https:\/\/www.mexicanguitarplayers.com\/tienda\/"},{"@type":"ListItem","position":3,"name":"PEDAL T.C. P\/BAJO SPECTRADRIVE"}]},{"@type":"WebSite","@id":"https:\/\/www.mexicanguitarplayers.com\/#website","url":"https:\/\/www.mexicanguitarplayers.com\/","name":"Mexican Guitar Players","description":"Website","publisher":{"@id":"https:\/\/www.mexicanguitarplayers.com\/#organization"},"potentialAction":[{"@type":"SearchAction","target":{"@type":"EntryPoint","urlTemplate":"https:\/\/www.mexicanguitarplayers.com\/?s={search_term_string}"},"query-input":{"@type":"PropertyValueSpecification","valueRequired":true,"valueName":"search_term_string"}}],"inLanguage":"en-US"},{"@type":"Organization","@id":"https:\/\/www.mexicanguitarplayers.com\/#organization","name":"Mexican Guitar Players","url":"https:\/\/www.mexicanguitarplayers.com\/","logo":{"@type":"ImageObject","inLanguage":"en-US","@id":"https:\/\/www.mexicanguitarplayers.com\/#\/schema\/logo\/image\/","url":"","contentUrl":"","caption":"Mexican Guitar Players"},"image":{"@id":"https:\/\/www.mexicanguitarplayers.com\/#\/schema\/logo\/image\/"}}]}},"brands":[{"id":170,"name":"TC-ELECTRONIC","slug":"tc-electronic"}],"_links":{"self":[{"href":"https:\/\/www.mexicanguitarplayers.com\/en\/wp-json\/wp\/v2\/product\/31833","targetHints":{"allow":["GET"]}}],"collection":[{"href":"https:\/\/www.mexicanguitarplayers.com\/en\/wp-json\/wp\/v2\/product"}],"about":[{"href":"https:\/\/www.mexicanguitarplayers.com\/en\/wp-json\/wp\/v2\/types\/product"}],"replies":[{"embeddable":true,"href":"https:\/\/www.mexicanguitarplayers.com\/en\/wp-json\/wp\/v2\/comments?post=31833"}],"wp:featuredmedia":[{"embeddable":true,"href":"https:\/\/www.mexicanguitarplayers.com\/en\/wp-json\/wp\/v2\/media\/31829"}],"wp:attachment":[{"href":"https:\/\/www.mexicanguitarplayers.com\/en\/wp-json\/wp\/v2\/media?parent=31833"}],"wp:term":[{"taxonomy":"pwb-brand","embeddable":true,"href":"https:\/\/www.mexicanguitarplayers.com\/en\/wp-json\/wp\/v2\/pwb-brand?post=31833"},{"taxonomy":"product_brand","embeddable":true,"href":"https:\/\/www.mexicanguitarplayers.com\/en\/wp-json\/wp\/v2\/product_brand?post=31833"},{"taxonomy":"product_cat","embeddable":true,"href":"https:\/\/www.mexicanguitarplayers.com\/en\/wp-json\/wp\/v2\/product_cat?post=31833"},{"taxonomy":"product_tag","embeddable":true,"href":"https:\/\/www.mexicanguitarplayers.com\/en\/wp-json\/wp\/v2\/product_tag?post=31833"}],"curies":[{"name":"wp","href":"https:\/\/api.w.org\/{rel}","templated":true}]}}