{"id":31851,"date":"2025-04-08T12:56:16","date_gmt":"2025-04-08T18:56:16","guid":{"rendered":"https:\/\/www.mexicanguitarplayers.com\/tienda\/sin categor\u00eda\/practicador-meinl-p-pedal-mod-mdpp\/"},"modified":"2026-04-10T04:34:28","modified_gmt":"2026-04-10T10:34:28","slug":"practicador-meinl-p-pedal-mod-mdpp","status":"publish","type":"product","link":"https:\/\/www.mexicanguitarplayers.com\/en\/tienda\/accesorios\/para-bateria\/practicadores\/practicador-meinl-p-pedal-mod-mdpp\/","title":{"rendered":"PRACTICADOR MEINL P\/PEDAL  MOD.  MDPP"},"content":{"rendered":"<div style=\"text-align: justify\">\n<div>\n<h3>La mejor forma de practicar.<\/h3>\n<\/div>\n<div>El pad din\u00e1mico para pedal de Meinl puede ayudarte a obtener tus golpes de bombo hasta donde quieras, incluso si est\u00e1s en gira o fuera de la ciudad. El pad es silencioso, lo que lo hace perfecto para entornos donde practicar con un bombo de 22\u201d pulgadas podr\u00eda no ser la mejor opci\u00f3n. Est\u00e1 dise\u00f1ado para responder s\u00f3nicamente a diferentes niveles din\u00e1micos, lo que significa que este pad va m\u00e1s all\u00e1 del desarrollo de la velocidad. El Dynamic Pedal Pad es bueno para cualquier baterista que busca desarrollar su control, sensibilidad, precisi\u00f3n r\u00edtmica y velocidad con sus pies. Este Pedal Practice Pad no viene con un pedal, pero funcionar\u00e1 con cualquier pedal que ya tengas, para que puedas practicar con la sensaci\u00f3n correcta.<\/div>\n<div>\n<h4>Characteristics<\/h4>\n<\/div>\n<div>\n<ul style=\"margin: 0px 0px 0px 25px\">\n<li style=\"list-style-type: circle;margin: 5px\">Pad para pr\u00e1ctica de pedal para bombo.<\/li>\n<li style=\"list-style-type: circle;margin: 5px\">Ideal para pedal sencillo o doble.<\/li>\n<li style=\"list-style-type: circle;margin: 5px\">Responde a cualquier nivel din\u00e1mico.<\/li>\n<li style=\"list-style-type: circle;margin: 5px\">Ayuda a desarrollar control, independencia, sensaci\u00f3n y velocidad.<\/li>\n<li style=\"list-style-type: circle;margin: 5px\">Altura ajustable.<\/li>\n<li style=\"list-style-type: circle;margin: 5px\">Funciona con cualquier pedal de bombo com\u00fan.<\/li>\n<li style=\"list-style-type: circle;margin: 5px\">No incluye pedal de bombo.<\/li>\n<\/ul>\n<\/div>\n<\/div>","protected":false},"excerpt":{"rendered":"<p>Pad para pr\u00e1ctica de pedal para bombo sencillo o doble, responde a cualquier nivel din\u00e1mico, ayuda a desarrollar el control, la independencia, la sensaci\u00f3n y la velocidad, altura ajustable, funciona con cualquier pedal de bombo com\u00fan, no incluye pedal de bombo.&hellip; <a class=\"kt-excerpt-readmore more-link\" href=\"https:\/\/www.mexicanguitarplayers.com\/en\/tienda\/accesorios\/para-bateria\/practicadores\/practicador-meinl-p-pedal-mod-mdpp\/\">Read more<\/a><\/p>","protected":false},"featured_media":31850,"comment_status":"open","ping_status":"closed","template":"","meta":{"kt_blocks_editor_width":""},"pwb-brand":[290],"product_brand":[],"product_cat":[85,306,307],"product_tag":[],"class_list":{"0":"post-31851","1":"product","2":"type-product","3":"status-publish","4":"has-post-thumbnail","6":"pwb-brand-meinl","7":"product_cat-accesorios","8":"product_cat-para-bateria","9":"product_cat-practicadores","10":"product_shipping_class-0-5-kg","12":"first","13":"outofstock","14":"taxable","15":"shipping-taxable","16":"purchasable","17":"product-type-simple"},"yoast_head":"<!-- This site is optimized with the Yoast SEO plugin v27.6 - https:\/\/yoast.com\/product\/yoast-seo-wordpress\/ -->\n<title>PRACTICADOR MEINL P\/PEDAL MOD. MDPP - Mexican Guitar Players<\/title>\n<meta name=\"description\" content=\"Pad para pr\u00e1ctica de pedal para bombo sencillo o doble, responde a cualquier nivel din\u00e1mico, ayuda a desarrollar el control, la independencia, la sensaci\u00f3n y la velocidad, altura ajustable, funciona con cualquier pedal de bombo com\u00fan, no incluye pedal de bombo.\" \/>\n<meta name=\"robots\" content=\"index, follow, max-snippet:-1, max-image-preview:large, max-video-preview:-1\" \/>\n<link rel=\"canonical\" href=\"https:\/\/www.mexicanguitarplayers.com\/en\/tienda\/sin%20categor\u00eda\/practicador-meinl-p-pedal-mod-mdpp\/\" \/>\n<meta property=\"og:locale\" content=\"en_US\" \/>\n<meta property=\"og:type\" content=\"article\" \/>\n<meta property=\"og:title\" content=\"PRACTICADOR MEINL P\/PEDAL MOD. MDPP - Mexican Guitar Players\" \/>\n<meta property=\"og:description\" content=\"Pad para pr\u00e1ctica de pedal para bombo sencillo o doble, responde a cualquier nivel din\u00e1mico, ayuda a desarrollar el control, la independencia, la sensaci\u00f3n y la velocidad, altura ajustable, funciona con cualquier pedal de bombo com\u00fan, no incluye pedal de bombo.\" \/>\n<meta property=\"og:url\" content=\"https:\/\/www.mexicanguitarplayers.com\/en\/tienda\/sin categor\u00eda\/practicador-meinl-p-pedal-mod-mdpp\/\" \/>\n<meta property=\"og:site_name\" content=\"Mexican Guitar Players\" \/>\n<meta property=\"article:modified_time\" content=\"2026-04-10T10:34:28+00:00\" \/>\n<meta name=\"twitter:card\" content=\"summary_large_image\" \/>\n<meta name=\"twitter:label1\" content=\"Est. reading time\" \/>\n\t<meta name=\"twitter:data1\" content=\"1 minute\" \/>\n<script type=\"application\/ld+json\" class=\"yoast-schema-graph\">{\"@context\":\"https:\\\/\\\/schema.org\",\"@graph\":[{\"@type\":[\"WebPage\",\"ItemPage\"],\"@id\":\"https:\\\/\\\/www.mexicanguitarplayers.com\\\/tienda\\\/sin categor\u00eda\\\/practicador-meinl-p-pedal-mod-mdpp\\\/\",\"url\":\"https:\\\/\\\/www.mexicanguitarplayers.com\\\/tienda\\\/sin categor\u00eda\\\/practicador-meinl-p-pedal-mod-mdpp\\\/\",\"name\":\"PRACTICADOR MEINL P\\\/PEDAL MOD. MDPP - Mexican Guitar Players\",\"isPartOf\":{\"@id\":\"https:\\\/\\\/www.mexicanguitarplayers.com\\\/#website\"},\"primaryImageOfPage\":{\"@id\":\"https:\\\/\\\/www.mexicanguitarplayers.com\\\/tienda\\\/sin categor\u00eda\\\/practicador-meinl-p-pedal-mod-mdpp\\\/#primaryimage\"},\"image\":{\"@id\":\"https:\\\/\\\/www.mexicanguitarplayers.com\\\/tienda\\\/sin categor\u00eda\\\/practicador-meinl-p-pedal-mod-mdpp\\\/#primaryimage\"},\"thumbnailUrl\":\"https:\\\/\\\/www.mexicanguitarplayers.com\\\/wp-content\\\/uploads\\\/2025\\\/04\\\/RAMEIMDPP.jpg\",\"datePublished\":\"2025-04-08T18:56:16+00:00\",\"dateModified\":\"2026-04-10T10:34:28+00:00\",\"description\":\"Pad para pr\u00e1ctica de pedal para bombo sencillo o doble, responde a cualquier nivel din\u00e1mico, ayuda a desarrollar el control, la independencia, la sensaci\u00f3n y la velocidad, altura ajustable, funciona con cualquier pedal de bombo com\u00fan, no incluye pedal de bombo.\",\"breadcrumb\":{\"@id\":\"https:\\\/\\\/www.mexicanguitarplayers.com\\\/tienda\\\/sin categor\u00eda\\\/practicador-meinl-p-pedal-mod-mdpp\\\/#breadcrumb\"},\"inLanguage\":\"en-US\",\"potentialAction\":[{\"@type\":\"ReadAction\",\"target\":[\"https:\\\/\\\/www.mexicanguitarplayers.com\\\/tienda\\\/sin categor\u00eda\\\/practicador-meinl-p-pedal-mod-mdpp\\\/\"]}]},{\"@type\":\"ImageObject\",\"inLanguage\":\"en-US\",\"@id\":\"https:\\\/\\\/www.mexicanguitarplayers.com\\\/tienda\\\/sin categor\u00eda\\\/practicador-meinl-p-pedal-mod-mdpp\\\/#primaryimage\",\"url\":\"https:\\\/\\\/www.mexicanguitarplayers.com\\\/wp-content\\\/uploads\\\/2025\\\/04\\\/RAMEIMDPP.jpg\",\"contentUrl\":\"https:\\\/\\\/www.mexicanguitarplayers.com\\\/wp-content\\\/uploads\\\/2025\\\/04\\\/RAMEIMDPP.jpg\",\"width\":1200,\"height\":1200},{\"@type\":\"BreadcrumbList\",\"@id\":\"https:\\\/\\\/www.mexicanguitarplayers.com\\\/tienda\\\/sin categor\u00eda\\\/practicador-meinl-p-pedal-mod-mdpp\\\/#breadcrumb\",\"itemListElement\":[{\"@type\":\"ListItem\",\"position\":1,\"name\":\"Portada\",\"item\":\"https:\\\/\\\/www.mexicanguitarplayers.com\\\/\"},{\"@type\":\"ListItem\",\"position\":2,\"name\":\"Tienda\",\"item\":\"https:\\\/\\\/www.mexicanguitarplayers.com\\\/tienda\\\/\"},{\"@type\":\"ListItem\",\"position\":3,\"name\":\"PRACTICADOR MEINL P\\\/PEDAL MOD. MDPP\"}]},{\"@type\":\"WebSite\",\"@id\":\"https:\\\/\\\/www.mexicanguitarplayers.com\\\/#website\",\"url\":\"https:\\\/\\\/www.mexicanguitarplayers.com\\\/\",\"name\":\"Mexican Guitar Players\",\"description\":\"Website\",\"publisher\":{\"@id\":\"https:\\\/\\\/www.mexicanguitarplayers.com\\\/#organization\"},\"potentialAction\":[{\"@type\":\"SearchAction\",\"target\":{\"@type\":\"EntryPoint\",\"urlTemplate\":\"https:\\\/\\\/www.mexicanguitarplayers.com\\\/?s={search_term_string}\"},\"query-input\":{\"@type\":\"PropertyValueSpecification\",\"valueRequired\":true,\"valueName\":\"search_term_string\"}}],\"inLanguage\":\"en-US\"},{\"@type\":\"Organization\",\"@id\":\"https:\\\/\\\/www.mexicanguitarplayers.com\\\/#organization\",\"name\":\"Mexican Guitar Players\",\"url\":\"https:\\\/\\\/www.mexicanguitarplayers.com\\\/\",\"logo\":{\"@type\":\"ImageObject\",\"inLanguage\":\"en-US\",\"@id\":\"https:\\\/\\\/www.mexicanguitarplayers.com\\\/#\\\/schema\\\/logo\\\/image\\\/\",\"url\":\"\",\"contentUrl\":\"\",\"caption\":\"Mexican Guitar Players\"},\"image\":{\"@id\":\"https:\\\/\\\/www.mexicanguitarplayers.com\\\/#\\\/schema\\\/logo\\\/image\\\/\"}}]}<\/script>\n<!-- \/ Yoast SEO plugin. -->","yoast_head_json":{"title":"PRACTICADOR MEINL P\/PEDAL MOD. MDPP - Mexican Guitar Players","description":"Pad para pr\u00e1ctica de pedal para bombo sencillo o doble, responde a cualquier nivel din\u00e1mico, ayuda a desarrollar el control, la independencia, la sensaci\u00f3n y la velocidad, altura ajustable, funciona con cualquier pedal de bombo com\u00fan, no incluye pedal de bombo.","robots":{"index":"index","follow":"follow","max-snippet":"max-snippet:-1","max-image-preview":"max-image-preview:large","max-video-preview":"max-video-preview:-1"},"canonical":"https:\/\/www.mexicanguitarplayers.com\/en\/tienda\/sin categor\u00eda\/practicador-meinl-p-pedal-mod-mdpp\/","og_locale":"en_US","og_type":"article","og_title":"PRACTICADOR MEINL P\/PEDAL MOD. MDPP - Mexican Guitar Players","og_description":"Pad para pr\u00e1ctica de pedal para bombo sencillo o doble, responde a cualquier nivel din\u00e1mico, ayuda a desarrollar el control, la independencia, la sensaci\u00f3n y la velocidad, altura ajustable, funciona con cualquier pedal de bombo com\u00fan, no incluye pedal de bombo.","og_url":"https:\/\/www.mexicanguitarplayers.com\/en\/tienda\/sin categor\u00eda\/practicador-meinl-p-pedal-mod-mdpp\/","og_site_name":"Mexican Guitar Players","article_modified_time":"2026-04-10T10:34:28+00:00","twitter_card":"summary_large_image","twitter_misc":{"Est. reading time":"1 minute"},"schema":{"@context":"https:\/\/schema.org","@graph":[{"@type":["WebPage","ItemPage"],"@id":"https:\/\/www.mexicanguitarplayers.com\/tienda\/sin categor\u00eda\/practicador-meinl-p-pedal-mod-mdpp\/","url":"https:\/\/www.mexicanguitarplayers.com\/tienda\/sin categor\u00eda\/practicador-meinl-p-pedal-mod-mdpp\/","name":"PRACTICADOR MEINL P\/PEDAL MOD. MDPP - Mexican Guitar Players","isPartOf":{"@id":"https:\/\/www.mexicanguitarplayers.com\/#website"},"primaryImageOfPage":{"@id":"https:\/\/www.mexicanguitarplayers.com\/tienda\/sin categor\u00eda\/practicador-meinl-p-pedal-mod-mdpp\/#primaryimage"},"image":{"@id":"https:\/\/www.mexicanguitarplayers.com\/tienda\/sin categor\u00eda\/practicador-meinl-p-pedal-mod-mdpp\/#primaryimage"},"thumbnailUrl":"https:\/\/www.mexicanguitarplayers.com\/wp-content\/uploads\/2025\/04\/RAMEIMDPP.jpg","datePublished":"2025-04-08T18:56:16+00:00","dateModified":"2026-04-10T10:34:28+00:00","description":"Pad para pr\u00e1ctica de pedal para bombo sencillo o doble, responde a cualquier nivel din\u00e1mico, ayuda a desarrollar el control, la independencia, la sensaci\u00f3n y la velocidad, altura ajustable, funciona con cualquier pedal de bombo com\u00fan, no incluye pedal de bombo.","breadcrumb":{"@id":"https:\/\/www.mexicanguitarplayers.com\/tienda\/sin categor\u00eda\/practicador-meinl-p-pedal-mod-mdpp\/#breadcrumb"},"inLanguage":"en-US","potentialAction":[{"@type":"ReadAction","target":["https:\/\/www.mexicanguitarplayers.com\/tienda\/sin categor\u00eda\/practicador-meinl-p-pedal-mod-mdpp\/"]}]},{"@type":"ImageObject","inLanguage":"en-US","@id":"https:\/\/www.mexicanguitarplayers.com\/tienda\/sin categor\u00eda\/practicador-meinl-p-pedal-mod-mdpp\/#primaryimage","url":"https:\/\/www.mexicanguitarplayers.com\/wp-content\/uploads\/2025\/04\/RAMEIMDPP.jpg","contentUrl":"https:\/\/www.mexicanguitarplayers.com\/wp-content\/uploads\/2025\/04\/RAMEIMDPP.jpg","width":1200,"height":1200},{"@type":"BreadcrumbList","@id":"https:\/\/www.mexicanguitarplayers.com\/tienda\/sin categor\u00eda\/practicador-meinl-p-pedal-mod-mdpp\/#breadcrumb","itemListElement":[{"@type":"ListItem","position":1,"name":"Portada","item":"https:\/\/www.mexicanguitarplayers.com\/"},{"@type":"ListItem","position":2,"name":"Tienda","item":"https:\/\/www.mexicanguitarplayers.com\/tienda\/"},{"@type":"ListItem","position":3,"name":"PRACTICADOR MEINL P\/PEDAL MOD. MDPP"}]},{"@type":"WebSite","@id":"https:\/\/www.mexicanguitarplayers.com\/#website","url":"https:\/\/www.mexicanguitarplayers.com\/","name":"Mexican Guitar Players","description":"Website","publisher":{"@id":"https:\/\/www.mexicanguitarplayers.com\/#organization"},"potentialAction":[{"@type":"SearchAction","target":{"@type":"EntryPoint","urlTemplate":"https:\/\/www.mexicanguitarplayers.com\/?s={search_term_string}"},"query-input":{"@type":"PropertyValueSpecification","valueRequired":true,"valueName":"search_term_string"}}],"inLanguage":"en-US"},{"@type":"Organization","@id":"https:\/\/www.mexicanguitarplayers.com\/#organization","name":"Mexican Guitar Players","url":"https:\/\/www.mexicanguitarplayers.com\/","logo":{"@type":"ImageObject","inLanguage":"en-US","@id":"https:\/\/www.mexicanguitarplayers.com\/#\/schema\/logo\/image\/","url":"","contentUrl":"","caption":"Mexican Guitar Players"},"image":{"@id":"https:\/\/www.mexicanguitarplayers.com\/#\/schema\/logo\/image\/"}}]}},"brands":[{"id":290,"name":"MEINL","slug":"meinl"}],"_links":{"self":[{"href":"https:\/\/www.mexicanguitarplayers.com\/en\/wp-json\/wp\/v2\/product\/31851","targetHints":{"allow":["GET"]}}],"collection":[{"href":"https:\/\/www.mexicanguitarplayers.com\/en\/wp-json\/wp\/v2\/product"}],"about":[{"href":"https:\/\/www.mexicanguitarplayers.com\/en\/wp-json\/wp\/v2\/types\/product"}],"replies":[{"embeddable":true,"href":"https:\/\/www.mexicanguitarplayers.com\/en\/wp-json\/wp\/v2\/comments?post=31851"}],"wp:featuredmedia":[{"embeddable":true,"href":"https:\/\/www.mexicanguitarplayers.com\/en\/wp-json\/wp\/v2\/media\/31850"}],"wp:attachment":[{"href":"https:\/\/www.mexicanguitarplayers.com\/en\/wp-json\/wp\/v2\/media?parent=31851"}],"wp:term":[{"taxonomy":"pwb-brand","embeddable":true,"href":"https:\/\/www.mexicanguitarplayers.com\/en\/wp-json\/wp\/v2\/pwb-brand?post=31851"},{"taxonomy":"product_brand","embeddable":true,"href":"https:\/\/www.mexicanguitarplayers.com\/en\/wp-json\/wp\/v2\/product_brand?post=31851"},{"taxonomy":"product_cat","embeddable":true,"href":"https:\/\/www.mexicanguitarplayers.com\/en\/wp-json\/wp\/v2\/product_cat?post=31851"},{"taxonomy":"product_tag","embeddable":true,"href":"https:\/\/www.mexicanguitarplayers.com\/en\/wp-json\/wp\/v2\/product_tag?post=31851"}],"curies":[{"name":"wp","href":"https:\/\/api.w.org\/{rel}","templated":true}]}}