{"id":31875,"date":"2025-04-08T12:56:49","date_gmt":"2025-04-08T18:56:49","guid":{"rendered":"https:\/\/www.mexicanguitarplayers.com\/tienda\/sin categor\u00eda\/amplificador-nux-audif-mp-2-mighty-plug\/"},"modified":"2026-05-01T07:23:53","modified_gmt":"2026-05-01T13:23:53","slug":"amplificador-nux-audif-mp-2-mighty-plug","status":"publish","type":"product","link":"https:\/\/www.mexicanguitarplayers.com\/en\/tienda\/cuerdas\/amplificadores-cuerdas\/amps-para-guitarra\/amplificador-nux-audif-mp-2-mighty-plug\/","title":{"rendered":"AMPLIFICADOR NUX AUDIF MP-2  MIGHTY PLUG"},"content":{"rendered":"<div style=\"text-align: justify\">\n<div>\n<h3>Una gran experiencia silenciosa.<\/h3>\n<\/div>\n<div>Mighty Plug es un pr\u00e1ctico amplificador silencioso para guitarristas y bajistas, que presenta varios efectos, amplificadores de modelado y modelos de gabinete de respuesta a impulsos (IR). Con los modelos IR de guitarra ac\u00fastica incorporados y los amplificadores ac\u00fasticos, puedes tocar la guitarra el\u00e9ctrica normal para simular una guitarra ac\u00fastica. Los patrones de bater\u00eda incorporados te permiten tocar junto con tus g\u00e9neros musicales favoritos. Para controlar de forma remota Mighty Plug con un tel\u00e9fono celular o tablet a trav\u00e9s de Bluetooth, instala la aplicaci\u00f3n MightyAmp.<\/div>\n<div>\n<h4>Quick look<\/h4>\n<\/div>\n<ul style=\"margin: 0px 0px 0px 25px\">\n<li style=\"list-style-type: circle;margin: 5px\">Modelado de alta calidad.<\/li>\n<li style=\"list-style-type: circle;margin: 5px\">Canales de guitarra.<\/li>\n<li style=\"list-style-type: circle;margin: 5px\">Canales de bajo.<\/li>\n<li style=\"list-style-type: circle;margin: 5px\">Modo Bluetooth.<\/li>\n<li style=\"list-style-type: circle;margin: 5px\">App Mighty Amp Mobile.<\/li>\n<li style=\"list-style-type: circle;margin: 5px\">Nunca pierdas tus ideas, gr\u00e1balas.<\/li>\n<li style=\"list-style-type: circle;margin: 5px\">Perfecto para todos los estilos.<\/li>\n<li style=\"list-style-type: circle;margin: 5px\">Bater\u00eda de larga duraci\u00f3n y modo ECO.<\/li>\n<li style=\"list-style-type: circle;margin: 5px\">Para usuarios Android.<\/li>\n<li style=\"list-style-type: circle;margin: 5px\">Especificaciones.<\/li>\n<\/ul>\n<div>\n<div style=\"font-weight: bold\">Modelado de alta calidad.<\/div>\n<div>\n<p>Mighty Plug ofrece la capacidad de combinar efectos, amplificadores y gabinetes para guitarristas y bajistas. Cada parte del instrumento tiene su paquete independiente para modelos de amplificador, gabinetes y efectos. Aprovechando el uso de aud\u00edfonos, todos los efectos est\u00e1n dise\u00f1ados para un sonido envolvente.<\/p>\n<\/div>\n<div style=\"font-weight: bold\">Canales de guitarra.<\/div>\n<div>\n<p>Clean, Overdrive, Distorsi\u00f3n y Simulador de Guitarra Ac\u00fastica.<\/p>\n<\/div>\n<div style=\"font-weight: bold\">Canales de bajo.<\/div>\n<div>\n<p>Pop, Rock y Funk.<\/p>\n<\/div>\n<div style=\"font-weight: bold\">Modo Bluetooth.<\/div>\n<div>\n<p>Puedes elegir el modo AUDIO de la conexi\u00f3n Bluetooth para reproducir junto con tu m\u00fasica favorita o el modo APP para controlar los efectos y personalizar tus ajustes prestablecidos y almacenarlos. Tambi\u00e9n puedes reproducir cualquier m\u00fasica cuando se selecciona el modo APP. La opci\u00f3n de modo de audio es \u00fatil cuando se conecta cualquier dispositivo Bluetooth en el que no puedas instalar la aplicaci\u00f3n Mighty Amp.<\/p>\n<\/div>\n<div style=\"font-weight: bold\">App Mighty Amp Mobile.<\/div>\n<div>\n<p>El Bluetooth del Mighty Plug puede hacer m\u00e1s que s\u00f3lo reproducir audio. Tambi\u00e9n puede controlar el amplificador con la app Mighty Amp. Hay muchos modelos de pre-amp, gabinetes y efectos IR disponibles con nuestra aplicaci\u00f3n gratuita Mighty Amp. Y la mejor parte es que puedes guardar todos los cambios realizados en un canal para su uso posterior.<\/p>\n<\/div>\n<div style=\"font-weight: bold\">Nunca pierdas tus ideas, gr\u00e1balas.<\/div>\n<div>\n<p>Puedes grabar tu instrumento sin utilizar ninguna interfaz de audio. Mighty Plug tiene una funci\u00f3n de transmisi\u00f3n de audio incorporada, por lo que puedes conectar el Amplug directamente a tu computadora con un cable USB Micro B y estar\u00e1s listo para reproducir y grabar. Una soluci\u00f3n sin drivers que te ayuda a producir m\u00fasica con conexi\u00f3n directa. Puedes usar la salida de aud\u00edfonos para monitorear, escuchar\u00e1s tanto tu guitarra como el audio de tu computadora. Para computadoras con Windows 10 y Mac (si est\u00e1s utilizando Windows 8.1 o versiones anteriores, descarga el driver NUX ASIO e inst\u00e1lalo en tu computadora.<\/p>\n<\/div>\n<div style=\"font-weight: bold\">Perfecto para todos los estilos.<\/div>\n<div>\n<p>Compatibilidad definitiva. Mighty Plug funciona perfectamente con guitarras y bajos el\u00e9ctricos activos, pasivos y guitarras electroac\u00fasticas con pastilla piezoel\u00e9ctrica o magn\u00e9tica. La se\u00f1al es muy clara. Adem\u00e1s, el dise\u00f1o compacto y liviano te permite tocar c\u00f3modamente en cualquier tipo de cuerpo de guitarra y bajo, incluyendo guitarras ac\u00fasticas y ukeleles.<\/p>\n<\/div>\n<div style=\"font-weight: bold\">Bater\u00eda de larga duraci\u00f3n y modo ECO.<\/div>\n<div>\n<p>Cuando enciendes el Mighty Plug, se ejecutar\u00e1 en modo ECO de forma predeterminada. Si no hay aud\u00edfonos conectados durante 2 minutos, o no hay se\u00f1al (de guitarra, Bluetooth o USB) durante 6 minutos, Mighty Plug se apagar\u00e1.<\/p>\n<\/div>\n<div style=\"font-weight: bold\">Para usuarios Android.<\/div>\n<div>\n<p>Por lo general, conectar tus dispositivos a los amplificadores de la seroe Mighty es lo mismo que conectar un altavoz Bluetooth. Enciende el Bluetooth, busca los dispositivos, selecciona el amplificador y listo. Si tienes problemas de conexi\u00f3n: 1.- Enciende los &#8220;Servicios GPS&#8221; en tu dispositivo 2.- Vuelve a abrir la aplicaci\u00f3n Mighty Amp y 3.- Permite que encienda Bluetooth. Ahora tu dispositivo est\u00e1 conectado correctamente y falta solo un paso: Ve a Configuraci\u00f3n (en la parte inferior derecha). Normalmente se puede ver el nombre de tu dispositivo aqu\u00ed. Si no es as\u00ed, ve a: Seleccionar Dispositivo y elije tu amplificador. Todo est\u00e1 listo. Ahora puedes activar el control MIDI, ajustar los par\u00e1metros y controlar tu amplificador NUX con tu dispositivo m\u00f3vil.<\/p>\n<\/div>\n<div style=\"font-weight: bold\">Especificaciones.<\/div>\n<div>\n<p>Modos: Guitarra y bajo. Simulador de guitarra ac\u00fastica con emulaci\u00f3n IR de guitarra ac\u00fastica. 13 modelos de amplificador. 20 archivos IR (altavoz y guitarra ac\u00fastica). 19 variedades de efectos. Puerta de ruido. Simulaci\u00f3n real de circuito anal\u00f3gico NUX TS\/AC. Algoritmo de modelado de amplificador f\u00edsico. Bater\u00eda de litio recargable. 3 horas de funcionamiento tocando. Bluetooth 4.2 de modo dual. Drum Beats: 10 patrones y metr\u00f3nomo. Consumo de corriente: 190 mA. Impedancia de entrada: 1 mili-ohm. Potencia nominal: 125 mW x 2. Rango de respuesta de frecuencia: 20 &#8211; 20 kHz. Fuente de alimentaci\u00f3n: Bater\u00eda LiPo recargable incorporada de 3.7V\/1000 mAh. Dimensiones: 81 x 41 x 30 mm. Peso: 62 g.<\/p>\n<\/div>\n<\/div>\n<\/div>","protected":false},"excerpt":{"rendered":"<p>Amplificador de aud\u00edfonos para guitarra, s imulador de guitarra ac\u00fastica con emulaci\u00f3n IR de guitarra ac\u00fastica, ofrece la capacidad de combinar efectos, amplificadores y gabinetes para guitarristas y bajistas, 13 modelos de amplificador, 20 archivos IR (altavoz y guitarra ac\u00fastica) y 19 variedades de efectos, canales de guitarra: Clean, Overdrive, Distorsi\u00f3n y Simulador de Guitarra Ac\u00fastica, canales de bajo: Pop, Rock y Funk, modo bluetooth, app Mighty Amp Mobile, permite grabar sin utilizar interfaz de audio, por medio de la conexi\u00f3n USB, bater\u00eda de larga duraci\u00f3n y modo ECO, puerta de ruido, simulaci\u00f3n real de circuito anal\u00f3gico NUX TS\/AC, algoritmo de modelado de amplificador f\u00edsico, Drum Beats: 10 patrones y metr\u00f3nomo, consumo de corriente: 190 mA, impedancia de entrada: 1 mili-ohm, potencia nominal: 125 mW x 2, rango de respuesta de frecuencia: 20 &#8211; 20 kHz, fuente de alimentaci\u00f3n: Bater\u00eda LiPo recargable incorporada de 3.7V\/1000 mAh, dimensiones: 81 x 41 x 30 mm, peso: 62 g.&hellip; <a class=\"kt-excerpt-readmore more-link\" href=\"https:\/\/www.mexicanguitarplayers.com\/en\/tienda\/cuerdas\/amplificadores-cuerdas\/amps-para-guitarra\/amplificador-nux-audif-mp-2-mighty-plug\/\">Read more<\/a><\/p>","protected":false},"featured_media":31866,"comment_status":"open","ping_status":"closed","template":"","meta":{"kt_blocks_editor_width":""},"pwb-brand":[177],"product_brand":[],"product_cat":[219,226,224],"product_tag":[],"class_list":{"0":"post-31875","1":"product","2":"type-product","3":"status-publish","4":"has-post-thumbnail","6":"pwb-brand-nux","7":"product_cat-amplificadores-audio","8":"product_cat-amps-para-guitarra","9":"product_cat-cuerdas","10":"product_shipping_class-0-5-kg","12":"first","13":"instock","14":"taxable","15":"shipping-taxable","16":"purchasable","17":"product-type-simple"},"yoast_head":"<!-- This site is optimized with the Yoast SEO plugin v27.6 - https:\/\/yoast.com\/product\/yoast-seo-wordpress\/ -->\n<title>AMPLIFICADOR NUX AUDIF MP-2 MIGHTY PLUG - Mexican Guitar Players<\/title>\n<meta name=\"description\" content=\"Amplificador de aud\u00edfonos para guitarra, s imulador de guitarra ac\u00fastica con emulaci\u00f3n IR de guitarra ac\u00fastica, ofrece la capacidad de combinar efectos, amplificadores y gabinetes para guitarristas y bajistas, 13 modelos de amplificador, 20 archivos IR (altavoz y guitarra ac\u00fastica) y 19 variedades de efectos, canales de guitarra: Clean, Overdrive, Distorsi\u00f3n y Simulador de Guitarra Ac\u00fastica, canales de bajo: Pop, Rock y Funk, modo bluetooth, app Mighty Amp Mobile, permite grabar sin utilizar interfaz de audio, por medio de la conexi\u00f3n USB, bater\u00eda de larga duraci\u00f3n y modo ECO, puerta de ruido, simulaci\u00f3n real de circuito anal\u00f3gico NUX TS\/AC, algoritmo de modelado de amplificador f\u00edsico, Drum Beats: 10 patrones y metr\u00f3nomo, consumo de corriente: 190 mA, impedancia de entrada: 1 mili-ohm, potencia nominal: 125 mW x 2, rango de respuesta de frecuencia: 20 - 20 kHz, fuente de alimentaci\u00f3n: Bater\u00eda LiPo recargable incorporada de 3.7V\/1000 mAh, dimensiones: 81 x 41 x 30 mm, peso: 62 g.\" \/>\n<meta name=\"robots\" content=\"index, follow, max-snippet:-1, max-image-preview:large, max-video-preview:-1\" \/>\n<link rel=\"canonical\" href=\"https:\/\/www.mexicanguitarplayers.com\/en\/tienda\/sin%20categor\u00eda\/amplificador-nux-audif-mp-2-mighty-plug\/\" \/>\n<meta property=\"og:locale\" content=\"en_US\" \/>\n<meta property=\"og:type\" content=\"article\" \/>\n<meta property=\"og:title\" content=\"AMPLIFICADOR NUX AUDIF MP-2 MIGHTY PLUG - Mexican Guitar Players\" \/>\n<meta property=\"og:description\" content=\"Amplificador de aud\u00edfonos para guitarra, s imulador de guitarra ac\u00fastica con emulaci\u00f3n IR de guitarra ac\u00fastica, ofrece la capacidad de combinar efectos, amplificadores y gabinetes para guitarristas y bajistas, 13 modelos de amplificador, 20 archivos IR (altavoz y guitarra ac\u00fastica) y 19 variedades de efectos, canales de guitarra: Clean, Overdrive, Distorsi\u00f3n y Simulador de Guitarra Ac\u00fastica, canales de bajo: Pop, Rock y Funk, modo bluetooth, app Mighty Amp Mobile, permite grabar sin utilizar interfaz de audio, por medio de la conexi\u00f3n USB, bater\u00eda de larga duraci\u00f3n y modo ECO, puerta de ruido, simulaci\u00f3n real de circuito anal\u00f3gico NUX TS\/AC, algoritmo de modelado de amplificador f\u00edsico, Drum Beats: 10 patrones y metr\u00f3nomo, consumo de corriente: 190 mA, impedancia de entrada: 1 mili-ohm, potencia nominal: 125 mW x 2, rango de respuesta de frecuencia: 20 - 20 kHz, fuente de alimentaci\u00f3n: Bater\u00eda LiPo recargable incorporada de 3.7V\/1000 mAh, dimensiones: 81 x 41 x 30 mm, peso: 62 g.\" \/>\n<meta property=\"og:url\" content=\"https:\/\/www.mexicanguitarplayers.com\/en\/tienda\/sin categor\u00eda\/amplificador-nux-audif-mp-2-mighty-plug\/\" \/>\n<meta property=\"og:site_name\" content=\"Mexican Guitar Players\" \/>\n<meta property=\"article:modified_time\" content=\"2026-05-01T13:23:53+00:00\" \/>\n<meta name=\"twitter:card\" content=\"summary_large_image\" \/>\n<meta name=\"twitter:label1\" content=\"Est. reading time\" \/>\n\t<meta name=\"twitter:data1\" content=\"4 minutes\" \/>\n<script type=\"application\/ld+json\" class=\"yoast-schema-graph\">{\"@context\":\"https:\\\/\\\/schema.org\",\"@graph\":[{\"@type\":[\"WebPage\",\"ItemPage\"],\"@id\":\"https:\\\/\\\/www.mexicanguitarplayers.com\\\/tienda\\\/sin categor\u00eda\\\/amplificador-nux-audif-mp-2-mighty-plug\\\/\",\"url\":\"https:\\\/\\\/www.mexicanguitarplayers.com\\\/tienda\\\/sin categor\u00eda\\\/amplificador-nux-audif-mp-2-mighty-plug\\\/\",\"name\":\"AMPLIFICADOR NUX AUDIF MP-2 MIGHTY PLUG - Mexican Guitar Players\",\"isPartOf\":{\"@id\":\"https:\\\/\\\/www.mexicanguitarplayers.com\\\/#website\"},\"primaryImageOfPage\":{\"@id\":\"https:\\\/\\\/www.mexicanguitarplayers.com\\\/tienda\\\/sin categor\u00eda\\\/amplificador-nux-audif-mp-2-mighty-plug\\\/#primaryimage\"},\"image\":{\"@id\":\"https:\\\/\\\/www.mexicanguitarplayers.com\\\/tienda\\\/sin categor\u00eda\\\/amplificador-nux-audif-mp-2-mighty-plug\\\/#primaryimage\"},\"thumbnailUrl\":\"https:\\\/\\\/www.mexicanguitarplayers.com\\\/wp-content\\\/uploads\\\/2025\\\/04\\\/ICNUXMIGHTYPLU.jpg\",\"datePublished\":\"2025-04-08T18:56:49+00:00\",\"dateModified\":\"2026-05-01T13:23:53+00:00\",\"description\":\"Amplificador de aud\u00edfonos para guitarra, s imulador de guitarra ac\u00fastica con emulaci\u00f3n IR de guitarra ac\u00fastica, ofrece la capacidad de combinar efectos, amplificadores y gabinetes para guitarristas y bajistas, 13 modelos de amplificador, 20 archivos IR (altavoz y guitarra ac\u00fastica) y 19 variedades de efectos, canales de guitarra: Clean, Overdrive, Distorsi\u00f3n y Simulador de Guitarra Ac\u00fastica, canales de bajo: Pop, Rock y Funk, modo bluetooth, app Mighty Amp Mobile, permite grabar sin utilizar interfaz de audio, por medio de la conexi\u00f3n USB, bater\u00eda de larga duraci\u00f3n y modo ECO, puerta de ruido, simulaci\u00f3n real de circuito anal\u00f3gico NUX TS\\\/AC, algoritmo de modelado de amplificador f\u00edsico, Drum Beats: 10 patrones y metr\u00f3nomo, consumo de corriente: 190 mA, impedancia de entrada: 1 mili-ohm, potencia nominal: 125 mW x 2, rango de respuesta de frecuencia: 20 - 20 kHz, fuente de alimentaci\u00f3n: Bater\u00eda LiPo recargable incorporada de 3.7V\\\/1000 mAh, dimensiones: 81 x 41 x 30 mm, peso: 62 g.\",\"breadcrumb\":{\"@id\":\"https:\\\/\\\/www.mexicanguitarplayers.com\\\/tienda\\\/sin categor\u00eda\\\/amplificador-nux-audif-mp-2-mighty-plug\\\/#breadcrumb\"},\"inLanguage\":\"en-US\",\"potentialAction\":[{\"@type\":\"ReadAction\",\"target\":[\"https:\\\/\\\/www.mexicanguitarplayers.com\\\/tienda\\\/sin categor\u00eda\\\/amplificador-nux-audif-mp-2-mighty-plug\\\/\"]}]},{\"@type\":\"ImageObject\",\"inLanguage\":\"en-US\",\"@id\":\"https:\\\/\\\/www.mexicanguitarplayers.com\\\/tienda\\\/sin categor\u00eda\\\/amplificador-nux-audif-mp-2-mighty-plug\\\/#primaryimage\",\"url\":\"https:\\\/\\\/www.mexicanguitarplayers.com\\\/wp-content\\\/uploads\\\/2025\\\/04\\\/ICNUXMIGHTYPLU.jpg\",\"contentUrl\":\"https:\\\/\\\/www.mexicanguitarplayers.com\\\/wp-content\\\/uploads\\\/2025\\\/04\\\/ICNUXMIGHTYPLU.jpg\",\"width\":800,\"height\":1600},{\"@type\":\"BreadcrumbList\",\"@id\":\"https:\\\/\\\/www.mexicanguitarplayers.com\\\/tienda\\\/sin categor\u00eda\\\/amplificador-nux-audif-mp-2-mighty-plug\\\/#breadcrumb\",\"itemListElement\":[{\"@type\":\"ListItem\",\"position\":1,\"name\":\"Portada\",\"item\":\"https:\\\/\\\/www.mexicanguitarplayers.com\\\/\"},{\"@type\":\"ListItem\",\"position\":2,\"name\":\"Tienda\",\"item\":\"https:\\\/\\\/www.mexicanguitarplayers.com\\\/tienda\\\/\"},{\"@type\":\"ListItem\",\"position\":3,\"name\":\"AMPLIFICADOR NUX AUDIF MP-2 MIGHTY PLUG\"}]},{\"@type\":\"WebSite\",\"@id\":\"https:\\\/\\\/www.mexicanguitarplayers.com\\\/#website\",\"url\":\"https:\\\/\\\/www.mexicanguitarplayers.com\\\/\",\"name\":\"Mexican Guitar Players\",\"description\":\"Website\",\"publisher\":{\"@id\":\"https:\\\/\\\/www.mexicanguitarplayers.com\\\/#organization\"},\"potentialAction\":[{\"@type\":\"SearchAction\",\"target\":{\"@type\":\"EntryPoint\",\"urlTemplate\":\"https:\\\/\\\/www.mexicanguitarplayers.com\\\/?s={search_term_string}\"},\"query-input\":{\"@type\":\"PropertyValueSpecification\",\"valueRequired\":true,\"valueName\":\"search_term_string\"}}],\"inLanguage\":\"en-US\"},{\"@type\":\"Organization\",\"@id\":\"https:\\\/\\\/www.mexicanguitarplayers.com\\\/#organization\",\"name\":\"Mexican Guitar Players\",\"url\":\"https:\\\/\\\/www.mexicanguitarplayers.com\\\/\",\"logo\":{\"@type\":\"ImageObject\",\"inLanguage\":\"en-US\",\"@id\":\"https:\\\/\\\/www.mexicanguitarplayers.com\\\/#\\\/schema\\\/logo\\\/image\\\/\",\"url\":\"\",\"contentUrl\":\"\",\"caption\":\"Mexican Guitar Players\"},\"image\":{\"@id\":\"https:\\\/\\\/www.mexicanguitarplayers.com\\\/#\\\/schema\\\/logo\\\/image\\\/\"}}]}<\/script>\n<!-- \/ Yoast SEO plugin. -->","yoast_head_json":{"title":"AMPLIFICADOR NUX AUDIF MP-2 MIGHTY PLUG - Mexican Guitar Players","description":"Amplificador de aud\u00edfonos para guitarra, s imulador de guitarra ac\u00fastica con emulaci\u00f3n IR de guitarra ac\u00fastica, ofrece la capacidad de combinar efectos, amplificadores y gabinetes para guitarristas y bajistas, 13 modelos de amplificador, 20 archivos IR (altavoz y guitarra ac\u00fastica) y 19 variedades de efectos, canales de guitarra: Clean, Overdrive, Distorsi\u00f3n y Simulador de Guitarra Ac\u00fastica, canales de bajo: Pop, Rock y Funk, modo bluetooth, app Mighty Amp Mobile, permite grabar sin utilizar interfaz de audio, por medio de la conexi\u00f3n USB, bater\u00eda de larga duraci\u00f3n y modo ECO, puerta de ruido, simulaci\u00f3n real de circuito anal\u00f3gico NUX TS\/AC, algoritmo de modelado de amplificador f\u00edsico, Drum Beats: 10 patrones y metr\u00f3nomo, consumo de corriente: 190 mA, impedancia de entrada: 1 mili-ohm, potencia nominal: 125 mW x 2, rango de respuesta de frecuencia: 20 - 20 kHz, fuente de alimentaci\u00f3n: Bater\u00eda LiPo recargable incorporada de 3.7V\/1000 mAh, dimensiones: 81 x 41 x 30 mm, peso: 62 g.","robots":{"index":"index","follow":"follow","max-snippet":"max-snippet:-1","max-image-preview":"max-image-preview:large","max-video-preview":"max-video-preview:-1"},"canonical":"https:\/\/www.mexicanguitarplayers.com\/en\/tienda\/sin categor\u00eda\/amplificador-nux-audif-mp-2-mighty-plug\/","og_locale":"en_US","og_type":"article","og_title":"AMPLIFICADOR NUX AUDIF MP-2 MIGHTY PLUG - Mexican Guitar Players","og_description":"Amplificador de aud\u00edfonos para guitarra, s imulador de guitarra ac\u00fastica con emulaci\u00f3n IR de guitarra ac\u00fastica, ofrece la capacidad de combinar efectos, amplificadores y gabinetes para guitarristas y bajistas, 13 modelos de amplificador, 20 archivos IR (altavoz y guitarra ac\u00fastica) y 19 variedades de efectos, canales de guitarra: Clean, Overdrive, Distorsi\u00f3n y Simulador de Guitarra Ac\u00fastica, canales de bajo: Pop, Rock y Funk, modo bluetooth, app Mighty Amp Mobile, permite grabar sin utilizar interfaz de audio, por medio de la conexi\u00f3n USB, bater\u00eda de larga duraci\u00f3n y modo ECO, puerta de ruido, simulaci\u00f3n real de circuito anal\u00f3gico NUX TS\/AC, algoritmo de modelado de amplificador f\u00edsico, Drum Beats: 10 patrones y metr\u00f3nomo, consumo de corriente: 190 mA, impedancia de entrada: 1 mili-ohm, potencia nominal: 125 mW x 2, rango de respuesta de frecuencia: 20 - 20 kHz, fuente de alimentaci\u00f3n: Bater\u00eda LiPo recargable incorporada de 3.7V\/1000 mAh, dimensiones: 81 x 41 x 30 mm, peso: 62 g.","og_url":"https:\/\/www.mexicanguitarplayers.com\/en\/tienda\/sin categor\u00eda\/amplificador-nux-audif-mp-2-mighty-plug\/","og_site_name":"Mexican Guitar Players","article_modified_time":"2026-05-01T13:23:53+00:00","twitter_card":"summary_large_image","twitter_misc":{"Est. reading time":"4 minutes"},"schema":{"@context":"https:\/\/schema.org","@graph":[{"@type":["WebPage","ItemPage"],"@id":"https:\/\/www.mexicanguitarplayers.com\/tienda\/sin categor\u00eda\/amplificador-nux-audif-mp-2-mighty-plug\/","url":"https:\/\/www.mexicanguitarplayers.com\/tienda\/sin categor\u00eda\/amplificador-nux-audif-mp-2-mighty-plug\/","name":"AMPLIFICADOR NUX AUDIF MP-2 MIGHTY PLUG - Mexican Guitar Players","isPartOf":{"@id":"https:\/\/www.mexicanguitarplayers.com\/#website"},"primaryImageOfPage":{"@id":"https:\/\/www.mexicanguitarplayers.com\/tienda\/sin categor\u00eda\/amplificador-nux-audif-mp-2-mighty-plug\/#primaryimage"},"image":{"@id":"https:\/\/www.mexicanguitarplayers.com\/tienda\/sin categor\u00eda\/amplificador-nux-audif-mp-2-mighty-plug\/#primaryimage"},"thumbnailUrl":"https:\/\/www.mexicanguitarplayers.com\/wp-content\/uploads\/2025\/04\/ICNUXMIGHTYPLU.jpg","datePublished":"2025-04-08T18:56:49+00:00","dateModified":"2026-05-01T13:23:53+00:00","description":"Amplificador de aud\u00edfonos para guitarra, s imulador de guitarra ac\u00fastica con emulaci\u00f3n IR de guitarra ac\u00fastica, ofrece la capacidad de combinar efectos, amplificadores y gabinetes para guitarristas y bajistas, 13 modelos de amplificador, 20 archivos IR (altavoz y guitarra ac\u00fastica) y 19 variedades de efectos, canales de guitarra: Clean, Overdrive, Distorsi\u00f3n y Simulador de Guitarra Ac\u00fastica, canales de bajo: Pop, Rock y Funk, modo bluetooth, app Mighty Amp Mobile, permite grabar sin utilizar interfaz de audio, por medio de la conexi\u00f3n USB, bater\u00eda de larga duraci\u00f3n y modo ECO, puerta de ruido, simulaci\u00f3n real de circuito anal\u00f3gico NUX TS\/AC, algoritmo de modelado de amplificador f\u00edsico, Drum Beats: 10 patrones y metr\u00f3nomo, consumo de corriente: 190 mA, impedancia de entrada: 1 mili-ohm, potencia nominal: 125 mW x 2, rango de respuesta de frecuencia: 20 - 20 kHz, fuente de alimentaci\u00f3n: Bater\u00eda LiPo recargable incorporada de 3.7V\/1000 mAh, dimensiones: 81 x 41 x 30 mm, peso: 62 g.","breadcrumb":{"@id":"https:\/\/www.mexicanguitarplayers.com\/tienda\/sin categor\u00eda\/amplificador-nux-audif-mp-2-mighty-plug\/#breadcrumb"},"inLanguage":"en-US","potentialAction":[{"@type":"ReadAction","target":["https:\/\/www.mexicanguitarplayers.com\/tienda\/sin categor\u00eda\/amplificador-nux-audif-mp-2-mighty-plug\/"]}]},{"@type":"ImageObject","inLanguage":"en-US","@id":"https:\/\/www.mexicanguitarplayers.com\/tienda\/sin categor\u00eda\/amplificador-nux-audif-mp-2-mighty-plug\/#primaryimage","url":"https:\/\/www.mexicanguitarplayers.com\/wp-content\/uploads\/2025\/04\/ICNUXMIGHTYPLU.jpg","contentUrl":"https:\/\/www.mexicanguitarplayers.com\/wp-content\/uploads\/2025\/04\/ICNUXMIGHTYPLU.jpg","width":800,"height":1600},{"@type":"BreadcrumbList","@id":"https:\/\/www.mexicanguitarplayers.com\/tienda\/sin categor\u00eda\/amplificador-nux-audif-mp-2-mighty-plug\/#breadcrumb","itemListElement":[{"@type":"ListItem","position":1,"name":"Portada","item":"https:\/\/www.mexicanguitarplayers.com\/"},{"@type":"ListItem","position":2,"name":"Tienda","item":"https:\/\/www.mexicanguitarplayers.com\/tienda\/"},{"@type":"ListItem","position":3,"name":"AMPLIFICADOR NUX AUDIF MP-2 MIGHTY PLUG"}]},{"@type":"WebSite","@id":"https:\/\/www.mexicanguitarplayers.com\/#website","url":"https:\/\/www.mexicanguitarplayers.com\/","name":"Mexican Guitar Players","description":"Website","publisher":{"@id":"https:\/\/www.mexicanguitarplayers.com\/#organization"},"potentialAction":[{"@type":"SearchAction","target":{"@type":"EntryPoint","urlTemplate":"https:\/\/www.mexicanguitarplayers.com\/?s={search_term_string}"},"query-input":{"@type":"PropertyValueSpecification","valueRequired":true,"valueName":"search_term_string"}}],"inLanguage":"en-US"},{"@type":"Organization","@id":"https:\/\/www.mexicanguitarplayers.com\/#organization","name":"Mexican Guitar Players","url":"https:\/\/www.mexicanguitarplayers.com\/","logo":{"@type":"ImageObject","inLanguage":"en-US","@id":"https:\/\/www.mexicanguitarplayers.com\/#\/schema\/logo\/image\/","url":"","contentUrl":"","caption":"Mexican Guitar Players"},"image":{"@id":"https:\/\/www.mexicanguitarplayers.com\/#\/schema\/logo\/image\/"}}]}},"brands":[{"id":177,"name":"NUX","slug":"nux"}],"_links":{"self":[{"href":"https:\/\/www.mexicanguitarplayers.com\/en\/wp-json\/wp\/v2\/product\/31875","targetHints":{"allow":["GET"]}}],"collection":[{"href":"https:\/\/www.mexicanguitarplayers.com\/en\/wp-json\/wp\/v2\/product"}],"about":[{"href":"https:\/\/www.mexicanguitarplayers.com\/en\/wp-json\/wp\/v2\/types\/product"}],"replies":[{"embeddable":true,"href":"https:\/\/www.mexicanguitarplayers.com\/en\/wp-json\/wp\/v2\/comments?post=31875"}],"wp:featuredmedia":[{"embeddable":true,"href":"https:\/\/www.mexicanguitarplayers.com\/en\/wp-json\/wp\/v2\/media\/31866"}],"wp:attachment":[{"href":"https:\/\/www.mexicanguitarplayers.com\/en\/wp-json\/wp\/v2\/media?parent=31875"}],"wp:term":[{"taxonomy":"pwb-brand","embeddable":true,"href":"https:\/\/www.mexicanguitarplayers.com\/en\/wp-json\/wp\/v2\/pwb-brand?post=31875"},{"taxonomy":"product_brand","embeddable":true,"href":"https:\/\/www.mexicanguitarplayers.com\/en\/wp-json\/wp\/v2\/product_brand?post=31875"},{"taxonomy":"product_cat","embeddable":true,"href":"https:\/\/www.mexicanguitarplayers.com\/en\/wp-json\/wp\/v2\/product_cat?post=31875"},{"taxonomy":"product_tag","embeddable":true,"href":"https:\/\/www.mexicanguitarplayers.com\/en\/wp-json\/wp\/v2\/product_tag?post=31875"}],"curies":[{"name":"wp","href":"https:\/\/api.w.org\/{rel}","templated":true}]}}