{"id":31899,"date":"2025-04-08T12:57:24","date_gmt":"2025-04-08T18:57:24","guid":{"rendered":"https:\/\/www.mexicanguitarplayers.com\/tienda\/sin categor\u00eda\/estuche-gator-mod-gm-1wp\/"},"modified":"2026-05-01T07:23:53","modified_gmt":"2026-05-01T13:23:53","slug":"estuche-gator-mod-gm-1wp","status":"publish","type":"product","link":"https:\/\/www.mexicanguitarplayers.com\/en\/tienda\/accesorios\/estuches-y-fundas\/cases\/estuche-gator-mod-gm-1wp\/","title":{"rendered":"ESTUCHE GATOR MOD. GM-1WP"},"content":{"rendered":"<div style=\"text-align: justify\">\n<div>\n<h3>Protegiendo tu inversi\u00f3n.<\/h3>\n<\/div>\n<div>El estuche GM-1WP para sistemas de microfon\u00eda inal\u00e1mbrica de polietileno estilo ATA dise\u00f1ado para almacenar, transportar y enviar un solo sistema de microfon\u00eda inal\u00e1mbrica. El receptor, el micr\u00f3fono, el transmisor, el belt-pack y todos los accesorios caben en este estuche. El receptor es completamente funcional mientras a\u00fan est\u00e1 en el estuche. Los estuches son apilables para operaciones multicanal. La parte posterior extra\u00edble es para almacenamiento de accesorios, adaptador de CA y bater\u00eda.<\/div>\n<div>\n<h4>Quick look<\/h4>\n<\/div>\n<ul style=\"margin: 0px 0px 0px 25px\">\n<li style=\"list-style-type: circle;margin: 5px\">Longitud interior.<\/li>\n<li style=\"list-style-type: circle;margin: 5px\">Ancho interior.<\/li>\n<li style=\"list-style-type: circle;margin: 5px\">Altura interior.<\/li>\n<li style=\"list-style-type: circle;margin: 5px\">Longitud exterior.<\/li>\n<li style=\"list-style-type: circle;margin: 5px\">Ancho exterior.<\/li>\n<li style=\"list-style-type: circle;margin: 5px\">Altura exterior.<\/li>\n<li style=\"list-style-type: circle;margin: 5px\">Weight.<\/li>\n<\/ul>\n<div>\n<div style=\"font-weight: bold\">Longitud interior.<\/div>\n<div>\n<p>8.5&#8243; pulgadas (215.9 mm).<\/p>\n<\/div>\n<div style=\"font-weight: bold\">Ancho interior.<\/div>\n<div>\n<p>8.5&#8243; pulgadas (215.9 mm).<\/p>\n<\/div>\n<div style=\"font-weight: bold\">Altura interior.<\/div>\n<div>\n<p>2&#8243; pulgadas (50.8 mm).<\/p>\n<\/div>\n<div style=\"font-weight: bold\">Longitud exterior.<\/div>\n<div>\n<p>15.94&#8243; pulgadas (404.876 mm).<\/p>\n<\/div>\n<div style=\"font-weight: bold\">Ancho exterior.<\/div>\n<div>\n<p>14.57&#8243; pulgadas (370.07 mm).<\/p>\n<\/div>\n<div style=\"font-weight: bold\">Altura exterior.<\/div>\n<div>\n<p>5.91&#8243; pulgadas (150.1 mm).<\/p>\n<\/div>\n<div style=\"font-weight: bold\">Weight.<\/div>\n<div>\n<p>2.2 kg.<\/p>\n<\/div>\n<\/div>\n<div>\n<h4>Characteristics<\/h4>\n<\/div>\n<div>\n<ul style=\"margin: 0px 0px 0px 25px\">\n<li style=\"list-style-type: circle;margin: 5px\">Construcci\u00f3n robusta de polietileno apilable.<\/li>\n<li style=\"list-style-type: circle;margin: 5px\">Dise\u00f1ado para un solo sistema inal\u00e1mbrico que se utilizar\u00e1 dentro del estuche.<\/li>\n<li style=\"list-style-type: circle;margin: 5px\">Incluye espacio para el body pack y el micr\u00f3fono.<\/li>\n<li style=\"list-style-type: circle;margin: 5px\">Acceso para que la antena se extienda mientras est\u00e1 dentro del estuche.<\/li>\n<li style=\"list-style-type: circle;margin: 5px\">Espacio para lavalieres, cables y micr\u00f3fono inal\u00e1mbrico con transmisor montado.<\/li>\n<li style=\"list-style-type: circle;margin: 5px\">Acceso frontal y posterior para una f\u00e1cil configuraci\u00f3n en el campo.<\/li>\n<li style=\"list-style-type: circle;margin: 5px\">La altura de la bandeja es ajustable.<\/li>\n<li style=\"list-style-type: circle;margin: 5px\">AKG <\/li>\n<li style=\"list-style-type: circle;margin: 5px\">Audio-Technica <\/li>\n<li style=\"list-style-type: circle;margin: 5px\">Electro-Voice <\/li>\n<li style=\"list-style-type: circle;margin: 5px\">Galaxy Audio <\/li>\n<li style=\"list-style-type: circle;margin: 5px\">Gemini <\/li>\n<li style=\"list-style-type: circle;margin: 5px\">Line 6 <\/li>\n<li style=\"list-style-type: circle;margin: 5px\">Nady <\/li>\n<li style=\"list-style-type: circle;margin: 5px\">Samson <\/li>\n<li style=\"list-style-type: circle;margin: 5px\">Sennheiser <\/li>\n<li style=\"list-style-type: circle;margin: 5px\">Shure <\/li>\n<\/ul>\n<\/div>\n<\/div>","protected":false},"excerpt":{"rendered":"<p>Estuche para sistemas de microfon\u00eda inal\u00e1mbrica, polietileno estilo ATA dise\u00f1ado para almacenar, transportar y enviar un solo sistema de microfon\u00eda inal\u00e1mbrica, dise\u00f1ado para un solo sistema inal\u00e1mbrico que se utilizarpa dentro del estuche, incluye espacio para el body pack y el micr\u00f3fono, acceso para que la antena se extienda mientras est\u00e1 dentro del estuche, espacio para lavalieres, cables y micr\u00f3fono inal\u00e1mbrico con transmisor montado, acceso frontal y posterior para una f\u00e1cil configuraci\u00f3n en el campo, la altura de la bandeja es ajustable, longitud interior: 8.5\u201d pulgadas (215.9 mm), ancho interior: 8.5\u201d pulgadas (215.9 mm), altura interior: 2\u201d pulgadas (50.8 mm), longitud exterior: 15.94\u201d pulgadas (404.876 mm), ancho exterior: 14.57\u201d pulgadas (370.07 mm), altura exterior: 5.91\u201d pulgadas (150.1 mm), peso: 2.2 kg.&hellip; <a class=\"kt-excerpt-readmore more-link\" href=\"https:\/\/www.mexicanguitarplayers.com\/en\/tienda\/accesorios\/estuches-y-fundas\/cases\/estuche-gator-mod-gm-1wp\/\">Read more<\/a><\/p>","protected":false},"featured_media":31889,"comment_status":"open","ping_status":"closed","template":"","meta":{"kt_blocks_editor_width":""},"pwb-brand":[572],"product_brand":[],"product_cat":[85,564,517],"product_tag":[],"class_list":{"0":"post-31899","1":"product","2":"type-product","3":"status-publish","4":"has-post-thumbnail","6":"pwb-brand-gator","7":"product_cat-accesorios","8":"product_cat-cases","9":"product_cat-estuches-y-fundas","10":"product_shipping_class-0-5-kg","12":"first","13":"instock","14":"taxable","15":"shipping-taxable","16":"purchasable","17":"product-type-simple"},"yoast_head":"<!-- This site is optimized with the Yoast SEO plugin v27.5 - https:\/\/yoast.com\/product\/yoast-seo-wordpress\/ -->\n<title>ESTUCHE GATOR MOD. GM-1WP - Mexican Guitar Players<\/title>\n<meta name=\"description\" content=\"Estuche para sistemas de microfon\u00eda inal\u00e1mbrica, polietileno estilo ATA dise\u00f1ado para almacenar, transportar y enviar un solo sistema de microfon\u00eda inal\u00e1mbrica, dise\u00f1ado para un solo sistema inal\u00e1mbrico que se utilizarpa dentro del estuche, incluye espacio para el body pack y el micr\u00f3fono, acceso para que la antena se extienda mientras est\u00e1 dentro del estuche, espacio para lavalieres, cables y micr\u00f3fono inal\u00e1mbrico con transmisor montado, acceso frontal y posterior para una f\u00e1cil configuraci\u00f3n en el campo, la altura de la bandeja es ajustable, longitud interior: 8.5\u201d pulgadas (215.9 mm), ancho interior: 8.5\u201d pulgadas (215.9 mm), altura interior: 2\u201d pulgadas (50.8 mm), longitud exterior: 15.94\u201d pulgadas (404.876 mm), ancho exterior: 14.57\u201d pulgadas (370.07 mm), altura exterior: 5.91\u201d pulgadas (150.1 mm), peso: 2.2 kg.\" \/>\n<meta name=\"robots\" content=\"index, follow, max-snippet:-1, max-image-preview:large, max-video-preview:-1\" \/>\n<link rel=\"canonical\" href=\"https:\/\/www.mexicanguitarplayers.com\/en\/tienda\/sin%20categor\u00eda\/estuche-gator-mod-gm-1wp\/\" \/>\n<meta property=\"og:locale\" content=\"en_US\" \/>\n<meta property=\"og:type\" content=\"article\" \/>\n<meta property=\"og:title\" content=\"ESTUCHE GATOR MOD. GM-1WP - Mexican Guitar Players\" \/>\n<meta property=\"og:description\" content=\"Estuche para sistemas de microfon\u00eda inal\u00e1mbrica, polietileno estilo ATA dise\u00f1ado para almacenar, transportar y enviar un solo sistema de microfon\u00eda inal\u00e1mbrica, dise\u00f1ado para un solo sistema inal\u00e1mbrico que se utilizarpa dentro del estuche, incluye espacio para el body pack y el micr\u00f3fono, acceso para que la antena se extienda mientras est\u00e1 dentro del estuche, espacio para lavalieres, cables y micr\u00f3fono inal\u00e1mbrico con transmisor montado, acceso frontal y posterior para una f\u00e1cil configuraci\u00f3n en el campo, la altura de la bandeja es ajustable, longitud interior: 8.5\u201d pulgadas (215.9 mm), ancho interior: 8.5\u201d pulgadas (215.9 mm), altura interior: 2\u201d pulgadas (50.8 mm), longitud exterior: 15.94\u201d pulgadas (404.876 mm), ancho exterior: 14.57\u201d pulgadas (370.07 mm), altura exterior: 5.91\u201d pulgadas (150.1 mm), peso: 2.2 kg.\" \/>\n<meta property=\"og:url\" content=\"https:\/\/www.mexicanguitarplayers.com\/en\/tienda\/sin categor\u00eda\/estuche-gator-mod-gm-1wp\/\" \/>\n<meta property=\"og:site_name\" content=\"Mexican Guitar Players\" \/>\n<meta property=\"article:modified_time\" content=\"2026-05-01T13:23:53+00:00\" \/>\n<meta name=\"twitter:card\" content=\"summary_large_image\" \/>\n<meta name=\"twitter:label1\" content=\"Est. reading time\" \/>\n\t<meta name=\"twitter:data1\" content=\"1 minute\" \/>\n<script type=\"application\/ld+json\" class=\"yoast-schema-graph\">{\"@context\":\"https:\\\/\\\/schema.org\",\"@graph\":[{\"@type\":[\"WebPage\",\"ItemPage\"],\"@id\":\"https:\\\/\\\/www.mexicanguitarplayers.com\\\/tienda\\\/sin categor\u00eda\\\/estuche-gator-mod-gm-1wp\\\/\",\"url\":\"https:\\\/\\\/www.mexicanguitarplayers.com\\\/tienda\\\/sin categor\u00eda\\\/estuche-gator-mod-gm-1wp\\\/\",\"name\":\"ESTUCHE GATOR MOD. GM-1WP - Mexican Guitar Players\",\"isPartOf\":{\"@id\":\"https:\\\/\\\/www.mexicanguitarplayers.com\\\/#website\"},\"primaryImageOfPage\":{\"@id\":\"https:\\\/\\\/www.mexicanguitarplayers.com\\\/tienda\\\/sin categor\u00eda\\\/estuche-gator-mod-gm-1wp\\\/#primaryimage\"},\"image\":{\"@id\":\"https:\\\/\\\/www.mexicanguitarplayers.com\\\/tienda\\\/sin categor\u00eda\\\/estuche-gator-mod-gm-1wp\\\/#primaryimage\"},\"thumbnailUrl\":\"https:\\\/\\\/www.mexicanguitarplayers.com\\\/wp-content\\\/uploads\\\/2025\\\/04\\\/VAGATGM1WP.jpg\",\"datePublished\":\"2025-04-08T18:57:24+00:00\",\"dateModified\":\"2026-05-01T13:23:53+00:00\",\"description\":\"Estuche para sistemas de microfon\u00eda inal\u00e1mbrica, polietileno estilo ATA dise\u00f1ado para almacenar, transportar y enviar un solo sistema de microfon\u00eda inal\u00e1mbrica, dise\u00f1ado para un solo sistema inal\u00e1mbrico que se utilizarpa dentro del estuche, incluye espacio para el body pack y el micr\u00f3fono, acceso para que la antena se extienda mientras est\u00e1 dentro del estuche, espacio para lavalieres, cables y micr\u00f3fono inal\u00e1mbrico con transmisor montado, acceso frontal y posterior para una f\u00e1cil configuraci\u00f3n en el campo, la altura de la bandeja es ajustable, longitud interior: 8.5\u201d pulgadas (215.9 mm), ancho interior: 8.5\u201d pulgadas (215.9 mm), altura interior: 2\u201d pulgadas (50.8 mm), longitud exterior: 15.94\u201d pulgadas (404.876 mm), ancho exterior: 14.57\u201d pulgadas (370.07 mm), altura exterior: 5.91\u201d pulgadas (150.1 mm), peso: 2.2 kg.\",\"breadcrumb\":{\"@id\":\"https:\\\/\\\/www.mexicanguitarplayers.com\\\/tienda\\\/sin categor\u00eda\\\/estuche-gator-mod-gm-1wp\\\/#breadcrumb\"},\"inLanguage\":\"en-US\",\"potentialAction\":[{\"@type\":\"ReadAction\",\"target\":[\"https:\\\/\\\/www.mexicanguitarplayers.com\\\/tienda\\\/sin categor\u00eda\\\/estuche-gator-mod-gm-1wp\\\/\"]}]},{\"@type\":\"ImageObject\",\"inLanguage\":\"en-US\",\"@id\":\"https:\\\/\\\/www.mexicanguitarplayers.com\\\/tienda\\\/sin categor\u00eda\\\/estuche-gator-mod-gm-1wp\\\/#primaryimage\",\"url\":\"https:\\\/\\\/www.mexicanguitarplayers.com\\\/wp-content\\\/uploads\\\/2025\\\/04\\\/VAGATGM1WP.jpg\",\"contentUrl\":\"https:\\\/\\\/www.mexicanguitarplayers.com\\\/wp-content\\\/uploads\\\/2025\\\/04\\\/VAGATGM1WP.jpg\",\"width\":1200,\"height\":1200},{\"@type\":\"BreadcrumbList\",\"@id\":\"https:\\\/\\\/www.mexicanguitarplayers.com\\\/tienda\\\/sin categor\u00eda\\\/estuche-gator-mod-gm-1wp\\\/#breadcrumb\",\"itemListElement\":[{\"@type\":\"ListItem\",\"position\":1,\"name\":\"Portada\",\"item\":\"https:\\\/\\\/www.mexicanguitarplayers.com\\\/\"},{\"@type\":\"ListItem\",\"position\":2,\"name\":\"Tienda\",\"item\":\"https:\\\/\\\/www.mexicanguitarplayers.com\\\/tienda\\\/\"},{\"@type\":\"ListItem\",\"position\":3,\"name\":\"ESTUCHE GATOR MOD. GM-1WP\"}]},{\"@type\":\"WebSite\",\"@id\":\"https:\\\/\\\/www.mexicanguitarplayers.com\\\/#website\",\"url\":\"https:\\\/\\\/www.mexicanguitarplayers.com\\\/\",\"name\":\"Mexican Guitar Players\",\"description\":\"Website\",\"publisher\":{\"@id\":\"https:\\\/\\\/www.mexicanguitarplayers.com\\\/#organization\"},\"potentialAction\":[{\"@type\":\"SearchAction\",\"target\":{\"@type\":\"EntryPoint\",\"urlTemplate\":\"https:\\\/\\\/www.mexicanguitarplayers.com\\\/?s={search_term_string}\"},\"query-input\":{\"@type\":\"PropertyValueSpecification\",\"valueRequired\":true,\"valueName\":\"search_term_string\"}}],\"inLanguage\":\"en-US\"},{\"@type\":\"Organization\",\"@id\":\"https:\\\/\\\/www.mexicanguitarplayers.com\\\/#organization\",\"name\":\"Mexican Guitar Players\",\"url\":\"https:\\\/\\\/www.mexicanguitarplayers.com\\\/\",\"logo\":{\"@type\":\"ImageObject\",\"inLanguage\":\"en-US\",\"@id\":\"https:\\\/\\\/www.mexicanguitarplayers.com\\\/#\\\/schema\\\/logo\\\/image\\\/\",\"url\":\"\",\"contentUrl\":\"\",\"caption\":\"Mexican Guitar Players\"},\"image\":{\"@id\":\"https:\\\/\\\/www.mexicanguitarplayers.com\\\/#\\\/schema\\\/logo\\\/image\\\/\"}}]}<\/script>\n<!-- \/ Yoast SEO plugin. -->","yoast_head_json":{"title":"ESTUCHE GATOR MOD. GM-1WP - Mexican Guitar Players","description":"Estuche para sistemas de microfon\u00eda inal\u00e1mbrica, polietileno estilo ATA dise\u00f1ado para almacenar, transportar y enviar un solo sistema de microfon\u00eda inal\u00e1mbrica, dise\u00f1ado para un solo sistema inal\u00e1mbrico que se utilizarpa dentro del estuche, incluye espacio para el body pack y el micr\u00f3fono, acceso para que la antena se extienda mientras est\u00e1 dentro del estuche, espacio para lavalieres, cables y micr\u00f3fono inal\u00e1mbrico con transmisor montado, acceso frontal y posterior para una f\u00e1cil configuraci\u00f3n en el campo, la altura de la bandeja es ajustable, longitud interior: 8.5\u201d pulgadas (215.9 mm), ancho interior: 8.5\u201d pulgadas (215.9 mm), altura interior: 2\u201d pulgadas (50.8 mm), longitud exterior: 15.94\u201d pulgadas (404.876 mm), ancho exterior: 14.57\u201d pulgadas (370.07 mm), altura exterior: 5.91\u201d pulgadas (150.1 mm), peso: 2.2 kg.","robots":{"index":"index","follow":"follow","max-snippet":"max-snippet:-1","max-image-preview":"max-image-preview:large","max-video-preview":"max-video-preview:-1"},"canonical":"https:\/\/www.mexicanguitarplayers.com\/en\/tienda\/sin categor\u00eda\/estuche-gator-mod-gm-1wp\/","og_locale":"en_US","og_type":"article","og_title":"ESTUCHE GATOR MOD. GM-1WP - Mexican Guitar Players","og_description":"Estuche para sistemas de microfon\u00eda inal\u00e1mbrica, polietileno estilo ATA dise\u00f1ado para almacenar, transportar y enviar un solo sistema de microfon\u00eda inal\u00e1mbrica, dise\u00f1ado para un solo sistema inal\u00e1mbrico que se utilizarpa dentro del estuche, incluye espacio para el body pack y el micr\u00f3fono, acceso para que la antena se extienda mientras est\u00e1 dentro del estuche, espacio para lavalieres, cables y micr\u00f3fono inal\u00e1mbrico con transmisor montado, acceso frontal y posterior para una f\u00e1cil configuraci\u00f3n en el campo, la altura de la bandeja es ajustable, longitud interior: 8.5\u201d pulgadas (215.9 mm), ancho interior: 8.5\u201d pulgadas (215.9 mm), altura interior: 2\u201d pulgadas (50.8 mm), longitud exterior: 15.94\u201d pulgadas (404.876 mm), ancho exterior: 14.57\u201d pulgadas (370.07 mm), altura exterior: 5.91\u201d pulgadas (150.1 mm), peso: 2.2 kg.","og_url":"https:\/\/www.mexicanguitarplayers.com\/en\/tienda\/sin categor\u00eda\/estuche-gator-mod-gm-1wp\/","og_site_name":"Mexican Guitar Players","article_modified_time":"2026-05-01T13:23:53+00:00","twitter_card":"summary_large_image","twitter_misc":{"Est. reading time":"1 minute"},"schema":{"@context":"https:\/\/schema.org","@graph":[{"@type":["WebPage","ItemPage"],"@id":"https:\/\/www.mexicanguitarplayers.com\/tienda\/sin categor\u00eda\/estuche-gator-mod-gm-1wp\/","url":"https:\/\/www.mexicanguitarplayers.com\/tienda\/sin categor\u00eda\/estuche-gator-mod-gm-1wp\/","name":"ESTUCHE GATOR MOD. GM-1WP - Mexican Guitar Players","isPartOf":{"@id":"https:\/\/www.mexicanguitarplayers.com\/#website"},"primaryImageOfPage":{"@id":"https:\/\/www.mexicanguitarplayers.com\/tienda\/sin categor\u00eda\/estuche-gator-mod-gm-1wp\/#primaryimage"},"image":{"@id":"https:\/\/www.mexicanguitarplayers.com\/tienda\/sin categor\u00eda\/estuche-gator-mod-gm-1wp\/#primaryimage"},"thumbnailUrl":"https:\/\/www.mexicanguitarplayers.com\/wp-content\/uploads\/2025\/04\/VAGATGM1WP.jpg","datePublished":"2025-04-08T18:57:24+00:00","dateModified":"2026-05-01T13:23:53+00:00","description":"Estuche para sistemas de microfon\u00eda inal\u00e1mbrica, polietileno estilo ATA dise\u00f1ado para almacenar, transportar y enviar un solo sistema de microfon\u00eda inal\u00e1mbrica, dise\u00f1ado para un solo sistema inal\u00e1mbrico que se utilizarpa dentro del estuche, incluye espacio para el body pack y el micr\u00f3fono, acceso para que la antena se extienda mientras est\u00e1 dentro del estuche, espacio para lavalieres, cables y micr\u00f3fono inal\u00e1mbrico con transmisor montado, acceso frontal y posterior para una f\u00e1cil configuraci\u00f3n en el campo, la altura de la bandeja es ajustable, longitud interior: 8.5\u201d pulgadas (215.9 mm), ancho interior: 8.5\u201d pulgadas (215.9 mm), altura interior: 2\u201d pulgadas (50.8 mm), longitud exterior: 15.94\u201d pulgadas (404.876 mm), ancho exterior: 14.57\u201d pulgadas (370.07 mm), altura exterior: 5.91\u201d pulgadas (150.1 mm), peso: 2.2 kg.","breadcrumb":{"@id":"https:\/\/www.mexicanguitarplayers.com\/tienda\/sin categor\u00eda\/estuche-gator-mod-gm-1wp\/#breadcrumb"},"inLanguage":"en-US","potentialAction":[{"@type":"ReadAction","target":["https:\/\/www.mexicanguitarplayers.com\/tienda\/sin categor\u00eda\/estuche-gator-mod-gm-1wp\/"]}]},{"@type":"ImageObject","inLanguage":"en-US","@id":"https:\/\/www.mexicanguitarplayers.com\/tienda\/sin categor\u00eda\/estuche-gator-mod-gm-1wp\/#primaryimage","url":"https:\/\/www.mexicanguitarplayers.com\/wp-content\/uploads\/2025\/04\/VAGATGM1WP.jpg","contentUrl":"https:\/\/www.mexicanguitarplayers.com\/wp-content\/uploads\/2025\/04\/VAGATGM1WP.jpg","width":1200,"height":1200},{"@type":"BreadcrumbList","@id":"https:\/\/www.mexicanguitarplayers.com\/tienda\/sin categor\u00eda\/estuche-gator-mod-gm-1wp\/#breadcrumb","itemListElement":[{"@type":"ListItem","position":1,"name":"Portada","item":"https:\/\/www.mexicanguitarplayers.com\/"},{"@type":"ListItem","position":2,"name":"Tienda","item":"https:\/\/www.mexicanguitarplayers.com\/tienda\/"},{"@type":"ListItem","position":3,"name":"ESTUCHE GATOR MOD. GM-1WP"}]},{"@type":"WebSite","@id":"https:\/\/www.mexicanguitarplayers.com\/#website","url":"https:\/\/www.mexicanguitarplayers.com\/","name":"Mexican Guitar Players","description":"Website","publisher":{"@id":"https:\/\/www.mexicanguitarplayers.com\/#organization"},"potentialAction":[{"@type":"SearchAction","target":{"@type":"EntryPoint","urlTemplate":"https:\/\/www.mexicanguitarplayers.com\/?s={search_term_string}"},"query-input":{"@type":"PropertyValueSpecification","valueRequired":true,"valueName":"search_term_string"}}],"inLanguage":"en-US"},{"@type":"Organization","@id":"https:\/\/www.mexicanguitarplayers.com\/#organization","name":"Mexican Guitar Players","url":"https:\/\/www.mexicanguitarplayers.com\/","logo":{"@type":"ImageObject","inLanguage":"en-US","@id":"https:\/\/www.mexicanguitarplayers.com\/#\/schema\/logo\/image\/","url":"","contentUrl":"","caption":"Mexican Guitar Players"},"image":{"@id":"https:\/\/www.mexicanguitarplayers.com\/#\/schema\/logo\/image\/"}}]}},"brands":[{"id":572,"name":"GATOR","slug":"gator"}],"_links":{"self":[{"href":"https:\/\/www.mexicanguitarplayers.com\/en\/wp-json\/wp\/v2\/product\/31899","targetHints":{"allow":["GET"]}}],"collection":[{"href":"https:\/\/www.mexicanguitarplayers.com\/en\/wp-json\/wp\/v2\/product"}],"about":[{"href":"https:\/\/www.mexicanguitarplayers.com\/en\/wp-json\/wp\/v2\/types\/product"}],"replies":[{"embeddable":true,"href":"https:\/\/www.mexicanguitarplayers.com\/en\/wp-json\/wp\/v2\/comments?post=31899"}],"wp:featuredmedia":[{"embeddable":true,"href":"https:\/\/www.mexicanguitarplayers.com\/en\/wp-json\/wp\/v2\/media\/31889"}],"wp:attachment":[{"href":"https:\/\/www.mexicanguitarplayers.com\/en\/wp-json\/wp\/v2\/media?parent=31899"}],"wp:term":[{"taxonomy":"pwb-brand","embeddable":true,"href":"https:\/\/www.mexicanguitarplayers.com\/en\/wp-json\/wp\/v2\/pwb-brand?post=31899"},{"taxonomy":"product_brand","embeddable":true,"href":"https:\/\/www.mexicanguitarplayers.com\/en\/wp-json\/wp\/v2\/product_brand?post=31899"},{"taxonomy":"product_cat","embeddable":true,"href":"https:\/\/www.mexicanguitarplayers.com\/en\/wp-json\/wp\/v2\/product_cat?post=31899"},{"taxonomy":"product_tag","embeddable":true,"href":"https:\/\/www.mexicanguitarplayers.com\/en\/wp-json\/wp\/v2\/product_tag?post=31899"}],"curies":[{"name":"wp","href":"https:\/\/api.w.org\/{rel}","templated":true}]}}