{"id":31928,"date":"2025-04-08T12:58:08","date_gmt":"2025-04-08T18:58:08","guid":{"rendered":"https:\/\/www.mexicanguitarplayers.com\/tienda\/sin categor\u00eda\/pedal-nux-nch-4-ukiyo-e-chorus\/"},"modified":"2026-04-29T19:15:07","modified_gmt":"2026-04-30T01:15:07","slug":"pedal-nux-nch-4-ukiyo-e-chorus","status":"publish","type":"product","link":"https:\/\/www.mexicanguitarplayers.com\/en\/tienda\/cuerdas\/efectos\/efectos-individuales\/pedal-nux-nch-4-ukiyo-e-chorus\/","title":{"rendered":"PEDAL NUX NCH-4 UKIYO-E CHORUS"},"content":{"rendered":"<div style=\"text-align: justify\">\n<div>\n<h3>UKIYO-E se traduce como &#8220;im\u00e1genes del mundo flotante&#8221;.<\/h3>\n<\/div>\n<div>UKIYO-E CHORUS (NCH-4) es un mini pedal de chorus con 3 modelos de chorus diferentes, incluidos ST Chorus, SCH-1 y CE-1. Puedes cambiar los modelos tocando el tap switch. El chorus anal\u00f3gico de la vieja escuela siempre ha sido c\u00e1lido, pero estaba hambriento de din\u00e1mica completa. El DSP de tecnolog\u00eda moderna de NUX produce una combinaci\u00f3n perfecta de ambos mundos: anal\u00f3gico y digital. Para lograr todos los objetivos de UKIYO-E Chorus, nuestros ingenieros tuvieron que desarrollar un algoritmo que imita los principios de los chips BBD, el componente clave de los efectos de chorus anal\u00f3gico. La baja frecuencia activa de UKIYO-E proporciona el tono de chorus anal\u00f3gico tradicional que los o\u00eddos exigentes esperan en un verdadero pedal de chorus anal\u00f3gico. El tono din\u00e1mico y la capacidad de eliminaci\u00f3n de ruido colocan al UKIYO-E en una categor\u00eda completamente separada de los pedales anal\u00f3gicos econ\u00f3micos. Los chips BBD de grado de calidad en grandes masas se han vuelto incre\u00edblemente raros, por lo que este m\u00e9todo no es pr\u00e1ctico para hacer un dispositivo de chorus anal\u00f3gico asequible. Usando la tecnolog\u00eda DSP, Nux puede ofrecer un mini-pedal con una variedad contrastante de tonos chorus. ST CHORUS: Se inspir\u00f3 en MXR Stereo Chorus que tiene un sonido magn\u00edfico. Hemos consolidado los controles al eliminar las perillas de graves y agudos, ahora configuradas internamente en la posici\u00f3n media y hemos eliminado por completo la necesidad del filtro de graves que ahora se corrige autom\u00e1ticamente a trav\u00e9s de los avances del modelado de sonido Core-Image. SCH-1: Es un tributo a ARION SCH-1 uno de los chorus anal\u00f3gicos antiguos con mejor sonido que produce una incre\u00edble variedad de tonos aut\u00e9nticos, desde un coro sutil y limpio hasta un efecto Leslie realista. CE-1: Se basa en el legendario BOSS CE-1 que fue el primer pedal de efecto chorus que apareci\u00f3 en escena en 1976. Antes de eso, solo estaba disponible como efecto incorporado en un amplificador de jazz cl\u00e1sico. UKIYO-E replica exactamente la caracter\u00edstica de este pedal, esa calidez especial de una rica atm\u00f3sfera de jazz, un punto culminante inmediatamente reconocible para el tono de cualquier m\u00fasico. Mini pero poderoso. Tambi\u00e9n admite entrada y salida est\u00e9reo. (Usa un conector TRS de 1\/4&#8243; y elije el modo est\u00e9reo). El puerto USB-C es para la actualizaci\u00f3n del firmware. Conecta el cable USB a una PC y mant\u00e9n presionado el footswitch para iniciar el dispositivo e ingresar al modo DFU (actualizaci\u00f3n de firmware del dispositivo). Una vez conectado, puedes realizar actualizaciones de firmware utilizando el software de actualizaci\u00f3n DFU. Puede descargar el firmware relacionado y la gu\u00eda de actualizaci\u00f3n de firmware desde la p\u00e1gina del producto.<\/div>\n<div>\n<h4>Quick look<\/h4>\n<\/div>\n<ul style=\"margin: 0px 0px 0px 25px\">\n<li style=\"list-style-type: circle;margin: 5px\">Input impedance.<\/li>\n<li style=\"list-style-type: circle;margin: 5px\">Output impedance.<\/li>\n<li style=\"list-style-type: circle;margin: 5px\">Rango din\u00e1mico.<\/li>\n<li style=\"list-style-type: circle;margin: 5px\">Procesamiento DSP.<\/li>\n<li style=\"list-style-type: circle;margin: 5px\">Tasa de muestreo A\/D D\/A.<\/li>\n<li style=\"list-style-type: circle;margin: 5px\">Energy.<\/li>\n<li style=\"list-style-type: circle;margin: 5px\">Consumo de corriente.<\/li>\n<li style=\"list-style-type: circle;margin: 5px\">Dimensions.<\/li>\n<li style=\"list-style-type: circle;margin: 5px\">Weight.<\/li>\n<\/ul>\n<div>\n<div style=\"font-weight: bold\">Input impedance.<\/div>\n<div>\n<p>1 milli-ohm.<\/p>\n<\/div>\n<div style=\"font-weight: bold\">Output impedance.<\/div>\n<div>\n<p>1 kilo-ohms.<\/p>\n<\/div>\n<div style=\"font-weight: bold\">Rango din\u00e1mico.<\/div>\n<div>\n<p>103 dB.<\/p>\n<\/div>\n<div style=\"font-weight: bold\">Procesamiento DSP.<\/div>\n<div>\n<p>48 kHz \/ 32-bit.<\/p>\n<\/div>\n<div style=\"font-weight: bold\">Tasa de muestreo A\/D D\/A.<\/div>\n<div>\n<p>48 kHz \/ 24-bit.<\/p>\n<\/div>\n<div style=\"font-weight: bold\">Energy.<\/div>\n<div>\n<p>9V DC (Centro negativo, adaptador opcional ACD-008).<\/p>\n<\/div>\n<div style=\"font-weight: bold\">Consumo de corriente.<\/div>\n<div>\n<p>Menos de 100 mA.<\/p>\n<\/div>\n<div style=\"font-weight: bold\">Dimensions.<\/div>\n<div>\n<p>94 x 51 x 53 mm.<\/p>\n<\/div>\n<div style=\"font-weight: bold\">Weight.<\/div>\n<div>\n<p>175 g.<\/p>\n<\/div>\n<\/div>\n<\/div>","protected":false},"excerpt":{"rendered":"<p>Mini pedal chorus para guitarra, 3 modelos de chorus: ST Chorus (un magn\u00edfico chorus), SCH-1 (limpio y con un efecto Leslie bastante realista), CE-1 (calidez especial de una rica atm\u00f3sfera de jazz), subdivisi\u00f3n con tap tempo inteligente, true-bypass o buffer-bypass (trails), admite est\u00e9reo, bajo consumo de energ\u00eda de menos d 100 mA, se\u00f1al seca anal\u00f3gica para bajo ruido y latencia cero, dimensiones: 94 x 51 x 53 mm, peso: 175 g.&hellip; <a class=\"kt-excerpt-readmore more-link\" href=\"https:\/\/www.mexicanguitarplayers.com\/en\/tienda\/cuerdas\/efectos\/efectos-individuales\/pedal-nux-nch-4-ukiyo-e-chorus\/\">Read more<\/a><\/p>","protected":false},"featured_media":31920,"comment_status":"open","ping_status":"closed","template":"","meta":{"kt_blocks_editor_width":""},"pwb-brand":[177],"product_brand":[],"product_cat":[224,241,504],"product_tag":[],"class_list":{"0":"post-31928","1":"product","2":"type-product","3":"status-publish","4":"has-post-thumbnail","6":"pwb-brand-nux","7":"product_cat-cuerdas","8":"product_cat-efectos","9":"product_cat-efectos-individuales","10":"product_shipping_class-0-5-kg","12":"first","13":"outofstock","14":"taxable","15":"shipping-taxable","16":"purchasable","17":"product-type-simple"},"yoast_head":"<!-- This site is optimized with the Yoast SEO plugin v27.5 - https:\/\/yoast.com\/product\/yoast-seo-wordpress\/ -->\n<title>PEDAL NUX NCH-4 UKIYO-E CHORUS - Mexican Guitar Players<\/title>\n<meta name=\"description\" content=\"Mini pedal chorus para guitarra, 3 modelos de chorus: ST Chorus (un magn\u00edfico chorus), SCH-1 (limpio y con un efecto Leslie bastante realista), CE-1 (calidez especial de una rica atm\u00f3sfera de jazz), subdivisi\u00f3n con tap tempo inteligente, true-bypass o buffer-bypass (trails), admite est\u00e9reo, bajo consumo de energ\u00eda de menos d 100 mA, se\u00f1al seca anal\u00f3gica para bajo ruido y latencia cero, dimensiones: 94 x 51 x 53 mm, peso: 175 g.\" \/>\n<meta name=\"robots\" content=\"index, follow, max-snippet:-1, max-image-preview:large, max-video-preview:-1\" \/>\n<link rel=\"canonical\" href=\"https:\/\/www.mexicanguitarplayers.com\/en\/tienda\/sin%20categor\u00eda\/pedal-nux-nch-4-ukiyo-e-chorus\/\" \/>\n<meta property=\"og:locale\" content=\"en_US\" \/>\n<meta property=\"og:type\" content=\"article\" \/>\n<meta property=\"og:title\" content=\"PEDAL NUX NCH-4 UKIYO-E CHORUS - Mexican Guitar Players\" \/>\n<meta property=\"og:description\" content=\"Mini pedal chorus para guitarra, 3 modelos de chorus: ST Chorus (un magn\u00edfico chorus), SCH-1 (limpio y con un efecto Leslie bastante realista), CE-1 (calidez especial de una rica atm\u00f3sfera de jazz), subdivisi\u00f3n con tap tempo inteligente, true-bypass o buffer-bypass (trails), admite est\u00e9reo, bajo consumo de energ\u00eda de menos d 100 mA, se\u00f1al seca anal\u00f3gica para bajo ruido y latencia cero, dimensiones: 94 x 51 x 53 mm, peso: 175 g.\" \/>\n<meta property=\"og:url\" content=\"https:\/\/www.mexicanguitarplayers.com\/en\/tienda\/sin categor\u00eda\/pedal-nux-nch-4-ukiyo-e-chorus\/\" \/>\n<meta property=\"og:site_name\" content=\"Mexican Guitar Players\" \/>\n<meta property=\"article:modified_time\" content=\"2026-04-30T01:15:07+00:00\" \/>\n<meta name=\"twitter:card\" content=\"summary_large_image\" \/>\n<meta name=\"twitter:label1\" content=\"Est. reading time\" \/>\n\t<meta name=\"twitter:data1\" content=\"3 minutes\" \/>\n<script type=\"application\/ld+json\" class=\"yoast-schema-graph\">{\"@context\":\"https:\\\/\\\/schema.org\",\"@graph\":[{\"@type\":[\"WebPage\",\"ItemPage\"],\"@id\":\"https:\\\/\\\/www.mexicanguitarplayers.com\\\/tienda\\\/sin categor\u00eda\\\/pedal-nux-nch-4-ukiyo-e-chorus\\\/\",\"url\":\"https:\\\/\\\/www.mexicanguitarplayers.com\\\/tienda\\\/sin categor\u00eda\\\/pedal-nux-nch-4-ukiyo-e-chorus\\\/\",\"name\":\"PEDAL NUX NCH-4 UKIYO-E CHORUS - Mexican Guitar Players\",\"isPartOf\":{\"@id\":\"https:\\\/\\\/www.mexicanguitarplayers.com\\\/#website\"},\"primaryImageOfPage\":{\"@id\":\"https:\\\/\\\/www.mexicanguitarplayers.com\\\/tienda\\\/sin categor\u00eda\\\/pedal-nux-nch-4-ukiyo-e-chorus\\\/#primaryimage\"},\"image\":{\"@id\":\"https:\\\/\\\/www.mexicanguitarplayers.com\\\/tienda\\\/sin categor\u00eda\\\/pedal-nux-nch-4-ukiyo-e-chorus\\\/#primaryimage\"},\"thumbnailUrl\":\"https:\\\/\\\/www.mexicanguitarplayers.com\\\/wp-content\\\/uploads\\\/2025\\\/04\\\/VANUXNCH4.jpg\",\"datePublished\":\"2025-04-08T18:58:08+00:00\",\"dateModified\":\"2026-04-30T01:15:07+00:00\",\"description\":\"Mini pedal chorus para guitarra, 3 modelos de chorus: ST Chorus (un magn\u00edfico chorus), SCH-1 (limpio y con un efecto Leslie bastante realista), CE-1 (calidez especial de una rica atm\u00f3sfera de jazz), subdivisi\u00f3n con tap tempo inteligente, true-bypass o buffer-bypass (trails), admite est\u00e9reo, bajo consumo de energ\u00eda de menos d 100 mA, se\u00f1al seca anal\u00f3gica para bajo ruido y latencia cero, dimensiones: 94 x 51 x 53 mm, peso: 175 g.\",\"breadcrumb\":{\"@id\":\"https:\\\/\\\/www.mexicanguitarplayers.com\\\/tienda\\\/sin categor\u00eda\\\/pedal-nux-nch-4-ukiyo-e-chorus\\\/#breadcrumb\"},\"inLanguage\":\"en-US\",\"potentialAction\":[{\"@type\":\"ReadAction\",\"target\":[\"https:\\\/\\\/www.mexicanguitarplayers.com\\\/tienda\\\/sin categor\u00eda\\\/pedal-nux-nch-4-ukiyo-e-chorus\\\/\"]}]},{\"@type\":\"ImageObject\",\"inLanguage\":\"en-US\",\"@id\":\"https:\\\/\\\/www.mexicanguitarplayers.com\\\/tienda\\\/sin categor\u00eda\\\/pedal-nux-nch-4-ukiyo-e-chorus\\\/#primaryimage\",\"url\":\"https:\\\/\\\/www.mexicanguitarplayers.com\\\/wp-content\\\/uploads\\\/2025\\\/04\\\/VANUXNCH4.jpg\",\"contentUrl\":\"https:\\\/\\\/www.mexicanguitarplayers.com\\\/wp-content\\\/uploads\\\/2025\\\/04\\\/VANUXNCH4.jpg\",\"width\":1200,\"height\":1200},{\"@type\":\"BreadcrumbList\",\"@id\":\"https:\\\/\\\/www.mexicanguitarplayers.com\\\/tienda\\\/sin categor\u00eda\\\/pedal-nux-nch-4-ukiyo-e-chorus\\\/#breadcrumb\",\"itemListElement\":[{\"@type\":\"ListItem\",\"position\":1,\"name\":\"Portada\",\"item\":\"https:\\\/\\\/www.mexicanguitarplayers.com\\\/\"},{\"@type\":\"ListItem\",\"position\":2,\"name\":\"Tienda\",\"item\":\"https:\\\/\\\/www.mexicanguitarplayers.com\\\/tienda\\\/\"},{\"@type\":\"ListItem\",\"position\":3,\"name\":\"PEDAL NUX NCH-4 UKIYO-E CHORUS\"}]},{\"@type\":\"WebSite\",\"@id\":\"https:\\\/\\\/www.mexicanguitarplayers.com\\\/#website\",\"url\":\"https:\\\/\\\/www.mexicanguitarplayers.com\\\/\",\"name\":\"Mexican Guitar Players\",\"description\":\"Website\",\"publisher\":{\"@id\":\"https:\\\/\\\/www.mexicanguitarplayers.com\\\/#organization\"},\"potentialAction\":[{\"@type\":\"SearchAction\",\"target\":{\"@type\":\"EntryPoint\",\"urlTemplate\":\"https:\\\/\\\/www.mexicanguitarplayers.com\\\/?s={search_term_string}\"},\"query-input\":{\"@type\":\"PropertyValueSpecification\",\"valueRequired\":true,\"valueName\":\"search_term_string\"}}],\"inLanguage\":\"en-US\"},{\"@type\":\"Organization\",\"@id\":\"https:\\\/\\\/www.mexicanguitarplayers.com\\\/#organization\",\"name\":\"Mexican Guitar Players\",\"url\":\"https:\\\/\\\/www.mexicanguitarplayers.com\\\/\",\"logo\":{\"@type\":\"ImageObject\",\"inLanguage\":\"en-US\",\"@id\":\"https:\\\/\\\/www.mexicanguitarplayers.com\\\/#\\\/schema\\\/logo\\\/image\\\/\",\"url\":\"\",\"contentUrl\":\"\",\"caption\":\"Mexican Guitar Players\"},\"image\":{\"@id\":\"https:\\\/\\\/www.mexicanguitarplayers.com\\\/#\\\/schema\\\/logo\\\/image\\\/\"}}]}<\/script>\n<!-- \/ Yoast SEO plugin. -->","yoast_head_json":{"title":"PEDAL NUX NCH-4 UKIYO-E CHORUS - Mexican Guitar Players","description":"Mini pedal chorus para guitarra, 3 modelos de chorus: ST Chorus (un magn\u00edfico chorus), SCH-1 (limpio y con un efecto Leslie bastante realista), CE-1 (calidez especial de una rica atm\u00f3sfera de jazz), subdivisi\u00f3n con tap tempo inteligente, true-bypass o buffer-bypass (trails), admite est\u00e9reo, bajo consumo de energ\u00eda de menos d 100 mA, se\u00f1al seca anal\u00f3gica para bajo ruido y latencia cero, dimensiones: 94 x 51 x 53 mm, peso: 175 g.","robots":{"index":"index","follow":"follow","max-snippet":"max-snippet:-1","max-image-preview":"max-image-preview:large","max-video-preview":"max-video-preview:-1"},"canonical":"https:\/\/www.mexicanguitarplayers.com\/en\/tienda\/sin categor\u00eda\/pedal-nux-nch-4-ukiyo-e-chorus\/","og_locale":"en_US","og_type":"article","og_title":"PEDAL NUX NCH-4 UKIYO-E CHORUS - Mexican Guitar Players","og_description":"Mini pedal chorus para guitarra, 3 modelos de chorus: ST Chorus (un magn\u00edfico chorus), SCH-1 (limpio y con un efecto Leslie bastante realista), CE-1 (calidez especial de una rica atm\u00f3sfera de jazz), subdivisi\u00f3n con tap tempo inteligente, true-bypass o buffer-bypass (trails), admite est\u00e9reo, bajo consumo de energ\u00eda de menos d 100 mA, se\u00f1al seca anal\u00f3gica para bajo ruido y latencia cero, dimensiones: 94 x 51 x 53 mm, peso: 175 g.","og_url":"https:\/\/www.mexicanguitarplayers.com\/en\/tienda\/sin categor\u00eda\/pedal-nux-nch-4-ukiyo-e-chorus\/","og_site_name":"Mexican Guitar Players","article_modified_time":"2026-04-30T01:15:07+00:00","twitter_card":"summary_large_image","twitter_misc":{"Est. reading time":"3 minutes"},"schema":{"@context":"https:\/\/schema.org","@graph":[{"@type":["WebPage","ItemPage"],"@id":"https:\/\/www.mexicanguitarplayers.com\/tienda\/sin categor\u00eda\/pedal-nux-nch-4-ukiyo-e-chorus\/","url":"https:\/\/www.mexicanguitarplayers.com\/tienda\/sin categor\u00eda\/pedal-nux-nch-4-ukiyo-e-chorus\/","name":"PEDAL NUX NCH-4 UKIYO-E CHORUS - Mexican Guitar Players","isPartOf":{"@id":"https:\/\/www.mexicanguitarplayers.com\/#website"},"primaryImageOfPage":{"@id":"https:\/\/www.mexicanguitarplayers.com\/tienda\/sin categor\u00eda\/pedal-nux-nch-4-ukiyo-e-chorus\/#primaryimage"},"image":{"@id":"https:\/\/www.mexicanguitarplayers.com\/tienda\/sin categor\u00eda\/pedal-nux-nch-4-ukiyo-e-chorus\/#primaryimage"},"thumbnailUrl":"https:\/\/www.mexicanguitarplayers.com\/wp-content\/uploads\/2025\/04\/VANUXNCH4.jpg","datePublished":"2025-04-08T18:58:08+00:00","dateModified":"2026-04-30T01:15:07+00:00","description":"Mini pedal chorus para guitarra, 3 modelos de chorus: ST Chorus (un magn\u00edfico chorus), SCH-1 (limpio y con un efecto Leslie bastante realista), CE-1 (calidez especial de una rica atm\u00f3sfera de jazz), subdivisi\u00f3n con tap tempo inteligente, true-bypass o buffer-bypass (trails), admite est\u00e9reo, bajo consumo de energ\u00eda de menos d 100 mA, se\u00f1al seca anal\u00f3gica para bajo ruido y latencia cero, dimensiones: 94 x 51 x 53 mm, peso: 175 g.","breadcrumb":{"@id":"https:\/\/www.mexicanguitarplayers.com\/tienda\/sin categor\u00eda\/pedal-nux-nch-4-ukiyo-e-chorus\/#breadcrumb"},"inLanguage":"en-US","potentialAction":[{"@type":"ReadAction","target":["https:\/\/www.mexicanguitarplayers.com\/tienda\/sin categor\u00eda\/pedal-nux-nch-4-ukiyo-e-chorus\/"]}]},{"@type":"ImageObject","inLanguage":"en-US","@id":"https:\/\/www.mexicanguitarplayers.com\/tienda\/sin categor\u00eda\/pedal-nux-nch-4-ukiyo-e-chorus\/#primaryimage","url":"https:\/\/www.mexicanguitarplayers.com\/wp-content\/uploads\/2025\/04\/VANUXNCH4.jpg","contentUrl":"https:\/\/www.mexicanguitarplayers.com\/wp-content\/uploads\/2025\/04\/VANUXNCH4.jpg","width":1200,"height":1200},{"@type":"BreadcrumbList","@id":"https:\/\/www.mexicanguitarplayers.com\/tienda\/sin categor\u00eda\/pedal-nux-nch-4-ukiyo-e-chorus\/#breadcrumb","itemListElement":[{"@type":"ListItem","position":1,"name":"Portada","item":"https:\/\/www.mexicanguitarplayers.com\/"},{"@type":"ListItem","position":2,"name":"Tienda","item":"https:\/\/www.mexicanguitarplayers.com\/tienda\/"},{"@type":"ListItem","position":3,"name":"PEDAL NUX NCH-4 UKIYO-E CHORUS"}]},{"@type":"WebSite","@id":"https:\/\/www.mexicanguitarplayers.com\/#website","url":"https:\/\/www.mexicanguitarplayers.com\/","name":"Mexican Guitar Players","description":"Website","publisher":{"@id":"https:\/\/www.mexicanguitarplayers.com\/#organization"},"potentialAction":[{"@type":"SearchAction","target":{"@type":"EntryPoint","urlTemplate":"https:\/\/www.mexicanguitarplayers.com\/?s={search_term_string}"},"query-input":{"@type":"PropertyValueSpecification","valueRequired":true,"valueName":"search_term_string"}}],"inLanguage":"en-US"},{"@type":"Organization","@id":"https:\/\/www.mexicanguitarplayers.com\/#organization","name":"Mexican Guitar Players","url":"https:\/\/www.mexicanguitarplayers.com\/","logo":{"@type":"ImageObject","inLanguage":"en-US","@id":"https:\/\/www.mexicanguitarplayers.com\/#\/schema\/logo\/image\/","url":"","contentUrl":"","caption":"Mexican Guitar Players"},"image":{"@id":"https:\/\/www.mexicanguitarplayers.com\/#\/schema\/logo\/image\/"}}]}},"brands":[{"id":177,"name":"NUX","slug":"nux"}],"_links":{"self":[{"href":"https:\/\/www.mexicanguitarplayers.com\/en\/wp-json\/wp\/v2\/product\/31928","targetHints":{"allow":["GET"]}}],"collection":[{"href":"https:\/\/www.mexicanguitarplayers.com\/en\/wp-json\/wp\/v2\/product"}],"about":[{"href":"https:\/\/www.mexicanguitarplayers.com\/en\/wp-json\/wp\/v2\/types\/product"}],"replies":[{"embeddable":true,"href":"https:\/\/www.mexicanguitarplayers.com\/en\/wp-json\/wp\/v2\/comments?post=31928"}],"wp:featuredmedia":[{"embeddable":true,"href":"https:\/\/www.mexicanguitarplayers.com\/en\/wp-json\/wp\/v2\/media\/31920"}],"wp:attachment":[{"href":"https:\/\/www.mexicanguitarplayers.com\/en\/wp-json\/wp\/v2\/media?parent=31928"}],"wp:term":[{"taxonomy":"pwb-brand","embeddable":true,"href":"https:\/\/www.mexicanguitarplayers.com\/en\/wp-json\/wp\/v2\/pwb-brand?post=31928"},{"taxonomy":"product_brand","embeddable":true,"href":"https:\/\/www.mexicanguitarplayers.com\/en\/wp-json\/wp\/v2\/product_brand?post=31928"},{"taxonomy":"product_cat","embeddable":true,"href":"https:\/\/www.mexicanguitarplayers.com\/en\/wp-json\/wp\/v2\/product_cat?post=31928"},{"taxonomy":"product_tag","embeddable":true,"href":"https:\/\/www.mexicanguitarplayers.com\/en\/wp-json\/wp\/v2\/product_tag?post=31928"}],"curies":[{"name":"wp","href":"https:\/\/api.w.org\/{rel}","templated":true}]}}