{"id":31942,"date":"2025-04-08T12:58:24","date_gmt":"2025-04-08T18:58:24","guid":{"rendered":"https:\/\/www.mexicanguitarplayers.com\/tienda\/sin categor\u00eda\/soporte-frameworks-p-mic-gfw-mic-2110\/"},"modified":"2026-04-15T04:19:38","modified_gmt":"2026-04-15T10:19:38","slug":"soporte-frameworks-p-mic-gfw-mic-2110","status":"publish","type":"product","link":"https:\/\/www.mexicanguitarplayers.com\/en\/tienda\/accesorios\/stands\/para-microfono\/soporte-frameworks-p-mic-gfw-mic-2110\/","title":{"rendered":"SOPORTE FRAMEWORKS P\/MIC. GFW-MIC-2110"},"content":{"rendered":"<div style=\"text-align: justify\">\n<div>\n<h3>Un soporte de lujo para tu micr\u00f3fono.<\/h3>\n<\/div>\n<div>Este soporte, igual que todos los otros soportes de Framework, proporciona una estabilidad y un soporte superior en los cuales siempre podr\u00e1s confiar. Cuenta con un ajuste de clip adaptable y un clip para administrar los cables. Un brazo articulado de una sola secci\u00f3n para un ajuste independiente de la longitud y un \u00e1ngulo perfecto. Gator Cases es conocido por fabricar productos innovadores dise\u00f1ados para la protecci\u00f3n de tu equipo musical. Ofrecemos una amplia gama de tama\u00f1os, materiales y niveles de protecci\u00f3n disponibles para todo tipo de instrumentos y equipos, incluidos los soportes Framework, los soportes y accesorios de instalaci\u00f3n Rackworks y los estuches de Protector para bater\u00eda. No es dif\u00edcil encontrar una buena raz\u00f3n por la que Gator deber\u00eda ser la marca en la que confiar\u00edas para mantener tu equipo protegido y seguro de por vida.<\/div>\n<div>\n<h4>Quick look<\/h4>\n<\/div>\n<ul style=\"margin: 0px 0px 0px 25px\">\n<li style=\"list-style-type: circle;margin: 5px\">Ajuste de clip adaptable.<\/li>\n<li style=\"list-style-type: circle;margin: 5px\">Administraci\u00f3n de cable.<\/li>\n<li style=\"list-style-type: circle;margin: 5px\">Brazo articulado de una sola secci\u00f3n.<\/li>\n<li style=\"list-style-type: circle;margin: 5px\">Ajuste de altura de una mano.<\/li>\n<li style=\"list-style-type: circle;margin: 5px\">Base tr\u00edpode plegable.<\/li>\n<li style=\"list-style-type: circle;margin: 5px\">Tapizado de seguridad rojo desmontable.<\/li>\n<li style=\"list-style-type: circle;margin: 5px\">Detalles.<\/li>\n<li style=\"list-style-type: circle;margin: 5px\">Altura m\u00ednima.<\/li>\n<li style=\"list-style-type: circle;margin: 5px\">Altura m\u00e1xima.<\/li>\n<li style=\"list-style-type: circle;margin: 5px\">Weight.<\/li>\n<\/ul>\n<div>\n<div style=\"font-weight: bold\">Ajuste de clip adaptable.<\/div>\n<div>\n<p>La conexi\u00f3n adaptable del clip del micr\u00f3fono se adapta f\u00e1cilmente a los clips de micr\u00f3fono.<\/p>\n<\/div>\n<div style=\"font-weight: bold\">Administraci\u00f3n de cable.<\/div>\n<div>\n<p>Los clips de administraci\u00f3n de cables extra\u00edbles y ajustables mantienen tu configuraci\u00f3n limpia, organizada y segura.<\/p>\n<\/div>\n<div style=\"font-weight: bold\">Brazo articulado de una sola secci\u00f3n.<\/div>\n<div>\n<p>El brazo articulado de una sola secci\u00f3n te permite ajustar independientemente la longitud y el \u00e1ngulo a la posici\u00f3n perfecta. El brazo de la pluma est\u00e1 equipado para adaptarse a clips de micr\u00f3fono.<\/p>\n<\/div>\n<div style=\"font-weight: bold\">Ajuste de altura de una mano.<\/div>\n<div>\n<p>El embrague suave al tacto con una sola mano te permite ajustar f\u00e1cilmente la altura con solo apretar el gatillo. Configura y realiza ajustes precisos de altura, incluso si es un espect\u00e1culo de un solo hombre.<\/p>\n<\/div>\n<div style=\"font-weight: bold\">Base tr\u00edpode plegable.<\/div>\n<div>\n<p>Los pies robustos del tr\u00edpode se ramifican desde la base para una postura s\u00f3lida. Cuando no est\u00e9s utilizando tus soportes, pliega y coloca los pies convenientemente en una unidad compacta lista para su transporte o almacenamiento.<\/p>\n<\/div>\n<div style=\"font-weight: bold\">Tapizado de seguridad rojo desmontable.<\/div>\n<div>\n<p>Los anillos de seguridad rojos en los pies agregan un toque de visibilidad en una habitaci\u00f3n o lugar oscuro para reducir el riesgo de tropezar. Simplemente retira los anillos para una presentaci\u00f3n elegante y m\u00e1s sutil.<\/p>\n<\/div>\n<div style=\"font-weight: bold\">Detalles.<\/div>\n<div>\n<p>Soporte de micr\u00f3fono de lujo con boom. Base de tr\u00edpode plegable. Embrague de ajuste de altura con una mano y agarre suave. Gesti\u00f3n de cable incluido. Construcci\u00f3n de acero resistente. Ajuste de seguridad rojo en los pies (extra\u00edble).<\/p>\n<\/div>\n<div style=\"font-weight: bold\">Altura m\u00ednima.<\/div>\n<div>\n<p>13\u201d pulgadas (330 mm).<\/p>\n<\/div>\n<div style=\"font-weight: bold\">Altura m\u00e1xima.<\/div>\n<div>\n<p>95\u201d pulgadas (2413 mm).<\/p>\n<\/div>\n<div style=\"font-weight: bold\">Weight.<\/div>\n<div>\n<p>1.8 kg.<\/p>\n<\/div>\n<\/div>\n<\/div>","protected":false},"excerpt":{"rendered":"<p>Soporte de micr\u00f3fono de tr\u00edpode de lujo con brazo de una sola secci\u00f3n y embrague de lujo con una mano, conexi\u00f3n adaptable del clip, administrador de cables extra\u00edbles y ajustables, brazo articulado de una sola secci\u00f3n, embrague suave al tacto, base tr\u00edpode plegable, anillos de seguridad rojos en los pies, altura m\u00ednima: 13\u201d pulgadas (330 mm), altura m\u00e1xima: 95\u201d pulgadas (2413 mm), peso: 1.8 kg.&hellip; <a class=\"kt-excerpt-readmore more-link\" href=\"https:\/\/www.mexicanguitarplayers.com\/en\/tienda\/accesorios\/stands\/para-microfono\/soporte-frameworks-p-mic-gfw-mic-2110\/\">Read more<\/a><\/p>","protected":false},"featured_media":31937,"comment_status":"open","ping_status":"closed","template":"","meta":{"kt_blocks_editor_width":""},"pwb-brand":[563],"product_brand":[],"product_cat":[85,464,416],"product_tag":[],"class_list":{"0":"post-31942","1":"product","2":"type-product","3":"status-publish","4":"has-post-thumbnail","6":"pwb-brand-frameworks","7":"product_cat-accesorios","8":"product_cat-para-microfono","9":"product_cat-stands","10":"product_shipping_class-0-5-kg","12":"first","13":"outofstock","14":"taxable","15":"shipping-taxable","16":"purchasable","17":"product-type-simple"},"yoast_head":"<!-- This site is optimized with the Yoast SEO plugin v27.5 - https:\/\/yoast.com\/product\/yoast-seo-wordpress\/ -->\n<title>SOPORTE FRAMEWORKS P\/MIC. GFW-MIC-2110 - Mexican Guitar Players<\/title>\n<meta name=\"description\" content=\"Soporte de micr\u00f3fono de tr\u00edpode de lujo con brazo de una sola secci\u00f3n y embrague de lujo con una mano, conexi\u00f3n adaptable del clip, administrador de cables extra\u00edbles y ajustables, brazo articulado de una sola secci\u00f3n, embrague suave al tacto, base tr\u00edpode plegable, anillos de seguridad rojos en los pies, altura m\u00ednima: 13\u201d pulgadas (330 mm), altura m\u00e1xima: 95\u201d pulgadas (2413 mm), peso: 1.8 kg.\" \/>\n<meta name=\"robots\" content=\"index, follow, max-snippet:-1, max-image-preview:large, max-video-preview:-1\" \/>\n<link rel=\"canonical\" href=\"https:\/\/www.mexicanguitarplayers.com\/en\/tienda\/sin%20categor\u00eda\/soporte-frameworks-p-mic-gfw-mic-2110\/\" \/>\n<meta property=\"og:locale\" content=\"en_US\" \/>\n<meta property=\"og:type\" content=\"article\" \/>\n<meta property=\"og:title\" content=\"SOPORTE FRAMEWORKS P\/MIC. GFW-MIC-2110 - Mexican Guitar Players\" \/>\n<meta property=\"og:description\" content=\"Soporte de micr\u00f3fono de tr\u00edpode de lujo con brazo de una sola secci\u00f3n y embrague de lujo con una mano, conexi\u00f3n adaptable del clip, administrador de cables extra\u00edbles y ajustables, brazo articulado de una sola secci\u00f3n, embrague suave al tacto, base tr\u00edpode plegable, anillos de seguridad rojos en los pies, altura m\u00ednima: 13\u201d pulgadas (330 mm), altura m\u00e1xima: 95\u201d pulgadas (2413 mm), peso: 1.8 kg.\" \/>\n<meta property=\"og:url\" content=\"https:\/\/www.mexicanguitarplayers.com\/en\/tienda\/sin categor\u00eda\/soporte-frameworks-p-mic-gfw-mic-2110\/\" \/>\n<meta property=\"og:site_name\" content=\"Mexican Guitar Players\" \/>\n<meta property=\"article:modified_time\" content=\"2026-04-15T10:19:38+00:00\" \/>\n<meta name=\"twitter:card\" content=\"summary_large_image\" \/>\n<meta name=\"twitter:label1\" content=\"Est. reading time\" \/>\n\t<meta name=\"twitter:data1\" content=\"2 minutes\" \/>\n<script type=\"application\/ld+json\" class=\"yoast-schema-graph\">{\"@context\":\"https:\\\/\\\/schema.org\",\"@graph\":[{\"@type\":[\"WebPage\",\"ItemPage\"],\"@id\":\"https:\\\/\\\/www.mexicanguitarplayers.com\\\/tienda\\\/sin categor\u00eda\\\/soporte-frameworks-p-mic-gfw-mic-2110\\\/\",\"url\":\"https:\\\/\\\/www.mexicanguitarplayers.com\\\/tienda\\\/sin categor\u00eda\\\/soporte-frameworks-p-mic-gfw-mic-2110\\\/\",\"name\":\"SOPORTE FRAMEWORKS P\\\/MIC. GFW-MIC-2110 - Mexican Guitar Players\",\"isPartOf\":{\"@id\":\"https:\\\/\\\/www.mexicanguitarplayers.com\\\/#website\"},\"primaryImageOfPage\":{\"@id\":\"https:\\\/\\\/www.mexicanguitarplayers.com\\\/tienda\\\/sin categor\u00eda\\\/soporte-frameworks-p-mic-gfw-mic-2110\\\/#primaryimage\"},\"image\":{\"@id\":\"https:\\\/\\\/www.mexicanguitarplayers.com\\\/tienda\\\/sin categor\u00eda\\\/soporte-frameworks-p-mic-gfw-mic-2110\\\/#primaryimage\"},\"thumbnailUrl\":\"https:\\\/\\\/www.mexicanguitarplayers.com\\\/wp-content\\\/uploads\\\/2025\\\/04\\\/VAFRMGFWMIC211.jpg\",\"datePublished\":\"2025-04-08T18:58:24+00:00\",\"dateModified\":\"2026-04-15T10:19:38+00:00\",\"description\":\"Soporte de micr\u00f3fono de tr\u00edpode de lujo con brazo de una sola secci\u00f3n y embrague de lujo con una mano, conexi\u00f3n adaptable del clip, administrador de cables extra\u00edbles y ajustables, brazo articulado de una sola secci\u00f3n, embrague suave al tacto, base tr\u00edpode plegable, anillos de seguridad rojos en los pies, altura m\u00ednima: 13\u201d pulgadas (330 mm), altura m\u00e1xima: 95\u201d pulgadas (2413 mm), peso: 1.8 kg.\",\"breadcrumb\":{\"@id\":\"https:\\\/\\\/www.mexicanguitarplayers.com\\\/tienda\\\/sin categor\u00eda\\\/soporte-frameworks-p-mic-gfw-mic-2110\\\/#breadcrumb\"},\"inLanguage\":\"en-US\",\"potentialAction\":[{\"@type\":\"ReadAction\",\"target\":[\"https:\\\/\\\/www.mexicanguitarplayers.com\\\/tienda\\\/sin categor\u00eda\\\/soporte-frameworks-p-mic-gfw-mic-2110\\\/\"]}]},{\"@type\":\"ImageObject\",\"inLanguage\":\"en-US\",\"@id\":\"https:\\\/\\\/www.mexicanguitarplayers.com\\\/tienda\\\/sin categor\u00eda\\\/soporte-frameworks-p-mic-gfw-mic-2110\\\/#primaryimage\",\"url\":\"https:\\\/\\\/www.mexicanguitarplayers.com\\\/wp-content\\\/uploads\\\/2025\\\/04\\\/VAFRMGFWMIC211.jpg\",\"contentUrl\":\"https:\\\/\\\/www.mexicanguitarplayers.com\\\/wp-content\\\/uploads\\\/2025\\\/04\\\/VAFRMGFWMIC211.jpg\",\"width\":800,\"height\":1600},{\"@type\":\"BreadcrumbList\",\"@id\":\"https:\\\/\\\/www.mexicanguitarplayers.com\\\/tienda\\\/sin categor\u00eda\\\/soporte-frameworks-p-mic-gfw-mic-2110\\\/#breadcrumb\",\"itemListElement\":[{\"@type\":\"ListItem\",\"position\":1,\"name\":\"Portada\",\"item\":\"https:\\\/\\\/www.mexicanguitarplayers.com\\\/\"},{\"@type\":\"ListItem\",\"position\":2,\"name\":\"Tienda\",\"item\":\"https:\\\/\\\/www.mexicanguitarplayers.com\\\/tienda\\\/\"},{\"@type\":\"ListItem\",\"position\":3,\"name\":\"SOPORTE FRAMEWORKS P\\\/MIC. GFW-MIC-2110\"}]},{\"@type\":\"WebSite\",\"@id\":\"https:\\\/\\\/www.mexicanguitarplayers.com\\\/#website\",\"url\":\"https:\\\/\\\/www.mexicanguitarplayers.com\\\/\",\"name\":\"Mexican Guitar Players\",\"description\":\"Website\",\"publisher\":{\"@id\":\"https:\\\/\\\/www.mexicanguitarplayers.com\\\/#organization\"},\"potentialAction\":[{\"@type\":\"SearchAction\",\"target\":{\"@type\":\"EntryPoint\",\"urlTemplate\":\"https:\\\/\\\/www.mexicanguitarplayers.com\\\/?s={search_term_string}\"},\"query-input\":{\"@type\":\"PropertyValueSpecification\",\"valueRequired\":true,\"valueName\":\"search_term_string\"}}],\"inLanguage\":\"en-US\"},{\"@type\":\"Organization\",\"@id\":\"https:\\\/\\\/www.mexicanguitarplayers.com\\\/#organization\",\"name\":\"Mexican Guitar Players\",\"url\":\"https:\\\/\\\/www.mexicanguitarplayers.com\\\/\",\"logo\":{\"@type\":\"ImageObject\",\"inLanguage\":\"en-US\",\"@id\":\"https:\\\/\\\/www.mexicanguitarplayers.com\\\/#\\\/schema\\\/logo\\\/image\\\/\",\"url\":\"\",\"contentUrl\":\"\",\"caption\":\"Mexican Guitar Players\"},\"image\":{\"@id\":\"https:\\\/\\\/www.mexicanguitarplayers.com\\\/#\\\/schema\\\/logo\\\/image\\\/\"}}]}<\/script>\n<!-- \/ Yoast SEO plugin. -->","yoast_head_json":{"title":"SOPORTE FRAMEWORKS P\/MIC. GFW-MIC-2110 - Mexican Guitar Players","description":"Soporte de micr\u00f3fono de tr\u00edpode de lujo con brazo de una sola secci\u00f3n y embrague de lujo con una mano, conexi\u00f3n adaptable del clip, administrador de cables extra\u00edbles y ajustables, brazo articulado de una sola secci\u00f3n, embrague suave al tacto, base tr\u00edpode plegable, anillos de seguridad rojos en los pies, altura m\u00ednima: 13\u201d pulgadas (330 mm), altura m\u00e1xima: 95\u201d pulgadas (2413 mm), peso: 1.8 kg.","robots":{"index":"index","follow":"follow","max-snippet":"max-snippet:-1","max-image-preview":"max-image-preview:large","max-video-preview":"max-video-preview:-1"},"canonical":"https:\/\/www.mexicanguitarplayers.com\/en\/tienda\/sin categor\u00eda\/soporte-frameworks-p-mic-gfw-mic-2110\/","og_locale":"en_US","og_type":"article","og_title":"SOPORTE FRAMEWORKS P\/MIC. GFW-MIC-2110 - Mexican Guitar Players","og_description":"Soporte de micr\u00f3fono de tr\u00edpode de lujo con brazo de una sola secci\u00f3n y embrague de lujo con una mano, conexi\u00f3n adaptable del clip, administrador de cables extra\u00edbles y ajustables, brazo articulado de una sola secci\u00f3n, embrague suave al tacto, base tr\u00edpode plegable, anillos de seguridad rojos en los pies, altura m\u00ednima: 13\u201d pulgadas (330 mm), altura m\u00e1xima: 95\u201d pulgadas (2413 mm), peso: 1.8 kg.","og_url":"https:\/\/www.mexicanguitarplayers.com\/en\/tienda\/sin categor\u00eda\/soporte-frameworks-p-mic-gfw-mic-2110\/","og_site_name":"Mexican Guitar Players","article_modified_time":"2026-04-15T10:19:38+00:00","twitter_card":"summary_large_image","twitter_misc":{"Est. reading time":"2 minutes"},"schema":{"@context":"https:\/\/schema.org","@graph":[{"@type":["WebPage","ItemPage"],"@id":"https:\/\/www.mexicanguitarplayers.com\/tienda\/sin categor\u00eda\/soporte-frameworks-p-mic-gfw-mic-2110\/","url":"https:\/\/www.mexicanguitarplayers.com\/tienda\/sin categor\u00eda\/soporte-frameworks-p-mic-gfw-mic-2110\/","name":"SOPORTE FRAMEWORKS P\/MIC. GFW-MIC-2110 - Mexican Guitar Players","isPartOf":{"@id":"https:\/\/www.mexicanguitarplayers.com\/#website"},"primaryImageOfPage":{"@id":"https:\/\/www.mexicanguitarplayers.com\/tienda\/sin categor\u00eda\/soporte-frameworks-p-mic-gfw-mic-2110\/#primaryimage"},"image":{"@id":"https:\/\/www.mexicanguitarplayers.com\/tienda\/sin categor\u00eda\/soporte-frameworks-p-mic-gfw-mic-2110\/#primaryimage"},"thumbnailUrl":"https:\/\/www.mexicanguitarplayers.com\/wp-content\/uploads\/2025\/04\/VAFRMGFWMIC211.jpg","datePublished":"2025-04-08T18:58:24+00:00","dateModified":"2026-04-15T10:19:38+00:00","description":"Soporte de micr\u00f3fono de tr\u00edpode de lujo con brazo de una sola secci\u00f3n y embrague de lujo con una mano, conexi\u00f3n adaptable del clip, administrador de cables extra\u00edbles y ajustables, brazo articulado de una sola secci\u00f3n, embrague suave al tacto, base tr\u00edpode plegable, anillos de seguridad rojos en los pies, altura m\u00ednima: 13\u201d pulgadas (330 mm), altura m\u00e1xima: 95\u201d pulgadas (2413 mm), peso: 1.8 kg.","breadcrumb":{"@id":"https:\/\/www.mexicanguitarplayers.com\/tienda\/sin categor\u00eda\/soporte-frameworks-p-mic-gfw-mic-2110\/#breadcrumb"},"inLanguage":"en-US","potentialAction":[{"@type":"ReadAction","target":["https:\/\/www.mexicanguitarplayers.com\/tienda\/sin categor\u00eda\/soporte-frameworks-p-mic-gfw-mic-2110\/"]}]},{"@type":"ImageObject","inLanguage":"en-US","@id":"https:\/\/www.mexicanguitarplayers.com\/tienda\/sin categor\u00eda\/soporte-frameworks-p-mic-gfw-mic-2110\/#primaryimage","url":"https:\/\/www.mexicanguitarplayers.com\/wp-content\/uploads\/2025\/04\/VAFRMGFWMIC211.jpg","contentUrl":"https:\/\/www.mexicanguitarplayers.com\/wp-content\/uploads\/2025\/04\/VAFRMGFWMIC211.jpg","width":800,"height":1600},{"@type":"BreadcrumbList","@id":"https:\/\/www.mexicanguitarplayers.com\/tienda\/sin categor\u00eda\/soporte-frameworks-p-mic-gfw-mic-2110\/#breadcrumb","itemListElement":[{"@type":"ListItem","position":1,"name":"Portada","item":"https:\/\/www.mexicanguitarplayers.com\/"},{"@type":"ListItem","position":2,"name":"Tienda","item":"https:\/\/www.mexicanguitarplayers.com\/tienda\/"},{"@type":"ListItem","position":3,"name":"SOPORTE FRAMEWORKS P\/MIC. GFW-MIC-2110"}]},{"@type":"WebSite","@id":"https:\/\/www.mexicanguitarplayers.com\/#website","url":"https:\/\/www.mexicanguitarplayers.com\/","name":"Mexican Guitar Players","description":"Website","publisher":{"@id":"https:\/\/www.mexicanguitarplayers.com\/#organization"},"potentialAction":[{"@type":"SearchAction","target":{"@type":"EntryPoint","urlTemplate":"https:\/\/www.mexicanguitarplayers.com\/?s={search_term_string}"},"query-input":{"@type":"PropertyValueSpecification","valueRequired":true,"valueName":"search_term_string"}}],"inLanguage":"en-US"},{"@type":"Organization","@id":"https:\/\/www.mexicanguitarplayers.com\/#organization","name":"Mexican Guitar Players","url":"https:\/\/www.mexicanguitarplayers.com\/","logo":{"@type":"ImageObject","inLanguage":"en-US","@id":"https:\/\/www.mexicanguitarplayers.com\/#\/schema\/logo\/image\/","url":"","contentUrl":"","caption":"Mexican Guitar Players"},"image":{"@id":"https:\/\/www.mexicanguitarplayers.com\/#\/schema\/logo\/image\/"}}]}},"brands":[{"id":563,"name":"FRAMEWORKS","slug":"frameworks"}],"_links":{"self":[{"href":"https:\/\/www.mexicanguitarplayers.com\/en\/wp-json\/wp\/v2\/product\/31942","targetHints":{"allow":["GET"]}}],"collection":[{"href":"https:\/\/www.mexicanguitarplayers.com\/en\/wp-json\/wp\/v2\/product"}],"about":[{"href":"https:\/\/www.mexicanguitarplayers.com\/en\/wp-json\/wp\/v2\/types\/product"}],"replies":[{"embeddable":true,"href":"https:\/\/www.mexicanguitarplayers.com\/en\/wp-json\/wp\/v2\/comments?post=31942"}],"wp:featuredmedia":[{"embeddable":true,"href":"https:\/\/www.mexicanguitarplayers.com\/en\/wp-json\/wp\/v2\/media\/31937"}],"wp:attachment":[{"href":"https:\/\/www.mexicanguitarplayers.com\/en\/wp-json\/wp\/v2\/media?parent=31942"}],"wp:term":[{"taxonomy":"pwb-brand","embeddable":true,"href":"https:\/\/www.mexicanguitarplayers.com\/en\/wp-json\/wp\/v2\/pwb-brand?post=31942"},{"taxonomy":"product_brand","embeddable":true,"href":"https:\/\/www.mexicanguitarplayers.com\/en\/wp-json\/wp\/v2\/product_brand?post=31942"},{"taxonomy":"product_cat","embeddable":true,"href":"https:\/\/www.mexicanguitarplayers.com\/en\/wp-json\/wp\/v2\/product_cat?post=31942"},{"taxonomy":"product_tag","embeddable":true,"href":"https:\/\/www.mexicanguitarplayers.com\/en\/wp-json\/wp\/v2\/product_tag?post=31942"}],"curies":[{"name":"wp","href":"https:\/\/api.w.org\/{rel}","templated":true}]}}