{"id":31953,"date":"2025-04-08T12:58:44","date_gmt":"2025-04-08T18:58:44","guid":{"rendered":"https:\/\/www.mexicanguitarplayers.com\/tienda\/sin categor\u00eda\/combo-ashdown-p-bajo-mod-aaa-30-8\/"},"modified":"2026-04-10T04:34:19","modified_gmt":"2026-04-10T10:34:19","slug":"combo-ashdown-p-bajo-mod-aaa-30-8","status":"publish","type":"product","link":"https:\/\/www.mexicanguitarplayers.com\/en\/tienda\/cuerdas\/combos\/combos-para-bajo\/combo-ashdown-p-bajo-mod-aaa-30-8\/","title":{"rendered":"COMBO ASHDOWN P\/BAJO MOD. AAA-30-8"},"content":{"rendered":"<div style=\"text-align: justify\">\n<div>\n<h3>Mejora tu sonido. Peque\u00f1o combo con gran sonido.<\/h3>\n<\/div>\n<div>El AAA EVO 30-8 de Ashdown es un peque\u00f1o y carism\u00e1tico combo de 30 watts con un s\u00f3lo altavoz de 8&#8243; pulgadas. El amplificador cuenta con un ecualizador simple de 3 bandas para controlar graves, medios y agudos, pero el cable AppTek suministrado y el socket permiten al bajista expandir las posibilidades tonales del amplificador. Descarga la aplicaci\u00f3n ABM Pre de Ashdown (disponible a trav\u00e9s de Agile Partners Amp Kit) y cambia las incre\u00edbles caracter\u00edsticas que obtienes de la formidable gama ABM, incluyendo Sub Harmonics, Tube Drive, Compression y un completo ecualizador de 7 bandas, transformando este peque\u00f1o amplificador en toda una m\u00e1quina de sonido. El AAA EVO 30-8 viene equipado con un control de nivel de mezcla auxiliar para la entrada de l\u00ednea y una salida de aud\u00edfonos tambi\u00e9n se proporciona para la pr\u00e1ctica silenciosa. Solo enciende el switch de silencio de altavoz situado en la parte posterior del amplificador. El AAA EVO 30-8 mantiene el tono b\u00e1sico y las caracter\u00edsticas de los amplificadores AAA EVO m\u00e1s grandes de la gama de productos, lo que lo hace ideal para principiantes no solo en busca de su primer amplificador de primera calidad, sino tambi\u00e9n para los bajistas que necesitan un peque\u00f1o combo para usarlo en casa o para calentar antes del show. M\u00e1s prominentemente, el rango AAA EVO de Ashdown ha sido actualizado con una gran cubierta Tolex premium de alta calidad con una elegante y distintiva parrilla de color rojo vintage. El AAA EVO 30-8 de Ashdown es un peque\u00f1o y carism\u00e1tico combo de 30 watts con un s\u00f3lo altavoz de 8&#8243; pulgadas. El amplificador cuenta con un ecualizador simple de 3 bandas para controlar graves, medios y agudos, pero el cable AppTek suministrado y el socket permiten al bajista expandir las posibilidades tonales del amplificador. Descarga la aplicaci\u00f3n ABM Pre de Ashdown (disponible a trav\u00e9s de Agile Partners Amp Kit) y cambia las incre\u00edbles caracter\u00edsticas que obtienes de la formidable gama ABM, incluyendo Sub Harmonics, Tube Drive, Compression y un completo ecualizador de 7 bandas, transformando este peque\u00f1o amplificador en toda una m\u00e1quina de sonido. El AAA EVO 30-8 viene equipado con un control de nivel de mezcla auxiliar para la entrada de l\u00ednea y una salida de aud\u00edfonos tambi\u00e9n se proporciona para la pr\u00e1ctica silenciosa. Solo enciende el switch de silencio de altavoz situado en la parte posterior del amplificador. El AAA EVO 30-8 mantiene el tono b\u00e1sico y las caracter\u00edsticas de los amplificadores AAA EVO m\u00e1s grandes de la gama de productos, lo que lo hace ideal para principiantes no solo en busca de su primer amplificador de primera calidad, sino tambi\u00e9n para los bajistas que necesitan un peque\u00f1o combo para usarlo en casa o para calentar antes del show. M\u00e1s prominentemente, el rango AAA EVO de Ashdown ha sido actualizado con una gran cubierta Tolex premium de alta calidad con una elegante y distintiva parrilla de color rojo vintage. Z\u00f3calo AppTek. El z\u00f3calo AppTek te permite conectar tu dispositivo simulador de amplificador en un iPhone o Ipad. Lo hemos desarrollado con Agile Partners Amp-Kit, por lo que podr\u00e1s usar un modelado preamp ABM y ABM-810 a trav\u00e9s de tu amplificador de pr\u00e1ctica y poder expandir con esto una serie de pedales disponibles. El mando giratorio App\/FX Mix en los modelos AAA-120 y AAA-300 te permite mezclar el nivel de FX o AppTek alimentado por el amplificador, funcionando como un control de mezcla h\u00fameda de se\u00f1al.<\/div>\n<div>\n<h4>Characteristics<\/h4>\n<\/div>\n<div>\n<ul style=\"margin: 0px 0px 0px 25px\">\n<li style=\"list-style-type: circle;margin: 5px\">Combo para bajo.<\/li>\n<li style=\"list-style-type: circle;margin: 5px\">Potencia de 30 watts.<\/li>\n<li style=\"list-style-type: circle;margin: 5px\">Un altavoz de 8&#8243; pulgadas.<\/li>\n<li style=\"list-style-type: circle;margin: 5px\">Ecualizador de 3 bandas.<\/li>\n<li style=\"list-style-type: circle;margin: 5px\">Headphone output.<\/li>\n<li style=\"list-style-type: circle;margin: 5px\">Dimensiones: 360 x 360 x 300 mm.<\/li>\n<li style=\"list-style-type: circle;margin: 5px\">Peso: 10 kg.<\/li>\n<\/ul>\n<\/div>\n<\/div>","protected":false},"excerpt":{"rendered":"<p>Combo para bajo, potencia de 30 watts, un altavoz de 8\u201d pulgadas, ecualizador de 3 bandas, salida de aud\u00edfonos, entrada de l\u00ednea (jack 1\/8\u201d), entrada AppTek para conectar tu dispositivo simulador de amplificador en un iPhone o Ipad, dimensiones: 360 x 360 x 300 mm, peso: 10 kg.&hellip; <a class=\"kt-excerpt-readmore more-link\" href=\"https:\/\/www.mexicanguitarplayers.com\/en\/tienda\/cuerdas\/combos\/combos-para-bajo\/combo-ashdown-p-bajo-mod-aaa-30-8\/\">Read more<\/a><\/p>","protected":false},"featured_media":31947,"comment_status":"open","ping_status":"closed","template":"","meta":{"kt_blocks_editor_width":""},"pwb-brand":[257],"product_brand":[],"product_cat":[236,255,224],"product_tag":[],"class_list":{"0":"post-31953","1":"product","2":"type-product","3":"status-publish","4":"has-post-thumbnail","6":"pwb-brand-ashdown","7":"product_cat-combos","8":"product_cat-combos-para-bajo","9":"product_cat-cuerdas","10":"product_shipping_class-10-15-kg","12":"first","13":"outofstock","14":"taxable","15":"shipping-taxable","16":"purchasable","17":"product-type-simple"},"yoast_head":"<!-- This site is optimized with the Yoast SEO plugin v27.6 - https:\/\/yoast.com\/product\/yoast-seo-wordpress\/ -->\n<title>COMBO ASHDOWN P\/BAJO MOD. AAA-30-8 - Mexican Guitar Players<\/title>\n<meta name=\"description\" content=\"Combo para bajo, potencia de 30 watts, un altavoz de 8\u201d pulgadas, ecualizador de 3 bandas, salida de aud\u00edfonos, entrada de l\u00ednea (jack 1\/8\u201d), entrada AppTek para conectar tu dispositivo simulador de amplificador en un iPhone o Ipad, dimensiones: 360 x 360 x 300 mm, peso: 10 kg.\" \/>\n<meta name=\"robots\" content=\"index, follow, max-snippet:-1, max-image-preview:large, max-video-preview:-1\" \/>\n<link rel=\"canonical\" href=\"https:\/\/www.mexicanguitarplayers.com\/en\/tienda\/sin%20categor\u00eda\/combo-ashdown-p-bajo-mod-aaa-30-8\/\" \/>\n<meta property=\"og:locale\" content=\"en_US\" \/>\n<meta property=\"og:type\" content=\"article\" \/>\n<meta property=\"og:title\" content=\"COMBO ASHDOWN P\/BAJO MOD. AAA-30-8 - Mexican Guitar Players\" \/>\n<meta property=\"og:description\" content=\"Combo para bajo, potencia de 30 watts, un altavoz de 8\u201d pulgadas, ecualizador de 3 bandas, salida de aud\u00edfonos, entrada de l\u00ednea (jack 1\/8\u201d), entrada AppTek para conectar tu dispositivo simulador de amplificador en un iPhone o Ipad, dimensiones: 360 x 360 x 300 mm, peso: 10 kg.\" \/>\n<meta property=\"og:url\" content=\"https:\/\/www.mexicanguitarplayers.com\/en\/tienda\/sin categor\u00eda\/combo-ashdown-p-bajo-mod-aaa-30-8\/\" \/>\n<meta property=\"og:site_name\" content=\"Mexican Guitar Players\" \/>\n<meta property=\"article:modified_time\" content=\"2026-04-10T10:34:19+00:00\" \/>\n<meta name=\"twitter:card\" content=\"summary_large_image\" \/>\n<meta name=\"twitter:label1\" content=\"Est. reading time\" \/>\n\t<meta name=\"twitter:data1\" content=\"3 minutes\" \/>\n<script type=\"application\/ld+json\" class=\"yoast-schema-graph\">{\"@context\":\"https:\\\/\\\/schema.org\",\"@graph\":[{\"@type\":[\"WebPage\",\"ItemPage\"],\"@id\":\"https:\\\/\\\/www.mexicanguitarplayers.com\\\/tienda\\\/sin categor\u00eda\\\/combo-ashdown-p-bajo-mod-aaa-30-8\\\/\",\"url\":\"https:\\\/\\\/www.mexicanguitarplayers.com\\\/tienda\\\/sin categor\u00eda\\\/combo-ashdown-p-bajo-mod-aaa-30-8\\\/\",\"name\":\"COMBO ASHDOWN P\\\/BAJO MOD. AAA-30-8 - Mexican Guitar Players\",\"isPartOf\":{\"@id\":\"https:\\\/\\\/www.mexicanguitarplayers.com\\\/#website\"},\"primaryImageOfPage\":{\"@id\":\"https:\\\/\\\/www.mexicanguitarplayers.com\\\/tienda\\\/sin categor\u00eda\\\/combo-ashdown-p-bajo-mod-aaa-30-8\\\/#primaryimage\"},\"image\":{\"@id\":\"https:\\\/\\\/www.mexicanguitarplayers.com\\\/tienda\\\/sin categor\u00eda\\\/combo-ashdown-p-bajo-mod-aaa-30-8\\\/#primaryimage\"},\"thumbnailUrl\":\"https:\\\/\\\/www.mexicanguitarplayers.com\\\/wp-content\\\/uploads\\\/2025\\\/04\\\/ICASOAAA308.jpg\",\"datePublished\":\"2025-04-08T18:58:44+00:00\",\"dateModified\":\"2026-04-10T10:34:19+00:00\",\"description\":\"Combo para bajo, potencia de 30 watts, un altavoz de 8\u201d pulgadas, ecualizador de 3 bandas, salida de aud\u00edfonos, entrada de l\u00ednea (jack 1\\\/8\u201d), entrada AppTek para conectar tu dispositivo simulador de amplificador en un iPhone o Ipad, dimensiones: 360 x 360 x 300 mm, peso: 10 kg.\",\"breadcrumb\":{\"@id\":\"https:\\\/\\\/www.mexicanguitarplayers.com\\\/tienda\\\/sin categor\u00eda\\\/combo-ashdown-p-bajo-mod-aaa-30-8\\\/#breadcrumb\"},\"inLanguage\":\"en-US\",\"potentialAction\":[{\"@type\":\"ReadAction\",\"target\":[\"https:\\\/\\\/www.mexicanguitarplayers.com\\\/tienda\\\/sin categor\u00eda\\\/combo-ashdown-p-bajo-mod-aaa-30-8\\\/\"]}]},{\"@type\":\"ImageObject\",\"inLanguage\":\"en-US\",\"@id\":\"https:\\\/\\\/www.mexicanguitarplayers.com\\\/tienda\\\/sin categor\u00eda\\\/combo-ashdown-p-bajo-mod-aaa-30-8\\\/#primaryimage\",\"url\":\"https:\\\/\\\/www.mexicanguitarplayers.com\\\/wp-content\\\/uploads\\\/2025\\\/04\\\/ICASOAAA308.jpg\",\"contentUrl\":\"https:\\\/\\\/www.mexicanguitarplayers.com\\\/wp-content\\\/uploads\\\/2025\\\/04\\\/ICASOAAA308.jpg\",\"width\":1200,\"height\":1200},{\"@type\":\"BreadcrumbList\",\"@id\":\"https:\\\/\\\/www.mexicanguitarplayers.com\\\/tienda\\\/sin categor\u00eda\\\/combo-ashdown-p-bajo-mod-aaa-30-8\\\/#breadcrumb\",\"itemListElement\":[{\"@type\":\"ListItem\",\"position\":1,\"name\":\"Portada\",\"item\":\"https:\\\/\\\/www.mexicanguitarplayers.com\\\/\"},{\"@type\":\"ListItem\",\"position\":2,\"name\":\"Tienda\",\"item\":\"https:\\\/\\\/www.mexicanguitarplayers.com\\\/tienda\\\/\"},{\"@type\":\"ListItem\",\"position\":3,\"name\":\"COMBO ASHDOWN P\\\/BAJO MOD. AAA-30-8\"}]},{\"@type\":\"WebSite\",\"@id\":\"https:\\\/\\\/www.mexicanguitarplayers.com\\\/#website\",\"url\":\"https:\\\/\\\/www.mexicanguitarplayers.com\\\/\",\"name\":\"Mexican Guitar Players\",\"description\":\"Website\",\"publisher\":{\"@id\":\"https:\\\/\\\/www.mexicanguitarplayers.com\\\/#organization\"},\"potentialAction\":[{\"@type\":\"SearchAction\",\"target\":{\"@type\":\"EntryPoint\",\"urlTemplate\":\"https:\\\/\\\/www.mexicanguitarplayers.com\\\/?s={search_term_string}\"},\"query-input\":{\"@type\":\"PropertyValueSpecification\",\"valueRequired\":true,\"valueName\":\"search_term_string\"}}],\"inLanguage\":\"en-US\"},{\"@type\":\"Organization\",\"@id\":\"https:\\\/\\\/www.mexicanguitarplayers.com\\\/#organization\",\"name\":\"Mexican Guitar Players\",\"url\":\"https:\\\/\\\/www.mexicanguitarplayers.com\\\/\",\"logo\":{\"@type\":\"ImageObject\",\"inLanguage\":\"en-US\",\"@id\":\"https:\\\/\\\/www.mexicanguitarplayers.com\\\/#\\\/schema\\\/logo\\\/image\\\/\",\"url\":\"\",\"contentUrl\":\"\",\"caption\":\"Mexican Guitar Players\"},\"image\":{\"@id\":\"https:\\\/\\\/www.mexicanguitarplayers.com\\\/#\\\/schema\\\/logo\\\/image\\\/\"}}]}<\/script>\n<!-- \/ Yoast SEO plugin. -->","yoast_head_json":{"title":"COMBO ASHDOWN P\/BAJO MOD. AAA-30-8 - Mexican Guitar Players","description":"Combo para bajo, potencia de 30 watts, un altavoz de 8\u201d pulgadas, ecualizador de 3 bandas, salida de aud\u00edfonos, entrada de l\u00ednea (jack 1\/8\u201d), entrada AppTek para conectar tu dispositivo simulador de amplificador en un iPhone o Ipad, dimensiones: 360 x 360 x 300 mm, peso: 10 kg.","robots":{"index":"index","follow":"follow","max-snippet":"max-snippet:-1","max-image-preview":"max-image-preview:large","max-video-preview":"max-video-preview:-1"},"canonical":"https:\/\/www.mexicanguitarplayers.com\/en\/tienda\/sin categor\u00eda\/combo-ashdown-p-bajo-mod-aaa-30-8\/","og_locale":"en_US","og_type":"article","og_title":"COMBO ASHDOWN P\/BAJO MOD. AAA-30-8 - Mexican Guitar Players","og_description":"Combo para bajo, potencia de 30 watts, un altavoz de 8\u201d pulgadas, ecualizador de 3 bandas, salida de aud\u00edfonos, entrada de l\u00ednea (jack 1\/8\u201d), entrada AppTek para conectar tu dispositivo simulador de amplificador en un iPhone o Ipad, dimensiones: 360 x 360 x 300 mm, peso: 10 kg.","og_url":"https:\/\/www.mexicanguitarplayers.com\/en\/tienda\/sin categor\u00eda\/combo-ashdown-p-bajo-mod-aaa-30-8\/","og_site_name":"Mexican Guitar Players","article_modified_time":"2026-04-10T10:34:19+00:00","twitter_card":"summary_large_image","twitter_misc":{"Est. reading time":"3 minutes"},"schema":{"@context":"https:\/\/schema.org","@graph":[{"@type":["WebPage","ItemPage"],"@id":"https:\/\/www.mexicanguitarplayers.com\/tienda\/sin categor\u00eda\/combo-ashdown-p-bajo-mod-aaa-30-8\/","url":"https:\/\/www.mexicanguitarplayers.com\/tienda\/sin categor\u00eda\/combo-ashdown-p-bajo-mod-aaa-30-8\/","name":"COMBO ASHDOWN P\/BAJO MOD. AAA-30-8 - Mexican Guitar Players","isPartOf":{"@id":"https:\/\/www.mexicanguitarplayers.com\/#website"},"primaryImageOfPage":{"@id":"https:\/\/www.mexicanguitarplayers.com\/tienda\/sin categor\u00eda\/combo-ashdown-p-bajo-mod-aaa-30-8\/#primaryimage"},"image":{"@id":"https:\/\/www.mexicanguitarplayers.com\/tienda\/sin categor\u00eda\/combo-ashdown-p-bajo-mod-aaa-30-8\/#primaryimage"},"thumbnailUrl":"https:\/\/www.mexicanguitarplayers.com\/wp-content\/uploads\/2025\/04\/ICASOAAA308.jpg","datePublished":"2025-04-08T18:58:44+00:00","dateModified":"2026-04-10T10:34:19+00:00","description":"Combo para bajo, potencia de 30 watts, un altavoz de 8\u201d pulgadas, ecualizador de 3 bandas, salida de aud\u00edfonos, entrada de l\u00ednea (jack 1\/8\u201d), entrada AppTek para conectar tu dispositivo simulador de amplificador en un iPhone o Ipad, dimensiones: 360 x 360 x 300 mm, peso: 10 kg.","breadcrumb":{"@id":"https:\/\/www.mexicanguitarplayers.com\/tienda\/sin categor\u00eda\/combo-ashdown-p-bajo-mod-aaa-30-8\/#breadcrumb"},"inLanguage":"en-US","potentialAction":[{"@type":"ReadAction","target":["https:\/\/www.mexicanguitarplayers.com\/tienda\/sin categor\u00eda\/combo-ashdown-p-bajo-mod-aaa-30-8\/"]}]},{"@type":"ImageObject","inLanguage":"en-US","@id":"https:\/\/www.mexicanguitarplayers.com\/tienda\/sin categor\u00eda\/combo-ashdown-p-bajo-mod-aaa-30-8\/#primaryimage","url":"https:\/\/www.mexicanguitarplayers.com\/wp-content\/uploads\/2025\/04\/ICASOAAA308.jpg","contentUrl":"https:\/\/www.mexicanguitarplayers.com\/wp-content\/uploads\/2025\/04\/ICASOAAA308.jpg","width":1200,"height":1200},{"@type":"BreadcrumbList","@id":"https:\/\/www.mexicanguitarplayers.com\/tienda\/sin categor\u00eda\/combo-ashdown-p-bajo-mod-aaa-30-8\/#breadcrumb","itemListElement":[{"@type":"ListItem","position":1,"name":"Portada","item":"https:\/\/www.mexicanguitarplayers.com\/"},{"@type":"ListItem","position":2,"name":"Tienda","item":"https:\/\/www.mexicanguitarplayers.com\/tienda\/"},{"@type":"ListItem","position":3,"name":"COMBO ASHDOWN P\/BAJO MOD. AAA-30-8"}]},{"@type":"WebSite","@id":"https:\/\/www.mexicanguitarplayers.com\/#website","url":"https:\/\/www.mexicanguitarplayers.com\/","name":"Mexican Guitar Players","description":"Website","publisher":{"@id":"https:\/\/www.mexicanguitarplayers.com\/#organization"},"potentialAction":[{"@type":"SearchAction","target":{"@type":"EntryPoint","urlTemplate":"https:\/\/www.mexicanguitarplayers.com\/?s={search_term_string}"},"query-input":{"@type":"PropertyValueSpecification","valueRequired":true,"valueName":"search_term_string"}}],"inLanguage":"en-US"},{"@type":"Organization","@id":"https:\/\/www.mexicanguitarplayers.com\/#organization","name":"Mexican Guitar Players","url":"https:\/\/www.mexicanguitarplayers.com\/","logo":{"@type":"ImageObject","inLanguage":"en-US","@id":"https:\/\/www.mexicanguitarplayers.com\/#\/schema\/logo\/image\/","url":"","contentUrl":"","caption":"Mexican Guitar Players"},"image":{"@id":"https:\/\/www.mexicanguitarplayers.com\/#\/schema\/logo\/image\/"}}]}},"brands":[{"id":257,"name":"ASHDOWN","slug":"ashdown"}],"_links":{"self":[{"href":"https:\/\/www.mexicanguitarplayers.com\/en\/wp-json\/wp\/v2\/product\/31953","targetHints":{"allow":["GET"]}}],"collection":[{"href":"https:\/\/www.mexicanguitarplayers.com\/en\/wp-json\/wp\/v2\/product"}],"about":[{"href":"https:\/\/www.mexicanguitarplayers.com\/en\/wp-json\/wp\/v2\/types\/product"}],"replies":[{"embeddable":true,"href":"https:\/\/www.mexicanguitarplayers.com\/en\/wp-json\/wp\/v2\/comments?post=31953"}],"wp:featuredmedia":[{"embeddable":true,"href":"https:\/\/www.mexicanguitarplayers.com\/en\/wp-json\/wp\/v2\/media\/31947"}],"wp:attachment":[{"href":"https:\/\/www.mexicanguitarplayers.com\/en\/wp-json\/wp\/v2\/media?parent=31953"}],"wp:term":[{"taxonomy":"pwb-brand","embeddable":true,"href":"https:\/\/www.mexicanguitarplayers.com\/en\/wp-json\/wp\/v2\/pwb-brand?post=31953"},{"taxonomy":"product_brand","embeddable":true,"href":"https:\/\/www.mexicanguitarplayers.com\/en\/wp-json\/wp\/v2\/product_brand?post=31953"},{"taxonomy":"product_cat","embeddable":true,"href":"https:\/\/www.mexicanguitarplayers.com\/en\/wp-json\/wp\/v2\/product_cat?post=31953"},{"taxonomy":"product_tag","embeddable":true,"href":"https:\/\/www.mexicanguitarplayers.com\/en\/wp-json\/wp\/v2\/product_tag?post=31953"}],"curies":[{"name":"wp","href":"https:\/\/api.w.org\/{rel}","templated":true}]}}