{"id":31967,"date":"2025-04-08T12:59:07","date_gmt":"2025-04-08T18:59:07","guid":{"rendered":"https:\/\/www.mexicanguitarplayers.com\/tienda\/sin categor\u00eda\/arandela-cympad-p-platillo-mod-cs15-5\/"},"modified":"2026-05-01T07:23:50","modified_gmt":"2026-05-01T13:23:50","slug":"arandela-cympad-p-platillo-mod-cs15-5","status":"publish","type":"product","link":"https:\/\/www.mexicanguitarplayers.com\/en\/tienda\/accesorios\/para-bateria\/cuidado-y-proteccion\/arandela-cympad-p-platillo-mod-cs15-5\/","title":{"rendered":"ARANDELA CYMPAD P\/PLATILLO  MOD. CS15\/5"},"content":{"rendered":"<div style=\"text-align: justify\">\n<div>\n<h3>Saca el mejor sonido de tus platillos.<\/h3>\n<\/div>\n<div>Espuma org\u00e1nica de primera calidad para platillos, mejoran sustancialmente el sonido de tus platillos, proporcionan una suspensi\u00f3n superior y un gran aislamiento de soportes y accesorios de montaje, explotando toda la gama de sonidos de los platillos y dando una sensaci\u00f3n m\u00e1s natural y m\u00e1s c\u00f3moda.Espuma org\u00e1nica de primera calidad para platillos, mejoran sustancialmente el sonido de tus platillos, proporcionan una suspensi\u00f3n superior y un gran aislamiento de soportes y accesorios de montaje, explotando toda la gama de sonidos de los platillos y dando una sensaci\u00f3n m\u00e1s natural y m\u00e1s c\u00f3moda. La serie Chromatic viene en una amplia variedad de opciones de color que permite a los bateristas contrastar, complementar y personalizar el aspecto de su set de platillos. Y debido a que est\u00e1n fabricados con espuma celular de alta densidad con &#8220;memoria&#8221;, la serie Chromatics proporciona un sonido significativo y mejoras en el rendimiento en comparaci\u00f3n con los antiguos fieltros. Uniformidad en tama\u00f1o y forma, las espumas Chromatics son duraderas, coloridas y recomendadas tanto para la parte superior como para la parte inferior de los platillos en todos los estilos y situaciones de percusi\u00f3n.<\/div>\n<div>\n<h4>Characteristics<\/h4>\n<\/div>\n<div>\n<ul style=\"margin: 0px 0px 0px 25px\">\n<li style=\"list-style-type: circle;margin: 5px\">Espuma org\u00e1nica para platillos.<\/li>\n<li style=\"list-style-type: circle;margin: 5px\">Mejoran sustancialmente el sonido de los platillos.<\/li>\n<li style=\"list-style-type: circle;margin: 5px\">Proporcionan una suspensi\u00f3n superior.<\/li>\n<li style=\"list-style-type: circle;margin: 5px\">Gran aislamiento de soportes y accesorios de montaje.<\/li>\n<li style=\"list-style-type: circle;margin: 5px\">Sensaci\u00f3n m\u00e1s natural y m\u00e1s c\u00f3moda.<\/li>\n<li style=\"list-style-type: circle;margin: 5px\">Incluye 5 espumas est\u00e1ndar de 40\/15 mm.<\/li>\n<li style=\"list-style-type: circle;margin: 5px\">Diversos colores: Amarillo, azul, blanco, carmes\u00ed, morado, naranja, rojo o verde.<\/li>\n<\/ul>\n<\/div>\n<\/div>","protected":false},"excerpt":{"rendered":"<p>Espuma org\u00e1nica para platillos, mejoran sustancialmente el sonido de los platillos, proporcionan una suspensi\u00f3n superior, gran aislamiento de soportes y accesorios de montaje, sensaci\u00f3n m\u00e1s natural y m\u00e1s c\u00f3moda, incluye 5 espumas est\u00e1ndar de 40\/15 mm ya sea en color amarillo, azul, blanco, carmes\u00ed, morado, naranja, rojo o verde.&hellip; <a class=\"kt-excerpt-readmore more-link\" href=\"https:\/\/www.mexicanguitarplayers.com\/en\/tienda\/accesorios\/para-bateria\/cuidado-y-proteccion\/arandela-cympad-p-platillo-mod-cs15-5\/\">Read more<\/a><\/p>","protected":false},"featured_media":31958,"comment_status":"open","ping_status":"closed","template":"","meta":{"kt_blocks_editor_width":""},"pwb-brand":[429],"product_brand":[],"product_cat":[85,421,306],"product_tag":[],"class_list":{"0":"post-31967","1":"product","2":"type-product","3":"status-publish","4":"has-post-thumbnail","6":"pwb-brand-cympad","7":"product_cat-accesorios","8":"product_cat-cuidado-y-proteccion","9":"product_cat-para-bateria","10":"product_shipping_class-0-5-kg","12":"first","13":"instock","14":"taxable","15":"shipping-taxable","16":"purchasable","17":"product-type-simple"},"yoast_head":"<!-- This site is optimized with the Yoast SEO plugin v27.5 - https:\/\/yoast.com\/product\/yoast-seo-wordpress\/ -->\n<title>ARANDELA CYMPAD P\/PLATILLO MOD. CS15\/5 - Mexican Guitar Players<\/title>\n<meta name=\"description\" content=\"Espuma org\u00e1nica para platillos, mejoran sustancialmente el sonido de los platillos, proporcionan una suspensi\u00f3n superior, gran aislamiento de soportes y accesorios de montaje, sensaci\u00f3n m\u00e1s natural y m\u00e1s c\u00f3moda, incluye 5 espumas est\u00e1ndar de 40\/15 mm ya sea en color amarillo, azul, blanco, carmes\u00ed, morado, naranja, rojo o verde.\" \/>\n<meta name=\"robots\" content=\"index, follow, max-snippet:-1, max-image-preview:large, max-video-preview:-1\" \/>\n<link rel=\"canonical\" href=\"https:\/\/www.mexicanguitarplayers.com\/en\/tienda\/sin%20categor\u00eda\/arandela-cympad-p-platillo-mod-cs15-5\/\" \/>\n<meta property=\"og:locale\" content=\"en_US\" \/>\n<meta property=\"og:type\" content=\"article\" \/>\n<meta property=\"og:title\" content=\"ARANDELA CYMPAD P\/PLATILLO MOD. CS15\/5 - Mexican Guitar Players\" \/>\n<meta property=\"og:description\" content=\"Espuma org\u00e1nica para platillos, mejoran sustancialmente el sonido de los platillos, proporcionan una suspensi\u00f3n superior, gran aislamiento de soportes y accesorios de montaje, sensaci\u00f3n m\u00e1s natural y m\u00e1s c\u00f3moda, incluye 5 espumas est\u00e1ndar de 40\/15 mm ya sea en color amarillo, azul, blanco, carmes\u00ed, morado, naranja, rojo o verde.\" \/>\n<meta property=\"og:url\" content=\"https:\/\/www.mexicanguitarplayers.com\/en\/tienda\/sin categor\u00eda\/arandela-cympad-p-platillo-mod-cs15-5\/\" \/>\n<meta property=\"og:site_name\" content=\"Mexican Guitar Players\" \/>\n<meta property=\"article:modified_time\" content=\"2026-05-01T13:23:50+00:00\" \/>\n<meta name=\"twitter:card\" content=\"summary_large_image\" \/>\n<meta name=\"twitter:label1\" content=\"Est. reading time\" \/>\n\t<meta name=\"twitter:data1\" content=\"1 minute\" \/>\n<script type=\"application\/ld+json\" class=\"yoast-schema-graph\">{\"@context\":\"https:\\\/\\\/schema.org\",\"@graph\":[{\"@type\":[\"WebPage\",\"ItemPage\"],\"@id\":\"https:\\\/\\\/www.mexicanguitarplayers.com\\\/tienda\\\/sin categor\u00eda\\\/arandela-cympad-p-platillo-mod-cs15-5\\\/\",\"url\":\"https:\\\/\\\/www.mexicanguitarplayers.com\\\/tienda\\\/sin categor\u00eda\\\/arandela-cympad-p-platillo-mod-cs15-5\\\/\",\"name\":\"ARANDELA CYMPAD P\\\/PLATILLO MOD. CS15\\\/5 - Mexican Guitar Players\",\"isPartOf\":{\"@id\":\"https:\\\/\\\/www.mexicanguitarplayers.com\\\/#website\"},\"primaryImageOfPage\":{\"@id\":\"https:\\\/\\\/www.mexicanguitarplayers.com\\\/tienda\\\/sin categor\u00eda\\\/arandela-cympad-p-platillo-mod-cs15-5\\\/#primaryimage\"},\"image\":{\"@id\":\"https:\\\/\\\/www.mexicanguitarplayers.com\\\/tienda\\\/sin categor\u00eda\\\/arandela-cympad-p-platillo-mod-cs15-5\\\/#primaryimage\"},\"thumbnailUrl\":\"https:\\\/\\\/www.mexicanguitarplayers.com\\\/wp-content\\\/uploads\\\/2025\\\/04\\\/RACYPCS155.jpg\",\"datePublished\":\"2025-04-08T18:59:07+00:00\",\"dateModified\":\"2026-05-01T13:23:50+00:00\",\"description\":\"Espuma org\u00e1nica para platillos, mejoran sustancialmente el sonido de los platillos, proporcionan una suspensi\u00f3n superior, gran aislamiento de soportes y accesorios de montaje, sensaci\u00f3n m\u00e1s natural y m\u00e1s c\u00f3moda, incluye 5 espumas est\u00e1ndar de 40\\\/15 mm ya sea en color amarillo, azul, blanco, carmes\u00ed, morado, naranja, rojo o verde.\",\"breadcrumb\":{\"@id\":\"https:\\\/\\\/www.mexicanguitarplayers.com\\\/tienda\\\/sin categor\u00eda\\\/arandela-cympad-p-platillo-mod-cs15-5\\\/#breadcrumb\"},\"inLanguage\":\"en-US\",\"potentialAction\":[{\"@type\":\"ReadAction\",\"target\":[\"https:\\\/\\\/www.mexicanguitarplayers.com\\\/tienda\\\/sin categor\u00eda\\\/arandela-cympad-p-platillo-mod-cs15-5\\\/\"]}]},{\"@type\":\"ImageObject\",\"inLanguage\":\"en-US\",\"@id\":\"https:\\\/\\\/www.mexicanguitarplayers.com\\\/tienda\\\/sin categor\u00eda\\\/arandela-cympad-p-platillo-mod-cs15-5\\\/#primaryimage\",\"url\":\"https:\\\/\\\/www.mexicanguitarplayers.com\\\/wp-content\\\/uploads\\\/2025\\\/04\\\/RACYPCS155.jpg\",\"contentUrl\":\"https:\\\/\\\/www.mexicanguitarplayers.com\\\/wp-content\\\/uploads\\\/2025\\\/04\\\/RACYPCS155.jpg\",\"width\":800,\"height\":1600},{\"@type\":\"BreadcrumbList\",\"@id\":\"https:\\\/\\\/www.mexicanguitarplayers.com\\\/tienda\\\/sin categor\u00eda\\\/arandela-cympad-p-platillo-mod-cs15-5\\\/#breadcrumb\",\"itemListElement\":[{\"@type\":\"ListItem\",\"position\":1,\"name\":\"Portada\",\"item\":\"https:\\\/\\\/www.mexicanguitarplayers.com\\\/\"},{\"@type\":\"ListItem\",\"position\":2,\"name\":\"Tienda\",\"item\":\"https:\\\/\\\/www.mexicanguitarplayers.com\\\/tienda\\\/\"},{\"@type\":\"ListItem\",\"position\":3,\"name\":\"ARANDELA CYMPAD P\\\/PLATILLO MOD. CS15\\\/5\"}]},{\"@type\":\"WebSite\",\"@id\":\"https:\\\/\\\/www.mexicanguitarplayers.com\\\/#website\",\"url\":\"https:\\\/\\\/www.mexicanguitarplayers.com\\\/\",\"name\":\"Mexican Guitar Players\",\"description\":\"Website\",\"publisher\":{\"@id\":\"https:\\\/\\\/www.mexicanguitarplayers.com\\\/#organization\"},\"potentialAction\":[{\"@type\":\"SearchAction\",\"target\":{\"@type\":\"EntryPoint\",\"urlTemplate\":\"https:\\\/\\\/www.mexicanguitarplayers.com\\\/?s={search_term_string}\"},\"query-input\":{\"@type\":\"PropertyValueSpecification\",\"valueRequired\":true,\"valueName\":\"search_term_string\"}}],\"inLanguage\":\"en-US\"},{\"@type\":\"Organization\",\"@id\":\"https:\\\/\\\/www.mexicanguitarplayers.com\\\/#organization\",\"name\":\"Mexican Guitar Players\",\"url\":\"https:\\\/\\\/www.mexicanguitarplayers.com\\\/\",\"logo\":{\"@type\":\"ImageObject\",\"inLanguage\":\"en-US\",\"@id\":\"https:\\\/\\\/www.mexicanguitarplayers.com\\\/#\\\/schema\\\/logo\\\/image\\\/\",\"url\":\"\",\"contentUrl\":\"\",\"caption\":\"Mexican Guitar Players\"},\"image\":{\"@id\":\"https:\\\/\\\/www.mexicanguitarplayers.com\\\/#\\\/schema\\\/logo\\\/image\\\/\"}}]}<\/script>\n<!-- \/ Yoast SEO plugin. -->","yoast_head_json":{"title":"ARANDELA CYMPAD P\/PLATILLO MOD. CS15\/5 - Mexican Guitar Players","description":"Espuma org\u00e1nica para platillos, mejoran sustancialmente el sonido de los platillos, proporcionan una suspensi\u00f3n superior, gran aislamiento de soportes y accesorios de montaje, sensaci\u00f3n m\u00e1s natural y m\u00e1s c\u00f3moda, incluye 5 espumas est\u00e1ndar de 40\/15 mm ya sea en color amarillo, azul, blanco, carmes\u00ed, morado, naranja, rojo o verde.","robots":{"index":"index","follow":"follow","max-snippet":"max-snippet:-1","max-image-preview":"max-image-preview:large","max-video-preview":"max-video-preview:-1"},"canonical":"https:\/\/www.mexicanguitarplayers.com\/en\/tienda\/sin categor\u00eda\/arandela-cympad-p-platillo-mod-cs15-5\/","og_locale":"en_US","og_type":"article","og_title":"ARANDELA CYMPAD P\/PLATILLO MOD. CS15\/5 - Mexican Guitar Players","og_description":"Espuma org\u00e1nica para platillos, mejoran sustancialmente el sonido de los platillos, proporcionan una suspensi\u00f3n superior, gran aislamiento de soportes y accesorios de montaje, sensaci\u00f3n m\u00e1s natural y m\u00e1s c\u00f3moda, incluye 5 espumas est\u00e1ndar de 40\/15 mm ya sea en color amarillo, azul, blanco, carmes\u00ed, morado, naranja, rojo o verde.","og_url":"https:\/\/www.mexicanguitarplayers.com\/en\/tienda\/sin categor\u00eda\/arandela-cympad-p-platillo-mod-cs15-5\/","og_site_name":"Mexican Guitar Players","article_modified_time":"2026-05-01T13:23:50+00:00","twitter_card":"summary_large_image","twitter_misc":{"Est. reading time":"1 minute"},"schema":{"@context":"https:\/\/schema.org","@graph":[{"@type":["WebPage","ItemPage"],"@id":"https:\/\/www.mexicanguitarplayers.com\/tienda\/sin categor\u00eda\/arandela-cympad-p-platillo-mod-cs15-5\/","url":"https:\/\/www.mexicanguitarplayers.com\/tienda\/sin categor\u00eda\/arandela-cympad-p-platillo-mod-cs15-5\/","name":"ARANDELA CYMPAD P\/PLATILLO MOD. CS15\/5 - Mexican Guitar Players","isPartOf":{"@id":"https:\/\/www.mexicanguitarplayers.com\/#website"},"primaryImageOfPage":{"@id":"https:\/\/www.mexicanguitarplayers.com\/tienda\/sin categor\u00eda\/arandela-cympad-p-platillo-mod-cs15-5\/#primaryimage"},"image":{"@id":"https:\/\/www.mexicanguitarplayers.com\/tienda\/sin categor\u00eda\/arandela-cympad-p-platillo-mod-cs15-5\/#primaryimage"},"thumbnailUrl":"https:\/\/www.mexicanguitarplayers.com\/wp-content\/uploads\/2025\/04\/RACYPCS155.jpg","datePublished":"2025-04-08T18:59:07+00:00","dateModified":"2026-05-01T13:23:50+00:00","description":"Espuma org\u00e1nica para platillos, mejoran sustancialmente el sonido de los platillos, proporcionan una suspensi\u00f3n superior, gran aislamiento de soportes y accesorios de montaje, sensaci\u00f3n m\u00e1s natural y m\u00e1s c\u00f3moda, incluye 5 espumas est\u00e1ndar de 40\/15 mm ya sea en color amarillo, azul, blanco, carmes\u00ed, morado, naranja, rojo o verde.","breadcrumb":{"@id":"https:\/\/www.mexicanguitarplayers.com\/tienda\/sin categor\u00eda\/arandela-cympad-p-platillo-mod-cs15-5\/#breadcrumb"},"inLanguage":"en-US","potentialAction":[{"@type":"ReadAction","target":["https:\/\/www.mexicanguitarplayers.com\/tienda\/sin categor\u00eda\/arandela-cympad-p-platillo-mod-cs15-5\/"]}]},{"@type":"ImageObject","inLanguage":"en-US","@id":"https:\/\/www.mexicanguitarplayers.com\/tienda\/sin categor\u00eda\/arandela-cympad-p-platillo-mod-cs15-5\/#primaryimage","url":"https:\/\/www.mexicanguitarplayers.com\/wp-content\/uploads\/2025\/04\/RACYPCS155.jpg","contentUrl":"https:\/\/www.mexicanguitarplayers.com\/wp-content\/uploads\/2025\/04\/RACYPCS155.jpg","width":800,"height":1600},{"@type":"BreadcrumbList","@id":"https:\/\/www.mexicanguitarplayers.com\/tienda\/sin categor\u00eda\/arandela-cympad-p-platillo-mod-cs15-5\/#breadcrumb","itemListElement":[{"@type":"ListItem","position":1,"name":"Portada","item":"https:\/\/www.mexicanguitarplayers.com\/"},{"@type":"ListItem","position":2,"name":"Tienda","item":"https:\/\/www.mexicanguitarplayers.com\/tienda\/"},{"@type":"ListItem","position":3,"name":"ARANDELA CYMPAD P\/PLATILLO MOD. CS15\/5"}]},{"@type":"WebSite","@id":"https:\/\/www.mexicanguitarplayers.com\/#website","url":"https:\/\/www.mexicanguitarplayers.com\/","name":"Mexican Guitar Players","description":"Website","publisher":{"@id":"https:\/\/www.mexicanguitarplayers.com\/#organization"},"potentialAction":[{"@type":"SearchAction","target":{"@type":"EntryPoint","urlTemplate":"https:\/\/www.mexicanguitarplayers.com\/?s={search_term_string}"},"query-input":{"@type":"PropertyValueSpecification","valueRequired":true,"valueName":"search_term_string"}}],"inLanguage":"en-US"},{"@type":"Organization","@id":"https:\/\/www.mexicanguitarplayers.com\/#organization","name":"Mexican Guitar Players","url":"https:\/\/www.mexicanguitarplayers.com\/","logo":{"@type":"ImageObject","inLanguage":"en-US","@id":"https:\/\/www.mexicanguitarplayers.com\/#\/schema\/logo\/image\/","url":"","contentUrl":"","caption":"Mexican Guitar Players"},"image":{"@id":"https:\/\/www.mexicanguitarplayers.com\/#\/schema\/logo\/image\/"}}]}},"brands":[{"id":429,"name":"CYMPAD","slug":"cympad"}],"_links":{"self":[{"href":"https:\/\/www.mexicanguitarplayers.com\/en\/wp-json\/wp\/v2\/product\/31967","targetHints":{"allow":["GET"]}}],"collection":[{"href":"https:\/\/www.mexicanguitarplayers.com\/en\/wp-json\/wp\/v2\/product"}],"about":[{"href":"https:\/\/www.mexicanguitarplayers.com\/en\/wp-json\/wp\/v2\/types\/product"}],"replies":[{"embeddable":true,"href":"https:\/\/www.mexicanguitarplayers.com\/en\/wp-json\/wp\/v2\/comments?post=31967"}],"wp:featuredmedia":[{"embeddable":true,"href":"https:\/\/www.mexicanguitarplayers.com\/en\/wp-json\/wp\/v2\/media\/31958"}],"wp:attachment":[{"href":"https:\/\/www.mexicanguitarplayers.com\/en\/wp-json\/wp\/v2\/media?parent=31967"}],"wp:term":[{"taxonomy":"pwb-brand","embeddable":true,"href":"https:\/\/www.mexicanguitarplayers.com\/en\/wp-json\/wp\/v2\/pwb-brand?post=31967"},{"taxonomy":"product_brand","embeddable":true,"href":"https:\/\/www.mexicanguitarplayers.com\/en\/wp-json\/wp\/v2\/product_brand?post=31967"},{"taxonomy":"product_cat","embeddable":true,"href":"https:\/\/www.mexicanguitarplayers.com\/en\/wp-json\/wp\/v2\/product_cat?post=31967"},{"taxonomy":"product_tag","embeddable":true,"href":"https:\/\/www.mexicanguitarplayers.com\/en\/wp-json\/wp\/v2\/product_tag?post=31967"}],"curies":[{"name":"wp","href":"https:\/\/api.w.org\/{rel}","templated":true}]}}