{"id":31980,"date":"2025-04-08T12:59:23","date_gmt":"2025-04-08T18:59:23","guid":{"rendered":"https:\/\/www.mexicanguitarplayers.com\/tienda\/sin categor\u00eda\/bafle-behringer-mod-sat-1004\/"},"modified":"2026-04-10T04:34:16","modified_gmt":"2026-04-10T10:34:16","slug":"bafle-behringer-mod-sat-1004","status":"publish","type":"product","link":"https:\/\/www.mexicanguitarplayers.com\/en\/tienda\/audio\/bafles-y-bocinas\/bafles\/bafles-pasivos\/bafle-behringer-mod-sat-1004\/","title":{"rendered":"BAFLE BEHRINGER MOD. SAT 1004"},"content":{"rendered":"<div style=\"text-align: justify\">\n<div>\n<h3>BAFLE BEHRINGER MOD. SAT 1004<\/h3>\n<\/div>\n<div>El altavoz SAT 1004 de 2 v\u00edas combina una reproducci\u00f3n de sonido sorprendentemente precisa con un dise\u00f1o neocl\u00e1sico, lo que lo hace perfecto incluso para los entornos m\u00e1s sofisticados. El SAT 1004 es una elecci\u00f3n excepcional para una amplia gama de instalaciones fijas, como aplicaciones est\u00e9reo y envolvente, estudios de grabaci\u00f3n en el hogar, restaurantes, gimnasios y bares, as\u00ed como suites de producci\u00f3n de audio y video. El SAT 1004 obtiene su incre\u00edble sonido de un potente woofer de 4&#8243; y un tweeter de c\u00fapula de seda de 1&#8243; de alta resoluci\u00f3n. El crossover interno proporciona protecci\u00f3n autom\u00e1tica contra sobrecargas para el tweeter, mientras que los componentes y el dise\u00f1o de alta precisi\u00f3n garantizan una linealidad absoluta de fase. La carcasa de madera garantiza un sonido ultra lineal y natural que va desde los 110 Hz hasta los 20 kHz.<\/div>\n<div>\n<h4>Characteristics<\/h4>\n<\/div>\n<div>\n<ul style=\"margin: 0px 0px 0px 25px\">\n<li style=\"list-style-type: circle;margin: 5px\">Sistema<\/li>\n<li style=\"list-style-type: circle;margin: 5px\">Recinto<\/li>\n<li style=\"list-style-type: circle;margin: 5px\">Dimensiones y peso<\/li>\n<li style=\"list-style-type: circle;margin: 5px\">Accessories<\/li>\n<\/ul>\n<\/div>\n<\/div>","protected":false},"excerpt":{"rendered":"<p>El altavoz SAT 1004 es un sistema compacto y ligero de 160 vatios que ofrece un excelente rendimiento tanto en aplicaciones de monitorizaci\u00f3n como de refuerzo de sonido. Con un dise\u00f1o de 2 v\u00edas que incluye un potente driver de 4 pulgadas de excursi\u00f3n larga y un tweeter de domo blando de 1 pulgada, proporciona un rendimiento excepcional en un amplio rango de frecuencias. Su dispersi\u00f3n ultra amplia de 140\u00b0 H x 100\u00b0 V garantiza una cobertura \u00f3ptima en cualquier lugar. Construido con MDF de alto rendimiento y acabado texturizado negro, junto con una rejilla de acero perforado, este altavoz ofrece a\u00f1os de servicio confiable. Adem\u00e1s, su montaje con rosca M6 para tr\u00edpode y el soporte de montaje en pared\/techo incluido brindan versatilidad adicional. Con conectores profesionales de bloqueo por torsi\u00f3n y postes de enlace \u201da prueba de contacto\u201d, ofrece una conectividad segura.&hellip; <a class=\"kt-excerpt-readmore more-link\" href=\"https:\/\/www.mexicanguitarplayers.com\/en\/tienda\/audio\/bafles-y-bocinas\/bafles\/bafles-pasivos\/bafle-behringer-mod-sat-1004\/\">Read more<\/a><\/p>","protected":false},"featured_media":31976,"comment_status":"open","ping_status":"closed","template":"","meta":{"kt_blocks_editor_width":""},"pwb-brand":[171],"product_brand":[],"product_cat":[213,222,223,221],"product_tag":[],"class_list":{"0":"post-31980","1":"product","2":"type-product","3":"status-publish","4":"has-post-thumbnail","6":"pwb-brand-behringer","7":"product_cat-audio","8":"product_cat-bafles","9":"product_cat-bafles-pasivos","10":"product_cat-bafles-y-bocinas","11":"product_shipping_class-0-5-kg","13":"first","14":"outofstock","15":"taxable","16":"shipping-taxable","17":"purchasable","18":"product-type-simple"},"yoast_head":"<!-- This site is optimized with the Yoast SEO plugin v27.5 - https:\/\/yoast.com\/product\/yoast-seo-wordpress\/ -->\n<title>BAFLE BEHRINGER MOD. SAT 1004 - Mexican Guitar Players<\/title>\n<meta name=\"description\" content=\"El altavoz SAT 1004 es un sistema compacto y ligero de 160 vatios que ofrece un excelente rendimiento tanto en aplicaciones de monitorizaci\u00f3n como de refuerzo de sonido. Con un dise\u00f1o de 2 v\u00edas que incluye un potente driver de 4 pulgadas de excursi\u00f3n larga y un tweeter de domo blando de 1 pulgada, proporciona un rendimiento excepcional en un amplio rango de frecuencias. Su dispersi\u00f3n ultra amplia de 140\u00b0 H x 100\u00b0 V garantiza una cobertura \u00f3ptima en cualquier lugar. Construido con MDF de alto rendimiento y acabado texturizado negro, junto con una rejilla de acero perforado, este altavoz ofrece a\u00f1os de servicio confiable. Adem\u00e1s, su montaje con rosca M6 para tr\u00edpode y el soporte de montaje en pared\/techo incluido brindan versatilidad adicional. Con conectores profesionales de bloqueo por torsi\u00f3n y postes de enlace \u201da prueba de contacto\u201d, ofrece una conectividad segura.\" \/>\n<meta name=\"robots\" content=\"index, follow, max-snippet:-1, max-image-preview:large, max-video-preview:-1\" \/>\n<link rel=\"canonical\" href=\"https:\/\/www.mexicanguitarplayers.com\/en\/tienda\/sin%20categor\u00eda\/bafle-behringer-mod-sat-1004\/\" \/>\n<meta property=\"og:locale\" content=\"en_US\" \/>\n<meta property=\"og:type\" content=\"article\" \/>\n<meta property=\"og:title\" content=\"BAFLE BEHRINGER MOD. SAT 1004 - Mexican Guitar Players\" \/>\n<meta property=\"og:description\" content=\"El altavoz SAT 1004 es un sistema compacto y ligero de 160 vatios que ofrece un excelente rendimiento tanto en aplicaciones de monitorizaci\u00f3n como de refuerzo de sonido. Con un dise\u00f1o de 2 v\u00edas que incluye un potente driver de 4 pulgadas de excursi\u00f3n larga y un tweeter de domo blando de 1 pulgada, proporciona un rendimiento excepcional en un amplio rango de frecuencias. Su dispersi\u00f3n ultra amplia de 140\u00b0 H x 100\u00b0 V garantiza una cobertura \u00f3ptima en cualquier lugar. Construido con MDF de alto rendimiento y acabado texturizado negro, junto con una rejilla de acero perforado, este altavoz ofrece a\u00f1os de servicio confiable. Adem\u00e1s, su montaje con rosca M6 para tr\u00edpode y el soporte de montaje en pared\/techo incluido brindan versatilidad adicional. Con conectores profesionales de bloqueo por torsi\u00f3n y postes de enlace \u201da prueba de contacto\u201d, ofrece una conectividad segura.\" \/>\n<meta property=\"og:url\" content=\"https:\/\/www.mexicanguitarplayers.com\/en\/tienda\/sin categor\u00eda\/bafle-behringer-mod-sat-1004\/\" \/>\n<meta property=\"og:site_name\" content=\"Mexican Guitar Players\" \/>\n<meta property=\"article:modified_time\" content=\"2026-04-10T10:34:16+00:00\" \/>\n<meta name=\"twitter:card\" content=\"summary_large_image\" \/>\n<meta name=\"twitter:label1\" content=\"Est. reading time\" \/>\n\t<meta name=\"twitter:data1\" content=\"1 minute\" \/>\n<script type=\"application\/ld+json\" class=\"yoast-schema-graph\">{\"@context\":\"https:\\\/\\\/schema.org\",\"@graph\":[{\"@type\":[\"WebPage\",\"ItemPage\"],\"@id\":\"https:\\\/\\\/www.mexicanguitarplayers.com\\\/tienda\\\/sin categor\u00eda\\\/bafle-behringer-mod-sat-1004\\\/\",\"url\":\"https:\\\/\\\/www.mexicanguitarplayers.com\\\/tienda\\\/sin categor\u00eda\\\/bafle-behringer-mod-sat-1004\\\/\",\"name\":\"BAFLE BEHRINGER MOD. SAT 1004 - Mexican Guitar Players\",\"isPartOf\":{\"@id\":\"https:\\\/\\\/www.mexicanguitarplayers.com\\\/#website\"},\"primaryImageOfPage\":{\"@id\":\"https:\\\/\\\/www.mexicanguitarplayers.com\\\/tienda\\\/sin categor\u00eda\\\/bafle-behringer-mod-sat-1004\\\/#primaryimage\"},\"image\":{\"@id\":\"https:\\\/\\\/www.mexicanguitarplayers.com\\\/tienda\\\/sin categor\u00eda\\\/bafle-behringer-mod-sat-1004\\\/#primaryimage\"},\"thumbnailUrl\":\"https:\\\/\\\/www.mexicanguitarplayers.com\\\/wp-content\\\/uploads\\\/2025\\\/04\\\/IABEHSAT1004.jpg\",\"datePublished\":\"2025-04-08T18:59:23+00:00\",\"dateModified\":\"2026-04-10T10:34:16+00:00\",\"description\":\"El altavoz SAT 1004 es un sistema compacto y ligero de 160 vatios que ofrece un excelente rendimiento tanto en aplicaciones de monitorizaci\u00f3n como de refuerzo de sonido. Con un dise\u00f1o de 2 v\u00edas que incluye un potente driver de 4 pulgadas de excursi\u00f3n larga y un tweeter de domo blando de 1 pulgada, proporciona un rendimiento excepcional en un amplio rango de frecuencias. Su dispersi\u00f3n ultra amplia de 140\u00b0 H x 100\u00b0 V garantiza una cobertura \u00f3ptima en cualquier lugar. Construido con MDF de alto rendimiento y acabado texturizado negro, junto con una rejilla de acero perforado, este altavoz ofrece a\u00f1os de servicio confiable. Adem\u00e1s, su montaje con rosca M6 para tr\u00edpode y el soporte de montaje en pared\\\/techo incluido brindan versatilidad adicional. Con conectores profesionales de bloqueo por torsi\u00f3n y postes de enlace \u201da prueba de contacto\u201d, ofrece una conectividad segura.\",\"breadcrumb\":{\"@id\":\"https:\\\/\\\/www.mexicanguitarplayers.com\\\/tienda\\\/sin categor\u00eda\\\/bafle-behringer-mod-sat-1004\\\/#breadcrumb\"},\"inLanguage\":\"en-US\",\"potentialAction\":[{\"@type\":\"ReadAction\",\"target\":[\"https:\\\/\\\/www.mexicanguitarplayers.com\\\/tienda\\\/sin categor\u00eda\\\/bafle-behringer-mod-sat-1004\\\/\"]}]},{\"@type\":\"ImageObject\",\"inLanguage\":\"en-US\",\"@id\":\"https:\\\/\\\/www.mexicanguitarplayers.com\\\/tienda\\\/sin categor\u00eda\\\/bafle-behringer-mod-sat-1004\\\/#primaryimage\",\"url\":\"https:\\\/\\\/www.mexicanguitarplayers.com\\\/wp-content\\\/uploads\\\/2025\\\/04\\\/IABEHSAT1004.jpg\",\"contentUrl\":\"https:\\\/\\\/www.mexicanguitarplayers.com\\\/wp-content\\\/uploads\\\/2025\\\/04\\\/IABEHSAT1004.jpg\",\"width\":1200,\"height\":1200},{\"@type\":\"BreadcrumbList\",\"@id\":\"https:\\\/\\\/www.mexicanguitarplayers.com\\\/tienda\\\/sin categor\u00eda\\\/bafle-behringer-mod-sat-1004\\\/#breadcrumb\",\"itemListElement\":[{\"@type\":\"ListItem\",\"position\":1,\"name\":\"Portada\",\"item\":\"https:\\\/\\\/www.mexicanguitarplayers.com\\\/\"},{\"@type\":\"ListItem\",\"position\":2,\"name\":\"Tienda\",\"item\":\"https:\\\/\\\/www.mexicanguitarplayers.com\\\/tienda\\\/\"},{\"@type\":\"ListItem\",\"position\":3,\"name\":\"BAFLE BEHRINGER MOD. SAT 1004\"}]},{\"@type\":\"WebSite\",\"@id\":\"https:\\\/\\\/www.mexicanguitarplayers.com\\\/#website\",\"url\":\"https:\\\/\\\/www.mexicanguitarplayers.com\\\/\",\"name\":\"Mexican Guitar Players\",\"description\":\"Website\",\"publisher\":{\"@id\":\"https:\\\/\\\/www.mexicanguitarplayers.com\\\/#organization\"},\"potentialAction\":[{\"@type\":\"SearchAction\",\"target\":{\"@type\":\"EntryPoint\",\"urlTemplate\":\"https:\\\/\\\/www.mexicanguitarplayers.com\\\/?s={search_term_string}\"},\"query-input\":{\"@type\":\"PropertyValueSpecification\",\"valueRequired\":true,\"valueName\":\"search_term_string\"}}],\"inLanguage\":\"en-US\"},{\"@type\":\"Organization\",\"@id\":\"https:\\\/\\\/www.mexicanguitarplayers.com\\\/#organization\",\"name\":\"Mexican Guitar Players\",\"url\":\"https:\\\/\\\/www.mexicanguitarplayers.com\\\/\",\"logo\":{\"@type\":\"ImageObject\",\"inLanguage\":\"en-US\",\"@id\":\"https:\\\/\\\/www.mexicanguitarplayers.com\\\/#\\\/schema\\\/logo\\\/image\\\/\",\"url\":\"\",\"contentUrl\":\"\",\"caption\":\"Mexican Guitar Players\"},\"image\":{\"@id\":\"https:\\\/\\\/www.mexicanguitarplayers.com\\\/#\\\/schema\\\/logo\\\/image\\\/\"}}]}<\/script>\n<!-- \/ Yoast SEO plugin. -->","yoast_head_json":{"title":"BAFLE BEHRINGER MOD. SAT 1004 - Mexican Guitar Players","description":"El altavoz SAT 1004 es un sistema compacto y ligero de 160 vatios que ofrece un excelente rendimiento tanto en aplicaciones de monitorizaci\u00f3n como de refuerzo de sonido. Con un dise\u00f1o de 2 v\u00edas que incluye un potente driver de 4 pulgadas de excursi\u00f3n larga y un tweeter de domo blando de 1 pulgada, proporciona un rendimiento excepcional en un amplio rango de frecuencias. Su dispersi\u00f3n ultra amplia de 140\u00b0 H x 100\u00b0 V garantiza una cobertura \u00f3ptima en cualquier lugar. Construido con MDF de alto rendimiento y acabado texturizado negro, junto con una rejilla de acero perforado, este altavoz ofrece a\u00f1os de servicio confiable. Adem\u00e1s, su montaje con rosca M6 para tr\u00edpode y el soporte de montaje en pared\/techo incluido brindan versatilidad adicional. Con conectores profesionales de bloqueo por torsi\u00f3n y postes de enlace \u201da prueba de contacto\u201d, ofrece una conectividad segura.","robots":{"index":"index","follow":"follow","max-snippet":"max-snippet:-1","max-image-preview":"max-image-preview:large","max-video-preview":"max-video-preview:-1"},"canonical":"https:\/\/www.mexicanguitarplayers.com\/en\/tienda\/sin categor\u00eda\/bafle-behringer-mod-sat-1004\/","og_locale":"en_US","og_type":"article","og_title":"BAFLE BEHRINGER MOD. SAT 1004 - Mexican Guitar Players","og_description":"El altavoz SAT 1004 es un sistema compacto y ligero de 160 vatios que ofrece un excelente rendimiento tanto en aplicaciones de monitorizaci\u00f3n como de refuerzo de sonido. Con un dise\u00f1o de 2 v\u00edas que incluye un potente driver de 4 pulgadas de excursi\u00f3n larga y un tweeter de domo blando de 1 pulgada, proporciona un rendimiento excepcional en un amplio rango de frecuencias. Su dispersi\u00f3n ultra amplia de 140\u00b0 H x 100\u00b0 V garantiza una cobertura \u00f3ptima en cualquier lugar. Construido con MDF de alto rendimiento y acabado texturizado negro, junto con una rejilla de acero perforado, este altavoz ofrece a\u00f1os de servicio confiable. Adem\u00e1s, su montaje con rosca M6 para tr\u00edpode y el soporte de montaje en pared\/techo incluido brindan versatilidad adicional. Con conectores profesionales de bloqueo por torsi\u00f3n y postes de enlace \u201da prueba de contacto\u201d, ofrece una conectividad segura.","og_url":"https:\/\/www.mexicanguitarplayers.com\/en\/tienda\/sin categor\u00eda\/bafle-behringer-mod-sat-1004\/","og_site_name":"Mexican Guitar Players","article_modified_time":"2026-04-10T10:34:16+00:00","twitter_card":"summary_large_image","twitter_misc":{"Est. reading time":"1 minute"},"schema":{"@context":"https:\/\/schema.org","@graph":[{"@type":["WebPage","ItemPage"],"@id":"https:\/\/www.mexicanguitarplayers.com\/tienda\/sin categor\u00eda\/bafle-behringer-mod-sat-1004\/","url":"https:\/\/www.mexicanguitarplayers.com\/tienda\/sin categor\u00eda\/bafle-behringer-mod-sat-1004\/","name":"BAFLE BEHRINGER MOD. SAT 1004 - Mexican Guitar Players","isPartOf":{"@id":"https:\/\/www.mexicanguitarplayers.com\/#website"},"primaryImageOfPage":{"@id":"https:\/\/www.mexicanguitarplayers.com\/tienda\/sin categor\u00eda\/bafle-behringer-mod-sat-1004\/#primaryimage"},"image":{"@id":"https:\/\/www.mexicanguitarplayers.com\/tienda\/sin categor\u00eda\/bafle-behringer-mod-sat-1004\/#primaryimage"},"thumbnailUrl":"https:\/\/www.mexicanguitarplayers.com\/wp-content\/uploads\/2025\/04\/IABEHSAT1004.jpg","datePublished":"2025-04-08T18:59:23+00:00","dateModified":"2026-04-10T10:34:16+00:00","description":"El altavoz SAT 1004 es un sistema compacto y ligero de 160 vatios que ofrece un excelente rendimiento tanto en aplicaciones de monitorizaci\u00f3n como de refuerzo de sonido. Con un dise\u00f1o de 2 v\u00edas que incluye un potente driver de 4 pulgadas de excursi\u00f3n larga y un tweeter de domo blando de 1 pulgada, proporciona un rendimiento excepcional en un amplio rango de frecuencias. Su dispersi\u00f3n ultra amplia de 140\u00b0 H x 100\u00b0 V garantiza una cobertura \u00f3ptima en cualquier lugar. Construido con MDF de alto rendimiento y acabado texturizado negro, junto con una rejilla de acero perforado, este altavoz ofrece a\u00f1os de servicio confiable. Adem\u00e1s, su montaje con rosca M6 para tr\u00edpode y el soporte de montaje en pared\/techo incluido brindan versatilidad adicional. Con conectores profesionales de bloqueo por torsi\u00f3n y postes de enlace \u201da prueba de contacto\u201d, ofrece una conectividad segura.","breadcrumb":{"@id":"https:\/\/www.mexicanguitarplayers.com\/tienda\/sin categor\u00eda\/bafle-behringer-mod-sat-1004\/#breadcrumb"},"inLanguage":"en-US","potentialAction":[{"@type":"ReadAction","target":["https:\/\/www.mexicanguitarplayers.com\/tienda\/sin categor\u00eda\/bafle-behringer-mod-sat-1004\/"]}]},{"@type":"ImageObject","inLanguage":"en-US","@id":"https:\/\/www.mexicanguitarplayers.com\/tienda\/sin categor\u00eda\/bafle-behringer-mod-sat-1004\/#primaryimage","url":"https:\/\/www.mexicanguitarplayers.com\/wp-content\/uploads\/2025\/04\/IABEHSAT1004.jpg","contentUrl":"https:\/\/www.mexicanguitarplayers.com\/wp-content\/uploads\/2025\/04\/IABEHSAT1004.jpg","width":1200,"height":1200},{"@type":"BreadcrumbList","@id":"https:\/\/www.mexicanguitarplayers.com\/tienda\/sin categor\u00eda\/bafle-behringer-mod-sat-1004\/#breadcrumb","itemListElement":[{"@type":"ListItem","position":1,"name":"Portada","item":"https:\/\/www.mexicanguitarplayers.com\/"},{"@type":"ListItem","position":2,"name":"Tienda","item":"https:\/\/www.mexicanguitarplayers.com\/tienda\/"},{"@type":"ListItem","position":3,"name":"BAFLE BEHRINGER MOD. SAT 1004"}]},{"@type":"WebSite","@id":"https:\/\/www.mexicanguitarplayers.com\/#website","url":"https:\/\/www.mexicanguitarplayers.com\/","name":"Mexican Guitar Players","description":"Website","publisher":{"@id":"https:\/\/www.mexicanguitarplayers.com\/#organization"},"potentialAction":[{"@type":"SearchAction","target":{"@type":"EntryPoint","urlTemplate":"https:\/\/www.mexicanguitarplayers.com\/?s={search_term_string}"},"query-input":{"@type":"PropertyValueSpecification","valueRequired":true,"valueName":"search_term_string"}}],"inLanguage":"en-US"},{"@type":"Organization","@id":"https:\/\/www.mexicanguitarplayers.com\/#organization","name":"Mexican Guitar Players","url":"https:\/\/www.mexicanguitarplayers.com\/","logo":{"@type":"ImageObject","inLanguage":"en-US","@id":"https:\/\/www.mexicanguitarplayers.com\/#\/schema\/logo\/image\/","url":"","contentUrl":"","caption":"Mexican Guitar Players"},"image":{"@id":"https:\/\/www.mexicanguitarplayers.com\/#\/schema\/logo\/image\/"}}]}},"brands":[{"id":171,"name":"BEHRINGER","slug":"behringer"}],"_links":{"self":[{"href":"https:\/\/www.mexicanguitarplayers.com\/en\/wp-json\/wp\/v2\/product\/31980","targetHints":{"allow":["GET"]}}],"collection":[{"href":"https:\/\/www.mexicanguitarplayers.com\/en\/wp-json\/wp\/v2\/product"}],"about":[{"href":"https:\/\/www.mexicanguitarplayers.com\/en\/wp-json\/wp\/v2\/types\/product"}],"replies":[{"embeddable":true,"href":"https:\/\/www.mexicanguitarplayers.com\/en\/wp-json\/wp\/v2\/comments?post=31980"}],"wp:featuredmedia":[{"embeddable":true,"href":"https:\/\/www.mexicanguitarplayers.com\/en\/wp-json\/wp\/v2\/media\/31976"}],"wp:attachment":[{"href":"https:\/\/www.mexicanguitarplayers.com\/en\/wp-json\/wp\/v2\/media?parent=31980"}],"wp:term":[{"taxonomy":"pwb-brand","embeddable":true,"href":"https:\/\/www.mexicanguitarplayers.com\/en\/wp-json\/wp\/v2\/pwb-brand?post=31980"},{"taxonomy":"product_brand","embeddable":true,"href":"https:\/\/www.mexicanguitarplayers.com\/en\/wp-json\/wp\/v2\/product_brand?post=31980"},{"taxonomy":"product_cat","embeddable":true,"href":"https:\/\/www.mexicanguitarplayers.com\/en\/wp-json\/wp\/v2\/product_cat?post=31980"},{"taxonomy":"product_tag","embeddable":true,"href":"https:\/\/www.mexicanguitarplayers.com\/en\/wp-json\/wp\/v2\/product_tag?post=31980"}],"curies":[{"name":"wp","href":"https:\/\/api.w.org\/{rel}","templated":true}]}}