{"id":31993,"date":"2025-04-08T12:59:38","date_gmt":"2025-04-08T18:59:38","guid":{"rendered":"https:\/\/www.mexicanguitarplayers.com\/tienda\/sin categor\u00eda\/piano-casio-celviano-gp-510bp\/"},"modified":"2026-04-01T04:15:27","modified_gmt":"2026-04-01T10:15:27","slug":"piano-casio-celviano-gp-510bp","status":"publish","type":"product","link":"https:\/\/www.mexicanguitarplayers.com\/en\/tienda\/teclas\/pianos\/pianos-digitales\/piano-casio-celviano-gp-510bp\/","title":{"rendered":"PIANO CASIO CELVIANO      GP-510BP"},"content":{"rendered":"<div style=\"text-align: justify\">\n<div>\n<h3>Tres pianos legendarios<\/h3>\n<\/div>\n<div>CELVIANO Grand Hybrid reproduce incluso los matices sutiles de los pianos m\u00e1s respetados del mundo. Tres pianos que se originan en Berl\u00edn, Hamburgo y Viena fueron escogidos para este proyecto. Casio ha documentado y analizado minuciosamente las caracter\u00edsticas \u00fanicas de cada piano. CELVIANO Grand Hybrid ofrece el sonido brillante de estos pianos reproducido con la tecnolog\u00eda avanzada de Casio. Proporcionar\u00e1 la experiencia de ser propietario de tres de los mejores pianos del planeta. Piano de cola Berl\u00edn: Un sonido equilibrado y elegante. Ideal para tocar m\u00fasica impresionista. Destaca por su claridad, tono de timbre en toda la gama. Piano de cola Hamburgo: Un sonido rico y brillante. Amado por los pianistas por su amplia gama de expresi\u00f3n. Muy adecuado para la reproducci\u00f3n de diferentes estilos y g\u00e9neros. Piano de cola Viena: Destaca por su impresionante gama baja. Genial para reproducci\u00f3n tanto suave como vigorosa con sus tonos c\u00e1lidos. Un instrumento ideal para la m\u00fasica de la \u00e9poca cl\u00e1sica. El sonido del piano Berl\u00edn fue desarrollado en colaboraci\u00f3n con C. Bechstein. Casio buscaba ofrecer un sonido claro, equilibrado y elegante para el CELVIANO Grand Hybrid. D282, la obra maestra m\u00e1s reciente de C. Bechstein, es el modelo que Casio estudi\u00f3 intensamente para alcanzar el objetivo. El Sr. Albrecht, director de Servicio y el maestro fabricante de pianos en C. Bechstein, visit\u00f3 el departamento de I+D de Casio para supervisar el proceso de desarrollo de sonido a trav\u00e9s de la \u00faltima modificaci\u00f3n. Desde que Carl Bechstein fund\u00f3 las instalaciones de producci\u00f3n de pianoforte en Berl\u00edn en 1853, el nombre C. Bechstein ha representado la clase m\u00e1s alta de pianos verticales y de cola. Los pianos de C. Bechstein han sido elegidos por muchos famosos compositores y artistas gracias a su fin\u00edsima calidad de sonido y tacto durante muchos a\u00f1os. En el siglo XXI, C. Bechstein sigue siendo reconocido como uno de los fabricantes de pianos l\u00edderes en el mundo. Un sostenido m\u00e1s natural para una hermosa resonancia de acordes. Expresividad m\u00e1s sensible para sonidos pianissimo, especialmente cuando se toca con mucha suavidad. El modelo CELVIANO Grand Hybrid incorpora la fuente de sonido AiR Grand, un sistema que utiliza las tecnolog\u00edas de sonido de vanguardia de Casio. Incluye muchas caracter\u00edsticas impresionantes. La modulaci\u00f3n multidimensional ofrece cambios suaves entre reproducciones suaves y fuertes. El simulador ac\u00fastico reproduce las caracter\u00edsticas de los sonidos producidos por los pianos de cola ac\u00fasticos. La autenticidad generada por la fuente de sonido AiR Grand garantiza una experiencia pura de piano.<\/div>\n<div>\n<h4>Quick look<\/h4>\n<\/div>\n<ul style=\"margin: 0px 0px 0px 25px\">\n<li style=\"list-style-type: circle;margin: 5px\">Teclado.<\/li>\n<li style=\"list-style-type: circle;margin: 5px\">Fuente de sonido.<\/li>\n<li style=\"list-style-type: circle;margin: 5px\">Simulador ac\u00fastico.<\/li>\n<li style=\"list-style-type: circle;margin: 5px\">Effects.<\/li>\n<li style=\"list-style-type: circle;margin: 5px\">Funci\u00f3n de concierto.<\/li>\n<li style=\"list-style-type: circle;margin: 5px\">Biblioteca musical.<\/li>\n<li style=\"list-style-type: circle;margin: 5px\">Canci\u00f3n de demostraci\u00f3n con un piano de cola.<\/li>\n<li style=\"list-style-type: circle;margin: 5px\">Grabador MIDI.<\/li>\n<li style=\"list-style-type: circle;margin: 5px\">Grabador de audio.<\/li>\n<li style=\"list-style-type: circle;margin: 5px\">Metr\u00f3nomo.<\/li>\n<li style=\"list-style-type: circle;margin: 5px\">Escena.<\/li>\n<li style=\"list-style-type: circle;margin: 5px\">Pedales.<\/li>\n<li style=\"list-style-type: circle;margin: 5px\">Otras funciones.<\/li>\n<li style=\"list-style-type: circle;margin: 5px\">MIDI.<\/li>\n<li style=\"list-style-type: circle;margin: 5px\">Unidad flash USB.<\/li>\n<li style=\"list-style-type: circle;margin: 5px\">Entradas\/salidas.<\/li>\n<li style=\"list-style-type: circle;margin: 5px\">Ac\u00fastica.<\/li>\n<li style=\"list-style-type: circle;margin: 5px\">Requisitos de alimentaci\u00f3n.<\/li>\n<li style=\"list-style-type: circle;margin: 5px\">Energy consumption.<\/li>\n<li style=\"list-style-type: circle;margin: 5px\">Dimensions.<\/li>\n<li style=\"list-style-type: circle;margin: 5px\">Weight.<\/li>\n<\/ul>\n<div>\n<div style=\"font-weight: bold\">Teclado.<\/div>\n<div>\n<p>Teclado de piano con 88 teclas. Estratificador, divisi\u00f3n. D\u00fao: Gama de tonos ajustable (de -2 a +2 octavas). Transposici\u00f3n: De \u201312 semitonos a 0, a +12 semitonos. Cambio de octava: 4 octavas (de \u20132 a 0, a +2).<\/p>\n<\/div>\n<div style=\"font-weight: bold\">Fuente de sonido.<\/div>\n<div>\n<p>Cantidad de tonos: 35. Polifon\u00eda m\u00e1xima: 256 notas. Sensibilidad al tacto: 5 niveles de sensibilidad, desactivados. Ajuste de sonido: De 415,5 Hz a 440,0 Hz, a 465,9 Hz (unidades de 0,1 Hz). Temperamento: Temperamentos similares m\u00e1s 16 otros tipos. Afinaci\u00f3n: 5 tipos, desactivado, ajuste autom\u00e1tico<\/p>\n<\/div>\n<div style=\"font-weight: bold\">Simulador ac\u00fastico.<\/div>\n<div>\n<p>Resonancia de cuerdas, resonancia de sordina, resonancia de cuerda abierta, resonancia al\u00edcuota, ruido de sordina, ruido de la acci\u00f3n del pedal, ruido de la acci\u00f3n de tecla activada, ruido de la acci\u00f3n de tecla desactivada, respuesta de martillo, Lid Simulator.<\/p>\n<\/div>\n<div style=\"font-weight: bold\">Effects.<\/div>\n<div>\n<p>Hall Simulator (12 tipos), coro (4 tipos), brillo (de -3 a 0 a 3), DSP, modo de aud\u00edfonos.<\/p>\n<\/div>\n<div style=\"font-weight: bold\">Funci\u00f3n de concierto.<\/div>\n<div>\n<p>Cantidad de canciones: 15. Reproducci\u00f3n de canciones con la funci\u00f3n de concierto, obtenidas con una computadora, etc. Volumen de la canci\u00f3n: Presentaci\u00f3n. Reproducci\u00f3n a un 80 % del tempo normal. 2 modos: ESCUCHAR, REPRODUCIR.<\/p>\n<\/div>\n<div style=\"font-weight: bold\">Biblioteca musical.<\/div>\n<div>\n<p>Cantidad de canciones: 60, canciones creadas por el usuario: 10 (hasta aproximadamente 90 KB por canci\u00f3n, aproximadamente 900 KB para 10 canciones). Basada en 1 KB = 1.024 bytes y 1 MB = 1.024 2  bytes. Volumen de la canci\u00f3n: Presentaci\u00f3n. Activar y desactivar parte: I, D.<\/p>\n<\/div>\n<div style=\"font-weight: bold\">Canci\u00f3n de demostraci\u00f3n con un piano de cola.<\/div>\n<div>\n<p>6.<\/p>\n<\/div>\n<div style=\"font-weight: bold\">Grabador MIDI.<\/div>\n<div>\n<p>Funciones: Grabaci\u00f3n en tiempo real, reproducci\u00f3n. Cantidad de canciones: 1. N\u00famero de pistas: 2. Capacidad: Aproximadamente 5.000 notas en total. Protecci\u00f3n de datos grabados: Memoria flash integrada. Nivel de volumen del grabador MIDI: Presentaci\u00f3n.<\/p>\n<\/div>\n<div style=\"font-weight: bold\">Grabador de audio.<\/div>\n<div>\n<p>Grabaci\u00f3n y reproducci\u00f3n en tiempo real en la unidad flash USB. PCM lineal, 16 bits, 44,1 kHz, est\u00e9reo en formato WAV. Canciones: 99 archivos. Aproximadamente 25 minutos como m\u00e1ximo de grabaci\u00f3n por archivo. Nivel de volumen del grabador de audio: Presentaci\u00f3n.<\/p>\n<\/div>\n<div style=\"font-weight: bold\">Metr\u00f3nomo.<\/div>\n<div>\n<p>Compases: de 0 a 9. Intervalo de tempo: de 20 a 255. Nivel de volumen del metr\u00f3nomo: Presentaci\u00f3n.<\/p>\n<\/div>\n<div style=\"font-weight: bold\">Escena.<\/div>\n<div>\n<p>15 ajustes predefinidos, hasta 10 ajustes del usuario.<\/p>\n<\/div>\n<div style=\"font-weight: bold\">Pedales.<\/div>\n<div>\n<p>Sordina (cuenta con funcionamiento con medio pedal), suave, sostenido.<\/p>\n<\/div>\n<div style=\"font-weight: bold\">Otras funciones.<\/div>\n<div>\n<p>Copia de seguridad de los ajustes. Bloqueo de funcionamiento.<\/p>\n<\/div>\n<div style=\"font-weight: bold\">MIDI.<\/div>\n<div>\n<p>Recepci\u00f3n de timbre m\u00faltiple de 16 canales.<\/p>\n<\/div>\n<div style=\"font-weight: bold\">Unidad flash USB.<\/div>\n<div>\n<p>Capacidad: Se recomiendan 32 GB o menos. Reproducci\u00f3n directa en formato SMF, almacenamiento de datos, carga de datos, formato de la unidad flash USB, reproducci\u00f3n y almacenamiento de datos de audio, almacenamiento de escenas.<\/p>\n<\/div>\n<div style=\"font-weight: bold\">Entradas\/salidas.<\/div>\n<div>\n<p>Conector para tel\u00e9fono: 2 conectores est\u00e9reo est\u00e1ndar. Alimentaci\u00f3n: 24V CC. Terminales de entrada y salida MIDI. Conectores de ENTRADA DE L\u00cdNEA R, L \/MONO: 2 conectores est\u00e1ndar\/Impedancia de salida: 9 kilo-ohms, voltaje de entrada: 200 mV. Conectores de SALIDA DE L\u00cdNEA R, L \/MONO: 2 conectores est\u00e1ndar\/Impedancia de salida: 2.3 kilo-ohms, Voltaje de salida: 1,8V (RMS) M\u00c1X. Puerto USB: Tipo B. Puerto para unidades flash USB: Tipo A. Conector para pedal.<\/p>\n<\/div>\n<div style=\"font-weight: bold\">Ac\u00fastica.<\/div>\n<div>\n<p>Salida de amplificador: 2 de 30 W y 2 de 20 W. Altavoces: 2 de 16 cm y 2 de (10 cm y 5 cm). Ecualizador de sincronizaci\u00f3n de volumen (3 tipos, desactivado).<\/p>\n<\/div>\n<div style=\"font-weight: bold\">Requisitos de alimentaci\u00f3n.<\/div>\n<div>\n<p>Adaptador de CA: AD-E24500LW. Apagado autom\u00e1tico: Aproximadamente 4 horas despu\u00e9s de la \u00faltima operaci\u00f3n. El apagado autom\u00e1tico se puede desactivar.<\/p>\n<\/div>\n<div style=\"font-weight: bold\">Energy consumption.<\/div>\n<div>\n<p>38W.<\/p>\n<\/div>\n<div style=\"font-weight: bold\">Dimensions.<\/div>\n<div>\n<p>143.4 x 48.9 x 96.3 cm.<\/p>\n<\/div>\n<div style=\"font-weight: bold\">Weight.<\/div>\n<div>\n<p>Atril para partitura, libro de partitura, banqueta, adaptador de CA (AD-E24500LW).<\/p>\n<\/div>\n<\/div>\n<\/div>","protected":false},"excerpt":{"rendered":"<p>Piano de 88 teclas, respuesta de martillo, sistema de pedal de piano de cola, rendimiento de primera calidad, fuente de sonido AiR Grand, modulaci\u00f3n multidimensional, tres pianos legendarios: piano de cola de Berl\u00edn, piano de cola Hamburgo y piano de cola de Viena, 35 tonos, modo de aud\u00edfonos, polifon\u00eda m\u00e1xima de 256 notas, simulador ac\u00fastico, efectos, 15 canciones, grabador MIDI, unidad flash USB, dimensiones: 143.4 x 48.9 x 96.3 cm, peso: 78.5 kg, incluye atril para partitura, libro de partitura, banqueta y adaptador de corriente.&hellip; <a class=\"kt-excerpt-readmore more-link\" href=\"https:\/\/www.mexicanguitarplayers.com\/en\/tienda\/teclas\/pianos\/pianos-digitales\/piano-casio-celviano-gp-510bp\/\">Read more<\/a><\/p>","protected":false},"featured_media":31988,"comment_status":"open","ping_status":"closed","template":"","meta":{"kt_blocks_editor_width":""},"pwb-brand":[274],"product_brand":[],"product_cat":[377,378,376],"product_tag":[],"class_list":{"0":"post-31993","1":"product","2":"type-product","3":"status-publish","4":"has-post-thumbnail","6":"pwb-brand-casio","7":"product_cat-pianos","8":"product_cat-pianos-digitales","9":"product_cat-teclas","11":"first","12":"instock","13":"taxable","14":"shipping-taxable","15":"purchasable","16":"product-type-simple"},"yoast_head":"<!-- This site is optimized with the Yoast SEO plugin v27.3 - https:\/\/yoast.com\/product\/yoast-seo-wordpress\/ -->\n<title>PIANO CASIO CELVIANO   GP-510BP - Mexican Guitar Players<\/title>\n<meta name=\"description\" content=\"Piano de 88 teclas, respuesta de martillo, sistema de pedal de piano de cola, rendimiento de primera calidad, fuente de sonido AiR Grand, modulaci\u00f3n multidimensional, tres pianos legendarios: piano de cola de Berl\u00edn, piano de cola Hamburgo y piano de cola de Viena, 35 tonos, modo de aud\u00edfonos, polifon\u00eda m\u00e1xima de 256 notas, simulador ac\u00fastico, efectos, 15 canciones, grabador MIDI, unidad flash USB, dimensiones: 143.4 x 48.9 x 96.3 cm, peso: 78.5 kg, incluye atril para partitura, libro de partitura, banqueta y adaptador de corriente.\" \/>\n<meta name=\"robots\" content=\"index, follow, max-snippet:-1, max-image-preview:large, max-video-preview:-1\" \/>\n<link rel=\"canonical\" href=\"https:\/\/www.mexicanguitarplayers.com\/en\/tienda\/sin%20categor\u00eda\/piano-casio-celviano-gp-510bp\/\" \/>\n<meta property=\"og:locale\" content=\"en_US\" \/>\n<meta property=\"og:type\" content=\"article\" \/>\n<meta property=\"og:title\" content=\"PIANO CASIO CELVIANO   GP-510BP - Mexican Guitar Players\" \/>\n<meta property=\"og:description\" content=\"Piano de 88 teclas, respuesta de martillo, sistema de pedal de piano de cola, rendimiento de primera calidad, fuente de sonido AiR Grand, modulaci\u00f3n multidimensional, tres pianos legendarios: piano de cola de Berl\u00edn, piano de cola Hamburgo y piano de cola de Viena, 35 tonos, modo de aud\u00edfonos, polifon\u00eda m\u00e1xima de 256 notas, simulador ac\u00fastico, efectos, 15 canciones, grabador MIDI, unidad flash USB, dimensiones: 143.4 x 48.9 x 96.3 cm, peso: 78.5 kg, incluye atril para partitura, libro de partitura, banqueta y adaptador de corriente.\" \/>\n<meta property=\"og:url\" content=\"https:\/\/www.mexicanguitarplayers.com\/en\/tienda\/sin categor\u00eda\/piano-casio-celviano-gp-510bp\/\" \/>\n<meta property=\"og:site_name\" content=\"Mexican Guitar Players\" \/>\n<meta property=\"article:modified_time\" content=\"2026-04-01T10:15:27+00:00\" \/>\n<meta name=\"twitter:card\" content=\"summary_large_image\" \/>\n<meta name=\"twitter:label1\" content=\"Est. reading time\" \/>\n\t<meta name=\"twitter:data1\" content=\"5 minutes\" \/>\n<script type=\"application\/ld+json\" class=\"yoast-schema-graph\">{\"@context\":\"https:\\\/\\\/schema.org\",\"@graph\":[{\"@type\":[\"WebPage\",\"ItemPage\"],\"@id\":\"https:\\\/\\\/www.mexicanguitarplayers.com\\\/tienda\\\/sin categor\u00eda\\\/piano-casio-celviano-gp-510bp\\\/\",\"url\":\"https:\\\/\\\/www.mexicanguitarplayers.com\\\/tienda\\\/sin categor\u00eda\\\/piano-casio-celviano-gp-510bp\\\/\",\"name\":\"PIANO CASIO CELVIANO GP-510BP - Mexican Guitar Players\",\"isPartOf\":{\"@id\":\"https:\\\/\\\/www.mexicanguitarplayers.com\\\/#website\"},\"primaryImageOfPage\":{\"@id\":\"https:\\\/\\\/www.mexicanguitarplayers.com\\\/tienda\\\/sin categor\u00eda\\\/piano-casio-celviano-gp-510bp\\\/#primaryimage\"},\"image\":{\"@id\":\"https:\\\/\\\/www.mexicanguitarplayers.com\\\/tienda\\\/sin categor\u00eda\\\/piano-casio-celviano-gp-510bp\\\/#primaryimage\"},\"thumbnailUrl\":\"https:\\\/\\\/www.mexicanguitarplayers.com\\\/wp-content\\\/uploads\\\/2025\\\/04\\\/ITCASGP510.jpg\",\"datePublished\":\"2025-04-08T18:59:38+00:00\",\"dateModified\":\"2026-04-01T10:15:27+00:00\",\"description\":\"Piano de 88 teclas, respuesta de martillo, sistema de pedal de piano de cola, rendimiento de primera calidad, fuente de sonido AiR Grand, modulaci\u00f3n multidimensional, tres pianos legendarios: piano de cola de Berl\u00edn, piano de cola Hamburgo y piano de cola de Viena, 35 tonos, modo de aud\u00edfonos, polifon\u00eda m\u00e1xima de 256 notas, simulador ac\u00fastico, efectos, 15 canciones, grabador MIDI, unidad flash USB, dimensiones: 143.4 x 48.9 x 96.3 cm, peso: 78.5 kg, incluye atril para partitura, libro de partitura, banqueta y adaptador de corriente.\",\"breadcrumb\":{\"@id\":\"https:\\\/\\\/www.mexicanguitarplayers.com\\\/tienda\\\/sin categor\u00eda\\\/piano-casio-celviano-gp-510bp\\\/#breadcrumb\"},\"inLanguage\":\"en-US\",\"potentialAction\":[{\"@type\":\"ReadAction\",\"target\":[\"https:\\\/\\\/www.mexicanguitarplayers.com\\\/tienda\\\/sin categor\u00eda\\\/piano-casio-celviano-gp-510bp\\\/\"]}]},{\"@type\":\"ImageObject\",\"inLanguage\":\"en-US\",\"@id\":\"https:\\\/\\\/www.mexicanguitarplayers.com\\\/tienda\\\/sin categor\u00eda\\\/piano-casio-celviano-gp-510bp\\\/#primaryimage\",\"url\":\"https:\\\/\\\/www.mexicanguitarplayers.com\\\/wp-content\\\/uploads\\\/2025\\\/04\\\/ITCASGP510.jpg\",\"contentUrl\":\"https:\\\/\\\/www.mexicanguitarplayers.com\\\/wp-content\\\/uploads\\\/2025\\\/04\\\/ITCASGP510.jpg\",\"width\":1200,\"height\":1200},{\"@type\":\"BreadcrumbList\",\"@id\":\"https:\\\/\\\/www.mexicanguitarplayers.com\\\/tienda\\\/sin categor\u00eda\\\/piano-casio-celviano-gp-510bp\\\/#breadcrumb\",\"itemListElement\":[{\"@type\":\"ListItem\",\"position\":1,\"name\":\"Portada\",\"item\":\"https:\\\/\\\/www.mexicanguitarplayers.com\\\/\"},{\"@type\":\"ListItem\",\"position\":2,\"name\":\"Tienda\",\"item\":\"https:\\\/\\\/www.mexicanguitarplayers.com\\\/tienda\\\/\"},{\"@type\":\"ListItem\",\"position\":3,\"name\":\"PIANO CASIO CELVIANO GP-510BP\"}]},{\"@type\":\"WebSite\",\"@id\":\"https:\\\/\\\/www.mexicanguitarplayers.com\\\/#website\",\"url\":\"https:\\\/\\\/www.mexicanguitarplayers.com\\\/\",\"name\":\"Mexican Guitar Players\",\"description\":\"Website\",\"publisher\":{\"@id\":\"https:\\\/\\\/www.mexicanguitarplayers.com\\\/#organization\"},\"potentialAction\":[{\"@type\":\"SearchAction\",\"target\":{\"@type\":\"EntryPoint\",\"urlTemplate\":\"https:\\\/\\\/www.mexicanguitarplayers.com\\\/?s={search_term_string}\"},\"query-input\":{\"@type\":\"PropertyValueSpecification\",\"valueRequired\":true,\"valueName\":\"search_term_string\"}}],\"inLanguage\":\"en-US\"},{\"@type\":\"Organization\",\"@id\":\"https:\\\/\\\/www.mexicanguitarplayers.com\\\/#organization\",\"name\":\"Mexican Guitar Players\",\"url\":\"https:\\\/\\\/www.mexicanguitarplayers.com\\\/\",\"logo\":{\"@type\":\"ImageObject\",\"inLanguage\":\"en-US\",\"@id\":\"https:\\\/\\\/www.mexicanguitarplayers.com\\\/#\\\/schema\\\/logo\\\/image\\\/\",\"url\":\"\",\"contentUrl\":\"\",\"caption\":\"Mexican Guitar Players\"},\"image\":{\"@id\":\"https:\\\/\\\/www.mexicanguitarplayers.com\\\/#\\\/schema\\\/logo\\\/image\\\/\"}}]}<\/script>\n<!-- \/ Yoast SEO plugin. -->","yoast_head_json":{"title":"PIANO CASIO CELVIANO   GP-510BP - Mexican Guitar Players","description":"Piano de 88 teclas, respuesta de martillo, sistema de pedal de piano de cola, rendimiento de primera calidad, fuente de sonido AiR Grand, modulaci\u00f3n multidimensional, tres pianos legendarios: piano de cola de Berl\u00edn, piano de cola Hamburgo y piano de cola de Viena, 35 tonos, modo de aud\u00edfonos, polifon\u00eda m\u00e1xima de 256 notas, simulador ac\u00fastico, efectos, 15 canciones, grabador MIDI, unidad flash USB, dimensiones: 143.4 x 48.9 x 96.3 cm, peso: 78.5 kg, incluye atril para partitura, libro de partitura, banqueta y adaptador de corriente.","robots":{"index":"index","follow":"follow","max-snippet":"max-snippet:-1","max-image-preview":"max-image-preview:large","max-video-preview":"max-video-preview:-1"},"canonical":"https:\/\/www.mexicanguitarplayers.com\/en\/tienda\/sin categor\u00eda\/piano-casio-celviano-gp-510bp\/","og_locale":"en_US","og_type":"article","og_title":"PIANO CASIO CELVIANO   GP-510BP - Mexican Guitar Players","og_description":"Piano de 88 teclas, respuesta de martillo, sistema de pedal de piano de cola, rendimiento de primera calidad, fuente de sonido AiR Grand, modulaci\u00f3n multidimensional, tres pianos legendarios: piano de cola de Berl\u00edn, piano de cola Hamburgo y piano de cola de Viena, 35 tonos, modo de aud\u00edfonos, polifon\u00eda m\u00e1xima de 256 notas, simulador ac\u00fastico, efectos, 15 canciones, grabador MIDI, unidad flash USB, dimensiones: 143.4 x 48.9 x 96.3 cm, peso: 78.5 kg, incluye atril para partitura, libro de partitura, banqueta y adaptador de corriente.","og_url":"https:\/\/www.mexicanguitarplayers.com\/en\/tienda\/sin categor\u00eda\/piano-casio-celviano-gp-510bp\/","og_site_name":"Mexican Guitar Players","article_modified_time":"2026-04-01T10:15:27+00:00","twitter_card":"summary_large_image","twitter_misc":{"Est. reading time":"5 minutes"},"schema":{"@context":"https:\/\/schema.org","@graph":[{"@type":["WebPage","ItemPage"],"@id":"https:\/\/www.mexicanguitarplayers.com\/tienda\/sin categor\u00eda\/piano-casio-celviano-gp-510bp\/","url":"https:\/\/www.mexicanguitarplayers.com\/tienda\/sin categor\u00eda\/piano-casio-celviano-gp-510bp\/","name":"PIANO CASIO CELVIANO GP-510BP - Mexican Guitar Players","isPartOf":{"@id":"https:\/\/www.mexicanguitarplayers.com\/#website"},"primaryImageOfPage":{"@id":"https:\/\/www.mexicanguitarplayers.com\/tienda\/sin categor\u00eda\/piano-casio-celviano-gp-510bp\/#primaryimage"},"image":{"@id":"https:\/\/www.mexicanguitarplayers.com\/tienda\/sin categor\u00eda\/piano-casio-celviano-gp-510bp\/#primaryimage"},"thumbnailUrl":"https:\/\/www.mexicanguitarplayers.com\/wp-content\/uploads\/2025\/04\/ITCASGP510.jpg","datePublished":"2025-04-08T18:59:38+00:00","dateModified":"2026-04-01T10:15:27+00:00","description":"Piano de 88 teclas, respuesta de martillo, sistema de pedal de piano de cola, rendimiento de primera calidad, fuente de sonido AiR Grand, modulaci\u00f3n multidimensional, tres pianos legendarios: piano de cola de Berl\u00edn, piano de cola Hamburgo y piano de cola de Viena, 35 tonos, modo de aud\u00edfonos, polifon\u00eda m\u00e1xima de 256 notas, simulador ac\u00fastico, efectos, 15 canciones, grabador MIDI, unidad flash USB, dimensiones: 143.4 x 48.9 x 96.3 cm, peso: 78.5 kg, incluye atril para partitura, libro de partitura, banqueta y adaptador de corriente.","breadcrumb":{"@id":"https:\/\/www.mexicanguitarplayers.com\/tienda\/sin categor\u00eda\/piano-casio-celviano-gp-510bp\/#breadcrumb"},"inLanguage":"en-US","potentialAction":[{"@type":"ReadAction","target":["https:\/\/www.mexicanguitarplayers.com\/tienda\/sin categor\u00eda\/piano-casio-celviano-gp-510bp\/"]}]},{"@type":"ImageObject","inLanguage":"en-US","@id":"https:\/\/www.mexicanguitarplayers.com\/tienda\/sin categor\u00eda\/piano-casio-celviano-gp-510bp\/#primaryimage","url":"https:\/\/www.mexicanguitarplayers.com\/wp-content\/uploads\/2025\/04\/ITCASGP510.jpg","contentUrl":"https:\/\/www.mexicanguitarplayers.com\/wp-content\/uploads\/2025\/04\/ITCASGP510.jpg","width":1200,"height":1200},{"@type":"BreadcrumbList","@id":"https:\/\/www.mexicanguitarplayers.com\/tienda\/sin categor\u00eda\/piano-casio-celviano-gp-510bp\/#breadcrumb","itemListElement":[{"@type":"ListItem","position":1,"name":"Portada","item":"https:\/\/www.mexicanguitarplayers.com\/"},{"@type":"ListItem","position":2,"name":"Tienda","item":"https:\/\/www.mexicanguitarplayers.com\/tienda\/"},{"@type":"ListItem","position":3,"name":"PIANO CASIO CELVIANO GP-510BP"}]},{"@type":"WebSite","@id":"https:\/\/www.mexicanguitarplayers.com\/#website","url":"https:\/\/www.mexicanguitarplayers.com\/","name":"Mexican Guitar Players","description":"Website","publisher":{"@id":"https:\/\/www.mexicanguitarplayers.com\/#organization"},"potentialAction":[{"@type":"SearchAction","target":{"@type":"EntryPoint","urlTemplate":"https:\/\/www.mexicanguitarplayers.com\/?s={search_term_string}"},"query-input":{"@type":"PropertyValueSpecification","valueRequired":true,"valueName":"search_term_string"}}],"inLanguage":"en-US"},{"@type":"Organization","@id":"https:\/\/www.mexicanguitarplayers.com\/#organization","name":"Mexican Guitar Players","url":"https:\/\/www.mexicanguitarplayers.com\/","logo":{"@type":"ImageObject","inLanguage":"en-US","@id":"https:\/\/www.mexicanguitarplayers.com\/#\/schema\/logo\/image\/","url":"","contentUrl":"","caption":"Mexican Guitar Players"},"image":{"@id":"https:\/\/www.mexicanguitarplayers.com\/#\/schema\/logo\/image\/"}}]}},"brands":[{"id":274,"name":"CASIO","slug":"casio"}],"_links":{"self":[{"href":"https:\/\/www.mexicanguitarplayers.com\/en\/wp-json\/wp\/v2\/product\/31993","targetHints":{"allow":["GET"]}}],"collection":[{"href":"https:\/\/www.mexicanguitarplayers.com\/en\/wp-json\/wp\/v2\/product"}],"about":[{"href":"https:\/\/www.mexicanguitarplayers.com\/en\/wp-json\/wp\/v2\/types\/product"}],"replies":[{"embeddable":true,"href":"https:\/\/www.mexicanguitarplayers.com\/en\/wp-json\/wp\/v2\/comments?post=31993"}],"wp:featuredmedia":[{"embeddable":true,"href":"https:\/\/www.mexicanguitarplayers.com\/en\/wp-json\/wp\/v2\/media\/31988"}],"wp:attachment":[{"href":"https:\/\/www.mexicanguitarplayers.com\/en\/wp-json\/wp\/v2\/media?parent=31993"}],"wp:term":[{"taxonomy":"pwb-brand","embeddable":true,"href":"https:\/\/www.mexicanguitarplayers.com\/en\/wp-json\/wp\/v2\/pwb-brand?post=31993"},{"taxonomy":"product_brand","embeddable":true,"href":"https:\/\/www.mexicanguitarplayers.com\/en\/wp-json\/wp\/v2\/product_brand?post=31993"},{"taxonomy":"product_cat","embeddable":true,"href":"https:\/\/www.mexicanguitarplayers.com\/en\/wp-json\/wp\/v2\/product_cat?post=31993"},{"taxonomy":"product_tag","embeddable":true,"href":"https:\/\/www.mexicanguitarplayers.com\/en\/wp-json\/wp\/v2\/product_tag?post=31993"}],"curies":[{"name":"wp","href":"https:\/\/api.w.org\/{rel}","templated":true}]}}